{"id":25714,"date":"2020-11-03T00:25:03","date_gmt":"2020-11-05T23:11:47","guid":{"rendered":"https:\/\/landioustravel.com\/?post_type=product&#038;p=25714"},"modified":"2024-02-24T19:17:25","modified_gmt":"2024-02-24T17:17:25","slug":"sakkara-dahshur-resa-kairo","status":"publish","type":"product","link":"https:\/\/landioustravel.com\/sv\/shop\/sakkara-dahshur-resa-kairo\/","title":{"rendered":"Sakkara och Dahshur resa i Kairo"},"content":{"rendered":"<p>Det \u00e4r en underbar dagsutflykt till Pyramid Complex i Giza, Sakkara och Dahshur fr\u00e5n <a href=\"https:\/\/landioustravel.com\/sv\/produkt-tagg\/kairo-sv\/\">Kairo<\/a>! Med gl\u00e4dje rekommenderar vi denna dagsutflykt f\u00f6r det faktum att det g\u00f6r det m\u00f6jligt f\u00f6r turister att se de mest imponerande sev\u00e4rdheterna och monumenten som byggdes under det gamla Egypten _ de gamla egyptiska pyramiderna och den \u00e4ldre stegpyramiden. Det l\u00e5ter ocks\u00e5 l\u00e4ra sig mer om landets historia.<\/p>\n<h2>Huvudpunkterna i det enskilda programmet i Dahshur<\/h2>\n<ul>\n<li>Bes\u00f6k de tre pyramiderna i Giza<\/li>\n<li>The Valley Temple (Mummification Temple)<\/li>\n<li>Ocks\u00e5 den stora sfinxen i pyramidkomplexet<\/li>\n<li>Stegpyramiden av Djoser i Sakkara nekropolis<\/li>\n<li>Lunch<\/li>\n<li>Och pyramiderna i Dahshur<\/li>\n<\/ul>\n<h3>Program f\u00f6r utflykten till Giza-Dahshur i Kairo<\/h3>\n<ul>\n<li>Landious Travel representant h\u00e4mtar dig fr\u00e5n ditt hotell (i Kairo och Giza) runt 08:00 p\u00e5 morgonen<\/li>\n<li>N\u00e4r vi v\u00e4l valt alla som kommer, l\u00e4mnar ditt privata fordon (Limousine eller minibuss) direkt till Giza. V\u00e4gen, fr\u00e5n Kairos centrum till Giza, tar ungef\u00e4r en timme.<\/li>\n<\/ul>\n<h4>Program i Giza<\/h4>\n<ul>\n<li>S\u00e5 fort du anl\u00e4nder till Giza, g\u00e5r du till pyramidkomplexet, d\u00e4r det finns tre stora pyramider av Cheops, Chephren och Mykerinus. Forts\u00e4tt sedan med att bes\u00f6ka Great Sphinx, som g\u00e5r tillbaka till Chephren och bes\u00f6ka Valley Temple. F\u00f6r din bekv\u00e4mlighet visar din guide dem och ger ledig tid f\u00f6r att ta en bild<\/li>\n<\/ul>\n<h4>Program i Sakkara<\/h4>\n<ul>\n<li>Vidare g\u00e5r du till Sakkara efter avslutat bes\u00f6k p\u00e5 Pyramids-komplexet i Giza. P\u00e5 denna intressanta plats kan du njuta av att bes\u00f6ka kung Djoser stegpyramid. Det \u00e4r v\u00e4rldens \u00e4ldsta stora stenstruktur som g\u00e5r tillbaka till tredje dynastin<\/li>\n<li>Lunch kommer strax efter detta fantastiska bes\u00f6k i Sakkara nekropolis<\/li>\n<\/ul>\n<h4>Program i Dahshur<\/h4>\n<ul>\n<li>D\u00e4refter g\u00e5r du till Dahshur f\u00f6r att se den r\u00f6da pyramiden och den b\u00f6jda pyramiden. Dahshur \u00e4r en ber\u00f6md kunglig nekropolis i Egypten som \u00e4r v\u00e4rd f\u00f6r m\u00e5nga ber\u00f6mda pyramider av kung snefru<\/li>\n<li>Slutligen \u00e5ker du tillbaka till dina hotell efter ett s\u00e5dant program i de underbara st\u00e4derna Giza, Dahshur och Sakkara.<\/li>\n<li>Denna &#8221;Sakkara och Dahshur-resa i Kairo&#8221; slutar klockan 16:00<\/li>\n<\/ul>\n<h4>Vad ing\u00e5r i turn\u00e9priset<\/h4>\n<ul>\n<li>Biljetter till bes\u00f6kande tempel<\/li>\n<li>Drycker<\/li>\n<li>Privat guide<\/li>\n<li>\u00c4ven privat luftkonditionerat fordon<\/li>\n<\/ul>\n<h5>Vad ing\u00e5r inte i priset f\u00f6r turn\u00e9n<\/h5>\n<ul>\n<li>Ytterligare program om de inte ing\u00e5r i ovanst\u00e5ende program<\/li>\n<\/ul>\n<h6>VAD DU ska ta med dig f\u00f6r resan<\/h6>\n<ul>\n<li>Solglas\u00f6gon<\/li>\n<li>Ocks\u00e5 kl\u00e4der f\u00f6r s\u00e4songen<\/li>\n<\/ul>\n<h6>DAGAR F\u00d6R UTFLYTTSORGANISATION<\/h6>\n<ul>\n<li>Dagligen fr\u00e5n kl. 08.00 till 12.00<\/li>\n<\/ul>\n","protected":false},"excerpt":{"rendered":"<p>N\u00e4r du ger dig ut p\u00e5 denna turn\u00e9, g\u00f6r dig redo att utforska n\u00e5gra av de mest anm\u00e4rkningsv\u00e4rda pyramiderna i Egypten. Du kommer att kunna bes\u00f6ka de tre magnifika pyramiderna i Giza, daltemplet och den stora sfinxen i pyramidkomplexet. Dessutom kommer du att ha m\u00f6jlighet att utforska Step Pyramid of Djoser p\u00e5 Sakkara Cemetery och pyramiderna i Dahshur. Du kommer ocks\u00e5 att njuta av en uts\u00f6kt lunch som ing\u00e5r i resans pris. De flesta bes\u00f6kare till Egypten f\u00e5r bara se pyramiderna i Giza, men p\u00e5 denna turn\u00e9 kommer du att kunna utforska n\u00e5gra av de mindre bes\u00f6kta pyramiderna i Saqqara, Dahshur och Memphis. Med en egyptologs expertis kommer du att turnera i Djosers pyramiden i Saqqara, den b\u00f6jda pyramiden och den r\u00f6da pyramiden i Dahshur, s\u00e5v\u00e4l som Memphis, som brukade vara huvudstaden i det antika Egypten. Problemfri h\u00e4mtning och avl\u00e4mning fr\u00e5n ditt hotell i Kairo eller Giza kommer att tillhandah\u00e5llas, och du kommer att ha m\u00f6jlighet att v\u00e4lja mellan olika avg\u00e5ngstider som passar ditt schema. G\u00f6r dig redo att uppleva underverken i Egyptens pyramider med en expertguide!<\/p>\n","protected":false},"featured_media":25695,"comment_status":"open","ping_status":"closed","template":"","meta":{"_coblocks_attr":"","_coblocks_dimensions":"","_coblocks_responsive_height":"","_coblocks_accordion_ie_support":"","_uag_custom_page_level_css":"","jetpack_publicize_message":"","jetpack_publicize_feature_enabled":true,"jetpack_social_post_already_shared":true,"jetpack_social_options":{"image_generator_settings":{"template":"highway","default_image_id":0,"font":"","enabled":false},"version":2},"_wpas_customize_per_network":false},"product_brand":[],"product_cat":[18883],"product_tag":[18974,19015,19027,19030,18998],"class_list":{"0":"post-25714","1":"product","2":"type-product","3":"status-publish","4":"has-post-thumbnail","6":"product_cat-kairo-utflykter","7":"product_tag-kairo-sv","8":"product_tag-pyramider","9":"product_tag-sightseeing-sv","10":"product_tag-sphinx-sv","11":"product_tag-utflykt","13":"first","14":"instock","15":"sale","16":"taxable","17":"shipping-taxable","18":"purchasable","19":"product-type-variable"},"yoast_head":"<!-- This site is optimized with the Yoast SEO Premium plugin v26.9 (Yoast SEO v27.5) - https:\/\/yoast.com\/product\/yoast-seo-premium-wordpress\/ -->\n<title>Sakkara och Dahshur resa i Kairo - G\u00e5 igenom historia<\/title>\n<meta name=\"description\" content=\"Sakkara och Dahshur resa i Kairo Resan ger dig m\u00f6jlighet att bes\u00f6ka de tre pyramiderna i Giza, Valley Temple (Mummification Temple), den stora sfinxen i\" \/>\n<meta name=\"robots\" content=\"index, follow, max-snippet:-1, max-image-preview:large, max-video-preview:-1\" \/>\n<link rel=\"canonical\" href=\"https:\/\/landioustravel.com\/sv\/shop\/sakkara-dahshur-resa-kairo\/\" \/>\n<meta property=\"og:locale\" content=\"sv_SE\" \/>\n<meta property=\"og:type\" content=\"article\" \/>\n<meta property=\"og:title\" content=\"Sakkara och Dahshur resa i Kairo\" \/>\n<meta property=\"og:description\" content=\"Landious Travel\" \/>\n<meta property=\"og:url\" content=\"https:\/\/landioustravel.com\/sv\/shop\/sakkara-dahshur-resa-kairo\/\" \/>\n<meta property=\"og:site_name\" content=\"Landious Travel\" \/>\n<meta property=\"article:publisher\" content=\"https:\/\/web.facebook.com\/landiousEgypt\" \/>\n<meta property=\"article:modified_time\" content=\"2024-02-24T17:17:25+00:00\" \/>\n<meta property=\"og:image\" content=\"https:\/\/i0.wp.com\/landioustravel.com\/wp-content\/uploads\/2020\/11\/bent_pyramid_of_snefru-e1604528924508.jpg?fit=1200%2C783&ssl=1\" \/>\n\t<meta property=\"og:image:width\" content=\"1200\" \/>\n\t<meta property=\"og:image:height\" content=\"783\" \/>\n\t<meta property=\"og:image:type\" content=\"image\/jpeg\" \/>\n<meta name=\"twitter:card\" content=\"summary_large_image\" \/>\n<meta name=\"twitter:site\" content=\"@LandiousTours\" \/>\n<meta name=\"twitter:label1\" content=\"Ber\u00e4knad l\u00e4stid\" \/>\n\t<meta name=\"twitter:data1\" content=\"2 minuter\" \/>\n<script type=\"application\/ld+json\" class=\"yoast-schema-graph\">{\"@context\":\"https:\\\/\\\/schema.org\",\"@graph\":[{\"@type\":\"WebPage\",\"@id\":\"https:\\\/\\\/landioustravel.com\\\/sv\\\/shop\\\/sakkara-dahshur-resa-kairo\\\/\",\"url\":\"https:\\\/\\\/landioustravel.com\\\/sv\\\/shop\\\/sakkara-dahshur-resa-kairo\\\/\",\"name\":\"Sakkara och Dahshur resa i Kairo - G\u00e5 igenom historia\",\"isPartOf\":{\"@id\":\"https:\\\/\\\/landioustravel.com\\\/sv\\\/#website\"},\"primaryImageOfPage\":{\"@id\":\"https:\\\/\\\/landioustravel.com\\\/sv\\\/shop\\\/sakkara-dahshur-resa-kairo\\\/#primaryimage\"},\"image\":{\"@id\":\"https:\\\/\\\/landioustravel.com\\\/sv\\\/shop\\\/sakkara-dahshur-resa-kairo\\\/#primaryimage\"},\"thumbnailUrl\":\"https:\\\/\\\/i0.wp.com\\\/landioustravel.com\\\/wp-content\\\/uploads\\\/2020\\\/11\\\/bent_pyramid_of_snefru-e1604528924508.jpg?fit=1200%2C783&ssl=1\",\"datePublished\":\"2020-11-05T23:11:47+00:00\",\"dateModified\":\"2024-02-24T17:17:25+00:00\",\"description\":\"Sakkara och Dahshur resa i Kairo Resan ger dig m\u00f6jlighet att bes\u00f6ka de tre pyramiderna i Giza, Valley Temple (Mummification Temple), den stora sfinxen i\",\"breadcrumb\":{\"@id\":\"https:\\\/\\\/landioustravel.com\\\/sv\\\/shop\\\/sakkara-dahshur-resa-kairo\\\/#breadcrumb\"},\"inLanguage\":\"sv-SE\",\"potentialAction\":[{\"@type\":\"ReadAction\",\"target\":[\"https:\\\/\\\/landioustravel.com\\\/sv\\\/shop\\\/sakkara-dahshur-resa-kairo\\\/\"]}]},{\"@type\":\"ImageObject\",\"inLanguage\":\"sv-SE\",\"@id\":\"https:\\\/\\\/landioustravel.com\\\/sv\\\/shop\\\/sakkara-dahshur-resa-kairo\\\/#primaryimage\",\"url\":\"https:\\\/\\\/i0.wp.com\\\/landioustravel.com\\\/wp-content\\\/uploads\\\/2020\\\/11\\\/bent_pyramid_of_snefru-e1604528924508.jpg?fit=1200%2C783&ssl=1\",\"contentUrl\":\"https:\\\/\\\/i0.wp.com\\\/landioustravel.com\\\/wp-content\\\/uploads\\\/2020\\\/11\\\/bent_pyramid_of_snefru-e1604528924508.jpg?fit=1200%2C783&ssl=1\",\"width\":1200,\"height\":783,\"caption\":\"Sakkara and Dahshur Trip in Cairo\"},{\"@type\":\"BreadcrumbList\",\"@id\":\"https:\\\/\\\/landioustravel.com\\\/sv\\\/shop\\\/sakkara-dahshur-resa-kairo\\\/#breadcrumb\",\"itemListElement\":[{\"@type\":\"ListItem\",\"position\":1,\"name\":\"Home\",\"item\":\"https:\\\/\\\/landioustravel.com\\\/sv\\\/\"},{\"@type\":\"ListItem\",\"position\":2,\"name\":\"Tj\u00e4nster &#038; turer\",\"item\":\"https:\\\/\\\/landioustravel.com\\\/sv\\\/\"},{\"@type\":\"ListItem\",\"position\":3,\"name\":\"Sakkara och Dahshur resa i Kairo\"}]},{\"@type\":\"WebSite\",\"@id\":\"https:\\\/\\\/landioustravel.com\\\/sv\\\/#website\",\"url\":\"https:\\\/\\\/landioustravel.com\\\/sv\\\/\",\"name\":\"Landious Travel\",\"description\":\"Excursions, trips and cruises in Egypt\",\"publisher\":{\"@id\":\"https:\\\/\\\/landioustravel.com\\\/sv\\\/#organization\"},\"potentialAction\":[{\"@type\":\"SearchAction\",\"target\":{\"@type\":\"EntryPoint\",\"urlTemplate\":\"https:\\\/\\\/landioustravel.com\\\/sv\\\/?s={search_term_string}\"},\"query-input\":{\"@type\":\"PropertyValueSpecification\",\"valueRequired\":true,\"valueName\":\"search_term_string\"}}],\"inLanguage\":\"sv-SE\"},{\"@type\":[\"Organization\",\"Place\"],\"@id\":\"https:\\\/\\\/landioustravel.com\\\/sv\\\/#organization\",\"name\":\"Landious Travel\",\"alternateName\":\"Landious Travel\",\"url\":\"https:\\\/\\\/landioustravel.com\\\/sv\\\/\",\"logo\":{\"@id\":\"https:\\\/\\\/landioustravel.com\\\/sv\\\/shop\\\/sakkara-dahshur-resa-kairo\\\/#local-main-organization-logo\"},\"image\":{\"@id\":\"https:\\\/\\\/landioustravel.com\\\/sv\\\/shop\\\/sakkara-dahshur-resa-kairo\\\/#local-main-organization-logo\"},\"sameAs\":[\"https:\\\/\\\/web.facebook.com\\\/landiousEgypt\",\"https:\\\/\\\/x.com\\\/LandiousTours\",\"https:\\\/\\\/mastodon.social\\\/@landious\"],\"legalName\":\"Landious Travel\",\"telephone\":[],\"openingHoursSpecification\":[{\"@type\":\"OpeningHoursSpecification\",\"dayOfWeek\":[\"Monday\",\"Tuesday\",\"Wednesday\",\"Thursday\",\"Friday\",\"Saturday\",\"Sunday\"],\"opens\":\"09:00\",\"closes\":\"17:00\"}]},{\"@type\":\"ImageObject\",\"inLanguage\":\"sv-SE\",\"@id\":\"https:\\\/\\\/landioustravel.com\\\/sv\\\/shop\\\/sakkara-dahshur-resa-kairo\\\/#local-main-organization-logo\",\"url\":\"https:\\\/\\\/i0.wp.com\\\/landioustravel.com\\\/wp-content\\\/uploads\\\/2021\\\/06\\\/Landious-T.png?fit=500%2C500&ssl=1\",\"contentUrl\":\"https:\\\/\\\/i0.wp.com\\\/landioustravel.com\\\/wp-content\\\/uploads\\\/2021\\\/06\\\/Landious-T.png?fit=500%2C500&ssl=1\",\"width\":500,\"height\":500,\"caption\":\"Landious Travel\"}]}<\/script>\n<!-- \/ Yoast SEO Premium plugin. -->","yoast_head_json":{"title":"Sakkara och Dahshur resa i Kairo - G\u00e5 igenom historia","description":"Sakkara och Dahshur resa i Kairo Resan ger dig m\u00f6jlighet att bes\u00f6ka de tre pyramiderna i Giza, Valley Temple (Mummification Temple), den stora sfinxen i","robots":{"index":"index","follow":"follow","max-snippet":"max-snippet:-1","max-image-preview":"max-image-preview:large","max-video-preview":"max-video-preview:-1"},"canonical":"https:\/\/landioustravel.com\/sv\/shop\/sakkara-dahshur-resa-kairo\/","og_locale":"sv_SE","og_type":"article","og_title":"Sakkara och Dahshur resa i Kairo","og_description":"Landious Travel","og_url":"https:\/\/landioustravel.com\/sv\/shop\/sakkara-dahshur-resa-kairo\/","og_site_name":"Landious Travel","article_publisher":"https:\/\/web.facebook.com\/landiousEgypt","article_modified_time":"2024-02-24T17:17:25+00:00","og_image":[{"width":1200,"height":783,"url":"https:\/\/i0.wp.com\/landioustravel.com\/wp-content\/uploads\/2020\/11\/bent_pyramid_of_snefru-e1604528924508.jpg?fit=1200%2C783&ssl=1","type":"image\/jpeg"}],"twitter_card":"summary_large_image","twitter_site":"@LandiousTours","twitter_misc":{"Ber\u00e4knad l\u00e4stid":"2 minuter"},"schema":{"@context":"https:\/\/schema.org","@graph":[{"@type":"WebPage","@id":"https:\/\/landioustravel.com\/sv\/shop\/sakkara-dahshur-resa-kairo\/","url":"https:\/\/landioustravel.com\/sv\/shop\/sakkara-dahshur-resa-kairo\/","name":"Sakkara och Dahshur resa i Kairo - G\u00e5 igenom historia","isPartOf":{"@id":"https:\/\/landioustravel.com\/sv\/#website"},"primaryImageOfPage":{"@id":"https:\/\/landioustravel.com\/sv\/shop\/sakkara-dahshur-resa-kairo\/#primaryimage"},"image":{"@id":"https:\/\/landioustravel.com\/sv\/shop\/sakkara-dahshur-resa-kairo\/#primaryimage"},"thumbnailUrl":"https:\/\/i0.wp.com\/landioustravel.com\/wp-content\/uploads\/2020\/11\/bent_pyramid_of_snefru-e1604528924508.jpg?fit=1200%2C783&ssl=1","datePublished":"2020-11-05T23:11:47+00:00","dateModified":"2024-02-24T17:17:25+00:00","description":"Sakkara och Dahshur resa i Kairo Resan ger dig m\u00f6jlighet att bes\u00f6ka de tre pyramiderna i Giza, Valley Temple (Mummification Temple), den stora sfinxen i","breadcrumb":{"@id":"https:\/\/landioustravel.com\/sv\/shop\/sakkara-dahshur-resa-kairo\/#breadcrumb"},"inLanguage":"sv-SE","potentialAction":[{"@type":"ReadAction","target":["https:\/\/landioustravel.com\/sv\/shop\/sakkara-dahshur-resa-kairo\/"]}]},{"@type":"ImageObject","inLanguage":"sv-SE","@id":"https:\/\/landioustravel.com\/sv\/shop\/sakkara-dahshur-resa-kairo\/#primaryimage","url":"https:\/\/i0.wp.com\/landioustravel.com\/wp-content\/uploads\/2020\/11\/bent_pyramid_of_snefru-e1604528924508.jpg?fit=1200%2C783&ssl=1","contentUrl":"https:\/\/i0.wp.com\/landioustravel.com\/wp-content\/uploads\/2020\/11\/bent_pyramid_of_snefru-e1604528924508.jpg?fit=1200%2C783&ssl=1","width":1200,"height":783,"caption":"Sakkara and Dahshur Trip in Cairo"},{"@type":"BreadcrumbList","@id":"https:\/\/landioustravel.com\/sv\/shop\/sakkara-dahshur-resa-kairo\/#breadcrumb","itemListElement":[{"@type":"ListItem","position":1,"name":"Home","item":"https:\/\/landioustravel.com\/sv\/"},{"@type":"ListItem","position":2,"name":"Tj\u00e4nster &#038; turer","item":"https:\/\/landioustravel.com\/sv\/"},{"@type":"ListItem","position":3,"name":"Sakkara och Dahshur resa i Kairo"}]},{"@type":"WebSite","@id":"https:\/\/landioustravel.com\/sv\/#website","url":"https:\/\/landioustravel.com\/sv\/","name":"Landious Travel","description":"Excursions, trips and cruises in Egypt","publisher":{"@id":"https:\/\/landioustravel.com\/sv\/#organization"},"potentialAction":[{"@type":"SearchAction","target":{"@type":"EntryPoint","urlTemplate":"https:\/\/landioustravel.com\/sv\/?s={search_term_string}"},"query-input":{"@type":"PropertyValueSpecification","valueRequired":true,"valueName":"search_term_string"}}],"inLanguage":"sv-SE"},{"@type":["Organization","Place"],"@id":"https:\/\/landioustravel.com\/sv\/#organization","name":"Landious Travel","alternateName":"Landious Travel","url":"https:\/\/landioustravel.com\/sv\/","logo":{"@id":"https:\/\/landioustravel.com\/sv\/shop\/sakkara-dahshur-resa-kairo\/#local-main-organization-logo"},"image":{"@id":"https:\/\/landioustravel.com\/sv\/shop\/sakkara-dahshur-resa-kairo\/#local-main-organization-logo"},"sameAs":["https:\/\/web.facebook.com\/landiousEgypt","https:\/\/x.com\/LandiousTours","https:\/\/mastodon.social\/@landious"],"legalName":"Landious Travel","telephone":[],"openingHoursSpecification":[{"@type":"OpeningHoursSpecification","dayOfWeek":["Monday","Tuesday","Wednesday","Thursday","Friday","Saturday","Sunday"],"opens":"09:00","closes":"17:00"}]},{"@type":"ImageObject","inLanguage":"sv-SE","@id":"https:\/\/landioustravel.com\/sv\/shop\/sakkara-dahshur-resa-kairo\/#local-main-organization-logo","url":"https:\/\/i0.wp.com\/landioustravel.com\/wp-content\/uploads\/2021\/06\/Landious-T.png?fit=500%2C500&ssl=1","contentUrl":"https:\/\/i0.wp.com\/landioustravel.com\/wp-content\/uploads\/2021\/06\/Landious-T.png?fit=500%2C500&ssl=1","width":500,"height":500,"caption":"Landious Travel"}]}},"jetpack_publicize_connections":[],"uagb_featured_image_src":{"full":["https:\/\/i0.wp.com\/landioustravel.com\/wp-content\/uploads\/2020\/11\/bent_pyramid_of_snefru-e1604528924508.jpg?fit=1200%2C783&ssl=1",1200,783,false],"thumbnail":["https:\/\/i0.wp.com\/landioustravel.com\/wp-content\/uploads\/2020\/11\/bent_pyramid_of_snefru-e1604528924508.jpg?resize=150%2C150&ssl=1",150,150,true],"medium":["https:\/\/i0.wp.com\/landioustravel.com\/wp-content\/uploads\/2020\/11\/bent_pyramid_of_snefru-e1604528924508.jpg?fit=300%2C196&ssl=1",300,196,true],"medium_large":["https:\/\/i0.wp.com\/landioustravel.com\/wp-content\/uploads\/2020\/11\/bent_pyramid_of_snefru-e1604528924508.jpg?fit=768%2C501&ssl=1",768,501,true],"large":["https:\/\/i0.wp.com\/landioustravel.com\/wp-content\/uploads\/2020\/11\/bent_pyramid_of_snefru-e1604528924508.jpg?fit=980%2C639&ssl=1",980,639,true],"1536x1536":["https:\/\/i0.wp.com\/landioustravel.com\/wp-content\/uploads\/2020\/11\/bent_pyramid_of_snefru-e1604528924508.jpg?fit=1536%2C1003&ssl=1",1536,1003,true],"2048x2048":["https:\/\/i0.wp.com\/landioustravel.com\/wp-content\/uploads\/2020\/11\/bent_pyramid_of_snefru-e1604528924508.jpg?fit=2048%2C1337&ssl=1",2048,1337,true],"newspack-article-block-landscape-large":["https:\/\/i0.wp.com\/landioustravel.com\/wp-content\/uploads\/2020\/11\/bent_pyramid_of_snefru-e1604528924508.jpg?resize=1200%2C783&ssl=1",1200,900,true],"newspack-article-block-portrait-large":["https:\/\/i0.wp.com\/landioustravel.com\/wp-content\/uploads\/2020\/11\/bent_pyramid_of_snefru-e1604528924508.jpg?resize=900%2C783&ssl=1",900,783,true],"newspack-article-block-square-large":["https:\/\/i0.wp.com\/landioustravel.com\/wp-content\/uploads\/2020\/11\/bent_pyramid_of_snefru-e1604528924508.jpg?resize=1200%2C783&ssl=1",1200,1200,true],"newspack-article-block-landscape-medium":["https:\/\/i0.wp.com\/landioustravel.com\/wp-content\/uploads\/2020\/11\/bent_pyramid_of_snefru-e1604528924508.jpg?resize=800%2C600&ssl=1",800,600,true],"newspack-article-block-portrait-medium":["https:\/\/i0.wp.com\/landioustravel.com\/wp-content\/uploads\/2020\/11\/bent_pyramid_of_snefru-e1604528924508.jpg?resize=600%2C783&ssl=1",600,783,true],"newspack-article-block-square-medium":["https:\/\/i0.wp.com\/landioustravel.com\/wp-content\/uploads\/2020\/11\/bent_pyramid_of_snefru-e1604528924508.jpg?resize=800%2C783&ssl=1",800,783,true],"newspack-article-block-landscape-intermediate":["https:\/\/i0.wp.com\/landioustravel.com\/wp-content\/uploads\/2020\/11\/bent_pyramid_of_snefru-e1604528924508.jpg?resize=600%2C450&ssl=1",600,450,true],"newspack-article-block-portrait-intermediate":["https:\/\/i0.wp.com\/landioustravel.com\/wp-content\/uploads\/2020\/11\/bent_pyramid_of_snefru-e1604528924508.jpg?resize=450%2C600&ssl=1",450,600,true],"newspack-article-block-square-intermediate":["https:\/\/i0.wp.com\/landioustravel.com\/wp-content\/uploads\/2020\/11\/bent_pyramid_of_snefru-e1604528924508.jpg?resize=600%2C600&ssl=1",600,600,true],"newspack-article-block-landscape-small":["https:\/\/i0.wp.com\/landioustravel.com\/wp-content\/uploads\/2020\/11\/bent_pyramid_of_snefru-e1604528924508.jpg?resize=400%2C300&ssl=1",400,300,true],"newspack-article-block-portrait-small":["https:\/\/i0.wp.com\/landioustravel.com\/wp-content\/uploads\/2020\/11\/bent_pyramid_of_snefru-e1604528924508.jpg?resize=300%2C400&ssl=1",300,400,true],"newspack-article-block-square-small":["https:\/\/i0.wp.com\/landioustravel.com\/wp-content\/uploads\/2020\/11\/bent_pyramid_of_snefru-e1604528924508.jpg?resize=400%2C400&ssl=1",400,400,true],"newspack-article-block-landscape-tiny":["https:\/\/i0.wp.com\/landioustravel.com\/wp-content\/uploads\/2020\/11\/bent_pyramid_of_snefru-e1604528924508.jpg?resize=200%2C150&ssl=1",200,150,true],"newspack-article-block-portrait-tiny":["https:\/\/i0.wp.com\/landioustravel.com\/wp-content\/uploads\/2020\/11\/bent_pyramid_of_snefru-e1604528924508.jpg?resize=150%2C200&ssl=1",150,200,true],"newspack-article-block-square-tiny":["https:\/\/i0.wp.com\/landioustravel.com\/wp-content\/uploads\/2020\/11\/bent_pyramid_of_snefru-e1604528924508.jpg?resize=200%2C200&ssl=1",200,200,true],"newspack-article-block-uncropped":["https:\/\/i0.wp.com\/landioustravel.com\/wp-content\/uploads\/2020\/11\/bent_pyramid_of_snefru-e1604528924508.jpg?fit=1200%2C783&ssl=1",1200,783,true],"woocommerce_thumbnail":["https:\/\/i0.wp.com\/landioustravel.com\/wp-content\/uploads\/2020\/11\/bent_pyramid_of_snefru-e1604528924508.jpg?resize=324%2C324&ssl=1",324,324,true],"woocommerce_single":["https:\/\/i0.wp.com\/landioustravel.com\/wp-content\/uploads\/2020\/11\/bent_pyramid_of_snefru-e1604528924508.jpg?fit=416%2C271&ssl=1",416,271,true],"woocommerce_gallery_thumbnail":["https:\/\/i0.wp.com\/landioustravel.com\/wp-content\/uploads\/2020\/11\/bent_pyramid_of_snefru-e1604528924508.jpg?resize=100%2C100&ssl=1",100,100,true]},"uagb_author_info":{"display_name":"Mofreh Landious","author_link":"https:\/\/landioustravel.com\/sv\/author\/"},"uagb_comment_info":2,"uagb_excerpt":"N\u00e4r du ger dig ut p\u00e5 denna turn\u00e9, g\u00f6r dig redo att utforska n\u00e5gra av de mest anm\u00e4rkningsv\u00e4rda pyramiderna i Egypten. Du kommer att kunna bes\u00f6ka de tre magnifika pyramiderna i Giza, daltemplet och den stora sfinxen i pyramidkomplexet. Dessutom kommer du att ha m\u00f6jlighet att utforska Step Pyramid of Djoser p\u00e5 Sakkara Cemetery och&hellip;","jetpack_sharing_enabled":true,"jetpack_likes_enabled":true,"amp_enabled":true,"_links":{"self":[{"href":"https:\/\/landioustravel.com\/sv\/wp-json\/wp\/v2\/product\/25714","targetHints":{"allow":["GET"]}}],"collection":[{"href":"https:\/\/landioustravel.com\/sv\/wp-json\/wp\/v2\/product"}],"about":[{"href":"https:\/\/landioustravel.com\/sv\/wp-json\/wp\/v2\/types\/product"}],"replies":[{"embeddable":true,"href":"https:\/\/landioustravel.com\/sv\/wp-json\/wp\/v2\/comments?post=25714"}],"wp:featuredmedia":[{"embeddable":true,"href":"https:\/\/landioustravel.com\/sv\/wp-json\/wp\/v2\/media\/25695"}],"wp:attachment":[{"href":"https:\/\/landioustravel.com\/sv\/wp-json\/wp\/v2\/media?parent=25714"}],"wp:term":[{"taxonomy":"product_brand","embeddable":true,"href":"https:\/\/landioustravel.com\/sv\/wp-json\/wp\/v2\/product_brand?post=25714"},{"taxonomy":"product_cat","embeddable":true,"href":"https:\/\/landioustravel.com\/sv\/wp-json\/wp\/v2\/product_cat?post=25714"},{"taxonomy":"product_tag","embeddable":true,"href":"https:\/\/landioustravel.com\/sv\/wp-json\/wp\/v2\/product_tag?post=25714"}],"curies":[{"name":"wp","href":"https:\/\/api.w.org\/{rel}","templated":true}]}}