{"id":25759,"date":"2020-11-08T05:27:27","date_gmt":"2020-11-08T21:03:09","guid":{"rendered":"https:\/\/landioustravel.com\/?post_type=product&#038;p=25759"},"modified":"2024-09-30T20:13:32","modified_gmt":"2024-09-30T17:13:32","slug":"resa-aswan-abu-simbel-safaga","status":"publish","type":"product","link":"https:\/\/landioustravel.com\/sv\/shop\/resa-aswan-abu-simbel-safaga\/","title":{"rendered":"Resa till Aswan och Abu Simbel fr\u00e5n Safaga"},"content":{"rendered":"<p>En underbar utflykt till Aswan och Abu Simbel fr\u00e5n Safaga, Egypten! Vi rekommenderar en resa p\u00e5 grund av det faktum att turister kan se ett stort antal forntida egyptiska attraktioner och att veta mer om landets historia. Vi rekommenderar det till alla som gillar sightseeingaktiviteter i Egypten.<\/p>\n<h2>Huvudpunkterna i utflyktsprogrammet till Aswan<\/h2>\n<ul>\n<li>H\u00f6g damm<\/li>\n<li>Philae-templet<\/li>\n<li>Oavslutad obelisk<\/li>\n<li>Nile Picnic med egyptiska Felucca<\/li>\n<li>Abu Simbels tempel<\/li>\n<\/ul>\n<h3>Utflyktsprogram till Aswan &#8211; Abu Simbel fr\u00e5n Safaga<\/h3>\n<ul>\n<li>Landious Travel-representant h\u00e4mtar dig fr\u00e5n hotellet i Safaga klockan 00:30 p\u00e5 morgonen<\/li>\n<li>Efter att ha h\u00e4mtat alla bes\u00f6kare avg\u00e5r bussen mot Aswan och passerar kustst\u00e4derna Safaga, Al-Quseir och Marsa Alam. och p\u00e5 v\u00e4g till de dalst\u00e4derna Edfu och Kom Ombo. Staden Edfu ligger 120 kilometer s\u00f6der om Marsa Alam, vid floden Nilen. Staden Kom Ombo ligger 220 km bort i Nildalen. V\u00e4gen, fr\u00e5n centrum av Hurghada till Aswan, tar cirka 9 timmar<\/li>\n<\/ul>\n<h4>F\u00f6rsta dagsprogrammet i Aswan<\/h4>\n<ul>\n<li>S\u00e5 snart du anl\u00e4nder till Aswan visar vi dig gudinnan Isis tempel p\u00e5 \u00f6n Philae<\/li>\n<li>Sedan g\u00e5r vi vidare till High Dam efter att ha bes\u00f6kt de komplexa templen i Philae<\/li>\n<li>D\u00e4refter kan du bes\u00f6ka drottning Hatsheputs oavslutade obelisk<\/li>\n<li>Slutligen kan du njuta av din lunch innan du eskorterar dig tillbaka till ditt hotell i Aswan<\/li>\n<\/ul>\n<h4>Andra dagsprogrammet i Abu Simbel<\/h4>\n<ul>\n<li>P\u00e5 morgonen din andra dag i Aswan h\u00e4mtar vi dig fr\u00e5n ditt hotell kl. 04.00 f\u00f6r att resa till Abu Simbel. Det \u00e4r v\u00e4rt att notera att det tar 3 timmar att k\u00f6ra till Abu Simbels tempel<\/li>\n<li>N\u00e4r du v\u00e4l kom till Abu Simbel b\u00f6rjar vi visa dig de fantastiska templen i Ramses II<\/li>\n<li>I slutet av detta bes\u00f6k b\u00f6rjar vi k\u00f6ra tillbaka till Aswan<\/li>\n<li>I Aswan kommer du att njuta av din lunch<\/li>\n<li>V\u00e5r buss g\u00e5r tillbaka till Safaga, efter ett s\u00e5dant program i den underbara staden Aswan<\/li>\n<li>Denna &#8221;resa till Aswan och Abu Simbel fr\u00e5n Safaga&#8221; slutar cirka 24:00<\/li>\n<\/ul>\n<h4>Vad ing\u00e5r i resepriset<\/h4>\n<ul>\n<li>Biljetter till bes\u00f6kande tempel<\/li>\n<li>Lunch<\/li>\n<li>Guide<\/li>\n<li>\u00d6verf\u00f6r ocks\u00e5 till Aswan &#8211; Abu Simbel och tillbaka till hotellet<\/li>\n<\/ul>\n<h5>Vad ing\u00e5r inte i priset f\u00f6r turn\u00e9n<\/h5>\n<ul>\n<li>Ytterligare utflyktsprogram<\/li>\n<li>Ocks\u00e5, drycker<\/li>\n<\/ul>\n<h6>Vad du ska ta med dig f\u00f6r resan<\/h6>\n<ul>\n<li>Frukostl\u00e5da<\/li>\n<li>Pass<\/li>\n<li>Ocks\u00e5 kl\u00e4der f\u00f6r s\u00e4songen<\/li>\n<\/ul>\n<h6>Dagar med utflyktsorganisation<\/h6>\n<ul>\n<li>Dagligen fr\u00e5n 00:30 &#8211; 24:00 n\u00e4sta dag<\/li>\n<\/ul>\n","protected":false},"excerpt":{"rendered":"<p>Under resan kommer du att ha m\u00f6jlighet att utforska olika sev\u00e4rdheter och delta i sightseeingaktiviteter. Du kan bes\u00f6ka Aswans attraktioner och till och med resa vidare till Nubien f\u00f6r att se templen i Abu Simbel. Turn\u00e9n inkluderar bes\u00f6k p\u00e5 flera landm\u00e4rken som High Dam, Temple of Goddess Isis som ligger p\u00e5 Philae Island, The Unfinished Obelisk of Hatshepsut och Ramses II-templen. Du kan ocks\u00e5 njuta av en h\u00e4rlig Nilen-picknick p\u00e5 Felucca. Turens pris inkluderar b\u00e5de mat och logi.<\/p>\n<p>Om du \u00e4r intresserad av att utforska det antika tempelkomplexet Abu Simbel p\u00e5 djupet, kan du v\u00e4lja en privat heldagstur. Du kommer att vara bekv\u00e4m under resan, eftersom du kommer att resa med luftkonditionerad bil, och du kommer att h\u00e4mtas och sl\u00e4ppas av p\u00e5 ditt hotell. Under turn\u00e9n kommer en egyptologutbildad guide att f\u00f6lja med dig och f\u00f6rse dig med fascinerande ber\u00e4ttelser och information om de \u00e5rtusenden gamla strukturer du kommer att st\u00f6ta p\u00e5, som Ramses II-templet. I slutet av turn\u00e9n kommer du att sl\u00e4ppas av precis utanf\u00f6r ditt Aswan-hotell. Denna personliga upplevelse \u00e4r ett utm\u00e4rkt alternativ till gruppturer, eftersom det l\u00e5ter dig f\u00f6rdjupa dig helt i upplevelsen utan br\u00e5dska.<\/p>\n","protected":false},"featured_media":45437,"comment_status":"open","ping_status":"closed","template":"","meta":{"_coblocks_attr":"","_coblocks_dimensions":"","_coblocks_responsive_height":"","_coblocks_accordion_ie_support":"","_uag_custom_page_level_css":"","jetpack_publicize_message":"","jetpack_publicize_feature_enabled":true,"jetpack_social_post_already_shared":true,"jetpack_social_options":{"image_generator_settings":{"template":"highway","default_image_id":0,"font":"","enabled":false},"version":2},"_wpas_customize_per_network":false},"product_brand":[],"product_cat":[1449],"product_tag":[19027,18998],"class_list":{"0":"post-25759","1":"product","2":"type-product","3":"status-publish","4":"has-post-thumbnail","6":"product_cat-uncategorized","7":"product_tag-sightseeing-sv","8":"product_tag-utflykt","10":"first","11":"instock","12":"sale","13":"taxable","14":"shipping-taxable","15":"purchasable","16":"product-type-variable"},"yoast_head":"<!-- This site is optimized with the Yoast SEO Premium plugin v26.9 (Yoast SEO v27.4) - https:\/\/yoast.com\/product\/yoast-seo-premium-wordpress\/ -->\n<title>Resa till Aswan och Abu Simbel fr\u00e5n Safaga<\/title>\n<meta name=\"description\" content=\"Resa till Aswan och Abu Simbel fr\u00e5n Safaga Resan ger dig m\u00f6jlighet att g\u00f6ra n\u00e5gra sightseeingaktiviteter. Visst kan du bes\u00f6ka Aswans attraktioner och \u00e5ka\" \/>\n<meta name=\"robots\" content=\"index, follow, max-snippet:-1, max-image-preview:large, max-video-preview:-1\" \/>\n<link rel=\"canonical\" href=\"https:\/\/landioustravel.com\/sv\/shop\/resa-aswan-abu-simbel-safaga\/\" \/>\n<meta property=\"og:locale\" content=\"sv_SE\" \/>\n<meta property=\"og:type\" content=\"article\" \/>\n<meta property=\"og:title\" content=\"Resa till Aswan och Abu Simbel fr\u00e5n Safaga\" \/>\n<meta property=\"og:description\" content=\"Landious Travel\" \/>\n<meta property=\"og:url\" content=\"https:\/\/landioustravel.com\/sv\/shop\/resa-aswan-abu-simbel-safaga\/\" \/>\n<meta property=\"og:site_name\" content=\"Landious Travel\" \/>\n<meta property=\"article:publisher\" content=\"https:\/\/web.facebook.com\/landiousEgypt\" \/>\n<meta property=\"article:modified_time\" content=\"2024-09-30T17:13:32+00:00\" \/>\n<meta property=\"og:image\" content=\"https:\/\/i0.wp.com\/landioustravel.com\/wp-content\/uploads\/2020\/11\/Aswan-Abu-Simbel-Trip-Safaga-e1617504519411.jpg?fit=1200%2C675&ssl=1\" \/>\n\t<meta property=\"og:image:width\" content=\"1200\" \/>\n\t<meta property=\"og:image:height\" content=\"675\" \/>\n\t<meta property=\"og:image:type\" content=\"image\/jpeg\" \/>\n<meta name=\"twitter:card\" content=\"summary_large_image\" \/>\n<meta name=\"twitter:site\" content=\"@LandiousTours\" \/>\n<meta name=\"twitter:label1\" content=\"Ber\u00e4knad l\u00e4stid\" \/>\n\t<meta name=\"twitter:data1\" content=\"2 minuter\" \/>\n<script type=\"application\/ld+json\" class=\"yoast-schema-graph\">{\"@context\":\"https:\\\/\\\/schema.org\",\"@graph\":[{\"@type\":\"WebPage\",\"@id\":\"https:\\\/\\\/landioustravel.com\\\/sv\\\/shop\\\/resa-aswan-abu-simbel-safaga\\\/\",\"url\":\"https:\\\/\\\/landioustravel.com\\\/sv\\\/shop\\\/resa-aswan-abu-simbel-safaga\\\/\",\"name\":\"Resa till Aswan och Abu Simbel fr\u00e5n Safaga\",\"isPartOf\":{\"@id\":\"https:\\\/\\\/landioustravel.com\\\/sv\\\/#website\"},\"primaryImageOfPage\":{\"@id\":\"https:\\\/\\\/landioustravel.com\\\/sv\\\/shop\\\/resa-aswan-abu-simbel-safaga\\\/#primaryimage\"},\"image\":{\"@id\":\"https:\\\/\\\/landioustravel.com\\\/sv\\\/shop\\\/resa-aswan-abu-simbel-safaga\\\/#primaryimage\"},\"thumbnailUrl\":\"https:\\\/\\\/i0.wp.com\\\/landioustravel.com\\\/wp-content\\\/uploads\\\/2020\\\/11\\\/Aswan-Abu-Simbel-Trip-Safaga-e1617504519411.jpg?fit=1200%2C675&ssl=1\",\"datePublished\":\"2020-11-08T21:03:09+00:00\",\"dateModified\":\"2024-09-30T17:13:32+00:00\",\"description\":\"Resa till Aswan och Abu Simbel fr\u00e5n Safaga Resan ger dig m\u00f6jlighet att g\u00f6ra n\u00e5gra sightseeingaktiviteter. Visst kan du bes\u00f6ka Aswans attraktioner och \u00e5ka\",\"breadcrumb\":{\"@id\":\"https:\\\/\\\/landioustravel.com\\\/sv\\\/shop\\\/resa-aswan-abu-simbel-safaga\\\/#breadcrumb\"},\"inLanguage\":\"sv-SE\",\"potentialAction\":[{\"@type\":\"ReadAction\",\"target\":[\"https:\\\/\\\/landioustravel.com\\\/sv\\\/shop\\\/resa-aswan-abu-simbel-safaga\\\/\"]}]},{\"@type\":\"ImageObject\",\"inLanguage\":\"sv-SE\",\"@id\":\"https:\\\/\\\/landioustravel.com\\\/sv\\\/shop\\\/resa-aswan-abu-simbel-safaga\\\/#primaryimage\",\"url\":\"https:\\\/\\\/i0.wp.com\\\/landioustravel.com\\\/wp-content\\\/uploads\\\/2020\\\/11\\\/Aswan-Abu-Simbel-Trip-Safaga-e1617504519411.jpg?fit=1200%2C675&ssl=1\",\"contentUrl\":\"https:\\\/\\\/i0.wp.com\\\/landioustravel.com\\\/wp-content\\\/uploads\\\/2020\\\/11\\\/Aswan-Abu-Simbel-Trip-Safaga-e1617504519411.jpg?fit=1200%2C675&ssl=1\",\"width\":1200,\"height\":675,\"caption\":\"Aswan Abu Simbel Trip Safaga\"},{\"@type\":\"BreadcrumbList\",\"@id\":\"https:\\\/\\\/landioustravel.com\\\/sv\\\/shop\\\/resa-aswan-abu-simbel-safaga\\\/#breadcrumb\",\"itemListElement\":[{\"@type\":\"ListItem\",\"position\":1,\"name\":\"Home\",\"item\":\"https:\\\/\\\/landioustravel.com\\\/sv\\\/\"},{\"@type\":\"ListItem\",\"position\":2,\"name\":\"Tj\u00e4nster &#038; turer\",\"item\":\"https:\\\/\\\/landioustravel.com\\\/sv\\\/\"},{\"@type\":\"ListItem\",\"position\":3,\"name\":\"Resa till Aswan och Abu Simbel fr\u00e5n Safaga\"}]},{\"@type\":\"WebSite\",\"@id\":\"https:\\\/\\\/landioustravel.com\\\/sv\\\/#website\",\"url\":\"https:\\\/\\\/landioustravel.com\\\/sv\\\/\",\"name\":\"Landious Travel\",\"description\":\"Excursions, trips and cruises in Egypt\",\"publisher\":{\"@id\":\"https:\\\/\\\/landioustravel.com\\\/sv\\\/#organization\"},\"potentialAction\":[{\"@type\":\"SearchAction\",\"target\":{\"@type\":\"EntryPoint\",\"urlTemplate\":\"https:\\\/\\\/landioustravel.com\\\/sv\\\/?s={search_term_string}\"},\"query-input\":{\"@type\":\"PropertyValueSpecification\",\"valueRequired\":true,\"valueName\":\"search_term_string\"}}],\"inLanguage\":\"sv-SE\"},{\"@type\":[\"Organization\",\"Place\"],\"@id\":\"https:\\\/\\\/landioustravel.com\\\/sv\\\/#organization\",\"name\":\"Landious Travel\",\"alternateName\":\"Landious Travel\",\"url\":\"https:\\\/\\\/landioustravel.com\\\/sv\\\/\",\"logo\":{\"@id\":\"https:\\\/\\\/landioustravel.com\\\/sv\\\/shop\\\/resa-aswan-abu-simbel-safaga\\\/#local-main-organization-logo\"},\"image\":{\"@id\":\"https:\\\/\\\/landioustravel.com\\\/sv\\\/shop\\\/resa-aswan-abu-simbel-safaga\\\/#local-main-organization-logo\"},\"sameAs\":[\"https:\\\/\\\/web.facebook.com\\\/landiousEgypt\",\"https:\\\/\\\/x.com\\\/LandiousTours\",\"https:\\\/\\\/mastodon.social\\\/@landious\"],\"legalName\":\"Landious Travel\",\"telephone\":[],\"openingHoursSpecification\":[{\"@type\":\"OpeningHoursSpecification\",\"dayOfWeek\":[\"Monday\",\"Tuesday\",\"Wednesday\",\"Thursday\",\"Friday\",\"Saturday\",\"Sunday\"],\"opens\":\"09:00\",\"closes\":\"17:00\"}]},{\"@type\":\"ImageObject\",\"inLanguage\":\"sv-SE\",\"@id\":\"https:\\\/\\\/landioustravel.com\\\/sv\\\/shop\\\/resa-aswan-abu-simbel-safaga\\\/#local-main-organization-logo\",\"url\":\"https:\\\/\\\/i0.wp.com\\\/landioustravel.com\\\/wp-content\\\/uploads\\\/2021\\\/06\\\/Landious-T.png?fit=500%2C500&ssl=1\",\"contentUrl\":\"https:\\\/\\\/i0.wp.com\\\/landioustravel.com\\\/wp-content\\\/uploads\\\/2021\\\/06\\\/Landious-T.png?fit=500%2C500&ssl=1\",\"width\":500,\"height\":500,\"caption\":\"Landious Travel\"}]}<\/script>\n<!-- \/ Yoast SEO Premium plugin. -->","yoast_head_json":{"title":"Resa till Aswan och Abu Simbel fr\u00e5n Safaga","description":"Resa till Aswan och Abu Simbel fr\u00e5n Safaga Resan ger dig m\u00f6jlighet att g\u00f6ra n\u00e5gra sightseeingaktiviteter. Visst kan du bes\u00f6ka Aswans attraktioner och \u00e5ka","robots":{"index":"index","follow":"follow","max-snippet":"max-snippet:-1","max-image-preview":"max-image-preview:large","max-video-preview":"max-video-preview:-1"},"canonical":"https:\/\/landioustravel.com\/sv\/shop\/resa-aswan-abu-simbel-safaga\/","og_locale":"sv_SE","og_type":"article","og_title":"Resa till Aswan och Abu Simbel fr\u00e5n Safaga","og_description":"Landious Travel","og_url":"https:\/\/landioustravel.com\/sv\/shop\/resa-aswan-abu-simbel-safaga\/","og_site_name":"Landious Travel","article_publisher":"https:\/\/web.facebook.com\/landiousEgypt","article_modified_time":"2024-09-30T17:13:32+00:00","og_image":[{"width":1200,"height":675,"url":"https:\/\/i0.wp.com\/landioustravel.com\/wp-content\/uploads\/2020\/11\/Aswan-Abu-Simbel-Trip-Safaga-e1617504519411.jpg?fit=1200%2C675&ssl=1","type":"image\/jpeg"}],"twitter_card":"summary_large_image","twitter_site":"@LandiousTours","twitter_misc":{"Ber\u00e4knad l\u00e4stid":"2 minuter"},"schema":{"@context":"https:\/\/schema.org","@graph":[{"@type":"WebPage","@id":"https:\/\/landioustravel.com\/sv\/shop\/resa-aswan-abu-simbel-safaga\/","url":"https:\/\/landioustravel.com\/sv\/shop\/resa-aswan-abu-simbel-safaga\/","name":"Resa till Aswan och Abu Simbel fr\u00e5n Safaga","isPartOf":{"@id":"https:\/\/landioustravel.com\/sv\/#website"},"primaryImageOfPage":{"@id":"https:\/\/landioustravel.com\/sv\/shop\/resa-aswan-abu-simbel-safaga\/#primaryimage"},"image":{"@id":"https:\/\/landioustravel.com\/sv\/shop\/resa-aswan-abu-simbel-safaga\/#primaryimage"},"thumbnailUrl":"https:\/\/i0.wp.com\/landioustravel.com\/wp-content\/uploads\/2020\/11\/Aswan-Abu-Simbel-Trip-Safaga-e1617504519411.jpg?fit=1200%2C675&ssl=1","datePublished":"2020-11-08T21:03:09+00:00","dateModified":"2024-09-30T17:13:32+00:00","description":"Resa till Aswan och Abu Simbel fr\u00e5n Safaga Resan ger dig m\u00f6jlighet att g\u00f6ra n\u00e5gra sightseeingaktiviteter. Visst kan du bes\u00f6ka Aswans attraktioner och \u00e5ka","breadcrumb":{"@id":"https:\/\/landioustravel.com\/sv\/shop\/resa-aswan-abu-simbel-safaga\/#breadcrumb"},"inLanguage":"sv-SE","potentialAction":[{"@type":"ReadAction","target":["https:\/\/landioustravel.com\/sv\/shop\/resa-aswan-abu-simbel-safaga\/"]}]},{"@type":"ImageObject","inLanguage":"sv-SE","@id":"https:\/\/landioustravel.com\/sv\/shop\/resa-aswan-abu-simbel-safaga\/#primaryimage","url":"https:\/\/i0.wp.com\/landioustravel.com\/wp-content\/uploads\/2020\/11\/Aswan-Abu-Simbel-Trip-Safaga-e1617504519411.jpg?fit=1200%2C675&ssl=1","contentUrl":"https:\/\/i0.wp.com\/landioustravel.com\/wp-content\/uploads\/2020\/11\/Aswan-Abu-Simbel-Trip-Safaga-e1617504519411.jpg?fit=1200%2C675&ssl=1","width":1200,"height":675,"caption":"Aswan Abu Simbel Trip Safaga"},{"@type":"BreadcrumbList","@id":"https:\/\/landioustravel.com\/sv\/shop\/resa-aswan-abu-simbel-safaga\/#breadcrumb","itemListElement":[{"@type":"ListItem","position":1,"name":"Home","item":"https:\/\/landioustravel.com\/sv\/"},{"@type":"ListItem","position":2,"name":"Tj\u00e4nster &#038; turer","item":"https:\/\/landioustravel.com\/sv\/"},{"@type":"ListItem","position":3,"name":"Resa till Aswan och Abu Simbel fr\u00e5n Safaga"}]},{"@type":"WebSite","@id":"https:\/\/landioustravel.com\/sv\/#website","url":"https:\/\/landioustravel.com\/sv\/","name":"Landious Travel","description":"Excursions, trips and cruises in Egypt","publisher":{"@id":"https:\/\/landioustravel.com\/sv\/#organization"},"potentialAction":[{"@type":"SearchAction","target":{"@type":"EntryPoint","urlTemplate":"https:\/\/landioustravel.com\/sv\/?s={search_term_string}"},"query-input":{"@type":"PropertyValueSpecification","valueRequired":true,"valueName":"search_term_string"}}],"inLanguage":"sv-SE"},{"@type":["Organization","Place"],"@id":"https:\/\/landioustravel.com\/sv\/#organization","name":"Landious Travel","alternateName":"Landious Travel","url":"https:\/\/landioustravel.com\/sv\/","logo":{"@id":"https:\/\/landioustravel.com\/sv\/shop\/resa-aswan-abu-simbel-safaga\/#local-main-organization-logo"},"image":{"@id":"https:\/\/landioustravel.com\/sv\/shop\/resa-aswan-abu-simbel-safaga\/#local-main-organization-logo"},"sameAs":["https:\/\/web.facebook.com\/landiousEgypt","https:\/\/x.com\/LandiousTours","https:\/\/mastodon.social\/@landious"],"legalName":"Landious Travel","telephone":[],"openingHoursSpecification":[{"@type":"OpeningHoursSpecification","dayOfWeek":["Monday","Tuesday","Wednesday","Thursday","Friday","Saturday","Sunday"],"opens":"09:00","closes":"17:00"}]},{"@type":"ImageObject","inLanguage":"sv-SE","@id":"https:\/\/landioustravel.com\/sv\/shop\/resa-aswan-abu-simbel-safaga\/#local-main-organization-logo","url":"https:\/\/i0.wp.com\/landioustravel.com\/wp-content\/uploads\/2021\/06\/Landious-T.png?fit=500%2C500&ssl=1","contentUrl":"https:\/\/i0.wp.com\/landioustravel.com\/wp-content\/uploads\/2021\/06\/Landious-T.png?fit=500%2C500&ssl=1","width":500,"height":500,"caption":"Landious Travel"}]}},"jetpack_publicize_connections":[],"uagb_featured_image_src":{"full":["https:\/\/i0.wp.com\/landioustravel.com\/wp-content\/uploads\/2020\/11\/Aswan-Abu-Simbel-Trip-Safaga-e1617504519411.jpg?fit=1200%2C675&ssl=1",1200,675,false],"thumbnail":["https:\/\/i0.wp.com\/landioustravel.com\/wp-content\/uploads\/2020\/11\/Aswan-Abu-Simbel-Trip-Safaga-e1617504519411.jpg?resize=150%2C150&ssl=1",150,150,true],"medium":["https:\/\/i0.wp.com\/landioustravel.com\/wp-content\/uploads\/2020\/11\/Aswan-Abu-Simbel-Trip-Safaga-e1617504519411.jpg?fit=300%2C169&ssl=1",300,169,true],"medium_large":["https:\/\/i0.wp.com\/landioustravel.com\/wp-content\/uploads\/2020\/11\/Aswan-Abu-Simbel-Trip-Safaga-e1617504519411.jpg?fit=768%2C432&ssl=1",768,432,true],"large":["https:\/\/i0.wp.com\/landioustravel.com\/wp-content\/uploads\/2020\/11\/Aswan-Abu-Simbel-Trip-Safaga-e1617504519411.jpg?fit=980%2C551&ssl=1",980,551,true],"1536x1536":["https:\/\/i0.wp.com\/landioustravel.com\/wp-content\/uploads\/2020\/11\/Aswan-Abu-Simbel-Trip-Safaga-e1617504519411.jpg?fit=1536%2C864&ssl=1",1536,864,true],"2048x2048":["https:\/\/i0.wp.com\/landioustravel.com\/wp-content\/uploads\/2020\/11\/Aswan-Abu-Simbel-Trip-Safaga-e1617504519411.jpg?fit=1200%2C675&ssl=1",1200,675,true],"newspack-article-block-landscape-large":["https:\/\/i0.wp.com\/landioustravel.com\/wp-content\/uploads\/2020\/11\/Aswan-Abu-Simbel-Trip-Safaga-e1617504519411.jpg?resize=1200%2C675&ssl=1",1200,900,true],"newspack-article-block-portrait-large":["https:\/\/i0.wp.com\/landioustravel.com\/wp-content\/uploads\/2020\/11\/Aswan-Abu-Simbel-Trip-Safaga-e1617504519411.jpg?resize=900%2C675&ssl=1",900,900,true],"newspack-article-block-square-large":["https:\/\/i0.wp.com\/landioustravel.com\/wp-content\/uploads\/2020\/11\/Aswan-Abu-Simbel-Trip-Safaga-e1617504519411.jpg?resize=1200%2C675&ssl=1",1200,900,true],"newspack-article-block-landscape-medium":["https:\/\/i0.wp.com\/landioustravel.com\/wp-content\/uploads\/2020\/11\/Aswan-Abu-Simbel-Trip-Safaga-e1617504519411.jpg?resize=800%2C600&ssl=1",800,600,true],"newspack-article-block-portrait-medium":["https:\/\/i0.wp.com\/landioustravel.com\/wp-content\/uploads\/2020\/11\/Aswan-Abu-Simbel-Trip-Safaga-e1617504519411.jpg?resize=600%2C675&ssl=1",600,800,true],"newspack-article-block-square-medium":["https:\/\/i0.wp.com\/landioustravel.com\/wp-content\/uploads\/2020\/11\/Aswan-Abu-Simbel-Trip-Safaga-e1617504519411.jpg?resize=800%2C675&ssl=1",800,800,true],"newspack-article-block-landscape-intermediate":["https:\/\/i0.wp.com\/landioustravel.com\/wp-content\/uploads\/2020\/11\/Aswan-Abu-Simbel-Trip-Safaga-e1617504519411.jpg?resize=600%2C450&ssl=1",600,450,true],"newspack-article-block-portrait-intermediate":["https:\/\/i0.wp.com\/landioustravel.com\/wp-content\/uploads\/2020\/11\/Aswan-Abu-Simbel-Trip-Safaga-e1617504519411.jpg?resize=450%2C600&ssl=1",450,600,true],"newspack-article-block-square-intermediate":["https:\/\/i0.wp.com\/landioustravel.com\/wp-content\/uploads\/2020\/11\/Aswan-Abu-Simbel-Trip-Safaga-e1617504519411.jpg?resize=600%2C600&ssl=1",600,600,true],"newspack-article-block-landscape-small":["https:\/\/i0.wp.com\/landioustravel.com\/wp-content\/uploads\/2020\/11\/Aswan-Abu-Simbel-Trip-Safaga-e1617504519411.jpg?resize=400%2C300&ssl=1",400,300,true],"newspack-article-block-portrait-small":["https:\/\/i0.wp.com\/landioustravel.com\/wp-content\/uploads\/2020\/11\/Aswan-Abu-Simbel-Trip-Safaga-e1617504519411.jpg?resize=300%2C400&ssl=1",300,400,true],"newspack-article-block-square-small":["https:\/\/i0.wp.com\/landioustravel.com\/wp-content\/uploads\/2020\/11\/Aswan-Abu-Simbel-Trip-Safaga-e1617504519411.jpg?resize=400%2C400&ssl=1",400,400,true],"newspack-article-block-landscape-tiny":["https:\/\/i0.wp.com\/landioustravel.com\/wp-content\/uploads\/2020\/11\/Aswan-Abu-Simbel-Trip-Safaga-e1617504519411.jpg?resize=200%2C150&ssl=1",200,150,true],"newspack-article-block-portrait-tiny":["https:\/\/i0.wp.com\/landioustravel.com\/wp-content\/uploads\/2020\/11\/Aswan-Abu-Simbel-Trip-Safaga-e1617504519411.jpg?resize=150%2C200&ssl=1",150,200,true],"newspack-article-block-square-tiny":["https:\/\/i0.wp.com\/landioustravel.com\/wp-content\/uploads\/2020\/11\/Aswan-Abu-Simbel-Trip-Safaga-e1617504519411.jpg?resize=200%2C200&ssl=1",200,200,true],"newspack-article-block-uncropped":["https:\/\/i0.wp.com\/landioustravel.com\/wp-content\/uploads\/2020\/11\/Aswan-Abu-Simbel-Trip-Safaga-e1617504519411.jpg?fit=1200%2C675&ssl=1",1200,675,true],"woocommerce_thumbnail":["https:\/\/i0.wp.com\/landioustravel.com\/wp-content\/uploads\/2020\/11\/Aswan-Abu-Simbel-Trip-Safaga-e1617504519411.jpg?resize=324%2C324&ssl=1",324,324,true],"woocommerce_single":["https:\/\/i0.wp.com\/landioustravel.com\/wp-content\/uploads\/2020\/11\/Aswan-Abu-Simbel-Trip-Safaga-e1617504519411.jpg?fit=416%2C234&ssl=1",416,234,true],"woocommerce_gallery_thumbnail":["https:\/\/i0.wp.com\/landioustravel.com\/wp-content\/uploads\/2020\/11\/Aswan-Abu-Simbel-Trip-Safaga-e1617504519411.jpg?resize=100%2C100&ssl=1",100,100,true]},"uagb_author_info":{"display_name":"Mofreh Landious","author_link":"https:\/\/landioustravel.com\/sv\/author\/"},"uagb_comment_info":2,"uagb_excerpt":"Under resan kommer du att ha m\u00f6jlighet att utforska olika sev\u00e4rdheter och delta i sightseeingaktiviteter. Du kan bes\u00f6ka Aswans attraktioner och till och med resa vidare till Nubien f\u00f6r att se templen i Abu Simbel. Turn\u00e9n inkluderar bes\u00f6k p\u00e5 flera landm\u00e4rken som High Dam, Temple of Goddess Isis som ligger p\u00e5 Philae Island, The Unfinished&hellip;","jetpack_sharing_enabled":true,"jetpack_likes_enabled":true,"amp_enabled":true,"_links":{"self":[{"href":"https:\/\/landioustravel.com\/sv\/wp-json\/wp\/v2\/product\/25759","targetHints":{"allow":["GET"]}}],"collection":[{"href":"https:\/\/landioustravel.com\/sv\/wp-json\/wp\/v2\/product"}],"about":[{"href":"https:\/\/landioustravel.com\/sv\/wp-json\/wp\/v2\/types\/product"}],"replies":[{"embeddable":true,"href":"https:\/\/landioustravel.com\/sv\/wp-json\/wp\/v2\/comments?post=25759"}],"wp:featuredmedia":[{"embeddable":true,"href":"https:\/\/landioustravel.com\/sv\/wp-json\/wp\/v2\/media\/45437"}],"wp:attachment":[{"href":"https:\/\/landioustravel.com\/sv\/wp-json\/wp\/v2\/media?parent=25759"}],"wp:term":[{"taxonomy":"product_brand","embeddable":true,"href":"https:\/\/landioustravel.com\/sv\/wp-json\/wp\/v2\/product_brand?post=25759"},{"taxonomy":"product_cat","embeddable":true,"href":"https:\/\/landioustravel.com\/sv\/wp-json\/wp\/v2\/product_cat?post=25759"},{"taxonomy":"product_tag","embeddable":true,"href":"https:\/\/landioustravel.com\/sv\/wp-json\/wp\/v2\/product_tag?post=25759"}],"curies":[{"name":"wp","href":"https:\/\/api.w.org\/{rel}","templated":true}]}}