{"id":25819,"date":"2020-11-08T05:02:23","date_gmt":"2020-11-13T06:58:41","guid":{"rendered":"https:\/\/landioustravel.com\/?post_type=product&#038;p=25819"},"modified":"2024-09-28T20:16:31","modified_gmt":"2024-09-28T17:16:31","slug":"resa-aswan-abu-simbel-hurghada","status":"publish","type":"product","link":"https:\/\/landioustravel.com\/sv\/shop\/resa-aswan-abu-simbel-hurghada\/","title":{"rendered":"Resa till Aswan och Abu Simbel fr\u00e5n Hurghada"},"content":{"rendered":"<p>En underbar utflykt till Aswan och Abu Simbel fr\u00e5n Hurghada, Egypten! Vi rekommenderar en resa p\u00e5 grund av det faktum att turister kan se ett stort antal forntida egyptiska attraktioner och veta mer om landets historia.<\/p>\n<h2>Huvudpunkterna i utflyktsprogrammet till Aswan<\/h2>\n<ul>\n<li>H\u00f6g damm<\/li>\n<li>Philae-templet<\/li>\n<li>Oavslutad obelisk<\/li>\n<li>Nile Picnic med egyptiska Felucca<\/li>\n<li>Abu Simbels tempel<\/li>\n<\/ul>\n<h3>Utflyktsprogram till Aswan &#8211; Abu Simbel fr\u00e5n Hurghada<\/h3>\n<ul>\n<li>Landious Travel-representant h\u00e4mtar dig fr\u00e5n hotellet i Hurghada, klockan 12:00 p\u00e5 morgonen<\/li>\n<li>Efter att ha h\u00e4mtat alla bes\u00f6kare \u00e5ker bussen mot Aswan f\u00f6rbi kustst\u00e4derna Safaga, Al-Quseir och Marsa Alam; och p\u00e5 v\u00e4g till de dalst\u00e4derna Edfu och Kom Ombo. Staden Edfu ligger 120 kilometer s\u00f6der om Marsa Alam, vid floden Nilen. Staden Kom Ombo ligger 220 km bort i Nildalen. V\u00e4gen, fr\u00e5n centrum av Hurghada till Aswan, tar cirka 9 timmar<\/li>\n<\/ul>\n<h4>F\u00f6rsta dagsprogrammet i Aswan<\/h4>\n<ul>\n<li>S\u00e5 snart du anl\u00e4nder till Aswan visar vi dig gudinnan Isis tempel p\u00e5 \u00f6n Philae<\/li>\n<li>Sedan g\u00e5r vi vidare till High Dam efter att ha bes\u00f6kt de komplexa templen i Philae<\/li>\n<li>Efter det kan du bes\u00f6ka drottning Hatsheputs oavslutade obelisk<\/li>\n<li>Slutligen kan du njuta av din lunch innan du eskorterar dig tillbaka till ditt hotell i Aswan<\/li>\n<\/ul>\n<h4>Andra dagsprogrammet i Abu Simbel<\/h4>\n<ul>\n<li>P\u00e5 morgonen din andra dag i Aswan h\u00e4mtar vi dig fr\u00e5n ditt hotell kl. 04.00 f\u00f6r att resa till Abu Simbel. V\u00e4rt att notera tar det 3 timmars bilresa till Abu Simbels tempel<\/li>\n<li>N\u00e4r du v\u00e4l kommit till Abu Simbel b\u00f6rjar vi visa dig de fantastiska templen i Ramses II<\/li>\n<li>I slutet av detta bes\u00f6k b\u00f6rjar vi k\u00f6ra tillbaka till Aswan<\/li>\n<li>I Aswan kommer du att njuta av din lunch<\/li>\n<li>V\u00e5r buss g\u00e5r tillbaka till Hurghada, efter ett s\u00e5dant program i den underbara staden Aswan<\/li>\n<li>Denna &#8221;resa till Aswan och Abu Simbel fr\u00e5n Hurghada&#8221; slutar cirka 24:00<\/li>\n<\/ul>\n<h4>Vad ing\u00e5r i resepriset<\/h4>\n<ul>\n<li>Biljetter till bes\u00f6kande tempel<\/li>\n<li>Lunch<\/li>\n<li>Guide<\/li>\n<li>Hotellvistelse<\/li>\n<li>\u00d6verf\u00f6r ocks\u00e5 till Aswan &#8211; Abu Simbel och tillbaka till hotellet<\/li>\n<\/ul>\n<h5>Vad ing\u00e5r inte i priset f\u00f6r turn\u00e9n<\/h5>\n<ul>\n<li>Ytterligare utflyktsprogram<\/li>\n<li>Ocks\u00e5, drycker<\/li>\n<\/ul>\n<h6>Vad du ska ta med dig f\u00f6r resan<\/h6>\n<ul>\n<li>Frukostl\u00e5da<\/li>\n<li>Pass<\/li>\n<li>Ocks\u00e5 kl\u00e4der f\u00f6r s\u00e4songen<\/li>\n<\/ul>\n<h6>Dagar med utflyktsorganisation<\/h6>\n<ul>\n<li>Dagligen fr\u00e5n 24:00 &#8211; 24:00 n\u00e4sta dag<\/li>\n<\/ul>\n","protected":false},"excerpt":{"rendered":"<p>Ge dig ut p\u00e5 en underbar resa fylld med sightseeingaktiviteter som tar dig till Aswans attraktioner och vidare till Nubia, d\u00e4r du kommer att f\u00f6rundras \u00f6ver Abu Simbels tempel. Din resplan inkluderar ett bes\u00f6k p\u00e5 High Dam, Temple of Goddess Isis p\u00e5 Philae Island, Hatshepsuts ofullbordade obelisk och Ramses II:s tempel. Du kommer till och med att f\u00e5 njuta av en b\u00e5tpicknick vid Felucca \u00f6ver Nilen. Alla dina m\u00e5ltider och boende ing\u00e5r i resans pris. Vi erbjuder en tv\u00e5dagarstur till Aswan och Abu Simbel fr\u00e5n hotell i Hurghada, d\u00e4r du kommer att bes\u00f6ka Aswans h\u00f6jdpunkter, The High Dam, The Temple of Goddess Isis p\u00e5 \u00f6n Phiala, den oavslutade obelisken och segla p\u00e5 Nilen med Felucca. Du kommer ocks\u00e5 att bes\u00f6ka Abu Simbel, Ramses, det n\u00e4st st\u00f6rsta verket och drottningen Nefertaris tempel.<\/p>\n<p>Dag ett h\u00e4mtar vi dig fr\u00e5n ditt hotell i Hurghada eller Port Ghalib-hotell klockan 05.00 och b\u00f6rjar resan till Assuan med privat fordon, vilket tar cirka fyra timmar. Du kommer att bes\u00f6ka High Dam, Phiala-templet och den oavslutade obelisken och njuta av att segla p\u00e5 Nilen med egyptierna Felucca.<\/p>\n<p>Phiala-templet byggdes f\u00f6r att hedra gudinnan Isis och \u00e4r det sista templet som byggts i klassisk egyptisk stil. The High Dam, \u00e5 andra sidan, \u00e4r en stenfyllnadsdamm som ligger vid den norra gr\u00e4nsen mellan Egypten och Sudan. Reservoaren, som matas av Nilen, bildar sj\u00f6n Nasser. Byggandet av projektet b\u00f6rjade 1960 och slutf\u00f6rdes 1968.<\/p>\n<p>Den of\u00e4rdiga obelisken i Assuan \u00e4r k\u00e4llan till det antika Egyptens finaste granit som anv\u00e4nds f\u00f6r att g\u00f6ra statyer och f\u00f6rsk\u00f6na tempel, pyramider och obelisker. Den stora ofullbordade obelisken i Norra stenbrotten har gett v\u00e4rdefull inblick i hur dessa monument skapades.<\/p>\n<p>Du \u00f6vernattar i Aswan p\u00e5 Basma Hotel. Du kan ocks\u00e5 v\u00e4lja en resa till den nubiska byn, som \u00e4r en av Aswans attraktioner. Det \u00e4r v\u00e4rt att bes\u00f6ka och spendera 2 timmar eftersom det \u00e4r en mycket autentisk och genuin plats. Det \u00e4r f\u00e4rgstarkt och konstn\u00e4rligt, och du kommer genast att k\u00e4nna sj\u00e4len p\u00e5 denna plats.<\/p>\n<p>Dag tv\u00e5 h\u00e4mtar vi dig fr\u00e5n ditt hotell i Assuan klockan 04:00 och \u00e5ker med luftkonditionerade fordon fr\u00e5n Assuan till Abu Simbel, vilket tar cirka tre timmars k\u00f6rning innan dagens hetta. De tv\u00e5 templen ristades ut ur bergssidan under farao Ramses II:s regeringstid p\u00e5 1200-talet f.Kr.<\/p>\n<p>Vid ankomsten kommer en egyptologguide att ber\u00e4tta allt om en av de st\u00f6rsta och mest nyckfulla faraonerna i egyptisk historia. Du kommer att f\u00f6rundras \u00f6ver huvudfasaden p\u00e5 det stora templet till Ramesses II och dess fyra statyer av farao som sitter p\u00e5 hans tron efter hans stigande \u00e5lder. Huvudtemplet \u00e4r till\u00e4gnat Amon-Re Horakhty och Ptah, men det byggdes f\u00f6r st\u00f6rre \u00e4ra f\u00f6r dess byggare, Ramses den store. Du forts\u00e4tter till det mindre templet f\u00f6r Ramesses gem\u00e5l, drottning Nefertari, som ligger precis intill det stora templet. Beundra den imponerande stenhuggna fasaden som f\u00f6rest\u00e4ller faraon och hans drottning. G\u00e5 ombord p\u00e5 bussen kl. 9:00 f\u00f6r returtransfer till Assuan f\u00f6re lunch, som kommer att serveras i Assuan innan du k\u00f6r tillbaka till Hurghada.<\/p>\n<p>Dina inklusioner f\u00f6r denna resa \u00e4r hotellh\u00e4mtning och avl\u00e4mning i Aswan, en egyptologguide, vatten p\u00e5 flaska ombord p\u00e5 fordonet under turen, entr\u00e9avgifter till de n\u00e4mnda sev\u00e4rdheterna i Aswan och Abu Simbel, transport med privat luftkonditionerat fordon, lunch p\u00e5 en kvalitetsrestaurang med god mat i Assuan, och en natts boende p\u00e5 Basma hotel i Assuan.<\/p>\n","protected":false},"featured_media":128070,"comment_status":"open","ping_status":"closed","template":"","meta":{"_coblocks_attr":"","_coblocks_dimensions":"","_coblocks_responsive_height":"","_coblocks_accordion_ie_support":"","_uag_custom_page_level_css":"","jetpack_publicize_message":"","jetpack_publicize_feature_enabled":true,"jetpack_social_post_already_shared":true,"jetpack_social_options":{"image_generator_settings":{"template":"highway","default_image_id":0,"font":"","enabled":false},"version":2},"_wpas_customize_per_network":false},"product_brand":[],"product_cat":[18870,18884],"product_tag":[19008,19027,18998,19001],"class_list":{"0":"post-25819","1":"product","2":"type-product","3":"status-publish","4":"has-post-thumbnail","6":"product_cat-historiska-utflykter-hurghada","7":"product_cat-individuella-utflykter-hurghada","8":"product_tag-hurghada-sv","9":"product_tag-sightseeing-sv","10":"product_tag-utflykt","11":"product_tag-utflykter-hurghada","13":"first","14":"instock","15":"sale","16":"taxable","17":"shipping-taxable","18":"purchasable","19":"product-type-variable"},"yoast_head":"<!-- This site is optimized with the Yoast SEO Premium plugin v26.9 (Yoast SEO v27.4) - https:\/\/yoast.com\/product\/yoast-seo-premium-wordpress\/ -->\n<title>Resa till Aswan och Abu Simbel fr\u00e5n Hurghada<\/title>\n<meta name=\"description\" content=\"Resa till Aswan och Abu Simbel fr\u00e5n Hurghada Resan ger dig m\u00f6jlighet att g\u00f6ra n\u00e5gra sightseeingaktiviteter. Visst kan du bes\u00f6ka Aswan-attraktioner och \u00e5ka\" \/>\n<meta name=\"robots\" content=\"index, follow, max-snippet:-1, max-image-preview:large, max-video-preview:-1\" \/>\n<link rel=\"canonical\" href=\"https:\/\/landioustravel.com\/sv\/shop\/resa-aswan-abu-simbel-hurghada\/\" \/>\n<meta property=\"og:locale\" content=\"sv_SE\" \/>\n<meta property=\"og:type\" content=\"article\" \/>\n<meta property=\"og:title\" content=\"Resa till Aswan och Abu Simbel fr\u00e5n Hurghada\" \/>\n<meta property=\"og:description\" content=\"Landious Travel\" \/>\n<meta property=\"og:url\" content=\"https:\/\/landioustravel.com\/sv\/shop\/resa-aswan-abu-simbel-hurghada\/\" \/>\n<meta property=\"og:site_name\" content=\"Landious Travel\" \/>\n<meta property=\"article:publisher\" content=\"https:\/\/web.facebook.com\/landiousEgypt\" \/>\n<meta property=\"article:modified_time\" content=\"2024-09-28T17:16:31+00:00\" \/>\n<meta property=\"og:image\" content=\"https:\/\/i0.wp.com\/landioustravel.com\/wp-content\/uploads\/2020\/11\/Aswan-Abu-Simbel-Trip-from-Hurghada-e1668717985588.jpg?fit=1200%2C675&ssl=1\" \/>\n\t<meta property=\"og:image:width\" content=\"1200\" \/>\n\t<meta property=\"og:image:height\" content=\"675\" \/>\n\t<meta property=\"og:image:type\" content=\"image\/jpeg\" \/>\n<meta name=\"twitter:card\" content=\"summary_large_image\" \/>\n<meta name=\"twitter:site\" content=\"@LandiousTours\" \/>\n<meta name=\"twitter:label1\" content=\"Ber\u00e4knad l\u00e4stid\" \/>\n\t<meta name=\"twitter:data1\" content=\"2 minuter\" \/>\n<script type=\"application\/ld+json\" class=\"yoast-schema-graph\">{\"@context\":\"https:\\\/\\\/schema.org\",\"@graph\":[{\"@type\":\"WebPage\",\"@id\":\"https:\\\/\\\/landioustravel.com\\\/sv\\\/shop\\\/resa-aswan-abu-simbel-hurghada\\\/\",\"url\":\"https:\\\/\\\/landioustravel.com\\\/sv\\\/shop\\\/resa-aswan-abu-simbel-hurghada\\\/\",\"name\":\"Resa till Aswan och Abu Simbel fr\u00e5n Hurghada\",\"isPartOf\":{\"@id\":\"https:\\\/\\\/landioustravel.com\\\/sv\\\/#website\"},\"primaryImageOfPage\":{\"@id\":\"https:\\\/\\\/landioustravel.com\\\/sv\\\/shop\\\/resa-aswan-abu-simbel-hurghada\\\/#primaryimage\"},\"image\":{\"@id\":\"https:\\\/\\\/landioustravel.com\\\/sv\\\/shop\\\/resa-aswan-abu-simbel-hurghada\\\/#primaryimage\"},\"thumbnailUrl\":\"https:\\\/\\\/i0.wp.com\\\/landioustravel.com\\\/wp-content\\\/uploads\\\/2020\\\/11\\\/Aswan-Abu-Simbel-Trip-from-Hurghada-e1668717985588.jpg?fit=1200%2C675&ssl=1\",\"datePublished\":\"2020-11-13T06:58:41+00:00\",\"dateModified\":\"2024-09-28T17:16:31+00:00\",\"description\":\"Resa till Aswan och Abu Simbel fr\u00e5n Hurghada Resan ger dig m\u00f6jlighet att g\u00f6ra n\u00e5gra sightseeingaktiviteter. Visst kan du bes\u00f6ka Aswan-attraktioner och \u00e5ka\",\"breadcrumb\":{\"@id\":\"https:\\\/\\\/landioustravel.com\\\/sv\\\/shop\\\/resa-aswan-abu-simbel-hurghada\\\/#breadcrumb\"},\"inLanguage\":\"sv-SE\",\"potentialAction\":[{\"@type\":\"ReadAction\",\"target\":[\"https:\\\/\\\/landioustravel.com\\\/sv\\\/shop\\\/resa-aswan-abu-simbel-hurghada\\\/\"]}]},{\"@type\":\"ImageObject\",\"inLanguage\":\"sv-SE\",\"@id\":\"https:\\\/\\\/landioustravel.com\\\/sv\\\/shop\\\/resa-aswan-abu-simbel-hurghada\\\/#primaryimage\",\"url\":\"https:\\\/\\\/i0.wp.com\\\/landioustravel.com\\\/wp-content\\\/uploads\\\/2020\\\/11\\\/Aswan-Abu-Simbel-Trip-from-Hurghada-e1668717985588.jpg?fit=1200%2C675&ssl=1\",\"contentUrl\":\"https:\\\/\\\/i0.wp.com\\\/landioustravel.com\\\/wp-content\\\/uploads\\\/2020\\\/11\\\/Aswan-Abu-Simbel-Trip-from-Hurghada-e1668717985588.jpg?fit=1200%2C675&ssl=1\",\"width\":1200,\"height\":675,\"caption\":\"Aswan Abu Simbel Trip Hurghada\"},{\"@type\":\"BreadcrumbList\",\"@id\":\"https:\\\/\\\/landioustravel.com\\\/sv\\\/shop\\\/resa-aswan-abu-simbel-hurghada\\\/#breadcrumb\",\"itemListElement\":[{\"@type\":\"ListItem\",\"position\":1,\"name\":\"Home\",\"item\":\"https:\\\/\\\/landioustravel.com\\\/sv\\\/\"},{\"@type\":\"ListItem\",\"position\":2,\"name\":\"Tj\u00e4nster &#038; turer\",\"item\":\"https:\\\/\\\/landioustravel.com\\\/sv\\\/\"},{\"@type\":\"ListItem\",\"position\":3,\"name\":\"Resa till Aswan och Abu Simbel fr\u00e5n Hurghada\"}]},{\"@type\":\"WebSite\",\"@id\":\"https:\\\/\\\/landioustravel.com\\\/sv\\\/#website\",\"url\":\"https:\\\/\\\/landioustravel.com\\\/sv\\\/\",\"name\":\"Landious Travel\",\"description\":\"Excursions, trips and cruises in Egypt\",\"publisher\":{\"@id\":\"https:\\\/\\\/landioustravel.com\\\/sv\\\/#organization\"},\"potentialAction\":[{\"@type\":\"SearchAction\",\"target\":{\"@type\":\"EntryPoint\",\"urlTemplate\":\"https:\\\/\\\/landioustravel.com\\\/sv\\\/?s={search_term_string}\"},\"query-input\":{\"@type\":\"PropertyValueSpecification\",\"valueRequired\":true,\"valueName\":\"search_term_string\"}}],\"inLanguage\":\"sv-SE\"},{\"@type\":[\"Organization\",\"Place\"],\"@id\":\"https:\\\/\\\/landioustravel.com\\\/sv\\\/#organization\",\"name\":\"Landious Travel\",\"alternateName\":\"Landious Travel\",\"url\":\"https:\\\/\\\/landioustravel.com\\\/sv\\\/\",\"logo\":{\"@id\":\"https:\\\/\\\/landioustravel.com\\\/sv\\\/shop\\\/resa-aswan-abu-simbel-hurghada\\\/#local-main-organization-logo\"},\"image\":{\"@id\":\"https:\\\/\\\/landioustravel.com\\\/sv\\\/shop\\\/resa-aswan-abu-simbel-hurghada\\\/#local-main-organization-logo\"},\"sameAs\":[\"https:\\\/\\\/web.facebook.com\\\/landiousEgypt\",\"https:\\\/\\\/x.com\\\/LandiousTours\",\"https:\\\/\\\/mastodon.social\\\/@landious\"],\"legalName\":\"Landious Travel\",\"telephone\":[],\"openingHoursSpecification\":[{\"@type\":\"OpeningHoursSpecification\",\"dayOfWeek\":[\"Monday\",\"Tuesday\",\"Wednesday\",\"Thursday\",\"Friday\",\"Saturday\",\"Sunday\"],\"opens\":\"09:00\",\"closes\":\"17:00\"}]},{\"@type\":\"ImageObject\",\"inLanguage\":\"sv-SE\",\"@id\":\"https:\\\/\\\/landioustravel.com\\\/sv\\\/shop\\\/resa-aswan-abu-simbel-hurghada\\\/#local-main-organization-logo\",\"url\":\"https:\\\/\\\/i0.wp.com\\\/landioustravel.com\\\/wp-content\\\/uploads\\\/2021\\\/06\\\/Landious-T.png?fit=500%2C500&ssl=1\",\"contentUrl\":\"https:\\\/\\\/i0.wp.com\\\/landioustravel.com\\\/wp-content\\\/uploads\\\/2021\\\/06\\\/Landious-T.png?fit=500%2C500&ssl=1\",\"width\":500,\"height\":500,\"caption\":\"Landious Travel\"}]}<\/script>\n<!-- \/ Yoast SEO Premium plugin. -->","yoast_head_json":{"title":"Resa till Aswan och Abu Simbel fr\u00e5n Hurghada","description":"Resa till Aswan och Abu Simbel fr\u00e5n Hurghada Resan ger dig m\u00f6jlighet att g\u00f6ra n\u00e5gra sightseeingaktiviteter. Visst kan du bes\u00f6ka Aswan-attraktioner och \u00e5ka","robots":{"index":"index","follow":"follow","max-snippet":"max-snippet:-1","max-image-preview":"max-image-preview:large","max-video-preview":"max-video-preview:-1"},"canonical":"https:\/\/landioustravel.com\/sv\/shop\/resa-aswan-abu-simbel-hurghada\/","og_locale":"sv_SE","og_type":"article","og_title":"Resa till Aswan och Abu Simbel fr\u00e5n Hurghada","og_description":"Landious Travel","og_url":"https:\/\/landioustravel.com\/sv\/shop\/resa-aswan-abu-simbel-hurghada\/","og_site_name":"Landious Travel","article_publisher":"https:\/\/web.facebook.com\/landiousEgypt","article_modified_time":"2024-09-28T17:16:31+00:00","og_image":[{"width":1200,"height":675,"url":"https:\/\/i0.wp.com\/landioustravel.com\/wp-content\/uploads\/2020\/11\/Aswan-Abu-Simbel-Trip-from-Hurghada-e1668717985588.jpg?fit=1200%2C675&ssl=1","type":"image\/jpeg"}],"twitter_card":"summary_large_image","twitter_site":"@LandiousTours","twitter_misc":{"Ber\u00e4knad l\u00e4stid":"2 minuter"},"schema":{"@context":"https:\/\/schema.org","@graph":[{"@type":"WebPage","@id":"https:\/\/landioustravel.com\/sv\/shop\/resa-aswan-abu-simbel-hurghada\/","url":"https:\/\/landioustravel.com\/sv\/shop\/resa-aswan-abu-simbel-hurghada\/","name":"Resa till Aswan och Abu Simbel fr\u00e5n Hurghada","isPartOf":{"@id":"https:\/\/landioustravel.com\/sv\/#website"},"primaryImageOfPage":{"@id":"https:\/\/landioustravel.com\/sv\/shop\/resa-aswan-abu-simbel-hurghada\/#primaryimage"},"image":{"@id":"https:\/\/landioustravel.com\/sv\/shop\/resa-aswan-abu-simbel-hurghada\/#primaryimage"},"thumbnailUrl":"https:\/\/i0.wp.com\/landioustravel.com\/wp-content\/uploads\/2020\/11\/Aswan-Abu-Simbel-Trip-from-Hurghada-e1668717985588.jpg?fit=1200%2C675&ssl=1","datePublished":"2020-11-13T06:58:41+00:00","dateModified":"2024-09-28T17:16:31+00:00","description":"Resa till Aswan och Abu Simbel fr\u00e5n Hurghada Resan ger dig m\u00f6jlighet att g\u00f6ra n\u00e5gra sightseeingaktiviteter. Visst kan du bes\u00f6ka Aswan-attraktioner och \u00e5ka","breadcrumb":{"@id":"https:\/\/landioustravel.com\/sv\/shop\/resa-aswan-abu-simbel-hurghada\/#breadcrumb"},"inLanguage":"sv-SE","potentialAction":[{"@type":"ReadAction","target":["https:\/\/landioustravel.com\/sv\/shop\/resa-aswan-abu-simbel-hurghada\/"]}]},{"@type":"ImageObject","inLanguage":"sv-SE","@id":"https:\/\/landioustravel.com\/sv\/shop\/resa-aswan-abu-simbel-hurghada\/#primaryimage","url":"https:\/\/i0.wp.com\/landioustravel.com\/wp-content\/uploads\/2020\/11\/Aswan-Abu-Simbel-Trip-from-Hurghada-e1668717985588.jpg?fit=1200%2C675&ssl=1","contentUrl":"https:\/\/i0.wp.com\/landioustravel.com\/wp-content\/uploads\/2020\/11\/Aswan-Abu-Simbel-Trip-from-Hurghada-e1668717985588.jpg?fit=1200%2C675&ssl=1","width":1200,"height":675,"caption":"Aswan Abu Simbel Trip Hurghada"},{"@type":"BreadcrumbList","@id":"https:\/\/landioustravel.com\/sv\/shop\/resa-aswan-abu-simbel-hurghada\/#breadcrumb","itemListElement":[{"@type":"ListItem","position":1,"name":"Home","item":"https:\/\/landioustravel.com\/sv\/"},{"@type":"ListItem","position":2,"name":"Tj\u00e4nster &#038; turer","item":"https:\/\/landioustravel.com\/sv\/"},{"@type":"ListItem","position":3,"name":"Resa till Aswan och Abu Simbel fr\u00e5n Hurghada"}]},{"@type":"WebSite","@id":"https:\/\/landioustravel.com\/sv\/#website","url":"https:\/\/landioustravel.com\/sv\/","name":"Landious Travel","description":"Excursions, trips and cruises in Egypt","publisher":{"@id":"https:\/\/landioustravel.com\/sv\/#organization"},"potentialAction":[{"@type":"SearchAction","target":{"@type":"EntryPoint","urlTemplate":"https:\/\/landioustravel.com\/sv\/?s={search_term_string}"},"query-input":{"@type":"PropertyValueSpecification","valueRequired":true,"valueName":"search_term_string"}}],"inLanguage":"sv-SE"},{"@type":["Organization","Place"],"@id":"https:\/\/landioustravel.com\/sv\/#organization","name":"Landious Travel","alternateName":"Landious Travel","url":"https:\/\/landioustravel.com\/sv\/","logo":{"@id":"https:\/\/landioustravel.com\/sv\/shop\/resa-aswan-abu-simbel-hurghada\/#local-main-organization-logo"},"image":{"@id":"https:\/\/landioustravel.com\/sv\/shop\/resa-aswan-abu-simbel-hurghada\/#local-main-organization-logo"},"sameAs":["https:\/\/web.facebook.com\/landiousEgypt","https:\/\/x.com\/LandiousTours","https:\/\/mastodon.social\/@landious"],"legalName":"Landious Travel","telephone":[],"openingHoursSpecification":[{"@type":"OpeningHoursSpecification","dayOfWeek":["Monday","Tuesday","Wednesday","Thursday","Friday","Saturday","Sunday"],"opens":"09:00","closes":"17:00"}]},{"@type":"ImageObject","inLanguage":"sv-SE","@id":"https:\/\/landioustravel.com\/sv\/shop\/resa-aswan-abu-simbel-hurghada\/#local-main-organization-logo","url":"https:\/\/i0.wp.com\/landioustravel.com\/wp-content\/uploads\/2021\/06\/Landious-T.png?fit=500%2C500&ssl=1","contentUrl":"https:\/\/i0.wp.com\/landioustravel.com\/wp-content\/uploads\/2021\/06\/Landious-T.png?fit=500%2C500&ssl=1","width":500,"height":500,"caption":"Landious Travel"}]}},"jetpack_publicize_connections":[],"uagb_featured_image_src":{"full":["https:\/\/i0.wp.com\/landioustravel.com\/wp-content\/uploads\/2020\/11\/Aswan-Abu-Simbel-Trip-from-Hurghada-e1668717985588.jpg?fit=1200%2C675&ssl=1",1200,675,false],"thumbnail":["https:\/\/i0.wp.com\/landioustravel.com\/wp-content\/uploads\/2020\/11\/Aswan-Abu-Simbel-Trip-from-Hurghada-e1668717985588.jpg?resize=150%2C150&ssl=1",150,150,true],"medium":["https:\/\/i0.wp.com\/landioustravel.com\/wp-content\/uploads\/2020\/11\/Aswan-Abu-Simbel-Trip-from-Hurghada-e1668717985588.jpg?fit=300%2C169&ssl=1",300,169,true],"medium_large":["https:\/\/i0.wp.com\/landioustravel.com\/wp-content\/uploads\/2020\/11\/Aswan-Abu-Simbel-Trip-from-Hurghada-e1668717985588.jpg?fit=768%2C432&ssl=1",768,432,true],"large":["https:\/\/i0.wp.com\/landioustravel.com\/wp-content\/uploads\/2020\/11\/Aswan-Abu-Simbel-Trip-from-Hurghada-e1668717985588.jpg?fit=980%2C551&ssl=1",980,551,true],"1536x1536":["https:\/\/i0.wp.com\/landioustravel.com\/wp-content\/uploads\/2020\/11\/Aswan-Abu-Simbel-Trip-from-Hurghada-e1668717985588.jpg?fit=1536%2C864&ssl=1",1536,864,true],"2048x2048":["https:\/\/i0.wp.com\/landioustravel.com\/wp-content\/uploads\/2020\/11\/Aswan-Abu-Simbel-Trip-from-Hurghada-e1668717985588.jpg?fit=2048%2C1152&ssl=1",2048,1152,true],"newspack-article-block-landscape-large":["https:\/\/i0.wp.com\/landioustravel.com\/wp-content\/uploads\/2020\/11\/Aswan-Abu-Simbel-Trip-from-Hurghada-e1668717985588.jpg?resize=1200%2C675&ssl=1",1200,675,true],"newspack-article-block-portrait-large":["https:\/\/i0.wp.com\/landioustravel.com\/wp-content\/uploads\/2020\/11\/Aswan-Abu-Simbel-Trip-from-Hurghada-e1668717985588.jpg?resize=900%2C675&ssl=1",900,675,true],"newspack-article-block-square-large":["https:\/\/i0.wp.com\/landioustravel.com\/wp-content\/uploads\/2020\/11\/Aswan-Abu-Simbel-Trip-from-Hurghada-e1668717985588.jpg?resize=1200%2C675&ssl=1",1200,675,true],"newspack-article-block-landscape-medium":["https:\/\/i0.wp.com\/landioustravel.com\/wp-content\/uploads\/2020\/11\/Aswan-Abu-Simbel-Trip-from-Hurghada-e1668717985588.jpg?resize=800%2C600&ssl=1",800,600,true],"newspack-article-block-portrait-medium":["https:\/\/i0.wp.com\/landioustravel.com\/wp-content\/uploads\/2020\/11\/Aswan-Abu-Simbel-Trip-from-Hurghada-e1668717985588.jpg?resize=600%2C675&ssl=1",600,675,true],"newspack-article-block-square-medium":["https:\/\/i0.wp.com\/landioustravel.com\/wp-content\/uploads\/2020\/11\/Aswan-Abu-Simbel-Trip-from-Hurghada-e1668717985588.jpg?resize=800%2C675&ssl=1",800,675,true],"newspack-article-block-landscape-intermediate":["https:\/\/i0.wp.com\/landioustravel.com\/wp-content\/uploads\/2020\/11\/Aswan-Abu-Simbel-Trip-from-Hurghada-e1668717985588.jpg?resize=600%2C450&ssl=1",600,450,true],"newspack-article-block-portrait-intermediate":["https:\/\/i0.wp.com\/landioustravel.com\/wp-content\/uploads\/2020\/11\/Aswan-Abu-Simbel-Trip-from-Hurghada-e1668717985588.jpg?resize=450%2C600&ssl=1",450,600,true],"newspack-article-block-square-intermediate":["https:\/\/i0.wp.com\/landioustravel.com\/wp-content\/uploads\/2020\/11\/Aswan-Abu-Simbel-Trip-from-Hurghada-e1668717985588.jpg?resize=600%2C600&ssl=1",600,600,true],"newspack-article-block-landscape-small":["https:\/\/i0.wp.com\/landioustravel.com\/wp-content\/uploads\/2020\/11\/Aswan-Abu-Simbel-Trip-from-Hurghada-e1668717985588.jpg?resize=400%2C300&ssl=1",400,300,true],"newspack-article-block-portrait-small":["https:\/\/i0.wp.com\/landioustravel.com\/wp-content\/uploads\/2020\/11\/Aswan-Abu-Simbel-Trip-from-Hurghada-e1668717985588.jpg?resize=300%2C400&ssl=1",300,400,true],"newspack-article-block-square-small":["https:\/\/i0.wp.com\/landioustravel.com\/wp-content\/uploads\/2020\/11\/Aswan-Abu-Simbel-Trip-from-Hurghada-e1668717985588.jpg?resize=400%2C400&ssl=1",400,400,true],"newspack-article-block-landscape-tiny":["https:\/\/i0.wp.com\/landioustravel.com\/wp-content\/uploads\/2020\/11\/Aswan-Abu-Simbel-Trip-from-Hurghada-e1668717985588.jpg?resize=200%2C150&ssl=1",200,150,true],"newspack-article-block-portrait-tiny":["https:\/\/i0.wp.com\/landioustravel.com\/wp-content\/uploads\/2020\/11\/Aswan-Abu-Simbel-Trip-from-Hurghada-e1668717985588.jpg?resize=150%2C200&ssl=1",150,200,true],"newspack-article-block-square-tiny":["https:\/\/i0.wp.com\/landioustravel.com\/wp-content\/uploads\/2020\/11\/Aswan-Abu-Simbel-Trip-from-Hurghada-e1668717985588.jpg?resize=200%2C200&ssl=1",200,200,true],"newspack-article-block-uncropped":["https:\/\/i0.wp.com\/landioustravel.com\/wp-content\/uploads\/2020\/11\/Aswan-Abu-Simbel-Trip-from-Hurghada-e1668717985588.jpg?fit=1200%2C675&ssl=1",1200,675,true],"woocommerce_thumbnail":["https:\/\/i0.wp.com\/landioustravel.com\/wp-content\/uploads\/2020\/11\/Aswan-Abu-Simbel-Trip-from-Hurghada-e1668717985588.jpg?resize=324%2C324&ssl=1",324,324,true],"woocommerce_single":["https:\/\/i0.wp.com\/landioustravel.com\/wp-content\/uploads\/2020\/11\/Aswan-Abu-Simbel-Trip-from-Hurghada-e1668717985588.jpg?fit=416%2C234&ssl=1",416,234,true],"woocommerce_gallery_thumbnail":["https:\/\/i0.wp.com\/landioustravel.com\/wp-content\/uploads\/2020\/11\/Aswan-Abu-Simbel-Trip-from-Hurghada-e1668717985588.jpg?resize=100%2C100&ssl=1",100,100,true]},"uagb_author_info":{"display_name":"Mofreh Landious","author_link":"https:\/\/landioustravel.com\/sv\/author\/"},"uagb_comment_info":4,"uagb_excerpt":"Ge dig ut p\u00e5 en underbar resa fylld med sightseeingaktiviteter som tar dig till Aswans attraktioner och vidare till Nubia, d\u00e4r du kommer att f\u00f6rundras \u00f6ver Abu Simbels tempel. Din resplan inkluderar ett bes\u00f6k p\u00e5 High Dam, Temple of Goddess Isis p\u00e5 Philae Island, Hatshepsuts ofullbordade obelisk och Ramses II:s tempel. Du kommer till och&hellip;","jetpack_sharing_enabled":true,"jetpack_likes_enabled":true,"amp_enabled":true,"_links":{"self":[{"href":"https:\/\/landioustravel.com\/sv\/wp-json\/wp\/v2\/product\/25819","targetHints":{"allow":["GET"]}}],"collection":[{"href":"https:\/\/landioustravel.com\/sv\/wp-json\/wp\/v2\/product"}],"about":[{"href":"https:\/\/landioustravel.com\/sv\/wp-json\/wp\/v2\/types\/product"}],"replies":[{"embeddable":true,"href":"https:\/\/landioustravel.com\/sv\/wp-json\/wp\/v2\/comments?post=25819"}],"wp:featuredmedia":[{"embeddable":true,"href":"https:\/\/landioustravel.com\/sv\/wp-json\/wp\/v2\/media\/128070"}],"wp:attachment":[{"href":"https:\/\/landioustravel.com\/sv\/wp-json\/wp\/v2\/media?parent=25819"}],"wp:term":[{"taxonomy":"product_brand","embeddable":true,"href":"https:\/\/landioustravel.com\/sv\/wp-json\/wp\/v2\/product_brand?post=25819"},{"taxonomy":"product_cat","embeddable":true,"href":"https:\/\/landioustravel.com\/sv\/wp-json\/wp\/v2\/product_cat?post=25819"},{"taxonomy":"product_tag","embeddable":true,"href":"https:\/\/landioustravel.com\/sv\/wp-json\/wp\/v2\/product_tag?post=25819"}],"curies":[{"name":"wp","href":"https:\/\/api.w.org\/{rel}","templated":true}]}}