{"id":25852,"date":"2018-11-12T00:52:50","date_gmt":"2020-11-20T17:06:29","guid":{"rendered":"https:\/\/landioustravel.com\/?post_type=product&#038;p=25852"},"modified":"2024-09-17T20:14:03","modified_gmt":"2024-09-17T17:14:03","slug":"utflykt-kairo-giza-hurghada","status":"publish","type":"product","link":"https:\/\/landioustravel.com\/sv\/shop\/utflykt-kairo-giza-hurghada\/","title":{"rendered":"Utflykt till Kairo &#8211; Giza fr\u00e5n Hurghada"},"content":{"rendered":"<p>Det \u00e4r en underbar resa till Kairo &#8211; Giza fr\u00e5n Hurghada, Egypten! Vi rekommenderar utflykten p\u00e5 grund av det faktum att turister kan se de mest imponerande sev\u00e4rdheterna, byggda under det gamla Egypten, och l\u00e4ra sig mer om landets historia.<\/p>\n<h2>Huvudpunkterna f\u00f6r utflyktsprogrammet i Kairo<\/h2>\n<ul>\n<li>Bes\u00f6k p\u00e5 egyptiska museet i Kairo<\/li>\n<li>Lunch<\/li>\n<li>Bes\u00f6k de tre pyramiderna i Giza<\/li>\n<li>Bes\u00f6k ocks\u00e5 den stora sfinxen i pyramidkomplexet<\/li>\n<\/ul>\n<h3>Program f\u00f6r resa till Kairo-Giza fr\u00e5n Hurghada<\/h3>\n<ul>\n<li>Landious Travel representant h\u00e4mtar dig fr\u00e5n ditt hotell i Hurghada, runt 02:00 p\u00e5 morgonen<\/li>\n<li>Efter att ha h\u00e4mtat alla bes\u00f6kare avg\u00e5r minibussen till Kairo och passerar staden Ras Ghareb, Zaafaran, Ain Sozno och Suez. Alla dessa st\u00e4der ligger norr om Hurghada, vid R\u00f6da havets kust. V\u00e4gen, fr\u00e5n centrum av Hurghada till Kairo, tar cirka 6 timmar<\/li>\n<li>V\u00e4rt att notera, utflykten till Kairo &#8211; Giza fr\u00e5n Hurghada leder till tv\u00e5 olika st\u00e4der _ Kairo och Giza<\/li>\n<\/ul>\n<h4>Program i Kairo<\/h4>\n<ul>\n<li>S\u00e5 snart du anl\u00e4nder till Kairo visar vi Egyptiska museet. Din guide har en uppgift att visa alla dessa tempel och ge ledig tid att ta bilder<\/li>\n<li>Efter att ha bes\u00f6kt Egyptiska museet i Kairo, b\u00f6rjar du b\u00e5tturen p\u00e5 Nilen. Detta \u00e4r ett extra program och det kan best\u00e4llas i f\u00f6rv\u00e4g via oss! S\u00e5 snart b\u00e5tturen p\u00e5 Nilen slutar, \u00e4r du p\u00e5 v\u00e4g till en annan stad _ Giza<\/li>\n<\/ul>\n<h4>Program i Giza<\/h4>\n<ul>\n<li>Turn\u00e9n forts\u00e4tter i Giza. Det f\u00f6rsta stoppet kommer att finnas i restaurangen. Den erbjuder en buff\u00e9<\/li>\n<li>Sedan g\u00e5r gruppen till pyramidkomplexet, d\u00e4r det finns stora tre pyramider och sfinxen. Din guide visar dem och ger dem en bild<\/li>\n<li>V\u00e5r buss avg\u00e5r efter ett s\u00e5dant program i de underbara st\u00e4derna Kairo och Giza.<\/li>\n<li>Denna &#8221;Utflykt till Kairo &#8211; Giza fr\u00e5n Hurghada&#8221; slutar klockan 22:00<\/li>\n<\/ul>\n<h4>Vad ing\u00e5r i turn\u00e9priset<\/h4>\n<ul>\n<li>Biljetter till bes\u00f6kande tempel<\/li>\n<li>Lunch<\/li>\n<li>Guide<\/li>\n<li>\u00d6verf\u00f6r ocks\u00e5 till Kairo och tillbaka till hotellet<\/li>\n<\/ul>\n<h5>Vad ing\u00e5r inte i priset f\u00f6r turn\u00e9n<\/h5>\n<ul>\n<li>Ytterligare utflyktsprogram om de inte ing\u00e5r i ovanst\u00e5ende program<\/li>\n<li>Ocks\u00e5, drycker i restaurangen<\/li>\n<\/ul>\n<h6>Vad du ska ta med dig f\u00f6r resan till Kairo &#8211; Giza<\/h6>\n<ul>\n<li>Frukostl\u00e5da<\/li>\n<li>Pass<\/li>\n<li>Ocks\u00e5 kl\u00e4der f\u00f6r s\u00e4songen<\/li>\n<\/ul>\n<h6>Dagar med utflyktsorganisation<\/h6>\n<ul>\n<li>Dagligen fr\u00e5n 02: 00-22: 00<\/li>\n<\/ul>\n","protected":false},"excerpt":{"rendered":"<p>Ge dig ut p\u00e5 en resa till Kairo och l\u00e5t oss ta hand om din komfort och s\u00e4kerhet. V\u00e5r luftkonditionerade buss h\u00e4mtar dig fr\u00e5n ditt hotell i Hurghada och k\u00f6r dig genom det fantastiska R\u00f6da havet och \u00f6kenlandskapet. N\u00e4r du anl\u00e4nder till Kairo kommer din reseguide att v\u00e4nta p\u00e5 att ta dig med p\u00e5 en busstur. Vi f\u00f6rst\u00e5r att det kan vara \u00f6verv\u00e4ldigande att resa till en ny plats, s\u00e5 vi kommer att finnas d\u00e4r f\u00f6r att hj\u00e4lpa dig varje steg p\u00e5 v\u00e4gen.<\/p>\n<p>Det egyptiska nationalmuseet \u00e4r en attraktion som m\u00e5ste ses, och v\u00e5r rundtur tar dig dit f\u00f6r att f\u00f6rundras \u00f6ver de faraoniska skatterna, inklusive Tutankhamons gyllene skatt och de fascinerande sarkofagerna. Du kommer ocks\u00e5 att f\u00e5 bes\u00f6ka de ber\u00f6mda pyramiderna, som anses vara ett av v\u00e4rldens sju underverk. Din guide ger dig gott om tid att beundra pyramiderna och ta in den hisnande utsikten fr\u00e5n plat\u00e5n. Och naturligtvis \u00e4r inget bes\u00f6k i pyramiderna komplett utan att se sfinxen.<\/p>\n<p>Om du fortfarande har lite energi kvar erbjuder vi en valfri Nilenresa mot en extra kostnad.<\/p>\n<p>Vi f\u00f6rst\u00e5r att du inte vill missa Kairos antika underverk bara f\u00f6r att du \u00e4r i Hurghada. Det \u00e4r d\u00e4rf\u00f6r vi har gjort det till v\u00e5rt uppdrag att ge dig ett bekv\u00e4mt och bekv\u00e4mt s\u00e4tt att uppleva Kairos h\u00f6jdpunkter. V\u00e5r f\u00f6rare-guide tar dig i ett luftkonditionerat fordon, och vi inkluderar \u00e4ven en uts\u00f6kt lunch och ett bes\u00f6k p\u00e5 den lokala basaren. Du har allt du beh\u00f6ver f\u00f6r att skapa minnen som varar livet ut.<\/p>\n<p>Vi vet att det kan vara stressigt att resa, s\u00e5 vi vill g\u00f6ra det s\u00e5 enkelt som m\u00f6jligt f\u00f6r dig. Det \u00e4r d\u00e4rf\u00f6r vi h\u00e4mtar dig fr\u00e5n ditt hotell vid en tidpunkt som passar dig och tar hand om alla detaljer. Du kan luta dig tillbaka, koppla av och l\u00e5t oss visa dig Kairos underverk.<\/p>\n","protected":false},"featured_media":46718,"comment_status":"open","ping_status":"closed","template":"","meta":{"_coblocks_attr":"","_coblocks_dimensions":"","_coblocks_responsive_height":"","_coblocks_accordion_ie_support":"","_uag_custom_page_level_css":"","jetpack_publicize_message":"","jetpack_publicize_feature_enabled":true,"jetpack_social_post_already_shared":true,"jetpack_social_options":{"image_generator_settings":{"template":"highway","default_image_id":0,"font":"","enabled":false},"version":2},"_wpas_customize_per_network":false},"product_brand":[],"product_cat":[18870,18869],"product_tag":[19008,18974,19015,19027,19030,18998,19001],"class_list":{"0":"post-25852","1":"product","2":"type-product","3":"status-publish","4":"has-post-thumbnail","6":"product_cat-historiska-utflykter-hurghada","7":"product_cat-hurghada-utflykter","8":"product_tag-hurghada-sv","9":"product_tag-kairo-sv","10":"product_tag-pyramider","11":"product_tag-sightseeing-sv","12":"product_tag-sphinx-sv","13":"product_tag-utflykt","14":"product_tag-utflykter-hurghada","15":"pa_age-barn-1-4-ar","16":"pa_age-barn-5-11-ar","17":"pa_age-vuxen","19":"first","20":"instock","21":"sale","22":"purchasable","23":"product-type-variable"},"yoast_head":"<!-- This site is optimized with the Yoast SEO Premium plugin v26.9 (Yoast SEO v27.5) - https:\/\/yoast.com\/product\/yoast-seo-premium-wordpress\/ -->\n<title>Utflykt till Kairo - Giza fr\u00e5n Hurghada<\/title>\n<meta name=\"description\" content=\"Utflykt till Kairo - Giza fr\u00e5n Hurghada bes\u00f6k de tre stora pyramiderna i Giza och den stora sfinxen. Sedan \u00e4ter vi lunch. Efter lunch bes\u00f6ker du Egyptiska\" \/>\n<meta name=\"robots\" content=\"index, follow, max-snippet:-1, max-image-preview:large, max-video-preview:-1\" \/>\n<link rel=\"canonical\" href=\"https:\/\/landioustravel.com\/sv\/shop\/utflykt-kairo-giza-hurghada\/\" \/>\n<meta property=\"og:locale\" content=\"sv_SE\" \/>\n<meta property=\"og:type\" content=\"article\" \/>\n<meta property=\"og:title\" content=\"Utflykt till Kairo - Giza fr\u00e5n Hurghada\" \/>\n<meta property=\"og:description\" content=\"Landious Travel\" \/>\n<meta property=\"og:url\" content=\"https:\/\/landioustravel.com\/sv\/shop\/utflykt-kairo-giza-hurghada\/\" \/>\n<meta property=\"og:site_name\" content=\"Landious Travel\" \/>\n<meta property=\"article:publisher\" content=\"https:\/\/web.facebook.com\/landiousEgypt\" \/>\n<meta property=\"article:modified_time\" content=\"2024-09-17T17:14:03+00:00\" \/>\n<meta property=\"og:image\" content=\"https:\/\/i0.wp.com\/landioustravel.com\/wp-content\/uploads\/2018\/11\/Giza-Cairo-Excursion-Hurghada-e1617832610155.jpg?fit=1200%2C674&ssl=1\" \/>\n\t<meta property=\"og:image:width\" content=\"1200\" \/>\n\t<meta property=\"og:image:height\" content=\"674\" \/>\n\t<meta property=\"og:image:type\" content=\"image\/jpeg\" \/>\n<meta name=\"twitter:card\" content=\"summary_large_image\" \/>\n<meta name=\"twitter:site\" content=\"@LandiousTours\" \/>\n<meta name=\"twitter:label1\" content=\"Ber\u00e4knad l\u00e4stid\" \/>\n\t<meta name=\"twitter:data1\" content=\"2 minuter\" \/>\n<script type=\"application\/ld+json\" class=\"yoast-schema-graph\">{\"@context\":\"https:\\\/\\\/schema.org\",\"@graph\":[{\"@type\":\"WebPage\",\"@id\":\"https:\\\/\\\/landioustravel.com\\\/sv\\\/shop\\\/utflykt-kairo-giza-hurghada\\\/\",\"url\":\"https:\\\/\\\/landioustravel.com\\\/sv\\\/shop\\\/utflykt-kairo-giza-hurghada\\\/\",\"name\":\"Utflykt till Kairo - Giza fr\u00e5n Hurghada\",\"isPartOf\":{\"@id\":\"https:\\\/\\\/landioustravel.com\\\/sv\\\/#website\"},\"primaryImageOfPage\":{\"@id\":\"https:\\\/\\\/landioustravel.com\\\/sv\\\/shop\\\/utflykt-kairo-giza-hurghada\\\/#primaryimage\"},\"image\":{\"@id\":\"https:\\\/\\\/landioustravel.com\\\/sv\\\/shop\\\/utflykt-kairo-giza-hurghada\\\/#primaryimage\"},\"thumbnailUrl\":\"https:\\\/\\\/i0.wp.com\\\/landioustravel.com\\\/wp-content\\\/uploads\\\/2018\\\/11\\\/Giza-Cairo-Excursion-Hurghada-e1617832610155.jpg?fit=1200%2C674&ssl=1\",\"datePublished\":\"2020-11-20T17:06:29+00:00\",\"dateModified\":\"2024-09-17T17:14:03+00:00\",\"description\":\"Utflykt till Kairo - Giza fr\u00e5n Hurghada bes\u00f6k de tre stora pyramiderna i Giza och den stora sfinxen. Sedan \u00e4ter vi lunch. Efter lunch bes\u00f6ker du Egyptiska\",\"breadcrumb\":{\"@id\":\"https:\\\/\\\/landioustravel.com\\\/sv\\\/shop\\\/utflykt-kairo-giza-hurghada\\\/#breadcrumb\"},\"inLanguage\":\"sv-SE\",\"potentialAction\":[{\"@type\":\"ReadAction\",\"target\":[\"https:\\\/\\\/landioustravel.com\\\/sv\\\/shop\\\/utflykt-kairo-giza-hurghada\\\/\"]}]},{\"@type\":\"ImageObject\",\"inLanguage\":\"sv-SE\",\"@id\":\"https:\\\/\\\/landioustravel.com\\\/sv\\\/shop\\\/utflykt-kairo-giza-hurghada\\\/#primaryimage\",\"url\":\"https:\\\/\\\/i0.wp.com\\\/landioustravel.com\\\/wp-content\\\/uploads\\\/2018\\\/11\\\/Giza-Cairo-Excursion-Hurghada-e1617832610155.jpg?fit=1200%2C674&ssl=1\",\"contentUrl\":\"https:\\\/\\\/i0.wp.com\\\/landioustravel.com\\\/wp-content\\\/uploads\\\/2018\\\/11\\\/Giza-Cairo-Excursion-Hurghada-e1617832610155.jpg?fit=1200%2C674&ssl=1\",\"width\":1200,\"height\":674,\"caption\":\"Giza Cairo Excursion Hurghada\"},{\"@type\":\"BreadcrumbList\",\"@id\":\"https:\\\/\\\/landioustravel.com\\\/sv\\\/shop\\\/utflykt-kairo-giza-hurghada\\\/#breadcrumb\",\"itemListElement\":[{\"@type\":\"ListItem\",\"position\":1,\"name\":\"Home\",\"item\":\"https:\\\/\\\/landioustravel.com\\\/sv\\\/\"},{\"@type\":\"ListItem\",\"position\":2,\"name\":\"Tj\u00e4nster &#038; turer\",\"item\":\"https:\\\/\\\/landioustravel.com\\\/sv\\\/\"},{\"@type\":\"ListItem\",\"position\":3,\"name\":\"Utflykt till Kairo &#8211; Giza fr\u00e5n Hurghada\"}]},{\"@type\":\"WebSite\",\"@id\":\"https:\\\/\\\/landioustravel.com\\\/sv\\\/#website\",\"url\":\"https:\\\/\\\/landioustravel.com\\\/sv\\\/\",\"name\":\"Landious Travel\",\"description\":\"Excursions, trips and cruises in Egypt\",\"publisher\":{\"@id\":\"https:\\\/\\\/landioustravel.com\\\/sv\\\/#organization\"},\"potentialAction\":[{\"@type\":\"SearchAction\",\"target\":{\"@type\":\"EntryPoint\",\"urlTemplate\":\"https:\\\/\\\/landioustravel.com\\\/sv\\\/?s={search_term_string}\"},\"query-input\":{\"@type\":\"PropertyValueSpecification\",\"valueRequired\":true,\"valueName\":\"search_term_string\"}}],\"inLanguage\":\"sv-SE\"},{\"@type\":[\"Organization\",\"Place\"],\"@id\":\"https:\\\/\\\/landioustravel.com\\\/sv\\\/#organization\",\"name\":\"Landious Travel\",\"alternateName\":\"Landious Travel\",\"url\":\"https:\\\/\\\/landioustravel.com\\\/sv\\\/\",\"logo\":{\"@id\":\"https:\\\/\\\/landioustravel.com\\\/sv\\\/shop\\\/utflykt-kairo-giza-hurghada\\\/#local-main-organization-logo\"},\"image\":{\"@id\":\"https:\\\/\\\/landioustravel.com\\\/sv\\\/shop\\\/utflykt-kairo-giza-hurghada\\\/#local-main-organization-logo\"},\"sameAs\":[\"https:\\\/\\\/web.facebook.com\\\/landiousEgypt\",\"https:\\\/\\\/x.com\\\/LandiousTours\",\"https:\\\/\\\/mastodon.social\\\/@landious\"],\"legalName\":\"Landious Travel\",\"telephone\":[],\"openingHoursSpecification\":[{\"@type\":\"OpeningHoursSpecification\",\"dayOfWeek\":[\"Monday\",\"Tuesday\",\"Wednesday\",\"Thursday\",\"Friday\",\"Saturday\",\"Sunday\"],\"opens\":\"09:00\",\"closes\":\"17:00\"}]},{\"@type\":\"ImageObject\",\"inLanguage\":\"sv-SE\",\"@id\":\"https:\\\/\\\/landioustravel.com\\\/sv\\\/shop\\\/utflykt-kairo-giza-hurghada\\\/#local-main-organization-logo\",\"url\":\"https:\\\/\\\/i0.wp.com\\\/landioustravel.com\\\/wp-content\\\/uploads\\\/2021\\\/06\\\/Landious-T.png?fit=500%2C500&ssl=1\",\"contentUrl\":\"https:\\\/\\\/i0.wp.com\\\/landioustravel.com\\\/wp-content\\\/uploads\\\/2021\\\/06\\\/Landious-T.png?fit=500%2C500&ssl=1\",\"width\":500,\"height\":500,\"caption\":\"Landious Travel\"}]}<\/script>\n<!-- \/ Yoast SEO Premium plugin. -->","yoast_head_json":{"title":"Utflykt till Kairo - Giza fr\u00e5n Hurghada","description":"Utflykt till Kairo - Giza fr\u00e5n Hurghada bes\u00f6k de tre stora pyramiderna i Giza och den stora sfinxen. Sedan \u00e4ter vi lunch. Efter lunch bes\u00f6ker du Egyptiska","robots":{"index":"index","follow":"follow","max-snippet":"max-snippet:-1","max-image-preview":"max-image-preview:large","max-video-preview":"max-video-preview:-1"},"canonical":"https:\/\/landioustravel.com\/sv\/shop\/utflykt-kairo-giza-hurghada\/","og_locale":"sv_SE","og_type":"article","og_title":"Utflykt till Kairo - Giza fr\u00e5n Hurghada","og_description":"Landious Travel","og_url":"https:\/\/landioustravel.com\/sv\/shop\/utflykt-kairo-giza-hurghada\/","og_site_name":"Landious Travel","article_publisher":"https:\/\/web.facebook.com\/landiousEgypt","article_modified_time":"2024-09-17T17:14:03+00:00","og_image":[{"width":1200,"height":674,"url":"https:\/\/i0.wp.com\/landioustravel.com\/wp-content\/uploads\/2018\/11\/Giza-Cairo-Excursion-Hurghada-e1617832610155.jpg?fit=1200%2C674&ssl=1","type":"image\/jpeg"}],"twitter_card":"summary_large_image","twitter_site":"@LandiousTours","twitter_misc":{"Ber\u00e4knad l\u00e4stid":"2 minuter"},"schema":{"@context":"https:\/\/schema.org","@graph":[{"@type":"WebPage","@id":"https:\/\/landioustravel.com\/sv\/shop\/utflykt-kairo-giza-hurghada\/","url":"https:\/\/landioustravel.com\/sv\/shop\/utflykt-kairo-giza-hurghada\/","name":"Utflykt till Kairo - Giza fr\u00e5n Hurghada","isPartOf":{"@id":"https:\/\/landioustravel.com\/sv\/#website"},"primaryImageOfPage":{"@id":"https:\/\/landioustravel.com\/sv\/shop\/utflykt-kairo-giza-hurghada\/#primaryimage"},"image":{"@id":"https:\/\/landioustravel.com\/sv\/shop\/utflykt-kairo-giza-hurghada\/#primaryimage"},"thumbnailUrl":"https:\/\/i0.wp.com\/landioustravel.com\/wp-content\/uploads\/2018\/11\/Giza-Cairo-Excursion-Hurghada-e1617832610155.jpg?fit=1200%2C674&ssl=1","datePublished":"2020-11-20T17:06:29+00:00","dateModified":"2024-09-17T17:14:03+00:00","description":"Utflykt till Kairo - Giza fr\u00e5n Hurghada bes\u00f6k de tre stora pyramiderna i Giza och den stora sfinxen. Sedan \u00e4ter vi lunch. Efter lunch bes\u00f6ker du Egyptiska","breadcrumb":{"@id":"https:\/\/landioustravel.com\/sv\/shop\/utflykt-kairo-giza-hurghada\/#breadcrumb"},"inLanguage":"sv-SE","potentialAction":[{"@type":"ReadAction","target":["https:\/\/landioustravel.com\/sv\/shop\/utflykt-kairo-giza-hurghada\/"]}]},{"@type":"ImageObject","inLanguage":"sv-SE","@id":"https:\/\/landioustravel.com\/sv\/shop\/utflykt-kairo-giza-hurghada\/#primaryimage","url":"https:\/\/i0.wp.com\/landioustravel.com\/wp-content\/uploads\/2018\/11\/Giza-Cairo-Excursion-Hurghada-e1617832610155.jpg?fit=1200%2C674&ssl=1","contentUrl":"https:\/\/i0.wp.com\/landioustravel.com\/wp-content\/uploads\/2018\/11\/Giza-Cairo-Excursion-Hurghada-e1617832610155.jpg?fit=1200%2C674&ssl=1","width":1200,"height":674,"caption":"Giza Cairo Excursion Hurghada"},{"@type":"BreadcrumbList","@id":"https:\/\/landioustravel.com\/sv\/shop\/utflykt-kairo-giza-hurghada\/#breadcrumb","itemListElement":[{"@type":"ListItem","position":1,"name":"Home","item":"https:\/\/landioustravel.com\/sv\/"},{"@type":"ListItem","position":2,"name":"Tj\u00e4nster &#038; turer","item":"https:\/\/landioustravel.com\/sv\/"},{"@type":"ListItem","position":3,"name":"Utflykt till Kairo &#8211; Giza fr\u00e5n Hurghada"}]},{"@type":"WebSite","@id":"https:\/\/landioustravel.com\/sv\/#website","url":"https:\/\/landioustravel.com\/sv\/","name":"Landious Travel","description":"Excursions, trips and cruises in Egypt","publisher":{"@id":"https:\/\/landioustravel.com\/sv\/#organization"},"potentialAction":[{"@type":"SearchAction","target":{"@type":"EntryPoint","urlTemplate":"https:\/\/landioustravel.com\/sv\/?s={search_term_string}"},"query-input":{"@type":"PropertyValueSpecification","valueRequired":true,"valueName":"search_term_string"}}],"inLanguage":"sv-SE"},{"@type":["Organization","Place"],"@id":"https:\/\/landioustravel.com\/sv\/#organization","name":"Landious Travel","alternateName":"Landious Travel","url":"https:\/\/landioustravel.com\/sv\/","logo":{"@id":"https:\/\/landioustravel.com\/sv\/shop\/utflykt-kairo-giza-hurghada\/#local-main-organization-logo"},"image":{"@id":"https:\/\/landioustravel.com\/sv\/shop\/utflykt-kairo-giza-hurghada\/#local-main-organization-logo"},"sameAs":["https:\/\/web.facebook.com\/landiousEgypt","https:\/\/x.com\/LandiousTours","https:\/\/mastodon.social\/@landious"],"legalName":"Landious Travel","telephone":[],"openingHoursSpecification":[{"@type":"OpeningHoursSpecification","dayOfWeek":["Monday","Tuesday","Wednesday","Thursday","Friday","Saturday","Sunday"],"opens":"09:00","closes":"17:00"}]},{"@type":"ImageObject","inLanguage":"sv-SE","@id":"https:\/\/landioustravel.com\/sv\/shop\/utflykt-kairo-giza-hurghada\/#local-main-organization-logo","url":"https:\/\/i0.wp.com\/landioustravel.com\/wp-content\/uploads\/2021\/06\/Landious-T.png?fit=500%2C500&ssl=1","contentUrl":"https:\/\/i0.wp.com\/landioustravel.com\/wp-content\/uploads\/2021\/06\/Landious-T.png?fit=500%2C500&ssl=1","width":500,"height":500,"caption":"Landious Travel"}]}},"jetpack_publicize_connections":[],"uagb_featured_image_src":{"full":["https:\/\/i0.wp.com\/landioustravel.com\/wp-content\/uploads\/2018\/11\/Giza-Cairo-Excursion-Hurghada-e1617832610155.jpg?fit=1200%2C674&ssl=1",1200,674,false],"thumbnail":["https:\/\/i0.wp.com\/landioustravel.com\/wp-content\/uploads\/2018\/11\/Giza-Cairo-Excursion-Hurghada-e1617832610155.jpg?resize=150%2C150&ssl=1",150,150,true],"medium":["https:\/\/i0.wp.com\/landioustravel.com\/wp-content\/uploads\/2018\/11\/Giza-Cairo-Excursion-Hurghada-e1617832610155.jpg?fit=300%2C169&ssl=1",300,169,true],"medium_large":["https:\/\/i0.wp.com\/landioustravel.com\/wp-content\/uploads\/2018\/11\/Giza-Cairo-Excursion-Hurghada-e1617832610155.jpg?fit=768%2C432&ssl=1",768,432,true],"large":["https:\/\/i0.wp.com\/landioustravel.com\/wp-content\/uploads\/2018\/11\/Giza-Cairo-Excursion-Hurghada-e1617832610155.jpg?fit=980%2C550&ssl=1",980,550,true],"1536x1536":["https:\/\/i0.wp.com\/landioustravel.com\/wp-content\/uploads\/2018\/11\/Giza-Cairo-Excursion-Hurghada-e1617832610155.jpg?fit=1536%2C863&ssl=1",1536,863,true],"2048x2048":["https:\/\/i0.wp.com\/landioustravel.com\/wp-content\/uploads\/2018\/11\/Giza-Cairo-Excursion-Hurghada-e1617832610155.jpg?fit=1200%2C674&ssl=1",1200,674,true],"newspack-article-block-landscape-large":["https:\/\/i0.wp.com\/landioustravel.com\/wp-content\/uploads\/2018\/11\/Giza-Cairo-Excursion-Hurghada-e1617832610155.jpg?resize=1200%2C674&ssl=1",1200,900,true],"newspack-article-block-portrait-large":["https:\/\/i0.wp.com\/landioustravel.com\/wp-content\/uploads\/2018\/11\/Giza-Cairo-Excursion-Hurghada-e1617832610155.jpg?resize=900%2C674&ssl=1",900,921,true],"newspack-article-block-square-large":["https:\/\/i0.wp.com\/landioustravel.com\/wp-content\/uploads\/2018\/11\/Giza-Cairo-Excursion-Hurghada-e1617832610155.jpg?resize=1200%2C674&ssl=1",1200,921,true],"newspack-article-block-landscape-medium":["https:\/\/i0.wp.com\/landioustravel.com\/wp-content\/uploads\/2018\/11\/Giza-Cairo-Excursion-Hurghada-e1617832610155.jpg?resize=800%2C600&ssl=1",800,600,true],"newspack-article-block-portrait-medium":["https:\/\/i0.wp.com\/landioustravel.com\/wp-content\/uploads\/2018\/11\/Giza-Cairo-Excursion-Hurghada-e1617832610155.jpg?resize=600%2C674&ssl=1",600,800,true],"newspack-article-block-square-medium":["https:\/\/i0.wp.com\/landioustravel.com\/wp-content\/uploads\/2018\/11\/Giza-Cairo-Excursion-Hurghada-e1617832610155.jpg?resize=800%2C674&ssl=1",800,800,true],"newspack-article-block-landscape-intermediate":["https:\/\/i0.wp.com\/landioustravel.com\/wp-content\/uploads\/2018\/11\/Giza-Cairo-Excursion-Hurghada-e1617832610155.jpg?resize=600%2C450&ssl=1",600,450,true],"newspack-article-block-portrait-intermediate":["https:\/\/i0.wp.com\/landioustravel.com\/wp-content\/uploads\/2018\/11\/Giza-Cairo-Excursion-Hurghada-e1617832610155.jpg?resize=450%2C600&ssl=1",450,600,true],"newspack-article-block-square-intermediate":["https:\/\/i0.wp.com\/landioustravel.com\/wp-content\/uploads\/2018\/11\/Giza-Cairo-Excursion-Hurghada-e1617832610155.jpg?resize=600%2C600&ssl=1",600,600,true],"newspack-article-block-landscape-small":["https:\/\/i0.wp.com\/landioustravel.com\/wp-content\/uploads\/2018\/11\/Giza-Cairo-Excursion-Hurghada-e1617832610155.jpg?resize=400%2C300&ssl=1",400,300,true],"newspack-article-block-portrait-small":["https:\/\/i0.wp.com\/landioustravel.com\/wp-content\/uploads\/2018\/11\/Giza-Cairo-Excursion-Hurghada-e1617832610155.jpg?resize=300%2C400&ssl=1",300,400,true],"newspack-article-block-square-small":["https:\/\/i0.wp.com\/landioustravel.com\/wp-content\/uploads\/2018\/11\/Giza-Cairo-Excursion-Hurghada-e1617832610155.jpg?resize=400%2C400&ssl=1",400,400,true],"newspack-article-block-landscape-tiny":["https:\/\/i0.wp.com\/landioustravel.com\/wp-content\/uploads\/2018\/11\/Giza-Cairo-Excursion-Hurghada-e1617832610155.jpg?resize=200%2C150&ssl=1",200,150,true],"newspack-article-block-portrait-tiny":["https:\/\/i0.wp.com\/landioustravel.com\/wp-content\/uploads\/2018\/11\/Giza-Cairo-Excursion-Hurghada-e1617832610155.jpg?resize=150%2C200&ssl=1",150,200,true],"newspack-article-block-square-tiny":["https:\/\/i0.wp.com\/landioustravel.com\/wp-content\/uploads\/2018\/11\/Giza-Cairo-Excursion-Hurghada-e1617832610155.jpg?resize=200%2C200&ssl=1",200,200,true],"newspack-article-block-uncropped":["https:\/\/i0.wp.com\/landioustravel.com\/wp-content\/uploads\/2018\/11\/Giza-Cairo-Excursion-Hurghada-e1617832610155.jpg?fit=1200%2C674&ssl=1",1200,674,true],"woocommerce_thumbnail":["https:\/\/i0.wp.com\/landioustravel.com\/wp-content\/uploads\/2018\/11\/Giza-Cairo-Excursion-Hurghada-e1617832610155.jpg?resize=324%2C324&ssl=1",324,324,true],"woocommerce_single":["https:\/\/i0.wp.com\/landioustravel.com\/wp-content\/uploads\/2018\/11\/Giza-Cairo-Excursion-Hurghada-e1617832610155.jpg?fit=416%2C234&ssl=1",416,234,true],"woocommerce_gallery_thumbnail":["https:\/\/i0.wp.com\/landioustravel.com\/wp-content\/uploads\/2018\/11\/Giza-Cairo-Excursion-Hurghada-e1617832610155.jpg?resize=100%2C100&ssl=1",100,100,true]},"uagb_author_info":{"display_name":"Mofreh Landious","author_link":"https:\/\/landioustravel.com\/sv\/author\/"},"uagb_comment_info":6,"uagb_excerpt":"Ge dig ut p\u00e5 en resa till Kairo och l\u00e5t oss ta hand om din komfort och s\u00e4kerhet. V\u00e5r luftkonditionerade buss h\u00e4mtar dig fr\u00e5n ditt hotell i Hurghada och k\u00f6r dig genom det fantastiska R\u00f6da havet och \u00f6kenlandskapet. N\u00e4r du anl\u00e4nder till Kairo kommer din reseguide att v\u00e4nta p\u00e5 att ta dig med p\u00e5 en&hellip;","jetpack_sharing_enabled":true,"jetpack_likes_enabled":true,"amp_enabled":true,"_links":{"self":[{"href":"https:\/\/landioustravel.com\/sv\/wp-json\/wp\/v2\/product\/25852","targetHints":{"allow":["GET"]}}],"collection":[{"href":"https:\/\/landioustravel.com\/sv\/wp-json\/wp\/v2\/product"}],"about":[{"href":"https:\/\/landioustravel.com\/sv\/wp-json\/wp\/v2\/types\/product"}],"replies":[{"embeddable":true,"href":"https:\/\/landioustravel.com\/sv\/wp-json\/wp\/v2\/comments?post=25852"}],"wp:featuredmedia":[{"embeddable":true,"href":"https:\/\/landioustravel.com\/sv\/wp-json\/wp\/v2\/media\/46718"}],"wp:attachment":[{"href":"https:\/\/landioustravel.com\/sv\/wp-json\/wp\/v2\/media?parent=25852"}],"wp:term":[{"taxonomy":"product_brand","embeddable":true,"href":"https:\/\/landioustravel.com\/sv\/wp-json\/wp\/v2\/product_brand?post=25852"},{"taxonomy":"product_cat","embeddable":true,"href":"https:\/\/landioustravel.com\/sv\/wp-json\/wp\/v2\/product_cat?post=25852"},{"taxonomy":"product_tag","embeddable":true,"href":"https:\/\/landioustravel.com\/sv\/wp-json\/wp\/v2\/product_tag?post=25852"}],"curies":[{"name":"wp","href":"https:\/\/api.w.org\/{rel}","templated":true}]}}