{"id":25855,"date":"2018-11-11T12:09:17","date_gmt":"2020-11-20T17:22:17","guid":{"rendered":"https:\/\/landioustravel.com\/?post_type=product&#038;p=25855"},"modified":"2025-10-01T20:17:47","modified_gmt":"2025-10-01T17:17:47","slug":"utflykt-luxor-drottningens-hurghada","status":"publish","type":"product","link":"https:\/\/landioustravel.com\/sv\/shop\/utflykt-luxor-drottningens-hurghada\/","title":{"rendered":"Utflykt Luxor &#8211; Drottningens dal fr\u00e5n Hurghada"},"content":{"rendered":"<p>Det \u00e4r en underbar utflykt till Luxor &#8211; Valley of Queens fr\u00e5n orten Hurghada, Egypten! Vi rekommenderar en resa p\u00e5 grund av det faktum att turister kan se ett stort antal forntida egyptiska attraktioner och veta mer om landets historia.<\/p>\n<h2>Huvudpunkterna i utflyktsprogrammet till Queens of the Valley<\/h2>\n<ul>\n<li>Karnak tempel i de levandes stad<\/li>\n<li>Lunch<\/li>\n<li>Kolosserna fr\u00e5n Memnon i Temple of Amenhotep III<\/li>\n<li>Bes\u00f6k till drottning Hatshepsuts tempel<\/li>\n<li>Och Queens of the Valley in the City of the Dead<\/li>\n<\/ul>\n<h3>Utflyktsprogram till Luxor &#8211; Queens of Valley fr\u00e5n Hurghada<\/h3>\n<ul>\n<li>Landious Travel-representant h\u00e4mtar dig fr\u00e5n hotellet klockan 04:00 p\u00e5 morgonen<\/li>\n<li>Efter att ha tagit alla bes\u00f6kare avg\u00e5r bussen mot Luxor som passerar staden Safaga och Qena. Semesterorten Safaga ligger 70 km s\u00f6der om Hurghada vid R\u00f6da havets kust. Staden Qena ligger 220 km bort i Nildalen. V\u00e4gen, fr\u00e5n centrum av Hurghada till Luxor, tar cirka 5 timmar<\/li>\n<\/ul>\n<h4>Program i \u00f6stra Luxor<\/h4>\n<ul>\n<li>S\u00e5 snart du anl\u00e4nder till Luxor visar vi dig Karnak-templet som huvudsakligen \u00e4r till\u00e4gnad Gud Amun. Det anses vara det st\u00f6rsta i Egypten och hela den antika v\u00e4rlden. Detta tempel ligger i City of Living _ Eastern Luxor. F\u00f6rst b\u00f6rjar din guide sin f\u00f6rklaring i detta tempel, och sedan visar han de ofta bes\u00f6kta platserna i detta stora komplex. Sj\u00e4lva komplexet inneh\u00e5ller olika tempel och byggnader. Din guide har en uppgift att visa alla dessa tempel och ger ledig tid att ta en bild av dem<\/li>\n<li>Efter att ha bes\u00f6kt Karnak-templet i \u00f6stra Luxor, shoppar du lite tid<\/li>\n<li>Sedan b\u00f6rjar du en b\u00e5tpicknick genom floden Nilen med ett bes\u00f6k p\u00e5 Banana Island. Detta \u00e4r ett extra program och det m\u00e5ste best\u00e4llas i f\u00f6rv\u00e4g via oss! N\u00e4r b\u00e5tens picknick \u00e4r slut kommer du att befinna dig i Western Luxor _ the Dead of the Dead<\/li>\n<\/ul>\n<h4>Program i Western Luxor<\/h4>\n<ul>\n<li>I v\u00e4stra Luxor forts\u00e4tter resan. Det f\u00f6rsta stoppet d\u00e4r kommer att vara vid Colossi of Memnon. Det h\u00e4r \u00e4r de tv\u00e5 grandiosa statyerna som byggdes i templet Amenhotep III. Din guide visar dem och ger dig chansen att ta dem en bild<\/li>\n<li>Vidare g\u00e5r bussen till det vackra drottning Hatshepsuts tempel. Detta \u00e4r det fantastiska templet som ligger i Deir El-Bahari. Templet \u00e4r huggen i berget och best\u00e5r av tre v\u00e5ningar. Runt detta tempel kan du se alla m\u00f6jliga gravar och andra tempel av Tutomis den tredje och Amenhopa Neb Hept Ra. \u00c5terigen ger guiden information och ledig tid f\u00f6r att unders\u00f6ka platsen<\/li>\n<li>Programmet l\u00e5ter dig se hur hantverkare f\u00f6rberedde statyer i antiken. Turisterna f\u00e5r denna id\u00e9 i fabriksalabastern<\/li>\n<li>Innan programmet avslutas i Western Luxor bes\u00f6ker du Queens of the Valley. Det \u00e4r s\u00e5 bra h\u00e4r och intressant! I Queens of the Valley byggde faraoner gravar f\u00f6r sina fruar och s\u00f6ner<\/li>\n<li>V\u00e5r buss g\u00e5r tillbaka till Hurghada, efter ett s\u00e5dant program i den underbara staden Luxor<\/li>\n<li>Denna &#8221;Excursion Luxor &#8211; Valley of Queens fr\u00e5n Hurghada&#8221; slutar klockan 22:00<\/li>\n<\/ul>\n<h4>Vad ing\u00e5r i resepriset<\/h4>\n<ul>\n<li>Biljetter till bes\u00f6kande tempel<\/li>\n<li>Lunch<\/li>\n<li>Guide<\/li>\n<li>\u00d6verf\u00f6r ocks\u00e5 till Luxor och tillbaka till hotellet<\/li>\n<\/ul>\n<h5>Vad ing\u00e5r inte i priset f\u00f6r turn\u00e9n<\/h5>\n<ul>\n<li>Ytterligare utflyktsprogram<\/li>\n<li>Ocks\u00e5, drycker<\/li>\n<\/ul>\n<h6>Vad du ska ta med dig f\u00f6r resan<\/h6>\n<ul>\n<li>Frukostl\u00e5da<\/li>\n<li>Ocks\u00e5 kl\u00e4der f\u00f6r s\u00e4songen<\/li>\n<\/ul>\n<h6>Dagar med utflyktsorganisation<\/h6>\n<ul>\n<li>S\u00f6ndag fr\u00e5n kl. 04.00 till 20.00<\/li>\n<li>Tisdag fr\u00e5n 04: 00-20: 00<\/li>\n<li>Torsdag fr\u00e5n 04: 00-20: 00<\/li>\n<\/ul>\n","protected":false},"excerpt":{"rendered":"<p>Upplev magin i det antika Egypten p\u00e5 en heldagstur fr\u00e5n Hurghada till Luxor. Ditt \u00e4ventyr b\u00f6rjar med ett bes\u00f6k i Karnak-templet och parfymhallen, f\u00f6ljt av en uts\u00f6kt lunch. Efter\u00e5t kommer du att njuta av en b\u00e5tpicknick \u00f6ver Nilen f\u00f6r att n\u00e5 Luxors v\u00e4stra strand. Under denna resa kommer du ocks\u00e5 att g\u00e5 av p\u00e5 Banana Island.<\/p>\n<p>Du kommer sedan att utforska den v\u00e4stra delen av Luxor, d\u00e4r du kommer att se det fantastiska templet Amenhotep III, \u00e4ven k\u00e4nt som Memnons kolosser. Senare kommer du att stanna vid den lokala Alabasterfabriken, d\u00e4r du kan k\u00f6pa souvenirer. Efter\u00e5t kommer du att bes\u00f6ka Valley of the Queens, d\u00e4r du kommer att se tre gravar. Slutligen g\u00e5r du till drottning Hatshepsuts tempel.<\/p>\n<p>\u00c4ven om Memnons kolosser \u00e4r vittrade av tiden, st\u00e5r de tv\u00e5 imponerande statyerna av farao Amenhotep III fortfarande vakt. Trots f\u00f6rlusten kan resen\u00e4rer fortfarande uppskatta kolossernas storhet. Bes\u00f6kare kan ocks\u00e5 kolla in tv\u00e5 mindre figurer av faraos fru och mor, tillsammans med sandstenspanelsristningarna som visar upp bilder av nilguden Hapy.<\/p>\n<p>Vid Karnaktemplet kommer du att bevittna en imponerande samling statyer, kolonner och den st\u00f6rsta gudstj\u00e4nstplatsen som n\u00e5gonsin byggts. Templet str\u00e4cker sig \u00f6ver mer \u00e4n 1 000 \u00e5r, vilket g\u00f6r att bes\u00f6kare kan uppskatta den m\u00e5ngsidiga konsten och arkitekturen p\u00e5 denna egyptiska plats.<\/p>\n<p>The Valley of the Queens, som ligger p\u00e5 Nilens v\u00e4stbank, \u00e4r en gammal begravningsplats som hyser gravarna f\u00f6r kungliga fruar och barn fr\u00e5n 18:e, 19:e och 20:e dynastierna. Den mest k\u00e4nda graven \u00e4r drottning Nefertaris, som endast \u00e4r \u00f6ppen f\u00f6r bes\u00f6kare ibland. Nefertaris grav anses allm\u00e4nt vara den finaste i hela Egypten och har f\u00e4rgglada scener p\u00e5 sina kammarv\u00e4ggar och gyllene stj\u00e4rnor som pryder taket.<\/p>\n<p>Hatshepsuttemplet vid Deir el Bahari konkurrerar med pyramiderna som ett av den antika v\u00e4rldens stora begravningsmonument. Inbyggd i den h\u00f6ga klippv\u00e4ggen, som skyddar Konungarnas dal p\u00e5 andra sidan, reser den sig p\u00e5 tre enorma terrasser f\u00f6rbundna med ramper, varje niv\u00e5 markerad med en pelarg\u00e5ng av fyrkantiga pelare. Den utm\u00e4rkta steninteri\u00f6ren har v\u00e4lbevarade v\u00e4ggreliefer och hieroglyfer, n\u00e5gra i lysande f\u00e4rger, vilket ger en v\u00e4lkommen l\u00e4ttnad fr\u00e5n den obarmh\u00e4rtiga hettan i denna region.<\/p>\n","protected":false},"featured_media":42655,"comment_status":"open","ping_status":"closed","template":"","meta":{"_coblocks_attr":"","_coblocks_dimensions":"","_coblocks_responsive_height":"","_coblocks_accordion_ie_support":"","_uag_custom_page_level_css":"","jetpack_publicize_message":"","jetpack_publicize_feature_enabled":true,"jetpack_social_post_already_shared":true,"jetpack_social_options":{"image_generator_settings":{"template":"highway","default_image_id":0,"font":"","enabled":false},"version":2},"_wpas_customize_per_network":false},"product_brand":[],"product_cat":[18870,18869],"product_tag":[19008,19012,19027,18998,19001],"class_list":{"0":"post-25855","1":"product","2":"type-product","3":"status-publish","4":"has-post-thumbnail","6":"product_cat-historiska-utflykter-hurghada","7":"product_cat-hurghada-utflykter","8":"product_tag-hurghada-sv","9":"product_tag-luxor-sv","10":"product_tag-sightseeing-sv","11":"product_tag-utflykt","12":"product_tag-utflykter-hurghada","13":"pa_age-barn-1-4-ar","14":"pa_age-barn-5-11-ar","15":"pa_age-vuxen","17":"first","18":"instock","19":"sale","20":"purchasable","21":"product-type-variable"},"yoast_head":"<!-- This site is optimized with the Yoast SEO Premium plugin v27.5 (Yoast SEO v27.5) - https:\/\/yoast.com\/product\/yoast-seo-premium-wordpress\/ -->\n<title>Utflykt Luxor - Drottningens dal fr\u00e5n Hurghada<\/title>\n<meta name=\"description\" content=\"Utflykt Luxor - Drottningens dal fr\u00e5n Hurghada du Karnak-templet och parfymhallen. Sedan \u00e4ter vi lunch. Efter lunch kommer vi att ha en b\u00e5tpicknick genom\" \/>\n<meta name=\"robots\" content=\"index, follow, max-snippet:-1, max-image-preview:large, max-video-preview:-1\" \/>\n<link rel=\"canonical\" href=\"https:\/\/landioustravel.com\/sv\/shop\/utflykt-luxor-drottningens-hurghada\/\" \/>\n<meta property=\"og:locale\" content=\"sv_SE\" \/>\n<meta property=\"og:type\" content=\"article\" \/>\n<meta property=\"og:title\" content=\"Utflykt Luxor - Drottningens dal fr\u00e5n Hurghada\" \/>\n<meta property=\"og:description\" content=\"Landious Travel\" \/>\n<meta property=\"og:url\" content=\"https:\/\/landioustravel.com\/sv\/shop\/utflykt-luxor-drottningens-hurghada\/\" \/>\n<meta property=\"og:site_name\" content=\"Landious Travel\" \/>\n<meta property=\"article:publisher\" content=\"https:\/\/web.facebook.com\/landiousEgypt\" \/>\n<meta property=\"article:modified_time\" content=\"2025-10-01T17:17:47+00:00\" \/>\n<meta property=\"og:image\" content=\"https:\/\/i0.wp.com\/landioustravel.com\/wp-content\/uploads\/2019\/03\/great_hypostyle_temple_of_karnak-e1600893372194.jpg?fit=1200%2C675&ssl=1\" \/>\n\t<meta property=\"og:image:width\" content=\"1200\" \/>\n\t<meta property=\"og:image:height\" content=\"675\" \/>\n\t<meta property=\"og:image:type\" content=\"image\/jpeg\" \/>\n<meta name=\"twitter:card\" content=\"summary_large_image\" \/>\n<meta name=\"twitter:site\" content=\"@LandiousTours\" \/>\n<meta name=\"twitter:label1\" content=\"Ber\u00e4knad l\u00e4stid\" \/>\n\t<meta name=\"twitter:data1\" content=\"3 minuter\" \/>\n<script type=\"application\/ld+json\" class=\"yoast-schema-graph\">{\"@context\":\"https:\\\/\\\/schema.org\",\"@graph\":[{\"@type\":\"WebPage\",\"@id\":\"https:\\\/\\\/landioustravel.com\\\/sv\\\/shop\\\/utflykt-luxor-drottningens-hurghada\\\/\",\"url\":\"https:\\\/\\\/landioustravel.com\\\/sv\\\/shop\\\/utflykt-luxor-drottningens-hurghada\\\/\",\"name\":\"Utflykt Luxor - Drottningens dal fr\u00e5n Hurghada\",\"isPartOf\":{\"@id\":\"https:\\\/\\\/landioustravel.com\\\/sv\\\/#website\"},\"primaryImageOfPage\":{\"@id\":\"https:\\\/\\\/landioustravel.com\\\/sv\\\/shop\\\/utflykt-luxor-drottningens-hurghada\\\/#primaryimage\"},\"image\":{\"@id\":\"https:\\\/\\\/landioustravel.com\\\/sv\\\/shop\\\/utflykt-luxor-drottningens-hurghada\\\/#primaryimage\"},\"thumbnailUrl\":\"https:\\\/\\\/i0.wp.com\\\/landioustravel.com\\\/wp-content\\\/uploads\\\/2019\\\/03\\\/great_hypostyle_temple_of_karnak-e1600893372194.jpg?fit=1200%2C675&ssl=1\",\"datePublished\":\"2020-11-20T17:22:17+00:00\",\"dateModified\":\"2025-10-01T17:17:47+00:00\",\"description\":\"Utflykt Luxor - Drottningens dal fr\u00e5n Hurghada du Karnak-templet och parfymhallen. Sedan \u00e4ter vi lunch. Efter lunch kommer vi att ha en b\u00e5tpicknick genom\",\"breadcrumb\":{\"@id\":\"https:\\\/\\\/landioustravel.com\\\/sv\\\/shop\\\/utflykt-luxor-drottningens-hurghada\\\/#breadcrumb\"},\"inLanguage\":\"sv-SE\",\"potentialAction\":[{\"@type\":\"ReadAction\",\"target\":[\"https:\\\/\\\/landioustravel.com\\\/sv\\\/shop\\\/utflykt-luxor-drottningens-hurghada\\\/\"]}]},{\"@type\":\"ImageObject\",\"inLanguage\":\"sv-SE\",\"@id\":\"https:\\\/\\\/landioustravel.com\\\/sv\\\/shop\\\/utflykt-luxor-drottningens-hurghada\\\/#primaryimage\",\"url\":\"https:\\\/\\\/i0.wp.com\\\/landioustravel.com\\\/wp-content\\\/uploads\\\/2019\\\/03\\\/great_hypostyle_temple_of_karnak-e1600893372194.jpg?fit=1200%2C675&ssl=1\",\"contentUrl\":\"https:\\\/\\\/i0.wp.com\\\/landioustravel.com\\\/wp-content\\\/uploads\\\/2019\\\/03\\\/great_hypostyle_temple_of_karnak-e1600893372194.jpg?fit=1200%2C675&ssl=1\",\"width\":1200,\"height\":675,\"caption\":\"Great Hypostyle in Temple of Karnak\"},{\"@type\":\"BreadcrumbList\",\"@id\":\"https:\\\/\\\/landioustravel.com\\\/sv\\\/shop\\\/utflykt-luxor-drottningens-hurghada\\\/#breadcrumb\",\"itemListElement\":[{\"@type\":\"ListItem\",\"position\":1,\"name\":\"Home\",\"item\":\"https:\\\/\\\/landioustravel.com\\\/sv\\\/\"},{\"@type\":\"ListItem\",\"position\":2,\"name\":\"Tj\u00e4nster &#038; turer\",\"item\":\"https:\\\/\\\/landioustravel.com\\\/sv\\\/\"},{\"@type\":\"ListItem\",\"position\":3,\"name\":\"Utflykt Luxor &#8211; Drottningens dal fr\u00e5n Hurghada\"}]},{\"@type\":\"WebSite\",\"@id\":\"https:\\\/\\\/landioustravel.com\\\/sv\\\/#website\",\"url\":\"https:\\\/\\\/landioustravel.com\\\/sv\\\/\",\"name\":\"Landious Travel\",\"description\":\"Excursions, trips and cruises in Egypt\",\"publisher\":{\"@id\":\"https:\\\/\\\/landioustravel.com\\\/sv\\\/#organization\"},\"potentialAction\":[{\"@type\":\"SearchAction\",\"target\":{\"@type\":\"EntryPoint\",\"urlTemplate\":\"https:\\\/\\\/landioustravel.com\\\/sv\\\/?s={search_term_string}\"},\"query-input\":{\"@type\":\"PropertyValueSpecification\",\"valueRequired\":true,\"valueName\":\"search_term_string\"}}],\"inLanguage\":\"sv-SE\"},{\"@type\":[\"Organization\",\"Place\"],\"@id\":\"https:\\\/\\\/landioustravel.com\\\/sv\\\/#organization\",\"name\":\"Landious Travel\",\"alternateName\":\"Landious Travel\",\"url\":\"https:\\\/\\\/landioustravel.com\\\/sv\\\/\",\"logo\":{\"@id\":\"https:\\\/\\\/landioustravel.com\\\/sv\\\/shop\\\/utflykt-luxor-drottningens-hurghada\\\/#local-main-organization-logo\"},\"image\":{\"@id\":\"https:\\\/\\\/landioustravel.com\\\/sv\\\/shop\\\/utflykt-luxor-drottningens-hurghada\\\/#local-main-organization-logo\"},\"sameAs\":[\"https:\\\/\\\/web.facebook.com\\\/landiousEgypt\",\"https:\\\/\\\/x.com\\\/LandiousTours\",\"https:\\\/\\\/mastodon.social\\\/@landious\"],\"legalName\":\"Landious Travel\",\"telephone\":[],\"openingHoursSpecification\":[{\"@type\":\"OpeningHoursSpecification\",\"dayOfWeek\":[\"Monday\",\"Tuesday\",\"Wednesday\",\"Thursday\",\"Friday\",\"Saturday\",\"Sunday\"],\"opens\":\"09:00\",\"closes\":\"17:00\"}]},{\"@type\":\"ImageObject\",\"inLanguage\":\"sv-SE\",\"@id\":\"https:\\\/\\\/landioustravel.com\\\/sv\\\/shop\\\/utflykt-luxor-drottningens-hurghada\\\/#local-main-organization-logo\",\"url\":\"https:\\\/\\\/i0.wp.com\\\/landioustravel.com\\\/wp-content\\\/uploads\\\/2021\\\/06\\\/Landious-T.png?fit=500%2C500&ssl=1\",\"contentUrl\":\"https:\\\/\\\/i0.wp.com\\\/landioustravel.com\\\/wp-content\\\/uploads\\\/2021\\\/06\\\/Landious-T.png?fit=500%2C500&ssl=1\",\"width\":500,\"height\":500,\"caption\":\"Landious Travel\"}]}<\/script>\n<!-- \/ Yoast SEO Premium plugin. -->","yoast_head_json":{"title":"Utflykt Luxor - Drottningens dal fr\u00e5n Hurghada","description":"Utflykt Luxor - Drottningens dal fr\u00e5n Hurghada du Karnak-templet och parfymhallen. Sedan \u00e4ter vi lunch. Efter lunch kommer vi att ha en b\u00e5tpicknick genom","robots":{"index":"index","follow":"follow","max-snippet":"max-snippet:-1","max-image-preview":"max-image-preview:large","max-video-preview":"max-video-preview:-1"},"canonical":"https:\/\/landioustravel.com\/sv\/shop\/utflykt-luxor-drottningens-hurghada\/","og_locale":"sv_SE","og_type":"article","og_title":"Utflykt Luxor - Drottningens dal fr\u00e5n Hurghada","og_description":"Landious Travel","og_url":"https:\/\/landioustravel.com\/sv\/shop\/utflykt-luxor-drottningens-hurghada\/","og_site_name":"Landious Travel","article_publisher":"https:\/\/web.facebook.com\/landiousEgypt","article_modified_time":"2025-10-01T17:17:47+00:00","og_image":[{"width":1200,"height":675,"url":"https:\/\/i0.wp.com\/landioustravel.com\/wp-content\/uploads\/2019\/03\/great_hypostyle_temple_of_karnak-e1600893372194.jpg?fit=1200%2C675&ssl=1","type":"image\/jpeg"}],"twitter_card":"summary_large_image","twitter_site":"@LandiousTours","twitter_misc":{"Ber\u00e4knad l\u00e4stid":"3 minuter"},"schema":{"@context":"https:\/\/schema.org","@graph":[{"@type":"WebPage","@id":"https:\/\/landioustravel.com\/sv\/shop\/utflykt-luxor-drottningens-hurghada\/","url":"https:\/\/landioustravel.com\/sv\/shop\/utflykt-luxor-drottningens-hurghada\/","name":"Utflykt Luxor - Drottningens dal fr\u00e5n Hurghada","isPartOf":{"@id":"https:\/\/landioustravel.com\/sv\/#website"},"primaryImageOfPage":{"@id":"https:\/\/landioustravel.com\/sv\/shop\/utflykt-luxor-drottningens-hurghada\/#primaryimage"},"image":{"@id":"https:\/\/landioustravel.com\/sv\/shop\/utflykt-luxor-drottningens-hurghada\/#primaryimage"},"thumbnailUrl":"https:\/\/i0.wp.com\/landioustravel.com\/wp-content\/uploads\/2019\/03\/great_hypostyle_temple_of_karnak-e1600893372194.jpg?fit=1200%2C675&ssl=1","datePublished":"2020-11-20T17:22:17+00:00","dateModified":"2025-10-01T17:17:47+00:00","description":"Utflykt Luxor - Drottningens dal fr\u00e5n Hurghada du Karnak-templet och parfymhallen. Sedan \u00e4ter vi lunch. Efter lunch kommer vi att ha en b\u00e5tpicknick genom","breadcrumb":{"@id":"https:\/\/landioustravel.com\/sv\/shop\/utflykt-luxor-drottningens-hurghada\/#breadcrumb"},"inLanguage":"sv-SE","potentialAction":[{"@type":"ReadAction","target":["https:\/\/landioustravel.com\/sv\/shop\/utflykt-luxor-drottningens-hurghada\/"]}]},{"@type":"ImageObject","inLanguage":"sv-SE","@id":"https:\/\/landioustravel.com\/sv\/shop\/utflykt-luxor-drottningens-hurghada\/#primaryimage","url":"https:\/\/i0.wp.com\/landioustravel.com\/wp-content\/uploads\/2019\/03\/great_hypostyle_temple_of_karnak-e1600893372194.jpg?fit=1200%2C675&ssl=1","contentUrl":"https:\/\/i0.wp.com\/landioustravel.com\/wp-content\/uploads\/2019\/03\/great_hypostyle_temple_of_karnak-e1600893372194.jpg?fit=1200%2C675&ssl=1","width":1200,"height":675,"caption":"Great Hypostyle in Temple of Karnak"},{"@type":"BreadcrumbList","@id":"https:\/\/landioustravel.com\/sv\/shop\/utflykt-luxor-drottningens-hurghada\/#breadcrumb","itemListElement":[{"@type":"ListItem","position":1,"name":"Home","item":"https:\/\/landioustravel.com\/sv\/"},{"@type":"ListItem","position":2,"name":"Tj\u00e4nster &#038; turer","item":"https:\/\/landioustravel.com\/sv\/"},{"@type":"ListItem","position":3,"name":"Utflykt Luxor &#8211; Drottningens dal fr\u00e5n Hurghada"}]},{"@type":"WebSite","@id":"https:\/\/landioustravel.com\/sv\/#website","url":"https:\/\/landioustravel.com\/sv\/","name":"Landious Travel","description":"Excursions, trips and cruises in Egypt","publisher":{"@id":"https:\/\/landioustravel.com\/sv\/#organization"},"potentialAction":[{"@type":"SearchAction","target":{"@type":"EntryPoint","urlTemplate":"https:\/\/landioustravel.com\/sv\/?s={search_term_string}"},"query-input":{"@type":"PropertyValueSpecification","valueRequired":true,"valueName":"search_term_string"}}],"inLanguage":"sv-SE"},{"@type":["Organization","Place"],"@id":"https:\/\/landioustravel.com\/sv\/#organization","name":"Landious Travel","alternateName":"Landious Travel","url":"https:\/\/landioustravel.com\/sv\/","logo":{"@id":"https:\/\/landioustravel.com\/sv\/shop\/utflykt-luxor-drottningens-hurghada\/#local-main-organization-logo"},"image":{"@id":"https:\/\/landioustravel.com\/sv\/shop\/utflykt-luxor-drottningens-hurghada\/#local-main-organization-logo"},"sameAs":["https:\/\/web.facebook.com\/landiousEgypt","https:\/\/x.com\/LandiousTours","https:\/\/mastodon.social\/@landious"],"legalName":"Landious Travel","telephone":[],"openingHoursSpecification":[{"@type":"OpeningHoursSpecification","dayOfWeek":["Monday","Tuesday","Wednesday","Thursday","Friday","Saturday","Sunday"],"opens":"09:00","closes":"17:00"}]},{"@type":"ImageObject","inLanguage":"sv-SE","@id":"https:\/\/landioustravel.com\/sv\/shop\/utflykt-luxor-drottningens-hurghada\/#local-main-organization-logo","url":"https:\/\/i0.wp.com\/landioustravel.com\/wp-content\/uploads\/2021\/06\/Landious-T.png?fit=500%2C500&ssl=1","contentUrl":"https:\/\/i0.wp.com\/landioustravel.com\/wp-content\/uploads\/2021\/06\/Landious-T.png?fit=500%2C500&ssl=1","width":500,"height":500,"caption":"Landious Travel"}]}},"jetpack_publicize_connections":[],"uagb_featured_image_src":{"full":["https:\/\/i0.wp.com\/landioustravel.com\/wp-content\/uploads\/2019\/03\/great_hypostyle_temple_of_karnak-e1600893372194.jpg?fit=1200%2C675&ssl=1",1200,675,false],"thumbnail":["https:\/\/i0.wp.com\/landioustravel.com\/wp-content\/uploads\/2019\/03\/great_hypostyle_temple_of_karnak-e1600893372194.jpg?resize=150%2C150&ssl=1",150,150,true],"medium":["https:\/\/i0.wp.com\/landioustravel.com\/wp-content\/uploads\/2019\/03\/great_hypostyle_temple_of_karnak-e1600893372194.jpg?fit=300%2C169&ssl=1",300,169,true],"medium_large":["https:\/\/i0.wp.com\/landioustravel.com\/wp-content\/uploads\/2019\/03\/great_hypostyle_temple_of_karnak-e1600893372194.jpg?fit=768%2C432&ssl=1",768,432,true],"large":["https:\/\/i0.wp.com\/landioustravel.com\/wp-content\/uploads\/2019\/03\/great_hypostyle_temple_of_karnak-e1600893372194.jpg?fit=980%2C551&ssl=1",980,551,true],"1536x1536":["https:\/\/i0.wp.com\/landioustravel.com\/wp-content\/uploads\/2019\/03\/great_hypostyle_temple_of_karnak-e1600893372194.jpg?fit=1200%2C675&ssl=1",1200,675,true],"2048x2048":["https:\/\/i0.wp.com\/landioustravel.com\/wp-content\/uploads\/2019\/03\/great_hypostyle_temple_of_karnak-e1600893372194.jpg?fit=1200%2C675&ssl=1",1200,675,true],"newspack-article-block-landscape-large":["https:\/\/i0.wp.com\/landioustravel.com\/wp-content\/uploads\/2019\/03\/great_hypostyle_temple_of_karnak-e1600893372194.jpg?resize=1200%2C675&ssl=1",1200,675,true],"newspack-article-block-portrait-large":["https:\/\/i0.wp.com\/landioustravel.com\/wp-content\/uploads\/2019\/03\/great_hypostyle_temple_of_karnak-e1600893372194.jpg?resize=900%2C675&ssl=1",900,675,true],"newspack-article-block-square-large":["https:\/\/i0.wp.com\/landioustravel.com\/wp-content\/uploads\/2019\/03\/great_hypostyle_temple_of_karnak-e1600893372194.jpg?resize=1200%2C675&ssl=1",1200,675,true],"newspack-article-block-landscape-medium":["https:\/\/i0.wp.com\/landioustravel.com\/wp-content\/uploads\/2019\/03\/great_hypostyle_temple_of_karnak-e1600893372194.jpg?resize=800%2C600&ssl=1",800,600,true],"newspack-article-block-portrait-medium":["https:\/\/i0.wp.com\/landioustravel.com\/wp-content\/uploads\/2019\/03\/great_hypostyle_temple_of_karnak-e1600893372194.jpg?resize=600%2C675&ssl=1",600,675,true],"newspack-article-block-square-medium":["https:\/\/i0.wp.com\/landioustravel.com\/wp-content\/uploads\/2019\/03\/great_hypostyle_temple_of_karnak-e1600893372194.jpg?resize=800%2C675&ssl=1",800,675,true],"newspack-article-block-landscape-intermediate":["https:\/\/i0.wp.com\/landioustravel.com\/wp-content\/uploads\/2019\/03\/great_hypostyle_temple_of_karnak-e1600893372194.jpg?resize=600%2C450&ssl=1",600,450,true],"newspack-article-block-portrait-intermediate":["https:\/\/i0.wp.com\/landioustravel.com\/wp-content\/uploads\/2019\/03\/great_hypostyle_temple_of_karnak-e1600893372194.jpg?resize=450%2C600&ssl=1",450,600,true],"newspack-article-block-square-intermediate":["https:\/\/i0.wp.com\/landioustravel.com\/wp-content\/uploads\/2019\/03\/great_hypostyle_temple_of_karnak-e1600893372194.jpg?resize=600%2C600&ssl=1",600,600,true],"newspack-article-block-landscape-small":["https:\/\/i0.wp.com\/landioustravel.com\/wp-content\/uploads\/2019\/03\/great_hypostyle_temple_of_karnak-e1600893372194.jpg?resize=400%2C300&ssl=1",400,300,true],"newspack-article-block-portrait-small":["https:\/\/i0.wp.com\/landioustravel.com\/wp-content\/uploads\/2019\/03\/great_hypostyle_temple_of_karnak-e1600893372194.jpg?resize=300%2C400&ssl=1",300,400,true],"newspack-article-block-square-small":["https:\/\/i0.wp.com\/landioustravel.com\/wp-content\/uploads\/2019\/03\/great_hypostyle_temple_of_karnak-e1600893372194.jpg?resize=400%2C400&ssl=1",400,400,true],"newspack-article-block-landscape-tiny":["https:\/\/i0.wp.com\/landioustravel.com\/wp-content\/uploads\/2019\/03\/great_hypostyle_temple_of_karnak-e1600893372194.jpg?resize=200%2C150&ssl=1",200,150,true],"newspack-article-block-portrait-tiny":["https:\/\/i0.wp.com\/landioustravel.com\/wp-content\/uploads\/2019\/03\/great_hypostyle_temple_of_karnak-e1600893372194.jpg?resize=150%2C200&ssl=1",150,200,true],"newspack-article-block-square-tiny":["https:\/\/i0.wp.com\/landioustravel.com\/wp-content\/uploads\/2019\/03\/great_hypostyle_temple_of_karnak-e1600893372194.jpg?resize=200%2C200&ssl=1",200,200,true],"newspack-article-block-uncropped":["https:\/\/i0.wp.com\/landioustravel.com\/wp-content\/uploads\/2019\/03\/great_hypostyle_temple_of_karnak-e1600893372194.jpg?fit=1200%2C675&ssl=1",1200,675,true],"woocommerce_thumbnail":["https:\/\/i0.wp.com\/landioustravel.com\/wp-content\/uploads\/2019\/03\/great_hypostyle_temple_of_karnak-e1600893372194.jpg?resize=324%2C324&ssl=1",324,324,true],"woocommerce_single":["https:\/\/i0.wp.com\/landioustravel.com\/wp-content\/uploads\/2019\/03\/great_hypostyle_temple_of_karnak-e1600893372194.jpg?fit=416%2C234&ssl=1",416,234,true],"woocommerce_gallery_thumbnail":["https:\/\/i0.wp.com\/landioustravel.com\/wp-content\/uploads\/2019\/03\/great_hypostyle_temple_of_karnak-e1600893372194.jpg?resize=100%2C100&ssl=1",100,100,true]},"uagb_author_info":{"display_name":"Mofreh Landious","author_link":"https:\/\/landioustravel.com\/sv\/author\/"},"uagb_comment_info":4,"uagb_excerpt":"Upplev magin i det antika Egypten p\u00e5 en heldagstur fr\u00e5n Hurghada till Luxor. Ditt \u00e4ventyr b\u00f6rjar med ett bes\u00f6k i Karnak-templet och parfymhallen, f\u00f6ljt av en uts\u00f6kt lunch. Efter\u00e5t kommer du att njuta av en b\u00e5tpicknick \u00f6ver Nilen f\u00f6r att n\u00e5 Luxors v\u00e4stra strand. Under denna resa kommer du ocks\u00e5 att g\u00e5 av p\u00e5 Banana&hellip;","jetpack_sharing_enabled":true,"jetpack_likes_enabled":true,"amp_enabled":true,"_links":{"self":[{"href":"https:\/\/landioustravel.com\/sv\/wp-json\/wp\/v2\/product\/25855","targetHints":{"allow":["GET"]}}],"collection":[{"href":"https:\/\/landioustravel.com\/sv\/wp-json\/wp\/v2\/product"}],"about":[{"href":"https:\/\/landioustravel.com\/sv\/wp-json\/wp\/v2\/types\/product"}],"replies":[{"embeddable":true,"href":"https:\/\/landioustravel.com\/sv\/wp-json\/wp\/v2\/comments?post=25855"}],"wp:featuredmedia":[{"embeddable":true,"href":"https:\/\/landioustravel.com\/sv\/wp-json\/wp\/v2\/media\/42655"}],"wp:attachment":[{"href":"https:\/\/landioustravel.com\/sv\/wp-json\/wp\/v2\/media?parent=25855"}],"wp:term":[{"taxonomy":"product_brand","embeddable":true,"href":"https:\/\/landioustravel.com\/sv\/wp-json\/wp\/v2\/product_brand?post=25855"},{"taxonomy":"product_cat","embeddable":true,"href":"https:\/\/landioustravel.com\/sv\/wp-json\/wp\/v2\/product_cat?post=25855"},{"taxonomy":"product_tag","embeddable":true,"href":"https:\/\/landioustravel.com\/sv\/wp-json\/wp\/v2\/product_tag?post=25855"}],"curies":[{"name":"wp","href":"https:\/\/api.w.org\/{rel}","templated":true}]}}