{"id":25876,"date":"2023-03-28T02:48:03","date_gmt":"2020-11-22T10:29:10","guid":{"rendered":"https:\/\/landioustravel.com\/?post_type=product&#038;p=25876"},"modified":"2025-10-19T20:14:55","modified_gmt":"2025-10-19T17:14:55","slug":"utflykt-paradise-island-hurghada","status":"publish","type":"product","link":"https:\/\/landioustravel.com\/sv\/shop\/utflykt-paradise-island-hurghada\/","title":{"rendered":"Utflykt till Paradise Island i Hurghada"},"content":{"rendered":"<p>Det \u00e4r en underbar havsutflykt till Paradise Island-stranden p\u00e5 Grand Giftun Island, i Hurghada! Vi rekommenderar resan eftersom det g\u00f6r det m\u00f6jligt f\u00f6r turister att ha det bra vid havet! Resan ger dig m\u00f6jlighet att se vackra koraller och en m\u00e4ngd olika fiskar. Dessutom kommer du att njuta av en b\u00e5tpicknick genom R\u00f6da havet och lokalisera dig p\u00e5 \u00f6n Giftun som har tj\u00e4nster och utrustning p\u00e5 sj\u00e4lva stranden. \u00d6n ligger n\u00e4ra Hurghadas kust!<\/p>\n<h2>De viktigaste punkterna i utflyktsprogrammet till Paradise Island-Beach<\/h2>\n<ul>\n<li>Simning i \u00f6ppet hav fr\u00e5n b\u00e5ten<\/li>\n<li>Snorkling med masker och simf\u00f6tter i det \u00f6ppna havet<\/li>\n<li>Mat<\/li>\n<li>Landar ocks\u00e5 p\u00e5 Paradise Beach p\u00e5 Giftun Island<\/li>\n<\/ul>\n<h3>Programmet f\u00f6r b\u00e5tturen till Paradise Beach fr\u00e5n Hurghada<\/h3>\n<ul>\n<li>Landious Travel-representant h\u00e4mtar dig fr\u00e5n hotellet kl. 08.00<\/li>\n<li>Efter att ha tagit alla bes\u00f6kare g\u00e5r bussen till hamnen. V\u00e4gen till hamnen tar cirka 20 minuter<\/li>\n<li>Du hittar din b\u00e5t i hamnen. Det \u00e4r stort och elegant! B\u00e5ten best\u00e5r av tv\u00e5 v\u00e5ningar. S\u00e5 fort du g\u00e5r in i b\u00e5ten \u00e4r det n\u00f6dv\u00e4ndigt att ta av dig skorna och att stiga p\u00e5 andra v\u00e5ningen och sola i det \u00f6vre sold\u00e4cket<\/li>\n<li>B\u00e5ten g\u00e5r vidare genom R\u00f6da havet, s\u00e5 snart gruppen samlas. Vidare p\u00e5 de vackra korallerna g\u00f6r du ett stopp. D\u00e4r kan du simma och snorkla med masker och simf\u00f6tter<\/li>\n<li>Efter ett s\u00e5dant stopp rider du p\u00e5 leksaker med banan och soffvatten<\/li>\n<li>Ditt n\u00e4sta stopp \u00e4r p\u00e5 Giftun Island. Vi tar din motorb\u00e5t till Paradise Island. Din, guiden ger dig en inblick i m\u00f6jligheterna p\u00e5 stranden _ toaletter, en restaurang och barnrutschbanor.<\/li>\n<li>P\u00e5 \u00f6n kommer du att spendera tre timmar. Under denna tid har du tillr\u00e4ckligt med tid att simma och bli solbr\u00e4nd<\/li>\n<li>Restaurangen finns p\u00e5 sj\u00e4lva \u00f6n. N\u00e4r det \u00e4r lunch \u00f6ppnar buff\u00e9n med en rik meny.<\/li>\n<li>Efter lunch tittar du p\u00e5 underh\u00e5llningsprogrammet _ magdans och fakir<\/li>\n<li>Denna &#8221;Utflykt till Paradise Island i Hurghada&#8221; slutar klockan 17:30.<\/li>\n<\/ul>\n<h4>Vad ing\u00e5r i turn\u00e9priset<\/h4>\n<ul>\n<li>Snorklingsutrustning (masker och simf\u00f6tter)<\/li>\n<li>Mat och dryck<\/li>\n<li>\u00d6verf\u00f6r ocks\u00e5 till hamnen och tillbaka till hotellet<\/li>\n<\/ul>\n<h5>Vad ing\u00e5r inte i priset f\u00f6r turn\u00e9n<\/h5>\n<ul>\n<li>Video DVD<\/li>\n<li>\u00c4ven foto-CD<\/li>\n<\/ul>\n<h6>Vad du ska ta med dig f\u00f6r resan<\/h6>\n<ul>\n<li>Handduk<\/li>\n<li>\u00c4ven solskyddsmedel<\/li>\n<\/ul>\n<h6>Dagar med utflyktsorganisation<\/h6>\n<ul>\n<li>Dagligen fr\u00e5n kl. 08.00 till 17.00<\/li>\n<\/ul>\n","protected":false},"excerpt":{"rendered":"<p>\u00c4r du redo f\u00f6r en of\u00f6rgl\u00f6mlig sj\u00f6resa i Hurghada? Vi har dig t\u00e4ckt! F\u00f6lj med oss p\u00e5 en resa till Paradise Beach, d\u00e4r du kan njuta av en h\u00e4rlig picknick medan du njuter av R\u00f6da havets sk\u00f6nhet. Ta ett dopp i \u00f6ppet hav och utforska den magnifika undervattensv\u00e4rlden med snorklingsutrustning. Och om det inte r\u00e4cker, hoppa p\u00e5 en banan- eller soffvattenleksak och \u00e5k p\u00e5 v\u00e5gorna som ett proffs!<\/p>\n<p>Men v\u00e4nta, det finns mer! Vi tar dig ocks\u00e5 till den fantastiska Giftun Island, d\u00e4r du kan sola dig i den gyllene sanden, simma i kristallklart vatten och ta n\u00e5gra hisnande bilder. Och oroa dig inte f\u00f6r lunch; det har vi ocks\u00e5 t\u00e4ckt. Njut av en \u00f6ppen buff\u00e9fest medan du beundrar den fantastiska utsikten.<\/p>\n<p>Barnen kommer att ha kul med v\u00e5r strandunderh\u00e5llning, och vuxna kan vara med p\u00e5 det roliga med vattenlekar och volleyboll. Och om du letar efter en kulturell upplevelse, har vi dig \u00e4ven d\u00e4r. V\u00e5r dagstur inkluderar magdansf\u00f6rest\u00e4llningar och folkloristiska shower. Det \u00e4r det perfekta s\u00e4ttet att tillbringa en hel dag utanf\u00f6r Hurghadas kust.<\/p>\n<p>Allt \u00e4r organiserat f\u00f6r dig, s\u00e5 allt du beh\u00f6ver g\u00f6ra \u00e4r att luta dig tillbaka, koppla av och njuta av \u00e4ventyret. Missa inte detta en g\u00e5ng-i-livet-tillf\u00e4lle att utforska Paradise Island, en del av Giftun Island National Park. Boka din resa idag!<\/p>\n","protected":false},"featured_media":100507,"comment_status":"open","ping_status":"closed","template":"","meta":{"_coblocks_attr":"","_coblocks_dimensions":"","_coblocks_responsive_height":"","_coblocks_accordion_ie_support":"","_uag_custom_page_level_css":"","jetpack_publicize_message":"","jetpack_publicize_feature_enabled":true,"jetpack_social_post_already_shared":true,"jetpack_social_options":{"image_generator_settings":{"template":"highway","default_image_id":0,"font":"","enabled":false},"version":2},"_wpas_customize_per_network":false},"product_brand":[],"product_cat":[18869,18871],"product_tag":[19009,18972,19022,19008,19013,19023,19029,18998],"class_list":{"0":"post-25876","1":"product","2":"type-product","3":"status-publish","4":"has-post-thumbnail","6":"product_cat-hurghada-utflykter","7":"product_cat-sjoturer-hurghada","8":"product_tag-o","9":"product_tag-batturer-hurghada","10":"product_tag-havet","11":"product_tag-hurghada-sv","12":"product_tag-paradison","13":"product_tag-sjoturer","14":"product_tag-snorkling-sv","15":"product_tag-utflykt","16":"pa_age-barn-1-4-ar","17":"pa_age-barn-5-11-ar","18":"pa_age-vuxen","20":"first","21":"instock","22":"sale","23":"purchasable","24":"product-type-variable"},"yoast_head":"<!-- This site is optimized with the Yoast SEO Premium plugin v27.5 (Yoast SEO v27.5) - https:\/\/yoast.com\/product\/yoast-seo-premium-wordpress\/ -->\n<title>Utflykt till Paradise Island i Hurghada<\/title>\n<meta name=\"description\" content=\"Utflykt till Paradise Island i Hurghada kommer du att ha en havspiknik genom R\u00f6da havet, och n\u00e5gonstans, ett stopp p\u00e5 \u00f6ppet hav f\u00f6r simning och snorkling\" \/>\n<meta name=\"robots\" content=\"index, follow, max-snippet:-1, max-image-preview:large, max-video-preview:-1\" \/>\n<link rel=\"canonical\" href=\"https:\/\/landioustravel.com\/sv\/shop\/utflykt-paradise-island-hurghada\/\" \/>\n<meta property=\"og:locale\" content=\"sv_SE\" \/>\n<meta property=\"og:type\" content=\"article\" \/>\n<meta property=\"og:title\" content=\"Utflykt till Paradise Island i Hurghada\" \/>\n<meta property=\"og:description\" content=\"Landious Travel\" \/>\n<meta property=\"og:url\" content=\"https:\/\/landioustravel.com\/sv\/shop\/utflykt-paradise-island-hurghada\/\" \/>\n<meta property=\"og:site_name\" content=\"Landious Travel\" \/>\n<meta property=\"article:publisher\" content=\"https:\/\/web.facebook.com\/landiousEgypt\" \/>\n<meta property=\"article:modified_time\" content=\"2025-10-19T17:14:55+00:00\" \/>\n<meta property=\"og:image\" content=\"https:\/\/i0.wp.com\/landioustravel.com\/wp-content\/uploads\/2018\/11\/Paradise-Island-Excursion-from-Hurghada-e1669581867502.jpg?fit=1200%2C675&ssl=1\" \/>\n\t<meta property=\"og:image:width\" content=\"1200\" \/>\n\t<meta property=\"og:image:height\" content=\"675\" \/>\n\t<meta property=\"og:image:type\" content=\"image\/jpeg\" \/>\n<meta name=\"twitter:card\" content=\"summary_large_image\" \/>\n<meta name=\"twitter:site\" content=\"@LandiousTours\" \/>\n<meta name=\"twitter:label1\" content=\"Ber\u00e4knad l\u00e4stid\" \/>\n\t<meta name=\"twitter:data1\" content=\"2 minuter\" \/>\n<script type=\"application\/ld+json\" class=\"yoast-schema-graph\">{\"@context\":\"https:\\\/\\\/schema.org\",\"@graph\":[{\"@type\":\"WebPage\",\"@id\":\"https:\\\/\\\/landioustravel.com\\\/sv\\\/shop\\\/utflykt-paradise-island-hurghada\\\/\",\"url\":\"https:\\\/\\\/landioustravel.com\\\/sv\\\/shop\\\/utflykt-paradise-island-hurghada\\\/\",\"name\":\"Utflykt till Paradise Island i Hurghada\",\"isPartOf\":{\"@id\":\"https:\\\/\\\/landioustravel.com\\\/sv\\\/#website\"},\"primaryImageOfPage\":{\"@id\":\"https:\\\/\\\/landioustravel.com\\\/sv\\\/shop\\\/utflykt-paradise-island-hurghada\\\/#primaryimage\"},\"image\":{\"@id\":\"https:\\\/\\\/landioustravel.com\\\/sv\\\/shop\\\/utflykt-paradise-island-hurghada\\\/#primaryimage\"},\"thumbnailUrl\":\"https:\\\/\\\/i0.wp.com\\\/landioustravel.com\\\/wp-content\\\/uploads\\\/2018\\\/11\\\/Paradise-Island-Excursion-from-Hurghada-e1669581867502.jpg?fit=1200%2C675&ssl=1\",\"datePublished\":\"2020-11-22T10:29:10+00:00\",\"dateModified\":\"2025-10-19T17:14:55+00:00\",\"description\":\"Utflykt till Paradise Island i Hurghada kommer du att ha en havspiknik genom R\u00f6da havet, och n\u00e5gonstans, ett stopp p\u00e5 \u00f6ppet hav f\u00f6r simning och snorkling\",\"breadcrumb\":{\"@id\":\"https:\\\/\\\/landioustravel.com\\\/sv\\\/shop\\\/utflykt-paradise-island-hurghada\\\/#breadcrumb\"},\"inLanguage\":\"sv-SE\",\"potentialAction\":[{\"@type\":\"ReadAction\",\"target\":[\"https:\\\/\\\/landioustravel.com\\\/sv\\\/shop\\\/utflykt-paradise-island-hurghada\\\/\"]}]},{\"@type\":\"ImageObject\",\"inLanguage\":\"sv-SE\",\"@id\":\"https:\\\/\\\/landioustravel.com\\\/sv\\\/shop\\\/utflykt-paradise-island-hurghada\\\/#primaryimage\",\"url\":\"https:\\\/\\\/i0.wp.com\\\/landioustravel.com\\\/wp-content\\\/uploads\\\/2018\\\/11\\\/Paradise-Island-Excursion-from-Hurghada-e1669581867502.jpg?fit=1200%2C675&ssl=1\",\"contentUrl\":\"https:\\\/\\\/i0.wp.com\\\/landioustravel.com\\\/wp-content\\\/uploads\\\/2018\\\/11\\\/Paradise-Island-Excursion-from-Hurghada-e1669581867502.jpg?fit=1200%2C675&ssl=1\",\"width\":1200,\"height\":675,\"caption\":\"Paradise Island Excursion from Hurghada\"},{\"@type\":\"BreadcrumbList\",\"@id\":\"https:\\\/\\\/landioustravel.com\\\/sv\\\/shop\\\/utflykt-paradise-island-hurghada\\\/#breadcrumb\",\"itemListElement\":[{\"@type\":\"ListItem\",\"position\":1,\"name\":\"Home\",\"item\":\"https:\\\/\\\/landioustravel.com\\\/sv\\\/\"},{\"@type\":\"ListItem\",\"position\":2,\"name\":\"Tj\u00e4nster &#038; turer\",\"item\":\"https:\\\/\\\/landioustravel.com\\\/sv\\\/\"},{\"@type\":\"ListItem\",\"position\":3,\"name\":\"Utflykt till Paradise Island i Hurghada\"}]},{\"@type\":\"WebSite\",\"@id\":\"https:\\\/\\\/landioustravel.com\\\/sv\\\/#website\",\"url\":\"https:\\\/\\\/landioustravel.com\\\/sv\\\/\",\"name\":\"Landious Travel\",\"description\":\"Excursions, trips and cruises in Egypt\",\"publisher\":{\"@id\":\"https:\\\/\\\/landioustravel.com\\\/sv\\\/#organization\"},\"potentialAction\":[{\"@type\":\"SearchAction\",\"target\":{\"@type\":\"EntryPoint\",\"urlTemplate\":\"https:\\\/\\\/landioustravel.com\\\/sv\\\/?s={search_term_string}\"},\"query-input\":{\"@type\":\"PropertyValueSpecification\",\"valueRequired\":true,\"valueName\":\"search_term_string\"}}],\"inLanguage\":\"sv-SE\"},{\"@type\":[\"Organization\",\"Place\"],\"@id\":\"https:\\\/\\\/landioustravel.com\\\/sv\\\/#organization\",\"name\":\"Landious Travel\",\"alternateName\":\"Landious Travel\",\"url\":\"https:\\\/\\\/landioustravel.com\\\/sv\\\/\",\"logo\":{\"@id\":\"https:\\\/\\\/landioustravel.com\\\/sv\\\/shop\\\/utflykt-paradise-island-hurghada\\\/#local-main-organization-logo\"},\"image\":{\"@id\":\"https:\\\/\\\/landioustravel.com\\\/sv\\\/shop\\\/utflykt-paradise-island-hurghada\\\/#local-main-organization-logo\"},\"sameAs\":[\"https:\\\/\\\/web.facebook.com\\\/landiousEgypt\",\"https:\\\/\\\/x.com\\\/LandiousTours\",\"https:\\\/\\\/mastodon.social\\\/@landious\"],\"legalName\":\"Landious Travel\",\"telephone\":[],\"openingHoursSpecification\":[{\"@type\":\"OpeningHoursSpecification\",\"dayOfWeek\":[\"Monday\",\"Tuesday\",\"Wednesday\",\"Thursday\",\"Friday\",\"Saturday\",\"Sunday\"],\"opens\":\"09:00\",\"closes\":\"17:00\"}]},{\"@type\":\"ImageObject\",\"inLanguage\":\"sv-SE\",\"@id\":\"https:\\\/\\\/landioustravel.com\\\/sv\\\/shop\\\/utflykt-paradise-island-hurghada\\\/#local-main-organization-logo\",\"url\":\"https:\\\/\\\/i0.wp.com\\\/landioustravel.com\\\/wp-content\\\/uploads\\\/2021\\\/06\\\/Landious-T.png?fit=500%2C500&ssl=1\",\"contentUrl\":\"https:\\\/\\\/i0.wp.com\\\/landioustravel.com\\\/wp-content\\\/uploads\\\/2021\\\/06\\\/Landious-T.png?fit=500%2C500&ssl=1\",\"width\":500,\"height\":500,\"caption\":\"Landious Travel\"}]}<\/script>\n<!-- \/ Yoast SEO Premium plugin. -->","yoast_head_json":{"title":"Utflykt till Paradise Island i Hurghada","description":"Utflykt till Paradise Island i Hurghada kommer du att ha en havspiknik genom R\u00f6da havet, och n\u00e5gonstans, ett stopp p\u00e5 \u00f6ppet hav f\u00f6r simning och snorkling","robots":{"index":"index","follow":"follow","max-snippet":"max-snippet:-1","max-image-preview":"max-image-preview:large","max-video-preview":"max-video-preview:-1"},"canonical":"https:\/\/landioustravel.com\/sv\/shop\/utflykt-paradise-island-hurghada\/","og_locale":"sv_SE","og_type":"article","og_title":"Utflykt till Paradise Island i Hurghada","og_description":"Landious Travel","og_url":"https:\/\/landioustravel.com\/sv\/shop\/utflykt-paradise-island-hurghada\/","og_site_name":"Landious Travel","article_publisher":"https:\/\/web.facebook.com\/landiousEgypt","article_modified_time":"2025-10-19T17:14:55+00:00","og_image":[{"width":1200,"height":675,"url":"https:\/\/i0.wp.com\/landioustravel.com\/wp-content\/uploads\/2018\/11\/Paradise-Island-Excursion-from-Hurghada-e1669581867502.jpg?fit=1200%2C675&ssl=1","type":"image\/jpeg"}],"twitter_card":"summary_large_image","twitter_site":"@LandiousTours","twitter_misc":{"Ber\u00e4knad l\u00e4stid":"2 minuter"},"schema":{"@context":"https:\/\/schema.org","@graph":[{"@type":"WebPage","@id":"https:\/\/landioustravel.com\/sv\/shop\/utflykt-paradise-island-hurghada\/","url":"https:\/\/landioustravel.com\/sv\/shop\/utflykt-paradise-island-hurghada\/","name":"Utflykt till Paradise Island i Hurghada","isPartOf":{"@id":"https:\/\/landioustravel.com\/sv\/#website"},"primaryImageOfPage":{"@id":"https:\/\/landioustravel.com\/sv\/shop\/utflykt-paradise-island-hurghada\/#primaryimage"},"image":{"@id":"https:\/\/landioustravel.com\/sv\/shop\/utflykt-paradise-island-hurghada\/#primaryimage"},"thumbnailUrl":"https:\/\/i0.wp.com\/landioustravel.com\/wp-content\/uploads\/2018\/11\/Paradise-Island-Excursion-from-Hurghada-e1669581867502.jpg?fit=1200%2C675&ssl=1","datePublished":"2020-11-22T10:29:10+00:00","dateModified":"2025-10-19T17:14:55+00:00","description":"Utflykt till Paradise Island i Hurghada kommer du att ha en havspiknik genom R\u00f6da havet, och n\u00e5gonstans, ett stopp p\u00e5 \u00f6ppet hav f\u00f6r simning och snorkling","breadcrumb":{"@id":"https:\/\/landioustravel.com\/sv\/shop\/utflykt-paradise-island-hurghada\/#breadcrumb"},"inLanguage":"sv-SE","potentialAction":[{"@type":"ReadAction","target":["https:\/\/landioustravel.com\/sv\/shop\/utflykt-paradise-island-hurghada\/"]}]},{"@type":"ImageObject","inLanguage":"sv-SE","@id":"https:\/\/landioustravel.com\/sv\/shop\/utflykt-paradise-island-hurghada\/#primaryimage","url":"https:\/\/i0.wp.com\/landioustravel.com\/wp-content\/uploads\/2018\/11\/Paradise-Island-Excursion-from-Hurghada-e1669581867502.jpg?fit=1200%2C675&ssl=1","contentUrl":"https:\/\/i0.wp.com\/landioustravel.com\/wp-content\/uploads\/2018\/11\/Paradise-Island-Excursion-from-Hurghada-e1669581867502.jpg?fit=1200%2C675&ssl=1","width":1200,"height":675,"caption":"Paradise Island Excursion from Hurghada"},{"@type":"BreadcrumbList","@id":"https:\/\/landioustravel.com\/sv\/shop\/utflykt-paradise-island-hurghada\/#breadcrumb","itemListElement":[{"@type":"ListItem","position":1,"name":"Home","item":"https:\/\/landioustravel.com\/sv\/"},{"@type":"ListItem","position":2,"name":"Tj\u00e4nster &#038; turer","item":"https:\/\/landioustravel.com\/sv\/"},{"@type":"ListItem","position":3,"name":"Utflykt till Paradise Island i Hurghada"}]},{"@type":"WebSite","@id":"https:\/\/landioustravel.com\/sv\/#website","url":"https:\/\/landioustravel.com\/sv\/","name":"Landious Travel","description":"Excursions, trips and cruises in Egypt","publisher":{"@id":"https:\/\/landioustravel.com\/sv\/#organization"},"potentialAction":[{"@type":"SearchAction","target":{"@type":"EntryPoint","urlTemplate":"https:\/\/landioustravel.com\/sv\/?s={search_term_string}"},"query-input":{"@type":"PropertyValueSpecification","valueRequired":true,"valueName":"search_term_string"}}],"inLanguage":"sv-SE"},{"@type":["Organization","Place"],"@id":"https:\/\/landioustravel.com\/sv\/#organization","name":"Landious Travel","alternateName":"Landious Travel","url":"https:\/\/landioustravel.com\/sv\/","logo":{"@id":"https:\/\/landioustravel.com\/sv\/shop\/utflykt-paradise-island-hurghada\/#local-main-organization-logo"},"image":{"@id":"https:\/\/landioustravel.com\/sv\/shop\/utflykt-paradise-island-hurghada\/#local-main-organization-logo"},"sameAs":["https:\/\/web.facebook.com\/landiousEgypt","https:\/\/x.com\/LandiousTours","https:\/\/mastodon.social\/@landious"],"legalName":"Landious Travel","telephone":[],"openingHoursSpecification":[{"@type":"OpeningHoursSpecification","dayOfWeek":["Monday","Tuesday","Wednesday","Thursday","Friday","Saturday","Sunday"],"opens":"09:00","closes":"17:00"}]},{"@type":"ImageObject","inLanguage":"sv-SE","@id":"https:\/\/landioustravel.com\/sv\/shop\/utflykt-paradise-island-hurghada\/#local-main-organization-logo","url":"https:\/\/i0.wp.com\/landioustravel.com\/wp-content\/uploads\/2021\/06\/Landious-T.png?fit=500%2C500&ssl=1","contentUrl":"https:\/\/i0.wp.com\/landioustravel.com\/wp-content\/uploads\/2021\/06\/Landious-T.png?fit=500%2C500&ssl=1","width":500,"height":500,"caption":"Landious Travel"}]}},"jetpack_publicize_connections":[],"uagb_featured_image_src":{"full":["https:\/\/i0.wp.com\/landioustravel.com\/wp-content\/uploads\/2018\/11\/Paradise-Island-Excursion-from-Hurghada-e1669581867502.jpg?fit=1200%2C675&ssl=1",1200,675,false],"thumbnail":["https:\/\/i0.wp.com\/landioustravel.com\/wp-content\/uploads\/2018\/11\/Paradise-Island-Excursion-from-Hurghada-e1669581867502.jpg?resize=150%2C150&ssl=1",150,150,true],"medium":["https:\/\/i0.wp.com\/landioustravel.com\/wp-content\/uploads\/2018\/11\/Paradise-Island-Excursion-from-Hurghada-e1669581867502.jpg?fit=300%2C169&ssl=1",300,169,true],"medium_large":["https:\/\/i0.wp.com\/landioustravel.com\/wp-content\/uploads\/2018\/11\/Paradise-Island-Excursion-from-Hurghada-e1669581867502.jpg?fit=768%2C432&ssl=1",768,432,true],"large":["https:\/\/i0.wp.com\/landioustravel.com\/wp-content\/uploads\/2018\/11\/Paradise-Island-Excursion-from-Hurghada-e1669581867502.jpg?fit=980%2C551&ssl=1",980,551,true],"1536x1536":["https:\/\/i0.wp.com\/landioustravel.com\/wp-content\/uploads\/2018\/11\/Paradise-Island-Excursion-from-Hurghada-e1669581867502.jpg?fit=1200%2C675&ssl=1",1200,675,true],"2048x2048":["https:\/\/i0.wp.com\/landioustravel.com\/wp-content\/uploads\/2018\/11\/Paradise-Island-Excursion-from-Hurghada-e1669581867502.jpg?fit=1200%2C675&ssl=1",1200,675,true],"newspack-article-block-landscape-large":["https:\/\/i0.wp.com\/landioustravel.com\/wp-content\/uploads\/2018\/11\/Paradise-Island-Excursion-from-Hurghada-e1669581867502.jpg?resize=1200%2C675&ssl=1",1200,675,true],"newspack-article-block-portrait-large":["https:\/\/i0.wp.com\/landioustravel.com\/wp-content\/uploads\/2018\/11\/Paradise-Island-Excursion-from-Hurghada-e1669581867502.jpg?resize=900%2C675&ssl=1",900,675,true],"newspack-article-block-square-large":["https:\/\/i0.wp.com\/landioustravel.com\/wp-content\/uploads\/2018\/11\/Paradise-Island-Excursion-from-Hurghada-e1669581867502.jpg?resize=1200%2C675&ssl=1",1200,675,true],"newspack-article-block-landscape-medium":["https:\/\/i0.wp.com\/landioustravel.com\/wp-content\/uploads\/2018\/11\/Paradise-Island-Excursion-from-Hurghada-e1669581867502.jpg?resize=800%2C600&ssl=1",800,600,true],"newspack-article-block-portrait-medium":["https:\/\/i0.wp.com\/landioustravel.com\/wp-content\/uploads\/2018\/11\/Paradise-Island-Excursion-from-Hurghada-e1669581867502.jpg?resize=600%2C675&ssl=1",600,675,true],"newspack-article-block-square-medium":["https:\/\/i0.wp.com\/landioustravel.com\/wp-content\/uploads\/2018\/11\/Paradise-Island-Excursion-from-Hurghada-e1669581867502.jpg?resize=800%2C675&ssl=1",800,675,true],"newspack-article-block-landscape-intermediate":["https:\/\/i0.wp.com\/landioustravel.com\/wp-content\/uploads\/2018\/11\/Paradise-Island-Excursion-from-Hurghada-e1669581867502.jpg?resize=600%2C450&ssl=1",600,450,true],"newspack-article-block-portrait-intermediate":["https:\/\/i0.wp.com\/landioustravel.com\/wp-content\/uploads\/2018\/11\/Paradise-Island-Excursion-from-Hurghada-e1669581867502.jpg?resize=450%2C600&ssl=1",450,600,true],"newspack-article-block-square-intermediate":["https:\/\/i0.wp.com\/landioustravel.com\/wp-content\/uploads\/2018\/11\/Paradise-Island-Excursion-from-Hurghada-e1669581867502.jpg?resize=600%2C600&ssl=1",600,600,true],"newspack-article-block-landscape-small":["https:\/\/i0.wp.com\/landioustravel.com\/wp-content\/uploads\/2018\/11\/Paradise-Island-Excursion-from-Hurghada-e1669581867502.jpg?resize=400%2C300&ssl=1",400,300,true],"newspack-article-block-portrait-small":["https:\/\/i0.wp.com\/landioustravel.com\/wp-content\/uploads\/2018\/11\/Paradise-Island-Excursion-from-Hurghada-e1669581867502.jpg?resize=300%2C400&ssl=1",300,400,true],"newspack-article-block-square-small":["https:\/\/i0.wp.com\/landioustravel.com\/wp-content\/uploads\/2018\/11\/Paradise-Island-Excursion-from-Hurghada-e1669581867502.jpg?resize=400%2C400&ssl=1",400,400,true],"newspack-article-block-landscape-tiny":["https:\/\/i0.wp.com\/landioustravel.com\/wp-content\/uploads\/2018\/11\/Paradise-Island-Excursion-from-Hurghada-e1669581867502.jpg?resize=200%2C150&ssl=1",200,150,true],"newspack-article-block-portrait-tiny":["https:\/\/i0.wp.com\/landioustravel.com\/wp-content\/uploads\/2018\/11\/Paradise-Island-Excursion-from-Hurghada-e1669581867502.jpg?resize=150%2C200&ssl=1",150,200,true],"newspack-article-block-square-tiny":["https:\/\/i0.wp.com\/landioustravel.com\/wp-content\/uploads\/2018\/11\/Paradise-Island-Excursion-from-Hurghada-e1669581867502.jpg?resize=200%2C200&ssl=1",200,200,true],"newspack-article-block-uncropped":["https:\/\/i0.wp.com\/landioustravel.com\/wp-content\/uploads\/2018\/11\/Paradise-Island-Excursion-from-Hurghada-e1669581867502.jpg?fit=1200%2C675&ssl=1",1200,675,true],"woocommerce_thumbnail":["https:\/\/i0.wp.com\/landioustravel.com\/wp-content\/uploads\/2018\/11\/Paradise-Island-Excursion-from-Hurghada-e1669581867502.jpg?resize=324%2C324&ssl=1",324,324,true],"woocommerce_single":["https:\/\/i0.wp.com\/landioustravel.com\/wp-content\/uploads\/2018\/11\/Paradise-Island-Excursion-from-Hurghada-e1669581867502.jpg?fit=416%2C234&ssl=1",416,234,true],"woocommerce_gallery_thumbnail":["https:\/\/i0.wp.com\/landioustravel.com\/wp-content\/uploads\/2018\/11\/Paradise-Island-Excursion-from-Hurghada-e1669581867502.jpg?resize=100%2C100&ssl=1",100,100,true]},"uagb_author_info":{"display_name":"Mofreh Landious","author_link":"https:\/\/landioustravel.com\/sv\/author\/"},"uagb_comment_info":7,"uagb_excerpt":"\u00c4r du redo f\u00f6r en of\u00f6rgl\u00f6mlig sj\u00f6resa i Hurghada? Vi har dig t\u00e4ckt! F\u00f6lj med oss p\u00e5 en resa till Paradise Beach, d\u00e4r du kan njuta av en h\u00e4rlig picknick medan du njuter av R\u00f6da havets sk\u00f6nhet. Ta ett dopp i \u00f6ppet hav och utforska den magnifika undervattensv\u00e4rlden med snorklingsutrustning. Och om det inte r\u00e4cker,&hellip;","jetpack_sharing_enabled":true,"jetpack_likes_enabled":true,"amp_enabled":true,"_links":{"self":[{"href":"https:\/\/landioustravel.com\/sv\/wp-json\/wp\/v2\/product\/25876","targetHints":{"allow":["GET"]}}],"collection":[{"href":"https:\/\/landioustravel.com\/sv\/wp-json\/wp\/v2\/product"}],"about":[{"href":"https:\/\/landioustravel.com\/sv\/wp-json\/wp\/v2\/types\/product"}],"replies":[{"embeddable":true,"href":"https:\/\/landioustravel.com\/sv\/wp-json\/wp\/v2\/comments?post=25876"}],"wp:featuredmedia":[{"embeddable":true,"href":"https:\/\/landioustravel.com\/sv\/wp-json\/wp\/v2\/media\/100507"}],"wp:attachment":[{"href":"https:\/\/landioustravel.com\/sv\/wp-json\/wp\/v2\/media?parent=25876"}],"wp:term":[{"taxonomy":"product_brand","embeddable":true,"href":"https:\/\/landioustravel.com\/sv\/wp-json\/wp\/v2\/product_brand?post=25876"},{"taxonomy":"product_cat","embeddable":true,"href":"https:\/\/landioustravel.com\/sv\/wp-json\/wp\/v2\/product_cat?post=25876"},{"taxonomy":"product_tag","embeddable":true,"href":"https:\/\/landioustravel.com\/sv\/wp-json\/wp\/v2\/product_tag?post=25876"}],"curies":[{"name":"wp","href":"https:\/\/api.w.org\/{rel}","templated":true}]}}