{"id":25983,"date":"2020-11-02T02:24:35","date_gmt":"2020-11-26T19:06:34","guid":{"rendered":"https:\/\/landioustravel.com\/?post_type=product&#038;p=25983"},"modified":"2026-01-27T19:13:59","modified_gmt":"2026-01-27T17:13:59","slug":"resa-pyramider-egyptiska-museet-kairo","status":"publish","type":"product","link":"https:\/\/landioustravel.com\/sv\/shop\/resa-pyramider-egyptiska-museet-kairo\/","title":{"rendered":"Resa till pyramiderna och egyptiska museet i Kairo"},"content":{"rendered":"<p>En underbar dagsutflykt till pyramiderna och egyptiska museet i Kairo! Vi rekommenderar utflykten p\u00e5 grund av det faktum att turister kan se de mest imponerande sev\u00e4rdheterna som byggdes under det gamla Egypten och l\u00e4ra sig mer om landets historia.<\/p>\n<h2>Huvudpunkterna f\u00f6r utflyktsprogrammet i Kairo<\/h2>\n<ul>\n<li>Bes\u00f6k Egyptiska museet i Kairo<\/li>\n<li>Lunch<\/li>\n<li>Bes\u00f6k de tre pyramiderna i Giza<\/li>\n<li>Bes\u00f6k ocks\u00e5 den stora sfinxen i pyramidkomplexet<\/li>\n<\/ul>\n<h3>Program f\u00f6r resa till pyramider och egyptiskt museum i Kairo<\/h3>\n<ul>\n<li>Landious Travel representant h\u00e4mtar dig fr\u00e5n hotellet i Kairo runt 08:00 p\u00e5 morgonen<\/li>\n<li>Efter att ha h\u00e4mtat alla bes\u00f6kare, g\u00e5r minibussen till Giza-pyramiderna<\/li>\n<li>V\u00e4rt att notera g\u00e5r utflykten till pyramiderna och egyptiska museet till tv\u00e5 olika st\u00e4der _ Kairo och Giza<\/li>\n<\/ul>\n<h4>Program i Kairo<\/h4>\n<ul>\n<li>S\u00e5 snart du anl\u00e4nder till Kairo visar vi Egyptiska museet. Din guide har en uppgift att visa alla dessa tempel och ge ledig tid att ta bilder<\/li>\n<li>Efter att ha bes\u00f6kt Egyptiska museet i Kairo, b\u00f6rjar du b\u00e5tturen p\u00e5 Nilen. Detta \u00e4r ett extra program och det kan best\u00e4llas i f\u00f6rv\u00e4g via oss! S\u00e5 snart b\u00e5tturen p\u00e5 Nilen slutar, \u00e4r du p\u00e5 v\u00e4g till en annan stad _ Giza<\/li>\n<\/ul>\n<h4>Program i Giza<\/h4>\n<ul>\n<li>Turn\u00e9n forts\u00e4tter i Giza. Det f\u00f6rsta stoppet kommer att finnas i restaurangen. Den erbjuder en buff\u00e9<\/li>\n<li>Sedan g\u00e5r gruppen till pyramidkomplexet, d\u00e4r det finns stora tre pyramider och sfinxen. Du kommer att njuta av en pyramidtur i Cheops, Chephren och Mykerinus. Dessutom kommer du att bes\u00f6ka Valley Temple och Sphinx.<\/li>\n<li>V\u00e5r buss avg\u00e5r efter ett s\u00e5dant program i de underbara st\u00e4derna Kairo och Giza.<\/li>\n<li>Denna &#8221;resa till pyramiderna och egyptiska museet i Kairo&#8221; slutar ungef\u00e4r 22:00<\/li>\n<\/ul>\n<h4>Vad ing\u00e5r i turn\u00e9priset<\/h4>\n<ul>\n<li>Biljetter till bes\u00f6kande tempel<\/li>\n<li>Lunch<\/li>\n<li>Guide<\/li>\n<li>\u00d6verf\u00f6r ocks\u00e5 till alla destinationer och tillbaka till hotellet<\/li>\n<\/ul>\n<h5>Vad ing\u00e5r inte i priset f\u00f6r turn\u00e9n<\/h5>\n<ul>\n<li>Ytterligare utflyktsprogram om de inte ing\u00e5r i ovanst\u00e5ende program<\/li>\n<li>Ocks\u00e5, drycker i restaurangen<\/li>\n<\/ul>\n<h6>Vad du ska ta med dig f\u00f6r resan till Kairo &#8211; Giza<\/h6>\n<ul>\n<li>Extra kontanter<\/li>\n<li>Ocks\u00e5 kl\u00e4der f\u00f6r s\u00e4songen<\/li>\n<\/ul>\n<h6>Dagar med utflyktsorganisation<\/h6>\n<ul>\n<li>Dagligen fr\u00e5n 08: 00-15: 00<\/li>\n<\/ul>\n","protected":false},"excerpt":{"rendered":"<p>Upplev det antika Egyptens underverk p\u00e5 en dagsutflykt till pyramiderna och det egyptiska museet i Kairo. Se de stora pyramiderna i Giza, inklusive Cheops, Chephren och Mykerinos, s\u00e5v\u00e4l som den legendariska sfinxen. Efter lunch bes\u00f6ker du det egyptiska museet, som har en otrolig samling av 150 000 f\u00f6rem\u00e5l f\u00f6rdelade p\u00e5 100 utst\u00e4llningshallar. Avsluta turn\u00e9n med en shoppingutflykt till Khan Khalili Bazaar. Utforska det b\u00e4sta av Kairo och Giza med en privat guide och fordon, vilket s\u00e4kerst\u00e4ller en personlig upplevelse. Se de ikoniska monumenten p\u00e5 Gizaplat\u00e5n, inklusive Valley Temple, och njut av en egyptisk lunch innan du bes\u00f6ker Tahrir Square, platsen f\u00f6r den arabiska v\u00e5ren. Bl\u00e4ddra bland souvenirer och kryddor p\u00e5 den livliga Khan Khalili Bazaar. Bevittna faraonernas antika skatter p\u00e5 landets ledande museum. Missa inte detta tillf\u00e4lle att uppt\u00e4cka Kairos rika historia och moderna liv.<\/p>\n","protected":false},"featured_media":128336,"comment_status":"open","ping_status":"closed","template":"","meta":{"_coblocks_attr":"","_coblocks_dimensions":"","_coblocks_responsive_height":"","_coblocks_accordion_ie_support":"","_uag_custom_page_level_css":"","jetpack_publicize_message":"","jetpack_publicize_feature_enabled":true,"jetpack_social_post_already_shared":true,"jetpack_social_options":{"image_generator_settings":{"template":"highway","default_image_id":0,"font":"","enabled":false},"version":2},"_wpas_customize_per_network":false},"product_brand":[],"product_cat":[18883],"product_tag":[18974,19015,19027,19030,18998],"class_list":{"0":"post-25983","1":"product","2":"type-product","3":"status-publish","4":"has-post-thumbnail","6":"product_cat-kairo-utflykter","7":"product_tag-kairo-sv","8":"product_tag-pyramider","9":"product_tag-sightseeing-sv","10":"product_tag-sphinx-sv","11":"product_tag-utflykt","13":"first","14":"instock","15":"sale","16":"taxable","17":"shipping-taxable","18":"purchasable","19":"product-type-variable"},"yoast_head":"<!-- This site is optimized with the Yoast SEO Premium plugin v26.9 (Yoast SEO v27.4) - https:\/\/yoast.com\/product\/yoast-seo-premium-wordpress\/ -->\n<title>Resa till pyramiderna och egyptiska museet i Kairo<\/title>\n<meta name=\"description\" content=\"Resa till pyramiderna och egyptiska museet i Kairo med buss, bes\u00f6ker vi de tre stora pyramiderna i Giza och Great Sphinx. Sedan \u00e4ter vi lunch. Efter lunch\" \/>\n<meta name=\"robots\" content=\"index, follow, max-snippet:-1, max-image-preview:large, max-video-preview:-1\" \/>\n<link rel=\"canonical\" href=\"https:\/\/landioustravel.com\/sv\/shop\/resa-pyramider-egyptiska-museet-kairo\/\" \/>\n<meta property=\"og:locale\" content=\"sv_SE\" \/>\n<meta property=\"og:type\" content=\"article\" \/>\n<meta property=\"og:title\" content=\"Resa till pyramiderna och egyptiska museet i Kairo\" \/>\n<meta property=\"og:description\" content=\"Landious Travel\" \/>\n<meta property=\"og:url\" content=\"https:\/\/landioustravel.com\/sv\/shop\/resa-pyramider-egyptiska-museet-kairo\/\" \/>\n<meta property=\"og:site_name\" content=\"Landious Travel\" \/>\n<meta property=\"article:publisher\" content=\"https:\/\/web.facebook.com\/landiousEgypt\" \/>\n<meta property=\"article:modified_time\" content=\"2026-01-27T17:13:59+00:00\" \/>\n<meta property=\"og:image\" content=\"https:\/\/i0.wp.com\/landioustravel.com\/wp-content\/uploads\/2020\/11\/Egyptian-Museum-Pyramids-Trip-Cairo-e1668807624676.jpeg?fit=1200%2C675&ssl=1\" \/>\n\t<meta property=\"og:image:width\" content=\"1200\" \/>\n\t<meta property=\"og:image:height\" content=\"675\" \/>\n\t<meta property=\"og:image:type\" content=\"image\/jpeg\" \/>\n<meta name=\"twitter:card\" content=\"summary_large_image\" \/>\n<meta name=\"twitter:site\" content=\"@LandiousTours\" \/>\n<meta name=\"twitter:label1\" content=\"Ber\u00e4knad l\u00e4stid\" \/>\n\t<meta name=\"twitter:data1\" content=\"2 minuter\" \/>\n<script type=\"application\/ld+json\" class=\"yoast-schema-graph\">{\"@context\":\"https:\\\/\\\/schema.org\",\"@graph\":[{\"@type\":\"WebPage\",\"@id\":\"https:\\\/\\\/landioustravel.com\\\/sv\\\/shop\\\/resa-pyramider-egyptiska-museet-kairo\\\/\",\"url\":\"https:\\\/\\\/landioustravel.com\\\/sv\\\/shop\\\/resa-pyramider-egyptiska-museet-kairo\\\/\",\"name\":\"Resa till pyramiderna och egyptiska museet i Kairo\",\"isPartOf\":{\"@id\":\"https:\\\/\\\/landioustravel.com\\\/sv\\\/#website\"},\"primaryImageOfPage\":{\"@id\":\"https:\\\/\\\/landioustravel.com\\\/sv\\\/shop\\\/resa-pyramider-egyptiska-museet-kairo\\\/#primaryimage\"},\"image\":{\"@id\":\"https:\\\/\\\/landioustravel.com\\\/sv\\\/shop\\\/resa-pyramider-egyptiska-museet-kairo\\\/#primaryimage\"},\"thumbnailUrl\":\"https:\\\/\\\/i0.wp.com\\\/landioustravel.com\\\/wp-content\\\/uploads\\\/2020\\\/11\\\/Egyptian-Museum-Pyramids-Trip-Cairo-e1668807624676.jpeg?fit=1200%2C675&ssl=1\",\"datePublished\":\"2020-11-26T19:06:34+00:00\",\"dateModified\":\"2026-01-27T17:13:59+00:00\",\"description\":\"Resa till pyramiderna och egyptiska museet i Kairo med buss, bes\u00f6ker vi de tre stora pyramiderna i Giza och Great Sphinx. Sedan \u00e4ter vi lunch. Efter lunch\",\"breadcrumb\":{\"@id\":\"https:\\\/\\\/landioustravel.com\\\/sv\\\/shop\\\/resa-pyramider-egyptiska-museet-kairo\\\/#breadcrumb\"},\"inLanguage\":\"sv-SE\",\"potentialAction\":[{\"@type\":\"ReadAction\",\"target\":[\"https:\\\/\\\/landioustravel.com\\\/sv\\\/shop\\\/resa-pyramider-egyptiska-museet-kairo\\\/\"]}]},{\"@type\":\"ImageObject\",\"inLanguage\":\"sv-SE\",\"@id\":\"https:\\\/\\\/landioustravel.com\\\/sv\\\/shop\\\/resa-pyramider-egyptiska-museet-kairo\\\/#primaryimage\",\"url\":\"https:\\\/\\\/i0.wp.com\\\/landioustravel.com\\\/wp-content\\\/uploads\\\/2020\\\/11\\\/Egyptian-Museum-Pyramids-Trip-Cairo-e1668807624676.jpeg?fit=1200%2C675&ssl=1\",\"contentUrl\":\"https:\\\/\\\/i0.wp.com\\\/landioustravel.com\\\/wp-content\\\/uploads\\\/2020\\\/11\\\/Egyptian-Museum-Pyramids-Trip-Cairo-e1668807624676.jpeg?fit=1200%2C675&ssl=1\",\"width\":1200,\"height\":675,\"caption\":\"Egyptian Museum Pyramids Trip Cairo\"},{\"@type\":\"BreadcrumbList\",\"@id\":\"https:\\\/\\\/landioustravel.com\\\/sv\\\/shop\\\/resa-pyramider-egyptiska-museet-kairo\\\/#breadcrumb\",\"itemListElement\":[{\"@type\":\"ListItem\",\"position\":1,\"name\":\"Home\",\"item\":\"https:\\\/\\\/landioustravel.com\\\/sv\\\/\"},{\"@type\":\"ListItem\",\"position\":2,\"name\":\"Tj\u00e4nster &#038; turer\",\"item\":\"https:\\\/\\\/landioustravel.com\\\/sv\\\/\"},{\"@type\":\"ListItem\",\"position\":3,\"name\":\"Resa till pyramiderna och egyptiska museet i Kairo\"}]},{\"@type\":\"WebSite\",\"@id\":\"https:\\\/\\\/landioustravel.com\\\/sv\\\/#website\",\"url\":\"https:\\\/\\\/landioustravel.com\\\/sv\\\/\",\"name\":\"Landious Travel\",\"description\":\"Excursions, trips and cruises in Egypt\",\"publisher\":{\"@id\":\"https:\\\/\\\/landioustravel.com\\\/sv\\\/#organization\"},\"potentialAction\":[{\"@type\":\"SearchAction\",\"target\":{\"@type\":\"EntryPoint\",\"urlTemplate\":\"https:\\\/\\\/landioustravel.com\\\/sv\\\/?s={search_term_string}\"},\"query-input\":{\"@type\":\"PropertyValueSpecification\",\"valueRequired\":true,\"valueName\":\"search_term_string\"}}],\"inLanguage\":\"sv-SE\"},{\"@type\":[\"Organization\",\"Place\"],\"@id\":\"https:\\\/\\\/landioustravel.com\\\/sv\\\/#organization\",\"name\":\"Landious Travel\",\"alternateName\":\"Landious Travel\",\"url\":\"https:\\\/\\\/landioustravel.com\\\/sv\\\/\",\"logo\":{\"@id\":\"https:\\\/\\\/landioustravel.com\\\/sv\\\/shop\\\/resa-pyramider-egyptiska-museet-kairo\\\/#local-main-organization-logo\"},\"image\":{\"@id\":\"https:\\\/\\\/landioustravel.com\\\/sv\\\/shop\\\/resa-pyramider-egyptiska-museet-kairo\\\/#local-main-organization-logo\"},\"sameAs\":[\"https:\\\/\\\/web.facebook.com\\\/landiousEgypt\",\"https:\\\/\\\/x.com\\\/LandiousTours\",\"https:\\\/\\\/mastodon.social\\\/@landious\"],\"legalName\":\"Landious Travel\",\"telephone\":[],\"openingHoursSpecification\":[{\"@type\":\"OpeningHoursSpecification\",\"dayOfWeek\":[\"Monday\",\"Tuesday\",\"Wednesday\",\"Thursday\",\"Friday\",\"Saturday\",\"Sunday\"],\"opens\":\"09:00\",\"closes\":\"17:00\"}]},{\"@type\":\"ImageObject\",\"inLanguage\":\"sv-SE\",\"@id\":\"https:\\\/\\\/landioustravel.com\\\/sv\\\/shop\\\/resa-pyramider-egyptiska-museet-kairo\\\/#local-main-organization-logo\",\"url\":\"https:\\\/\\\/i0.wp.com\\\/landioustravel.com\\\/wp-content\\\/uploads\\\/2021\\\/06\\\/Landious-T.png?fit=500%2C500&ssl=1\",\"contentUrl\":\"https:\\\/\\\/i0.wp.com\\\/landioustravel.com\\\/wp-content\\\/uploads\\\/2021\\\/06\\\/Landious-T.png?fit=500%2C500&ssl=1\",\"width\":500,\"height\":500,\"caption\":\"Landious Travel\"}]}<\/script>\n<!-- \/ Yoast SEO Premium plugin. -->","yoast_head_json":{"title":"Resa till pyramiderna och egyptiska museet i Kairo","description":"Resa till pyramiderna och egyptiska museet i Kairo med buss, bes\u00f6ker vi de tre stora pyramiderna i Giza och Great Sphinx. Sedan \u00e4ter vi lunch. Efter lunch","robots":{"index":"index","follow":"follow","max-snippet":"max-snippet:-1","max-image-preview":"max-image-preview:large","max-video-preview":"max-video-preview:-1"},"canonical":"https:\/\/landioustravel.com\/sv\/shop\/resa-pyramider-egyptiska-museet-kairo\/","og_locale":"sv_SE","og_type":"article","og_title":"Resa till pyramiderna och egyptiska museet i Kairo","og_description":"Landious Travel","og_url":"https:\/\/landioustravel.com\/sv\/shop\/resa-pyramider-egyptiska-museet-kairo\/","og_site_name":"Landious Travel","article_publisher":"https:\/\/web.facebook.com\/landiousEgypt","article_modified_time":"2026-01-27T17:13:59+00:00","og_image":[{"width":1200,"height":675,"url":"https:\/\/i0.wp.com\/landioustravel.com\/wp-content\/uploads\/2020\/11\/Egyptian-Museum-Pyramids-Trip-Cairo-e1668807624676.jpeg?fit=1200%2C675&ssl=1","type":"image\/jpeg"}],"twitter_card":"summary_large_image","twitter_site":"@LandiousTours","twitter_misc":{"Ber\u00e4knad l\u00e4stid":"2 minuter"},"schema":{"@context":"https:\/\/schema.org","@graph":[{"@type":"WebPage","@id":"https:\/\/landioustravel.com\/sv\/shop\/resa-pyramider-egyptiska-museet-kairo\/","url":"https:\/\/landioustravel.com\/sv\/shop\/resa-pyramider-egyptiska-museet-kairo\/","name":"Resa till pyramiderna och egyptiska museet i Kairo","isPartOf":{"@id":"https:\/\/landioustravel.com\/sv\/#website"},"primaryImageOfPage":{"@id":"https:\/\/landioustravel.com\/sv\/shop\/resa-pyramider-egyptiska-museet-kairo\/#primaryimage"},"image":{"@id":"https:\/\/landioustravel.com\/sv\/shop\/resa-pyramider-egyptiska-museet-kairo\/#primaryimage"},"thumbnailUrl":"https:\/\/i0.wp.com\/landioustravel.com\/wp-content\/uploads\/2020\/11\/Egyptian-Museum-Pyramids-Trip-Cairo-e1668807624676.jpeg?fit=1200%2C675&ssl=1","datePublished":"2020-11-26T19:06:34+00:00","dateModified":"2026-01-27T17:13:59+00:00","description":"Resa till pyramiderna och egyptiska museet i Kairo med buss, bes\u00f6ker vi de tre stora pyramiderna i Giza och Great Sphinx. Sedan \u00e4ter vi lunch. Efter lunch","breadcrumb":{"@id":"https:\/\/landioustravel.com\/sv\/shop\/resa-pyramider-egyptiska-museet-kairo\/#breadcrumb"},"inLanguage":"sv-SE","potentialAction":[{"@type":"ReadAction","target":["https:\/\/landioustravel.com\/sv\/shop\/resa-pyramider-egyptiska-museet-kairo\/"]}]},{"@type":"ImageObject","inLanguage":"sv-SE","@id":"https:\/\/landioustravel.com\/sv\/shop\/resa-pyramider-egyptiska-museet-kairo\/#primaryimage","url":"https:\/\/i0.wp.com\/landioustravel.com\/wp-content\/uploads\/2020\/11\/Egyptian-Museum-Pyramids-Trip-Cairo-e1668807624676.jpeg?fit=1200%2C675&ssl=1","contentUrl":"https:\/\/i0.wp.com\/landioustravel.com\/wp-content\/uploads\/2020\/11\/Egyptian-Museum-Pyramids-Trip-Cairo-e1668807624676.jpeg?fit=1200%2C675&ssl=1","width":1200,"height":675,"caption":"Egyptian Museum Pyramids Trip Cairo"},{"@type":"BreadcrumbList","@id":"https:\/\/landioustravel.com\/sv\/shop\/resa-pyramider-egyptiska-museet-kairo\/#breadcrumb","itemListElement":[{"@type":"ListItem","position":1,"name":"Home","item":"https:\/\/landioustravel.com\/sv\/"},{"@type":"ListItem","position":2,"name":"Tj\u00e4nster &#038; turer","item":"https:\/\/landioustravel.com\/sv\/"},{"@type":"ListItem","position":3,"name":"Resa till pyramiderna och egyptiska museet i Kairo"}]},{"@type":"WebSite","@id":"https:\/\/landioustravel.com\/sv\/#website","url":"https:\/\/landioustravel.com\/sv\/","name":"Landious Travel","description":"Excursions, trips and cruises in Egypt","publisher":{"@id":"https:\/\/landioustravel.com\/sv\/#organization"},"potentialAction":[{"@type":"SearchAction","target":{"@type":"EntryPoint","urlTemplate":"https:\/\/landioustravel.com\/sv\/?s={search_term_string}"},"query-input":{"@type":"PropertyValueSpecification","valueRequired":true,"valueName":"search_term_string"}}],"inLanguage":"sv-SE"},{"@type":["Organization","Place"],"@id":"https:\/\/landioustravel.com\/sv\/#organization","name":"Landious Travel","alternateName":"Landious Travel","url":"https:\/\/landioustravel.com\/sv\/","logo":{"@id":"https:\/\/landioustravel.com\/sv\/shop\/resa-pyramider-egyptiska-museet-kairo\/#local-main-organization-logo"},"image":{"@id":"https:\/\/landioustravel.com\/sv\/shop\/resa-pyramider-egyptiska-museet-kairo\/#local-main-organization-logo"},"sameAs":["https:\/\/web.facebook.com\/landiousEgypt","https:\/\/x.com\/LandiousTours","https:\/\/mastodon.social\/@landious"],"legalName":"Landious Travel","telephone":[],"openingHoursSpecification":[{"@type":"OpeningHoursSpecification","dayOfWeek":["Monday","Tuesday","Wednesday","Thursday","Friday","Saturday","Sunday"],"opens":"09:00","closes":"17:00"}]},{"@type":"ImageObject","inLanguage":"sv-SE","@id":"https:\/\/landioustravel.com\/sv\/shop\/resa-pyramider-egyptiska-museet-kairo\/#local-main-organization-logo","url":"https:\/\/i0.wp.com\/landioustravel.com\/wp-content\/uploads\/2021\/06\/Landious-T.png?fit=500%2C500&ssl=1","contentUrl":"https:\/\/i0.wp.com\/landioustravel.com\/wp-content\/uploads\/2021\/06\/Landious-T.png?fit=500%2C500&ssl=1","width":500,"height":500,"caption":"Landious Travel"}]}},"jetpack_publicize_connections":[],"uagb_featured_image_src":{"full":["https:\/\/i0.wp.com\/landioustravel.com\/wp-content\/uploads\/2020\/11\/Egyptian-Museum-Pyramids-Trip-Cairo-e1668807624676.jpeg?fit=1200%2C675&ssl=1",1200,675,false],"thumbnail":["https:\/\/i0.wp.com\/landioustravel.com\/wp-content\/uploads\/2020\/11\/Egyptian-Museum-Pyramids-Trip-Cairo-e1668807624676.jpeg?resize=150%2C150&ssl=1",150,150,true],"medium":["https:\/\/i0.wp.com\/landioustravel.com\/wp-content\/uploads\/2020\/11\/Egyptian-Museum-Pyramids-Trip-Cairo-e1668807624676.jpeg?fit=300%2C169&ssl=1",300,169,true],"medium_large":["https:\/\/i0.wp.com\/landioustravel.com\/wp-content\/uploads\/2020\/11\/Egyptian-Museum-Pyramids-Trip-Cairo-e1668807624676.jpeg?fit=768%2C432&ssl=1",768,432,true],"large":["https:\/\/i0.wp.com\/landioustravel.com\/wp-content\/uploads\/2020\/11\/Egyptian-Museum-Pyramids-Trip-Cairo-e1668807624676.jpeg?fit=980%2C551&ssl=1",980,551,true],"1536x1536":["https:\/\/i0.wp.com\/landioustravel.com\/wp-content\/uploads\/2020\/11\/Egyptian-Museum-Pyramids-Trip-Cairo-e1668807624676.jpeg?fit=1536%2C864&ssl=1",1536,864,true],"2048x2048":["https:\/\/i0.wp.com\/landioustravel.com\/wp-content\/uploads\/2020\/11\/Egyptian-Museum-Pyramids-Trip-Cairo-e1668807624676.jpeg?fit=1200%2C675&ssl=1",1200,675,true],"newspack-article-block-landscape-large":["https:\/\/i0.wp.com\/landioustravel.com\/wp-content\/uploads\/2020\/11\/Egyptian-Museum-Pyramids-Trip-Cairo-e1668807624676.jpeg?resize=1200%2C675&ssl=1",1200,675,true],"newspack-article-block-portrait-large":["https:\/\/i0.wp.com\/landioustravel.com\/wp-content\/uploads\/2020\/11\/Egyptian-Museum-Pyramids-Trip-Cairo-e1668807624676.jpeg?resize=900%2C675&ssl=1",900,675,true],"newspack-article-block-square-large":["https:\/\/i0.wp.com\/landioustravel.com\/wp-content\/uploads\/2020\/11\/Egyptian-Museum-Pyramids-Trip-Cairo-e1668807624676.jpeg?resize=1200%2C675&ssl=1",1200,675,true],"newspack-article-block-landscape-medium":["https:\/\/i0.wp.com\/landioustravel.com\/wp-content\/uploads\/2020\/11\/Egyptian-Museum-Pyramids-Trip-Cairo-e1668807624676.jpeg?resize=800%2C600&ssl=1",800,600,true],"newspack-article-block-portrait-medium":["https:\/\/i0.wp.com\/landioustravel.com\/wp-content\/uploads\/2020\/11\/Egyptian-Museum-Pyramids-Trip-Cairo-e1668807624676.jpeg?resize=600%2C675&ssl=1",600,675,true],"newspack-article-block-square-medium":["https:\/\/i0.wp.com\/landioustravel.com\/wp-content\/uploads\/2020\/11\/Egyptian-Museum-Pyramids-Trip-Cairo-e1668807624676.jpeg?resize=800%2C675&ssl=1",800,675,true],"newspack-article-block-landscape-intermediate":["https:\/\/i0.wp.com\/landioustravel.com\/wp-content\/uploads\/2020\/11\/Egyptian-Museum-Pyramids-Trip-Cairo-e1668807624676.jpeg?resize=600%2C450&ssl=1",600,450,true],"newspack-article-block-portrait-intermediate":["https:\/\/i0.wp.com\/landioustravel.com\/wp-content\/uploads\/2020\/11\/Egyptian-Museum-Pyramids-Trip-Cairo-e1668807624676.jpeg?resize=450%2C600&ssl=1",450,600,true],"newspack-article-block-square-intermediate":["https:\/\/i0.wp.com\/landioustravel.com\/wp-content\/uploads\/2020\/11\/Egyptian-Museum-Pyramids-Trip-Cairo-e1668807624676.jpeg?resize=600%2C600&ssl=1",600,600,true],"newspack-article-block-landscape-small":["https:\/\/i0.wp.com\/landioustravel.com\/wp-content\/uploads\/2020\/11\/Egyptian-Museum-Pyramids-Trip-Cairo-e1668807624676.jpeg?resize=400%2C300&ssl=1",400,300,true],"newspack-article-block-portrait-small":["https:\/\/i0.wp.com\/landioustravel.com\/wp-content\/uploads\/2020\/11\/Egyptian-Museum-Pyramids-Trip-Cairo-e1668807624676.jpeg?resize=300%2C400&ssl=1",300,400,true],"newspack-article-block-square-small":["https:\/\/i0.wp.com\/landioustravel.com\/wp-content\/uploads\/2020\/11\/Egyptian-Museum-Pyramids-Trip-Cairo-e1668807624676.jpeg?resize=400%2C400&ssl=1",400,400,true],"newspack-article-block-landscape-tiny":["https:\/\/i0.wp.com\/landioustravel.com\/wp-content\/uploads\/2020\/11\/Egyptian-Museum-Pyramids-Trip-Cairo-e1668807624676.jpeg?resize=200%2C150&ssl=1",200,150,true],"newspack-article-block-portrait-tiny":["https:\/\/i0.wp.com\/landioustravel.com\/wp-content\/uploads\/2020\/11\/Egyptian-Museum-Pyramids-Trip-Cairo-e1668807624676.jpeg?resize=150%2C200&ssl=1",150,200,true],"newspack-article-block-square-tiny":["https:\/\/i0.wp.com\/landioustravel.com\/wp-content\/uploads\/2020\/11\/Egyptian-Museum-Pyramids-Trip-Cairo-e1668807624676.jpeg?resize=200%2C200&ssl=1",200,200,true],"newspack-article-block-uncropped":["https:\/\/i0.wp.com\/landioustravel.com\/wp-content\/uploads\/2020\/11\/Egyptian-Museum-Pyramids-Trip-Cairo-e1668807624676.jpeg?fit=1200%2C675&ssl=1",1200,675,true],"woocommerce_thumbnail":["https:\/\/i0.wp.com\/landioustravel.com\/wp-content\/uploads\/2020\/11\/Egyptian-Museum-Pyramids-Trip-Cairo-e1668807624676.jpeg?resize=324%2C324&ssl=1",324,324,true],"woocommerce_single":["https:\/\/i0.wp.com\/landioustravel.com\/wp-content\/uploads\/2020\/11\/Egyptian-Museum-Pyramids-Trip-Cairo-e1668807624676.jpeg?fit=416%2C234&ssl=1",416,234,true],"woocommerce_gallery_thumbnail":["https:\/\/i0.wp.com\/landioustravel.com\/wp-content\/uploads\/2020\/11\/Egyptian-Museum-Pyramids-Trip-Cairo-e1668807624676.jpeg?resize=100%2C100&ssl=1",100,100,true]},"uagb_author_info":{"display_name":"Mofreh Landious","author_link":"https:\/\/landioustravel.com\/sv\/author\/"},"uagb_comment_info":1,"uagb_excerpt":"Upplev det antika Egyptens underverk p\u00e5 en dagsutflykt till pyramiderna och det egyptiska museet i Kairo. Se de stora pyramiderna i Giza, inklusive Cheops, Chephren och Mykerinos, s\u00e5v\u00e4l som den legendariska sfinxen. Efter lunch bes\u00f6ker du det egyptiska museet, som har en otrolig samling av 150 000 f\u00f6rem\u00e5l f\u00f6rdelade p\u00e5 100 utst\u00e4llningshallar. Avsluta turn\u00e9n med&hellip;","jetpack_sharing_enabled":true,"jetpack_likes_enabled":true,"amp_enabled":true,"_links":{"self":[{"href":"https:\/\/landioustravel.com\/sv\/wp-json\/wp\/v2\/product\/25983","targetHints":{"allow":["GET"]}}],"collection":[{"href":"https:\/\/landioustravel.com\/sv\/wp-json\/wp\/v2\/product"}],"about":[{"href":"https:\/\/landioustravel.com\/sv\/wp-json\/wp\/v2\/types\/product"}],"replies":[{"embeddable":true,"href":"https:\/\/landioustravel.com\/sv\/wp-json\/wp\/v2\/comments?post=25983"}],"wp:featuredmedia":[{"embeddable":true,"href":"https:\/\/landioustravel.com\/sv\/wp-json\/wp\/v2\/media\/128336"}],"wp:attachment":[{"href":"https:\/\/landioustravel.com\/sv\/wp-json\/wp\/v2\/media?parent=25983"}],"wp:term":[{"taxonomy":"product_brand","embeddable":true,"href":"https:\/\/landioustravel.com\/sv\/wp-json\/wp\/v2\/product_brand?post=25983"},{"taxonomy":"product_cat","embeddable":true,"href":"https:\/\/landioustravel.com\/sv\/wp-json\/wp\/v2\/product_cat?post=25983"},{"taxonomy":"product_tag","embeddable":true,"href":"https:\/\/landioustravel.com\/sv\/wp-json\/wp\/v2\/product_tag?post=25983"}],"curies":[{"name":"wp","href":"https:\/\/api.w.org\/{rel}","templated":true}]}}