{"id":25994,"date":"2023-04-02T07:45:36","date_gmt":"2020-11-27T14:20:36","guid":{"rendered":"https:\/\/landioustravel.com\/?post_type=product&#038;p=25994"},"modified":"2024-02-25T19:18:04","modified_gmt":"2024-02-25T17:18:04","slug":"utflykt-delfinhuset-hurghada","status":"publish","type":"product","link":"https:\/\/landioustravel.com\/sv\/shop\/utflykt-delfinhuset-hurghada\/","title":{"rendered":"Utflykt till Delfinhuset i Hurghada"},"content":{"rendered":"<p>Jag \u00e4r en favoritutflykt till Delfinhuset i Hurghada, Egypten! Vi rekommenderar resan eftersom det g\u00f6r det m\u00f6jligt f\u00f6r turister att ha det bra vid havet och simma med delfiner. Det g\u00f6r det ocks\u00e5 m\u00f6jligt att se de vackra korallerna och en m\u00e4ngd olika fiskar; och njuter av en havspiknik genom R\u00f6da havet. Under de h\u00e4r b\u00e5tturerna f\u00e5r du en unik m\u00f6jlighet att snorkla och simma med de h\u00e4rliga d\u00e4ggdjursvarelserna _ delfiner.<\/p>\n<h1>Huvudpunkterna i reseprogrammet till Dolphin House<\/h1>\n<ul>\n<li>Simning med delfinerna i \u00f6ppet hav<\/li>\n<li>Snorkling<\/li>\n<li>Lunch<\/li>\n<li>Dessutom rider banan och soffa<\/li>\n<\/ul>\n<h2>Program f\u00f6r utflykt till Dolphin Bay i Hurghada<\/h2>\n<ul>\n<li>Landious Travel-representant h\u00e4mtar dig fr\u00e5n ditt hotell i Hurghada, klockan 08:00<\/li>\n<li>Efter att ha h\u00e4mtat alla bes\u00f6kare g\u00e5r bussen direkt till hamnen. V\u00e4gen till hamnen tar ungef\u00e4r 10 minuter<\/li>\n<li>I hamnen hittar du din b\u00e5t. Det \u00e4r stort och elegant! Det \u00e4r v\u00e4rt att notera, den h\u00e4r b\u00e5ten har tv\u00e5 v\u00e5ningar. S\u00e5 fort du g\u00e5r in i b\u00e5ten \u00e4r det n\u00f6dv\u00e4ndigt att ta av skor och att stiga p\u00e5 andra v\u00e5ningen f\u00f6r att garva i det \u00f6vre sold\u00e4cket<\/li>\n<li>B\u00e5ten r\u00f6r sig \u00f6ver R\u00f6da havet s\u00e5 snart gruppen samlas. Ditt f\u00f6rsta stopp \u00e4r i det \u00f6ppna havet. D\u00e4r kan du ocks\u00e5 snorkla och simma med delfiner.<\/li>\n<li>D\u00e5 kommer du att stanna p\u00e5 ett annat st\u00e4lle f\u00f6r att snorkla med masker och simf\u00f6tter.<\/li>\n<li>Efter detta stopp samlas gruppen p\u00e5 f\u00f6rsta v\u00e5ningen f\u00f6r lunch. Under lunchen \u00e4r buff\u00e9n \u00f6ppen<\/li>\n<li>Slutligen g\u00f6r du n\u00e5gra n\u00f6jen p\u00e5 banan och soffvattenleksaker<\/li>\n<li>Efter en s\u00e5dan underbar snorklingresa l\u00e4mnar din b\u00e5t tillbaka till hamnen. \u00c5terigen, vi eskorterar dig till dina hotell.<\/li>\n<li>Denna &#8221;Utflykt till delfinhuset i Hurghada&#8221; slutar cirka kl. 16.30<\/li>\n<\/ul>\n<h3>Vad ing\u00e5r i resepriset<\/h3>\n<ul>\n<li>Snorklingsutrustning<\/li>\n<li>Mat drinkar<\/li>\n<li>\u00d6verf\u00f6r ocks\u00e5 till hamnen och tillbaka till hotellet<\/li>\n<\/ul>\n<h4>Vad ing\u00e5r inte i priset f\u00f6r turn\u00e9n<\/h4>\n<ul>\n<li>Video DVD<\/li>\n<li>\u00c4ven foto-CD<\/li>\n<\/ul>\n<h5>Vad du ska ta med dig f\u00f6r resan<\/h5>\n<ul>\n<li>Handduk<\/li>\n<li>\u00c4ven solskyddsmedel<\/li>\n<\/ul>\n<h6>Dagar med utflyktsorganisation<\/h6>\n<ul>\n<li>Dagligen fr\u00e5n kl. 08.00 till 17.00<\/li>\n<\/ul>\n","protected":false},"excerpt":{"rendered":"<p>Upplev magin med att simma med delfiner i deras naturliga livsmilj\u00f6 p\u00e5 en hisnande 9-timmars snorklingstur fr\u00e5n Hurghada. Njut av en lugn b\u00e5tkryssning till platserna d\u00e4r dessa majest\u00e4tiska varelser kan hittas. F\u00f6rundras \u00f6ver de livliga korallreven och njut av ett lugnt dopp eller snorkling med dessa vackra djur. Res till Dolphin Bay i Hurghada f\u00f6r att simma med delfiner i det \u00f6ppna havet och bevittna de fantastiska korallreven och fiskarna. F\u00f6r att \u00f6ka sp\u00e4nningen, prova att rida en banan och en vattenleksak f\u00f6r tabletter. Resans pris inkluderar en uts\u00f6kt lunch och uppfriskande drinkar ombord p\u00e5 b\u00e5ten, samt transfer fr\u00e5n ditt hotell och tillbaka. V\u00e5r v\u00e4nliga b\u00e5tbes\u00e4ttning kommer att se till att du har en underbar tid. Resans pris inkluderar \u00e4ven transfer och lunch ombord.<\/p>\n<p>Om ditt hj\u00e4rta l\u00e4ngtar efter att se delfinerna i deras naturliga habitat, \u00e4r denna kryssning till R\u00f6da havets omr\u00e5de, k\u00e4nt som Dolphin House, perfekt f\u00f6r dig. Med tre stopp p\u00e5 olika platser och snorklingsutrustning kommer du garanterat att bli fascinerad av v\u00e4rlden av koraller och tropiska fiskar. Dessutom finns det 90 procents chans att tr\u00e4ffa delfiner! Din dag inkluderar 2-v\u00e4gstransfer direkt fr\u00e5n ditt hotell, en uts\u00f6kt lunch p\u00e5 b\u00e5ten och en rolig bananb\u00e5ttur. Dolphin House-resan \u00e4r det mest magiska s\u00e4ttet att bevittna dessa vackra varelser i deras naturliga milj\u00f6. Denna s\u00e4llsynta upplevelse kommer att f\u00e5 dig att k\u00e4nna dig imponerad. I reseprogrammet ing\u00e5r \u00e4ven lunch som best\u00e5r av en \u00f6ppen buff\u00e9 med k\u00f6tt och, sallader, frukt. Vatten, l\u00e4sk och varma drycker finns tillg\u00e4ngliga under hela resan, med start runt 09:00 och slutar runt 16:00.<\/p>\n","protected":false},"featured_media":46622,"comment_status":"open","ping_status":"closed","template":"","meta":{"_coblocks_attr":"","_coblocks_dimensions":"","_coblocks_responsive_height":"","_coblocks_accordion_ie_support":"","_uag_custom_page_level_css":"","jetpack_publicize_message":"","jetpack_publicize_feature_enabled":true,"jetpack_social_post_already_shared":true,"jetpack_social_options":{"image_generator_settings":{"template":"highway","default_image_id":0,"font":"","enabled":false},"version":2},"_wpas_customize_per_network":false},"product_brand":[],"product_cat":[18869,18871],"product_tag":[18981,19022,19008,19023,19029,18998,19001],"class_list":{"0":"post-25994","1":"product","2":"type-product","3":"status-publish","4":"has-post-thumbnail","6":"product_cat-hurghada-utflykter","7":"product_cat-sjoturer-hurghada","8":"product_tag-delfinhus","9":"product_tag-havet","10":"product_tag-hurghada-sv","11":"product_tag-sjoturer","12":"product_tag-snorkling-sv","13":"product_tag-utflykt","14":"product_tag-utflykter-hurghada","15":"pa_age-barn-1-4-ar","16":"pa_age-barn-5-11-ar","17":"pa_age-vuxen","19":"first","20":"instock","21":"sale","22":"purchasable","23":"product-type-variable"},"yoast_head":"<!-- This site is optimized with the Yoast SEO Premium plugin v27.5 (Yoast SEO v27.5) - https:\/\/yoast.com\/product\/yoast-seo-premium-wordpress\/ -->\n<title>Utflykt till Delfinhuset i Hurghada<\/title>\n<meta name=\"description\" content=\"Utflykt till Delfinhuset i Hurghada kan du simma med delfiner i \u00f6ppet hav och se de vackra korallerna och fiskarna. Mer, rid banan och en tablett. Lunch\" \/>\n<meta name=\"robots\" content=\"index, follow, max-snippet:-1, max-image-preview:large, max-video-preview:-1\" \/>\n<link rel=\"canonical\" href=\"https:\/\/landioustravel.com\/sv\/shop\/utflykt-delfinhuset-hurghada\/\" \/>\n<meta property=\"og:locale\" content=\"sv_SE\" \/>\n<meta property=\"og:type\" content=\"article\" \/>\n<meta property=\"og:title\" content=\"Utflykt till Delfinhuset i Hurghada\" \/>\n<meta property=\"og:description\" content=\"Landious Travel\" \/>\n<meta property=\"og:url\" content=\"https:\/\/landioustravel.com\/sv\/shop\/utflykt-delfinhuset-hurghada\/\" \/>\n<meta property=\"og:site_name\" content=\"Landious Travel\" \/>\n<meta property=\"article:publisher\" content=\"https:\/\/web.facebook.com\/landiousEgypt\" \/>\n<meta property=\"article:modified_time\" content=\"2024-02-25T17:18:04+00:00\" \/>\n<meta property=\"og:image\" content=\"https:\/\/i0.wp.com\/landioustravel.com\/wp-content\/uploads\/2018\/11\/Dolphin-House-Excursion-Hurghada-e1617796297427.jpg?fit=1200%2C675&ssl=1\" \/>\n\t<meta property=\"og:image:width\" content=\"1200\" \/>\n\t<meta property=\"og:image:height\" content=\"675\" \/>\n\t<meta property=\"og:image:type\" content=\"image\/jpeg\" \/>\n<meta name=\"twitter:card\" content=\"summary_large_image\" \/>\n<meta name=\"twitter:site\" content=\"@LandiousTours\" \/>\n<meta name=\"twitter:label1\" content=\"Ber\u00e4knad l\u00e4stid\" \/>\n\t<meta name=\"twitter:data1\" content=\"2 minuter\" \/>\n<script type=\"application\/ld+json\" class=\"yoast-schema-graph\">{\"@context\":\"https:\\\/\\\/schema.org\",\"@graph\":[{\"@type\":\"WebPage\",\"@id\":\"https:\\\/\\\/landioustravel.com\\\/sv\\\/shop\\\/utflykt-delfinhuset-hurghada\\\/\",\"url\":\"https:\\\/\\\/landioustravel.com\\\/sv\\\/shop\\\/utflykt-delfinhuset-hurghada\\\/\",\"name\":\"Utflykt till Delfinhuset i Hurghada\",\"isPartOf\":{\"@id\":\"https:\\\/\\\/landioustravel.com\\\/sv\\\/#website\"},\"primaryImageOfPage\":{\"@id\":\"https:\\\/\\\/landioustravel.com\\\/sv\\\/shop\\\/utflykt-delfinhuset-hurghada\\\/#primaryimage\"},\"image\":{\"@id\":\"https:\\\/\\\/landioustravel.com\\\/sv\\\/shop\\\/utflykt-delfinhuset-hurghada\\\/#primaryimage\"},\"thumbnailUrl\":\"https:\\\/\\\/i0.wp.com\\\/landioustravel.com\\\/wp-content\\\/uploads\\\/2018\\\/11\\\/Dolphin-House-Excursion-Hurghada-e1617796297427.jpg?fit=1200%2C675&ssl=1\",\"datePublished\":\"2020-11-27T14:20:36+00:00\",\"dateModified\":\"2024-02-25T17:18:04+00:00\",\"description\":\"Utflykt till Delfinhuset i Hurghada kan du simma med delfiner i \u00f6ppet hav och se de vackra korallerna och fiskarna. Mer, rid banan och en tablett. Lunch\",\"breadcrumb\":{\"@id\":\"https:\\\/\\\/landioustravel.com\\\/sv\\\/shop\\\/utflykt-delfinhuset-hurghada\\\/#breadcrumb\"},\"inLanguage\":\"sv-SE\",\"potentialAction\":[{\"@type\":\"ReadAction\",\"target\":[\"https:\\\/\\\/landioustravel.com\\\/sv\\\/shop\\\/utflykt-delfinhuset-hurghada\\\/\"]}]},{\"@type\":\"ImageObject\",\"inLanguage\":\"sv-SE\",\"@id\":\"https:\\\/\\\/landioustravel.com\\\/sv\\\/shop\\\/utflykt-delfinhuset-hurghada\\\/#primaryimage\",\"url\":\"https:\\\/\\\/i0.wp.com\\\/landioustravel.com\\\/wp-content\\\/uploads\\\/2018\\\/11\\\/Dolphin-House-Excursion-Hurghada-e1617796297427.jpg?fit=1200%2C675&ssl=1\",\"contentUrl\":\"https:\\\/\\\/i0.wp.com\\\/landioustravel.com\\\/wp-content\\\/uploads\\\/2018\\\/11\\\/Dolphin-House-Excursion-Hurghada-e1617796297427.jpg?fit=1200%2C675&ssl=1\",\"width\":1200,\"height\":675,\"caption\":\"Dolphin House Excursion Hurghada\"},{\"@type\":\"BreadcrumbList\",\"@id\":\"https:\\\/\\\/landioustravel.com\\\/sv\\\/shop\\\/utflykt-delfinhuset-hurghada\\\/#breadcrumb\",\"itemListElement\":[{\"@type\":\"ListItem\",\"position\":1,\"name\":\"Home\",\"item\":\"https:\\\/\\\/landioustravel.com\\\/sv\\\/\"},{\"@type\":\"ListItem\",\"position\":2,\"name\":\"Tj\u00e4nster &#038; turer\",\"item\":\"https:\\\/\\\/landioustravel.com\\\/sv\\\/\"},{\"@type\":\"ListItem\",\"position\":3,\"name\":\"Utflykt till Delfinhuset i Hurghada\"}]},{\"@type\":\"WebSite\",\"@id\":\"https:\\\/\\\/landioustravel.com\\\/sv\\\/#website\",\"url\":\"https:\\\/\\\/landioustravel.com\\\/sv\\\/\",\"name\":\"Landious Travel\",\"description\":\"Excursions, trips and cruises in Egypt\",\"publisher\":{\"@id\":\"https:\\\/\\\/landioustravel.com\\\/sv\\\/#organization\"},\"potentialAction\":[{\"@type\":\"SearchAction\",\"target\":{\"@type\":\"EntryPoint\",\"urlTemplate\":\"https:\\\/\\\/landioustravel.com\\\/sv\\\/?s={search_term_string}\"},\"query-input\":{\"@type\":\"PropertyValueSpecification\",\"valueRequired\":true,\"valueName\":\"search_term_string\"}}],\"inLanguage\":\"sv-SE\"},{\"@type\":[\"Organization\",\"Place\"],\"@id\":\"https:\\\/\\\/landioustravel.com\\\/sv\\\/#organization\",\"name\":\"Landious Travel\",\"alternateName\":\"Landious Travel\",\"url\":\"https:\\\/\\\/landioustravel.com\\\/sv\\\/\",\"logo\":{\"@id\":\"https:\\\/\\\/landioustravel.com\\\/sv\\\/shop\\\/utflykt-delfinhuset-hurghada\\\/#local-main-organization-logo\"},\"image\":{\"@id\":\"https:\\\/\\\/landioustravel.com\\\/sv\\\/shop\\\/utflykt-delfinhuset-hurghada\\\/#local-main-organization-logo\"},\"sameAs\":[\"https:\\\/\\\/web.facebook.com\\\/landiousEgypt\",\"https:\\\/\\\/x.com\\\/LandiousTours\",\"https:\\\/\\\/mastodon.social\\\/@landious\"],\"legalName\":\"Landious Travel\",\"telephone\":[],\"openingHoursSpecification\":[{\"@type\":\"OpeningHoursSpecification\",\"dayOfWeek\":[\"Monday\",\"Tuesday\",\"Wednesday\",\"Thursday\",\"Friday\",\"Saturday\",\"Sunday\"],\"opens\":\"09:00\",\"closes\":\"17:00\"}]},{\"@type\":\"ImageObject\",\"inLanguage\":\"sv-SE\",\"@id\":\"https:\\\/\\\/landioustravel.com\\\/sv\\\/shop\\\/utflykt-delfinhuset-hurghada\\\/#local-main-organization-logo\",\"url\":\"https:\\\/\\\/i0.wp.com\\\/landioustravel.com\\\/wp-content\\\/uploads\\\/2021\\\/06\\\/Landious-T.png?fit=500%2C500&ssl=1\",\"contentUrl\":\"https:\\\/\\\/i0.wp.com\\\/landioustravel.com\\\/wp-content\\\/uploads\\\/2021\\\/06\\\/Landious-T.png?fit=500%2C500&ssl=1\",\"width\":500,\"height\":500,\"caption\":\"Landious Travel\"}]}<\/script>\n<!-- \/ Yoast SEO Premium plugin. -->","yoast_head_json":{"title":"Utflykt till Delfinhuset i Hurghada","description":"Utflykt till Delfinhuset i Hurghada kan du simma med delfiner i \u00f6ppet hav och se de vackra korallerna och fiskarna. Mer, rid banan och en tablett. Lunch","robots":{"index":"index","follow":"follow","max-snippet":"max-snippet:-1","max-image-preview":"max-image-preview:large","max-video-preview":"max-video-preview:-1"},"canonical":"https:\/\/landioustravel.com\/sv\/shop\/utflykt-delfinhuset-hurghada\/","og_locale":"sv_SE","og_type":"article","og_title":"Utflykt till Delfinhuset i Hurghada","og_description":"Landious Travel","og_url":"https:\/\/landioustravel.com\/sv\/shop\/utflykt-delfinhuset-hurghada\/","og_site_name":"Landious Travel","article_publisher":"https:\/\/web.facebook.com\/landiousEgypt","article_modified_time":"2024-02-25T17:18:04+00:00","og_image":[{"width":1200,"height":675,"url":"https:\/\/i0.wp.com\/landioustravel.com\/wp-content\/uploads\/2018\/11\/Dolphin-House-Excursion-Hurghada-e1617796297427.jpg?fit=1200%2C675&ssl=1","type":"image\/jpeg"}],"twitter_card":"summary_large_image","twitter_site":"@LandiousTours","twitter_misc":{"Ber\u00e4knad l\u00e4stid":"2 minuter"},"schema":{"@context":"https:\/\/schema.org","@graph":[{"@type":"WebPage","@id":"https:\/\/landioustravel.com\/sv\/shop\/utflykt-delfinhuset-hurghada\/","url":"https:\/\/landioustravel.com\/sv\/shop\/utflykt-delfinhuset-hurghada\/","name":"Utflykt till Delfinhuset i Hurghada","isPartOf":{"@id":"https:\/\/landioustravel.com\/sv\/#website"},"primaryImageOfPage":{"@id":"https:\/\/landioustravel.com\/sv\/shop\/utflykt-delfinhuset-hurghada\/#primaryimage"},"image":{"@id":"https:\/\/landioustravel.com\/sv\/shop\/utflykt-delfinhuset-hurghada\/#primaryimage"},"thumbnailUrl":"https:\/\/i0.wp.com\/landioustravel.com\/wp-content\/uploads\/2018\/11\/Dolphin-House-Excursion-Hurghada-e1617796297427.jpg?fit=1200%2C675&ssl=1","datePublished":"2020-11-27T14:20:36+00:00","dateModified":"2024-02-25T17:18:04+00:00","description":"Utflykt till Delfinhuset i Hurghada kan du simma med delfiner i \u00f6ppet hav och se de vackra korallerna och fiskarna. Mer, rid banan och en tablett. Lunch","breadcrumb":{"@id":"https:\/\/landioustravel.com\/sv\/shop\/utflykt-delfinhuset-hurghada\/#breadcrumb"},"inLanguage":"sv-SE","potentialAction":[{"@type":"ReadAction","target":["https:\/\/landioustravel.com\/sv\/shop\/utflykt-delfinhuset-hurghada\/"]}]},{"@type":"ImageObject","inLanguage":"sv-SE","@id":"https:\/\/landioustravel.com\/sv\/shop\/utflykt-delfinhuset-hurghada\/#primaryimage","url":"https:\/\/i0.wp.com\/landioustravel.com\/wp-content\/uploads\/2018\/11\/Dolphin-House-Excursion-Hurghada-e1617796297427.jpg?fit=1200%2C675&ssl=1","contentUrl":"https:\/\/i0.wp.com\/landioustravel.com\/wp-content\/uploads\/2018\/11\/Dolphin-House-Excursion-Hurghada-e1617796297427.jpg?fit=1200%2C675&ssl=1","width":1200,"height":675,"caption":"Dolphin House Excursion Hurghada"},{"@type":"BreadcrumbList","@id":"https:\/\/landioustravel.com\/sv\/shop\/utflykt-delfinhuset-hurghada\/#breadcrumb","itemListElement":[{"@type":"ListItem","position":1,"name":"Home","item":"https:\/\/landioustravel.com\/sv\/"},{"@type":"ListItem","position":2,"name":"Tj\u00e4nster &#038; turer","item":"https:\/\/landioustravel.com\/sv\/"},{"@type":"ListItem","position":3,"name":"Utflykt till Delfinhuset i Hurghada"}]},{"@type":"WebSite","@id":"https:\/\/landioustravel.com\/sv\/#website","url":"https:\/\/landioustravel.com\/sv\/","name":"Landious Travel","description":"Excursions, trips and cruises in Egypt","publisher":{"@id":"https:\/\/landioustravel.com\/sv\/#organization"},"potentialAction":[{"@type":"SearchAction","target":{"@type":"EntryPoint","urlTemplate":"https:\/\/landioustravel.com\/sv\/?s={search_term_string}"},"query-input":{"@type":"PropertyValueSpecification","valueRequired":true,"valueName":"search_term_string"}}],"inLanguage":"sv-SE"},{"@type":["Organization","Place"],"@id":"https:\/\/landioustravel.com\/sv\/#organization","name":"Landious Travel","alternateName":"Landious Travel","url":"https:\/\/landioustravel.com\/sv\/","logo":{"@id":"https:\/\/landioustravel.com\/sv\/shop\/utflykt-delfinhuset-hurghada\/#local-main-organization-logo"},"image":{"@id":"https:\/\/landioustravel.com\/sv\/shop\/utflykt-delfinhuset-hurghada\/#local-main-organization-logo"},"sameAs":["https:\/\/web.facebook.com\/landiousEgypt","https:\/\/x.com\/LandiousTours","https:\/\/mastodon.social\/@landious"],"legalName":"Landious Travel","telephone":[],"openingHoursSpecification":[{"@type":"OpeningHoursSpecification","dayOfWeek":["Monday","Tuesday","Wednesday","Thursday","Friday","Saturday","Sunday"],"opens":"09:00","closes":"17:00"}]},{"@type":"ImageObject","inLanguage":"sv-SE","@id":"https:\/\/landioustravel.com\/sv\/shop\/utflykt-delfinhuset-hurghada\/#local-main-organization-logo","url":"https:\/\/i0.wp.com\/landioustravel.com\/wp-content\/uploads\/2021\/06\/Landious-T.png?fit=500%2C500&ssl=1","contentUrl":"https:\/\/i0.wp.com\/landioustravel.com\/wp-content\/uploads\/2021\/06\/Landious-T.png?fit=500%2C500&ssl=1","width":500,"height":500,"caption":"Landious Travel"}]}},"jetpack_publicize_connections":[],"uagb_featured_image_src":{"full":["https:\/\/i0.wp.com\/landioustravel.com\/wp-content\/uploads\/2018\/11\/Dolphin-House-Excursion-Hurghada-e1617796297427.jpg?fit=1200%2C675&ssl=1",1200,675,false],"thumbnail":["https:\/\/i0.wp.com\/landioustravel.com\/wp-content\/uploads\/2018\/11\/Dolphin-House-Excursion-Hurghada-e1617796297427.jpg?resize=150%2C150&ssl=1",150,150,true],"medium":["https:\/\/i0.wp.com\/landioustravel.com\/wp-content\/uploads\/2018\/11\/Dolphin-House-Excursion-Hurghada-e1617796297427.jpg?fit=300%2C169&ssl=1",300,169,true],"medium_large":["https:\/\/i0.wp.com\/landioustravel.com\/wp-content\/uploads\/2018\/11\/Dolphin-House-Excursion-Hurghada-e1617796297427.jpg?fit=768%2C432&ssl=1",768,432,true],"large":["https:\/\/i0.wp.com\/landioustravel.com\/wp-content\/uploads\/2018\/11\/Dolphin-House-Excursion-Hurghada-e1617796297427.jpg?fit=980%2C551&ssl=1",980,551,true],"1536x1536":["https:\/\/i0.wp.com\/landioustravel.com\/wp-content\/uploads\/2018\/11\/Dolphin-House-Excursion-Hurghada-e1617796297427.jpg?fit=1200%2C675&ssl=1",1200,675,true],"2048x2048":["https:\/\/i0.wp.com\/landioustravel.com\/wp-content\/uploads\/2018\/11\/Dolphin-House-Excursion-Hurghada-e1617796297427.jpg?fit=1200%2C675&ssl=1",1200,675,true],"newspack-article-block-landscape-large":["https:\/\/i0.wp.com\/landioustravel.com\/wp-content\/uploads\/2018\/11\/Dolphin-House-Excursion-Hurghada-e1617796297427.jpg?resize=1200%2C675&ssl=1",1200,768,true],"newspack-article-block-portrait-large":["https:\/\/i0.wp.com\/landioustravel.com\/wp-content\/uploads\/2018\/11\/Dolphin-House-Excursion-Hurghada-e1617796297427.jpg?resize=900%2C675&ssl=1",900,768,true],"newspack-article-block-square-large":["https:\/\/i0.wp.com\/landioustravel.com\/wp-content\/uploads\/2018\/11\/Dolphin-House-Excursion-Hurghada-e1617796297427.jpg?resize=1200%2C675&ssl=1",1200,768,true],"newspack-article-block-landscape-medium":["https:\/\/i0.wp.com\/landioustravel.com\/wp-content\/uploads\/2018\/11\/Dolphin-House-Excursion-Hurghada-e1617796297427.jpg?resize=800%2C600&ssl=1",800,600,true],"newspack-article-block-portrait-medium":["https:\/\/i0.wp.com\/landioustravel.com\/wp-content\/uploads\/2018\/11\/Dolphin-House-Excursion-Hurghada-e1617796297427.jpg?resize=600%2C675&ssl=1",600,768,true],"newspack-article-block-square-medium":["https:\/\/i0.wp.com\/landioustravel.com\/wp-content\/uploads\/2018\/11\/Dolphin-House-Excursion-Hurghada-e1617796297427.jpg?resize=800%2C675&ssl=1",800,768,true],"newspack-article-block-landscape-intermediate":["https:\/\/i0.wp.com\/landioustravel.com\/wp-content\/uploads\/2018\/11\/Dolphin-House-Excursion-Hurghada-e1617796297427.jpg?resize=600%2C450&ssl=1",600,450,true],"newspack-article-block-portrait-intermediate":["https:\/\/i0.wp.com\/landioustravel.com\/wp-content\/uploads\/2018\/11\/Dolphin-House-Excursion-Hurghada-e1617796297427.jpg?resize=450%2C600&ssl=1",450,600,true],"newspack-article-block-square-intermediate":["https:\/\/i0.wp.com\/landioustravel.com\/wp-content\/uploads\/2018\/11\/Dolphin-House-Excursion-Hurghada-e1617796297427.jpg?resize=600%2C600&ssl=1",600,600,true],"newspack-article-block-landscape-small":["https:\/\/i0.wp.com\/landioustravel.com\/wp-content\/uploads\/2018\/11\/Dolphin-House-Excursion-Hurghada-e1617796297427.jpg?resize=400%2C300&ssl=1",400,300,true],"newspack-article-block-portrait-small":["https:\/\/i0.wp.com\/landioustravel.com\/wp-content\/uploads\/2018\/11\/Dolphin-House-Excursion-Hurghada-e1617796297427.jpg?resize=300%2C400&ssl=1",300,400,true],"newspack-article-block-square-small":["https:\/\/i0.wp.com\/landioustravel.com\/wp-content\/uploads\/2018\/11\/Dolphin-House-Excursion-Hurghada-e1617796297427.jpg?resize=400%2C400&ssl=1",400,400,true],"newspack-article-block-landscape-tiny":["https:\/\/i0.wp.com\/landioustravel.com\/wp-content\/uploads\/2018\/11\/Dolphin-House-Excursion-Hurghada-e1617796297427.jpg?resize=200%2C150&ssl=1",200,150,true],"newspack-article-block-portrait-tiny":["https:\/\/i0.wp.com\/landioustravel.com\/wp-content\/uploads\/2018\/11\/Dolphin-House-Excursion-Hurghada-e1617796297427.jpg?resize=150%2C200&ssl=1",150,200,true],"newspack-article-block-square-tiny":["https:\/\/i0.wp.com\/landioustravel.com\/wp-content\/uploads\/2018\/11\/Dolphin-House-Excursion-Hurghada-e1617796297427.jpg?resize=200%2C200&ssl=1",200,200,true],"newspack-article-block-uncropped":["https:\/\/i0.wp.com\/landioustravel.com\/wp-content\/uploads\/2018\/11\/Dolphin-House-Excursion-Hurghada-e1617796297427.jpg?fit=1200%2C675&ssl=1",1200,675,true],"woocommerce_thumbnail":["https:\/\/i0.wp.com\/landioustravel.com\/wp-content\/uploads\/2018\/11\/Dolphin-House-Excursion-Hurghada-e1617796297427.jpg?resize=324%2C324&ssl=1",324,324,true],"woocommerce_single":["https:\/\/i0.wp.com\/landioustravel.com\/wp-content\/uploads\/2018\/11\/Dolphin-House-Excursion-Hurghada-e1617796297427.jpg?fit=416%2C234&ssl=1",416,234,true],"woocommerce_gallery_thumbnail":["https:\/\/i0.wp.com\/landioustravel.com\/wp-content\/uploads\/2018\/11\/Dolphin-House-Excursion-Hurghada-e1617796297427.jpg?resize=100%2C100&ssl=1",100,100,true]},"uagb_author_info":{"display_name":"Mofreh Landious","author_link":"https:\/\/landioustravel.com\/sv\/author\/"},"uagb_comment_info":6,"uagb_excerpt":"Upplev magin med att simma med delfiner i deras naturliga livsmilj\u00f6 p\u00e5 en hisnande 9-timmars snorklingstur fr\u00e5n Hurghada. Njut av en lugn b\u00e5tkryssning till platserna d\u00e4r dessa majest\u00e4tiska varelser kan hittas. F\u00f6rundras \u00f6ver de livliga korallreven och njut av ett lugnt dopp eller snorkling med dessa vackra djur. Res till Dolphin Bay i Hurghada f\u00f6r&hellip;","jetpack_sharing_enabled":true,"jetpack_likes_enabled":true,"amp_enabled":true,"_links":{"self":[{"href":"https:\/\/landioustravel.com\/sv\/wp-json\/wp\/v2\/product\/25994","targetHints":{"allow":["GET"]}}],"collection":[{"href":"https:\/\/landioustravel.com\/sv\/wp-json\/wp\/v2\/product"}],"about":[{"href":"https:\/\/landioustravel.com\/sv\/wp-json\/wp\/v2\/types\/product"}],"replies":[{"embeddable":true,"href":"https:\/\/landioustravel.com\/sv\/wp-json\/wp\/v2\/comments?post=25994"}],"wp:featuredmedia":[{"embeddable":true,"href":"https:\/\/landioustravel.com\/sv\/wp-json\/wp\/v2\/media\/46622"}],"wp:attachment":[{"href":"https:\/\/landioustravel.com\/sv\/wp-json\/wp\/v2\/media?parent=25994"}],"wp:term":[{"taxonomy":"product_brand","embeddable":true,"href":"https:\/\/landioustravel.com\/sv\/wp-json\/wp\/v2\/product_brand?post=25994"},{"taxonomy":"product_cat","embeddable":true,"href":"https:\/\/landioustravel.com\/sv\/wp-json\/wp\/v2\/product_cat?post=25994"},{"taxonomy":"product_tag","embeddable":true,"href":"https:\/\/landioustravel.com\/sv\/wp-json\/wp\/v2\/product_tag?post=25994"}],"curies":[{"name":"wp","href":"https:\/\/api.w.org\/{rel}","templated":true}]}}