{"id":26042,"date":"2020-10-09T23:37:57","date_gmt":"2020-10-09T21:37:57","guid":{"rendered":"https:\/\/landioustravel.com\/?post_type=product&#038;p=26042"},"modified":"2025-10-14T01:20:04","modified_gmt":"2025-10-13T22:20:04","slug":"utflykt-petra-sharm-el-sheikh","status":"publish","type":"product","link":"https:\/\/landioustravel.com\/sv\/shop\/utflykt-petra-sharm-el-sheikh\/","title":{"rendered":"Utflykt till Petra fr\u00e5n Sharm El Sheikh"},"content":{"rendered":"<p>Det \u00e4r en underbar resa till Petra fr\u00e5n Sharm el Sheikh, Egypten! Vi rekommenderar utflykten p\u00e5 grund av det faktum att turister kan se de mest imponerande sev\u00e4rdheterna i Petra, byggda under olika epoker, och l\u00e4ra sig mer om Jordans historia. Det \u00e4r verkligen en av de b\u00e4sta historia- och kulturresorna i Sharm El-Sheikh till den f\u00f6rlorade staden _ Petra!<\/p>\n<h2>Huvudpunkterna f\u00f6r utflyktsprogrammet i Petra<\/h2>\n<ul>\n<li>G\u00e5 genom kanjonen Siq<\/li>\n<li>Bes\u00f6k till Al Khazneh eller faraos stora skattkammare<\/li>\n<li>Utforska ocks\u00e5 den romerska teatern och de kungliga gravarna<\/li>\n<li>Lunch<\/li>\n<li>Slutligen bes\u00f6k i Al Habis Fort<\/li>\n<\/ul>\n<h3>Program f\u00f6r resa till Petra fr\u00e5n Sharm el Sheikh<\/h3>\n<ul>\n<li>Landious Travel-representant h\u00e4mtar dig fr\u00e5n ditt hotell i Sharm El Sheikh, cirka kl 02.00 p\u00e5 morgonen<\/li>\n<li>Efter att ha h\u00e4mtat alla bes\u00f6kare l\u00e4mnar minibussen till Nuweiba-marinen som passerar staden Dahab. Om vi \u200b\u200bhar n\u00e5gra g\u00e4ster h\u00e4r, kommer v\u00e5r buss till Dahab f\u00f6r att h\u00e4mta dem. V\u00e4rt att notera ligger st\u00e4derna Dahab och Nuweiba norr om Sharm El-Sheikh, vid R\u00f6da havet. V\u00e4gen, fr\u00e5n centrum av Sharm El-Sheikh till Nuweiba Marine, tar cirka 3 timmar<\/li>\n<li>F\u00f6ljaktligen seglar du ombord p\u00e5 en f\u00e4rja till Jordanien. I Jordanien b\u00f6rjar du k\u00f6ra till den ber\u00f6mda staden Petra<\/li>\n<\/ul>\n<h4>Program i Petra<\/h4>\n<ul>\n<li>S\u00e5 snart du anl\u00e4nder till Petra b\u00f6rjar du din resa med en promenad genom Siq-kanjonen. Denna kanjon \u00e4r en kilometer vackra sandstenformationer. Det \u00e4r ett fantastiskt m\u00e4sterverk huggen i fasaden p\u00e5 ett sandstenberg! Otroligt nog leder det dig till Faraos skattkammare eller Al Khazneh! Det st\u00e5r i hj\u00e4rtat av \u00f6knen i en s\u00e5 imponerande utsikt!<\/li>\n<li>Efter att ha bes\u00f6kt Al Khazneh kan du njuta av att utforska den romerska teatern och de kungliga gravarna som g\u00e5r tillbaka till den bysantinska eran.<\/li>\n<li>N\u00e4sta stopp \u00e4r i restaurangen. Lunch kommer efter bes\u00f6ket av dessa intressanta historiska monument. Det kommer att finnas i en av de b\u00e4sta restaurangerna i Petra<\/li>\n<li>Naturligtvis fortsatte du din resa i Petra f\u00f6r att bes\u00f6ka Al Habis Fort. Det ligger p\u00e5 toppen av en kulle och g\u00e5r tillbaka till 1100-talet. Lyckligtvis l\u00e4mnar den hisnande panoramautsikten \u00f6ver djupa slungor och f\u00e4rgade klippformationer s\u00e5dana h\u00e4rliga intryck i din sj\u00e4l<\/li>\n<li>Slutligen avg\u00e5r v\u00e5r buss tillbaka efter ett s\u00e5dant program i den underbara staden Petra till hamnen i Aqaba.<\/li>\n<li>Denna &#8221;Utflykt till Petra fr\u00e5n Sharm el Sheikh&#8221; slutar kl. 23.00 n\u00e4sta dag<\/li>\n<\/ul>\n<h4>Vad ing\u00e5r i turn\u00e9priset<\/h4>\n<ul>\n<li>Biljetter till bes\u00f6kande tempel<\/li>\n<li>Lunch<\/li>\n<li>Guide<\/li>\n<li>Alla \u00f6verf\u00f6ringar till Petra i Jordanien och tillbaka till hotellet<\/li>\n<\/ul>\n<h5>Vad ing\u00e5r inte i priset f\u00f6r turn\u00e9n<\/h5>\n<ul>\n<li>Ytterligare utflyktsprogram om de inte ing\u00e5r i ovanst\u00e5ende program<\/li>\n<li>Ocks\u00e5, drycker i restaurangen<\/li>\n<\/ul>\n<h6>Vad du ska ta med dig f\u00f6r resan till Petra<\/h6>\n<ul>\n<li>Frukostl\u00e5da<\/li>\n<li>Pass<\/li>\n<li>Ocks\u00e5 kl\u00e4der f\u00f6r s\u00e4songen<\/li>\n<\/ul>\n<h6>Dagar med utflyktsorganisation<\/h6>\n<ul>\n<li>Tisdagar fr\u00e5n 02: 00-22: 00 n\u00e4sta dag<\/li>\n<li>Fredagar fr\u00e5n 02: 00-22: 00 n\u00e4sta dag<\/li>\n<\/ul>\n","protected":false},"excerpt":{"rendered":"<p>Om du dr\u00f6mmer om ett hisnande \u00e4ventyr kan du helt enkelt inte missa Petras magnifika stenunderverk. Resan kan kr\u00e4va en buss, b\u00e5t och h\u00e4st- eller kamelryggsresa under den sex timmar l\u00e5nga resan fr\u00e5n Sharm El Sheikh i Egypten, men lita p\u00e5 oss n\u00e4r vi s\u00e4ger att upplevelsen \u00e4r v\u00e4rd allt anstr\u00e4ngning.<\/p>\n<p>Petra \u00e4r mer \u00e4n bara ett popul\u00e4rt turistm\u00e5l i Jordanien. Det \u00e4r en historisk p\u00e4rla som stoltserar med oerh\u00f6rdhet, sk\u00f6nhet och betydelse som \u00e4r oj\u00e4mf\u00f6rlig med n\u00e5gon annan arkeologisk plats runt om i v\u00e4rlden. Du har chansen att utforska staden Petra, som ristades in i bergen f\u00f6r n\u00e4stan 2 000 \u00e5r sedan, och bevittna dess storhet p\u00e5 egen hand.<\/p>\n<p>V\u00e5r resplan inkluderar h\u00e4mtning p\u00e5 ditt hotell, en buss till gr\u00e4nserna, en f\u00e4rja till Petra och en tv\u00e5 timmars bilresa till Petra f\u00f6r att starta ditt \u00e4ventyr med en engelsktalande guide. Petra var en g\u00e5ng hem f\u00f6r 30 000 m\u00e4nniskor som trivdes i denna torra \u00f6ken och sl\u00e4ckte sin t\u00f6rst genom ett kanal- och cisternsystem som sk\u00f6rdade och lagrade vinterregn f\u00f6r framtida bruk. Nabateanerna var otroligt skickliga ingenj\u00f6rer som till och med byggde tr\u00e4dg\u00e5rdar mitt i den h\u00e5rda milj\u00f6n.<\/p>\n<p>Din f\u00f6rsta promenad i Petra kommer att vara genom den fantastiska Canyon of Siq, ett naturligt geologiskt inslag som bildas fr\u00e5n en djup klyfta i sandstensklipporna. Denna kanjon \u00e4r en av de fr\u00e4msta anledningarna till att Petra var en s\u00e5 lockande plats f\u00f6r nabateanerna, bakom en smal och l\u00e4tt f\u00f6rsvarbar kanjon k\u00e4nd som Siq.<\/p>\n<p>Ditt n\u00e4sta bes\u00f6k b\u00f6r vara Faraos stora skattkammare, som \u00e4r k\u00e4nd som Al Khazneh. Den har klassisk grekisk-influerad arkitektur och byggdes ursprungligen troligen mellan 100 f.Kr. och 200 e.Kr. Nabat\u00e9erna var utm\u00e4rkta ingenj\u00f6rer och byggde vattenhush\u00e5llnings- och bevattningssystem och ristade sina hem, tempel, gravar och gravar direkt ur klipporna.<\/p>\n<p>L\u00e5t oss inte gl\u00f6mma den romerska teatern, d\u00e4r en period f\u00f6ljer d\u00e4r den dominerande civilisationen kombinerar grekiska, egyptiska och syriska element, vilket pekar p\u00e5 Ptolem\u00e9ernas tids\u00e5lder. Med nabat\u00e9ernas fantastiska skicklighet byggde de vattenhush\u00e5llning och bevattningssystem och ristade sina hem, tempel, gravar och gravar direkt ur klipporna.<\/p>\n<p>Efter en minnesv\u00e4rd dag med sightseeing kan du njuta av en uts\u00f6kt lunch p\u00e5 en fantastisk restaurang i stadens centrum. Men innan vi g\u00e5r tillbaka till hamnen tar vi dig till Al Habis Fort, d\u00e4r du har en fin utsikt \u00f6ver hela den centrala Petra-bass\u00e4ngen d\u00e4r Al-Habis Crusader Fortress ligger. Det \u00e4r en sekund\u00e4r f\u00e4stning, designad och placerad f\u00f6r att kontrollera den strategiska kommunikationsv\u00e4gen inom Petra-bass\u00e4ngen som inte var i sikte fr\u00e5n Al-Wu&#8217;eira-f\u00e4stningen.<\/p>\n<p>Petra \u00e4r inte bara ett resm\u00e5l; det \u00e4r en upplevelse f\u00f6r livet. Om du letar efter en resa som kommer att l\u00e4mna dig med best\u00e5ende minnen och en k\u00e4nsla av f\u00f6rundran, d\u00e5 \u00e4r Petra definitivt v\u00e4rt resan.<\/p>\n","protected":false},"featured_media":45790,"comment_status":"open","ping_status":"closed","template":"","meta":{"_coblocks_attr":"","_coblocks_dimensions":"","_coblocks_responsive_height":"","_coblocks_accordion_ie_support":"","_uag_custom_page_level_css":"","jetpack_publicize_message":"","jetpack_publicize_feature_enabled":true,"jetpack_social_post_already_shared":true,"jetpack_social_options":{"image_generator_settings":{"template":"highway","default_image_id":0,"font":"","enabled":false},"version":2},"_wpas_customize_per_network":false},"product_brand":[],"product_cat":[18881,18880],"product_tag":[19026,19027,18998],"class_list":{"0":"post-26042","1":"product","2":"type-product","3":"status-publish","4":"has-post-thumbnail","6":"product_cat-historiska-utflykter-sharm-sheikh","7":"product_cat-sharm-sheikh-utflykter","8":"product_tag-sharm-sheikh-sv","9":"product_tag-sightseeing-sv","10":"product_tag-utflykt","11":"pa_age-barn","12":"pa_age-vuxen","14":"first","15":"instock","16":"sale","17":"featured","18":"taxable","19":"shipping-taxable","20":"purchasable","21":"product-type-variable"},"yoast_head":"<!-- This site is optimized with the Yoast SEO Premium plugin v26.9 (Yoast SEO v27.4) - https:\/\/yoast.com\/product\/yoast-seo-premium-wordpress\/ -->\n<title>Utflykt till Petra fr\u00e5n Sharm El Sheikh<\/title>\n<meta name=\"description\" content=\"Utflykt till Petra fr\u00e5n Sharm El Sheikh bes\u00f6k den historiska och arkeologiska staden Petra i Jordanien, det antika Nabatean-museet, den romerska teatern\" \/>\n<meta name=\"robots\" content=\"index, follow, max-snippet:-1, max-image-preview:large, max-video-preview:-1\" \/>\n<link rel=\"canonical\" href=\"https:\/\/landioustravel.com\/sv\/shop\/utflykt-petra-sharm-el-sheikh\/\" \/>\n<meta property=\"og:locale\" content=\"sv_SE\" \/>\n<meta property=\"og:type\" content=\"article\" \/>\n<meta property=\"og:title\" content=\"Utflykt till Petra fr\u00e5n Sharm El Sheikh\" \/>\n<meta property=\"og:description\" content=\"Landious Travel\" \/>\n<meta property=\"og:url\" content=\"https:\/\/landioustravel.com\/sv\/shop\/utflykt-petra-sharm-el-sheikh\/\" \/>\n<meta property=\"og:site_name\" content=\"Landious Travel\" \/>\n<meta property=\"article:publisher\" content=\"https:\/\/web.facebook.com\/landiousEgypt\" \/>\n<meta property=\"article:modified_time\" content=\"2025-10-13T22:20:04+00:00\" \/>\n<meta property=\"og:image\" content=\"https:\/\/i0.wp.com\/landioustravel.com\/wp-content\/uploads\/2020\/10\/Petra-Excursion-Sharm-El-Sheikh-e1617559875705.jpg?fit=1200%2C675&ssl=1\" \/>\n\t<meta property=\"og:image:width\" content=\"1200\" \/>\n\t<meta property=\"og:image:height\" content=\"675\" \/>\n\t<meta property=\"og:image:type\" content=\"image\/jpeg\" \/>\n<meta name=\"twitter:card\" content=\"summary_large_image\" \/>\n<meta name=\"twitter:site\" content=\"@LandiousTours\" \/>\n<meta name=\"twitter:label1\" content=\"Ber\u00e4knad l\u00e4stid\" \/>\n\t<meta name=\"twitter:data1\" content=\"2 minuter\" \/>\n<script type=\"application\/ld+json\" class=\"yoast-schema-graph\">{\"@context\":\"https:\\\/\\\/schema.org\",\"@graph\":[{\"@type\":\"WebPage\",\"@id\":\"https:\\\/\\\/landioustravel.com\\\/sv\\\/shop\\\/utflykt-petra-sharm-el-sheikh\\\/\",\"url\":\"https:\\\/\\\/landioustravel.com\\\/sv\\\/shop\\\/utflykt-petra-sharm-el-sheikh\\\/\",\"name\":\"Utflykt till Petra fr\u00e5n Sharm El Sheikh\",\"isPartOf\":{\"@id\":\"https:\\\/\\\/landioustravel.com\\\/sv\\\/#website\"},\"primaryImageOfPage\":{\"@id\":\"https:\\\/\\\/landioustravel.com\\\/sv\\\/shop\\\/utflykt-petra-sharm-el-sheikh\\\/#primaryimage\"},\"image\":{\"@id\":\"https:\\\/\\\/landioustravel.com\\\/sv\\\/shop\\\/utflykt-petra-sharm-el-sheikh\\\/#primaryimage\"},\"thumbnailUrl\":\"https:\\\/\\\/i0.wp.com\\\/landioustravel.com\\\/wp-content\\\/uploads\\\/2020\\\/10\\\/Petra-Excursion-Sharm-El-Sheikh-e1617559875705.jpg?fit=1200%2C675&ssl=1\",\"datePublished\":\"2020-10-09T21:37:57+00:00\",\"dateModified\":\"2025-10-13T22:20:04+00:00\",\"description\":\"Utflykt till Petra fr\u00e5n Sharm El Sheikh bes\u00f6k den historiska och arkeologiska staden Petra i Jordanien, det antika Nabatean-museet, den romerska teatern\",\"breadcrumb\":{\"@id\":\"https:\\\/\\\/landioustravel.com\\\/sv\\\/shop\\\/utflykt-petra-sharm-el-sheikh\\\/#breadcrumb\"},\"inLanguage\":\"sv-SE\",\"potentialAction\":[{\"@type\":\"ReadAction\",\"target\":[\"https:\\\/\\\/landioustravel.com\\\/sv\\\/shop\\\/utflykt-petra-sharm-el-sheikh\\\/\"]}]},{\"@type\":\"ImageObject\",\"inLanguage\":\"sv-SE\",\"@id\":\"https:\\\/\\\/landioustravel.com\\\/sv\\\/shop\\\/utflykt-petra-sharm-el-sheikh\\\/#primaryimage\",\"url\":\"https:\\\/\\\/i0.wp.com\\\/landioustravel.com\\\/wp-content\\\/uploads\\\/2020\\\/10\\\/Petra-Excursion-Sharm-El-Sheikh-e1617559875705.jpg?fit=1200%2C675&ssl=1\",\"contentUrl\":\"https:\\\/\\\/i0.wp.com\\\/landioustravel.com\\\/wp-content\\\/uploads\\\/2020\\\/10\\\/Petra-Excursion-Sharm-El-Sheikh-e1617559875705.jpg?fit=1200%2C675&ssl=1\",\"width\":1200,\"height\":675,\"caption\":\"Petra Excursion Sharm El Sheikh\"},{\"@type\":\"BreadcrumbList\",\"@id\":\"https:\\\/\\\/landioustravel.com\\\/sv\\\/shop\\\/utflykt-petra-sharm-el-sheikh\\\/#breadcrumb\",\"itemListElement\":[{\"@type\":\"ListItem\",\"position\":1,\"name\":\"Home\",\"item\":\"https:\\\/\\\/landioustravel.com\\\/sv\\\/\"},{\"@type\":\"ListItem\",\"position\":2,\"name\":\"Tj\u00e4nster &#038; turer\",\"item\":\"https:\\\/\\\/landioustravel.com\\\/sv\\\/\"},{\"@type\":\"ListItem\",\"position\":3,\"name\":\"Utflykt till Petra fr\u00e5n Sharm El Sheikh\"}]},{\"@type\":\"WebSite\",\"@id\":\"https:\\\/\\\/landioustravel.com\\\/sv\\\/#website\",\"url\":\"https:\\\/\\\/landioustravel.com\\\/sv\\\/\",\"name\":\"Landious Travel\",\"description\":\"Excursions, trips and cruises in Egypt\",\"publisher\":{\"@id\":\"https:\\\/\\\/landioustravel.com\\\/sv\\\/#organization\"},\"potentialAction\":[{\"@type\":\"SearchAction\",\"target\":{\"@type\":\"EntryPoint\",\"urlTemplate\":\"https:\\\/\\\/landioustravel.com\\\/sv\\\/?s={search_term_string}\"},\"query-input\":{\"@type\":\"PropertyValueSpecification\",\"valueRequired\":true,\"valueName\":\"search_term_string\"}}],\"inLanguage\":\"sv-SE\"},{\"@type\":[\"Organization\",\"Place\"],\"@id\":\"https:\\\/\\\/landioustravel.com\\\/sv\\\/#organization\",\"name\":\"Landious Travel\",\"alternateName\":\"Landious Travel\",\"url\":\"https:\\\/\\\/landioustravel.com\\\/sv\\\/\",\"logo\":{\"@id\":\"https:\\\/\\\/landioustravel.com\\\/sv\\\/shop\\\/utflykt-petra-sharm-el-sheikh\\\/#local-main-organization-logo\"},\"image\":{\"@id\":\"https:\\\/\\\/landioustravel.com\\\/sv\\\/shop\\\/utflykt-petra-sharm-el-sheikh\\\/#local-main-organization-logo\"},\"sameAs\":[\"https:\\\/\\\/web.facebook.com\\\/landiousEgypt\",\"https:\\\/\\\/x.com\\\/LandiousTours\",\"https:\\\/\\\/mastodon.social\\\/@landious\"],\"legalName\":\"Landious Travel\",\"telephone\":[],\"openingHoursSpecification\":[{\"@type\":\"OpeningHoursSpecification\",\"dayOfWeek\":[\"Monday\",\"Tuesday\",\"Wednesday\",\"Thursday\",\"Friday\",\"Saturday\",\"Sunday\"],\"opens\":\"09:00\",\"closes\":\"17:00\"}]},{\"@type\":\"ImageObject\",\"inLanguage\":\"sv-SE\",\"@id\":\"https:\\\/\\\/landioustravel.com\\\/sv\\\/shop\\\/utflykt-petra-sharm-el-sheikh\\\/#local-main-organization-logo\",\"url\":\"https:\\\/\\\/i0.wp.com\\\/landioustravel.com\\\/wp-content\\\/uploads\\\/2021\\\/06\\\/Landious-T.png?fit=500%2C500&ssl=1\",\"contentUrl\":\"https:\\\/\\\/i0.wp.com\\\/landioustravel.com\\\/wp-content\\\/uploads\\\/2021\\\/06\\\/Landious-T.png?fit=500%2C500&ssl=1\",\"width\":500,\"height\":500,\"caption\":\"Landious Travel\"}]}<\/script>\n<!-- \/ Yoast SEO Premium plugin. -->","yoast_head_json":{"title":"Utflykt till Petra fr\u00e5n Sharm El Sheikh","description":"Utflykt till Petra fr\u00e5n Sharm El Sheikh bes\u00f6k den historiska och arkeologiska staden Petra i Jordanien, det antika Nabatean-museet, den romerska teatern","robots":{"index":"index","follow":"follow","max-snippet":"max-snippet:-1","max-image-preview":"max-image-preview:large","max-video-preview":"max-video-preview:-1"},"canonical":"https:\/\/landioustravel.com\/sv\/shop\/utflykt-petra-sharm-el-sheikh\/","og_locale":"sv_SE","og_type":"article","og_title":"Utflykt till Petra fr\u00e5n Sharm El Sheikh","og_description":"Landious Travel","og_url":"https:\/\/landioustravel.com\/sv\/shop\/utflykt-petra-sharm-el-sheikh\/","og_site_name":"Landious Travel","article_publisher":"https:\/\/web.facebook.com\/landiousEgypt","article_modified_time":"2025-10-13T22:20:04+00:00","og_image":[{"width":1200,"height":675,"url":"https:\/\/i0.wp.com\/landioustravel.com\/wp-content\/uploads\/2020\/10\/Petra-Excursion-Sharm-El-Sheikh-e1617559875705.jpg?fit=1200%2C675&ssl=1","type":"image\/jpeg"}],"twitter_card":"summary_large_image","twitter_site":"@LandiousTours","twitter_misc":{"Ber\u00e4knad l\u00e4stid":"2 minuter"},"schema":{"@context":"https:\/\/schema.org","@graph":[{"@type":"WebPage","@id":"https:\/\/landioustravel.com\/sv\/shop\/utflykt-petra-sharm-el-sheikh\/","url":"https:\/\/landioustravel.com\/sv\/shop\/utflykt-petra-sharm-el-sheikh\/","name":"Utflykt till Petra fr\u00e5n Sharm El Sheikh","isPartOf":{"@id":"https:\/\/landioustravel.com\/sv\/#website"},"primaryImageOfPage":{"@id":"https:\/\/landioustravel.com\/sv\/shop\/utflykt-petra-sharm-el-sheikh\/#primaryimage"},"image":{"@id":"https:\/\/landioustravel.com\/sv\/shop\/utflykt-petra-sharm-el-sheikh\/#primaryimage"},"thumbnailUrl":"https:\/\/i0.wp.com\/landioustravel.com\/wp-content\/uploads\/2020\/10\/Petra-Excursion-Sharm-El-Sheikh-e1617559875705.jpg?fit=1200%2C675&ssl=1","datePublished":"2020-10-09T21:37:57+00:00","dateModified":"2025-10-13T22:20:04+00:00","description":"Utflykt till Petra fr\u00e5n Sharm El Sheikh bes\u00f6k den historiska och arkeologiska staden Petra i Jordanien, det antika Nabatean-museet, den romerska teatern","breadcrumb":{"@id":"https:\/\/landioustravel.com\/sv\/shop\/utflykt-petra-sharm-el-sheikh\/#breadcrumb"},"inLanguage":"sv-SE","potentialAction":[{"@type":"ReadAction","target":["https:\/\/landioustravel.com\/sv\/shop\/utflykt-petra-sharm-el-sheikh\/"]}]},{"@type":"ImageObject","inLanguage":"sv-SE","@id":"https:\/\/landioustravel.com\/sv\/shop\/utflykt-petra-sharm-el-sheikh\/#primaryimage","url":"https:\/\/i0.wp.com\/landioustravel.com\/wp-content\/uploads\/2020\/10\/Petra-Excursion-Sharm-El-Sheikh-e1617559875705.jpg?fit=1200%2C675&ssl=1","contentUrl":"https:\/\/i0.wp.com\/landioustravel.com\/wp-content\/uploads\/2020\/10\/Petra-Excursion-Sharm-El-Sheikh-e1617559875705.jpg?fit=1200%2C675&ssl=1","width":1200,"height":675,"caption":"Petra Excursion Sharm El Sheikh"},{"@type":"BreadcrumbList","@id":"https:\/\/landioustravel.com\/sv\/shop\/utflykt-petra-sharm-el-sheikh\/#breadcrumb","itemListElement":[{"@type":"ListItem","position":1,"name":"Home","item":"https:\/\/landioustravel.com\/sv\/"},{"@type":"ListItem","position":2,"name":"Tj\u00e4nster &#038; turer","item":"https:\/\/landioustravel.com\/sv\/"},{"@type":"ListItem","position":3,"name":"Utflykt till Petra fr\u00e5n Sharm El Sheikh"}]},{"@type":"WebSite","@id":"https:\/\/landioustravel.com\/sv\/#website","url":"https:\/\/landioustravel.com\/sv\/","name":"Landious Travel","description":"Excursions, trips and cruises in Egypt","publisher":{"@id":"https:\/\/landioustravel.com\/sv\/#organization"},"potentialAction":[{"@type":"SearchAction","target":{"@type":"EntryPoint","urlTemplate":"https:\/\/landioustravel.com\/sv\/?s={search_term_string}"},"query-input":{"@type":"PropertyValueSpecification","valueRequired":true,"valueName":"search_term_string"}}],"inLanguage":"sv-SE"},{"@type":["Organization","Place"],"@id":"https:\/\/landioustravel.com\/sv\/#organization","name":"Landious Travel","alternateName":"Landious Travel","url":"https:\/\/landioustravel.com\/sv\/","logo":{"@id":"https:\/\/landioustravel.com\/sv\/shop\/utflykt-petra-sharm-el-sheikh\/#local-main-organization-logo"},"image":{"@id":"https:\/\/landioustravel.com\/sv\/shop\/utflykt-petra-sharm-el-sheikh\/#local-main-organization-logo"},"sameAs":["https:\/\/web.facebook.com\/landiousEgypt","https:\/\/x.com\/LandiousTours","https:\/\/mastodon.social\/@landious"],"legalName":"Landious Travel","telephone":[],"openingHoursSpecification":[{"@type":"OpeningHoursSpecification","dayOfWeek":["Monday","Tuesday","Wednesday","Thursday","Friday","Saturday","Sunday"],"opens":"09:00","closes":"17:00"}]},{"@type":"ImageObject","inLanguage":"sv-SE","@id":"https:\/\/landioustravel.com\/sv\/shop\/utflykt-petra-sharm-el-sheikh\/#local-main-organization-logo","url":"https:\/\/i0.wp.com\/landioustravel.com\/wp-content\/uploads\/2021\/06\/Landious-T.png?fit=500%2C500&ssl=1","contentUrl":"https:\/\/i0.wp.com\/landioustravel.com\/wp-content\/uploads\/2021\/06\/Landious-T.png?fit=500%2C500&ssl=1","width":500,"height":500,"caption":"Landious Travel"}]}},"jetpack_publicize_connections":[],"uagb_featured_image_src":{"full":["https:\/\/i0.wp.com\/landioustravel.com\/wp-content\/uploads\/2020\/10\/Petra-Excursion-Sharm-El-Sheikh-e1617559875705.jpg?fit=1200%2C675&ssl=1",1200,675,false],"thumbnail":["https:\/\/i0.wp.com\/landioustravel.com\/wp-content\/uploads\/2020\/10\/Petra-Excursion-Sharm-El-Sheikh-e1617559875705.jpg?resize=150%2C150&ssl=1",150,150,true],"medium":["https:\/\/i0.wp.com\/landioustravel.com\/wp-content\/uploads\/2020\/10\/Petra-Excursion-Sharm-El-Sheikh-e1617559875705.jpg?fit=300%2C169&ssl=1",300,169,true],"medium_large":["https:\/\/i0.wp.com\/landioustravel.com\/wp-content\/uploads\/2020\/10\/Petra-Excursion-Sharm-El-Sheikh-e1617559875705.jpg?fit=768%2C432&ssl=1",768,432,true],"large":["https:\/\/i0.wp.com\/landioustravel.com\/wp-content\/uploads\/2020\/10\/Petra-Excursion-Sharm-El-Sheikh-e1617559875705.jpg?fit=980%2C551&ssl=1",980,551,true],"1536x1536":["https:\/\/i0.wp.com\/landioustravel.com\/wp-content\/uploads\/2020\/10\/Petra-Excursion-Sharm-El-Sheikh-e1617559875705.jpg?fit=1200%2C675&ssl=1",1200,675,true],"2048x2048":["https:\/\/i0.wp.com\/landioustravel.com\/wp-content\/uploads\/2020\/10\/Petra-Excursion-Sharm-El-Sheikh-e1617559875705.jpg?fit=1200%2C675&ssl=1",1200,675,true],"newspack-article-block-landscape-large":["https:\/\/i0.wp.com\/landioustravel.com\/wp-content\/uploads\/2020\/10\/Petra-Excursion-Sharm-El-Sheikh-e1617559875705.jpg?resize=1200%2C675&ssl=1",1200,720,true],"newspack-article-block-portrait-large":["https:\/\/i0.wp.com\/landioustravel.com\/wp-content\/uploads\/2020\/10\/Petra-Excursion-Sharm-El-Sheikh-e1617559875705.jpg?resize=900%2C675&ssl=1",900,720,true],"newspack-article-block-square-large":["https:\/\/i0.wp.com\/landioustravel.com\/wp-content\/uploads\/2020\/10\/Petra-Excursion-Sharm-El-Sheikh-e1617559875705.jpg?resize=1200%2C675&ssl=1",1200,720,true],"newspack-article-block-landscape-medium":["https:\/\/i0.wp.com\/landioustravel.com\/wp-content\/uploads\/2020\/10\/Petra-Excursion-Sharm-El-Sheikh-e1617559875705.jpg?resize=800%2C600&ssl=1",800,600,true],"newspack-article-block-portrait-medium":["https:\/\/i0.wp.com\/landioustravel.com\/wp-content\/uploads\/2020\/10\/Petra-Excursion-Sharm-El-Sheikh-e1617559875705.jpg?resize=600%2C675&ssl=1",600,720,true],"newspack-article-block-square-medium":["https:\/\/i0.wp.com\/landioustravel.com\/wp-content\/uploads\/2020\/10\/Petra-Excursion-Sharm-El-Sheikh-e1617559875705.jpg?resize=800%2C675&ssl=1",800,720,true],"newspack-article-block-landscape-intermediate":["https:\/\/i0.wp.com\/landioustravel.com\/wp-content\/uploads\/2020\/10\/Petra-Excursion-Sharm-El-Sheikh-e1617559875705.jpg?resize=600%2C450&ssl=1",600,450,true],"newspack-article-block-portrait-intermediate":["https:\/\/i0.wp.com\/landioustravel.com\/wp-content\/uploads\/2020\/10\/Petra-Excursion-Sharm-El-Sheikh-e1617559875705.jpg?resize=450%2C600&ssl=1",450,600,true],"newspack-article-block-square-intermediate":["https:\/\/i0.wp.com\/landioustravel.com\/wp-content\/uploads\/2020\/10\/Petra-Excursion-Sharm-El-Sheikh-e1617559875705.jpg?resize=600%2C600&ssl=1",600,600,true],"newspack-article-block-landscape-small":["https:\/\/i0.wp.com\/landioustravel.com\/wp-content\/uploads\/2020\/10\/Petra-Excursion-Sharm-El-Sheikh-e1617559875705.jpg?resize=400%2C300&ssl=1",400,300,true],"newspack-article-block-portrait-small":["https:\/\/i0.wp.com\/landioustravel.com\/wp-content\/uploads\/2020\/10\/Petra-Excursion-Sharm-El-Sheikh-e1617559875705.jpg?resize=300%2C400&ssl=1",300,400,true],"newspack-article-block-square-small":["https:\/\/i0.wp.com\/landioustravel.com\/wp-content\/uploads\/2020\/10\/Petra-Excursion-Sharm-El-Sheikh-e1617559875705.jpg?resize=400%2C400&ssl=1",400,400,true],"newspack-article-block-landscape-tiny":["https:\/\/i0.wp.com\/landioustravel.com\/wp-content\/uploads\/2020\/10\/Petra-Excursion-Sharm-El-Sheikh-e1617559875705.jpg?resize=200%2C150&ssl=1",200,150,true],"newspack-article-block-portrait-tiny":["https:\/\/i0.wp.com\/landioustravel.com\/wp-content\/uploads\/2020\/10\/Petra-Excursion-Sharm-El-Sheikh-e1617559875705.jpg?resize=150%2C200&ssl=1",150,200,true],"newspack-article-block-square-tiny":["https:\/\/i0.wp.com\/landioustravel.com\/wp-content\/uploads\/2020\/10\/Petra-Excursion-Sharm-El-Sheikh-e1617559875705.jpg?resize=200%2C200&ssl=1",200,200,true],"newspack-article-block-uncropped":["https:\/\/i0.wp.com\/landioustravel.com\/wp-content\/uploads\/2020\/10\/Petra-Excursion-Sharm-El-Sheikh-e1617559875705.jpg?fit=1200%2C675&ssl=1",1200,675,true],"woocommerce_thumbnail":["https:\/\/i0.wp.com\/landioustravel.com\/wp-content\/uploads\/2020\/10\/Petra-Excursion-Sharm-El-Sheikh-e1617559875705.jpg?resize=324%2C324&ssl=1",324,324,true],"woocommerce_single":["https:\/\/i0.wp.com\/landioustravel.com\/wp-content\/uploads\/2020\/10\/Petra-Excursion-Sharm-El-Sheikh-e1617559875705.jpg?fit=416%2C234&ssl=1",416,234,true],"woocommerce_gallery_thumbnail":["https:\/\/i0.wp.com\/landioustravel.com\/wp-content\/uploads\/2020\/10\/Petra-Excursion-Sharm-El-Sheikh-e1617559875705.jpg?resize=100%2C100&ssl=1",100,100,true]},"uagb_author_info":{"display_name":"Mofreh Landious","author_link":"https:\/\/landioustravel.com\/sv\/author\/"},"uagb_comment_info":3,"uagb_excerpt":"Om du dr\u00f6mmer om ett hisnande \u00e4ventyr kan du helt enkelt inte missa Petras magnifika stenunderverk. Resan kan kr\u00e4va en buss, b\u00e5t och h\u00e4st- eller kamelryggsresa under den sex timmar l\u00e5nga resan fr\u00e5n Sharm El Sheikh i Egypten, men lita p\u00e5 oss n\u00e4r vi s\u00e4ger att upplevelsen \u00e4r v\u00e4rd allt anstr\u00e4ngning. Petra \u00e4r mer \u00e4n&hellip;","jetpack_sharing_enabled":true,"jetpack_likes_enabled":true,"amp_enabled":true,"_links":{"self":[{"href":"https:\/\/landioustravel.com\/sv\/wp-json\/wp\/v2\/product\/26042","targetHints":{"allow":["GET"]}}],"collection":[{"href":"https:\/\/landioustravel.com\/sv\/wp-json\/wp\/v2\/product"}],"about":[{"href":"https:\/\/landioustravel.com\/sv\/wp-json\/wp\/v2\/types\/product"}],"replies":[{"embeddable":true,"href":"https:\/\/landioustravel.com\/sv\/wp-json\/wp\/v2\/comments?post=26042"}],"wp:featuredmedia":[{"embeddable":true,"href":"https:\/\/landioustravel.com\/sv\/wp-json\/wp\/v2\/media\/45790"}],"wp:attachment":[{"href":"https:\/\/landioustravel.com\/sv\/wp-json\/wp\/v2\/media?parent=26042"}],"wp:term":[{"taxonomy":"product_brand","embeddable":true,"href":"https:\/\/landioustravel.com\/sv\/wp-json\/wp\/v2\/product_brand?post=26042"},{"taxonomy":"product_cat","embeddable":true,"href":"https:\/\/landioustravel.com\/sv\/wp-json\/wp\/v2\/product_cat?post=26042"},{"taxonomy":"product_tag","embeddable":true,"href":"https:\/\/landioustravel.com\/sv\/wp-json\/wp\/v2\/product_tag?post=26042"}],"curies":[{"name":"wp","href":"https:\/\/api.w.org\/{rel}","templated":true}]}}