{"id":26047,"date":"2020-10-10T21:20:16","date_gmt":"2020-11-29T12:31:37","guid":{"rendered":"https:\/\/landioustravel.com\/?post_type=product&#038;p=26047"},"modified":"2024-02-10T19:14:05","modified_gmt":"2024-02-10T17:14:05","slug":"parasailing-resa-sharm-el-sheikh","status":"publish","type":"product","link":"https:\/\/landioustravel.com\/sv\/shop\/parasailing-resa-sharm-el-sheikh\/","title":{"rendered":"Parasailing resa i Sharm El Sheikh"},"content":{"rendered":"<p>Det \u00e4r en sp\u00e4nnande privat <a href=\"https:\/\/landioustravel.com\/product-tag\/parasailing\/\">parasailing <\/a>resa i Sharm El Sheikh, Egypten! Vi rekommenderar utflykten eftersom det g\u00f6r det m\u00f6jligt f\u00f6r turister att ha en rolig tid vid havet! Du kommer att uppleva en av de mest fantastiska vattensportaktiviteterna _ parasailing. Under denna upplevelse kommer du att se Sharm El Sheikh City medan du \u00e4r i fallsk\u00e4rm. Du kommer att gilla s\u00e5 mycket den b\u00e4sta utsikten \u00f6ver R\u00f6da havet och staden. Denna parasailingupplevelse erbjuder unik 360-graders utsikt \u00f6ver R\u00f6da havet. Det \u00e4r en av de b\u00e4sta roliga resorna i Sharm El-Sheikh!<\/p>\n<h2>Huvudpunkterna i utflyktsprogrammet om parasailing<\/h2>\n<ul>\n<li>Omfattande information och utbildning om parasailing<\/li>\n<li>Parasailing till en h\u00f6jd av 30-40 meter \u00f6ver havet<\/li>\n<li>Dessutom fantastisk utsikt \u00f6ver den pittoreska R\u00f6da havskusten<\/li>\n<\/ul>\n<h3>Program f\u00f6r den privata parasailing-resan i Sharm El Sheikh<\/h3>\n<ul>\n<li>Landious Travel-representant h\u00e4mtar dig fr\u00e5n hotellet i Sharm El Sheikh, cirka kl. 11.00<\/li>\n<li>Efter att ha h\u00e4mtat alla bes\u00f6kare g\u00e5r bussen direkt till hamnen. V\u00e4gen till hamnen tar cirka 40 minuter. Naturligtvis hittar du din motorb\u00e5t i hamnen. Denna snabbb\u00e5t tar dig till vattensportbasen<\/li>\n<li>N\u00e4r du har f\u00e5tt basen b\u00f6rjar du f\u00f6rbereda dig f\u00f6r en parasailingflygning. V\u00e5ra instrukt\u00f6rer ger dig en s\u00e4kerhetsinformation. Utan tvekan \u00e4r det en h\u00e4rlig aktivitet och intressant \u00e4ventyr som inte kr\u00e4ver n\u00e5gra speciella f\u00e4rdigheter<\/li>\n<li>D\u00e5 f\u00e5r du en genomg\u00e5ng. Visst kommer bes\u00e4ttningen att hj\u00e4lpa till att g\u00f6ra n\u00e4sta steg. Det \u00e4r v\u00e4rt att notera att vid selejlads f\u00e4ster selen piloten p\u00e5 parasilen. I geng\u00e4ld m\u00e5ste parasilen anslutas till b\u00e5ten med bogserlinan. B\u00e5ten k\u00f6r sedan iv\u00e4g och b\u00e4r b\u00e5de parasailvingarna och piloten upp i luften<\/li>\n<li>I slutet av detta underbara \u00e4ventyr kommer du att ha en Picture CD-briefing. Det kommer att vara n\u00e5got valfritt att ha en betald souvenir av dessa \u00f6gonblick<\/li>\n<li>Slutligen eskorterar vi dig tillbaka till dina hotell med v\u00e5r luftkonditionerade bil<\/li>\n<li>Denna &#8221;Parasailing resa i Sharm el Sheikh&#8221; slutar cirka 13:00<\/li>\n<\/ul>\n<h4>Vad ing\u00e5r i resepriset<\/h4>\n<ul>\n<li>Privat transfer till hamnen<\/li>\n<li>Individuella parasailing \u00e4ventyr<\/li>\n<li>Full s\u00e4kerhetsinformation f\u00f6r parasailingprocedurer<\/li>\n<li>Gratis sk\u00e5p<\/li>\n<li>\u00d6verf\u00f6r ocks\u00e5 till hamnen och tillbaka till hotellet<\/li>\n<\/ul>\n<h5>Vad ing\u00e5r inte i priset f\u00f6r turn\u00e9n<\/h5>\n<ul>\n<li>Video DVD<\/li>\n<li>\u00c4ven foto-CD<\/li>\n<\/ul>\n<h6>Vad du ska ta med dig f\u00f6r parasailing-resan<\/h6>\n<ul>\n<li>Handduk<\/li>\n<li>\u00c4ven solskyddsmedel<\/li>\n<\/ul>\n<h6>DAGAR F\u00d6R UTFLYTTSORGANISATION<\/h6>\n<ul>\n<li>Dagligen fr\u00e5n 11: 30-13: 00<\/li>\n<\/ul>\n","protected":false},"excerpt":{"rendered":"<p>Har du n\u00e5gonsin upplevt sp\u00e4nningen med parasailing i Sharm El Sheikh? Det \u00e4r en av de mest fantastiska vattensportaktiviteterna som finns! Du kommer att sv\u00e4va \u00f6ver R\u00f6da havet och ta in den hisnande utsikten \u00f6ver staden och dess n\u00e4rliggande \u00f6ar fr\u00e5n h\u00f6gt upp. Och det b\u00e4sta \u00e4r att du kan g\u00f6ra allt p\u00e5 en privat rundtur med problemfri transfer tur och retur fr\u00e5n ditt hotell. V\u00e4lj att flyga solo eller med en partner (s\u00e5 l\u00e4nge din sammanlagda vikt inte \u00f6verstiger 330 pund). Och l\u00e5t oss inte gl\u00f6mma de otroliga bilderna av ditt \u00e4ventyr som \u00e4r tillg\u00e4ngliga f\u00f6r en extra kostnad. Missa inte detta of\u00f6rgl\u00f6mliga \u00e4ventyr som tar dig utanf\u00f6r allfartsv\u00e4garna!<\/p>\n","protected":false},"featured_media":45758,"comment_status":"open","ping_status":"closed","template":"","meta":{"_coblocks_attr":"","_coblocks_dimensions":"","_coblocks_responsive_height":"","_coblocks_accordion_ie_support":"","_uag_custom_page_level_css":"","jetpack_publicize_message":"","jetpack_publicize_feature_enabled":true,"jetpack_social_post_already_shared":true,"jetpack_social_options":{"image_generator_settings":{"template":"highway","default_image_id":0,"font":"","enabled":false},"version":2},"_wpas_customize_per_network":false},"product_brand":[],"product_cat":[19130,18880],"product_tag":[19022,19014,19026,18998],"class_list":{"0":"post-26047","1":"product","2":"type-product","3":"status-publish","4":"has-post-thumbnail","6":"product_cat-roliga-resor-sharm-sheikh","7":"product_cat-sharm-sheikh-utflykter","8":"product_tag-havet","9":"product_tag-para-segling","10":"product_tag-sharm-sheikh-sv","11":"product_tag-utflykt","13":"first","14":"instock","15":"sale","16":"taxable","17":"shipping-taxable","18":"purchasable","19":"product-type-variable"},"yoast_head":"<!-- This site is optimized with the Yoast SEO Premium plugin v26.9 (Yoast SEO v27.4) - https:\/\/yoast.com\/product\/yoast-seo-premium-wordpress\/ -->\n<title>Parasailing resa i Sharm El Sheikh<\/title>\n<meta name=\"description\" content=\"Parasailing resa i Sharm El Sheikh Du kommer att uppleva en av de mest fantastiska vattensportaktiviteterna _ parasailing. Under denna upplevelse kommer\" \/>\n<meta name=\"robots\" content=\"index, follow, max-snippet:-1, max-image-preview:large, max-video-preview:-1\" \/>\n<link rel=\"canonical\" href=\"https:\/\/landioustravel.com\/sv\/shop\/parasailing-resa-sharm-el-sheikh\/\" \/>\n<meta property=\"og:locale\" content=\"sv_SE\" \/>\n<meta property=\"og:type\" content=\"article\" \/>\n<meta property=\"og:title\" content=\"Parasailing resa i Sharm El Sheikh\" \/>\n<meta property=\"og:description\" content=\"Landious Travel\" \/>\n<meta property=\"og:url\" content=\"https:\/\/landioustravel.com\/sv\/shop\/parasailing-resa-sharm-el-sheikh\/\" \/>\n<meta property=\"og:site_name\" content=\"Landious Travel\" \/>\n<meta property=\"article:publisher\" content=\"https:\/\/web.facebook.com\/landiousEgypt\" \/>\n<meta property=\"article:modified_time\" content=\"2024-02-10T17:14:05+00:00\" \/>\n<meta property=\"og:image\" content=\"https:\/\/i0.wp.com\/landioustravel.com\/wp-content\/uploads\/2020\/10\/Parasailing-Trip-Sharm-El-Sheikh-e1617559249639.jpg?fit=1200%2C674&ssl=1\" \/>\n\t<meta property=\"og:image:width\" content=\"1200\" \/>\n\t<meta property=\"og:image:height\" content=\"674\" \/>\n\t<meta property=\"og:image:type\" content=\"image\/jpeg\" \/>\n<meta name=\"twitter:card\" content=\"summary_large_image\" \/>\n<meta name=\"twitter:site\" content=\"@LandiousTours\" \/>\n<meta name=\"twitter:label1\" content=\"Ber\u00e4knad l\u00e4stid\" \/>\n\t<meta name=\"twitter:data1\" content=\"2 minuter\" \/>\n<script type=\"application\/ld+json\" class=\"yoast-schema-graph\">{\"@context\":\"https:\\\/\\\/schema.org\",\"@graph\":[{\"@type\":\"WebPage\",\"@id\":\"https:\\\/\\\/landioustravel.com\\\/sv\\\/shop\\\/parasailing-resa-sharm-el-sheikh\\\/\",\"url\":\"https:\\\/\\\/landioustravel.com\\\/sv\\\/shop\\\/parasailing-resa-sharm-el-sheikh\\\/\",\"name\":\"Parasailing resa i Sharm El Sheikh\",\"isPartOf\":{\"@id\":\"https:\\\/\\\/landioustravel.com\\\/sv\\\/#website\"},\"primaryImageOfPage\":{\"@id\":\"https:\\\/\\\/landioustravel.com\\\/sv\\\/shop\\\/parasailing-resa-sharm-el-sheikh\\\/#primaryimage\"},\"image\":{\"@id\":\"https:\\\/\\\/landioustravel.com\\\/sv\\\/shop\\\/parasailing-resa-sharm-el-sheikh\\\/#primaryimage\"},\"thumbnailUrl\":\"https:\\\/\\\/i0.wp.com\\\/landioustravel.com\\\/wp-content\\\/uploads\\\/2020\\\/10\\\/Parasailing-Trip-Sharm-El-Sheikh-e1617559249639.jpg?fit=1200%2C674&ssl=1\",\"datePublished\":\"2020-11-29T12:31:37+00:00\",\"dateModified\":\"2024-02-10T17:14:05+00:00\",\"description\":\"Parasailing resa i Sharm El Sheikh Du kommer att uppleva en av de mest fantastiska vattensportaktiviteterna _ parasailing. Under denna upplevelse kommer\",\"breadcrumb\":{\"@id\":\"https:\\\/\\\/landioustravel.com\\\/sv\\\/shop\\\/parasailing-resa-sharm-el-sheikh\\\/#breadcrumb\"},\"inLanguage\":\"sv-SE\",\"potentialAction\":[{\"@type\":\"ReadAction\",\"target\":[\"https:\\\/\\\/landioustravel.com\\\/sv\\\/shop\\\/parasailing-resa-sharm-el-sheikh\\\/\"]}]},{\"@type\":\"ImageObject\",\"inLanguage\":\"sv-SE\",\"@id\":\"https:\\\/\\\/landioustravel.com\\\/sv\\\/shop\\\/parasailing-resa-sharm-el-sheikh\\\/#primaryimage\",\"url\":\"https:\\\/\\\/i0.wp.com\\\/landioustravel.com\\\/wp-content\\\/uploads\\\/2020\\\/10\\\/Parasailing-Trip-Sharm-El-Sheikh-e1617559249639.jpg?fit=1200%2C674&ssl=1\",\"contentUrl\":\"https:\\\/\\\/i0.wp.com\\\/landioustravel.com\\\/wp-content\\\/uploads\\\/2020\\\/10\\\/Parasailing-Trip-Sharm-El-Sheikh-e1617559249639.jpg?fit=1200%2C674&ssl=1\",\"width\":1200,\"height\":674,\"caption\":\"Parasailing Trip Sharm El Sheikh\"},{\"@type\":\"BreadcrumbList\",\"@id\":\"https:\\\/\\\/landioustravel.com\\\/sv\\\/shop\\\/parasailing-resa-sharm-el-sheikh\\\/#breadcrumb\",\"itemListElement\":[{\"@type\":\"ListItem\",\"position\":1,\"name\":\"Home\",\"item\":\"https:\\\/\\\/landioustravel.com\\\/sv\\\/\"},{\"@type\":\"ListItem\",\"position\":2,\"name\":\"Tj\u00e4nster &#038; turer\",\"item\":\"https:\\\/\\\/landioustravel.com\\\/sv\\\/\"},{\"@type\":\"ListItem\",\"position\":3,\"name\":\"Parasailing resa i Sharm El Sheikh\"}]},{\"@type\":\"WebSite\",\"@id\":\"https:\\\/\\\/landioustravel.com\\\/sv\\\/#website\",\"url\":\"https:\\\/\\\/landioustravel.com\\\/sv\\\/\",\"name\":\"Landious Travel\",\"description\":\"Excursions, trips and cruises in Egypt\",\"publisher\":{\"@id\":\"https:\\\/\\\/landioustravel.com\\\/sv\\\/#organization\"},\"potentialAction\":[{\"@type\":\"SearchAction\",\"target\":{\"@type\":\"EntryPoint\",\"urlTemplate\":\"https:\\\/\\\/landioustravel.com\\\/sv\\\/?s={search_term_string}\"},\"query-input\":{\"@type\":\"PropertyValueSpecification\",\"valueRequired\":true,\"valueName\":\"search_term_string\"}}],\"inLanguage\":\"sv-SE\"},{\"@type\":[\"Organization\",\"Place\"],\"@id\":\"https:\\\/\\\/landioustravel.com\\\/sv\\\/#organization\",\"name\":\"Landious Travel\",\"alternateName\":\"Landious Travel\",\"url\":\"https:\\\/\\\/landioustravel.com\\\/sv\\\/\",\"logo\":{\"@id\":\"https:\\\/\\\/landioustravel.com\\\/sv\\\/shop\\\/parasailing-resa-sharm-el-sheikh\\\/#local-main-organization-logo\"},\"image\":{\"@id\":\"https:\\\/\\\/landioustravel.com\\\/sv\\\/shop\\\/parasailing-resa-sharm-el-sheikh\\\/#local-main-organization-logo\"},\"sameAs\":[\"https:\\\/\\\/web.facebook.com\\\/landiousEgypt\",\"https:\\\/\\\/x.com\\\/LandiousTours\",\"https:\\\/\\\/mastodon.social\\\/@landious\"],\"legalName\":\"Landious Travel\",\"telephone\":[],\"openingHoursSpecification\":[{\"@type\":\"OpeningHoursSpecification\",\"dayOfWeek\":[\"Monday\",\"Tuesday\",\"Wednesday\",\"Thursday\",\"Friday\",\"Saturday\",\"Sunday\"],\"opens\":\"09:00\",\"closes\":\"17:00\"}]},{\"@type\":\"ImageObject\",\"inLanguage\":\"sv-SE\",\"@id\":\"https:\\\/\\\/landioustravel.com\\\/sv\\\/shop\\\/parasailing-resa-sharm-el-sheikh\\\/#local-main-organization-logo\",\"url\":\"https:\\\/\\\/i0.wp.com\\\/landioustravel.com\\\/wp-content\\\/uploads\\\/2021\\\/06\\\/Landious-T.png?fit=500%2C500&ssl=1\",\"contentUrl\":\"https:\\\/\\\/i0.wp.com\\\/landioustravel.com\\\/wp-content\\\/uploads\\\/2021\\\/06\\\/Landious-T.png?fit=500%2C500&ssl=1\",\"width\":500,\"height\":500,\"caption\":\"Landious Travel\"}]}<\/script>\n<!-- \/ Yoast SEO Premium plugin. -->","yoast_head_json":{"title":"Parasailing resa i Sharm El Sheikh","description":"Parasailing resa i Sharm El Sheikh Du kommer att uppleva en av de mest fantastiska vattensportaktiviteterna _ parasailing. Under denna upplevelse kommer","robots":{"index":"index","follow":"follow","max-snippet":"max-snippet:-1","max-image-preview":"max-image-preview:large","max-video-preview":"max-video-preview:-1"},"canonical":"https:\/\/landioustravel.com\/sv\/shop\/parasailing-resa-sharm-el-sheikh\/","og_locale":"sv_SE","og_type":"article","og_title":"Parasailing resa i Sharm El Sheikh","og_description":"Landious Travel","og_url":"https:\/\/landioustravel.com\/sv\/shop\/parasailing-resa-sharm-el-sheikh\/","og_site_name":"Landious Travel","article_publisher":"https:\/\/web.facebook.com\/landiousEgypt","article_modified_time":"2024-02-10T17:14:05+00:00","og_image":[{"width":1200,"height":674,"url":"https:\/\/i0.wp.com\/landioustravel.com\/wp-content\/uploads\/2020\/10\/Parasailing-Trip-Sharm-El-Sheikh-e1617559249639.jpg?fit=1200%2C674&ssl=1","type":"image\/jpeg"}],"twitter_card":"summary_large_image","twitter_site":"@LandiousTours","twitter_misc":{"Ber\u00e4knad l\u00e4stid":"2 minuter"},"schema":{"@context":"https:\/\/schema.org","@graph":[{"@type":"WebPage","@id":"https:\/\/landioustravel.com\/sv\/shop\/parasailing-resa-sharm-el-sheikh\/","url":"https:\/\/landioustravel.com\/sv\/shop\/parasailing-resa-sharm-el-sheikh\/","name":"Parasailing resa i Sharm El Sheikh","isPartOf":{"@id":"https:\/\/landioustravel.com\/sv\/#website"},"primaryImageOfPage":{"@id":"https:\/\/landioustravel.com\/sv\/shop\/parasailing-resa-sharm-el-sheikh\/#primaryimage"},"image":{"@id":"https:\/\/landioustravel.com\/sv\/shop\/parasailing-resa-sharm-el-sheikh\/#primaryimage"},"thumbnailUrl":"https:\/\/i0.wp.com\/landioustravel.com\/wp-content\/uploads\/2020\/10\/Parasailing-Trip-Sharm-El-Sheikh-e1617559249639.jpg?fit=1200%2C674&ssl=1","datePublished":"2020-11-29T12:31:37+00:00","dateModified":"2024-02-10T17:14:05+00:00","description":"Parasailing resa i Sharm El Sheikh Du kommer att uppleva en av de mest fantastiska vattensportaktiviteterna _ parasailing. Under denna upplevelse kommer","breadcrumb":{"@id":"https:\/\/landioustravel.com\/sv\/shop\/parasailing-resa-sharm-el-sheikh\/#breadcrumb"},"inLanguage":"sv-SE","potentialAction":[{"@type":"ReadAction","target":["https:\/\/landioustravel.com\/sv\/shop\/parasailing-resa-sharm-el-sheikh\/"]}]},{"@type":"ImageObject","inLanguage":"sv-SE","@id":"https:\/\/landioustravel.com\/sv\/shop\/parasailing-resa-sharm-el-sheikh\/#primaryimage","url":"https:\/\/i0.wp.com\/landioustravel.com\/wp-content\/uploads\/2020\/10\/Parasailing-Trip-Sharm-El-Sheikh-e1617559249639.jpg?fit=1200%2C674&ssl=1","contentUrl":"https:\/\/i0.wp.com\/landioustravel.com\/wp-content\/uploads\/2020\/10\/Parasailing-Trip-Sharm-El-Sheikh-e1617559249639.jpg?fit=1200%2C674&ssl=1","width":1200,"height":674,"caption":"Parasailing Trip Sharm El Sheikh"},{"@type":"BreadcrumbList","@id":"https:\/\/landioustravel.com\/sv\/shop\/parasailing-resa-sharm-el-sheikh\/#breadcrumb","itemListElement":[{"@type":"ListItem","position":1,"name":"Home","item":"https:\/\/landioustravel.com\/sv\/"},{"@type":"ListItem","position":2,"name":"Tj\u00e4nster &#038; turer","item":"https:\/\/landioustravel.com\/sv\/"},{"@type":"ListItem","position":3,"name":"Parasailing resa i Sharm El Sheikh"}]},{"@type":"WebSite","@id":"https:\/\/landioustravel.com\/sv\/#website","url":"https:\/\/landioustravel.com\/sv\/","name":"Landious Travel","description":"Excursions, trips and cruises in Egypt","publisher":{"@id":"https:\/\/landioustravel.com\/sv\/#organization"},"potentialAction":[{"@type":"SearchAction","target":{"@type":"EntryPoint","urlTemplate":"https:\/\/landioustravel.com\/sv\/?s={search_term_string}"},"query-input":{"@type":"PropertyValueSpecification","valueRequired":true,"valueName":"search_term_string"}}],"inLanguage":"sv-SE"},{"@type":["Organization","Place"],"@id":"https:\/\/landioustravel.com\/sv\/#organization","name":"Landious Travel","alternateName":"Landious Travel","url":"https:\/\/landioustravel.com\/sv\/","logo":{"@id":"https:\/\/landioustravel.com\/sv\/shop\/parasailing-resa-sharm-el-sheikh\/#local-main-organization-logo"},"image":{"@id":"https:\/\/landioustravel.com\/sv\/shop\/parasailing-resa-sharm-el-sheikh\/#local-main-organization-logo"},"sameAs":["https:\/\/web.facebook.com\/landiousEgypt","https:\/\/x.com\/LandiousTours","https:\/\/mastodon.social\/@landious"],"legalName":"Landious Travel","telephone":[],"openingHoursSpecification":[{"@type":"OpeningHoursSpecification","dayOfWeek":["Monday","Tuesday","Wednesday","Thursday","Friday","Saturday","Sunday"],"opens":"09:00","closes":"17:00"}]},{"@type":"ImageObject","inLanguage":"sv-SE","@id":"https:\/\/landioustravel.com\/sv\/shop\/parasailing-resa-sharm-el-sheikh\/#local-main-organization-logo","url":"https:\/\/i0.wp.com\/landioustravel.com\/wp-content\/uploads\/2021\/06\/Landious-T.png?fit=500%2C500&ssl=1","contentUrl":"https:\/\/i0.wp.com\/landioustravel.com\/wp-content\/uploads\/2021\/06\/Landious-T.png?fit=500%2C500&ssl=1","width":500,"height":500,"caption":"Landious Travel"}]}},"jetpack_publicize_connections":[],"uagb_featured_image_src":{"full":["https:\/\/i0.wp.com\/landioustravel.com\/wp-content\/uploads\/2020\/10\/Parasailing-Trip-Sharm-El-Sheikh-e1617559249639.jpg?fit=1200%2C674&ssl=1",1200,674,false],"thumbnail":["https:\/\/i0.wp.com\/landioustravel.com\/wp-content\/uploads\/2020\/10\/Parasailing-Trip-Sharm-El-Sheikh-e1617559249639.jpg?resize=150%2C150&ssl=1",150,150,true],"medium":["https:\/\/i0.wp.com\/landioustravel.com\/wp-content\/uploads\/2020\/10\/Parasailing-Trip-Sharm-El-Sheikh-e1617559249639.jpg?fit=300%2C169&ssl=1",300,169,true],"medium_large":["https:\/\/i0.wp.com\/landioustravel.com\/wp-content\/uploads\/2020\/10\/Parasailing-Trip-Sharm-El-Sheikh-e1617559249639.jpg?fit=768%2C432&ssl=1",768,432,true],"large":["https:\/\/i0.wp.com\/landioustravel.com\/wp-content\/uploads\/2020\/10\/Parasailing-Trip-Sharm-El-Sheikh-e1617559249639.jpg?fit=980%2C551&ssl=1",980,551,true],"1536x1536":["https:\/\/i0.wp.com\/landioustravel.com\/wp-content\/uploads\/2020\/10\/Parasailing-Trip-Sharm-El-Sheikh-e1617559249639.jpg?fit=1536%2C863&ssl=1",1536,863,true],"2048x2048":["https:\/\/i0.wp.com\/landioustravel.com\/wp-content\/uploads\/2020\/10\/Parasailing-Trip-Sharm-El-Sheikh-e1617559249639.jpg?fit=1200%2C674&ssl=1",1200,674,true],"newspack-article-block-landscape-large":["https:\/\/i0.wp.com\/landioustravel.com\/wp-content\/uploads\/2020\/10\/Parasailing-Trip-Sharm-El-Sheikh-e1617559249639.jpg?resize=1200%2C674&ssl=1",1200,865,true],"newspack-article-block-portrait-large":["https:\/\/i0.wp.com\/landioustravel.com\/wp-content\/uploads\/2020\/10\/Parasailing-Trip-Sharm-El-Sheikh-e1617559249639.jpg?resize=900%2C674&ssl=1",900,865,true],"newspack-article-block-square-large":["https:\/\/i0.wp.com\/landioustravel.com\/wp-content\/uploads\/2020\/10\/Parasailing-Trip-Sharm-El-Sheikh-e1617559249639.jpg?resize=1200%2C674&ssl=1",1200,865,true],"newspack-article-block-landscape-medium":["https:\/\/i0.wp.com\/landioustravel.com\/wp-content\/uploads\/2020\/10\/Parasailing-Trip-Sharm-El-Sheikh-e1617559249639.jpg?resize=800%2C600&ssl=1",800,600,true],"newspack-article-block-portrait-medium":["https:\/\/i0.wp.com\/landioustravel.com\/wp-content\/uploads\/2020\/10\/Parasailing-Trip-Sharm-El-Sheikh-e1617559249639.jpg?resize=600%2C674&ssl=1",600,800,true],"newspack-article-block-square-medium":["https:\/\/i0.wp.com\/landioustravel.com\/wp-content\/uploads\/2020\/10\/Parasailing-Trip-Sharm-El-Sheikh-e1617559249639.jpg?resize=800%2C674&ssl=1",800,800,true],"newspack-article-block-landscape-intermediate":["https:\/\/i0.wp.com\/landioustravel.com\/wp-content\/uploads\/2020\/10\/Parasailing-Trip-Sharm-El-Sheikh-e1617559249639.jpg?resize=600%2C450&ssl=1",600,450,true],"newspack-article-block-portrait-intermediate":["https:\/\/i0.wp.com\/landioustravel.com\/wp-content\/uploads\/2020\/10\/Parasailing-Trip-Sharm-El-Sheikh-e1617559249639.jpg?resize=450%2C600&ssl=1",450,600,true],"newspack-article-block-square-intermediate":["https:\/\/i0.wp.com\/landioustravel.com\/wp-content\/uploads\/2020\/10\/Parasailing-Trip-Sharm-El-Sheikh-e1617559249639.jpg?resize=600%2C600&ssl=1",600,600,true],"newspack-article-block-landscape-small":["https:\/\/i0.wp.com\/landioustravel.com\/wp-content\/uploads\/2020\/10\/Parasailing-Trip-Sharm-El-Sheikh-e1617559249639.jpg?resize=400%2C300&ssl=1",400,300,true],"newspack-article-block-portrait-small":["https:\/\/i0.wp.com\/landioustravel.com\/wp-content\/uploads\/2020\/10\/Parasailing-Trip-Sharm-El-Sheikh-e1617559249639.jpg?resize=300%2C400&ssl=1",300,400,true],"newspack-article-block-square-small":["https:\/\/i0.wp.com\/landioustravel.com\/wp-content\/uploads\/2020\/10\/Parasailing-Trip-Sharm-El-Sheikh-e1617559249639.jpg?resize=400%2C400&ssl=1",400,400,true],"newspack-article-block-landscape-tiny":["https:\/\/i0.wp.com\/landioustravel.com\/wp-content\/uploads\/2020\/10\/Parasailing-Trip-Sharm-El-Sheikh-e1617559249639.jpg?resize=200%2C150&ssl=1",200,150,true],"newspack-article-block-portrait-tiny":["https:\/\/i0.wp.com\/landioustravel.com\/wp-content\/uploads\/2020\/10\/Parasailing-Trip-Sharm-El-Sheikh-e1617559249639.jpg?resize=150%2C200&ssl=1",150,200,true],"newspack-article-block-square-tiny":["https:\/\/i0.wp.com\/landioustravel.com\/wp-content\/uploads\/2020\/10\/Parasailing-Trip-Sharm-El-Sheikh-e1617559249639.jpg?resize=200%2C200&ssl=1",200,200,true],"newspack-article-block-uncropped":["https:\/\/i0.wp.com\/landioustravel.com\/wp-content\/uploads\/2020\/10\/Parasailing-Trip-Sharm-El-Sheikh-e1617559249639.jpg?fit=1200%2C674&ssl=1",1200,674,true],"woocommerce_thumbnail":["https:\/\/i0.wp.com\/landioustravel.com\/wp-content\/uploads\/2020\/10\/Parasailing-Trip-Sharm-El-Sheikh-e1617559249639.jpg?resize=324%2C324&ssl=1",324,324,true],"woocommerce_single":["https:\/\/i0.wp.com\/landioustravel.com\/wp-content\/uploads\/2020\/10\/Parasailing-Trip-Sharm-El-Sheikh-e1617559249639.jpg?fit=416%2C234&ssl=1",416,234,true],"woocommerce_gallery_thumbnail":["https:\/\/i0.wp.com\/landioustravel.com\/wp-content\/uploads\/2020\/10\/Parasailing-Trip-Sharm-El-Sheikh-e1617559249639.jpg?resize=100%2C100&ssl=1",100,100,true]},"uagb_author_info":{"display_name":"Mofreh Landious","author_link":"https:\/\/landioustravel.com\/sv\/author\/"},"uagb_comment_info":2,"uagb_excerpt":"Har du n\u00e5gonsin upplevt sp\u00e4nningen med parasailing i Sharm El Sheikh? Det \u00e4r en av de mest fantastiska vattensportaktiviteterna som finns! Du kommer att sv\u00e4va \u00f6ver R\u00f6da havet och ta in den hisnande utsikten \u00f6ver staden och dess n\u00e4rliggande \u00f6ar fr\u00e5n h\u00f6gt upp. Och det b\u00e4sta \u00e4r att du kan g\u00f6ra allt p\u00e5 en privat&hellip;","jetpack_sharing_enabled":true,"jetpack_likes_enabled":true,"amp_enabled":true,"_links":{"self":[{"href":"https:\/\/landioustravel.com\/sv\/wp-json\/wp\/v2\/product\/26047","targetHints":{"allow":["GET"]}}],"collection":[{"href":"https:\/\/landioustravel.com\/sv\/wp-json\/wp\/v2\/product"}],"about":[{"href":"https:\/\/landioustravel.com\/sv\/wp-json\/wp\/v2\/types\/product"}],"replies":[{"embeddable":true,"href":"https:\/\/landioustravel.com\/sv\/wp-json\/wp\/v2\/comments?post=26047"}],"wp:featuredmedia":[{"embeddable":true,"href":"https:\/\/landioustravel.com\/sv\/wp-json\/wp\/v2\/media\/45758"}],"wp:attachment":[{"href":"https:\/\/landioustravel.com\/sv\/wp-json\/wp\/v2\/media?parent=26047"}],"wp:term":[{"taxonomy":"product_brand","embeddable":true,"href":"https:\/\/landioustravel.com\/sv\/wp-json\/wp\/v2\/product_brand?post=26047"},{"taxonomy":"product_cat","embeddable":true,"href":"https:\/\/landioustravel.com\/sv\/wp-json\/wp\/v2\/product_cat?post=26047"},{"taxonomy":"product_tag","embeddable":true,"href":"https:\/\/landioustravel.com\/sv\/wp-json\/wp\/v2\/product_tag?post=26047"}],"curies":[{"name":"wp","href":"https:\/\/api.w.org\/{rel}","templated":true}]}}