{"id":26203,"date":"2020-10-07T04:36:23","date_gmt":"2020-12-10T23:08:21","guid":{"rendered":"https:\/\/landioustravel.com\/?post_type=product&#038;p=26203"},"modified":"2024-06-27T09:08:22","modified_gmt":"2024-06-27T06:08:22","slug":"delfinshow-resa-sharm-sheikh","status":"publish","type":"product","link":"https:\/\/landioustravel.com\/sv\/shop\/delfinshow-resa-sharm-sheikh\/","title":{"rendered":"Delfinshow resa i Sharm El Sheikh"},"content":{"rendered":"<p>Det \u00e4r en favoritutflykt till Dolphinarium i Sharm El Sheikh, Egypten! Vi rekommenderar resan eftersom det till\u00e5ter turister i alla \u00e5ldrar att ha det bra att se den st\u00f6rsta samlingen av marina djur. Det \u00e4r ett perfekt val f\u00f6r barn s\u00e5v\u00e4l som f\u00f6r vuxna att g\u00e5 n\u00e4ra dessa underbara havsdjur och se hur smarta de \u00e4r. Det ger ocks\u00e5 chansen att ta en bild med dem.<\/p>\n<h2>Huvudpunkterna i utflyktsprogrammet till Dolphinarium<\/h2>\n<ul>\n<li>Havsdjurshow<\/li>\n<li>Ta ocks\u00e5 en bild med dessa djur till minne som ett betalt alternativ<\/li>\n<\/ul>\n<h3>Program f\u00f6r utflykten till Dolphinarium i Sharm El Sheikh<\/h3>\n<ul>\n<li>Landious Travel-representant h\u00e4mtar dig fr\u00e5n ditt hotell i Sharm El Sheikh, cirka kl 13:00<\/li>\n<li>Efter att ha h\u00e4mtat alla bes\u00f6kare g\u00e5r bussen till delfinariet. Det tar cirka 30 minuter att f\u00e5 den h\u00e4rliga platsen<\/li>\n<li>I b\u00f6rjan av utflyktsprogrammet visar guiden platsen och var du ska sitta i auditoriet<\/li>\n<li>S\u00e5 snart alla samlas b\u00f6rjar showen i ungef\u00e4r en timme. Du kommer att njuta av en fantastisk d\u00e4ggdjursshow: svarta havsdelfiner, norra p\u00e4lss\u00e4lar, sydamerikanska sj\u00f6lejon och Stillahavsvalross<\/li>\n<li>I slutet av den h\u00e4r fantastiska delfinshowen b\u00f6rjar en bild-CD-briefing. Din tr\u00e4nare kommer att erbjuda dig att ta n\u00e5gra bilder f\u00f6r att memorera dessa h\u00e4rliga stunder. Efter\u00e5t, dessa bilder till dig mot extra kostnad. Priset p\u00e5 det varierar beroende p\u00e5 dess storlek. Det kommer att vara n\u00e5got valfritt att ha det. CD-briefingen p\u00e5g\u00e5r i 30 minuter<\/li>\n<li>Slutligen g\u00e5r v\u00e5r buss tillbaka till dina hotell efter en s\u00e5dan fantastisk resa i delfinariet<\/li>\n<li>Denna &#8221;Dolphin Show Trip in Sharm El Sheikh&#8221; slutar cirka 15:00<\/li>\n<\/ul>\n<h4>Vad ing\u00e5r i resepriset<\/h4>\n<ul>\n<li>\u00d6verf\u00f6r till Dolphin World och tillbaka till hotellet<\/li>\n<li>\u00c4ven entr\u00e9biljetter<\/li>\n<\/ul>\n<h5>Vad ing\u00e5r inte i priset f\u00f6r turn\u00e9n<\/h5>\n<ul>\n<li>Video DVD<\/li>\n<li>\u00c4ven foto-CD<\/li>\n<\/ul>\n<h6>Vad du ska ta med dig f\u00f6r resan<\/h6>\n<ul>\n<li>Solglas\u00f6gon<\/li>\n<\/ul>\n<h6>Dagar med utflyktsorganisation<\/h6>\n<ul>\n<li>Dagligen fr\u00e5n 13:00 &#8211; 15:00<\/li>\n<\/ul>\n","protected":false},"excerpt":{"rendered":"<p>Upplev den mest omfattande samlingen av marina d\u00e4ggdjur i Egypten med en resa till delfinariet i Sharm El Sheikh. F\u00f6rest\u00e4llningen inneh\u00e5ller en sp\u00e4nnande f\u00f6rest\u00e4llning av svartahavsdelfiner, nordliga p\u00e4lss\u00e4lar, sydamerikanska sj\u00f6lejon och Stillahavsvalross. Resans pris inkluderar entr\u00e9biljetter och transfer, vilket g\u00f6r det till ett problemfritt \u00e4ventyr.<\/p>\n<p>Alla, fr\u00e5n barn till vuxna, kan njuta av den v\u00e4ltr\u00e4nade delfinf\u00f6rest\u00e4llningen under en of\u00f6rgl\u00f6mlig timme. Du kommer att bli f\u00f6rtjust av de v\u00e4nliga och akrobatiska delfinerna i Mellan\u00f6stern. Det \u00e4r en upplevelse som lovar att f\u00e5 ett leende p\u00e5 l\u00e4pparna.<\/p>\n<p>N\u00e4r du har bekr\u00e4ftat din resa kommer du att f\u00e5 en bekr\u00e4ftelse via e-post med alla detaljer, inklusive h\u00e4mtningstid och plats. Upph\u00e4mtningstiden \u00e4r runt 14:00, beroende p\u00e5 din hotellplats. Det tar bara 30 minuter fr\u00e5n Nabq Bay och 5 minuter fr\u00e5n El Hadaba f\u00f6r att komma till Dolphin Park.<\/p>\n<p>Vid ankomst till Dolphin Park kommer v\u00e5r representant att guida dig runt och ge dig biljetterna till f\u00f6rest\u00e4llningen. F\u00f6rest\u00e4llningen b\u00f6rjar klockan 15.00 och slutar klockan 16.00. Efter showen kommer delfintr\u00e4naren att erbjuda dig en chans att ta bilder med delfinerna. Du kan v\u00e4lja att k\u00f6pa bilderna i olika storlekar, eller s\u00e5 kan du bara titta p\u00e5 bilderna f\u00f6r hela f\u00f6rest\u00e4llningen gratis. Bildvisningen tar cirka 25 minuter.<\/p>\n<p>V\u00e5r representant kommer att v\u00e4nta p\u00e5 att eskortera dig tillbaka till ditt hotell n\u00e4r showen \u00e4r \u00f6ver. Utflykten inkluderar luftkonditionerad transport och biljetter till Dolphin Show. G\u00f6r dig redo f\u00f6r ett of\u00f6rgl\u00f6mligt \u00e4ventyr!<\/p>\n","protected":false},"featured_media":26204,"comment_status":"open","ping_status":"closed","template":"","meta":{"_coblocks_attr":"","_coblocks_dimensions":"","_coblocks_responsive_height":"","_coblocks_accordion_ie_support":"","_uag_custom_page_level_css":"","jetpack_publicize_message":"","jetpack_publicize_feature_enabled":true,"jetpack_social_post_already_shared":true,"jetpack_social_options":{"image_generator_settings":{"template":"highway","default_image_id":0,"font":"","enabled":false},"version":2},"_wpas_customize_per_network":false},"product_brand":[],"product_cat":[19130,18880],"product_tag":[18995,19026,18998],"class_list":{"0":"post-26203","1":"product","2":"type-product","3":"status-publish","4":"has-post-thumbnail","6":"product_cat-roliga-resor-sharm-sheikh","7":"product_cat-sharm-sheikh-utflykter","8":"product_tag-dolphinarium-sv","9":"product_tag-sharm-sheikh-sv","10":"product_tag-utflykt","11":"pa_age-barn","12":"pa_age-vuxen","14":"first","15":"instock","16":"sale","17":"taxable","18":"shipping-taxable","19":"purchasable","20":"product-type-variable"},"yoast_head":"<!-- This site is optimized with the Yoast SEO Premium plugin v26.9 (Yoast SEO v27.4) - https:\/\/yoast.com\/product\/yoast-seo-premium-wordpress\/ -->\n<title>Delfinshow resa i Sharm El Sheikh<\/title>\n<meta name=\"description\" content=\"Delfinshow resa i Sharm El Sheikh g\u00f6r att du kan se marina d\u00e4ggdjur visa _ den st\u00f6rsta samlingen av marina d\u00e4ggdjur i Egypten. Under showen kommer du att\" \/>\n<meta name=\"robots\" content=\"index, follow, max-snippet:-1, max-image-preview:large, max-video-preview:-1\" \/>\n<link rel=\"canonical\" href=\"https:\/\/landioustravel.com\/sv\/shop\/delfinshow-resa-sharm-sheikh\/\" \/>\n<meta property=\"og:locale\" content=\"sv_SE\" \/>\n<meta property=\"og:type\" content=\"article\" \/>\n<meta property=\"og:title\" content=\"Delfinshow resa i Sharm El Sheikh\" \/>\n<meta property=\"og:description\" content=\"Landious Travel\" \/>\n<meta property=\"og:url\" content=\"https:\/\/landioustravel.com\/sv\/shop\/delfinshow-resa-sharm-sheikh\/\" \/>\n<meta property=\"og:site_name\" content=\"Landious Travel\" \/>\n<meta property=\"article:publisher\" content=\"https:\/\/web.facebook.com\/landiousEgypt\" \/>\n<meta property=\"article:modified_time\" content=\"2024-06-27T06:08:22+00:00\" \/>\n<meta property=\"og:image\" content=\"https:\/\/i0.wp.com\/landioustravel.com\/wp-content\/uploads\/2019\/01\/Entertainment_excursions_in_Hurghada-e1601067807960.jpg?fit=1200%2C674&ssl=1\" \/>\n\t<meta property=\"og:image:width\" content=\"1200\" \/>\n\t<meta property=\"og:image:height\" content=\"674\" \/>\n\t<meta property=\"og:image:type\" content=\"image\/jpeg\" \/>\n<meta name=\"twitter:card\" content=\"summary_large_image\" \/>\n<meta name=\"twitter:site\" content=\"@LandiousTours\" \/>\n<meta name=\"twitter:label1\" content=\"Ber\u00e4knad l\u00e4stid\" \/>\n\t<meta name=\"twitter:data1\" content=\"2 minuter\" \/>\n<script type=\"application\/ld+json\" class=\"yoast-schema-graph\">{\"@context\":\"https:\\\/\\\/schema.org\",\"@graph\":[{\"@type\":\"WebPage\",\"@id\":\"https:\\\/\\\/landioustravel.com\\\/sv\\\/shop\\\/delfinshow-resa-sharm-sheikh\\\/\",\"url\":\"https:\\\/\\\/landioustravel.com\\\/sv\\\/shop\\\/delfinshow-resa-sharm-sheikh\\\/\",\"name\":\"Delfinshow resa i Sharm El Sheikh\",\"isPartOf\":{\"@id\":\"https:\\\/\\\/landioustravel.com\\\/sv\\\/#website\"},\"primaryImageOfPage\":{\"@id\":\"https:\\\/\\\/landioustravel.com\\\/sv\\\/shop\\\/delfinshow-resa-sharm-sheikh\\\/#primaryimage\"},\"image\":{\"@id\":\"https:\\\/\\\/landioustravel.com\\\/sv\\\/shop\\\/delfinshow-resa-sharm-sheikh\\\/#primaryimage\"},\"thumbnailUrl\":\"https:\\\/\\\/i0.wp.com\\\/landioustravel.com\\\/wp-content\\\/uploads\\\/2019\\\/01\\\/Entertainment_excursions_in_Hurghada-e1601067807960.jpg?fit=1200%2C674&ssl=1\",\"datePublished\":\"2020-12-10T23:08:21+00:00\",\"dateModified\":\"2024-06-27T06:08:22+00:00\",\"description\":\"Delfinshow resa i Sharm El Sheikh g\u00f6r att du kan se marina d\u00e4ggdjur visa _ den st\u00f6rsta samlingen av marina d\u00e4ggdjur i Egypten. Under showen kommer du att\",\"breadcrumb\":{\"@id\":\"https:\\\/\\\/landioustravel.com\\\/sv\\\/shop\\\/delfinshow-resa-sharm-sheikh\\\/#breadcrumb\"},\"inLanguage\":\"sv-SE\",\"potentialAction\":[{\"@type\":\"ReadAction\",\"target\":[\"https:\\\/\\\/landioustravel.com\\\/sv\\\/shop\\\/delfinshow-resa-sharm-sheikh\\\/\"]}]},{\"@type\":\"ImageObject\",\"inLanguage\":\"sv-SE\",\"@id\":\"https:\\\/\\\/landioustravel.com\\\/sv\\\/shop\\\/delfinshow-resa-sharm-sheikh\\\/#primaryimage\",\"url\":\"https:\\\/\\\/i0.wp.com\\\/landioustravel.com\\\/wp-content\\\/uploads\\\/2019\\\/01\\\/Entertainment_excursions_in_Hurghada-e1601067807960.jpg?fit=1200%2C674&ssl=1\",\"contentUrl\":\"https:\\\/\\\/i0.wp.com\\\/landioustravel.com\\\/wp-content\\\/uploads\\\/2019\\\/01\\\/Entertainment_excursions_in_Hurghada-e1601067807960.jpg?fit=1200%2C674&ssl=1\",\"width\":1200,\"height\":674,\"caption\":\"Entertainment excursions in Hurghada\"},{\"@type\":\"BreadcrumbList\",\"@id\":\"https:\\\/\\\/landioustravel.com\\\/sv\\\/shop\\\/delfinshow-resa-sharm-sheikh\\\/#breadcrumb\",\"itemListElement\":[{\"@type\":\"ListItem\",\"position\":1,\"name\":\"Home\",\"item\":\"https:\\\/\\\/landioustravel.com\\\/sv\\\/\"},{\"@type\":\"ListItem\",\"position\":2,\"name\":\"Tj\u00e4nster &#038; turer\",\"item\":\"https:\\\/\\\/landioustravel.com\\\/sv\\\/\"},{\"@type\":\"ListItem\",\"position\":3,\"name\":\"Delfinshow resa i Sharm El Sheikh\"}]},{\"@type\":\"WebSite\",\"@id\":\"https:\\\/\\\/landioustravel.com\\\/sv\\\/#website\",\"url\":\"https:\\\/\\\/landioustravel.com\\\/sv\\\/\",\"name\":\"Landious Travel\",\"description\":\"Excursions, trips and cruises in Egypt\",\"publisher\":{\"@id\":\"https:\\\/\\\/landioustravel.com\\\/sv\\\/#organization\"},\"potentialAction\":[{\"@type\":\"SearchAction\",\"target\":{\"@type\":\"EntryPoint\",\"urlTemplate\":\"https:\\\/\\\/landioustravel.com\\\/sv\\\/?s={search_term_string}\"},\"query-input\":{\"@type\":\"PropertyValueSpecification\",\"valueRequired\":true,\"valueName\":\"search_term_string\"}}],\"inLanguage\":\"sv-SE\"},{\"@type\":[\"Organization\",\"Place\"],\"@id\":\"https:\\\/\\\/landioustravel.com\\\/sv\\\/#organization\",\"name\":\"Landious Travel\",\"alternateName\":\"Landious Travel\",\"url\":\"https:\\\/\\\/landioustravel.com\\\/sv\\\/\",\"logo\":{\"@id\":\"https:\\\/\\\/landioustravel.com\\\/sv\\\/shop\\\/delfinshow-resa-sharm-sheikh\\\/#local-main-organization-logo\"},\"image\":{\"@id\":\"https:\\\/\\\/landioustravel.com\\\/sv\\\/shop\\\/delfinshow-resa-sharm-sheikh\\\/#local-main-organization-logo\"},\"sameAs\":[\"https:\\\/\\\/web.facebook.com\\\/landiousEgypt\",\"https:\\\/\\\/x.com\\\/LandiousTours\",\"https:\\\/\\\/mastodon.social\\\/@landious\"],\"legalName\":\"Landious Travel\",\"telephone\":[],\"openingHoursSpecification\":[{\"@type\":\"OpeningHoursSpecification\",\"dayOfWeek\":[\"Monday\",\"Tuesday\",\"Wednesday\",\"Thursday\",\"Friday\",\"Saturday\",\"Sunday\"],\"opens\":\"09:00\",\"closes\":\"17:00\"}]},{\"@type\":\"ImageObject\",\"inLanguage\":\"sv-SE\",\"@id\":\"https:\\\/\\\/landioustravel.com\\\/sv\\\/shop\\\/delfinshow-resa-sharm-sheikh\\\/#local-main-organization-logo\",\"url\":\"https:\\\/\\\/i0.wp.com\\\/landioustravel.com\\\/wp-content\\\/uploads\\\/2021\\\/06\\\/Landious-T.png?fit=500%2C500&ssl=1\",\"contentUrl\":\"https:\\\/\\\/i0.wp.com\\\/landioustravel.com\\\/wp-content\\\/uploads\\\/2021\\\/06\\\/Landious-T.png?fit=500%2C500&ssl=1\",\"width\":500,\"height\":500,\"caption\":\"Landious Travel\"}]}<\/script>\n<!-- \/ Yoast SEO Premium plugin. -->","yoast_head_json":{"title":"Delfinshow resa i Sharm El Sheikh","description":"Delfinshow resa i Sharm El Sheikh g\u00f6r att du kan se marina d\u00e4ggdjur visa _ den st\u00f6rsta samlingen av marina d\u00e4ggdjur i Egypten. Under showen kommer du att","robots":{"index":"index","follow":"follow","max-snippet":"max-snippet:-1","max-image-preview":"max-image-preview:large","max-video-preview":"max-video-preview:-1"},"canonical":"https:\/\/landioustravel.com\/sv\/shop\/delfinshow-resa-sharm-sheikh\/","og_locale":"sv_SE","og_type":"article","og_title":"Delfinshow resa i Sharm El Sheikh","og_description":"Landious Travel","og_url":"https:\/\/landioustravel.com\/sv\/shop\/delfinshow-resa-sharm-sheikh\/","og_site_name":"Landious Travel","article_publisher":"https:\/\/web.facebook.com\/landiousEgypt","article_modified_time":"2024-06-27T06:08:22+00:00","og_image":[{"width":1200,"height":674,"url":"https:\/\/i0.wp.com\/landioustravel.com\/wp-content\/uploads\/2019\/01\/Entertainment_excursions_in_Hurghada-e1601067807960.jpg?fit=1200%2C674&ssl=1","type":"image\/jpeg"}],"twitter_card":"summary_large_image","twitter_site":"@LandiousTours","twitter_misc":{"Ber\u00e4knad l\u00e4stid":"2 minuter"},"schema":{"@context":"https:\/\/schema.org","@graph":[{"@type":"WebPage","@id":"https:\/\/landioustravel.com\/sv\/shop\/delfinshow-resa-sharm-sheikh\/","url":"https:\/\/landioustravel.com\/sv\/shop\/delfinshow-resa-sharm-sheikh\/","name":"Delfinshow resa i Sharm El Sheikh","isPartOf":{"@id":"https:\/\/landioustravel.com\/sv\/#website"},"primaryImageOfPage":{"@id":"https:\/\/landioustravel.com\/sv\/shop\/delfinshow-resa-sharm-sheikh\/#primaryimage"},"image":{"@id":"https:\/\/landioustravel.com\/sv\/shop\/delfinshow-resa-sharm-sheikh\/#primaryimage"},"thumbnailUrl":"https:\/\/i0.wp.com\/landioustravel.com\/wp-content\/uploads\/2019\/01\/Entertainment_excursions_in_Hurghada-e1601067807960.jpg?fit=1200%2C674&ssl=1","datePublished":"2020-12-10T23:08:21+00:00","dateModified":"2024-06-27T06:08:22+00:00","description":"Delfinshow resa i Sharm El Sheikh g\u00f6r att du kan se marina d\u00e4ggdjur visa _ den st\u00f6rsta samlingen av marina d\u00e4ggdjur i Egypten. Under showen kommer du att","breadcrumb":{"@id":"https:\/\/landioustravel.com\/sv\/shop\/delfinshow-resa-sharm-sheikh\/#breadcrumb"},"inLanguage":"sv-SE","potentialAction":[{"@type":"ReadAction","target":["https:\/\/landioustravel.com\/sv\/shop\/delfinshow-resa-sharm-sheikh\/"]}]},{"@type":"ImageObject","inLanguage":"sv-SE","@id":"https:\/\/landioustravel.com\/sv\/shop\/delfinshow-resa-sharm-sheikh\/#primaryimage","url":"https:\/\/i0.wp.com\/landioustravel.com\/wp-content\/uploads\/2019\/01\/Entertainment_excursions_in_Hurghada-e1601067807960.jpg?fit=1200%2C674&ssl=1","contentUrl":"https:\/\/i0.wp.com\/landioustravel.com\/wp-content\/uploads\/2019\/01\/Entertainment_excursions_in_Hurghada-e1601067807960.jpg?fit=1200%2C674&ssl=1","width":1200,"height":674,"caption":"Entertainment excursions in Hurghada"},{"@type":"BreadcrumbList","@id":"https:\/\/landioustravel.com\/sv\/shop\/delfinshow-resa-sharm-sheikh\/#breadcrumb","itemListElement":[{"@type":"ListItem","position":1,"name":"Home","item":"https:\/\/landioustravel.com\/sv\/"},{"@type":"ListItem","position":2,"name":"Tj\u00e4nster &#038; turer","item":"https:\/\/landioustravel.com\/sv\/"},{"@type":"ListItem","position":3,"name":"Delfinshow resa i Sharm El Sheikh"}]},{"@type":"WebSite","@id":"https:\/\/landioustravel.com\/sv\/#website","url":"https:\/\/landioustravel.com\/sv\/","name":"Landious Travel","description":"Excursions, trips and cruises in Egypt","publisher":{"@id":"https:\/\/landioustravel.com\/sv\/#organization"},"potentialAction":[{"@type":"SearchAction","target":{"@type":"EntryPoint","urlTemplate":"https:\/\/landioustravel.com\/sv\/?s={search_term_string}"},"query-input":{"@type":"PropertyValueSpecification","valueRequired":true,"valueName":"search_term_string"}}],"inLanguage":"sv-SE"},{"@type":["Organization","Place"],"@id":"https:\/\/landioustravel.com\/sv\/#organization","name":"Landious Travel","alternateName":"Landious Travel","url":"https:\/\/landioustravel.com\/sv\/","logo":{"@id":"https:\/\/landioustravel.com\/sv\/shop\/delfinshow-resa-sharm-sheikh\/#local-main-organization-logo"},"image":{"@id":"https:\/\/landioustravel.com\/sv\/shop\/delfinshow-resa-sharm-sheikh\/#local-main-organization-logo"},"sameAs":["https:\/\/web.facebook.com\/landiousEgypt","https:\/\/x.com\/LandiousTours","https:\/\/mastodon.social\/@landious"],"legalName":"Landious Travel","telephone":[],"openingHoursSpecification":[{"@type":"OpeningHoursSpecification","dayOfWeek":["Monday","Tuesday","Wednesday","Thursday","Friday","Saturday","Sunday"],"opens":"09:00","closes":"17:00"}]},{"@type":"ImageObject","inLanguage":"sv-SE","@id":"https:\/\/landioustravel.com\/sv\/shop\/delfinshow-resa-sharm-sheikh\/#local-main-organization-logo","url":"https:\/\/i0.wp.com\/landioustravel.com\/wp-content\/uploads\/2021\/06\/Landious-T.png?fit=500%2C500&ssl=1","contentUrl":"https:\/\/i0.wp.com\/landioustravel.com\/wp-content\/uploads\/2021\/06\/Landious-T.png?fit=500%2C500&ssl=1","width":500,"height":500,"caption":"Landious Travel"}]}},"jetpack_publicize_connections":[],"uagb_featured_image_src":{"full":["https:\/\/i0.wp.com\/landioustravel.com\/wp-content\/uploads\/2019\/01\/Entertainment_excursions_in_Hurghada-e1601067807960.jpg?fit=1200%2C674&ssl=1",1200,674,false],"thumbnail":["https:\/\/i0.wp.com\/landioustravel.com\/wp-content\/uploads\/2019\/01\/Entertainment_excursions_in_Hurghada-e1601067807960.jpg?resize=150%2C150&ssl=1",150,150,true],"medium":["https:\/\/i0.wp.com\/landioustravel.com\/wp-content\/uploads\/2019\/01\/Entertainment_excursions_in_Hurghada-e1601067807960.jpg?fit=300%2C169&ssl=1",300,169,true],"medium_large":["https:\/\/i0.wp.com\/landioustravel.com\/wp-content\/uploads\/2019\/01\/Entertainment_excursions_in_Hurghada-e1601067807960.jpg?fit=768%2C431&ssl=1",768,431,true],"large":["https:\/\/i0.wp.com\/landioustravel.com\/wp-content\/uploads\/2019\/01\/Entertainment_excursions_in_Hurghada-e1601067807960.jpg?fit=980%2C550&ssl=1",980,550,true],"1536x1536":["https:\/\/i0.wp.com\/landioustravel.com\/wp-content\/uploads\/2019\/01\/Entertainment_excursions_in_Hurghada-e1601067807960.jpg?fit=1200%2C674&ssl=1",1200,674,true],"2048x2048":["https:\/\/i0.wp.com\/landioustravel.com\/wp-content\/uploads\/2019\/01\/Entertainment_excursions_in_Hurghada-e1601067807960.jpg?fit=1200%2C674&ssl=1",1200,674,true],"newspack-article-block-landscape-large":["https:\/\/i0.wp.com\/landioustravel.com\/wp-content\/uploads\/2019\/01\/Entertainment_excursions_in_Hurghada-e1601067807960.jpg?resize=1200%2C674&ssl=1",1200,674,true],"newspack-article-block-portrait-large":["https:\/\/i0.wp.com\/landioustravel.com\/wp-content\/uploads\/2019\/01\/Entertainment_excursions_in_Hurghada-e1601067807960.jpg?resize=900%2C674&ssl=1",900,674,true],"newspack-article-block-square-large":["https:\/\/i0.wp.com\/landioustravel.com\/wp-content\/uploads\/2019\/01\/Entertainment_excursions_in_Hurghada-e1601067807960.jpg?resize=1200%2C674&ssl=1",1200,674,true],"newspack-article-block-landscape-medium":["https:\/\/i0.wp.com\/landioustravel.com\/wp-content\/uploads\/2019\/01\/Entertainment_excursions_in_Hurghada-e1601067807960.jpg?resize=800%2C600&ssl=1",800,600,true],"newspack-article-block-portrait-medium":["https:\/\/i0.wp.com\/landioustravel.com\/wp-content\/uploads\/2019\/01\/Entertainment_excursions_in_Hurghada-e1601067807960.jpg?resize=600%2C674&ssl=1",600,674,true],"newspack-article-block-square-medium":["https:\/\/i0.wp.com\/landioustravel.com\/wp-content\/uploads\/2019\/01\/Entertainment_excursions_in_Hurghada-e1601067807960.jpg?resize=800%2C674&ssl=1",800,674,true],"newspack-article-block-landscape-intermediate":["https:\/\/i0.wp.com\/landioustravel.com\/wp-content\/uploads\/2019\/01\/Entertainment_excursions_in_Hurghada-e1601067807960.jpg?resize=600%2C450&ssl=1",600,450,true],"newspack-article-block-portrait-intermediate":["https:\/\/i0.wp.com\/landioustravel.com\/wp-content\/uploads\/2019\/01\/Entertainment_excursions_in_Hurghada-e1601067807960.jpg?resize=450%2C600&ssl=1",450,600,true],"newspack-article-block-square-intermediate":["https:\/\/i0.wp.com\/landioustravel.com\/wp-content\/uploads\/2019\/01\/Entertainment_excursions_in_Hurghada-e1601067807960.jpg?resize=600%2C600&ssl=1",600,600,true],"newspack-article-block-landscape-small":["https:\/\/i0.wp.com\/landioustravel.com\/wp-content\/uploads\/2019\/01\/Entertainment_excursions_in_Hurghada-e1601067807960.jpg?resize=400%2C300&ssl=1",400,300,true],"newspack-article-block-portrait-small":["https:\/\/i0.wp.com\/landioustravel.com\/wp-content\/uploads\/2019\/01\/Entertainment_excursions_in_Hurghada-e1601067807960.jpg?resize=300%2C400&ssl=1",300,400,true],"newspack-article-block-square-small":["https:\/\/i0.wp.com\/landioustravel.com\/wp-content\/uploads\/2019\/01\/Entertainment_excursions_in_Hurghada-e1601067807960.jpg?resize=400%2C400&ssl=1",400,400,true],"newspack-article-block-landscape-tiny":["https:\/\/i0.wp.com\/landioustravel.com\/wp-content\/uploads\/2019\/01\/Entertainment_excursions_in_Hurghada-e1601067807960.jpg?resize=200%2C150&ssl=1",200,150,true],"newspack-article-block-portrait-tiny":["https:\/\/i0.wp.com\/landioustravel.com\/wp-content\/uploads\/2019\/01\/Entertainment_excursions_in_Hurghada-e1601067807960.jpg?resize=150%2C200&ssl=1",150,200,true],"newspack-article-block-square-tiny":["https:\/\/i0.wp.com\/landioustravel.com\/wp-content\/uploads\/2019\/01\/Entertainment_excursions_in_Hurghada-e1601067807960.jpg?resize=200%2C200&ssl=1",200,200,true],"newspack-article-block-uncropped":["https:\/\/i0.wp.com\/landioustravel.com\/wp-content\/uploads\/2019\/01\/Entertainment_excursions_in_Hurghada-e1601067807960.jpg?fit=1200%2C674&ssl=1",1200,674,true],"woocommerce_thumbnail":["https:\/\/i0.wp.com\/landioustravel.com\/wp-content\/uploads\/2019\/01\/Entertainment_excursions_in_Hurghada-e1601067807960.jpg?resize=324%2C324&ssl=1",324,324,true],"woocommerce_single":["https:\/\/i0.wp.com\/landioustravel.com\/wp-content\/uploads\/2019\/01\/Entertainment_excursions_in_Hurghada-e1601067807960.jpg?fit=416%2C234&ssl=1",416,234,true],"woocommerce_gallery_thumbnail":["https:\/\/i0.wp.com\/landioustravel.com\/wp-content\/uploads\/2019\/01\/Entertainment_excursions_in_Hurghada-e1601067807960.jpg?resize=100%2C100&ssl=1",100,100,true]},"uagb_author_info":{"display_name":"Mofreh Landious","author_link":"https:\/\/landioustravel.com\/sv\/author\/"},"uagb_comment_info":1,"uagb_excerpt":"Upplev den mest omfattande samlingen av marina d\u00e4ggdjur i Egypten med en resa till delfinariet i Sharm El Sheikh. F\u00f6rest\u00e4llningen inneh\u00e5ller en sp\u00e4nnande f\u00f6rest\u00e4llning av svartahavsdelfiner, nordliga p\u00e4lss\u00e4lar, sydamerikanska sj\u00f6lejon och Stillahavsvalross. Resans pris inkluderar entr\u00e9biljetter och transfer, vilket g\u00f6r det till ett problemfritt \u00e4ventyr. Alla, fr\u00e5n barn till vuxna, kan njuta av den v\u00e4ltr\u00e4nade&hellip;","jetpack_sharing_enabled":true,"jetpack_likes_enabled":true,"amp_enabled":true,"_links":{"self":[{"href":"https:\/\/landioustravel.com\/sv\/wp-json\/wp\/v2\/product\/26203","targetHints":{"allow":["GET"]}}],"collection":[{"href":"https:\/\/landioustravel.com\/sv\/wp-json\/wp\/v2\/product"}],"about":[{"href":"https:\/\/landioustravel.com\/sv\/wp-json\/wp\/v2\/types\/product"}],"replies":[{"embeddable":true,"href":"https:\/\/landioustravel.com\/sv\/wp-json\/wp\/v2\/comments?post=26203"}],"wp:featuredmedia":[{"embeddable":true,"href":"https:\/\/landioustravel.com\/sv\/wp-json\/wp\/v2\/media\/26204"}],"wp:attachment":[{"href":"https:\/\/landioustravel.com\/sv\/wp-json\/wp\/v2\/media?parent=26203"}],"wp:term":[{"taxonomy":"product_brand","embeddable":true,"href":"https:\/\/landioustravel.com\/sv\/wp-json\/wp\/v2\/product_brand?post=26203"},{"taxonomy":"product_cat","embeddable":true,"href":"https:\/\/landioustravel.com\/sv\/wp-json\/wp\/v2\/product_cat?post=26203"},{"taxonomy":"product_tag","embeddable":true,"href":"https:\/\/landioustravel.com\/sv\/wp-json\/wp\/v2\/product_tag?post=26203"}],"curies":[{"name":"wp","href":"https:\/\/api.w.org\/{rel}","templated":true}]}}