{"id":26252,"date":"2020-10-11T06:25:25","date_gmt":"2020-12-14T17:22:42","guid":{"rendered":"https:\/\/landioustravel.com\/?post_type=product&#038;p=26252"},"modified":"2024-05-30T09:29:46","modified_gmt":"2024-05-30T06:29:46","slug":"dune-buggy-safari-sharm-sheikh","status":"publish","type":"product","link":"https:\/\/landioustravel.com\/sv\/shop\/dune-buggy-safari-sharm-sheikh\/","title":{"rendered":"Dune buggy safari i Sharm El Sheikh"},"content":{"rendered":"<p>Det \u00e4r en mycket aktiv resa f\u00f6r buggyk\u00f6rning i Sharm El Sheikh, Egypten! Verkligen blir det ett fantastiskt s\u00e4tt att uppleva detta sp\u00e4nnande \u00e4ventyr. Vi rekommenderar utflykten &#8221;Dune Buggy Safari in Sharm El Sheikh&#8221; av flera anledningar. Det \u00e4r faktum att den h\u00e4r resan till\u00e5ter turister att tillbringa en bra tid med att k\u00f6ra bilar l\u00e5ngt i \u00f6knen, uppt\u00e4cka naturens charm och l\u00e4ra k\u00e4nna beduinkulturen. Verkligen \u00e4r det en av de b\u00e4sta safari-resorna i Sharm El-Sheikh!<\/p>\n<h2>Huvudpunkterna i utflyktsprogrammet f\u00f6r buggyk\u00f6rning<\/h2>\n<p>Buggy k\u00f6r ett avst\u00e5nd p\u00e5 50 km i \u00f6knen<\/p>\n<p>Kamelridning<\/p>\n<p>Dricker ocks\u00e5 te i beduint\u00e4ltet<\/p>\n<h3>Dune Buggy Safari-program i Sharm el Sheikh<\/h3>\n<ul>\n<li>Landious Travel representant h\u00e4mtar dig fr\u00e5n hotellet i Sharm El Sheikh, klockan 08:00 p\u00e5 morgonen<\/li>\n<li>Efter att ha h\u00e4mtat alla bes\u00f6kare g\u00e5r v\u00e5r minibuss \/ jeep mot \u00f6knen, d\u00e4r det finns en buggybas. Lyckligtvis tar v\u00e4gen till basen cirka 30 minuter<\/li>\n<li>I b\u00f6rjan m\u00e5ste du g\u00f6ra dig redo att l\u00e4gga en halsduk p\u00e5 huvudet, s\u00e4tta hj\u00e4lm och b\u00e4ra solglas\u00f6gon<\/li>\n<li>Sedan kommer v\u00e5ra professionella instrukt\u00f6rer att ge dig instruktioner och kort utbildning om hur du k\u00f6r s\u00e4kert<\/li>\n<li>D\u00e4refter b\u00f6rjar du ditt \u00e4ventyr tv\u00e4rs \u00f6ver \u00f6knen, cirka 25 km till beduinbyn<\/li>\n<li>S\u00e5 snart du anl\u00e4nder till beduinbyen \u00e5ker du p\u00e5 kameler och tar bilder med beduinerna<\/li>\n<li>Efter kameltur f\u00f6ljer guiden dig till beduint\u00e4ltet. D\u00e4r dricker du te och st\u00e4ller dina guide fr\u00e5gor du beh\u00f6ver f\u00f6r att f\u00e5 svar p\u00e5<\/li>\n<li>\u00c5terigen g\u00f6r du dig redo att k\u00f6ra 25 km tillbaka till basen. Normalt tar denna resa p\u00e5 en buggysafari tre timmar<\/li>\n<li>I slutet av denna intressanta aktivitet kommer du att ha en Picture CD-briefing. Naturligtvis kommer det att vara n\u00e5got valfritt att k\u00f6pa en souvenir f\u00f6r detta underbara \u00e4ventyr<\/li>\n<li>Slutligen eskorterar vi dig tillbaka till dina hotell<\/li>\n<li>Denna &#8221;Dune Buggy Safari i Sharm el Sheikh&#8221; slutar klockan 12:00<\/li>\n<\/ul>\n<h4>Vad ing\u00e5r i resepriset<\/h4>\n<ul>\n<li>\u00d6verf\u00f6r till \u00f6knen och tillbaka till hotellet<\/li>\n<\/ul>\n<h5>Vad ing\u00e5r inte i resans pris<\/h5>\n<ul>\n<li>Video DVD<\/li>\n<li>\u00c4ven foto-CD<\/li>\n<\/ul>\n<h6>Vad du ska ta f\u00f6r buggysafari<\/h6>\n<ul>\n<li>Scarf<\/li>\n<li>Ocks\u00e5 solglas\u00f6gon<\/li>\n<\/ul>\n<h6>Dagar med utflyktsorganisation<\/h6>\n<ul>\n<li>Dagligen fr\u00e5n kl. 08.00 till 12.00<\/li>\n<\/ul>\n","protected":false},"excerpt":{"rendered":"<p>G\u00f6r dig redo f\u00f6r ett of\u00f6rgl\u00f6mligt \u00e4ventyr med v\u00e5r &#8221;Buggy Safari in Sharm El Sheikh&#8221;! Sp\u00e4nn upp dig och rusa genom de majest\u00e4tiska sanddynerna i den egyptiska \u00f6knen medan du f\u00f6rdjupar dig i dess f\u00f6rtrollande naturliga underverk och m\u00f6ter det otroliga beduinfolket. Denna sp\u00e4nnande resa \u00e4r inte att missa, och det b\u00e4sta? Din transfer ing\u00e5r i priset!<\/p>\n<p>V\u00e5ra sanddynvagnar \u00e4r det perfekta fordonet f\u00f6r att uppt\u00e4cka \u00f6knens dolda p\u00e4rlor. Snabbare och s\u00e4krare \u00e4n en fyrhjuling, v\u00e5ra barnvagnar kommer med 2 s\u00e4ten f\u00f6r dig och din favoritperson, eller v\u00e4lj v\u00e5r familjevagn med 4 s\u00e4ten! Under 2 timmar kommer du att utforska den stora sk\u00f6nheten i \u00f6knen och stanna vid en beduinby f\u00f6r en uppfriskande kopp te.<\/p>\n<p>Din resa b\u00f6rjar med en upph\u00e4mtning fr\u00e5n ditt hotell i Sharm El Sheikh, och inom 20 minuter kommer du till v\u00e5r Buggy-station. V\u00e5ra erfarna guider ger dig instruktioner om hur du anv\u00e4nder Buggy, och sedan \u00e4r du ig\u00e5ng! Du kommer att zooma genom \u00f6knen i en s\u00e4ker hastighet och f\u00f6lja ledningen av v\u00e5r turn\u00e9eskort. Gl\u00f6m inte att b\u00e4ra en huvudduk f\u00f6r att skydda dig mot damm och sand &#8211; v\u00e5r guide visar dig hur du knyter den ordentligt.<\/p>\n<p>N\u00e4r vi k\u00f6r i rad kommer du att k\u00e4nna sp\u00e4nningen i \u00e4ventyret, och du kommer att g\u00f6ra ett stopp vid beduint\u00e4lt. H\u00e4r kommer du att erbjudas gratis beduint\u00e9 gjort med &#8221;Habak&#8221; &#8211; ett m\u00e5ste-testa!<\/p>\n<p>I slutet av turn\u00e9n kommer du att transporteras tillbaka till ditt hotell. Och om du vill uppleva mer erbjuder vi m\u00f6jligheten att rida p\u00e5 en kamel eller njuta av en beduinmiddag med show mot en extra kostnad. Missa inte detta otroliga \u00e4ventyr! Kontakta oss f\u00f6r mer information.<\/p>\n","protected":false},"featured_media":45726,"comment_status":"open","ping_status":"closed","template":"","meta":{"_coblocks_attr":"","_coblocks_dimensions":"","_coblocks_responsive_height":"","_coblocks_accordion_ie_support":"","_uag_custom_page_level_css":"","jetpack_publicize_message":"","jetpack_publicize_feature_enabled":true,"jetpack_social_post_already_shared":true,"jetpack_social_options":{"image_generator_settings":{"template":"highway","default_image_id":0,"font":"","enabled":false},"version":2},"_wpas_customize_per_network":false},"product_brand":[],"product_cat":[19114,18880],"product_tag":[18978,19018,19026,18998],"class_list":{"0":"post-26252","1":"product","2":"type-product","3":"status-publish","4":"has-post-thumbnail","6":"product_cat-safari-turer-sharm-sheikh","7":"product_cat-sharm-sheikh-utflykter","8":"product_tag-okonsafari","9":"product_tag-en-safari","10":"product_tag-sharm-sheikh-sv","11":"product_tag-utflykt","13":"first","14":"instock","15":"sale","16":"taxable","17":"shipping-taxable","18":"purchasable","19":"product-type-variable"},"yoast_head":"<!-- This site is optimized with the Yoast SEO Premium plugin v26.9 (Yoast SEO v27.4) - https:\/\/yoast.com\/product\/yoast-seo-premium-wordpress\/ -->\n<title>Dune buggy safari i Sharm El Sheikh<\/title>\n<meta name=\"description\" content=\"Dune buggy safari i Sharm El Sheikh kan du njuta av \u00f6knen som k\u00f6r p\u00e5 sanddynerna! Resan l\u00e5ter dig bekanta dig med \u00f6kennaturen i Egypten och tr\u00e4ffa \u00f6knens\" \/>\n<meta name=\"robots\" content=\"index, follow, max-snippet:-1, max-image-preview:large, max-video-preview:-1\" \/>\n<link rel=\"canonical\" href=\"https:\/\/landioustravel.com\/sv\/shop\/dune-buggy-safari-sharm-sheikh\/\" \/>\n<meta property=\"og:locale\" content=\"sv_SE\" \/>\n<meta property=\"og:type\" content=\"article\" \/>\n<meta property=\"og:title\" content=\"Dune buggy safari i Sharm El Sheikh\" \/>\n<meta property=\"og:description\" content=\"Landious Travel\" \/>\n<meta property=\"og:url\" content=\"https:\/\/landioustravel.com\/sv\/shop\/dune-buggy-safari-sharm-sheikh\/\" \/>\n<meta property=\"og:site_name\" content=\"Landious Travel\" \/>\n<meta property=\"article:publisher\" content=\"https:\/\/web.facebook.com\/landiousEgypt\" \/>\n<meta property=\"article:modified_time\" content=\"2024-05-30T06:29:46+00:00\" \/>\n<meta property=\"og:image\" content=\"https:\/\/i0.wp.com\/landioustravel.com\/wp-content\/uploads\/2020\/10\/Dune-Buggy-Safari-Sharm-El-Sheikh-e1617558120166.jpg?fit=1200%2C675&ssl=1\" \/>\n\t<meta property=\"og:image:width\" content=\"1200\" \/>\n\t<meta property=\"og:image:height\" content=\"675\" \/>\n\t<meta property=\"og:image:type\" content=\"image\/jpeg\" \/>\n<meta name=\"twitter:card\" content=\"summary_large_image\" \/>\n<meta name=\"twitter:site\" content=\"@LandiousTours\" \/>\n<meta name=\"twitter:label1\" content=\"Ber\u00e4knad l\u00e4stid\" \/>\n\t<meta name=\"twitter:data1\" content=\"2 minuter\" \/>\n<script type=\"application\/ld+json\" class=\"yoast-schema-graph\">{\"@context\":\"https:\\\/\\\/schema.org\",\"@graph\":[{\"@type\":\"WebPage\",\"@id\":\"https:\\\/\\\/landioustravel.com\\\/sv\\\/shop\\\/dune-buggy-safari-sharm-sheikh\\\/\",\"url\":\"https:\\\/\\\/landioustravel.com\\\/sv\\\/shop\\\/dune-buggy-safari-sharm-sheikh\\\/\",\"name\":\"Dune buggy safari i Sharm El Sheikh\",\"isPartOf\":{\"@id\":\"https:\\\/\\\/landioustravel.com\\\/sv\\\/#website\"},\"primaryImageOfPage\":{\"@id\":\"https:\\\/\\\/landioustravel.com\\\/sv\\\/shop\\\/dune-buggy-safari-sharm-sheikh\\\/#primaryimage\"},\"image\":{\"@id\":\"https:\\\/\\\/landioustravel.com\\\/sv\\\/shop\\\/dune-buggy-safari-sharm-sheikh\\\/#primaryimage\"},\"thumbnailUrl\":\"https:\\\/\\\/i0.wp.com\\\/landioustravel.com\\\/wp-content\\\/uploads\\\/2020\\\/10\\\/Dune-Buggy-Safari-Sharm-El-Sheikh-e1617558120166.jpg?fit=1200%2C675&ssl=1\",\"datePublished\":\"2020-12-14T17:22:42+00:00\",\"dateModified\":\"2024-05-30T06:29:46+00:00\",\"description\":\"Dune buggy safari i Sharm El Sheikh kan du njuta av \u00f6knen som k\u00f6r p\u00e5 sanddynerna! Resan l\u00e5ter dig bekanta dig med \u00f6kennaturen i Egypten och tr\u00e4ffa \u00f6knens\",\"breadcrumb\":{\"@id\":\"https:\\\/\\\/landioustravel.com\\\/sv\\\/shop\\\/dune-buggy-safari-sharm-sheikh\\\/#breadcrumb\"},\"inLanguage\":\"sv-SE\",\"potentialAction\":[{\"@type\":\"ReadAction\",\"target\":[\"https:\\\/\\\/landioustravel.com\\\/sv\\\/shop\\\/dune-buggy-safari-sharm-sheikh\\\/\"]}]},{\"@type\":\"ImageObject\",\"inLanguage\":\"sv-SE\",\"@id\":\"https:\\\/\\\/landioustravel.com\\\/sv\\\/shop\\\/dune-buggy-safari-sharm-sheikh\\\/#primaryimage\",\"url\":\"https:\\\/\\\/i0.wp.com\\\/landioustravel.com\\\/wp-content\\\/uploads\\\/2020\\\/10\\\/Dune-Buggy-Safari-Sharm-El-Sheikh-e1617558120166.jpg?fit=1200%2C675&ssl=1\",\"contentUrl\":\"https:\\\/\\\/i0.wp.com\\\/landioustravel.com\\\/wp-content\\\/uploads\\\/2020\\\/10\\\/Dune-Buggy-Safari-Sharm-El-Sheikh-e1617558120166.jpg?fit=1200%2C675&ssl=1\",\"width\":1200,\"height\":675,\"caption\":\"Dune Buggy Safari Sharm El Sheikh\"},{\"@type\":\"BreadcrumbList\",\"@id\":\"https:\\\/\\\/landioustravel.com\\\/sv\\\/shop\\\/dune-buggy-safari-sharm-sheikh\\\/#breadcrumb\",\"itemListElement\":[{\"@type\":\"ListItem\",\"position\":1,\"name\":\"Home\",\"item\":\"https:\\\/\\\/landioustravel.com\\\/sv\\\/\"},{\"@type\":\"ListItem\",\"position\":2,\"name\":\"Tj\u00e4nster &#038; turer\",\"item\":\"https:\\\/\\\/landioustravel.com\\\/sv\\\/\"},{\"@type\":\"ListItem\",\"position\":3,\"name\":\"Dune buggy safari i Sharm El Sheikh\"}]},{\"@type\":\"WebSite\",\"@id\":\"https:\\\/\\\/landioustravel.com\\\/sv\\\/#website\",\"url\":\"https:\\\/\\\/landioustravel.com\\\/sv\\\/\",\"name\":\"Landious Travel\",\"description\":\"Excursions, trips and cruises in Egypt\",\"publisher\":{\"@id\":\"https:\\\/\\\/landioustravel.com\\\/sv\\\/#organization\"},\"potentialAction\":[{\"@type\":\"SearchAction\",\"target\":{\"@type\":\"EntryPoint\",\"urlTemplate\":\"https:\\\/\\\/landioustravel.com\\\/sv\\\/?s={search_term_string}\"},\"query-input\":{\"@type\":\"PropertyValueSpecification\",\"valueRequired\":true,\"valueName\":\"search_term_string\"}}],\"inLanguage\":\"sv-SE\"},{\"@type\":[\"Organization\",\"Place\"],\"@id\":\"https:\\\/\\\/landioustravel.com\\\/sv\\\/#organization\",\"name\":\"Landious Travel\",\"alternateName\":\"Landious Travel\",\"url\":\"https:\\\/\\\/landioustravel.com\\\/sv\\\/\",\"logo\":{\"@id\":\"https:\\\/\\\/landioustravel.com\\\/sv\\\/shop\\\/dune-buggy-safari-sharm-sheikh\\\/#local-main-organization-logo\"},\"image\":{\"@id\":\"https:\\\/\\\/landioustravel.com\\\/sv\\\/shop\\\/dune-buggy-safari-sharm-sheikh\\\/#local-main-organization-logo\"},\"sameAs\":[\"https:\\\/\\\/web.facebook.com\\\/landiousEgypt\",\"https:\\\/\\\/x.com\\\/LandiousTours\",\"https:\\\/\\\/mastodon.social\\\/@landious\"],\"legalName\":\"Landious Travel\",\"telephone\":[],\"openingHoursSpecification\":[{\"@type\":\"OpeningHoursSpecification\",\"dayOfWeek\":[\"Monday\",\"Tuesday\",\"Wednesday\",\"Thursday\",\"Friday\",\"Saturday\",\"Sunday\"],\"opens\":\"09:00\",\"closes\":\"17:00\"}]},{\"@type\":\"ImageObject\",\"inLanguage\":\"sv-SE\",\"@id\":\"https:\\\/\\\/landioustravel.com\\\/sv\\\/shop\\\/dune-buggy-safari-sharm-sheikh\\\/#local-main-organization-logo\",\"url\":\"https:\\\/\\\/i0.wp.com\\\/landioustravel.com\\\/wp-content\\\/uploads\\\/2021\\\/06\\\/Landious-T.png?fit=500%2C500&ssl=1\",\"contentUrl\":\"https:\\\/\\\/i0.wp.com\\\/landioustravel.com\\\/wp-content\\\/uploads\\\/2021\\\/06\\\/Landious-T.png?fit=500%2C500&ssl=1\",\"width\":500,\"height\":500,\"caption\":\"Landious Travel\"}]}<\/script>\n<!-- \/ Yoast SEO Premium plugin. -->","yoast_head_json":{"title":"Dune buggy safari i Sharm El Sheikh","description":"Dune buggy safari i Sharm El Sheikh kan du njuta av \u00f6knen som k\u00f6r p\u00e5 sanddynerna! Resan l\u00e5ter dig bekanta dig med \u00f6kennaturen i Egypten och tr\u00e4ffa \u00f6knens","robots":{"index":"index","follow":"follow","max-snippet":"max-snippet:-1","max-image-preview":"max-image-preview:large","max-video-preview":"max-video-preview:-1"},"canonical":"https:\/\/landioustravel.com\/sv\/shop\/dune-buggy-safari-sharm-sheikh\/","og_locale":"sv_SE","og_type":"article","og_title":"Dune buggy safari i Sharm El Sheikh","og_description":"Landious Travel","og_url":"https:\/\/landioustravel.com\/sv\/shop\/dune-buggy-safari-sharm-sheikh\/","og_site_name":"Landious Travel","article_publisher":"https:\/\/web.facebook.com\/landiousEgypt","article_modified_time":"2024-05-30T06:29:46+00:00","og_image":[{"width":1200,"height":675,"url":"https:\/\/i0.wp.com\/landioustravel.com\/wp-content\/uploads\/2020\/10\/Dune-Buggy-Safari-Sharm-El-Sheikh-e1617558120166.jpg?fit=1200%2C675&ssl=1","type":"image\/jpeg"}],"twitter_card":"summary_large_image","twitter_site":"@LandiousTours","twitter_misc":{"Ber\u00e4knad l\u00e4stid":"2 minuter"},"schema":{"@context":"https:\/\/schema.org","@graph":[{"@type":"WebPage","@id":"https:\/\/landioustravel.com\/sv\/shop\/dune-buggy-safari-sharm-sheikh\/","url":"https:\/\/landioustravel.com\/sv\/shop\/dune-buggy-safari-sharm-sheikh\/","name":"Dune buggy safari i Sharm El Sheikh","isPartOf":{"@id":"https:\/\/landioustravel.com\/sv\/#website"},"primaryImageOfPage":{"@id":"https:\/\/landioustravel.com\/sv\/shop\/dune-buggy-safari-sharm-sheikh\/#primaryimage"},"image":{"@id":"https:\/\/landioustravel.com\/sv\/shop\/dune-buggy-safari-sharm-sheikh\/#primaryimage"},"thumbnailUrl":"https:\/\/i0.wp.com\/landioustravel.com\/wp-content\/uploads\/2020\/10\/Dune-Buggy-Safari-Sharm-El-Sheikh-e1617558120166.jpg?fit=1200%2C675&ssl=1","datePublished":"2020-12-14T17:22:42+00:00","dateModified":"2024-05-30T06:29:46+00:00","description":"Dune buggy safari i Sharm El Sheikh kan du njuta av \u00f6knen som k\u00f6r p\u00e5 sanddynerna! Resan l\u00e5ter dig bekanta dig med \u00f6kennaturen i Egypten och tr\u00e4ffa \u00f6knens","breadcrumb":{"@id":"https:\/\/landioustravel.com\/sv\/shop\/dune-buggy-safari-sharm-sheikh\/#breadcrumb"},"inLanguage":"sv-SE","potentialAction":[{"@type":"ReadAction","target":["https:\/\/landioustravel.com\/sv\/shop\/dune-buggy-safari-sharm-sheikh\/"]}]},{"@type":"ImageObject","inLanguage":"sv-SE","@id":"https:\/\/landioustravel.com\/sv\/shop\/dune-buggy-safari-sharm-sheikh\/#primaryimage","url":"https:\/\/i0.wp.com\/landioustravel.com\/wp-content\/uploads\/2020\/10\/Dune-Buggy-Safari-Sharm-El-Sheikh-e1617558120166.jpg?fit=1200%2C675&ssl=1","contentUrl":"https:\/\/i0.wp.com\/landioustravel.com\/wp-content\/uploads\/2020\/10\/Dune-Buggy-Safari-Sharm-El-Sheikh-e1617558120166.jpg?fit=1200%2C675&ssl=1","width":1200,"height":675,"caption":"Dune Buggy Safari Sharm El Sheikh"},{"@type":"BreadcrumbList","@id":"https:\/\/landioustravel.com\/sv\/shop\/dune-buggy-safari-sharm-sheikh\/#breadcrumb","itemListElement":[{"@type":"ListItem","position":1,"name":"Home","item":"https:\/\/landioustravel.com\/sv\/"},{"@type":"ListItem","position":2,"name":"Tj\u00e4nster &#038; turer","item":"https:\/\/landioustravel.com\/sv\/"},{"@type":"ListItem","position":3,"name":"Dune buggy safari i Sharm El Sheikh"}]},{"@type":"WebSite","@id":"https:\/\/landioustravel.com\/sv\/#website","url":"https:\/\/landioustravel.com\/sv\/","name":"Landious Travel","description":"Excursions, trips and cruises in Egypt","publisher":{"@id":"https:\/\/landioustravel.com\/sv\/#organization"},"potentialAction":[{"@type":"SearchAction","target":{"@type":"EntryPoint","urlTemplate":"https:\/\/landioustravel.com\/sv\/?s={search_term_string}"},"query-input":{"@type":"PropertyValueSpecification","valueRequired":true,"valueName":"search_term_string"}}],"inLanguage":"sv-SE"},{"@type":["Organization","Place"],"@id":"https:\/\/landioustravel.com\/sv\/#organization","name":"Landious Travel","alternateName":"Landious Travel","url":"https:\/\/landioustravel.com\/sv\/","logo":{"@id":"https:\/\/landioustravel.com\/sv\/shop\/dune-buggy-safari-sharm-sheikh\/#local-main-organization-logo"},"image":{"@id":"https:\/\/landioustravel.com\/sv\/shop\/dune-buggy-safari-sharm-sheikh\/#local-main-organization-logo"},"sameAs":["https:\/\/web.facebook.com\/landiousEgypt","https:\/\/x.com\/LandiousTours","https:\/\/mastodon.social\/@landious"],"legalName":"Landious Travel","telephone":[],"openingHoursSpecification":[{"@type":"OpeningHoursSpecification","dayOfWeek":["Monday","Tuesday","Wednesday","Thursday","Friday","Saturday","Sunday"],"opens":"09:00","closes":"17:00"}]},{"@type":"ImageObject","inLanguage":"sv-SE","@id":"https:\/\/landioustravel.com\/sv\/shop\/dune-buggy-safari-sharm-sheikh\/#local-main-organization-logo","url":"https:\/\/i0.wp.com\/landioustravel.com\/wp-content\/uploads\/2021\/06\/Landious-T.png?fit=500%2C500&ssl=1","contentUrl":"https:\/\/i0.wp.com\/landioustravel.com\/wp-content\/uploads\/2021\/06\/Landious-T.png?fit=500%2C500&ssl=1","width":500,"height":500,"caption":"Landious Travel"}]}},"jetpack_publicize_connections":[],"uagb_featured_image_src":{"full":["https:\/\/i0.wp.com\/landioustravel.com\/wp-content\/uploads\/2020\/10\/Dune-Buggy-Safari-Sharm-El-Sheikh-e1617558120166.jpg?fit=1200%2C675&ssl=1",1200,675,false],"thumbnail":["https:\/\/i0.wp.com\/landioustravel.com\/wp-content\/uploads\/2020\/10\/Dune-Buggy-Safari-Sharm-El-Sheikh-e1617558120166.jpg?resize=150%2C150&ssl=1",150,150,true],"medium":["https:\/\/i0.wp.com\/landioustravel.com\/wp-content\/uploads\/2020\/10\/Dune-Buggy-Safari-Sharm-El-Sheikh-e1617558120166.jpg?fit=300%2C169&ssl=1",300,169,true],"medium_large":["https:\/\/i0.wp.com\/landioustravel.com\/wp-content\/uploads\/2020\/10\/Dune-Buggy-Safari-Sharm-El-Sheikh-e1617558120166.jpg?fit=768%2C432&ssl=1",768,432,true],"large":["https:\/\/i0.wp.com\/landioustravel.com\/wp-content\/uploads\/2020\/10\/Dune-Buggy-Safari-Sharm-El-Sheikh-e1617558120166.jpg?fit=980%2C551&ssl=1",980,551,true],"1536x1536":["https:\/\/i0.wp.com\/landioustravel.com\/wp-content\/uploads\/2020\/10\/Dune-Buggy-Safari-Sharm-El-Sheikh-e1617558120166.jpg?fit=1200%2C675&ssl=1",1200,675,true],"2048x2048":["https:\/\/i0.wp.com\/landioustravel.com\/wp-content\/uploads\/2020\/10\/Dune-Buggy-Safari-Sharm-El-Sheikh-e1617558120166.jpg?fit=1200%2C675&ssl=1",1200,675,true],"newspack-article-block-landscape-large":["https:\/\/i0.wp.com\/landioustravel.com\/wp-content\/uploads\/2020\/10\/Dune-Buggy-Safari-Sharm-El-Sheikh-e1617558120166.jpg?resize=1200%2C675&ssl=1",1200,801,true],"newspack-article-block-portrait-large":["https:\/\/i0.wp.com\/landioustravel.com\/wp-content\/uploads\/2020\/10\/Dune-Buggy-Safari-Sharm-El-Sheikh-e1617558120166.jpg?resize=900%2C675&ssl=1",900,801,true],"newspack-article-block-square-large":["https:\/\/i0.wp.com\/landioustravel.com\/wp-content\/uploads\/2020\/10\/Dune-Buggy-Safari-Sharm-El-Sheikh-e1617558120166.jpg?resize=1200%2C675&ssl=1",1200,801,true],"newspack-article-block-landscape-medium":["https:\/\/i0.wp.com\/landioustravel.com\/wp-content\/uploads\/2020\/10\/Dune-Buggy-Safari-Sharm-El-Sheikh-e1617558120166.jpg?resize=800%2C600&ssl=1",800,600,true],"newspack-article-block-portrait-medium":["https:\/\/i0.wp.com\/landioustravel.com\/wp-content\/uploads\/2020\/10\/Dune-Buggy-Safari-Sharm-El-Sheikh-e1617558120166.jpg?resize=600%2C675&ssl=1",600,800,true],"newspack-article-block-square-medium":["https:\/\/i0.wp.com\/landioustravel.com\/wp-content\/uploads\/2020\/10\/Dune-Buggy-Safari-Sharm-El-Sheikh-e1617558120166.jpg?resize=800%2C675&ssl=1",800,800,true],"newspack-article-block-landscape-intermediate":["https:\/\/i0.wp.com\/landioustravel.com\/wp-content\/uploads\/2020\/10\/Dune-Buggy-Safari-Sharm-El-Sheikh-e1617558120166.jpg?resize=600%2C450&ssl=1",600,450,true],"newspack-article-block-portrait-intermediate":["https:\/\/i0.wp.com\/landioustravel.com\/wp-content\/uploads\/2020\/10\/Dune-Buggy-Safari-Sharm-El-Sheikh-e1617558120166.jpg?resize=450%2C600&ssl=1",450,600,true],"newspack-article-block-square-intermediate":["https:\/\/i0.wp.com\/landioustravel.com\/wp-content\/uploads\/2020\/10\/Dune-Buggy-Safari-Sharm-El-Sheikh-e1617558120166.jpg?resize=600%2C600&ssl=1",600,600,true],"newspack-article-block-landscape-small":["https:\/\/i0.wp.com\/landioustravel.com\/wp-content\/uploads\/2020\/10\/Dune-Buggy-Safari-Sharm-El-Sheikh-e1617558120166.jpg?resize=400%2C300&ssl=1",400,300,true],"newspack-article-block-portrait-small":["https:\/\/i0.wp.com\/landioustravel.com\/wp-content\/uploads\/2020\/10\/Dune-Buggy-Safari-Sharm-El-Sheikh-e1617558120166.jpg?resize=300%2C400&ssl=1",300,400,true],"newspack-article-block-square-small":["https:\/\/i0.wp.com\/landioustravel.com\/wp-content\/uploads\/2020\/10\/Dune-Buggy-Safari-Sharm-El-Sheikh-e1617558120166.jpg?resize=400%2C400&ssl=1",400,400,true],"newspack-article-block-landscape-tiny":["https:\/\/i0.wp.com\/landioustravel.com\/wp-content\/uploads\/2020\/10\/Dune-Buggy-Safari-Sharm-El-Sheikh-e1617558120166.jpg?resize=200%2C150&ssl=1",200,150,true],"newspack-article-block-portrait-tiny":["https:\/\/i0.wp.com\/landioustravel.com\/wp-content\/uploads\/2020\/10\/Dune-Buggy-Safari-Sharm-El-Sheikh-e1617558120166.jpg?resize=150%2C200&ssl=1",150,200,true],"newspack-article-block-square-tiny":["https:\/\/i0.wp.com\/landioustravel.com\/wp-content\/uploads\/2020\/10\/Dune-Buggy-Safari-Sharm-El-Sheikh-e1617558120166.jpg?resize=200%2C200&ssl=1",200,200,true],"newspack-article-block-uncropped":["https:\/\/i0.wp.com\/landioustravel.com\/wp-content\/uploads\/2020\/10\/Dune-Buggy-Safari-Sharm-El-Sheikh-e1617558120166.jpg?fit=1200%2C675&ssl=1",1200,675,true],"woocommerce_thumbnail":["https:\/\/i0.wp.com\/landioustravel.com\/wp-content\/uploads\/2020\/10\/Dune-Buggy-Safari-Sharm-El-Sheikh-e1617558120166.jpg?resize=324%2C324&ssl=1",324,324,true],"woocommerce_single":["https:\/\/i0.wp.com\/landioustravel.com\/wp-content\/uploads\/2020\/10\/Dune-Buggy-Safari-Sharm-El-Sheikh-e1617558120166.jpg?fit=416%2C234&ssl=1",416,234,true],"woocommerce_gallery_thumbnail":["https:\/\/i0.wp.com\/landioustravel.com\/wp-content\/uploads\/2020\/10\/Dune-Buggy-Safari-Sharm-El-Sheikh-e1617558120166.jpg?resize=100%2C100&ssl=1",100,100,true]},"uagb_author_info":{"display_name":"Mofreh Landious","author_link":"https:\/\/landioustravel.com\/sv\/author\/"},"uagb_comment_info":3,"uagb_excerpt":"G\u00f6r dig redo f\u00f6r ett of\u00f6rgl\u00f6mligt \u00e4ventyr med v\u00e5r \"Buggy Safari in Sharm El Sheikh\"! Sp\u00e4nn upp dig och rusa genom de majest\u00e4tiska sanddynerna i den egyptiska \u00f6knen medan du f\u00f6rdjupar dig i dess f\u00f6rtrollande naturliga underverk och m\u00f6ter det otroliga beduinfolket. Denna sp\u00e4nnande resa \u00e4r inte att missa, och det b\u00e4sta? Din transfer ing\u00e5r&hellip;","jetpack_sharing_enabled":true,"jetpack_likes_enabled":true,"amp_enabled":true,"_links":{"self":[{"href":"https:\/\/landioustravel.com\/sv\/wp-json\/wp\/v2\/product\/26252","targetHints":{"allow":["GET"]}}],"collection":[{"href":"https:\/\/landioustravel.com\/sv\/wp-json\/wp\/v2\/product"}],"about":[{"href":"https:\/\/landioustravel.com\/sv\/wp-json\/wp\/v2\/types\/product"}],"replies":[{"embeddable":true,"href":"https:\/\/landioustravel.com\/sv\/wp-json\/wp\/v2\/comments?post=26252"}],"wp:featuredmedia":[{"embeddable":true,"href":"https:\/\/landioustravel.com\/sv\/wp-json\/wp\/v2\/media\/45726"}],"wp:attachment":[{"href":"https:\/\/landioustravel.com\/sv\/wp-json\/wp\/v2\/media?parent=26252"}],"wp:term":[{"taxonomy":"product_brand","embeddable":true,"href":"https:\/\/landioustravel.com\/sv\/wp-json\/wp\/v2\/product_brand?post=26252"},{"taxonomy":"product_cat","embeddable":true,"href":"https:\/\/landioustravel.com\/sv\/wp-json\/wp\/v2\/product_cat?post=26252"},{"taxonomy":"product_tag","embeddable":true,"href":"https:\/\/landioustravel.com\/sv\/wp-json\/wp\/v2\/product_tag?post=26252"}],"curies":[{"name":"wp","href":"https:\/\/api.w.org\/{rel}","templated":true}]}}