{"id":26269,"date":"2019-09-01T12:31:20","date_gmt":"2020-12-15T08:53:22","guid":{"rendered":"https:\/\/landioustravel.com\/?post_type=product&#038;p=26269"},"modified":"2024-05-15T02:42:10","modified_gmt":"2024-05-14T23:42:10","slug":"tre-timmars-motorsafari-safaga","status":"publish","type":"product","link":"https:\/\/landioustravel.com\/sv\/shop\/tre-timmars-motorsafari-safaga\/","title":{"rendered":"Tre timmars motorsafari i Safaga"},"content":{"rendered":"<p>Under \u00f6knens safari-resa &#8221;Three Hours Moto Safari in Safaga, Egypt&#8221; kan du njuta av fyrhjuling p\u00e5 50 km! Resan l\u00e5ter dig njuta av b\u00e5de \u00f6knenaturen i Egypten och havsutsikten! Vi rekommenderar det h\u00e4r programmet eftersom det \u00e4r det enda som ger m\u00f6jlighet att \u00e5ka fyrhjulingar l\u00e4ngs R\u00f6da havets kust!<\/p>\n<h2>Huvudpunkterna i utflyktsprogrammet f\u00f6r fyrhjuling<\/h2>\n<ul>\n<li>Fyrhjuling p\u00e5 25 km i \u00f6knen<\/li>\n<li>Fyrhjuling p\u00e5 25 km l\u00e4ngs R\u00f6da havets kust<\/li>\n<\/ul>\n<h3>Three Hours Moto Safari Trip Program i Safaga<\/h3>\n<ul>\n<li>Landious Travel-representant h\u00e4mtar dig fr\u00e5n hotellet i Safaga klockan 08:00 p\u00e5 morgonen<\/li>\n<li>Efter att ha h\u00e4mtat alla bes\u00f6kare g\u00e5r v\u00e5r minibuss \/ jeep mot \u00f6knen, d\u00e4r det finns en fyrcykelbas. V\u00e4gen till basen tar cirka 30 minuter<\/li>\n<li>F\u00f6rst och fr\u00e4mst m\u00e5ste du g\u00f6ra dig redo att s\u00e4tta en halsduk p\u00e5 huvudet, hj\u00e4lmen och b\u00e4ra solglas\u00f6gon<\/li>\n<li>D\u00e5 f\u00e5r du en instruktion och tr\u00e4ning en kort stund innan du b\u00f6rjar k\u00f6ra<\/li>\n<li>D\u00e4refter k\u00f6r du 10 km \u00f6ver \u00f6knen innan du kommer till R\u00f6da havets kust<\/li>\n<li>Efter att du f\u00e5tt R\u00f6da havet forts\u00e4tter du att k\u00f6ra l\u00e4ngs kusten i 15 km<\/li>\n<li>I slutet av denna fantastiska enhet stannar du en stund f\u00f6r att ta en bild<\/li>\n<li>\u00c5terigen g\u00f6r du dig redo att k\u00f6ra 25 km tillbaka till basen.<\/li>\n<li>Denna sp\u00e4nnande resa f\u00f6r fyrhjulingssafari tar ungef\u00e4r tre timmar.<\/li>\n<li>&#8221;Tre timmars motorsafari i Safaga&#8221; slutar klockan 12:00<\/li>\n<\/ul>\n<h4>Vad ing\u00e5r i resepriset<\/h4>\n<ul>\n<li>\u00d6verf\u00f6r till \u00f6knen och tillbaka till hotellet<\/li>\n<\/ul>\n<h5>Vad ing\u00e5r inte i resans pris<\/h5>\n<ul>\n<li>Video DVD<\/li>\n<li>\u00c4ven foto-CD<\/li>\n<\/ul>\n<h6>Vad du ska ta f\u00f6r den tre timmar l\u00e5nga moto-safari-resan<\/h6>\n<ul>\n<li>Scarf<\/li>\n<li>Ocks\u00e5 solglas\u00f6gon<\/li>\n<\/ul>\n<h6>DAGAR F\u00d6R UTFLYTTSORGANISATION<\/h6>\n<ul>\n<li>Dagligen fr\u00e5n kl. 08.00 till 12.00<\/li>\n<\/ul>\n","protected":false},"excerpt":{"rendered":"<p>\u00c4r du redo f\u00f6r ett of\u00f6rgl\u00f6mligt \u00e4ventyr? Moto Safari 3 timmar Hurghada \u00e4r det perfekta tillf\u00e4llet f\u00f6r dig och dina n\u00e4ra och k\u00e4ra att uppleva sp\u00e4nningen med en ATV-tur mitt i det vackra landskapet i Egypten. Denna \u00e5ktur lovar att bli en adrenalinfylld upplevelse som du kan v\u00e5rda och dela med andra.<\/p>\n<p>ATV:n \u00e4r ett m\u00e5ngsidigt transports\u00e4tt som kombinerar de b\u00e4sta egenskaperna hos en motorcykel, jeep och traktor. Den \u00e4r speciellt designad f\u00f6r terr\u00e4ngk\u00f6rning, vilket g\u00f6r din resa genom Egyptens \u00f6knar mer sp\u00e4nnande \u00e4n n\u00e5gonsin tidigare.<\/p>\n<p>Under Moto Safari-turen f\u00e5r du chansen att njuta av en timmesl\u00e5ng oberoende terr\u00e4ngtur! S\u00e4kerhet \u00e4r v\u00e5r h\u00f6gsta prioritet, och varje deltagare kommer att genomg\u00e5 obligatorisk s\u00e4kerhetsutbildning p\u00e5 engelska innan de ger sig ut p\u00e5 \u00e4ventyret. Du kommer att f\u00e5 all n\u00f6dv\u00e4ndig utrustning, en flaska vatten och v\u00e4gledning under hela turn\u00e9n.<\/p>\n<p>F\u00f6lj med oss p\u00e5 denna sp\u00e4nnande 3-timmars tur fr\u00e5n Safaga\/Soma Bay och utforska den magnifika \u00f6knen p\u00e5 en fyrhjuling. Den h\u00e4r turen t\u00e4cker en str\u00e4cka p\u00e5 50 km och l\u00e5ter dig uppt\u00e4cka sk\u00f6nheten i Egyptens \u00f6kennatur medan du njuter av den fantastiska havsutsikten. I priset ing\u00e5r transfer och v\u00e4gledning, s\u00e5 du beh\u00f6ver inte oroa dig f\u00f6r n\u00e5gonting.<\/p>\n<p>Vi f\u00f6rst\u00e5r att \u00e4ventyr kan vara nervkittlande, varf\u00f6r v\u00e5rt team kommer att vara med dig varje steg p\u00e5 v\u00e4gen. Fr\u00e5n h\u00e4mtning p\u00e5 ditt hotell till fyrhjulingsstationen, vi guidar dig genom alla viktiga detaljer om fyrhjulingen innan du ger dig av. Er\u00f6vra sanddynerna och njut av den fantastiska utsikten \u00f6ver den egyptiska \u00f6knen. Efter ungef\u00e4r en timme n\u00e5r vi en traditionell beduinby d\u00e4r du kan uppleva lokal kultur.<\/p>\n<p>I slutet av turen g\u00e5r vi tillbaka genom sanddynerna och \u00f6knen till startpunkten f\u00f6r Quad Bike Safari, och du kommer att tas tillbaka till ditt hotell i Soma Bay. Vi lovar att det kommer att bli en upplevelse du aldrig kommer att gl\u00f6mma! Missa inte detta fascinerande \u00f6ken\u00e4ventyr med fyra toppar under din semester i Soma Bay.<\/p>\n","protected":false},"featured_media":25309,"comment_status":"open","ping_status":"closed","template":"","meta":{"_coblocks_attr":"","_coblocks_dimensions":"","_coblocks_responsive_height":"","_coblocks_accordion_ie_support":"","_uag_custom_page_level_css":"","jetpack_post_was_ever_published":false,"jetpack_publicize_message":"","jetpack_publicize_feature_enabled":true,"jetpack_social_post_already_shared":true,"jetpack_social_options":{"image_generator_settings":{"template":"highway","default_image_id":0,"font":"","enabled":false},"version":2},"_wpas_customize_per_network":false},"product_brand":[],"product_cat":[18876],"product_tag":[18978,19018,19017,18998],"class_list":{"0":"post-26269","1":"product","2":"type-product","3":"status-publish","4":"has-post-thumbnail","6":"product_cat-safaga-utflykter","7":"product_tag-okonsafari","8":"product_tag-en-safari","9":"product_tag-fyrhjuling","10":"product_tag-utflykt","12":"first","13":"instock","14":"sale","15":"taxable","16":"shipping-taxable","17":"purchasable","18":"product-type-variable"},"yoast_head":"<!-- This site is optimized with the Yoast SEO Premium plugin v26.9 (Yoast SEO v27.3) - https:\/\/yoast.com\/product\/yoast-seo-premium-wordpress\/ -->\n<title>Tre timmars motorsafari i Safaga<\/title>\n<meta name=\"description\" content=\"Tre timmars motorsafari i Safaga Under \u00f6knens safari-resa &quot;Fyrhjuling i tre timmar i Safaga&quot; kan du njuta av fyrhjuling p\u00e5 ett avst\u00e5nd av 50 km! Tipsen\" \/>\n<meta name=\"robots\" content=\"index, follow, max-snippet:-1, max-image-preview:large, max-video-preview:-1\" \/>\n<link rel=\"canonical\" href=\"https:\/\/landioustravel.com\/sv\/shop\/tre-timmars-motorsafari-safaga\/\" \/>\n<meta property=\"og:locale\" content=\"sv_SE\" \/>\n<meta property=\"og:type\" content=\"article\" \/>\n<meta property=\"og:title\" content=\"Tre timmars motorsafari i Safaga\" \/>\n<meta property=\"og:description\" content=\"Landious Travel\" \/>\n<meta property=\"og:url\" content=\"https:\/\/landioustravel.com\/sv\/shop\/tre-timmars-motorsafari-safaga\/\" \/>\n<meta property=\"og:site_name\" content=\"Landious Travel\" \/>\n<meta property=\"article:publisher\" content=\"https:\/\/web.facebook.com\/landiousEgypt\" \/>\n<meta property=\"article:modified_time\" content=\"2024-05-14T23:42:10+00:00\" \/>\n<meta property=\"og:image\" content=\"https:\/\/landioustravel.com\/wp-content\/uploads\/2019\/09\/Quad_biking_for_three_hours_in_Safaga2-e1603009858628.jpg\" \/>\n\t<meta property=\"og:image:width\" content=\"1200\" \/>\n\t<meta property=\"og:image:height\" content=\"674\" \/>\n\t<meta property=\"og:image:type\" content=\"image\/jpeg\" \/>\n<meta name=\"twitter:card\" content=\"summary_large_image\" \/>\n<meta name=\"twitter:site\" content=\"@LandiousTours\" \/>\n<meta name=\"twitter:label1\" content=\"Ber\u00e4knad l\u00e4stid\" \/>\n\t<meta name=\"twitter:data1\" content=\"2 minuter\" \/>\n<script type=\"application\/ld+json\" class=\"yoast-schema-graph\">{\"@context\":\"https:\\\/\\\/schema.org\",\"@graph\":[{\"@type\":\"WebPage\",\"@id\":\"https:\\\/\\\/landioustravel.com\\\/sv\\\/shop\\\/tre-timmars-motorsafari-safaga\\\/\",\"url\":\"https:\\\/\\\/landioustravel.com\\\/sv\\\/shop\\\/tre-timmars-motorsafari-safaga\\\/\",\"name\":\"Tre timmars motorsafari i Safaga\",\"isPartOf\":{\"@id\":\"https:\\\/\\\/landioustravel.com\\\/sv\\\/#website\"},\"primaryImageOfPage\":{\"@id\":\"https:\\\/\\\/landioustravel.com\\\/sv\\\/shop\\\/tre-timmars-motorsafari-safaga\\\/#primaryimage\"},\"image\":{\"@id\":\"https:\\\/\\\/landioustravel.com\\\/sv\\\/shop\\\/tre-timmars-motorsafari-safaga\\\/#primaryimage\"},\"thumbnailUrl\":\"https:\\\/\\\/i0.wp.com\\\/landioustravel.com\\\/wp-content\\\/uploads\\\/2019\\\/09\\\/Quad_biking_for_three_hours_in_Safaga2-e1603009858628.jpg?fit=1200%2C674&ssl=1\",\"datePublished\":\"2020-12-15T08:53:22+00:00\",\"dateModified\":\"2024-05-14T23:42:10+00:00\",\"description\":\"Tre timmars motorsafari i Safaga Under \u00f6knens safari-resa \\\"Fyrhjuling i tre timmar i Safaga\\\" kan du njuta av fyrhjuling p\u00e5 ett avst\u00e5nd av 50 km! Tipsen\",\"breadcrumb\":{\"@id\":\"https:\\\/\\\/landioustravel.com\\\/sv\\\/shop\\\/tre-timmars-motorsafari-safaga\\\/#breadcrumb\"},\"inLanguage\":\"sv-SE\",\"potentialAction\":[{\"@type\":\"ReadAction\",\"target\":[\"https:\\\/\\\/landioustravel.com\\\/sv\\\/shop\\\/tre-timmars-motorsafari-safaga\\\/\"]}]},{\"@type\":\"ImageObject\",\"inLanguage\":\"sv-SE\",\"@id\":\"https:\\\/\\\/landioustravel.com\\\/sv\\\/shop\\\/tre-timmars-motorsafari-safaga\\\/#primaryimage\",\"url\":\"https:\\\/\\\/i0.wp.com\\\/landioustravel.com\\\/wp-content\\\/uploads\\\/2019\\\/09\\\/Quad_biking_for_three_hours_in_Safaga2-e1603009858628.jpg?fit=1200%2C674&ssl=1\",\"contentUrl\":\"https:\\\/\\\/i0.wp.com\\\/landioustravel.com\\\/wp-content\\\/uploads\\\/2019\\\/09\\\/Quad_biking_for_three_hours_in_Safaga2-e1603009858628.jpg?fit=1200%2C674&ssl=1\",\"width\":1200,\"height\":674,\"caption\":\"Three Hours Moto Safari in Safaga\"},{\"@type\":\"BreadcrumbList\",\"@id\":\"https:\\\/\\\/landioustravel.com\\\/sv\\\/shop\\\/tre-timmars-motorsafari-safaga\\\/#breadcrumb\",\"itemListElement\":[{\"@type\":\"ListItem\",\"position\":1,\"name\":\"Home\",\"item\":\"https:\\\/\\\/landioustravel.com\\\/sv\\\/\"},{\"@type\":\"ListItem\",\"position\":2,\"name\":\"Tj\u00e4nster &#038; turer\",\"item\":\"https:\\\/\\\/landioustravel.com\\\/sv\\\/\"},{\"@type\":\"ListItem\",\"position\":3,\"name\":\"Tre timmars motorsafari i Safaga\"}]},{\"@type\":\"WebSite\",\"@id\":\"https:\\\/\\\/landioustravel.com\\\/sv\\\/#website\",\"url\":\"https:\\\/\\\/landioustravel.com\\\/sv\\\/\",\"name\":\"Landious Travel\",\"description\":\"Excursions, trips and cruises in Egypt\",\"publisher\":{\"@id\":\"https:\\\/\\\/landioustravel.com\\\/sv\\\/#organization\"},\"potentialAction\":[{\"@type\":\"SearchAction\",\"target\":{\"@type\":\"EntryPoint\",\"urlTemplate\":\"https:\\\/\\\/landioustravel.com\\\/sv\\\/?s={search_term_string}\"},\"query-input\":{\"@type\":\"PropertyValueSpecification\",\"valueRequired\":true,\"valueName\":\"search_term_string\"}}],\"inLanguage\":\"sv-SE\"},{\"@type\":[\"Organization\",\"Place\"],\"@id\":\"https:\\\/\\\/landioustravel.com\\\/sv\\\/#organization\",\"name\":\"Landious Travel\",\"alternateName\":\"Landious Travel\",\"url\":\"https:\\\/\\\/landioustravel.com\\\/sv\\\/\",\"logo\":{\"@id\":\"https:\\\/\\\/landioustravel.com\\\/sv\\\/shop\\\/tre-timmars-motorsafari-safaga\\\/#local-main-organization-logo\"},\"image\":{\"@id\":\"https:\\\/\\\/landioustravel.com\\\/sv\\\/shop\\\/tre-timmars-motorsafari-safaga\\\/#local-main-organization-logo\"},\"sameAs\":[\"https:\\\/\\\/web.facebook.com\\\/landiousEgypt\",\"https:\\\/\\\/x.com\\\/LandiousTours\",\"https:\\\/\\\/mastodon.social\\\/@landious\"],\"legalName\":\"Landious Travel\",\"telephone\":[],\"openingHoursSpecification\":[{\"@type\":\"OpeningHoursSpecification\",\"dayOfWeek\":[\"Monday\",\"Tuesday\",\"Wednesday\",\"Thursday\",\"Friday\",\"Saturday\",\"Sunday\"],\"opens\":\"09:00\",\"closes\":\"17:00\"}]},{\"@type\":\"ImageObject\",\"inLanguage\":\"sv-SE\",\"@id\":\"https:\\\/\\\/landioustravel.com\\\/sv\\\/shop\\\/tre-timmars-motorsafari-safaga\\\/#local-main-organization-logo\",\"url\":\"https:\\\/\\\/i0.wp.com\\\/landioustravel.com\\\/wp-content\\\/uploads\\\/2021\\\/06\\\/Landious-T.png?fit=500%2C500&ssl=1\",\"contentUrl\":\"https:\\\/\\\/i0.wp.com\\\/landioustravel.com\\\/wp-content\\\/uploads\\\/2021\\\/06\\\/Landious-T.png?fit=500%2C500&ssl=1\",\"width\":500,\"height\":500,\"caption\":\"Landious Travel\"}]}<\/script>\n<!-- \/ Yoast SEO Premium plugin. -->","yoast_head_json":{"title":"Tre timmars motorsafari i Safaga","description":"Tre timmars motorsafari i Safaga Under \u00f6knens safari-resa \"Fyrhjuling i tre timmar i Safaga\" kan du njuta av fyrhjuling p\u00e5 ett avst\u00e5nd av 50 km! Tipsen","robots":{"index":"index","follow":"follow","max-snippet":"max-snippet:-1","max-image-preview":"max-image-preview:large","max-video-preview":"max-video-preview:-1"},"canonical":"https:\/\/landioustravel.com\/sv\/shop\/tre-timmars-motorsafari-safaga\/","og_locale":"sv_SE","og_type":"article","og_title":"Tre timmars motorsafari i Safaga","og_description":"Landious Travel","og_url":"https:\/\/landioustravel.com\/sv\/shop\/tre-timmars-motorsafari-safaga\/","og_site_name":"Landious Travel","article_publisher":"https:\/\/web.facebook.com\/landiousEgypt","article_modified_time":"2024-05-14T23:42:10+00:00","og_image":[{"width":1200,"height":674,"url":"https:\/\/landioustravel.com\/wp-content\/uploads\/2019\/09\/Quad_biking_for_three_hours_in_Safaga2-e1603009858628.jpg","type":"image\/jpeg"}],"twitter_card":"summary_large_image","twitter_site":"@LandiousTours","twitter_misc":{"Ber\u00e4knad l\u00e4stid":"2 minuter"},"schema":{"@context":"https:\/\/schema.org","@graph":[{"@type":"WebPage","@id":"https:\/\/landioustravel.com\/sv\/shop\/tre-timmars-motorsafari-safaga\/","url":"https:\/\/landioustravel.com\/sv\/shop\/tre-timmars-motorsafari-safaga\/","name":"Tre timmars motorsafari i Safaga","isPartOf":{"@id":"https:\/\/landioustravel.com\/sv\/#website"},"primaryImageOfPage":{"@id":"https:\/\/landioustravel.com\/sv\/shop\/tre-timmars-motorsafari-safaga\/#primaryimage"},"image":{"@id":"https:\/\/landioustravel.com\/sv\/shop\/tre-timmars-motorsafari-safaga\/#primaryimage"},"thumbnailUrl":"https:\/\/i0.wp.com\/landioustravel.com\/wp-content\/uploads\/2019\/09\/Quad_biking_for_three_hours_in_Safaga2-e1603009858628.jpg?fit=1200%2C674&ssl=1","datePublished":"2020-12-15T08:53:22+00:00","dateModified":"2024-05-14T23:42:10+00:00","description":"Tre timmars motorsafari i Safaga Under \u00f6knens safari-resa \"Fyrhjuling i tre timmar i Safaga\" kan du njuta av fyrhjuling p\u00e5 ett avst\u00e5nd av 50 km! Tipsen","breadcrumb":{"@id":"https:\/\/landioustravel.com\/sv\/shop\/tre-timmars-motorsafari-safaga\/#breadcrumb"},"inLanguage":"sv-SE","potentialAction":[{"@type":"ReadAction","target":["https:\/\/landioustravel.com\/sv\/shop\/tre-timmars-motorsafari-safaga\/"]}]},{"@type":"ImageObject","inLanguage":"sv-SE","@id":"https:\/\/landioustravel.com\/sv\/shop\/tre-timmars-motorsafari-safaga\/#primaryimage","url":"https:\/\/i0.wp.com\/landioustravel.com\/wp-content\/uploads\/2019\/09\/Quad_biking_for_three_hours_in_Safaga2-e1603009858628.jpg?fit=1200%2C674&ssl=1","contentUrl":"https:\/\/i0.wp.com\/landioustravel.com\/wp-content\/uploads\/2019\/09\/Quad_biking_for_three_hours_in_Safaga2-e1603009858628.jpg?fit=1200%2C674&ssl=1","width":1200,"height":674,"caption":"Three Hours Moto Safari in Safaga"},{"@type":"BreadcrumbList","@id":"https:\/\/landioustravel.com\/sv\/shop\/tre-timmars-motorsafari-safaga\/#breadcrumb","itemListElement":[{"@type":"ListItem","position":1,"name":"Home","item":"https:\/\/landioustravel.com\/sv\/"},{"@type":"ListItem","position":2,"name":"Tj\u00e4nster &#038; turer","item":"https:\/\/landioustravel.com\/sv\/"},{"@type":"ListItem","position":3,"name":"Tre timmars motorsafari i Safaga"}]},{"@type":"WebSite","@id":"https:\/\/landioustravel.com\/sv\/#website","url":"https:\/\/landioustravel.com\/sv\/","name":"Landious Travel","description":"Excursions, trips and cruises in Egypt","publisher":{"@id":"https:\/\/landioustravel.com\/sv\/#organization"},"potentialAction":[{"@type":"SearchAction","target":{"@type":"EntryPoint","urlTemplate":"https:\/\/landioustravel.com\/sv\/?s={search_term_string}"},"query-input":{"@type":"PropertyValueSpecification","valueRequired":true,"valueName":"search_term_string"}}],"inLanguage":"sv-SE"},{"@type":["Organization","Place"],"@id":"https:\/\/landioustravel.com\/sv\/#organization","name":"Landious Travel","alternateName":"Landious Travel","url":"https:\/\/landioustravel.com\/sv\/","logo":{"@id":"https:\/\/landioustravel.com\/sv\/shop\/tre-timmars-motorsafari-safaga\/#local-main-organization-logo"},"image":{"@id":"https:\/\/landioustravel.com\/sv\/shop\/tre-timmars-motorsafari-safaga\/#local-main-organization-logo"},"sameAs":["https:\/\/web.facebook.com\/landiousEgypt","https:\/\/x.com\/LandiousTours","https:\/\/mastodon.social\/@landious"],"legalName":"Landious Travel","telephone":[],"openingHoursSpecification":[{"@type":"OpeningHoursSpecification","dayOfWeek":["Monday","Tuesday","Wednesday","Thursday","Friday","Saturday","Sunday"],"opens":"09:00","closes":"17:00"}]},{"@type":"ImageObject","inLanguage":"sv-SE","@id":"https:\/\/landioustravel.com\/sv\/shop\/tre-timmars-motorsafari-safaga\/#local-main-organization-logo","url":"https:\/\/i0.wp.com\/landioustravel.com\/wp-content\/uploads\/2021\/06\/Landious-T.png?fit=500%2C500&ssl=1","contentUrl":"https:\/\/i0.wp.com\/landioustravel.com\/wp-content\/uploads\/2021\/06\/Landious-T.png?fit=500%2C500&ssl=1","width":500,"height":500,"caption":"Landious Travel"}]}},"jetpack_publicize_connections":[],"uagb_featured_image_src":{"full":["https:\/\/i0.wp.com\/landioustravel.com\/wp-content\/uploads\/2019\/09\/Quad_biking_for_three_hours_in_Safaga2-e1603009858628.jpg?fit=1200%2C674&ssl=1",1200,674,false],"thumbnail":["https:\/\/i0.wp.com\/landioustravel.com\/wp-content\/uploads\/2019\/09\/Quad_biking_for_three_hours_in_Safaga2-e1603009858628.jpg?resize=150%2C150&ssl=1",150,150,true],"medium":["https:\/\/i0.wp.com\/landioustravel.com\/wp-content\/uploads\/2019\/09\/Quad_biking_for_three_hours_in_Safaga2-e1603009858628.jpg?fit=300%2C169&ssl=1",300,169,true],"medium_large":["https:\/\/i0.wp.com\/landioustravel.com\/wp-content\/uploads\/2019\/09\/Quad_biking_for_three_hours_in_Safaga2-e1603009858628.jpg?fit=768%2C431&ssl=1",768,431,true],"large":["https:\/\/i0.wp.com\/landioustravel.com\/wp-content\/uploads\/2019\/09\/Quad_biking_for_three_hours_in_Safaga2-e1603009858628.jpg?fit=980%2C550&ssl=1",980,550,true],"1536x1536":["https:\/\/i0.wp.com\/landioustravel.com\/wp-content\/uploads\/2019\/09\/Quad_biking_for_three_hours_in_Safaga2-e1603009858628.jpg?fit=1536%2C863&ssl=1",1536,863,true],"2048x2048":["https:\/\/i0.wp.com\/landioustravel.com\/wp-content\/uploads\/2019\/09\/Quad_biking_for_three_hours_in_Safaga2-e1603009858628.jpg?fit=2048%2C1150&ssl=1",2048,1150,true],"newspack-article-block-landscape-large":["https:\/\/i0.wp.com\/landioustravel.com\/wp-content\/uploads\/2019\/09\/Quad_biking_for_three_hours_in_Safaga2-e1603009858628.jpg?resize=1200%2C674&ssl=1",1200,900,true],"newspack-article-block-portrait-large":["https:\/\/i0.wp.com\/landioustravel.com\/wp-content\/uploads\/2019\/09\/Quad_biking_for_three_hours_in_Safaga2-e1603009858628.jpg?resize=900%2C674&ssl=1",900,674,true],"newspack-article-block-square-large":["https:\/\/i0.wp.com\/landioustravel.com\/wp-content\/uploads\/2019\/09\/Quad_biking_for_three_hours_in_Safaga2-e1603009858628.jpg?resize=1200%2C674&ssl=1",1200,1200,true],"newspack-article-block-landscape-medium":["https:\/\/i0.wp.com\/landioustravel.com\/wp-content\/uploads\/2019\/09\/Quad_biking_for_three_hours_in_Safaga2-e1603009858628.jpg?resize=800%2C600&ssl=1",800,600,true],"newspack-article-block-portrait-medium":["https:\/\/i0.wp.com\/landioustravel.com\/wp-content\/uploads\/2019\/09\/Quad_biking_for_three_hours_in_Safaga2-e1603009858628.jpg?resize=600%2C674&ssl=1",600,674,true],"newspack-article-block-square-medium":["https:\/\/i0.wp.com\/landioustravel.com\/wp-content\/uploads\/2019\/09\/Quad_biking_for_three_hours_in_Safaga2-e1603009858628.jpg?resize=800%2C674&ssl=1",800,674,true],"newspack-article-block-landscape-intermediate":["https:\/\/i0.wp.com\/landioustravel.com\/wp-content\/uploads\/2019\/09\/Quad_biking_for_three_hours_in_Safaga2-e1603009858628.jpg?resize=600%2C450&ssl=1",600,450,true],"newspack-article-block-portrait-intermediate":["https:\/\/i0.wp.com\/landioustravel.com\/wp-content\/uploads\/2019\/09\/Quad_biking_for_three_hours_in_Safaga2-e1603009858628.jpg?resize=450%2C600&ssl=1",450,600,true],"newspack-article-block-square-intermediate":["https:\/\/i0.wp.com\/landioustravel.com\/wp-content\/uploads\/2019\/09\/Quad_biking_for_three_hours_in_Safaga2-e1603009858628.jpg?resize=600%2C600&ssl=1",600,600,true],"newspack-article-block-landscape-small":["https:\/\/i0.wp.com\/landioustravel.com\/wp-content\/uploads\/2019\/09\/Quad_biking_for_three_hours_in_Safaga2-e1603009858628.jpg?resize=400%2C300&ssl=1",400,300,true],"newspack-article-block-portrait-small":["https:\/\/i0.wp.com\/landioustravel.com\/wp-content\/uploads\/2019\/09\/Quad_biking_for_three_hours_in_Safaga2-e1603009858628.jpg?resize=300%2C400&ssl=1",300,400,true],"newspack-article-block-square-small":["https:\/\/i0.wp.com\/landioustravel.com\/wp-content\/uploads\/2019\/09\/Quad_biking_for_three_hours_in_Safaga2-e1603009858628.jpg?resize=400%2C400&ssl=1",400,400,true],"newspack-article-block-landscape-tiny":["https:\/\/i0.wp.com\/landioustravel.com\/wp-content\/uploads\/2019\/09\/Quad_biking_for_three_hours_in_Safaga2-e1603009858628.jpg?resize=200%2C150&ssl=1",200,150,true],"newspack-article-block-portrait-tiny":["https:\/\/i0.wp.com\/landioustravel.com\/wp-content\/uploads\/2019\/09\/Quad_biking_for_three_hours_in_Safaga2-e1603009858628.jpg?resize=150%2C200&ssl=1",150,200,true],"newspack-article-block-square-tiny":["https:\/\/i0.wp.com\/landioustravel.com\/wp-content\/uploads\/2019\/09\/Quad_biking_for_three_hours_in_Safaga2-e1603009858628.jpg?resize=200%2C200&ssl=1",200,200,true],"newspack-article-block-uncropped":["https:\/\/i0.wp.com\/landioustravel.com\/wp-content\/uploads\/2019\/09\/Quad_biking_for_three_hours_in_Safaga2-e1603009858628.jpg?fit=1200%2C674&ssl=1",1200,674,true],"woocommerce_thumbnail":["https:\/\/i0.wp.com\/landioustravel.com\/wp-content\/uploads\/2019\/09\/Quad_biking_for_three_hours_in_Safaga2-e1603009858628.jpg?resize=324%2C324&ssl=1",324,324,true],"woocommerce_single":["https:\/\/i0.wp.com\/landioustravel.com\/wp-content\/uploads\/2019\/09\/Quad_biking_for_three_hours_in_Safaga2-e1603009858628.jpg?fit=416%2C234&ssl=1",416,234,true],"woocommerce_gallery_thumbnail":["https:\/\/i0.wp.com\/landioustravel.com\/wp-content\/uploads\/2019\/09\/Quad_biking_for_three_hours_in_Safaga2-e1603009858628.jpg?resize=100%2C100&ssl=1",100,100,true]},"uagb_author_info":{"display_name":"Mofreh Landious","author_link":"https:\/\/landioustravel.com\/sv\/author\/"},"uagb_comment_info":2,"uagb_excerpt":"\u00c4r du redo f\u00f6r ett of\u00f6rgl\u00f6mligt \u00e4ventyr? Moto Safari 3 timmar Hurghada \u00e4r det perfekta tillf\u00e4llet f\u00f6r dig och dina n\u00e4ra och k\u00e4ra att uppleva sp\u00e4nningen med en ATV-tur mitt i det vackra landskapet i Egypten. Denna \u00e5ktur lovar att bli en adrenalinfylld upplevelse som du kan v\u00e5rda och dela med andra. ATV:n \u00e4r ett&hellip;","jetpack_sharing_enabled":true,"jetpack_likes_enabled":true,"amp_enabled":true,"_links":{"self":[{"href":"https:\/\/landioustravel.com\/sv\/wp-json\/wp\/v2\/product\/26269","targetHints":{"allow":["GET"]}}],"collection":[{"href":"https:\/\/landioustravel.com\/sv\/wp-json\/wp\/v2\/product"}],"about":[{"href":"https:\/\/landioustravel.com\/sv\/wp-json\/wp\/v2\/types\/product"}],"replies":[{"embeddable":true,"href":"https:\/\/landioustravel.com\/sv\/wp-json\/wp\/v2\/comments?post=26269"}],"wp:featuredmedia":[{"embeddable":true,"href":"https:\/\/landioustravel.com\/sv\/wp-json\/wp\/v2\/media\/25309"}],"wp:attachment":[{"href":"https:\/\/landioustravel.com\/sv\/wp-json\/wp\/v2\/media?parent=26269"}],"wp:term":[{"taxonomy":"product_brand","embeddable":true,"href":"https:\/\/landioustravel.com\/sv\/wp-json\/wp\/v2\/product_brand?post=26269"},{"taxonomy":"product_cat","embeddable":true,"href":"https:\/\/landioustravel.com\/sv\/wp-json\/wp\/v2\/product_cat?post=26269"},{"taxonomy":"product_tag","embeddable":true,"href":"https:\/\/landioustravel.com\/sv\/wp-json\/wp\/v2\/product_tag?post=26269"}],"curies":[{"name":"wp","href":"https:\/\/api.w.org\/{rel}","templated":true}]}}