{"id":26284,"date":"2019-06-13T03:50:22","date_gmt":"2020-12-16T22:07:43","guid":{"rendered":"https:\/\/landioustravel.com\/?post_type=product&#038;p=26284"},"modified":"2026-01-28T19:14:17","modified_gmt":"2026-01-28T17:14:17","slug":"individuell-resa-el-minya-hurghada","status":"publish","type":"product","link":"https:\/\/landioustravel.com\/sv\/shop\/individuell-resa-el-minya-hurghada\/","title":{"rendered":"Individuell resa till El Minya fr\u00e5n Hurghada"},"content":{"rendered":"<p>Det \u00e4r en informativ individuell resa till El Minya fr\u00e5n Hurghada! Vi rekommenderar resan eftersom den till\u00e5ter turister att se ett stort antal forntida egyptiska attraktioner. Dessutom, f\u00f6r det l\u00e5ter dig l\u00e4ra k\u00e4nna mycket om historien om det gamla Egypten!<\/p>\n<h2>Huvudpunkter f\u00f6r det enskilda programmet till El-Minya<\/h2>\n<ul>\n<li>Tonfisk El-Gabel<\/li>\n<li>Ber\u00e4tta f\u00f6r Al Amarna<\/li>\n<li>Lunch<\/li>\n<li>Ocks\u00e5 Beni Hassan Tombs<\/li>\n<\/ul>\n<h3>Reseprogram i El-Minya fr\u00e5n Hurghada<\/h3>\n<ul>\n<li>Landious Travel-representant h\u00e4mtar dig fr\u00e5n hotellet i Hurghada, runt 04:00 p\u00e5 morgonen<\/li>\n<li>Efter att ha h\u00e4mtat dig avg\u00e5r bussen (limousine eller minibuss) mot El-Minya som passerar st\u00e4derna Ras Shukeir och Ras Ghareb. Dessa st\u00e4der ligger norr om Hurghada, vid R\u00f6da havets kust. V\u00e4gen, fr\u00e5n centrum av Hurghada till El-Minya, tar cirka 5 timmar.<\/li>\n<li>S\u00e5 snart du anl\u00e4nder till El Minya visar vi dig Beni Hassan, som \u00e4r platsen f\u00f6r n\u00e4stan 40 gravar fr\u00e5n 11: e och 12: e dynastin. Dessa gravar \u00e4r: Grav av Baqet som var guvern\u00f6r och solider, den andra f\u00f6r sin son Khety, den tredje av Amenmhet och den fj\u00e4rde f\u00f6r Khunumhotep, eftertr\u00e4daren till kung Amenemhat.<\/li>\n<li>N\u00e4sta stopp \u00e4r i restaurangen. D\u00e4r kan du njuta av en uts\u00f6kt lunch.<\/li>\n<li>Sedan forts\u00e4tter du den individuella resan i Tuna El Gabel-omr\u00e5det som var kulturcentret d\u00e4r pilgrimer hyllade Gud Thot.<\/li>\n<li>D\u00e4refter flyttas du till Tell Al Amarna d\u00e4r kung Ikhnaton och hans fru drottning Nefertiti grundade denna stad som h\u00e4ngivenhet till kulten av den nya guden Aton.<\/li>\n<li>V\u00e5r buss g\u00e5r tillbaka till Hurghada, efter ett s\u00e5dant program i den underbara staden El Minya<\/li>\n<li>Denna &#8221;individuella resa till El Minya fr\u00e5n Hurghada&#8221; slutar cirka kl. 20.00<\/li>\n<\/ul>\n<h4>Vad ing\u00e5r i resepriset<\/h4>\n<ul>\n<li>Biljetter till bes\u00f6kande tempel i El-Minya<\/li>\n<li>Lunch<\/li>\n<li>Drycker<\/li>\n<li>Privat guide<\/li>\n<li>Ocks\u00e5 privat fordon till El-Minya och tillbaka till hotellet<\/li>\n<\/ul>\n<h5>Vad ing\u00e5r inte i resans pris<\/h5>\n<ul>\n<li>Ytterligare utflyktsprogram om de inte ing\u00e5r i ovan n\u00e4mnda program<\/li>\n<\/ul>\n<h6>Vad du ska ta med dig f\u00f6r turn\u00e9n<\/h6>\n<ul>\n<li>Frukostl\u00e5da<\/li>\n<li>Ocks\u00e5 kl\u00e4der f\u00f6r s\u00e4songen<\/li>\n<\/ul>\n<h6>DAGAR F\u00d6R UTFLYTTSORGANISATION<\/h6>\n<ul>\n<li>Dagligen fr\u00e5n kl. 04.00 till 20.00<\/li>\n<\/ul>\n","protected":false},"excerpt":{"rendered":"<p>Om du letar efter ett unikt \u00e4ventyr utanf\u00f6r allfartsv\u00e4garna, \u00f6verv\u00e4g en dagstur till El Minya fr\u00e5n Kairo. V\u00e5r professionella guide kommer att vara med dig varje steg p\u00e5 v\u00e4gen f\u00f6r att s\u00e4kerst\u00e4lla att du f\u00e5r en s\u00e4ker och trevlig resa. Under din resa har du m\u00f6jlighet att bes\u00f6ka flera historiska platser, inklusive Tuna El Gabal, El Ashmunein, Beni Hassan och Tell el-Amarna. Din privata guide och chauff\u00f6r h\u00e4mtar dig fr\u00e5n ditt hotell i Kairo eller Giza, och du kommer att bjudas p\u00e5 en bekv\u00e4m resa till dina destinationer. Vi f\u00f6rst\u00e5r att resor kan vara tr\u00f6ttsamt, s\u00e5 vi ser till att du har en chans att vila och njuta av en god lunch p\u00e5 en lokal restaurang. Missa inte chansen att uppleva el Minyas rika historia och kultur p\u00e5 denna of\u00f6rgl\u00f6mliga turn\u00e9.<\/p>\n","protected":false},"featured_media":26285,"comment_status":"open","ping_status":"closed","template":"","meta":{"_coblocks_attr":"","_coblocks_dimensions":"","_coblocks_responsive_height":"","_coblocks_accordion_ie_support":"","_uag_custom_page_level_css":"","jetpack_post_was_ever_published":false,"jetpack_publicize_message":"","jetpack_publicize_feature_enabled":true,"jetpack_social_post_already_shared":true,"jetpack_social_options":{"image_generator_settings":{"template":"highway","default_image_id":0,"font":"","enabled":false},"version":2},"_wpas_customize_per_network":false},"product_brand":[],"product_cat":[18870,18884],"product_tag":[19027,18998,19001],"class_list":{"0":"post-26284","1":"product","2":"type-product","3":"status-publish","4":"has-post-thumbnail","6":"product_cat-historiska-utflykter-hurghada","7":"product_cat-individuella-utflykter-hurghada","8":"product_tag-sightseeing-sv","9":"product_tag-utflykt","10":"product_tag-utflykter-hurghada","12":"first","13":"instock","14":"sale","15":"taxable","16":"shipping-taxable","17":"purchasable","18":"product-type-variable"},"yoast_head":"<!-- This site is optimized with the Yoast SEO Premium plugin v26.9 (Yoast SEO v27.3) - https:\/\/yoast.com\/product\/yoast-seo-premium-wordpress\/ -->\n<title>Individuell resa till El Minya fr\u00e5n Hurghada<\/title>\n<meta name=\"description\" content=\"Individuell resa till El Minya fr\u00e5n Hurghada bes\u00f6ker du tre historiska sev\u00e4rdheter: Tuna El-Gabel, Tell Al Amarna och Beni Hassan Tombs. Lunch ing\u00e5r.\" \/>\n<meta name=\"robots\" content=\"index, follow, max-snippet:-1, max-image-preview:large, max-video-preview:-1\" \/>\n<link rel=\"canonical\" href=\"https:\/\/landioustravel.com\/sv\/shop\/individuell-resa-el-minya-hurghada\/\" \/>\n<meta property=\"og:locale\" content=\"sv_SE\" \/>\n<meta property=\"og:type\" content=\"article\" \/>\n<meta property=\"og:title\" content=\"Individuell resa till El Minya fr\u00e5n Hurghada\" \/>\n<meta property=\"og:description\" content=\"Landious Travel\" \/>\n<meta property=\"og:url\" content=\"https:\/\/landioustravel.com\/sv\/shop\/individuell-resa-el-minya-hurghada\/\" \/>\n<meta property=\"og:site_name\" content=\"Landious Travel\" \/>\n<meta property=\"article:publisher\" content=\"https:\/\/web.facebook.com\/landiousEgypt\" \/>\n<meta property=\"article:modified_time\" content=\"2026-01-28T17:14:17+00:00\" \/>\n<meta property=\"og:image\" content=\"https:\/\/i0.wp.com\/landioustravel.com\/wp-content\/uploads\/2019\/06\/trip_el_minya_from_hurghada-e1560388818403.jpg?fit=1060%2C597&ssl=1\" \/>\n\t<meta property=\"og:image:width\" content=\"1060\" \/>\n\t<meta property=\"og:image:height\" content=\"597\" \/>\n\t<meta property=\"og:image:type\" content=\"image\/jpeg\" \/>\n<meta name=\"twitter:card\" content=\"summary_large_image\" \/>\n<meta name=\"twitter:site\" content=\"@LandiousTours\" \/>\n<meta name=\"twitter:label1\" content=\"Ber\u00e4knad l\u00e4stid\" \/>\n\t<meta name=\"twitter:data1\" content=\"2 minuter\" \/>\n<script type=\"application\/ld+json\" class=\"yoast-schema-graph\">{\"@context\":\"https:\\\/\\\/schema.org\",\"@graph\":[{\"@type\":\"WebPage\",\"@id\":\"https:\\\/\\\/landioustravel.com\\\/sv\\\/shop\\\/individuell-resa-el-minya-hurghada\\\/\",\"url\":\"https:\\\/\\\/landioustravel.com\\\/sv\\\/shop\\\/individuell-resa-el-minya-hurghada\\\/\",\"name\":\"Individuell resa till El Minya fr\u00e5n Hurghada\",\"isPartOf\":{\"@id\":\"https:\\\/\\\/landioustravel.com\\\/sv\\\/#website\"},\"primaryImageOfPage\":{\"@id\":\"https:\\\/\\\/landioustravel.com\\\/sv\\\/shop\\\/individuell-resa-el-minya-hurghada\\\/#primaryimage\"},\"image\":{\"@id\":\"https:\\\/\\\/landioustravel.com\\\/sv\\\/shop\\\/individuell-resa-el-minya-hurghada\\\/#primaryimage\"},\"thumbnailUrl\":\"https:\\\/\\\/i0.wp.com\\\/landioustravel.com\\\/wp-content\\\/uploads\\\/2019\\\/06\\\/trip_el_minya_from_hurghada-e1560388818403.jpg?fit=1060%2C597&ssl=1\",\"datePublished\":\"2020-12-16T22:07:43+00:00\",\"dateModified\":\"2026-01-28T17:14:17+00:00\",\"description\":\"Individuell resa till El Minya fr\u00e5n Hurghada bes\u00f6ker du tre historiska sev\u00e4rdheter: Tuna El-Gabel, Tell Al Amarna och Beni Hassan Tombs. Lunch ing\u00e5r.\",\"breadcrumb\":{\"@id\":\"https:\\\/\\\/landioustravel.com\\\/sv\\\/shop\\\/individuell-resa-el-minya-hurghada\\\/#breadcrumb\"},\"inLanguage\":\"sv-SE\",\"potentialAction\":[{\"@type\":\"ReadAction\",\"target\":[\"https:\\\/\\\/landioustravel.com\\\/sv\\\/shop\\\/individuell-resa-el-minya-hurghada\\\/\"]}]},{\"@type\":\"ImageObject\",\"inLanguage\":\"sv-SE\",\"@id\":\"https:\\\/\\\/landioustravel.com\\\/sv\\\/shop\\\/individuell-resa-el-minya-hurghada\\\/#primaryimage\",\"url\":\"https:\\\/\\\/i0.wp.com\\\/landioustravel.com\\\/wp-content\\\/uploads\\\/2019\\\/06\\\/trip_el_minya_from_hurghada-e1560388818403.jpg?fit=1060%2C597&ssl=1\",\"contentUrl\":\"https:\\\/\\\/i0.wp.com\\\/landioustravel.com\\\/wp-content\\\/uploads\\\/2019\\\/06\\\/trip_el_minya_from_hurghada-e1560388818403.jpg?fit=1060%2C597&ssl=1\",\"width\":1060,\"height\":597,\"caption\":\"Individual Trip to El Minya from Hurghada\"},{\"@type\":\"BreadcrumbList\",\"@id\":\"https:\\\/\\\/landioustravel.com\\\/sv\\\/shop\\\/individuell-resa-el-minya-hurghada\\\/#breadcrumb\",\"itemListElement\":[{\"@type\":\"ListItem\",\"position\":1,\"name\":\"Home\",\"item\":\"https:\\\/\\\/landioustravel.com\\\/sv\\\/\"},{\"@type\":\"ListItem\",\"position\":2,\"name\":\"Tj\u00e4nster &#038; turer\",\"item\":\"https:\\\/\\\/landioustravel.com\\\/sv\\\/\"},{\"@type\":\"ListItem\",\"position\":3,\"name\":\"Individuell resa till El Minya fr\u00e5n Hurghada\"}]},{\"@type\":\"WebSite\",\"@id\":\"https:\\\/\\\/landioustravel.com\\\/sv\\\/#website\",\"url\":\"https:\\\/\\\/landioustravel.com\\\/sv\\\/\",\"name\":\"Landious Travel\",\"description\":\"Excursions, trips and cruises in Egypt\",\"publisher\":{\"@id\":\"https:\\\/\\\/landioustravel.com\\\/sv\\\/#organization\"},\"potentialAction\":[{\"@type\":\"SearchAction\",\"target\":{\"@type\":\"EntryPoint\",\"urlTemplate\":\"https:\\\/\\\/landioustravel.com\\\/sv\\\/?s={search_term_string}\"},\"query-input\":{\"@type\":\"PropertyValueSpecification\",\"valueRequired\":true,\"valueName\":\"search_term_string\"}}],\"inLanguage\":\"sv-SE\"},{\"@type\":[\"Organization\",\"Place\"],\"@id\":\"https:\\\/\\\/landioustravel.com\\\/sv\\\/#organization\",\"name\":\"Landious Travel\",\"alternateName\":\"Landious Travel\",\"url\":\"https:\\\/\\\/landioustravel.com\\\/sv\\\/\",\"logo\":{\"@id\":\"https:\\\/\\\/landioustravel.com\\\/sv\\\/shop\\\/individuell-resa-el-minya-hurghada\\\/#local-main-organization-logo\"},\"image\":{\"@id\":\"https:\\\/\\\/landioustravel.com\\\/sv\\\/shop\\\/individuell-resa-el-minya-hurghada\\\/#local-main-organization-logo\"},\"sameAs\":[\"https:\\\/\\\/web.facebook.com\\\/landiousEgypt\",\"https:\\\/\\\/x.com\\\/LandiousTours\",\"https:\\\/\\\/mastodon.social\\\/@landious\"],\"legalName\":\"Landious Travel\",\"telephone\":[],\"openingHoursSpecification\":[{\"@type\":\"OpeningHoursSpecification\",\"dayOfWeek\":[\"Monday\",\"Tuesday\",\"Wednesday\",\"Thursday\",\"Friday\",\"Saturday\",\"Sunday\"],\"opens\":\"09:00\",\"closes\":\"17:00\"}]},{\"@type\":\"ImageObject\",\"inLanguage\":\"sv-SE\",\"@id\":\"https:\\\/\\\/landioustravel.com\\\/sv\\\/shop\\\/individuell-resa-el-minya-hurghada\\\/#local-main-organization-logo\",\"url\":\"https:\\\/\\\/i0.wp.com\\\/landioustravel.com\\\/wp-content\\\/uploads\\\/2021\\\/06\\\/Landious-T.png?fit=500%2C500&ssl=1\",\"contentUrl\":\"https:\\\/\\\/i0.wp.com\\\/landioustravel.com\\\/wp-content\\\/uploads\\\/2021\\\/06\\\/Landious-T.png?fit=500%2C500&ssl=1\",\"width\":500,\"height\":500,\"caption\":\"Landious Travel\"}]}<\/script>\n<!-- \/ Yoast SEO Premium plugin. -->","yoast_head_json":{"title":"Individuell resa till El Minya fr\u00e5n Hurghada","description":"Individuell resa till El Minya fr\u00e5n Hurghada bes\u00f6ker du tre historiska sev\u00e4rdheter: Tuna El-Gabel, Tell Al Amarna och Beni Hassan Tombs. Lunch ing\u00e5r.","robots":{"index":"index","follow":"follow","max-snippet":"max-snippet:-1","max-image-preview":"max-image-preview:large","max-video-preview":"max-video-preview:-1"},"canonical":"https:\/\/landioustravel.com\/sv\/shop\/individuell-resa-el-minya-hurghada\/","og_locale":"sv_SE","og_type":"article","og_title":"Individuell resa till El Minya fr\u00e5n Hurghada","og_description":"Landious Travel","og_url":"https:\/\/landioustravel.com\/sv\/shop\/individuell-resa-el-minya-hurghada\/","og_site_name":"Landious Travel","article_publisher":"https:\/\/web.facebook.com\/landiousEgypt","article_modified_time":"2026-01-28T17:14:17+00:00","og_image":[{"width":1060,"height":597,"url":"https:\/\/i0.wp.com\/landioustravel.com\/wp-content\/uploads\/2019\/06\/trip_el_minya_from_hurghada-e1560388818403.jpg?fit=1060%2C597&ssl=1","type":"image\/jpeg"}],"twitter_card":"summary_large_image","twitter_site":"@LandiousTours","twitter_misc":{"Ber\u00e4knad l\u00e4stid":"2 minuter"},"schema":{"@context":"https:\/\/schema.org","@graph":[{"@type":"WebPage","@id":"https:\/\/landioustravel.com\/sv\/shop\/individuell-resa-el-minya-hurghada\/","url":"https:\/\/landioustravel.com\/sv\/shop\/individuell-resa-el-minya-hurghada\/","name":"Individuell resa till El Minya fr\u00e5n Hurghada","isPartOf":{"@id":"https:\/\/landioustravel.com\/sv\/#website"},"primaryImageOfPage":{"@id":"https:\/\/landioustravel.com\/sv\/shop\/individuell-resa-el-minya-hurghada\/#primaryimage"},"image":{"@id":"https:\/\/landioustravel.com\/sv\/shop\/individuell-resa-el-minya-hurghada\/#primaryimage"},"thumbnailUrl":"https:\/\/i0.wp.com\/landioustravel.com\/wp-content\/uploads\/2019\/06\/trip_el_minya_from_hurghada-e1560388818403.jpg?fit=1060%2C597&ssl=1","datePublished":"2020-12-16T22:07:43+00:00","dateModified":"2026-01-28T17:14:17+00:00","description":"Individuell resa till El Minya fr\u00e5n Hurghada bes\u00f6ker du tre historiska sev\u00e4rdheter: Tuna El-Gabel, Tell Al Amarna och Beni Hassan Tombs. Lunch ing\u00e5r.","breadcrumb":{"@id":"https:\/\/landioustravel.com\/sv\/shop\/individuell-resa-el-minya-hurghada\/#breadcrumb"},"inLanguage":"sv-SE","potentialAction":[{"@type":"ReadAction","target":["https:\/\/landioustravel.com\/sv\/shop\/individuell-resa-el-minya-hurghada\/"]}]},{"@type":"ImageObject","inLanguage":"sv-SE","@id":"https:\/\/landioustravel.com\/sv\/shop\/individuell-resa-el-minya-hurghada\/#primaryimage","url":"https:\/\/i0.wp.com\/landioustravel.com\/wp-content\/uploads\/2019\/06\/trip_el_minya_from_hurghada-e1560388818403.jpg?fit=1060%2C597&ssl=1","contentUrl":"https:\/\/i0.wp.com\/landioustravel.com\/wp-content\/uploads\/2019\/06\/trip_el_minya_from_hurghada-e1560388818403.jpg?fit=1060%2C597&ssl=1","width":1060,"height":597,"caption":"Individual Trip to El Minya from Hurghada"},{"@type":"BreadcrumbList","@id":"https:\/\/landioustravel.com\/sv\/shop\/individuell-resa-el-minya-hurghada\/#breadcrumb","itemListElement":[{"@type":"ListItem","position":1,"name":"Home","item":"https:\/\/landioustravel.com\/sv\/"},{"@type":"ListItem","position":2,"name":"Tj\u00e4nster &#038; turer","item":"https:\/\/landioustravel.com\/sv\/"},{"@type":"ListItem","position":3,"name":"Individuell resa till El Minya fr\u00e5n Hurghada"}]},{"@type":"WebSite","@id":"https:\/\/landioustravel.com\/sv\/#website","url":"https:\/\/landioustravel.com\/sv\/","name":"Landious Travel","description":"Excursions, trips and cruises in Egypt","publisher":{"@id":"https:\/\/landioustravel.com\/sv\/#organization"},"potentialAction":[{"@type":"SearchAction","target":{"@type":"EntryPoint","urlTemplate":"https:\/\/landioustravel.com\/sv\/?s={search_term_string}"},"query-input":{"@type":"PropertyValueSpecification","valueRequired":true,"valueName":"search_term_string"}}],"inLanguage":"sv-SE"},{"@type":["Organization","Place"],"@id":"https:\/\/landioustravel.com\/sv\/#organization","name":"Landious Travel","alternateName":"Landious Travel","url":"https:\/\/landioustravel.com\/sv\/","logo":{"@id":"https:\/\/landioustravel.com\/sv\/shop\/individuell-resa-el-minya-hurghada\/#local-main-organization-logo"},"image":{"@id":"https:\/\/landioustravel.com\/sv\/shop\/individuell-resa-el-minya-hurghada\/#local-main-organization-logo"},"sameAs":["https:\/\/web.facebook.com\/landiousEgypt","https:\/\/x.com\/LandiousTours","https:\/\/mastodon.social\/@landious"],"legalName":"Landious Travel","telephone":[],"openingHoursSpecification":[{"@type":"OpeningHoursSpecification","dayOfWeek":["Monday","Tuesday","Wednesday","Thursday","Friday","Saturday","Sunday"],"opens":"09:00","closes":"17:00"}]},{"@type":"ImageObject","inLanguage":"sv-SE","@id":"https:\/\/landioustravel.com\/sv\/shop\/individuell-resa-el-minya-hurghada\/#local-main-organization-logo","url":"https:\/\/i0.wp.com\/landioustravel.com\/wp-content\/uploads\/2021\/06\/Landious-T.png?fit=500%2C500&ssl=1","contentUrl":"https:\/\/i0.wp.com\/landioustravel.com\/wp-content\/uploads\/2021\/06\/Landious-T.png?fit=500%2C500&ssl=1","width":500,"height":500,"caption":"Landious Travel"}]}},"jetpack_publicize_connections":[],"uagb_featured_image_src":{"full":["https:\/\/i0.wp.com\/landioustravel.com\/wp-content\/uploads\/2019\/06\/trip_el_minya_from_hurghada-e1560388818403.jpg?fit=1060%2C597&ssl=1",1060,597,false],"thumbnail":["https:\/\/i0.wp.com\/landioustravel.com\/wp-content\/uploads\/2019\/06\/trip_el_minya_from_hurghada-e1560388818403.jpg?resize=150%2C150&ssl=1",150,150,true],"medium":["https:\/\/i0.wp.com\/landioustravel.com\/wp-content\/uploads\/2019\/06\/trip_el_minya_from_hurghada-e1560388818403.jpg?fit=300%2C169&ssl=1",300,169,true],"medium_large":["https:\/\/i0.wp.com\/landioustravel.com\/wp-content\/uploads\/2019\/06\/trip_el_minya_from_hurghada-e1560388818403.jpg?fit=768%2C433&ssl=1",768,433,true],"large":["https:\/\/i0.wp.com\/landioustravel.com\/wp-content\/uploads\/2019\/06\/trip_el_minya_from_hurghada-e1560388818403.jpg?fit=980%2C552&ssl=1",980,552,true],"1536x1536":["https:\/\/i0.wp.com\/landioustravel.com\/wp-content\/uploads\/2019\/06\/trip_el_minya_from_hurghada-e1560388818403.jpg?fit=1060%2C597&ssl=1",1060,597,true],"2048x2048":["https:\/\/i0.wp.com\/landioustravel.com\/wp-content\/uploads\/2019\/06\/trip_el_minya_from_hurghada-e1560388818403.jpg?fit=1060%2C597&ssl=1",1060,597,true],"newspack-article-block-landscape-large":["https:\/\/i0.wp.com\/landioustravel.com\/wp-content\/uploads\/2019\/06\/trip_el_minya_from_hurghada-e1560388818403.jpg?resize=1060%2C597&ssl=1",1060,597,true],"newspack-article-block-portrait-large":["https:\/\/i0.wp.com\/landioustravel.com\/wp-content\/uploads\/2019\/06\/trip_el_minya_from_hurghada-e1560388818403.jpg?resize=900%2C597&ssl=1",900,597,true],"newspack-article-block-square-large":["https:\/\/i0.wp.com\/landioustravel.com\/wp-content\/uploads\/2019\/06\/trip_el_minya_from_hurghada-e1560388818403.jpg?resize=1060%2C597&ssl=1",1060,597,true],"newspack-article-block-landscape-medium":["https:\/\/i0.wp.com\/landioustravel.com\/wp-content\/uploads\/2019\/06\/trip_el_minya_from_hurghada-e1560388818403.jpg?resize=800%2C597&ssl=1",800,597,true],"newspack-article-block-portrait-medium":["https:\/\/i0.wp.com\/landioustravel.com\/wp-content\/uploads\/2019\/06\/trip_el_minya_from_hurghada-e1560388818403.jpg?resize=600%2C597&ssl=1",600,597,true],"newspack-article-block-square-medium":["https:\/\/i0.wp.com\/landioustravel.com\/wp-content\/uploads\/2019\/06\/trip_el_minya_from_hurghada-e1560388818403.jpg?resize=800%2C597&ssl=1",800,597,true],"newspack-article-block-landscape-intermediate":["https:\/\/i0.wp.com\/landioustravel.com\/wp-content\/uploads\/2019\/06\/trip_el_minya_from_hurghada-e1560388818403.jpg?resize=600%2C450&ssl=1",600,450,true],"newspack-article-block-portrait-intermediate":["https:\/\/i0.wp.com\/landioustravel.com\/wp-content\/uploads\/2019\/06\/trip_el_minya_from_hurghada-e1560388818403.jpg?resize=450%2C597&ssl=1",450,597,true],"newspack-article-block-square-intermediate":["https:\/\/i0.wp.com\/landioustravel.com\/wp-content\/uploads\/2019\/06\/trip_el_minya_from_hurghada-e1560388818403.jpg?resize=600%2C597&ssl=1",600,597,true],"newspack-article-block-landscape-small":["https:\/\/i0.wp.com\/landioustravel.com\/wp-content\/uploads\/2019\/06\/trip_el_minya_from_hurghada-e1560388818403.jpg?resize=400%2C300&ssl=1",400,300,true],"newspack-article-block-portrait-small":["https:\/\/i0.wp.com\/landioustravel.com\/wp-content\/uploads\/2019\/06\/trip_el_minya_from_hurghada-e1560388818403.jpg?resize=300%2C400&ssl=1",300,400,true],"newspack-article-block-square-small":["https:\/\/i0.wp.com\/landioustravel.com\/wp-content\/uploads\/2019\/06\/trip_el_minya_from_hurghada-e1560388818403.jpg?resize=400%2C400&ssl=1",400,400,true],"newspack-article-block-landscape-tiny":["https:\/\/i0.wp.com\/landioustravel.com\/wp-content\/uploads\/2019\/06\/trip_el_minya_from_hurghada-e1560388818403.jpg?resize=200%2C150&ssl=1",200,150,true],"newspack-article-block-portrait-tiny":["https:\/\/i0.wp.com\/landioustravel.com\/wp-content\/uploads\/2019\/06\/trip_el_minya_from_hurghada-e1560388818403.jpg?resize=150%2C200&ssl=1",150,200,true],"newspack-article-block-square-tiny":["https:\/\/i0.wp.com\/landioustravel.com\/wp-content\/uploads\/2019\/06\/trip_el_minya_from_hurghada-e1560388818403.jpg?resize=200%2C200&ssl=1",200,200,true],"newspack-article-block-uncropped":["https:\/\/i0.wp.com\/landioustravel.com\/wp-content\/uploads\/2019\/06\/trip_el_minya_from_hurghada-e1560388818403.jpg?fit=1060%2C597&ssl=1",1060,597,true],"woocommerce_thumbnail":["https:\/\/i0.wp.com\/landioustravel.com\/wp-content\/uploads\/2019\/06\/trip_el_minya_from_hurghada-e1560388818403.jpg?resize=324%2C324&ssl=1",324,324,true],"woocommerce_single":["https:\/\/i0.wp.com\/landioustravel.com\/wp-content\/uploads\/2019\/06\/trip_el_minya_from_hurghada-e1560388818403.jpg?fit=416%2C234&ssl=1",416,234,true],"woocommerce_gallery_thumbnail":["https:\/\/i0.wp.com\/landioustravel.com\/wp-content\/uploads\/2019\/06\/trip_el_minya_from_hurghada-e1560388818403.jpg?resize=100%2C100&ssl=1",100,100,true]},"uagb_author_info":{"display_name":"Mofreh Landious","author_link":"https:\/\/landioustravel.com\/sv\/author\/"},"uagb_comment_info":2,"uagb_excerpt":"Om du letar efter ett unikt \u00e4ventyr utanf\u00f6r allfartsv\u00e4garna, \u00f6verv\u00e4g en dagstur till El Minya fr\u00e5n Kairo. V\u00e5r professionella guide kommer att vara med dig varje steg p\u00e5 v\u00e4gen f\u00f6r att s\u00e4kerst\u00e4lla att du f\u00e5r en s\u00e4ker och trevlig resa. Under din resa har du m\u00f6jlighet att bes\u00f6ka flera historiska platser, inklusive Tuna El Gabal,&hellip;","jetpack_sharing_enabled":true,"jetpack_likes_enabled":true,"amp_enabled":true,"_links":{"self":[{"href":"https:\/\/landioustravel.com\/sv\/wp-json\/wp\/v2\/product\/26284","targetHints":{"allow":["GET"]}}],"collection":[{"href":"https:\/\/landioustravel.com\/sv\/wp-json\/wp\/v2\/product"}],"about":[{"href":"https:\/\/landioustravel.com\/sv\/wp-json\/wp\/v2\/types\/product"}],"replies":[{"embeddable":true,"href":"https:\/\/landioustravel.com\/sv\/wp-json\/wp\/v2\/comments?post=26284"}],"wp:featuredmedia":[{"embeddable":true,"href":"https:\/\/landioustravel.com\/sv\/wp-json\/wp\/v2\/media\/26285"}],"wp:attachment":[{"href":"https:\/\/landioustravel.com\/sv\/wp-json\/wp\/v2\/media?parent=26284"}],"wp:term":[{"taxonomy":"product_brand","embeddable":true,"href":"https:\/\/landioustravel.com\/sv\/wp-json\/wp\/v2\/product_brand?post=26284"},{"taxonomy":"product_cat","embeddable":true,"href":"https:\/\/landioustravel.com\/sv\/wp-json\/wp\/v2\/product_cat?post=26284"},{"taxonomy":"product_tag","embeddable":true,"href":"https:\/\/landioustravel.com\/sv\/wp-json\/wp\/v2\/product_tag?post=26284"}],"curies":[{"name":"wp","href":"https:\/\/api.w.org\/{rel}","templated":true}]}}