{"id":26321,"date":"2019-06-10T19:04:25","date_gmt":"2020-12-17T02:13:26","guid":{"rendered":"https:\/\/landioustravel.com\/?post_type=product&#038;p=26321"},"modified":"2024-09-28T20:15:21","modified_gmt":"2024-09-28T17:15:21","slug":"resa-kairo-marsa-alam-flygplan","status":"publish","type":"product","link":"https:\/\/landioustravel.com\/sv\/shop\/resa-kairo-marsa-alam-flygplan\/","title":{"rendered":"Resa till Kairo fr\u00e5n Marsa Alam med flygplan"},"content":{"rendered":"<p>Det \u00e4r en fantastisk resa till Kairo fr\u00e5n Marsa Alam med flyg, Egypten! Vi rekommenderar den h\u00e4r flygresan eftersom den g\u00f6r det m\u00f6jligt f\u00f6r turister att se de mest imponerande sev\u00e4rdheterna och l\u00e4ra sig mer om landets historia. Resan g\u00e5r till de stora pyramiderna och sfinxen i Giza. Och det g\u00e5r ocks\u00e5 till egyptiska museet i Kairo. Deltagarna p\u00e5 resan kommer att g\u00f6ra denna efterl\u00e4ngtade resa med flyg utan att f\u00f6rlora mycket tid.<\/p>\n<h2>Huvudpunkterna f\u00f6r utflyktsprogrammet p\u00e5 Kairo med flyg<\/h2>\n<ul>\n<li>Bes\u00f6k Egyptiska museet i Kairo<\/li>\n<li>Lunch<\/li>\n<li>Bes\u00f6k de tre pyramiderna i Giza<\/li>\n<li>Och den stora sfinxen i pyramidkomplexet<\/li>\n<li>Basaren av Khan el-Khalili<\/li>\n<li>Dessutom Saladin Citadel och Alabaster Mosque of Mohammed Ali<\/li>\n<\/ul>\n<h3>Programmet f\u00f6r resa till Kairo &#8211; Giza fr\u00e5n Marsa Alam<\/h3>\n<ul>\n<li>Landious Travel-representant h\u00e4mtar dig fr\u00e5n ditt hotell i ett fordon klockan 02:00<\/li>\n<li>Efter att ha h\u00e4mtat alla bes\u00f6kare g\u00e5r bussen till Hurghadas internationella flygplats. Det tar cirka 2-3 timmar att komma till flygplatsen.<\/li>\n<\/ul>\n<h4>Program i Kairo<\/h4>\n<ul>\n<li>S\u00e5 snart du anl\u00e4nder till Kairo b\u00f6rjar din resa. Det f\u00f6rsta stoppet \u00e4r i Egyptiska museet. Det har cirka 100 utst\u00e4llningshallar i detta museum, d\u00e4r det finns en unik samling best\u00e5ende av cirka 150 tusen f\u00f6rem\u00e5l. Din guide har en uppgift att visa alla de viktigaste utst\u00e4llningarna i detta stora museum och ge ledig tid att ta bilder<\/li>\n<li>Efter att ha bes\u00f6kt Egyptiska museet i Kairo startar du b\u00e5tpicknicken vid floden Nilen som ett betalt alternativ. Detta \u00e4r ett extra program och det kan best\u00e4llas i f\u00f6rv\u00e4g via oss! S\u00e5 snart b\u00e5tens picknick p\u00e5 Nilen slutar, \u00e5ker du till en annan stad _ Giza<\/li>\n<\/ul>\n<h4>Program i Giza<\/h4>\n<ul>\n<li>Ditt n\u00e4sta stopp under resan fr\u00e5n Marsa Alam kommer att vara i Giza. Det f\u00f6rsta stoppet d\u00e4r kommer att finnas i restaurangen. Det erbjuder en \u00f6ppen buff\u00e9<\/li>\n<li>Sedan g\u00e5r gruppen till pyramidkomplexet, d\u00e4r det finns s\u00e5 stora pyramider och sfinxen. Din guide visar dem och ger ledig tid att ta en bild<\/li>\n<\/ul>\n<h4>Program i gamla Kairo<\/h4>\n<ul>\n<li>Innan resan avslutas bes\u00f6ker du den vackra gamla staden Kairo. D\u00e4r hittar du landets st\u00f6rsta marknad, basen Khan el-Khalili, grundad p\u00e5 1300-talet.<\/li>\n<li>D\u00e4refter g\u00e5r du till Saladin Citadel f\u00f6r att bes\u00f6ka Alabaster Mosque of Mohammed Ali in.<\/li>\n<li>Efter ett s\u00e5dant program i de underbara st\u00e4derna Kairo och Giza, \u00e5ker du tillbaka till Kairos flygplats.<\/li>\n<li>Denna &#8221;resa till Kairo fr\u00e5n Marsa Alam med flyg&#8221; slutar tillbaka klockan 02:00 n\u00e4sta dag.<\/li>\n<\/ul>\n<h4>Vad ing\u00e5r i turn\u00e9priset<\/h4>\n<ul>\n<li>Biljetter till bes\u00f6kande tempel<\/li>\n<li>Lunch<\/li>\n<li>Guide<\/li>\n<li>Transfer till Hurghadas flygplats<\/li>\n<li>Transfer i Kairo<\/li>\n<li>\u00d6verf\u00f6r ocks\u00e5 fr\u00e5n Hurghadas flygplats tillbaka till ditt hotell i Marsa Alam<\/li>\n<\/ul>\n<h5>Vad ing\u00e5r inte i resans pris<\/h5>\n<ul>\n<li>Ytterligare utflyktsprogram om de inte ing\u00e5r i ovanst\u00e5ende program<\/li>\n<li>Ocks\u00e5, drycker<\/li>\n<\/ul>\n<h6>VAD DU ska ta med dig f\u00f6r resan<\/h6>\n<ul>\n<li>Frukostl\u00e5da<\/li>\n<li>Ocks\u00e5 pass<\/li>\n<\/ul>\n<h6>Dagar med utflyktsorganisation<\/h6>\n<ul>\n<li>Torsdagar 05:00 &#8211; 23:00<\/li>\n<li>P\u00e5 fredagar ocks\u00e5 fr\u00e5n kl. 05.00 till 23.00<\/li>\n<\/ul>\n","protected":false},"excerpt":{"rendered":"<p>\u00c4r du redo f\u00f6r en of\u00f6rgl\u00f6mlig turn\u00e9upplevelse? Vi har en privat dagstur fr\u00e5n Marsa Alam till Kairo som du inte vill missa. V\u00e5r v\u00e4nliga representant h\u00e4mtar dig fr\u00e5n ditt hotell i Marsa Alam och transporterar dig till Hurghadas flygplats, d\u00e4r du tar ett flyg till Kairo. Vid ankomsten kommer v\u00e5r kunniga egyptologguide att f\u00f6lja med dig f\u00f6r att bes\u00f6ka de hisnande pyramiderna i Giza, sfinxen och daltemplet i Chephren-pyramiden.<\/p>\n<p>Efter\u00e5t kan du utforska Papyrusinstitutet och l\u00e4ra dig om de gamla egyptiernas papperstillverkningstekniker. Om du vill k\u00f6pa naturliga papyruspresenter \u00e4r det h\u00e4r det perfekta st\u00e4llet att g\u00f6ra det. Du kommer ocks\u00e5 att njuta av lunch p\u00e5 en lokal restaurang i Kairo med en fantastisk utsikt \u00f6ver pyramiderna.<\/p>\n<p>D\u00e4refter bes\u00f6ker du det egyptiska museet, hem f\u00f6r \u00f6ver 250 000 \u00e4kta artefakter, inklusive den legendariska Tutankhamons samling av skatter, guld och smycken. Om du \u00e4r intresserad av att bes\u00f6ka mumiernas kungliga sal, fr\u00e5ga bara v\u00e5r guide att ta dig till National Museum of Egyptian Civilization f\u00f6r en extra avgift p\u00e5 $25.<\/p>\n<p>Slutligen har du m\u00f6jlighet att utforska Khan El Khalili, Kairos gamla basar, innan du k\u00f6rs tillbaka till flygplatsen f\u00f6r att hinna med ditt flyg tillbaka till Hurghada. V\u00e5r turn\u00e9 inkluderar flygbiljetter, transfer, entr\u00e9biljetter, lunch och shoppingturer i Kairo. Vi vill att du ska f\u00e5 den b\u00e4sta m\u00f6jliga upplevelsen, s\u00e5 st\u00e4ll g\u00e4rna din guide alla fr\u00e5gor du kan ha. Vi \u00e4r h\u00e4r f\u00f6r att hj\u00e4lpa till att g\u00f6ra din turn\u00e9 njutbar, s\u00e4ker och of\u00f6rgl\u00f6mlig.<\/p>\n","protected":false},"featured_media":99040,"comment_status":"open","ping_status":"closed","template":"","meta":{"_coblocks_attr":"","_coblocks_dimensions":"","_coblocks_responsive_height":"","_coblocks_accordion_ie_support":"","_uag_custom_page_level_css":"","jetpack_publicize_message":"","jetpack_publicize_feature_enabled":true,"jetpack_social_post_already_shared":true,"jetpack_social_options":{"image_generator_settings":{"template":"highway","default_image_id":0,"font":"","enabled":false},"version":2},"_wpas_customize_per_network":false},"product_brand":[],"product_cat":[18877,18879],"product_tag":[18974,19015,19027,19030,18998],"class_list":{"0":"post-26321","1":"product","2":"type-product","3":"status-publish","4":"has-post-thumbnail","6":"product_cat-marsa-alam-utflykter","7":"product_cat-sightseeing-turer-marsa-alam","8":"product_tag-kairo-sv","9":"product_tag-pyramider","10":"product_tag-sightseeing-sv","11":"product_tag-sphinx-sv","12":"product_tag-utflykt","13":"pa_age-barn","14":"pa_age-vuxen","16":"first","17":"instock","18":"sale","19":"taxable","20":"shipping-taxable","21":"purchasable","22":"product-type-variable"},"yoast_head":"<!-- This site is optimized with the Yoast SEO Premium plugin v26.9 (Yoast SEO v27.5) - https:\/\/yoast.com\/product\/yoast-seo-premium-wordpress\/ -->\n<title>Resa till Kairo fr\u00e5n Marsa Alam med flygplan<\/title>\n<meta name=\"description\" content=\"Resa till Kairo fr\u00e5n Marsa Alam med flygplan bes\u00f6ker du de tre stora pyramiderna i Giza och Stora sfinxen. Sedan \u00e4ter vi lunch. Efter lunch kan du bes\u00f6ka\" \/>\n<meta name=\"robots\" content=\"index, follow, max-snippet:-1, max-image-preview:large, max-video-preview:-1\" \/>\n<link rel=\"canonical\" href=\"https:\/\/landioustravel.com\/sv\/shop\/resa-kairo-marsa-alam-flygplan\/\" \/>\n<meta property=\"og:locale\" content=\"sv_SE\" \/>\n<meta property=\"og:type\" content=\"article\" \/>\n<meta property=\"og:title\" content=\"Resa till Kairo fr\u00e5n Marsa Alam med flygplan\" \/>\n<meta property=\"og:description\" content=\"Landious Travel\" \/>\n<meta property=\"og:url\" content=\"https:\/\/landioustravel.com\/sv\/shop\/resa-kairo-marsa-alam-flygplan\/\" \/>\n<meta property=\"og:site_name\" content=\"Landious Travel\" \/>\n<meta property=\"article:publisher\" content=\"https:\/\/web.facebook.com\/landiousEgypt\" \/>\n<meta property=\"article:modified_time\" content=\"2024-09-28T17:15:21+00:00\" \/>\n<meta property=\"og:image\" content=\"https:\/\/i0.wp.com\/landioustravel.com\/wp-content\/uploads\/2019\/06\/Cairo-Trip-Marsa-Alam-by-Plane-e1669074904799.jpg?fit=1200%2C675&ssl=1\" \/>\n\t<meta property=\"og:image:width\" content=\"1200\" \/>\n\t<meta property=\"og:image:height\" content=\"675\" \/>\n\t<meta property=\"og:image:type\" content=\"image\/jpeg\" \/>\n<meta name=\"twitter:card\" content=\"summary_large_image\" \/>\n<meta name=\"twitter:site\" content=\"@LandiousTours\" \/>\n<meta name=\"twitter:label1\" content=\"Ber\u00e4knad l\u00e4stid\" \/>\n\t<meta name=\"twitter:data1\" content=\"3 minuter\" \/>\n<script type=\"application\/ld+json\" class=\"yoast-schema-graph\">{\"@context\":\"https:\\\/\\\/schema.org\",\"@graph\":[{\"@type\":\"WebPage\",\"@id\":\"https:\\\/\\\/landioustravel.com\\\/sv\\\/shop\\\/resa-kairo-marsa-alam-flygplan\\\/\",\"url\":\"https:\\\/\\\/landioustravel.com\\\/sv\\\/shop\\\/resa-kairo-marsa-alam-flygplan\\\/\",\"name\":\"Resa till Kairo fr\u00e5n Marsa Alam med flygplan\",\"isPartOf\":{\"@id\":\"https:\\\/\\\/landioustravel.com\\\/sv\\\/#website\"},\"primaryImageOfPage\":{\"@id\":\"https:\\\/\\\/landioustravel.com\\\/sv\\\/shop\\\/resa-kairo-marsa-alam-flygplan\\\/#primaryimage\"},\"image\":{\"@id\":\"https:\\\/\\\/landioustravel.com\\\/sv\\\/shop\\\/resa-kairo-marsa-alam-flygplan\\\/#primaryimage\"},\"thumbnailUrl\":\"https:\\\/\\\/i0.wp.com\\\/landioustravel.com\\\/wp-content\\\/uploads\\\/2019\\\/06\\\/Cairo-Trip-Marsa-Alam-by-Plane-e1669074904799.jpg?fit=1200%2C675&ssl=1\",\"datePublished\":\"2020-12-17T02:13:26+00:00\",\"dateModified\":\"2024-09-28T17:15:21+00:00\",\"description\":\"Resa till Kairo fr\u00e5n Marsa Alam med flygplan bes\u00f6ker du de tre stora pyramiderna i Giza och Stora sfinxen. Sedan \u00e4ter vi lunch. Efter lunch kan du bes\u00f6ka\",\"breadcrumb\":{\"@id\":\"https:\\\/\\\/landioustravel.com\\\/sv\\\/shop\\\/resa-kairo-marsa-alam-flygplan\\\/#breadcrumb\"},\"inLanguage\":\"sv-SE\",\"potentialAction\":[{\"@type\":\"ReadAction\",\"target\":[\"https:\\\/\\\/landioustravel.com\\\/sv\\\/shop\\\/resa-kairo-marsa-alam-flygplan\\\/\"]}]},{\"@type\":\"ImageObject\",\"inLanguage\":\"sv-SE\",\"@id\":\"https:\\\/\\\/landioustravel.com\\\/sv\\\/shop\\\/resa-kairo-marsa-alam-flygplan\\\/#primaryimage\",\"url\":\"https:\\\/\\\/i0.wp.com\\\/landioustravel.com\\\/wp-content\\\/uploads\\\/2019\\\/06\\\/Cairo-Trip-Marsa-Alam-by-Plane-e1669074904799.jpg?fit=1200%2C675&ssl=1\",\"contentUrl\":\"https:\\\/\\\/i0.wp.com\\\/landioustravel.com\\\/wp-content\\\/uploads\\\/2019\\\/06\\\/Cairo-Trip-Marsa-Alam-by-Plane-e1669074904799.jpg?fit=1200%2C675&ssl=1\",\"width\":1200,\"height\":675,\"caption\":\"Cairo Trip Marsa Alam by Plane\"},{\"@type\":\"BreadcrumbList\",\"@id\":\"https:\\\/\\\/landioustravel.com\\\/sv\\\/shop\\\/resa-kairo-marsa-alam-flygplan\\\/#breadcrumb\",\"itemListElement\":[{\"@type\":\"ListItem\",\"position\":1,\"name\":\"Home\",\"item\":\"https:\\\/\\\/landioustravel.com\\\/sv\\\/\"},{\"@type\":\"ListItem\",\"position\":2,\"name\":\"Tj\u00e4nster &#038; turer\",\"item\":\"https:\\\/\\\/landioustravel.com\\\/sv\\\/\"},{\"@type\":\"ListItem\",\"position\":3,\"name\":\"Resa till Kairo fr\u00e5n Marsa Alam med flygplan\"}]},{\"@type\":\"WebSite\",\"@id\":\"https:\\\/\\\/landioustravel.com\\\/sv\\\/#website\",\"url\":\"https:\\\/\\\/landioustravel.com\\\/sv\\\/\",\"name\":\"Landious Travel\",\"description\":\"Excursions, trips and cruises in Egypt\",\"publisher\":{\"@id\":\"https:\\\/\\\/landioustravel.com\\\/sv\\\/#organization\"},\"potentialAction\":[{\"@type\":\"SearchAction\",\"target\":{\"@type\":\"EntryPoint\",\"urlTemplate\":\"https:\\\/\\\/landioustravel.com\\\/sv\\\/?s={search_term_string}\"},\"query-input\":{\"@type\":\"PropertyValueSpecification\",\"valueRequired\":true,\"valueName\":\"search_term_string\"}}],\"inLanguage\":\"sv-SE\"},{\"@type\":[\"Organization\",\"Place\"],\"@id\":\"https:\\\/\\\/landioustravel.com\\\/sv\\\/#organization\",\"name\":\"Landious Travel\",\"alternateName\":\"Landious Travel\",\"url\":\"https:\\\/\\\/landioustravel.com\\\/sv\\\/\",\"logo\":{\"@id\":\"https:\\\/\\\/landioustravel.com\\\/sv\\\/shop\\\/resa-kairo-marsa-alam-flygplan\\\/#local-main-organization-logo\"},\"image\":{\"@id\":\"https:\\\/\\\/landioustravel.com\\\/sv\\\/shop\\\/resa-kairo-marsa-alam-flygplan\\\/#local-main-organization-logo\"},\"sameAs\":[\"https:\\\/\\\/web.facebook.com\\\/landiousEgypt\",\"https:\\\/\\\/x.com\\\/LandiousTours\",\"https:\\\/\\\/mastodon.social\\\/@landious\"],\"legalName\":\"Landious Travel\",\"telephone\":[],\"openingHoursSpecification\":[{\"@type\":\"OpeningHoursSpecification\",\"dayOfWeek\":[\"Monday\",\"Tuesday\",\"Wednesday\",\"Thursday\",\"Friday\",\"Saturday\",\"Sunday\"],\"opens\":\"09:00\",\"closes\":\"17:00\"}]},{\"@type\":\"ImageObject\",\"inLanguage\":\"sv-SE\",\"@id\":\"https:\\\/\\\/landioustravel.com\\\/sv\\\/shop\\\/resa-kairo-marsa-alam-flygplan\\\/#local-main-organization-logo\",\"url\":\"https:\\\/\\\/i0.wp.com\\\/landioustravel.com\\\/wp-content\\\/uploads\\\/2021\\\/06\\\/Landious-T.png?fit=500%2C500&ssl=1\",\"contentUrl\":\"https:\\\/\\\/i0.wp.com\\\/landioustravel.com\\\/wp-content\\\/uploads\\\/2021\\\/06\\\/Landious-T.png?fit=500%2C500&ssl=1\",\"width\":500,\"height\":500,\"caption\":\"Landious Travel\"}]}<\/script>\n<!-- \/ Yoast SEO Premium plugin. -->","yoast_head_json":{"title":"Resa till Kairo fr\u00e5n Marsa Alam med flygplan","description":"Resa till Kairo fr\u00e5n Marsa Alam med flygplan bes\u00f6ker du de tre stora pyramiderna i Giza och Stora sfinxen. Sedan \u00e4ter vi lunch. Efter lunch kan du bes\u00f6ka","robots":{"index":"index","follow":"follow","max-snippet":"max-snippet:-1","max-image-preview":"max-image-preview:large","max-video-preview":"max-video-preview:-1"},"canonical":"https:\/\/landioustravel.com\/sv\/shop\/resa-kairo-marsa-alam-flygplan\/","og_locale":"sv_SE","og_type":"article","og_title":"Resa till Kairo fr\u00e5n Marsa Alam med flygplan","og_description":"Landious Travel","og_url":"https:\/\/landioustravel.com\/sv\/shop\/resa-kairo-marsa-alam-flygplan\/","og_site_name":"Landious Travel","article_publisher":"https:\/\/web.facebook.com\/landiousEgypt","article_modified_time":"2024-09-28T17:15:21+00:00","og_image":[{"width":1200,"height":675,"url":"https:\/\/i0.wp.com\/landioustravel.com\/wp-content\/uploads\/2019\/06\/Cairo-Trip-Marsa-Alam-by-Plane-e1669074904799.jpg?fit=1200%2C675&ssl=1","type":"image\/jpeg"}],"twitter_card":"summary_large_image","twitter_site":"@LandiousTours","twitter_misc":{"Ber\u00e4knad l\u00e4stid":"3 minuter"},"schema":{"@context":"https:\/\/schema.org","@graph":[{"@type":"WebPage","@id":"https:\/\/landioustravel.com\/sv\/shop\/resa-kairo-marsa-alam-flygplan\/","url":"https:\/\/landioustravel.com\/sv\/shop\/resa-kairo-marsa-alam-flygplan\/","name":"Resa till Kairo fr\u00e5n Marsa Alam med flygplan","isPartOf":{"@id":"https:\/\/landioustravel.com\/sv\/#website"},"primaryImageOfPage":{"@id":"https:\/\/landioustravel.com\/sv\/shop\/resa-kairo-marsa-alam-flygplan\/#primaryimage"},"image":{"@id":"https:\/\/landioustravel.com\/sv\/shop\/resa-kairo-marsa-alam-flygplan\/#primaryimage"},"thumbnailUrl":"https:\/\/i0.wp.com\/landioustravel.com\/wp-content\/uploads\/2019\/06\/Cairo-Trip-Marsa-Alam-by-Plane-e1669074904799.jpg?fit=1200%2C675&ssl=1","datePublished":"2020-12-17T02:13:26+00:00","dateModified":"2024-09-28T17:15:21+00:00","description":"Resa till Kairo fr\u00e5n Marsa Alam med flygplan bes\u00f6ker du de tre stora pyramiderna i Giza och Stora sfinxen. Sedan \u00e4ter vi lunch. Efter lunch kan du bes\u00f6ka","breadcrumb":{"@id":"https:\/\/landioustravel.com\/sv\/shop\/resa-kairo-marsa-alam-flygplan\/#breadcrumb"},"inLanguage":"sv-SE","potentialAction":[{"@type":"ReadAction","target":["https:\/\/landioustravel.com\/sv\/shop\/resa-kairo-marsa-alam-flygplan\/"]}]},{"@type":"ImageObject","inLanguage":"sv-SE","@id":"https:\/\/landioustravel.com\/sv\/shop\/resa-kairo-marsa-alam-flygplan\/#primaryimage","url":"https:\/\/i0.wp.com\/landioustravel.com\/wp-content\/uploads\/2019\/06\/Cairo-Trip-Marsa-Alam-by-Plane-e1669074904799.jpg?fit=1200%2C675&ssl=1","contentUrl":"https:\/\/i0.wp.com\/landioustravel.com\/wp-content\/uploads\/2019\/06\/Cairo-Trip-Marsa-Alam-by-Plane-e1669074904799.jpg?fit=1200%2C675&ssl=1","width":1200,"height":675,"caption":"Cairo Trip Marsa Alam by Plane"},{"@type":"BreadcrumbList","@id":"https:\/\/landioustravel.com\/sv\/shop\/resa-kairo-marsa-alam-flygplan\/#breadcrumb","itemListElement":[{"@type":"ListItem","position":1,"name":"Home","item":"https:\/\/landioustravel.com\/sv\/"},{"@type":"ListItem","position":2,"name":"Tj\u00e4nster &#038; turer","item":"https:\/\/landioustravel.com\/sv\/"},{"@type":"ListItem","position":3,"name":"Resa till Kairo fr\u00e5n Marsa Alam med flygplan"}]},{"@type":"WebSite","@id":"https:\/\/landioustravel.com\/sv\/#website","url":"https:\/\/landioustravel.com\/sv\/","name":"Landious Travel","description":"Excursions, trips and cruises in Egypt","publisher":{"@id":"https:\/\/landioustravel.com\/sv\/#organization"},"potentialAction":[{"@type":"SearchAction","target":{"@type":"EntryPoint","urlTemplate":"https:\/\/landioustravel.com\/sv\/?s={search_term_string}"},"query-input":{"@type":"PropertyValueSpecification","valueRequired":true,"valueName":"search_term_string"}}],"inLanguage":"sv-SE"},{"@type":["Organization","Place"],"@id":"https:\/\/landioustravel.com\/sv\/#organization","name":"Landious Travel","alternateName":"Landious Travel","url":"https:\/\/landioustravel.com\/sv\/","logo":{"@id":"https:\/\/landioustravel.com\/sv\/shop\/resa-kairo-marsa-alam-flygplan\/#local-main-organization-logo"},"image":{"@id":"https:\/\/landioustravel.com\/sv\/shop\/resa-kairo-marsa-alam-flygplan\/#local-main-organization-logo"},"sameAs":["https:\/\/web.facebook.com\/landiousEgypt","https:\/\/x.com\/LandiousTours","https:\/\/mastodon.social\/@landious"],"legalName":"Landious Travel","telephone":[],"openingHoursSpecification":[{"@type":"OpeningHoursSpecification","dayOfWeek":["Monday","Tuesday","Wednesday","Thursday","Friday","Saturday","Sunday"],"opens":"09:00","closes":"17:00"}]},{"@type":"ImageObject","inLanguage":"sv-SE","@id":"https:\/\/landioustravel.com\/sv\/shop\/resa-kairo-marsa-alam-flygplan\/#local-main-organization-logo","url":"https:\/\/i0.wp.com\/landioustravel.com\/wp-content\/uploads\/2021\/06\/Landious-T.png?fit=500%2C500&ssl=1","contentUrl":"https:\/\/i0.wp.com\/landioustravel.com\/wp-content\/uploads\/2021\/06\/Landious-T.png?fit=500%2C500&ssl=1","width":500,"height":500,"caption":"Landious Travel"}]}},"jetpack_publicize_connections":[],"uagb_featured_image_src":{"full":["https:\/\/i0.wp.com\/landioustravel.com\/wp-content\/uploads\/2019\/06\/Cairo-Trip-Marsa-Alam-by-Plane-e1669074904799.jpg?fit=1200%2C675&ssl=1",1200,675,false],"thumbnail":["https:\/\/i0.wp.com\/landioustravel.com\/wp-content\/uploads\/2019\/06\/Cairo-Trip-Marsa-Alam-by-Plane-e1669074904799.jpg?resize=150%2C150&ssl=1",150,150,true],"medium":["https:\/\/i0.wp.com\/landioustravel.com\/wp-content\/uploads\/2019\/06\/Cairo-Trip-Marsa-Alam-by-Plane-e1669074904799.jpg?fit=300%2C169&ssl=1",300,169,true],"medium_large":["https:\/\/i0.wp.com\/landioustravel.com\/wp-content\/uploads\/2019\/06\/Cairo-Trip-Marsa-Alam-by-Plane-e1669074904799.jpg?fit=768%2C432&ssl=1",768,432,true],"large":["https:\/\/i0.wp.com\/landioustravel.com\/wp-content\/uploads\/2019\/06\/Cairo-Trip-Marsa-Alam-by-Plane-e1669074904799.jpg?fit=980%2C551&ssl=1",980,551,true],"1536x1536":["https:\/\/i0.wp.com\/landioustravel.com\/wp-content\/uploads\/2019\/06\/Cairo-Trip-Marsa-Alam-by-Plane-e1669074904799.jpg?fit=1200%2C675&ssl=1",1200,675,true],"2048x2048":["https:\/\/i0.wp.com\/landioustravel.com\/wp-content\/uploads\/2019\/06\/Cairo-Trip-Marsa-Alam-by-Plane-e1669074904799.jpg?fit=1200%2C675&ssl=1",1200,675,true],"newspack-article-block-landscape-large":["https:\/\/i0.wp.com\/landioustravel.com\/wp-content\/uploads\/2019\/06\/Cairo-Trip-Marsa-Alam-by-Plane-e1669074904799.jpg?resize=1200%2C675&ssl=1",1200,675,true],"newspack-article-block-portrait-large":["https:\/\/i0.wp.com\/landioustravel.com\/wp-content\/uploads\/2019\/06\/Cairo-Trip-Marsa-Alam-by-Plane-e1669074904799.jpg?resize=900%2C675&ssl=1",900,675,true],"newspack-article-block-square-large":["https:\/\/i0.wp.com\/landioustravel.com\/wp-content\/uploads\/2019\/06\/Cairo-Trip-Marsa-Alam-by-Plane-e1669074904799.jpg?resize=1200%2C675&ssl=1",1200,675,true],"newspack-article-block-landscape-medium":["https:\/\/i0.wp.com\/landioustravel.com\/wp-content\/uploads\/2019\/06\/Cairo-Trip-Marsa-Alam-by-Plane-e1669074904799.jpg?resize=800%2C600&ssl=1",800,600,true],"newspack-article-block-portrait-medium":["https:\/\/i0.wp.com\/landioustravel.com\/wp-content\/uploads\/2019\/06\/Cairo-Trip-Marsa-Alam-by-Plane-e1669074904799.jpg?resize=600%2C675&ssl=1",600,675,true],"newspack-article-block-square-medium":["https:\/\/i0.wp.com\/landioustravel.com\/wp-content\/uploads\/2019\/06\/Cairo-Trip-Marsa-Alam-by-Plane-e1669074904799.jpg?resize=800%2C675&ssl=1",800,675,true],"newspack-article-block-landscape-intermediate":["https:\/\/i0.wp.com\/landioustravel.com\/wp-content\/uploads\/2019\/06\/Cairo-Trip-Marsa-Alam-by-Plane-e1669074904799.jpg?resize=600%2C450&ssl=1",600,450,true],"newspack-article-block-portrait-intermediate":["https:\/\/i0.wp.com\/landioustravel.com\/wp-content\/uploads\/2019\/06\/Cairo-Trip-Marsa-Alam-by-Plane-e1669074904799.jpg?resize=450%2C600&ssl=1",450,600,true],"newspack-article-block-square-intermediate":["https:\/\/i0.wp.com\/landioustravel.com\/wp-content\/uploads\/2019\/06\/Cairo-Trip-Marsa-Alam-by-Plane-e1669074904799.jpg?resize=600%2C600&ssl=1",600,600,true],"newspack-article-block-landscape-small":["https:\/\/i0.wp.com\/landioustravel.com\/wp-content\/uploads\/2019\/06\/Cairo-Trip-Marsa-Alam-by-Plane-e1669074904799.jpg?resize=400%2C300&ssl=1",400,300,true],"newspack-article-block-portrait-small":["https:\/\/i0.wp.com\/landioustravel.com\/wp-content\/uploads\/2019\/06\/Cairo-Trip-Marsa-Alam-by-Plane-e1669074904799.jpg?resize=300%2C400&ssl=1",300,400,true],"newspack-article-block-square-small":["https:\/\/i0.wp.com\/landioustravel.com\/wp-content\/uploads\/2019\/06\/Cairo-Trip-Marsa-Alam-by-Plane-e1669074904799.jpg?resize=400%2C400&ssl=1",400,400,true],"newspack-article-block-landscape-tiny":["https:\/\/i0.wp.com\/landioustravel.com\/wp-content\/uploads\/2019\/06\/Cairo-Trip-Marsa-Alam-by-Plane-e1669074904799.jpg?resize=200%2C150&ssl=1",200,150,true],"newspack-article-block-portrait-tiny":["https:\/\/i0.wp.com\/landioustravel.com\/wp-content\/uploads\/2019\/06\/Cairo-Trip-Marsa-Alam-by-Plane-e1669074904799.jpg?resize=150%2C200&ssl=1",150,200,true],"newspack-article-block-square-tiny":["https:\/\/i0.wp.com\/landioustravel.com\/wp-content\/uploads\/2019\/06\/Cairo-Trip-Marsa-Alam-by-Plane-e1669074904799.jpg?resize=200%2C200&ssl=1",200,200,true],"newspack-article-block-uncropped":["https:\/\/i0.wp.com\/landioustravel.com\/wp-content\/uploads\/2019\/06\/Cairo-Trip-Marsa-Alam-by-Plane-e1669074904799.jpg?fit=1200%2C675&ssl=1",1200,675,true],"woocommerce_thumbnail":["https:\/\/i0.wp.com\/landioustravel.com\/wp-content\/uploads\/2019\/06\/Cairo-Trip-Marsa-Alam-by-Plane-e1669074904799.jpg?resize=324%2C324&ssl=1",324,324,true],"woocommerce_single":["https:\/\/i0.wp.com\/landioustravel.com\/wp-content\/uploads\/2019\/06\/Cairo-Trip-Marsa-Alam-by-Plane-e1669074904799.jpg?fit=416%2C234&ssl=1",416,234,true],"woocommerce_gallery_thumbnail":["https:\/\/i0.wp.com\/landioustravel.com\/wp-content\/uploads\/2019\/06\/Cairo-Trip-Marsa-Alam-by-Plane-e1669074904799.jpg?resize=100%2C100&ssl=1",100,100,true]},"uagb_author_info":{"display_name":"Mofreh Landious","author_link":"https:\/\/landioustravel.com\/sv\/author\/"},"uagb_comment_info":2,"uagb_excerpt":"\u00c4r du redo f\u00f6r en of\u00f6rgl\u00f6mlig turn\u00e9upplevelse? Vi har en privat dagstur fr\u00e5n Marsa Alam till Kairo som du inte vill missa. V\u00e5r v\u00e4nliga representant h\u00e4mtar dig fr\u00e5n ditt hotell i Marsa Alam och transporterar dig till Hurghadas flygplats, d\u00e4r du tar ett flyg till Kairo. Vid ankomsten kommer v\u00e5r kunniga egyptologguide att f\u00f6lja med&hellip;","jetpack_sharing_enabled":true,"jetpack_likes_enabled":true,"amp_enabled":true,"_links":{"self":[{"href":"https:\/\/landioustravel.com\/sv\/wp-json\/wp\/v2\/product\/26321","targetHints":{"allow":["GET"]}}],"collection":[{"href":"https:\/\/landioustravel.com\/sv\/wp-json\/wp\/v2\/product"}],"about":[{"href":"https:\/\/landioustravel.com\/sv\/wp-json\/wp\/v2\/types\/product"}],"replies":[{"embeddable":true,"href":"https:\/\/landioustravel.com\/sv\/wp-json\/wp\/v2\/comments?post=26321"}],"wp:featuredmedia":[{"embeddable":true,"href":"https:\/\/landioustravel.com\/sv\/wp-json\/wp\/v2\/media\/99040"}],"wp:attachment":[{"href":"https:\/\/landioustravel.com\/sv\/wp-json\/wp\/v2\/media?parent=26321"}],"wp:term":[{"taxonomy":"product_brand","embeddable":true,"href":"https:\/\/landioustravel.com\/sv\/wp-json\/wp\/v2\/product_brand?post=26321"},{"taxonomy":"product_cat","embeddable":true,"href":"https:\/\/landioustravel.com\/sv\/wp-json\/wp\/v2\/product_cat?post=26321"},{"taxonomy":"product_tag","embeddable":true,"href":"https:\/\/landioustravel.com\/sv\/wp-json\/wp\/v2\/product_tag?post=26321"}],"curies":[{"name":"wp","href":"https:\/\/api.w.org\/{rel}","templated":true}]}}