{"id":26344,"date":"2018-11-13T08:22:45","date_gmt":"2020-12-17T03:06:47","guid":{"rendered":"https:\/\/landioustravel.com\/?post_type=product&#038;p=26344"},"modified":"2025-10-01T20:20:49","modified_gmt":"2025-10-01T17:20:49","slug":"utflykt-on-giftun-hurghada","status":"publish","type":"product","link":"https:\/\/landioustravel.com\/sv\/shop\/utflykt-on-giftun-hurghada\/","title":{"rendered":"Utflykt till \u00f6n Giftun i Hurghada"},"content":{"rendered":"<p>Det \u00e4r en underbar b\u00e5ttur till Grand Giftun Island i Hurghada, Egypten! Vi rekommenderar resan eftersom det till\u00e5ter turister att ha god tid till sj\u00f6ss! Resan ger dig m\u00f6jlighet att se vackra koraller och en m\u00e4ngd olika fiskar. Du kan fortfarande njuta av havspickniken l\u00e4ngs R\u00f6da havets kust och landa p\u00e5 Giftun Island. \u00d6n ligger n\u00e4ra Read Sea Coast i Hurghada.<\/p>\n<h2>Huvudpunkterna i utflyktsprogrammet till Giftun Island<\/h2>\n<ul>\n<li>Simning tv\u00e5 g\u00e5nger i \u00f6ppet hav fr\u00e5n b\u00e5ten<\/li>\n<li>Snorkling med masker och simf\u00f6tter i \u00f6ppet hav<\/li>\n<li>Mat<\/li>\n<li>Dessutom landar p\u00e5 Giftun Island<\/li>\n<\/ul>\n<h3>Program f\u00f6r utflykt till Giftun Island i Hurghada<\/h3>\n<ul>\n<li>Landious Travel-representant h\u00e4mtar dig fr\u00e5n ditt hotell i Hurghada, klockan 08:00<\/li>\n<li>Efter att ha h\u00e4mtat alla bes\u00f6kare g\u00e5r bussen till hamnen. V\u00e4gen till hamnen tar 30 minuter<\/li>\n<li>Du hittar din b\u00e5t i hamnen. Det \u00e4r stort och elegant! Denna b\u00e5t best\u00e5r av tv\u00e5 v\u00e5ningar. S\u00e5 fort du g\u00e5r vidare till b\u00e5ten \u00e4r det n\u00f6dv\u00e4ndigt att ta av dig skorna och stiga upp till andra v\u00e5ningen och sola p\u00e5 det \u00f6vre sold\u00e4cket<\/li>\n<li>B\u00e5ten g\u00e5r vidare \u00f6ver R\u00f6da havet, s\u00e5 snart gruppen samlas. Och p\u00e5 en vacker korallhavsplats kommer du att stoppa i \u00f6ppet hav. D\u00e4r kan du simma och snorkla med masker och simf\u00f6tter<\/li>\n<li>D\u00e4refter tar vi dig till Giftun Island p\u00e5 en motorb\u00e5t<\/li>\n<li>Fr\u00e5n sj\u00e4lva \u00f6n kommer det att vara m\u00f6jligt att g\u00e5 ut i havet, eller bara, att v\u00e4lta sig p\u00e5 den mjuka sanden p\u00e5 stranden<\/li>\n<li>Efter detta fantastiska stopp kommer du tillbaka till b\u00e5ten f\u00f6r lunch. Under lunchen \u00e4r buff\u00e9n \u00f6ppen<\/li>\n<li>Dessutom har du tid att simma och snorkla med masker och simf\u00f6tter p\u00e5 en annan havsplats<\/li>\n<li>N\u00e4r du har avslutat din interaktion b\u00f6rjar en bild- och DVD-briefing. I slutet av snorklingsturen p\u00e5 Giftun Island-Beach kommer din tr\u00e4nare att erbjuda dig att ta n\u00e5gra bilder f\u00f6r att memorera dessa h\u00e4rliga stunder. D\u00e4refter erbjuds dessa bilder mot en extra kostnad. Priset p\u00e5 det varierar beroende p\u00e5 dess storlek. Det kommer att vara n\u00e5got valfritt att ha det. DVD-briefingen p\u00e5g\u00e5r i 30 minuter<\/li>\n<li>Efter att en s\u00e5dan underbar havsresa anl\u00e4nder tillbaka till hamnen, eskorterar vi dig tillbaka till dina hotell<\/li>\n<li>Denna &#8221;Utflykt till \u00f6n Giftun i Hurghada&#8221; slutar cirka kl. 16.30<\/li>\n<\/ul>\n<h4>Vad ing\u00e5r i resepriset<\/h4>\n<ul>\n<li>Masker och simf\u00f6tter<\/li>\n<li>Mat drinkar<\/li>\n<li>\u00d6verf\u00f6r ocks\u00e5 till hamnen och tillbaka till hotellet<\/li>\n<\/ul>\n<h5>Vad ing\u00e5r inte i resans pris<\/h5>\n<ul>\n<li>Video DVD<\/li>\n<li>\u00c4ven foto-CD<\/li>\n<\/ul>\n<h6>Vad du ska ta med dig f\u00f6r resan<\/h6>\n<ul>\n<li>Handduk<\/li>\n<li>\u00c4ven solskyddsmedel<\/li>\n<\/ul>\n<h6>Dagar med utflyktsorganisation<\/h6>\n<ul>\n<li>Dagligen fr\u00e5n kl. 08.00 till 17.00<\/li>\n<\/ul>\n","protected":false},"excerpt":{"rendered":"<p>Du f\u00f6rtj\u00e4nar lite tid att varva ner och koppla av, och vilket b\u00e4ttre s\u00e4tt att g\u00f6ra det \u00e4n med en resa till Giftun Island i Hurghada? N\u00e4r du anl\u00e4nder till \u00f6n kommer du att m\u00f6tas av gyllene sand och kristallklart vatten, perfekt f\u00f6r att bada och ta hisnande bilder. Du kommer att ha en hel dag p\u00e5 dig att njuta av solen och njuta av lugnet p\u00e5 Paradise Island. F\u00f6r att g\u00f6ra din dag \u00e4nnu roligare ing\u00e5r lunch och l\u00e4sk i resans pris.<\/p>\n<p>Denna heldagsutflykt tar hand om allt s\u00e5 att du kan fokusera p\u00e5 att f\u00e5 ut det mesta av din tid. Du kommer att ha m\u00f6jlighet att uppleva flera kulturella f\u00f6rest\u00e4llningar, inklusive magdans och folkloristiska shower, samtidigt som du utforskar vackra snorklingst\u00e4llen och njuter av vattenaktiviteter som banan- och soffb\u00e5tar. Du beh\u00f6ver inte oroa dig f\u00f6r att planera n\u00e5gonting &#8211; alla arrangemang har tagits hand om \u00e5t dig, inklusive transfer tur och retur till och fr\u00e5n ditt boende i Hurghada.<\/p>\n<p>Efter att ha blivit upph\u00e4mtad fr\u00e5n ditt hotell, kommer du att \u00f6verf\u00f6ras till en b\u00e5t som ligger vid R\u00f6da havet. N\u00e4r du kryssar mot Paradise Island har du chansen att beundra de fantastiska undervattensreven och str\u00e4nderna. Tillbringa dagen p\u00e5 \u00f6n med att utforska, snorkla och njuta av en uts\u00f6kt lunch som tillagas och serveras direkt p\u00e5 b\u00e5ten. G\u00e5 sedan tillbaka ut till R\u00f6da havet f\u00f6r mer snorkling och vattenaktiviteter innan du \u00f6verf\u00f6rs tillbaka till ditt hotell.<\/p>\n<p>Vi f\u00f6rst\u00e5r hur viktigt det \u00e4r att ta en paus fr\u00e5n vardagens liv och r\u00f6relse, och vi vill se till att din dag blir s\u00e5 stressfri och njutbar som m\u00f6jligt. Det \u00e4r d\u00e4rf\u00f6r vi har tagit hand om alla detaljer \u00e5t dig, s\u00e5 att du kan luta dig tillbaka, koppla av och njuta av sk\u00f6nheten p\u00e5 Giftun Island.<\/p>\n","protected":false},"featured_media":26345,"comment_status":"open","ping_status":"closed","template":"","meta":{"_coblocks_attr":"","_coblocks_dimensions":"","_coblocks_responsive_height":"","_coblocks_accordion_ie_support":"","_uag_custom_page_level_css":"","jetpack_publicize_message":"","jetpack_publicize_feature_enabled":true,"jetpack_social_post_already_shared":true,"jetpack_social_options":{"image_generator_settings":{"template":"highway","default_image_id":0,"font":"","enabled":false},"version":2},"_wpas_customize_per_network":false},"product_brand":[],"product_cat":[18869,18871],"product_tag":[19009,19022,19008,19013,19023,19029,18998],"class_list":{"0":"post-26344","1":"product","2":"type-product","3":"status-publish","4":"has-post-thumbnail","6":"product_cat-hurghada-utflykter","7":"product_cat-sjoturer-hurghada","8":"product_tag-o","9":"product_tag-havet","10":"product_tag-hurghada-sv","11":"product_tag-paradison","12":"product_tag-sjoturer","13":"product_tag-snorkling-sv","14":"product_tag-utflykt","16":"first","17":"instock","18":"sale","19":"virtual","20":"purchasable","21":"product-type-simple"},"yoast_head":"<!-- This site is optimized with the Yoast SEO Premium plugin v26.9 (Yoast SEO v27.5) - https:\/\/yoast.com\/product\/yoast-seo-premium-wordpress\/ -->\n<title>Utflykt till \u00f6n Giftun i Hurghada<\/title>\n<meta name=\"description\" content=\"Utflykt till \u00f6n Giftun i Hurghada kommer du att ha en picknick vid R\u00f6da havet, och n\u00e5gonstans tv\u00e5 h\u00e5llplatser i \u00f6ppet hav f\u00f6r simning och snorkling med\" \/>\n<meta name=\"robots\" content=\"index, follow, max-snippet:-1, max-image-preview:large, max-video-preview:-1\" \/>\n<link rel=\"canonical\" href=\"https:\/\/landioustravel.com\/sv\/shop\/utflykt-on-giftun-hurghada\/\" \/>\n<meta property=\"og:locale\" content=\"sv_SE\" \/>\n<meta property=\"og:type\" content=\"article\" \/>\n<meta property=\"og:title\" content=\"Utflykt till \u00f6n Giftun i Hurghada\" \/>\n<meta property=\"og:description\" content=\"Landious Travel\" \/>\n<meta property=\"og:url\" content=\"https:\/\/landioustravel.com\/sv\/shop\/utflykt-on-giftun-hurghada\/\" \/>\n<meta property=\"og:site_name\" content=\"Landious Travel\" \/>\n<meta property=\"article:publisher\" content=\"https:\/\/web.facebook.com\/landiousEgypt\" \/>\n<meta property=\"article:modified_time\" content=\"2025-10-01T17:20:49+00:00\" \/>\n<meta property=\"og:image\" content=\"https:\/\/i0.wp.com\/landioustravel.com\/wp-content\/uploads\/2019\/01\/Boat_trip_Giftun_island_in_Hurghada-e1551839736620.jpg?fit=1200%2C676&ssl=1\" \/>\n\t<meta property=\"og:image:width\" content=\"1200\" \/>\n\t<meta property=\"og:image:height\" content=\"676\" \/>\n\t<meta property=\"og:image:type\" content=\"image\/jpeg\" \/>\n<meta name=\"twitter:card\" content=\"summary_large_image\" \/>\n<meta name=\"twitter:site\" content=\"@LandiousTours\" \/>\n<meta name=\"twitter:label1\" content=\"Ber\u00e4knad l\u00e4stid\" \/>\n\t<meta name=\"twitter:data1\" content=\"2 minuter\" \/>\n<script type=\"application\/ld+json\" class=\"yoast-schema-graph\">{\"@context\":\"https:\\\/\\\/schema.org\",\"@graph\":[{\"@type\":\"WebPage\",\"@id\":\"https:\\\/\\\/landioustravel.com\\\/sv\\\/shop\\\/utflykt-on-giftun-hurghada\\\/\",\"url\":\"https:\\\/\\\/landioustravel.com\\\/sv\\\/shop\\\/utflykt-on-giftun-hurghada\\\/\",\"name\":\"Utflykt till \u00f6n Giftun i Hurghada\",\"isPartOf\":{\"@id\":\"https:\\\/\\\/landioustravel.com\\\/sv\\\/#website\"},\"primaryImageOfPage\":{\"@id\":\"https:\\\/\\\/landioustravel.com\\\/sv\\\/shop\\\/utflykt-on-giftun-hurghada\\\/#primaryimage\"},\"image\":{\"@id\":\"https:\\\/\\\/landioustravel.com\\\/sv\\\/shop\\\/utflykt-on-giftun-hurghada\\\/#primaryimage\"},\"thumbnailUrl\":\"https:\\\/\\\/i0.wp.com\\\/landioustravel.com\\\/wp-content\\\/uploads\\\/2019\\\/01\\\/Boat_trip_Giftun_island_in_Hurghada-e1551839736620.jpg?fit=1200%2C676&ssl=1\",\"datePublished\":\"2020-12-17T03:06:47+00:00\",\"dateModified\":\"2025-10-01T17:20:49+00:00\",\"description\":\"Utflykt till \u00f6n Giftun i Hurghada kommer du att ha en picknick vid R\u00f6da havet, och n\u00e5gonstans tv\u00e5 h\u00e5llplatser i \u00f6ppet hav f\u00f6r simning och snorkling med\",\"breadcrumb\":{\"@id\":\"https:\\\/\\\/landioustravel.com\\\/sv\\\/shop\\\/utflykt-on-giftun-hurghada\\\/#breadcrumb\"},\"inLanguage\":\"sv-SE\",\"potentialAction\":[{\"@type\":\"ReadAction\",\"target\":[\"https:\\\/\\\/landioustravel.com\\\/sv\\\/shop\\\/utflykt-on-giftun-hurghada\\\/\"]}]},{\"@type\":\"ImageObject\",\"inLanguage\":\"sv-SE\",\"@id\":\"https:\\\/\\\/landioustravel.com\\\/sv\\\/shop\\\/utflykt-on-giftun-hurghada\\\/#primaryimage\",\"url\":\"https:\\\/\\\/i0.wp.com\\\/landioustravel.com\\\/wp-content\\\/uploads\\\/2019\\\/01\\\/Boat_trip_Giftun_island_in_Hurghada-e1551839736620.jpg?fit=1200%2C676&ssl=1\",\"contentUrl\":\"https:\\\/\\\/i0.wp.com\\\/landioustravel.com\\\/wp-content\\\/uploads\\\/2019\\\/01\\\/Boat_trip_Giftun_island_in_Hurghada-e1551839736620.jpg?fit=1200%2C676&ssl=1\",\"width\":1200,\"height\":676,\"caption\":\"Boat trip Giftun island in Hurghada\"},{\"@type\":\"BreadcrumbList\",\"@id\":\"https:\\\/\\\/landioustravel.com\\\/sv\\\/shop\\\/utflykt-on-giftun-hurghada\\\/#breadcrumb\",\"itemListElement\":[{\"@type\":\"ListItem\",\"position\":1,\"name\":\"Home\",\"item\":\"https:\\\/\\\/landioustravel.com\\\/sv\\\/\"},{\"@type\":\"ListItem\",\"position\":2,\"name\":\"Tj\u00e4nster &#038; turer\",\"item\":\"https:\\\/\\\/landioustravel.com\\\/sv\\\/\"},{\"@type\":\"ListItem\",\"position\":3,\"name\":\"Utflykt till \u00f6n Giftun i Hurghada\"}]},{\"@type\":\"WebSite\",\"@id\":\"https:\\\/\\\/landioustravel.com\\\/sv\\\/#website\",\"url\":\"https:\\\/\\\/landioustravel.com\\\/sv\\\/\",\"name\":\"Landious Travel\",\"description\":\"Excursions, trips and cruises in Egypt\",\"publisher\":{\"@id\":\"https:\\\/\\\/landioustravel.com\\\/sv\\\/#organization\"},\"potentialAction\":[{\"@type\":\"SearchAction\",\"target\":{\"@type\":\"EntryPoint\",\"urlTemplate\":\"https:\\\/\\\/landioustravel.com\\\/sv\\\/?s={search_term_string}\"},\"query-input\":{\"@type\":\"PropertyValueSpecification\",\"valueRequired\":true,\"valueName\":\"search_term_string\"}}],\"inLanguage\":\"sv-SE\"},{\"@type\":[\"Organization\",\"Place\"],\"@id\":\"https:\\\/\\\/landioustravel.com\\\/sv\\\/#organization\",\"name\":\"Landious Travel\",\"alternateName\":\"Landious Travel\",\"url\":\"https:\\\/\\\/landioustravel.com\\\/sv\\\/\",\"logo\":{\"@id\":\"https:\\\/\\\/landioustravel.com\\\/sv\\\/shop\\\/utflykt-on-giftun-hurghada\\\/#local-main-organization-logo\"},\"image\":{\"@id\":\"https:\\\/\\\/landioustravel.com\\\/sv\\\/shop\\\/utflykt-on-giftun-hurghada\\\/#local-main-organization-logo\"},\"sameAs\":[\"https:\\\/\\\/web.facebook.com\\\/landiousEgypt\",\"https:\\\/\\\/x.com\\\/LandiousTours\",\"https:\\\/\\\/mastodon.social\\\/@landious\"],\"legalName\":\"Landious Travel\",\"telephone\":[],\"openingHoursSpecification\":[{\"@type\":\"OpeningHoursSpecification\",\"dayOfWeek\":[\"Monday\",\"Tuesday\",\"Wednesday\",\"Thursday\",\"Friday\",\"Saturday\",\"Sunday\"],\"opens\":\"09:00\",\"closes\":\"17:00\"}]},{\"@type\":\"ImageObject\",\"inLanguage\":\"sv-SE\",\"@id\":\"https:\\\/\\\/landioustravel.com\\\/sv\\\/shop\\\/utflykt-on-giftun-hurghada\\\/#local-main-organization-logo\",\"url\":\"https:\\\/\\\/i0.wp.com\\\/landioustravel.com\\\/wp-content\\\/uploads\\\/2021\\\/06\\\/Landious-T.png?fit=500%2C500&ssl=1\",\"contentUrl\":\"https:\\\/\\\/i0.wp.com\\\/landioustravel.com\\\/wp-content\\\/uploads\\\/2021\\\/06\\\/Landious-T.png?fit=500%2C500&ssl=1\",\"width\":500,\"height\":500,\"caption\":\"Landious Travel\"}]}<\/script>\n<!-- \/ Yoast SEO Premium plugin. -->","yoast_head_json":{"title":"Utflykt till \u00f6n Giftun i Hurghada","description":"Utflykt till \u00f6n Giftun i Hurghada kommer du att ha en picknick vid R\u00f6da havet, och n\u00e5gonstans tv\u00e5 h\u00e5llplatser i \u00f6ppet hav f\u00f6r simning och snorkling med","robots":{"index":"index","follow":"follow","max-snippet":"max-snippet:-1","max-image-preview":"max-image-preview:large","max-video-preview":"max-video-preview:-1"},"canonical":"https:\/\/landioustravel.com\/sv\/shop\/utflykt-on-giftun-hurghada\/","og_locale":"sv_SE","og_type":"article","og_title":"Utflykt till \u00f6n Giftun i Hurghada","og_description":"Landious Travel","og_url":"https:\/\/landioustravel.com\/sv\/shop\/utflykt-on-giftun-hurghada\/","og_site_name":"Landious Travel","article_publisher":"https:\/\/web.facebook.com\/landiousEgypt","article_modified_time":"2025-10-01T17:20:49+00:00","og_image":[{"width":1200,"height":676,"url":"https:\/\/i0.wp.com\/landioustravel.com\/wp-content\/uploads\/2019\/01\/Boat_trip_Giftun_island_in_Hurghada-e1551839736620.jpg?fit=1200%2C676&ssl=1","type":"image\/jpeg"}],"twitter_card":"summary_large_image","twitter_site":"@LandiousTours","twitter_misc":{"Ber\u00e4knad l\u00e4stid":"2 minuter"},"schema":{"@context":"https:\/\/schema.org","@graph":[{"@type":"WebPage","@id":"https:\/\/landioustravel.com\/sv\/shop\/utflykt-on-giftun-hurghada\/","url":"https:\/\/landioustravel.com\/sv\/shop\/utflykt-on-giftun-hurghada\/","name":"Utflykt till \u00f6n Giftun i Hurghada","isPartOf":{"@id":"https:\/\/landioustravel.com\/sv\/#website"},"primaryImageOfPage":{"@id":"https:\/\/landioustravel.com\/sv\/shop\/utflykt-on-giftun-hurghada\/#primaryimage"},"image":{"@id":"https:\/\/landioustravel.com\/sv\/shop\/utflykt-on-giftun-hurghada\/#primaryimage"},"thumbnailUrl":"https:\/\/i0.wp.com\/landioustravel.com\/wp-content\/uploads\/2019\/01\/Boat_trip_Giftun_island_in_Hurghada-e1551839736620.jpg?fit=1200%2C676&ssl=1","datePublished":"2020-12-17T03:06:47+00:00","dateModified":"2025-10-01T17:20:49+00:00","description":"Utflykt till \u00f6n Giftun i Hurghada kommer du att ha en picknick vid R\u00f6da havet, och n\u00e5gonstans tv\u00e5 h\u00e5llplatser i \u00f6ppet hav f\u00f6r simning och snorkling med","breadcrumb":{"@id":"https:\/\/landioustravel.com\/sv\/shop\/utflykt-on-giftun-hurghada\/#breadcrumb"},"inLanguage":"sv-SE","potentialAction":[{"@type":"ReadAction","target":["https:\/\/landioustravel.com\/sv\/shop\/utflykt-on-giftun-hurghada\/"]}]},{"@type":"ImageObject","inLanguage":"sv-SE","@id":"https:\/\/landioustravel.com\/sv\/shop\/utflykt-on-giftun-hurghada\/#primaryimage","url":"https:\/\/i0.wp.com\/landioustravel.com\/wp-content\/uploads\/2019\/01\/Boat_trip_Giftun_island_in_Hurghada-e1551839736620.jpg?fit=1200%2C676&ssl=1","contentUrl":"https:\/\/i0.wp.com\/landioustravel.com\/wp-content\/uploads\/2019\/01\/Boat_trip_Giftun_island_in_Hurghada-e1551839736620.jpg?fit=1200%2C676&ssl=1","width":1200,"height":676,"caption":"Boat trip Giftun island in Hurghada"},{"@type":"BreadcrumbList","@id":"https:\/\/landioustravel.com\/sv\/shop\/utflykt-on-giftun-hurghada\/#breadcrumb","itemListElement":[{"@type":"ListItem","position":1,"name":"Home","item":"https:\/\/landioustravel.com\/sv\/"},{"@type":"ListItem","position":2,"name":"Tj\u00e4nster &#038; turer","item":"https:\/\/landioustravel.com\/sv\/"},{"@type":"ListItem","position":3,"name":"Utflykt till \u00f6n Giftun i Hurghada"}]},{"@type":"WebSite","@id":"https:\/\/landioustravel.com\/sv\/#website","url":"https:\/\/landioustravel.com\/sv\/","name":"Landious Travel","description":"Excursions, trips and cruises in Egypt","publisher":{"@id":"https:\/\/landioustravel.com\/sv\/#organization"},"potentialAction":[{"@type":"SearchAction","target":{"@type":"EntryPoint","urlTemplate":"https:\/\/landioustravel.com\/sv\/?s={search_term_string}"},"query-input":{"@type":"PropertyValueSpecification","valueRequired":true,"valueName":"search_term_string"}}],"inLanguage":"sv-SE"},{"@type":["Organization","Place"],"@id":"https:\/\/landioustravel.com\/sv\/#organization","name":"Landious Travel","alternateName":"Landious Travel","url":"https:\/\/landioustravel.com\/sv\/","logo":{"@id":"https:\/\/landioustravel.com\/sv\/shop\/utflykt-on-giftun-hurghada\/#local-main-organization-logo"},"image":{"@id":"https:\/\/landioustravel.com\/sv\/shop\/utflykt-on-giftun-hurghada\/#local-main-organization-logo"},"sameAs":["https:\/\/web.facebook.com\/landiousEgypt","https:\/\/x.com\/LandiousTours","https:\/\/mastodon.social\/@landious"],"legalName":"Landious Travel","telephone":[],"openingHoursSpecification":[{"@type":"OpeningHoursSpecification","dayOfWeek":["Monday","Tuesday","Wednesday","Thursday","Friday","Saturday","Sunday"],"opens":"09:00","closes":"17:00"}]},{"@type":"ImageObject","inLanguage":"sv-SE","@id":"https:\/\/landioustravel.com\/sv\/shop\/utflykt-on-giftun-hurghada\/#local-main-organization-logo","url":"https:\/\/i0.wp.com\/landioustravel.com\/wp-content\/uploads\/2021\/06\/Landious-T.png?fit=500%2C500&ssl=1","contentUrl":"https:\/\/i0.wp.com\/landioustravel.com\/wp-content\/uploads\/2021\/06\/Landious-T.png?fit=500%2C500&ssl=1","width":500,"height":500,"caption":"Landious Travel"}]}},"jetpack_publicize_connections":[],"uagb_featured_image_src":{"full":["https:\/\/i0.wp.com\/landioustravel.com\/wp-content\/uploads\/2019\/01\/Boat_trip_Giftun_island_in_Hurghada-e1551839736620.jpg?fit=1200%2C676&ssl=1",1200,676,false],"thumbnail":["https:\/\/i0.wp.com\/landioustravel.com\/wp-content\/uploads\/2019\/01\/Boat_trip_Giftun_island_in_Hurghada-e1551839736620.jpg?resize=150%2C150&ssl=1",150,150,true],"medium":["https:\/\/i0.wp.com\/landioustravel.com\/wp-content\/uploads\/2019\/01\/Boat_trip_Giftun_island_in_Hurghada-e1551839736620.jpg?fit=300%2C169&ssl=1",300,169,true],"medium_large":["https:\/\/i0.wp.com\/landioustravel.com\/wp-content\/uploads\/2019\/01\/Boat_trip_Giftun_island_in_Hurghada-e1551839736620.jpg?fit=768%2C433&ssl=1",768,433,true],"large":["https:\/\/i0.wp.com\/landioustravel.com\/wp-content\/uploads\/2019\/01\/Boat_trip_Giftun_island_in_Hurghada-e1551839736620.jpg?fit=980%2C552&ssl=1",980,552,true],"1536x1536":["https:\/\/i0.wp.com\/landioustravel.com\/wp-content\/uploads\/2019\/01\/Boat_trip_Giftun_island_in_Hurghada-e1551839736620.jpg?fit=1200%2C676&ssl=1",1200,676,true],"2048x2048":["https:\/\/i0.wp.com\/landioustravel.com\/wp-content\/uploads\/2019\/01\/Boat_trip_Giftun_island_in_Hurghada-e1551839736620.jpg?fit=1200%2C676&ssl=1",1200,676,true],"newspack-article-block-landscape-large":["https:\/\/i0.wp.com\/landioustravel.com\/wp-content\/uploads\/2019\/01\/Boat_trip_Giftun_island_in_Hurghada-e1551839736620.jpg?resize=1200%2C676&ssl=1",1200,676,true],"newspack-article-block-portrait-large":["https:\/\/i0.wp.com\/landioustravel.com\/wp-content\/uploads\/2019\/01\/Boat_trip_Giftun_island_in_Hurghada-e1551839736620.jpg?resize=900%2C676&ssl=1",900,676,true],"newspack-article-block-square-large":["https:\/\/i0.wp.com\/landioustravel.com\/wp-content\/uploads\/2019\/01\/Boat_trip_Giftun_island_in_Hurghada-e1551839736620.jpg?resize=1200%2C676&ssl=1",1200,676,true],"newspack-article-block-landscape-medium":["https:\/\/i0.wp.com\/landioustravel.com\/wp-content\/uploads\/2019\/01\/Boat_trip_Giftun_island_in_Hurghada-e1551839736620.jpg?resize=800%2C600&ssl=1",800,600,true],"newspack-article-block-portrait-medium":["https:\/\/i0.wp.com\/landioustravel.com\/wp-content\/uploads\/2019\/01\/Boat_trip_Giftun_island_in_Hurghada-e1551839736620.jpg?resize=600%2C676&ssl=1",600,676,true],"newspack-article-block-square-medium":["https:\/\/i0.wp.com\/landioustravel.com\/wp-content\/uploads\/2019\/01\/Boat_trip_Giftun_island_in_Hurghada-e1551839736620.jpg?resize=800%2C676&ssl=1",800,676,true],"newspack-article-block-landscape-intermediate":["https:\/\/i0.wp.com\/landioustravel.com\/wp-content\/uploads\/2019\/01\/Boat_trip_Giftun_island_in_Hurghada-e1551839736620.jpg?resize=600%2C450&ssl=1",600,450,true],"newspack-article-block-portrait-intermediate":["https:\/\/i0.wp.com\/landioustravel.com\/wp-content\/uploads\/2019\/01\/Boat_trip_Giftun_island_in_Hurghada-e1551839736620.jpg?resize=450%2C600&ssl=1",450,600,true],"newspack-article-block-square-intermediate":["https:\/\/i0.wp.com\/landioustravel.com\/wp-content\/uploads\/2019\/01\/Boat_trip_Giftun_island_in_Hurghada-e1551839736620.jpg?resize=600%2C600&ssl=1",600,600,true],"newspack-article-block-landscape-small":["https:\/\/i0.wp.com\/landioustravel.com\/wp-content\/uploads\/2019\/01\/Boat_trip_Giftun_island_in_Hurghada-e1551839736620.jpg?resize=400%2C300&ssl=1",400,300,true],"newspack-article-block-portrait-small":["https:\/\/i0.wp.com\/landioustravel.com\/wp-content\/uploads\/2019\/01\/Boat_trip_Giftun_island_in_Hurghada-e1551839736620.jpg?resize=300%2C400&ssl=1",300,400,true],"newspack-article-block-square-small":["https:\/\/i0.wp.com\/landioustravel.com\/wp-content\/uploads\/2019\/01\/Boat_trip_Giftun_island_in_Hurghada-e1551839736620.jpg?resize=400%2C400&ssl=1",400,400,true],"newspack-article-block-landscape-tiny":["https:\/\/i0.wp.com\/landioustravel.com\/wp-content\/uploads\/2019\/01\/Boat_trip_Giftun_island_in_Hurghada-e1551839736620.jpg?resize=200%2C150&ssl=1",200,150,true],"newspack-article-block-portrait-tiny":["https:\/\/i0.wp.com\/landioustravel.com\/wp-content\/uploads\/2019\/01\/Boat_trip_Giftun_island_in_Hurghada-e1551839736620.jpg?resize=150%2C200&ssl=1",150,200,true],"newspack-article-block-square-tiny":["https:\/\/i0.wp.com\/landioustravel.com\/wp-content\/uploads\/2019\/01\/Boat_trip_Giftun_island_in_Hurghada-e1551839736620.jpg?resize=200%2C200&ssl=1",200,200,true],"newspack-article-block-uncropped":["https:\/\/i0.wp.com\/landioustravel.com\/wp-content\/uploads\/2019\/01\/Boat_trip_Giftun_island_in_Hurghada-e1551839736620.jpg?fit=1200%2C676&ssl=1",1200,676,true],"woocommerce_thumbnail":["https:\/\/i0.wp.com\/landioustravel.com\/wp-content\/uploads\/2019\/01\/Boat_trip_Giftun_island_in_Hurghada-e1551839736620.jpg?resize=324%2C324&ssl=1",324,324,true],"woocommerce_single":["https:\/\/i0.wp.com\/landioustravel.com\/wp-content\/uploads\/2019\/01\/Boat_trip_Giftun_island_in_Hurghada-e1551839736620.jpg?fit=416%2C234&ssl=1",416,234,true],"woocommerce_gallery_thumbnail":["https:\/\/i0.wp.com\/landioustravel.com\/wp-content\/uploads\/2019\/01\/Boat_trip_Giftun_island_in_Hurghada-e1551839736620.jpg?resize=100%2C100&ssl=1",100,100,true]},"uagb_author_info":{"display_name":"Mofreh Landious","author_link":"https:\/\/landioustravel.com\/sv\/author\/"},"uagb_comment_info":7,"uagb_excerpt":"Du f\u00f6rtj\u00e4nar lite tid att varva ner och koppla av, och vilket b\u00e4ttre s\u00e4tt att g\u00f6ra det \u00e4n med en resa till Giftun Island i Hurghada? N\u00e4r du anl\u00e4nder till \u00f6n kommer du att m\u00f6tas av gyllene sand och kristallklart vatten, perfekt f\u00f6r att bada och ta hisnande bilder. Du kommer att ha en hel&hellip;","jetpack_sharing_enabled":true,"jetpack_likes_enabled":true,"amp_enabled":true,"_links":{"self":[{"href":"https:\/\/landioustravel.com\/sv\/wp-json\/wp\/v2\/product\/26344","targetHints":{"allow":["GET"]}}],"collection":[{"href":"https:\/\/landioustravel.com\/sv\/wp-json\/wp\/v2\/product"}],"about":[{"href":"https:\/\/landioustravel.com\/sv\/wp-json\/wp\/v2\/types\/product"}],"replies":[{"embeddable":true,"href":"https:\/\/landioustravel.com\/sv\/wp-json\/wp\/v2\/comments?post=26344"}],"wp:featuredmedia":[{"embeddable":true,"href":"https:\/\/landioustravel.com\/sv\/wp-json\/wp\/v2\/media\/26345"}],"wp:attachment":[{"href":"https:\/\/landioustravel.com\/sv\/wp-json\/wp\/v2\/media?parent=26344"}],"wp:term":[{"taxonomy":"product_brand","embeddable":true,"href":"https:\/\/landioustravel.com\/sv\/wp-json\/wp\/v2\/product_brand?post=26344"},{"taxonomy":"product_cat","embeddable":true,"href":"https:\/\/landioustravel.com\/sv\/wp-json\/wp\/v2\/product_cat?post=26344"},{"taxonomy":"product_tag","embeddable":true,"href":"https:\/\/landioustravel.com\/sv\/wp-json\/wp\/v2\/product_tag?post=26344"}],"curies":[{"name":"wp","href":"https:\/\/api.w.org\/{rel}","templated":true}]}}