{"id":26351,"date":"2023-03-27T04:52:04","date_gmt":"2020-12-17T05:31:23","guid":{"rendered":"https:\/\/landioustravel.com\/?post_type=product&#038;p=26351"},"modified":"2024-02-02T19:14:03","modified_gmt":"2024-02-02T17:14:03","slug":"dykutflykt-hurghada","status":"publish","type":"product","link":"https:\/\/landioustravel.com\/sv\/shop\/dykutflykt-hurghada\/","title":{"rendered":"Dykutflykt i Hurghada"},"content":{"rendered":"<p>Det \u00e4r en underbar sj\u00f6tur f\u00f6r <a href=\"https:\/\/landioustravel.com\/product-tag\/diving\/\">dykning<\/a> i orten Hurghada, Egypten! Vi rekommenderar resan eftersom det g\u00f6r det m\u00f6jligt f\u00f6r turister att ha det bra vid havet dykning och snorkling p\u00e5 de f\u00e4rgglada korallerna. Visst, den h\u00e4r upplevelsen g\u00f6r det m\u00f6jligt f\u00f6r dykning att titta n\u00e4rmare p\u00e5 de vackra korallerna och en m\u00e4ngd fisk under vattnet p\u00e5 en av de mest k\u00e4nda platserna i v\u00e4rlden. F\u00f6r att njuta av den h\u00e4r resan beh\u00f6ver du inte ha en certifiering eller en tidigare utbildning. Dessutom kan du njuta av en b\u00e5tpicknick genom R\u00f6da havet. Dykande \u00e4lskare b\u00f6r inte missa detta h\u00e4rliga \u00e4ventyr och dykutflykt i Hurghada!<\/p>\n<h2>Huvudpunkterna i dykningens utflyktsprogram<\/h2>\n<ul>\n<li>Havspiknik<\/li>\n<li>Dykning tv\u00e5 g\u00e5nger under vattnet<\/li>\n<li>Snorkling i \u00f6ppet hav fr\u00e5n b\u00e5ten<\/li>\n<li>Dessutom lunch p\u00e5 b\u00e5t<\/li>\n<\/ul>\n<h3>Program f\u00f6r dykutflykt i Hurghada<\/h3>\n<ul>\n<li>Landious Travel-representant h\u00e4mtar dig fr\u00e5n hotellet i Hurghada, klockan 08:00<\/li>\n<li>Efter att ha h\u00e4mtat alla bes\u00f6kare g\u00e5r bussen till hamnen. V\u00e4gen till hamnen tar cirka 30 minuter<\/li>\n<li>Du hittar din b\u00e5t i hamnen. Det \u00e4r stort och elegant! B\u00e5ten har tv\u00e5 v\u00e5ningar. S\u00e5 fort du kommer in i b\u00e5ten m\u00e5ste du ta av dig skorna och stiga upp till andra v\u00e5ningen f\u00f6r att garva p\u00e5 det \u00f6vre sold\u00e4cket<\/li>\n<li>B\u00e5ten g\u00e5r vidare genom R\u00f6da havet s\u00e5 snart gruppen samlas. Du \u00e4r p\u00e5 v\u00e4g att uppleva tv\u00e5 fantastiska dyk i R\u00f6da havet.<\/li>\n<li>P\u00e5 de vackra korallerna g\u00f6r du ett stopp i det \u00f6ppna havet. D\u00e4r kan du dyka. Innan du b\u00f6rjar den h\u00e4r aktiviteten kommer v\u00e5ra tr\u00e4nare och dykare att ge dig lite information och f\u00f6lja dig individuellt under vattnet. Du kommer att njuta av ditt f\u00f6rsta dyk s\u00e5 mycket att titta p\u00e5 korallreven och or\u00e4kneliga f\u00e4rgglada fiskar som rullar i vattnet precis framf\u00f6r dina \u00f6gon.<\/li>\n<li>Efter detta dyk samlas gruppen p\u00e5 b\u00e5ten p\u00e5 f\u00f6rsta v\u00e5ningen till lunch. Under lunchen \u00e4r buff\u00e9n \u00f6ppen<\/li>\n<li>Naturligtvis kommer du att ha tid att dyka p\u00e5 en annan havsplats. B\u00e5ten seglar till en annan dykplats.<\/li>\n<li>N\u00e4r du har avslutat din interaktion b\u00f6rjar en bild- och DVD-briefing. I slutet av dykresan i R\u00f6da havet kommer din tr\u00e4nare att erbjuda dig att ta n\u00e5gra bilder f\u00f6r att memorera dessa h\u00e4rliga stunder. D\u00e4refter erbjuds dessa bilder mot en extra kostnad. Priset p\u00e5 det varierar beroende p\u00e5 dess storlek. Det kommer att vara n\u00e5got valfritt att ha det. DVD-briefingen p\u00e5g\u00e5r i 30 minuter<\/li>\n<li>Efter att en s\u00e5dan underbar havsresa anl\u00e4nder tillbaka till hamnen, eskorterar vi dig tillbaka till dina hotell<\/li>\n<li>Denna &#8221;Dykutflykt i Hurghada&#8221; slutar cirka kl. 16.30<\/li>\n<\/ul>\n<h4>Vad ing\u00e5r i resepriset<\/h4>\n<ul>\n<li>Dykarutrustning<\/li>\n<li>Snorklingsutrustning<\/li>\n<li>Mat drinkar<\/li>\n<li>\u00d6verf\u00f6r ocks\u00e5 till hamnen och tillbaka till hotellet<\/li>\n<\/ul>\n<h5>Vad ing\u00e5r inte i priset f\u00f6r turn\u00e9n<\/h5>\n<ul>\n<li>Video DVD<\/li>\n<li>\u00c4ven foto-CD<\/li>\n<\/ul>\n<h6>Vad du ska ta med dig f\u00f6r resan<\/h6>\n<ul>\n<li>Handduk<\/li>\n<li>\u00c4ven solskyddsmedel<\/li>\n<\/ul>\n<h6>Dagar med utflyktsorganisation<\/h6>\n<ul>\n<li>Dagligen fr\u00e5n kl. 08.00 till 17.00<\/li>\n<\/ul>\n","protected":false},"excerpt":{"rendered":"<p>Upplev undervattensv\u00e4rldens underverk utan att bryta banken med v\u00e5r nyb\u00f6rjardykningsutflykt! Med en privat instrukt\u00f6r vid din sida fr\u00e5n b\u00f6rjan till slut kommer du att kunna l\u00e4ra dig hur du anv\u00e4nder den medf\u00f6ljande utrustningen och ge dig ut p\u00e5 tv\u00e5 sp\u00e4nnande dyk p\u00e5 olika platser. V\u00e5ra professionella dykinstrukt\u00f6rer kommer att garantera din s\u00e4kerhet och se till att du f\u00e5r en of\u00f6rgl\u00f6mlig tid. Bevittna det fantastiska utbudet av f\u00e4rgglada fiskar och charmiga korallrev i Hurghada med en expert tr\u00e4nare som guidar dig varje steg p\u00e5 v\u00e4gen. Under sj\u00f6resan har du chansen att simma och snorkla med masker och simf\u00f6tter. I priset ing\u00e5r dykutrustning, en uts\u00f6kt lunch och uppfriskande l\u00e4sk. Denna heldags dykresa \u00e4r perfekt f\u00f6r b\u00e5de nyb\u00f6rjare och experter som reser tillsammans. Du kommer att utforska grunda dykplatser som \u00e4r l\u00e4mpliga f\u00f6r nyb\u00f6rjare s\u00e5v\u00e4l som djupare omr\u00e5den och v\u00e4ggar f\u00f6r de med mer erfarenhet. Alla \u00f6verf\u00f6ringar ing\u00e5r f\u00f6r en problemfri upplevelse. Denna resa lovar att bli en rolig dag ute p\u00e5 vattnet som du sent kommer att gl\u00f6mma!<\/p>\n","protected":false},"featured_media":130995,"comment_status":"open","ping_status":"closed","template":"","meta":{"_coblocks_attr":"","_coblocks_dimensions":"","_coblocks_responsive_height":"","_coblocks_accordion_ie_support":"","_uag_custom_page_level_css":"","jetpack_publicize_message":"","jetpack_publicize_feature_enabled":true,"jetpack_social_post_already_shared":true,"jetpack_social_options":{"image_generator_settings":{"template":"highway","default_image_id":0,"font":"","enabled":false},"version":2},"_wpas_customize_per_network":false},"product_brand":[],"product_cat":[18869,18871],"product_tag":[18979,19022,19008,19023,18998],"class_list":{"0":"post-26351","1":"product","2":"type-product","3":"status-publish","4":"has-post-thumbnail","6":"product_cat-hurghada-utflykter","7":"product_cat-sjoturer-hurghada","8":"product_tag-dykning","9":"product_tag-havet","10":"product_tag-hurghada-sv","11":"product_tag-sjoturer","12":"product_tag-utflykt","13":"pa_age-barn","14":"pa_age-vuxen","16":"first","17":"instock","18":"sale","19":"purchasable","20":"product-type-variable"},"yoast_head":"<!-- This site is optimized with the Yoast SEO Premium plugin v26.9 (Yoast SEO v27.4) - https:\/\/yoast.com\/product\/yoast-seo-premium-wordpress\/ -->\n<title>Dykutflykt i Hurghada - Njut av undervattensv\u00e4rlden<\/title>\n<meta name=\"description\" content=\"Dykutflykt i Hurghada g\u00f6r du tv\u00e5 dyk p\u00e5 korallrev i vackra havsomr\u00e5den. Du kan ocks\u00e5 simma och snorkla med masker och simf\u00f6tter under resan. En uts\u00f6kt lunch\" \/>\n<meta name=\"robots\" content=\"index, follow, max-snippet:-1, max-image-preview:large, max-video-preview:-1\" \/>\n<link rel=\"canonical\" href=\"https:\/\/landioustravel.com\/sv\/shop\/dykutflykt-hurghada\/\" \/>\n<meta property=\"og:locale\" content=\"sv_SE\" \/>\n<meta property=\"og:type\" content=\"article\" \/>\n<meta property=\"og:title\" content=\"Dykutflykt i Hurghada\" \/>\n<meta property=\"og:description\" content=\"Landious Travel\" \/>\n<meta property=\"og:url\" content=\"https:\/\/landioustravel.com\/sv\/shop\/dykutflykt-hurghada\/\" \/>\n<meta property=\"og:site_name\" content=\"Landious Travel\" \/>\n<meta property=\"article:publisher\" content=\"https:\/\/web.facebook.com\/landiousEgypt\" \/>\n<meta property=\"article:modified_time\" content=\"2024-02-02T17:14:03+00:00\" \/>\n<meta property=\"og:image\" content=\"https:\/\/i0.wp.com\/landioustravel.com\/wp-content\/uploads\/2018\/11\/Diving-Excursion-Hurghada-1-e1669968504439.jpg?fit=1200%2C675&ssl=1\" \/>\n\t<meta property=\"og:image:width\" content=\"1200\" \/>\n\t<meta property=\"og:image:height\" content=\"675\" \/>\n\t<meta property=\"og:image:type\" content=\"image\/jpeg\" \/>\n<meta name=\"twitter:card\" content=\"summary_large_image\" \/>\n<meta name=\"twitter:site\" content=\"@LandiousTours\" \/>\n<meta name=\"twitter:label1\" content=\"Ber\u00e4knad l\u00e4stid\" \/>\n\t<meta name=\"twitter:data1\" content=\"2 minuter\" \/>\n<script type=\"application\/ld+json\" class=\"yoast-schema-graph\">{\"@context\":\"https:\\\/\\\/schema.org\",\"@graph\":[{\"@type\":\"WebPage\",\"@id\":\"https:\\\/\\\/landioustravel.com\\\/sv\\\/shop\\\/dykutflykt-hurghada\\\/\",\"url\":\"https:\\\/\\\/landioustravel.com\\\/sv\\\/shop\\\/dykutflykt-hurghada\\\/\",\"name\":\"Dykutflykt i Hurghada - Njut av undervattensv\u00e4rlden\",\"isPartOf\":{\"@id\":\"https:\\\/\\\/landioustravel.com\\\/sv\\\/#website\"},\"primaryImageOfPage\":{\"@id\":\"https:\\\/\\\/landioustravel.com\\\/sv\\\/shop\\\/dykutflykt-hurghada\\\/#primaryimage\"},\"image\":{\"@id\":\"https:\\\/\\\/landioustravel.com\\\/sv\\\/shop\\\/dykutflykt-hurghada\\\/#primaryimage\"},\"thumbnailUrl\":\"https:\\\/\\\/i0.wp.com\\\/landioustravel.com\\\/wp-content\\\/uploads\\\/2018\\\/11\\\/Diving-Excursion-Hurghada-1-e1669968504439.jpg?fit=1200%2C675&ssl=1\",\"datePublished\":\"2020-12-17T05:31:23+00:00\",\"dateModified\":\"2024-02-02T17:14:03+00:00\",\"description\":\"Dykutflykt i Hurghada g\u00f6r du tv\u00e5 dyk p\u00e5 korallrev i vackra havsomr\u00e5den. Du kan ocks\u00e5 simma och snorkla med masker och simf\u00f6tter under resan. En uts\u00f6kt lunch\",\"breadcrumb\":{\"@id\":\"https:\\\/\\\/landioustravel.com\\\/sv\\\/shop\\\/dykutflykt-hurghada\\\/#breadcrumb\"},\"inLanguage\":\"sv-SE\",\"potentialAction\":[{\"@type\":\"ReadAction\",\"target\":[\"https:\\\/\\\/landioustravel.com\\\/sv\\\/shop\\\/dykutflykt-hurghada\\\/\"]}]},{\"@type\":\"ImageObject\",\"inLanguage\":\"sv-SE\",\"@id\":\"https:\\\/\\\/landioustravel.com\\\/sv\\\/shop\\\/dykutflykt-hurghada\\\/#primaryimage\",\"url\":\"https:\\\/\\\/i0.wp.com\\\/landioustravel.com\\\/wp-content\\\/uploads\\\/2018\\\/11\\\/Diving-Excursion-Hurghada-1-e1669968504439.jpg?fit=1200%2C675&ssl=1\",\"contentUrl\":\"https:\\\/\\\/i0.wp.com\\\/landioustravel.com\\\/wp-content\\\/uploads\\\/2018\\\/11\\\/Diving-Excursion-Hurghada-1-e1669968504439.jpg?fit=1200%2C675&ssl=1\",\"width\":1200,\"height\":675,\"caption\":\"Diving Excursion Hurghada\"},{\"@type\":\"BreadcrumbList\",\"@id\":\"https:\\\/\\\/landioustravel.com\\\/sv\\\/shop\\\/dykutflykt-hurghada\\\/#breadcrumb\",\"itemListElement\":[{\"@type\":\"ListItem\",\"position\":1,\"name\":\"Home\",\"item\":\"https:\\\/\\\/landioustravel.com\\\/sv\\\/\"},{\"@type\":\"ListItem\",\"position\":2,\"name\":\"Tj\u00e4nster &#038; turer\",\"item\":\"https:\\\/\\\/landioustravel.com\\\/sv\\\/\"},{\"@type\":\"ListItem\",\"position\":3,\"name\":\"Dykutflykt i Hurghada\"}]},{\"@type\":\"WebSite\",\"@id\":\"https:\\\/\\\/landioustravel.com\\\/sv\\\/#website\",\"url\":\"https:\\\/\\\/landioustravel.com\\\/sv\\\/\",\"name\":\"Landious Travel\",\"description\":\"Excursions, trips and cruises in Egypt\",\"publisher\":{\"@id\":\"https:\\\/\\\/landioustravel.com\\\/sv\\\/#organization\"},\"potentialAction\":[{\"@type\":\"SearchAction\",\"target\":{\"@type\":\"EntryPoint\",\"urlTemplate\":\"https:\\\/\\\/landioustravel.com\\\/sv\\\/?s={search_term_string}\"},\"query-input\":{\"@type\":\"PropertyValueSpecification\",\"valueRequired\":true,\"valueName\":\"search_term_string\"}}],\"inLanguage\":\"sv-SE\"},{\"@type\":[\"Organization\",\"Place\"],\"@id\":\"https:\\\/\\\/landioustravel.com\\\/sv\\\/#organization\",\"name\":\"Landious Travel\",\"alternateName\":\"Landious Travel\",\"url\":\"https:\\\/\\\/landioustravel.com\\\/sv\\\/\",\"logo\":{\"@id\":\"https:\\\/\\\/landioustravel.com\\\/sv\\\/shop\\\/dykutflykt-hurghada\\\/#local-main-organization-logo\"},\"image\":{\"@id\":\"https:\\\/\\\/landioustravel.com\\\/sv\\\/shop\\\/dykutflykt-hurghada\\\/#local-main-organization-logo\"},\"sameAs\":[\"https:\\\/\\\/web.facebook.com\\\/landiousEgypt\",\"https:\\\/\\\/x.com\\\/LandiousTours\",\"https:\\\/\\\/mastodon.social\\\/@landious\"],\"legalName\":\"Landious Travel\",\"telephone\":[],\"openingHoursSpecification\":[{\"@type\":\"OpeningHoursSpecification\",\"dayOfWeek\":[\"Monday\",\"Tuesday\",\"Wednesday\",\"Thursday\",\"Friday\",\"Saturday\",\"Sunday\"],\"opens\":\"09:00\",\"closes\":\"17:00\"}]},{\"@type\":\"ImageObject\",\"inLanguage\":\"sv-SE\",\"@id\":\"https:\\\/\\\/landioustravel.com\\\/sv\\\/shop\\\/dykutflykt-hurghada\\\/#local-main-organization-logo\",\"url\":\"https:\\\/\\\/i0.wp.com\\\/landioustravel.com\\\/wp-content\\\/uploads\\\/2021\\\/06\\\/Landious-T.png?fit=500%2C500&ssl=1\",\"contentUrl\":\"https:\\\/\\\/i0.wp.com\\\/landioustravel.com\\\/wp-content\\\/uploads\\\/2021\\\/06\\\/Landious-T.png?fit=500%2C500&ssl=1\",\"width\":500,\"height\":500,\"caption\":\"Landious Travel\"}]}<\/script>\n<!-- \/ Yoast SEO Premium plugin. -->","yoast_head_json":{"title":"Dykutflykt i Hurghada - Njut av undervattensv\u00e4rlden","description":"Dykutflykt i Hurghada g\u00f6r du tv\u00e5 dyk p\u00e5 korallrev i vackra havsomr\u00e5den. Du kan ocks\u00e5 simma och snorkla med masker och simf\u00f6tter under resan. En uts\u00f6kt lunch","robots":{"index":"index","follow":"follow","max-snippet":"max-snippet:-1","max-image-preview":"max-image-preview:large","max-video-preview":"max-video-preview:-1"},"canonical":"https:\/\/landioustravel.com\/sv\/shop\/dykutflykt-hurghada\/","og_locale":"sv_SE","og_type":"article","og_title":"Dykutflykt i Hurghada","og_description":"Landious Travel","og_url":"https:\/\/landioustravel.com\/sv\/shop\/dykutflykt-hurghada\/","og_site_name":"Landious Travel","article_publisher":"https:\/\/web.facebook.com\/landiousEgypt","article_modified_time":"2024-02-02T17:14:03+00:00","og_image":[{"width":1200,"height":675,"url":"https:\/\/i0.wp.com\/landioustravel.com\/wp-content\/uploads\/2018\/11\/Diving-Excursion-Hurghada-1-e1669968504439.jpg?fit=1200%2C675&ssl=1","type":"image\/jpeg"}],"twitter_card":"summary_large_image","twitter_site":"@LandiousTours","twitter_misc":{"Ber\u00e4knad l\u00e4stid":"2 minuter"},"schema":{"@context":"https:\/\/schema.org","@graph":[{"@type":"WebPage","@id":"https:\/\/landioustravel.com\/sv\/shop\/dykutflykt-hurghada\/","url":"https:\/\/landioustravel.com\/sv\/shop\/dykutflykt-hurghada\/","name":"Dykutflykt i Hurghada - Njut av undervattensv\u00e4rlden","isPartOf":{"@id":"https:\/\/landioustravel.com\/sv\/#website"},"primaryImageOfPage":{"@id":"https:\/\/landioustravel.com\/sv\/shop\/dykutflykt-hurghada\/#primaryimage"},"image":{"@id":"https:\/\/landioustravel.com\/sv\/shop\/dykutflykt-hurghada\/#primaryimage"},"thumbnailUrl":"https:\/\/i0.wp.com\/landioustravel.com\/wp-content\/uploads\/2018\/11\/Diving-Excursion-Hurghada-1-e1669968504439.jpg?fit=1200%2C675&ssl=1","datePublished":"2020-12-17T05:31:23+00:00","dateModified":"2024-02-02T17:14:03+00:00","description":"Dykutflykt i Hurghada g\u00f6r du tv\u00e5 dyk p\u00e5 korallrev i vackra havsomr\u00e5den. Du kan ocks\u00e5 simma och snorkla med masker och simf\u00f6tter under resan. En uts\u00f6kt lunch","breadcrumb":{"@id":"https:\/\/landioustravel.com\/sv\/shop\/dykutflykt-hurghada\/#breadcrumb"},"inLanguage":"sv-SE","potentialAction":[{"@type":"ReadAction","target":["https:\/\/landioustravel.com\/sv\/shop\/dykutflykt-hurghada\/"]}]},{"@type":"ImageObject","inLanguage":"sv-SE","@id":"https:\/\/landioustravel.com\/sv\/shop\/dykutflykt-hurghada\/#primaryimage","url":"https:\/\/i0.wp.com\/landioustravel.com\/wp-content\/uploads\/2018\/11\/Diving-Excursion-Hurghada-1-e1669968504439.jpg?fit=1200%2C675&ssl=1","contentUrl":"https:\/\/i0.wp.com\/landioustravel.com\/wp-content\/uploads\/2018\/11\/Diving-Excursion-Hurghada-1-e1669968504439.jpg?fit=1200%2C675&ssl=1","width":1200,"height":675,"caption":"Diving Excursion Hurghada"},{"@type":"BreadcrumbList","@id":"https:\/\/landioustravel.com\/sv\/shop\/dykutflykt-hurghada\/#breadcrumb","itemListElement":[{"@type":"ListItem","position":1,"name":"Home","item":"https:\/\/landioustravel.com\/sv\/"},{"@type":"ListItem","position":2,"name":"Tj\u00e4nster &#038; turer","item":"https:\/\/landioustravel.com\/sv\/"},{"@type":"ListItem","position":3,"name":"Dykutflykt i Hurghada"}]},{"@type":"WebSite","@id":"https:\/\/landioustravel.com\/sv\/#website","url":"https:\/\/landioustravel.com\/sv\/","name":"Landious Travel","description":"Excursions, trips and cruises in Egypt","publisher":{"@id":"https:\/\/landioustravel.com\/sv\/#organization"},"potentialAction":[{"@type":"SearchAction","target":{"@type":"EntryPoint","urlTemplate":"https:\/\/landioustravel.com\/sv\/?s={search_term_string}"},"query-input":{"@type":"PropertyValueSpecification","valueRequired":true,"valueName":"search_term_string"}}],"inLanguage":"sv-SE"},{"@type":["Organization","Place"],"@id":"https:\/\/landioustravel.com\/sv\/#organization","name":"Landious Travel","alternateName":"Landious Travel","url":"https:\/\/landioustravel.com\/sv\/","logo":{"@id":"https:\/\/landioustravel.com\/sv\/shop\/dykutflykt-hurghada\/#local-main-organization-logo"},"image":{"@id":"https:\/\/landioustravel.com\/sv\/shop\/dykutflykt-hurghada\/#local-main-organization-logo"},"sameAs":["https:\/\/web.facebook.com\/landiousEgypt","https:\/\/x.com\/LandiousTours","https:\/\/mastodon.social\/@landious"],"legalName":"Landious Travel","telephone":[],"openingHoursSpecification":[{"@type":"OpeningHoursSpecification","dayOfWeek":["Monday","Tuesday","Wednesday","Thursday","Friday","Saturday","Sunday"],"opens":"09:00","closes":"17:00"}]},{"@type":"ImageObject","inLanguage":"sv-SE","@id":"https:\/\/landioustravel.com\/sv\/shop\/dykutflykt-hurghada\/#local-main-organization-logo","url":"https:\/\/i0.wp.com\/landioustravel.com\/wp-content\/uploads\/2021\/06\/Landious-T.png?fit=500%2C500&ssl=1","contentUrl":"https:\/\/i0.wp.com\/landioustravel.com\/wp-content\/uploads\/2021\/06\/Landious-T.png?fit=500%2C500&ssl=1","width":500,"height":500,"caption":"Landious Travel"}]}},"jetpack_publicize_connections":[],"uagb_featured_image_src":{"full":["https:\/\/i0.wp.com\/landioustravel.com\/wp-content\/uploads\/2018\/11\/Diving-Excursion-Hurghada-1-e1669968504439.jpg?fit=1200%2C675&ssl=1",1200,675,false],"thumbnail":["https:\/\/i0.wp.com\/landioustravel.com\/wp-content\/uploads\/2018\/11\/Diving-Excursion-Hurghada-1-e1669968504439.jpg?resize=150%2C150&ssl=1",150,150,true],"medium":["https:\/\/i0.wp.com\/landioustravel.com\/wp-content\/uploads\/2018\/11\/Diving-Excursion-Hurghada-1-e1669968504439.jpg?fit=300%2C169&ssl=1",300,169,true],"medium_large":["https:\/\/i0.wp.com\/landioustravel.com\/wp-content\/uploads\/2018\/11\/Diving-Excursion-Hurghada-1-e1669968504439.jpg?fit=768%2C432&ssl=1",768,432,true],"large":["https:\/\/i0.wp.com\/landioustravel.com\/wp-content\/uploads\/2018\/11\/Diving-Excursion-Hurghada-1-e1669968504439.jpg?fit=980%2C551&ssl=1",980,551,true],"1536x1536":["https:\/\/i0.wp.com\/landioustravel.com\/wp-content\/uploads\/2018\/11\/Diving-Excursion-Hurghada-1-e1669968504439.jpg?fit=1536%2C931&ssl=1",1536,931,true],"2048x2048":["https:\/\/i0.wp.com\/landioustravel.com\/wp-content\/uploads\/2018\/11\/Diving-Excursion-Hurghada-1-e1669968504439.jpg?fit=1200%2C675&ssl=1",1200,675,true],"newspack-article-block-landscape-large":["https:\/\/i0.wp.com\/landioustravel.com\/wp-content\/uploads\/2018\/11\/Diving-Excursion-Hurghada-1-e1669968504439.jpg?resize=1200%2C675&ssl=1",1200,675,true],"newspack-article-block-portrait-large":["https:\/\/i0.wp.com\/landioustravel.com\/wp-content\/uploads\/2018\/11\/Diving-Excursion-Hurghada-1-e1669968504439.jpg?resize=900%2C675&ssl=1",900,675,true],"newspack-article-block-square-large":["https:\/\/i0.wp.com\/landioustravel.com\/wp-content\/uploads\/2018\/11\/Diving-Excursion-Hurghada-1-e1669968504439.jpg?resize=1200%2C675&ssl=1",1200,675,true],"newspack-article-block-landscape-medium":["https:\/\/i0.wp.com\/landioustravel.com\/wp-content\/uploads\/2018\/11\/Diving-Excursion-Hurghada-1-e1669968504439.jpg?resize=800%2C600&ssl=1",800,600,true],"newspack-article-block-portrait-medium":["https:\/\/i0.wp.com\/landioustravel.com\/wp-content\/uploads\/2018\/11\/Diving-Excursion-Hurghada-1-e1669968504439.jpg?resize=600%2C675&ssl=1",600,675,true],"newspack-article-block-square-medium":["https:\/\/i0.wp.com\/landioustravel.com\/wp-content\/uploads\/2018\/11\/Diving-Excursion-Hurghada-1-e1669968504439.jpg?resize=800%2C675&ssl=1",800,675,true],"newspack-article-block-landscape-intermediate":["https:\/\/i0.wp.com\/landioustravel.com\/wp-content\/uploads\/2018\/11\/Diving-Excursion-Hurghada-1-e1669968504439.jpg?resize=600%2C450&ssl=1",600,450,true],"newspack-article-block-portrait-intermediate":["https:\/\/i0.wp.com\/landioustravel.com\/wp-content\/uploads\/2018\/11\/Diving-Excursion-Hurghada-1-e1669968504439.jpg?resize=450%2C600&ssl=1",450,600,true],"newspack-article-block-square-intermediate":["https:\/\/i0.wp.com\/landioustravel.com\/wp-content\/uploads\/2018\/11\/Diving-Excursion-Hurghada-1-e1669968504439.jpg?resize=600%2C600&ssl=1",600,600,true],"newspack-article-block-landscape-small":["https:\/\/i0.wp.com\/landioustravel.com\/wp-content\/uploads\/2018\/11\/Diving-Excursion-Hurghada-1-e1669968504439.jpg?resize=400%2C300&ssl=1",400,300,true],"newspack-article-block-portrait-small":["https:\/\/i0.wp.com\/landioustravel.com\/wp-content\/uploads\/2018\/11\/Diving-Excursion-Hurghada-1-e1669968504439.jpg?resize=300%2C400&ssl=1",300,400,true],"newspack-article-block-square-small":["https:\/\/i0.wp.com\/landioustravel.com\/wp-content\/uploads\/2018\/11\/Diving-Excursion-Hurghada-1-e1669968504439.jpg?resize=400%2C400&ssl=1",400,400,true],"newspack-article-block-landscape-tiny":["https:\/\/i0.wp.com\/landioustravel.com\/wp-content\/uploads\/2018\/11\/Diving-Excursion-Hurghada-1-e1669968504439.jpg?resize=200%2C150&ssl=1",200,150,true],"newspack-article-block-portrait-tiny":["https:\/\/i0.wp.com\/landioustravel.com\/wp-content\/uploads\/2018\/11\/Diving-Excursion-Hurghada-1-e1669968504439.jpg?resize=150%2C200&ssl=1",150,200,true],"newspack-article-block-square-tiny":["https:\/\/i0.wp.com\/landioustravel.com\/wp-content\/uploads\/2018\/11\/Diving-Excursion-Hurghada-1-e1669968504439.jpg?resize=200%2C200&ssl=1",200,200,true],"newspack-article-block-uncropped":["https:\/\/i0.wp.com\/landioustravel.com\/wp-content\/uploads\/2018\/11\/Diving-Excursion-Hurghada-1-e1669968504439.jpg?fit=1200%2C675&ssl=1",1200,675,true],"woocommerce_thumbnail":["https:\/\/i0.wp.com\/landioustravel.com\/wp-content\/uploads\/2018\/11\/Diving-Excursion-Hurghada-1-e1669968504439.jpg?resize=324%2C324&ssl=1",324,324,true],"woocommerce_single":["https:\/\/i0.wp.com\/landioustravel.com\/wp-content\/uploads\/2018\/11\/Diving-Excursion-Hurghada-1-e1669968504439.jpg?fit=416%2C234&ssl=1",416,234,true],"woocommerce_gallery_thumbnail":["https:\/\/i0.wp.com\/landioustravel.com\/wp-content\/uploads\/2018\/11\/Diving-Excursion-Hurghada-1-e1669968504439.jpg?resize=100%2C100&ssl=1",100,100,true]},"uagb_author_info":{"display_name":"Mofreh Landious","author_link":"https:\/\/landioustravel.com\/sv\/author\/"},"uagb_comment_info":4,"uagb_excerpt":"Upplev undervattensv\u00e4rldens underverk utan att bryta banken med v\u00e5r nyb\u00f6rjardykningsutflykt! Med en privat instrukt\u00f6r vid din sida fr\u00e5n b\u00f6rjan till slut kommer du att kunna l\u00e4ra dig hur du anv\u00e4nder den medf\u00f6ljande utrustningen och ge dig ut p\u00e5 tv\u00e5 sp\u00e4nnande dyk p\u00e5 olika platser. V\u00e5ra professionella dykinstrukt\u00f6rer kommer att garantera din s\u00e4kerhet och se till&hellip;","jetpack_sharing_enabled":true,"jetpack_likes_enabled":true,"amp_enabled":true,"_links":{"self":[{"href":"https:\/\/landioustravel.com\/sv\/wp-json\/wp\/v2\/product\/26351","targetHints":{"allow":["GET"]}}],"collection":[{"href":"https:\/\/landioustravel.com\/sv\/wp-json\/wp\/v2\/product"}],"about":[{"href":"https:\/\/landioustravel.com\/sv\/wp-json\/wp\/v2\/types\/product"}],"replies":[{"embeddable":true,"href":"https:\/\/landioustravel.com\/sv\/wp-json\/wp\/v2\/comments?post=26351"}],"wp:featuredmedia":[{"embeddable":true,"href":"https:\/\/landioustravel.com\/sv\/wp-json\/wp\/v2\/media\/130995"}],"wp:attachment":[{"href":"https:\/\/landioustravel.com\/sv\/wp-json\/wp\/v2\/media?parent=26351"}],"wp:term":[{"taxonomy":"product_brand","embeddable":true,"href":"https:\/\/landioustravel.com\/sv\/wp-json\/wp\/v2\/product_brand?post=26351"},{"taxonomy":"product_cat","embeddable":true,"href":"https:\/\/landioustravel.com\/sv\/wp-json\/wp\/v2\/product_cat?post=26351"},{"taxonomy":"product_tag","embeddable":true,"href":"https:\/\/landioustravel.com\/sv\/wp-json\/wp\/v2\/product_tag?post=26351"}],"curies":[{"name":"wp","href":"https:\/\/api.w.org\/{rel}","templated":true}]}}