{"id":26367,"date":"2019-06-04T10:16:44","date_gmt":"2020-12-17T23:12:34","guid":{"rendered":"https:\/\/landioustravel.com\/?post_type=product&#038;p=26367"},"modified":"2025-10-17T20:14:08","modified_gmt":"2025-10-17T17:14:08","slug":"individuell-stadstur-el-gouna-hurghada","status":"publish","type":"product","link":"https:\/\/landioustravel.com\/sv\/shop\/individuell-stadstur-el-gouna-hurghada\/","title":{"rendered":"Individuell stadstur av El-Gouna fr\u00e5n Hurghada"},"content":{"rendered":"<p>Det \u00e4r en sp\u00e4nnande individuell stadstur f\u00f6r att utforska staden El-Gouna fr\u00e5n Hurghada, Egypten! Vi rekommenderar resan eftersom det till\u00e5ter turister att uppt\u00e4cka El-Gouna City med alla dess olika omr\u00e5den och attraktioner. Dessutom g\u00f6r turister en fantastisk lagunresa f\u00f6r att uppt\u00e4cka platsen fr\u00e5n havet. Naturligtvis kan du g\u00f6ra denna underbara stadstur individuellt p\u00e5 ett privat fordon och med en av v\u00e5ra professionella guider!<\/p>\n<h2>Huvudpunkter f\u00f6r det enskilda programmet till El-Gouna<\/h2>\n<ul>\n<li>Bes\u00f6ker El-Gouna till lands<\/li>\n<li>Med panoramautsikt \u00f6ver platsen<\/li>\n<li>G\u00f6r en lagunresa med en motorb\u00e5t av El-Gouna<\/li>\n<li>Och en promenad vid sm\u00e5b\u00e5tshamnen<\/li>\n<li>Slutligen g\u00f6r du lite shopping<\/li>\n<\/ul>\n<h3>Program f\u00f6r stadsturen av egyptiska Venedig fr\u00e5n Hurghada<\/h3>\n<ul>\n<li>Landious Travel-representant h\u00e4mtar dig fr\u00e5n ditt hotell i Hurghada, klockan 09:00<\/li>\n<li>Efter att ha h\u00e4mtat alla bes\u00f6kare g\u00e5r bussen till semesterorten El-Gouna. Det tar ungef\u00e4r 40 minuter att f\u00e5 denna plats<\/li>\n<li>I b\u00f6rjan av turn\u00e9n g\u00f6r du en panorama\u00f6versikt \u00f6ver staden. D\u00e4r ger din guide information om vilka omr\u00e5den vi har i El-Gouna<\/li>\n<li>Efter denna panoramautsikt \u00f6ver El-Gouna k\u00f6r du till stadens Down Town. D\u00e4r kan du g\u00e5 i sm\u00e5b\u00e5tshamnen i Abu-Tig. Senare kan du shoppa p\u00e5 platsen.<\/li>\n<li>N\u00e4sta stopp \u00e4r underbart: du g\u00f6r en kort lagunresa med en motorb\u00e5t f\u00f6r att uppt\u00e4cka platsen fr\u00e5n havet.<\/li>\n<li>Slutligen g\u00f6r du en promenad p\u00e5 denna underbara plats<\/li>\n<li>Programmet f\u00f6r \u201dIndividuell stadsturn\u00e9 av El-Gouna fr\u00e5n Hurghada\u201d slutar klockan 14:00<\/li>\n<\/ul>\n<h4>Vad ing\u00e5r i resepriset<\/h4>\n<ul>\n<li>Individuell transfer till El-Gouna och tillbaka till hotellet<\/li>\n<li>Professionell guide<\/li>\n<\/ul>\n<h5>Vad ing\u00e5r inte i priset f\u00f6r turn\u00e9n<\/h5>\n<ul>\n<li>Ytterligare program om de inte ing\u00e5r i resans huvudprogram<\/li>\n<\/ul>\n<h6>Vad du ska ta med p\u00e5 en turn\u00e9<\/h6>\n<ul>\n<li>Solglas\u00f6gon<\/li>\n<\/ul>\n<h6>DAGAR F\u00d6R UTFLYTTSORGANISATION<\/h6>\n<ul>\n<li>Dagligen fr\u00e5n kl. 09.00 till 14.00<\/li>\n<\/ul>\n","protected":false},"excerpt":{"rendered":"<p>Ge dig ut p\u00e5 en sightseeingtur i El-Gouna och uppt\u00e4ck sk\u00f6nheten i denna charmiga stad. V\u00e5rt program inkluderar olika punkter och stopp p\u00e5 de mest intressanta platserna i El-Gouna. Du kommer att l\u00e4ra dig mycket om utvecklingen av denna stad och dess utveckling fr\u00e5n en \u00f6ken till en ber\u00f6md turiststad. V\u00e5r v\u00e4nliga guide visar dig runt och ger dig anv\u00e4ndbar information. F\u00f6lj med oss och utforska de viktigaste landm\u00e4rkena i El-Gouna, inklusive den privata flygplatsen, den koptiska kristna kyrkan, centrum, lagunb\u00e5tturen, Abu Tig Marina, Mangrove Beach och fiskodlingen. Res med komfort och s\u00e4kerhet i en chauff\u00f6rsdriven luftkonditionerad bil. Under v\u00e5r resa kommer vi att bes\u00f6ka den h\u00f6gsta platsen i El-Gouna, El Gouna-tornet, f\u00f6r att njuta av en fantastisk utsikt \u00f6ver staden. Vi kommer ocks\u00e5 att ha tid att g\u00e5 runt Abu Tig Marina, en ber\u00f6md och fridfull plats i El-Gouna, och bes\u00f6ka den kristna kyrkan f\u00f6r ortodoxa. Dessutom kommer vi att ha m\u00f6jlighet att \u00e5ka Felucca-b\u00e5tarna och utforska El-Gouna fr\u00e5n havet. Slutligen kommer vi tillbaka till centrum i Hurghada, d\u00e4r du kan shoppa souvenirer och utforska de lokala marknaderna. Vi ser fram emot att ge dig en of\u00f6rgl\u00f6mlig upplevelse i El-Gouna.<\/p>\n","protected":false},"featured_media":99128,"comment_status":"open","ping_status":"closed","template":"","meta":{"_coblocks_attr":"","_coblocks_dimensions":"","_coblocks_responsive_height":"","_coblocks_accordion_ie_support":"","_uag_custom_page_level_css":"","jetpack_post_was_ever_published":false,"jetpack_publicize_message":"","jetpack_publicize_feature_enabled":true,"jetpack_social_post_already_shared":true,"jetpack_social_options":{"image_generator_settings":{"template":"highway","default_image_id":0,"font":"","enabled":false},"version":2},"_wpas_customize_per_network":false},"product_brand":[],"product_cat":[18884,18875],"product_tag":[18996,19008,19027,18975,18998,19001],"class_list":{"0":"post-26367","1":"product","2":"type-product","3":"status-publish","4":"has-post-thumbnail","6":"product_cat-individuella-utflykter-hurghada","7":"product_cat-stadsturer-hurghada","8":"product_tag-el-gouna-sv","9":"product_tag-hurghada-sv","10":"product_tag-sightseeing-sv","11":"product_tag-stadsrundtur","12":"product_tag-utflykt","13":"product_tag-utflykter-hurghada","15":"first","16":"instock","17":"sale","18":"featured","19":"taxable","20":"shipping-taxable","21":"purchasable","22":"product-type-variable"},"yoast_head":"<!-- This site is optimized with the Yoast SEO Premium plugin v26.9 (Yoast SEO v27.3) - https:\/\/yoast.com\/product\/yoast-seo-premium-wordpress\/ -->\n<title>Individuell stadstur av El-Gouna fr\u00e5n Hurghada<\/title>\n<meta name=\"description\" content=\"Individuell stadstur av El-Gouna fr\u00e5n Hurghada inkluderar olika punkter och stopp p\u00e5 de viktigaste intressanta platserna i staden. H\u00e4r tar din guide rollen\" \/>\n<meta name=\"robots\" content=\"index, follow, max-snippet:-1, max-image-preview:large, max-video-preview:-1\" \/>\n<link rel=\"canonical\" href=\"https:\/\/landioustravel.com\/sv\/shop\/individuell-stadstur-el-gouna-hurghada\/\" \/>\n<meta property=\"og:locale\" content=\"sv_SE\" \/>\n<meta property=\"og:type\" content=\"article\" \/>\n<meta property=\"og:title\" content=\"Individuell stadstur av El-Gouna fr\u00e5n Hurghada\" \/>\n<meta property=\"og:description\" content=\"Landious Travel\" \/>\n<meta property=\"og:url\" content=\"https:\/\/landioustravel.com\/sv\/shop\/individuell-stadstur-el-gouna-hurghada\/\" \/>\n<meta property=\"og:site_name\" content=\"Landious Travel\" \/>\n<meta property=\"article:publisher\" content=\"https:\/\/web.facebook.com\/landiousEgypt\" \/>\n<meta property=\"article:modified_time\" content=\"2025-10-17T17:14:08+00:00\" \/>\n<meta property=\"og:image\" content=\"https:\/\/i0.wp.com\/landioustravel.com\/wp-content\/uploads\/2019\/06\/El-Gouna-Individual-City-Tour-e1669140662615.jpg?fit=1200%2C675&ssl=1\" \/>\n\t<meta property=\"og:image:width\" content=\"1200\" \/>\n\t<meta property=\"og:image:height\" content=\"675\" \/>\n\t<meta property=\"og:image:type\" content=\"image\/jpeg\" \/>\n<meta name=\"twitter:card\" content=\"summary_large_image\" \/>\n<meta name=\"twitter:site\" content=\"@LandiousTours\" \/>\n<meta name=\"twitter:label1\" content=\"Ber\u00e4knad l\u00e4stid\" \/>\n\t<meta name=\"twitter:data1\" content=\"2 minuter\" \/>\n<script type=\"application\/ld+json\" class=\"yoast-schema-graph\">{\"@context\":\"https:\\\/\\\/schema.org\",\"@graph\":[{\"@type\":\"WebPage\",\"@id\":\"https:\\\/\\\/landioustravel.com\\\/sv\\\/shop\\\/individuell-stadstur-el-gouna-hurghada\\\/\",\"url\":\"https:\\\/\\\/landioustravel.com\\\/sv\\\/shop\\\/individuell-stadstur-el-gouna-hurghada\\\/\",\"name\":\"Individuell stadstur av El-Gouna fr\u00e5n Hurghada\",\"isPartOf\":{\"@id\":\"https:\\\/\\\/landioustravel.com\\\/sv\\\/#website\"},\"primaryImageOfPage\":{\"@id\":\"https:\\\/\\\/landioustravel.com\\\/sv\\\/shop\\\/individuell-stadstur-el-gouna-hurghada\\\/#primaryimage\"},\"image\":{\"@id\":\"https:\\\/\\\/landioustravel.com\\\/sv\\\/shop\\\/individuell-stadstur-el-gouna-hurghada\\\/#primaryimage\"},\"thumbnailUrl\":\"https:\\\/\\\/i0.wp.com\\\/landioustravel.com\\\/wp-content\\\/uploads\\\/2019\\\/06\\\/El-Gouna-Individual-City-Tour-e1669140662615.jpg?fit=1200%2C675&ssl=1\",\"datePublished\":\"2020-12-17T23:12:34+00:00\",\"dateModified\":\"2025-10-17T17:14:08+00:00\",\"description\":\"Individuell stadstur av El-Gouna fr\u00e5n Hurghada inkluderar olika punkter och stopp p\u00e5 de viktigaste intressanta platserna i staden. H\u00e4r tar din guide rollen\",\"breadcrumb\":{\"@id\":\"https:\\\/\\\/landioustravel.com\\\/sv\\\/shop\\\/individuell-stadstur-el-gouna-hurghada\\\/#breadcrumb\"},\"inLanguage\":\"sv-SE\",\"potentialAction\":[{\"@type\":\"ReadAction\",\"target\":[\"https:\\\/\\\/landioustravel.com\\\/sv\\\/shop\\\/individuell-stadstur-el-gouna-hurghada\\\/\"]}]},{\"@type\":\"ImageObject\",\"inLanguage\":\"sv-SE\",\"@id\":\"https:\\\/\\\/landioustravel.com\\\/sv\\\/shop\\\/individuell-stadstur-el-gouna-hurghada\\\/#primaryimage\",\"url\":\"https:\\\/\\\/i0.wp.com\\\/landioustravel.com\\\/wp-content\\\/uploads\\\/2019\\\/06\\\/El-Gouna-Individual-City-Tour-e1669140662615.jpg?fit=1200%2C675&ssl=1\",\"contentUrl\":\"https:\\\/\\\/i0.wp.com\\\/landioustravel.com\\\/wp-content\\\/uploads\\\/2019\\\/06\\\/El-Gouna-Individual-City-Tour-e1669140662615.jpg?fit=1200%2C675&ssl=1\",\"width\":1200,\"height\":675,\"caption\":\"El Gouna Individual City Tour\"},{\"@type\":\"BreadcrumbList\",\"@id\":\"https:\\\/\\\/landioustravel.com\\\/sv\\\/shop\\\/individuell-stadstur-el-gouna-hurghada\\\/#breadcrumb\",\"itemListElement\":[{\"@type\":\"ListItem\",\"position\":1,\"name\":\"Home\",\"item\":\"https:\\\/\\\/landioustravel.com\\\/sv\\\/\"},{\"@type\":\"ListItem\",\"position\":2,\"name\":\"Tj\u00e4nster &#038; turer\",\"item\":\"https:\\\/\\\/landioustravel.com\\\/sv\\\/\"},{\"@type\":\"ListItem\",\"position\":3,\"name\":\"Individuell stadstur av El-Gouna fr\u00e5n Hurghada\"}]},{\"@type\":\"WebSite\",\"@id\":\"https:\\\/\\\/landioustravel.com\\\/sv\\\/#website\",\"url\":\"https:\\\/\\\/landioustravel.com\\\/sv\\\/\",\"name\":\"Landious Travel\",\"description\":\"Excursions, trips and cruises in Egypt\",\"publisher\":{\"@id\":\"https:\\\/\\\/landioustravel.com\\\/sv\\\/#organization\"},\"potentialAction\":[{\"@type\":\"SearchAction\",\"target\":{\"@type\":\"EntryPoint\",\"urlTemplate\":\"https:\\\/\\\/landioustravel.com\\\/sv\\\/?s={search_term_string}\"},\"query-input\":{\"@type\":\"PropertyValueSpecification\",\"valueRequired\":true,\"valueName\":\"search_term_string\"}}],\"inLanguage\":\"sv-SE\"},{\"@type\":[\"Organization\",\"Place\"],\"@id\":\"https:\\\/\\\/landioustravel.com\\\/sv\\\/#organization\",\"name\":\"Landious Travel\",\"alternateName\":\"Landious Travel\",\"url\":\"https:\\\/\\\/landioustravel.com\\\/sv\\\/\",\"logo\":{\"@id\":\"https:\\\/\\\/landioustravel.com\\\/sv\\\/shop\\\/individuell-stadstur-el-gouna-hurghada\\\/#local-main-organization-logo\"},\"image\":{\"@id\":\"https:\\\/\\\/landioustravel.com\\\/sv\\\/shop\\\/individuell-stadstur-el-gouna-hurghada\\\/#local-main-organization-logo\"},\"sameAs\":[\"https:\\\/\\\/web.facebook.com\\\/landiousEgypt\",\"https:\\\/\\\/x.com\\\/LandiousTours\",\"https:\\\/\\\/mastodon.social\\\/@landious\"],\"legalName\":\"Landious Travel\",\"telephone\":[],\"openingHoursSpecification\":[{\"@type\":\"OpeningHoursSpecification\",\"dayOfWeek\":[\"Monday\",\"Tuesday\",\"Wednesday\",\"Thursday\",\"Friday\",\"Saturday\",\"Sunday\"],\"opens\":\"09:00\",\"closes\":\"17:00\"}]},{\"@type\":\"ImageObject\",\"inLanguage\":\"sv-SE\",\"@id\":\"https:\\\/\\\/landioustravel.com\\\/sv\\\/shop\\\/individuell-stadstur-el-gouna-hurghada\\\/#local-main-organization-logo\",\"url\":\"https:\\\/\\\/i0.wp.com\\\/landioustravel.com\\\/wp-content\\\/uploads\\\/2021\\\/06\\\/Landious-T.png?fit=500%2C500&ssl=1\",\"contentUrl\":\"https:\\\/\\\/i0.wp.com\\\/landioustravel.com\\\/wp-content\\\/uploads\\\/2021\\\/06\\\/Landious-T.png?fit=500%2C500&ssl=1\",\"width\":500,\"height\":500,\"caption\":\"Landious Travel\"}]}<\/script>\n<!-- \/ Yoast SEO Premium plugin. -->","yoast_head_json":{"title":"Individuell stadstur av El-Gouna fr\u00e5n Hurghada","description":"Individuell stadstur av El-Gouna fr\u00e5n Hurghada inkluderar olika punkter och stopp p\u00e5 de viktigaste intressanta platserna i staden. H\u00e4r tar din guide rollen","robots":{"index":"index","follow":"follow","max-snippet":"max-snippet:-1","max-image-preview":"max-image-preview:large","max-video-preview":"max-video-preview:-1"},"canonical":"https:\/\/landioustravel.com\/sv\/shop\/individuell-stadstur-el-gouna-hurghada\/","og_locale":"sv_SE","og_type":"article","og_title":"Individuell stadstur av El-Gouna fr\u00e5n Hurghada","og_description":"Landious Travel","og_url":"https:\/\/landioustravel.com\/sv\/shop\/individuell-stadstur-el-gouna-hurghada\/","og_site_name":"Landious Travel","article_publisher":"https:\/\/web.facebook.com\/landiousEgypt","article_modified_time":"2025-10-17T17:14:08+00:00","og_image":[{"width":1200,"height":675,"url":"https:\/\/i0.wp.com\/landioustravel.com\/wp-content\/uploads\/2019\/06\/El-Gouna-Individual-City-Tour-e1669140662615.jpg?fit=1200%2C675&ssl=1","type":"image\/jpeg"}],"twitter_card":"summary_large_image","twitter_site":"@LandiousTours","twitter_misc":{"Ber\u00e4knad l\u00e4stid":"2 minuter"},"schema":{"@context":"https:\/\/schema.org","@graph":[{"@type":"WebPage","@id":"https:\/\/landioustravel.com\/sv\/shop\/individuell-stadstur-el-gouna-hurghada\/","url":"https:\/\/landioustravel.com\/sv\/shop\/individuell-stadstur-el-gouna-hurghada\/","name":"Individuell stadstur av El-Gouna fr\u00e5n Hurghada","isPartOf":{"@id":"https:\/\/landioustravel.com\/sv\/#website"},"primaryImageOfPage":{"@id":"https:\/\/landioustravel.com\/sv\/shop\/individuell-stadstur-el-gouna-hurghada\/#primaryimage"},"image":{"@id":"https:\/\/landioustravel.com\/sv\/shop\/individuell-stadstur-el-gouna-hurghada\/#primaryimage"},"thumbnailUrl":"https:\/\/i0.wp.com\/landioustravel.com\/wp-content\/uploads\/2019\/06\/El-Gouna-Individual-City-Tour-e1669140662615.jpg?fit=1200%2C675&ssl=1","datePublished":"2020-12-17T23:12:34+00:00","dateModified":"2025-10-17T17:14:08+00:00","description":"Individuell stadstur av El-Gouna fr\u00e5n Hurghada inkluderar olika punkter och stopp p\u00e5 de viktigaste intressanta platserna i staden. H\u00e4r tar din guide rollen","breadcrumb":{"@id":"https:\/\/landioustravel.com\/sv\/shop\/individuell-stadstur-el-gouna-hurghada\/#breadcrumb"},"inLanguage":"sv-SE","potentialAction":[{"@type":"ReadAction","target":["https:\/\/landioustravel.com\/sv\/shop\/individuell-stadstur-el-gouna-hurghada\/"]}]},{"@type":"ImageObject","inLanguage":"sv-SE","@id":"https:\/\/landioustravel.com\/sv\/shop\/individuell-stadstur-el-gouna-hurghada\/#primaryimage","url":"https:\/\/i0.wp.com\/landioustravel.com\/wp-content\/uploads\/2019\/06\/El-Gouna-Individual-City-Tour-e1669140662615.jpg?fit=1200%2C675&ssl=1","contentUrl":"https:\/\/i0.wp.com\/landioustravel.com\/wp-content\/uploads\/2019\/06\/El-Gouna-Individual-City-Tour-e1669140662615.jpg?fit=1200%2C675&ssl=1","width":1200,"height":675,"caption":"El Gouna Individual City Tour"},{"@type":"BreadcrumbList","@id":"https:\/\/landioustravel.com\/sv\/shop\/individuell-stadstur-el-gouna-hurghada\/#breadcrumb","itemListElement":[{"@type":"ListItem","position":1,"name":"Home","item":"https:\/\/landioustravel.com\/sv\/"},{"@type":"ListItem","position":2,"name":"Tj\u00e4nster &#038; turer","item":"https:\/\/landioustravel.com\/sv\/"},{"@type":"ListItem","position":3,"name":"Individuell stadstur av El-Gouna fr\u00e5n Hurghada"}]},{"@type":"WebSite","@id":"https:\/\/landioustravel.com\/sv\/#website","url":"https:\/\/landioustravel.com\/sv\/","name":"Landious Travel","description":"Excursions, trips and cruises in Egypt","publisher":{"@id":"https:\/\/landioustravel.com\/sv\/#organization"},"potentialAction":[{"@type":"SearchAction","target":{"@type":"EntryPoint","urlTemplate":"https:\/\/landioustravel.com\/sv\/?s={search_term_string}"},"query-input":{"@type":"PropertyValueSpecification","valueRequired":true,"valueName":"search_term_string"}}],"inLanguage":"sv-SE"},{"@type":["Organization","Place"],"@id":"https:\/\/landioustravel.com\/sv\/#organization","name":"Landious Travel","alternateName":"Landious Travel","url":"https:\/\/landioustravel.com\/sv\/","logo":{"@id":"https:\/\/landioustravel.com\/sv\/shop\/individuell-stadstur-el-gouna-hurghada\/#local-main-organization-logo"},"image":{"@id":"https:\/\/landioustravel.com\/sv\/shop\/individuell-stadstur-el-gouna-hurghada\/#local-main-organization-logo"},"sameAs":["https:\/\/web.facebook.com\/landiousEgypt","https:\/\/x.com\/LandiousTours","https:\/\/mastodon.social\/@landious"],"legalName":"Landious Travel","telephone":[],"openingHoursSpecification":[{"@type":"OpeningHoursSpecification","dayOfWeek":["Monday","Tuesday","Wednesday","Thursday","Friday","Saturday","Sunday"],"opens":"09:00","closes":"17:00"}]},{"@type":"ImageObject","inLanguage":"sv-SE","@id":"https:\/\/landioustravel.com\/sv\/shop\/individuell-stadstur-el-gouna-hurghada\/#local-main-organization-logo","url":"https:\/\/i0.wp.com\/landioustravel.com\/wp-content\/uploads\/2021\/06\/Landious-T.png?fit=500%2C500&ssl=1","contentUrl":"https:\/\/i0.wp.com\/landioustravel.com\/wp-content\/uploads\/2021\/06\/Landious-T.png?fit=500%2C500&ssl=1","width":500,"height":500,"caption":"Landious Travel"}]}},"jetpack_publicize_connections":[],"uagb_featured_image_src":{"full":["https:\/\/i0.wp.com\/landioustravel.com\/wp-content\/uploads\/2019\/06\/El-Gouna-Individual-City-Tour-e1669140662615.jpg?fit=1200%2C675&ssl=1",1200,675,false],"thumbnail":["https:\/\/i0.wp.com\/landioustravel.com\/wp-content\/uploads\/2019\/06\/El-Gouna-Individual-City-Tour-e1669140662615.jpg?resize=150%2C150&ssl=1",150,150,true],"medium":["https:\/\/i0.wp.com\/landioustravel.com\/wp-content\/uploads\/2019\/06\/El-Gouna-Individual-City-Tour-e1669140662615.jpg?fit=300%2C169&ssl=1",300,169,true],"medium_large":["https:\/\/i0.wp.com\/landioustravel.com\/wp-content\/uploads\/2019\/06\/El-Gouna-Individual-City-Tour-e1669140662615.jpg?fit=768%2C432&ssl=1",768,432,true],"large":["https:\/\/i0.wp.com\/landioustravel.com\/wp-content\/uploads\/2019\/06\/El-Gouna-Individual-City-Tour-e1669140662615.jpg?fit=980%2C551&ssl=1",980,551,true],"1536x1536":["https:\/\/i0.wp.com\/landioustravel.com\/wp-content\/uploads\/2019\/06\/El-Gouna-Individual-City-Tour-e1669140662615.jpg?fit=1200%2C675&ssl=1",1200,675,true],"2048x2048":["https:\/\/i0.wp.com\/landioustravel.com\/wp-content\/uploads\/2019\/06\/El-Gouna-Individual-City-Tour-e1669140662615.jpg?fit=1200%2C675&ssl=1",1200,675,true],"newspack-article-block-landscape-large":["https:\/\/i0.wp.com\/landioustravel.com\/wp-content\/uploads\/2019\/06\/El-Gouna-Individual-City-Tour-e1669140662615.jpg?resize=1200%2C675&ssl=1",1200,675,true],"newspack-article-block-portrait-large":["https:\/\/i0.wp.com\/landioustravel.com\/wp-content\/uploads\/2019\/06\/El-Gouna-Individual-City-Tour-e1669140662615.jpg?resize=900%2C675&ssl=1",900,675,true],"newspack-article-block-square-large":["https:\/\/i0.wp.com\/landioustravel.com\/wp-content\/uploads\/2019\/06\/El-Gouna-Individual-City-Tour-e1669140662615.jpg?resize=1200%2C675&ssl=1",1200,675,true],"newspack-article-block-landscape-medium":["https:\/\/i0.wp.com\/landioustravel.com\/wp-content\/uploads\/2019\/06\/El-Gouna-Individual-City-Tour-e1669140662615.jpg?resize=800%2C600&ssl=1",800,600,true],"newspack-article-block-portrait-medium":["https:\/\/i0.wp.com\/landioustravel.com\/wp-content\/uploads\/2019\/06\/El-Gouna-Individual-City-Tour-e1669140662615.jpg?resize=600%2C675&ssl=1",600,675,true],"newspack-article-block-square-medium":["https:\/\/i0.wp.com\/landioustravel.com\/wp-content\/uploads\/2019\/06\/El-Gouna-Individual-City-Tour-e1669140662615.jpg?resize=800%2C675&ssl=1",800,675,true],"newspack-article-block-landscape-intermediate":["https:\/\/i0.wp.com\/landioustravel.com\/wp-content\/uploads\/2019\/06\/El-Gouna-Individual-City-Tour-e1669140662615.jpg?resize=600%2C450&ssl=1",600,450,true],"newspack-article-block-portrait-intermediate":["https:\/\/i0.wp.com\/landioustravel.com\/wp-content\/uploads\/2019\/06\/El-Gouna-Individual-City-Tour-e1669140662615.jpg?resize=450%2C600&ssl=1",450,600,true],"newspack-article-block-square-intermediate":["https:\/\/i0.wp.com\/landioustravel.com\/wp-content\/uploads\/2019\/06\/El-Gouna-Individual-City-Tour-e1669140662615.jpg?resize=600%2C600&ssl=1",600,600,true],"newspack-article-block-landscape-small":["https:\/\/i0.wp.com\/landioustravel.com\/wp-content\/uploads\/2019\/06\/El-Gouna-Individual-City-Tour-e1669140662615.jpg?resize=400%2C300&ssl=1",400,300,true],"newspack-article-block-portrait-small":["https:\/\/i0.wp.com\/landioustravel.com\/wp-content\/uploads\/2019\/06\/El-Gouna-Individual-City-Tour-e1669140662615.jpg?resize=300%2C400&ssl=1",300,400,true],"newspack-article-block-square-small":["https:\/\/i0.wp.com\/landioustravel.com\/wp-content\/uploads\/2019\/06\/El-Gouna-Individual-City-Tour-e1669140662615.jpg?resize=400%2C400&ssl=1",400,400,true],"newspack-article-block-landscape-tiny":["https:\/\/i0.wp.com\/landioustravel.com\/wp-content\/uploads\/2019\/06\/El-Gouna-Individual-City-Tour-e1669140662615.jpg?resize=200%2C150&ssl=1",200,150,true],"newspack-article-block-portrait-tiny":["https:\/\/i0.wp.com\/landioustravel.com\/wp-content\/uploads\/2019\/06\/El-Gouna-Individual-City-Tour-e1669140662615.jpg?resize=150%2C200&ssl=1",150,200,true],"newspack-article-block-square-tiny":["https:\/\/i0.wp.com\/landioustravel.com\/wp-content\/uploads\/2019\/06\/El-Gouna-Individual-City-Tour-e1669140662615.jpg?resize=200%2C200&ssl=1",200,200,true],"newspack-article-block-uncropped":["https:\/\/i0.wp.com\/landioustravel.com\/wp-content\/uploads\/2019\/06\/El-Gouna-Individual-City-Tour-e1669140662615.jpg?fit=1200%2C675&ssl=1",1200,675,true],"woocommerce_thumbnail":["https:\/\/i0.wp.com\/landioustravel.com\/wp-content\/uploads\/2019\/06\/El-Gouna-Individual-City-Tour-e1669140662615.jpg?resize=324%2C324&ssl=1",324,324,true],"woocommerce_single":["https:\/\/i0.wp.com\/landioustravel.com\/wp-content\/uploads\/2019\/06\/El-Gouna-Individual-City-Tour-e1669140662615.jpg?fit=416%2C234&ssl=1",416,234,true],"woocommerce_gallery_thumbnail":["https:\/\/i0.wp.com\/landioustravel.com\/wp-content\/uploads\/2019\/06\/El-Gouna-Individual-City-Tour-e1669140662615.jpg?resize=100%2C100&ssl=1",100,100,true]},"uagb_author_info":{"display_name":"Mofreh Landious","author_link":"https:\/\/landioustravel.com\/sv\/author\/"},"uagb_comment_info":3,"uagb_excerpt":"Ge dig ut p\u00e5 en sightseeingtur i El-Gouna och uppt\u00e4ck sk\u00f6nheten i denna charmiga stad. V\u00e5rt program inkluderar olika punkter och stopp p\u00e5 de mest intressanta platserna i El-Gouna. Du kommer att l\u00e4ra dig mycket om utvecklingen av denna stad och dess utveckling fr\u00e5n en \u00f6ken till en ber\u00f6md turiststad. V\u00e5r v\u00e4nliga guide visar dig&hellip;","jetpack_sharing_enabled":true,"jetpack_likes_enabled":true,"amp_enabled":true,"_links":{"self":[{"href":"https:\/\/landioustravel.com\/sv\/wp-json\/wp\/v2\/product\/26367","targetHints":{"allow":["GET"]}}],"collection":[{"href":"https:\/\/landioustravel.com\/sv\/wp-json\/wp\/v2\/product"}],"about":[{"href":"https:\/\/landioustravel.com\/sv\/wp-json\/wp\/v2\/types\/product"}],"replies":[{"embeddable":true,"href":"https:\/\/landioustravel.com\/sv\/wp-json\/wp\/v2\/comments?post=26367"}],"wp:featuredmedia":[{"embeddable":true,"href":"https:\/\/landioustravel.com\/sv\/wp-json\/wp\/v2\/media\/99128"}],"wp:attachment":[{"href":"https:\/\/landioustravel.com\/sv\/wp-json\/wp\/v2\/media?parent=26367"}],"wp:term":[{"taxonomy":"product_brand","embeddable":true,"href":"https:\/\/landioustravel.com\/sv\/wp-json\/wp\/v2\/product_brand?post=26367"},{"taxonomy":"product_cat","embeddable":true,"href":"https:\/\/landioustravel.com\/sv\/wp-json\/wp\/v2\/product_cat?post=26367"},{"taxonomy":"product_tag","embeddable":true,"href":"https:\/\/landioustravel.com\/sv\/wp-json\/wp\/v2\/product_tag?post=26367"}],"curies":[{"name":"wp","href":"https:\/\/api.w.org\/{rel}","templated":true}]}}