{"id":26387,"date":"2019-05-23T16:17:54","date_gmt":"2020-12-19T00:44:59","guid":{"rendered":"https:\/\/landioustravel.com\/?post_type=product&#038;p=26387"},"modified":"2025-10-01T20:25:00","modified_gmt":"2025-10-01T17:25:00","slug":"privat-fartbat-orange-bay-hurghada","status":"publish","type":"product","link":"https:\/\/landioustravel.com\/sv\/shop\/privat-fartbat-orange-bay-hurghada\/","title":{"rendered":"Privat fartb\u00e5t till Orange Bay i Hurghada"},"content":{"rendered":"<p>Det \u00e4r en underbar privat resa med snabbb\u00e5t till Orange Bay i Hurghada! Vi rekommenderar resan eftersom det till\u00e5ter turister att ha det bra vid havet! Resan ger dig m\u00f6jlighet att se vackra koraller och en m\u00e4ngd olika fiskar. Mer kommer du att njuta av en b\u00e5tpiknik genom R\u00f6da havet och lokalisera dig vid Orange Bay p\u00e5 Grand Giftun Island med fler tj\u00e4nster p\u00e5 sj\u00e4lva stranden. V\u00e4rdigt, \u00f6n ligger n\u00e4ra Hurghadas kust!<\/p>\n<h2>Huvudpunkterna i utflyktsprogrammet till Orange Bay Island<\/h2>\n<ul>\n<li>Simning i \u00f6ppet hav fr\u00e5n motorb\u00e5ten<\/li>\n<li>Snorkling med masker och simf\u00f6tter i det \u00f6ppna havet<\/li>\n<li>Landar ocks\u00e5 vid Orange Bay-stranden p\u00e5 Giftun Island<\/li>\n<\/ul>\n<h3>Program f\u00f6r den privata snabbb\u00e5tturen till Orange Bay-stranden fr\u00e5n Hurghada<\/h3>\n<ul>\n<li>Landious Travel-representant h\u00e4mtar dig fr\u00e5n hotellet i Hurghada, klockan 08:00<\/li>\n<li>Efter att ha h\u00e4mtat alla bes\u00f6kare g\u00e5r bussen till hamnen. V\u00e4gen till hamnen tar cirka 20 minuter<\/li>\n<li>Du hittar din motorb\u00e5t i hamnen. Det \u00e4r snyggt! Denna motorb\u00e5t \u00e4r utrustad med bekv\u00e4ma s\u00e4ten och kylsk\u00e5p. best\u00e5r. S\u00e5 fort du g\u00e5r in i motorb\u00e5ten kan du g\u00f6ra dig redo f\u00f6r en fantastisk picknick \u00f6ver R\u00f6da havet<\/li>\n<li>Motorb\u00e5ten g\u00e5r vidare genom R\u00f6da havet mot en vacker korallplats d\u00e4r du kan stoppa. D\u00e4r kan du simma och snorkla med masker och simf\u00f6tter<\/li>\n<li>Ditt n\u00e4sta stopp \u00e4r p\u00e5 den dr\u00f6mlika Orange Bay p\u00e5 Giftun Island. Vi tar din motorb\u00e5t till den. Din, guiden ger dig en glimt av m\u00f6jligheterna p\u00e5 stranden _ toaletter, t\u00e4lt och solstolar.<\/li>\n<li>P\u00e5 \u00f6n kommer du att spendera tre timmar. Under denna tid har du tillr\u00e4ckligt med tid att simma och bli solbr\u00e4nd<\/li>\n<li>Slutligen eskorterar vi dig tillbaka till dina hotell<\/li>\n<li>Denna &#8221;Private Speed \u200b\u200bBoat till Orange Bay i Hurghada&#8221; slutar klockan 13:00<\/li>\n<\/ul>\n<h4>Vad ing\u00e5r i turn\u00e9priset<\/h4>\n<ul>\n<li>Privat motorb\u00e5t<\/li>\n<li>Snorklingsutrustning (masker och simf\u00f6tter)<\/li>\n<li>Drycker &amp; f\u00e4rsk frukt p\u00e5 motorb\u00e5ten<\/li>\n<li>Alla faciliteter p\u00e5 \u00f6n (t\u00e4lt, solstolar och toalett)<\/li>\n<li>\u00d6verf\u00f6r ocks\u00e5 till hamnen och tillbaka till hotellet<\/li>\n<\/ul>\n<h5>Vad ing\u00e5r inte i priset f\u00f6r turn\u00e9n<\/h5>\n<ul>\n<li>Mat p\u00e5 \u00f6arna<\/li>\n<li>Drycker p\u00e5 \u00f6arna<\/li>\n<li>Video DVD<\/li>\n<li>\u00c4ven foto-CD<\/li>\n<\/ul>\n<h6>VAD DU ska ta med dig f\u00f6r resan<\/h6>\n<ul>\n<li>Handduk<\/li>\n<li>\u00c4ven solskyddsmedel<\/li>\n<\/ul>\n<h6>DAGAR F\u00d6R UTFLYTTSORGANISATION<\/h6>\n<ul>\n<li>Dagligen fr\u00e5n 08: 00-13: 00<\/li>\n<\/ul>\n<h6>ANV\u00c4NDANDE GESTURER OM H\u00d6GTB\u00c5TSANL\u00c4GGNINGAR<\/h6>\n<p>Alla v\u00e5ra snabbb\u00e5tar har JBL ljudsystem, s\u00f6tvattendusch, Bimini-topp, sold\u00e4ck, isl\u00e5da, eluttag och stege. \u00c5 andra sidan varierar motorb\u00e5tar beroende p\u00e5 motoreffekt och sittkapacitet. F\u00f6ljande lista visar dessa variationer:<\/p>\n<ul>\n<li>140 hk med 4 platser<\/li>\n<li>140 hk med 6 platser<\/li>\n<li>200 hk med 6 platser<\/li>\n<li>250 hk med 8 platser. Den h\u00e4r \u00e4r f\u00f6rsedd med en toalett<\/li>\n<li>Dessutom 500 hk med 8 platser<\/li>\n<\/ul>\n","protected":false},"excerpt":{"rendered":"<p>G\u00f6r dig redo f\u00f6r ett sp\u00e4nnande \u00e4ventyr! Vi h\u00e4mtar dig fr\u00e5n ditt hotell p\u00e5 morgonen och tar dig med p\u00e5 en sp\u00e4nnande motorb\u00e5ttur till tv\u00e5 fantastiska \u00f6ar i R\u00f6da havet.<\/p>\n<p>V\u00e5rt f\u00f6rsta stopp \u00e4r Orange Bay, d\u00e4r du kan koppla av p\u00e5 de vackra vita sandstr\u00e4nderna och njuta av solen. Du kommer att ha gott om tid att tr\u00e4ffa nya v\u00e4nner medan du lyssnar p\u00e5 musik och njuter av den tropiska atmosf\u00e4ren.<\/p>\n<p>D\u00e4refter \u00e5ker vi till Orange Island, d\u00e4r du kan utforska R\u00f6da havets undervattensv\u00e4rld med v\u00e5r snorklingsutrustning. Gl\u00f6m inte att ta n\u00e5gra fantastiska bilder att dela med dina v\u00e4nner och familj d\u00e4r hemma!<\/p>\n<p>V\u00e5rt team kommer att se till att du f\u00e5r en s\u00e4ker och trevlig resa. Boka din privata eller delade motorb\u00e5tstur nu och upplev sk\u00f6nheten i det egyptiska Karibien!<\/p>\n","protected":false},"featured_media":129076,"comment_status":"open","ping_status":"closed","template":"","meta":{"_coblocks_attr":"","_coblocks_dimensions":"","_coblocks_responsive_height":"","_coblocks_accordion_ie_support":"","_uag_custom_page_level_css":"","jetpack_post_was_ever_published":false,"jetpack_publicize_message":"","jetpack_publicize_feature_enabled":true,"jetpack_social_post_already_shared":true,"jetpack_social_options":{"image_generator_settings":{"template":"highway","default_image_id":0,"font":"","enabled":false},"version":2},"_wpas_customize_per_network":false},"product_brand":[],"product_cat":[18884,18871],"product_tag":[19009,18972,19022,19008,19023,19029,18998],"class_list":{"0":"post-26387","1":"product","2":"type-product","3":"status-publish","4":"has-post-thumbnail","6":"product_cat-individuella-utflykter-hurghada","7":"product_cat-sjoturer-hurghada","8":"product_tag-o","9":"product_tag-batturer-hurghada","10":"product_tag-havet","11":"product_tag-hurghada-sv","12":"product_tag-sjoturer","13":"product_tag-snorkling-sv","14":"product_tag-utflykt","16":"first","17":"instock","18":"sale","19":"taxable","20":"shipping-taxable","21":"purchasable","22":"product-type-variable"},"yoast_head":"<!-- This site is optimized with the Yoast SEO Premium plugin v26.9 (Yoast SEO v27.3) - https:\/\/yoast.com\/product\/yoast-seo-premium-wordpress\/ -->\n<title>Privat fartb\u00e5t till Orange Bay i Hurghada<\/title>\n<meta name=\"description\" content=\"Privat fartb\u00e5t till Orange Bay i Hurghada kommer du att ha en havspicknick genom R\u00f6da havet, och n\u00e5gonstans, ett stopp p\u00e5 \u00f6ppet hav f\u00f6r att simma och\" \/>\n<meta name=\"robots\" content=\"index, follow, max-snippet:-1, max-image-preview:large, max-video-preview:-1\" \/>\n<link rel=\"canonical\" href=\"https:\/\/landioustravel.com\/sv\/shop\/privat-fartbat-orange-bay-hurghada\/\" \/>\n<meta property=\"og:locale\" content=\"sv_SE\" \/>\n<meta property=\"og:type\" content=\"article\" \/>\n<meta property=\"og:title\" content=\"Privat fartb\u00e5t till Orange Bay i Hurghada\" \/>\n<meta property=\"og:description\" content=\"Landious Travel\" \/>\n<meta property=\"og:url\" content=\"https:\/\/landioustravel.com\/sv\/shop\/privat-fartbat-orange-bay-hurghada\/\" \/>\n<meta property=\"og:site_name\" content=\"Landious Travel\" \/>\n<meta property=\"article:publisher\" content=\"https:\/\/web.facebook.com\/landiousEgypt\" \/>\n<meta property=\"article:modified_time\" content=\"2025-10-01T17:25:00+00:00\" \/>\n<meta property=\"og:image\" content=\"https:\/\/i0.wp.com\/landioustravel.com\/wp-content\/uploads\/2019\/05\/Orange-Bay-by-Speedboat-Hurghada.jpg?fit=1200%2C657&ssl=1\" \/>\n\t<meta property=\"og:image:width\" content=\"1200\" \/>\n\t<meta property=\"og:image:height\" content=\"657\" \/>\n\t<meta property=\"og:image:type\" content=\"image\/jpeg\" \/>\n<meta name=\"twitter:card\" content=\"summary_large_image\" \/>\n<meta name=\"twitter:site\" content=\"@LandiousTours\" \/>\n<meta name=\"twitter:label1\" content=\"Ber\u00e4knad l\u00e4stid\" \/>\n\t<meta name=\"twitter:data1\" content=\"2 minuter\" \/>\n<script type=\"application\/ld+json\" class=\"yoast-schema-graph\">{\"@context\":\"https:\\\/\\\/schema.org\",\"@graph\":[{\"@type\":\"WebPage\",\"@id\":\"https:\\\/\\\/landioustravel.com\\\/sv\\\/shop\\\/privat-fartbat-orange-bay-hurghada\\\/\",\"url\":\"https:\\\/\\\/landioustravel.com\\\/sv\\\/shop\\\/privat-fartbat-orange-bay-hurghada\\\/\",\"name\":\"Privat fartb\u00e5t till Orange Bay i Hurghada\",\"isPartOf\":{\"@id\":\"https:\\\/\\\/landioustravel.com\\\/sv\\\/#website\"},\"primaryImageOfPage\":{\"@id\":\"https:\\\/\\\/landioustravel.com\\\/sv\\\/shop\\\/privat-fartbat-orange-bay-hurghada\\\/#primaryimage\"},\"image\":{\"@id\":\"https:\\\/\\\/landioustravel.com\\\/sv\\\/shop\\\/privat-fartbat-orange-bay-hurghada\\\/#primaryimage\"},\"thumbnailUrl\":\"https:\\\/\\\/i0.wp.com\\\/landioustravel.com\\\/wp-content\\\/uploads\\\/2019\\\/05\\\/Orange-Bay-by-Speedboat-Hurghada.jpg?fit=1200%2C657&ssl=1\",\"datePublished\":\"2020-12-19T00:44:59+00:00\",\"dateModified\":\"2025-10-01T17:25:00+00:00\",\"description\":\"Privat fartb\u00e5t till Orange Bay i Hurghada kommer du att ha en havspicknick genom R\u00f6da havet, och n\u00e5gonstans, ett stopp p\u00e5 \u00f6ppet hav f\u00f6r att simma och\",\"breadcrumb\":{\"@id\":\"https:\\\/\\\/landioustravel.com\\\/sv\\\/shop\\\/privat-fartbat-orange-bay-hurghada\\\/#breadcrumb\"},\"inLanguage\":\"sv-SE\",\"potentialAction\":[{\"@type\":\"ReadAction\",\"target\":[\"https:\\\/\\\/landioustravel.com\\\/sv\\\/shop\\\/privat-fartbat-orange-bay-hurghada\\\/\"]}]},{\"@type\":\"ImageObject\",\"inLanguage\":\"sv-SE\",\"@id\":\"https:\\\/\\\/landioustravel.com\\\/sv\\\/shop\\\/privat-fartbat-orange-bay-hurghada\\\/#primaryimage\",\"url\":\"https:\\\/\\\/i0.wp.com\\\/landioustravel.com\\\/wp-content\\\/uploads\\\/2019\\\/05\\\/Orange-Bay-by-Speedboat-Hurghada.jpg?fit=1200%2C657&ssl=1\",\"contentUrl\":\"https:\\\/\\\/i0.wp.com\\\/landioustravel.com\\\/wp-content\\\/uploads\\\/2019\\\/05\\\/Orange-Bay-by-Speedboat-Hurghada.jpg?fit=1200%2C657&ssl=1\",\"width\":1200,\"height\":657,\"caption\":\"Orange Bay by Speedboat Hurghada\"},{\"@type\":\"BreadcrumbList\",\"@id\":\"https:\\\/\\\/landioustravel.com\\\/sv\\\/shop\\\/privat-fartbat-orange-bay-hurghada\\\/#breadcrumb\",\"itemListElement\":[{\"@type\":\"ListItem\",\"position\":1,\"name\":\"Home\",\"item\":\"https:\\\/\\\/landioustravel.com\\\/sv\\\/\"},{\"@type\":\"ListItem\",\"position\":2,\"name\":\"Tj\u00e4nster &#038; turer\",\"item\":\"https:\\\/\\\/landioustravel.com\\\/sv\\\/\"},{\"@type\":\"ListItem\",\"position\":3,\"name\":\"Privat fartb\u00e5t till Orange Bay i Hurghada\"}]},{\"@type\":\"WebSite\",\"@id\":\"https:\\\/\\\/landioustravel.com\\\/sv\\\/#website\",\"url\":\"https:\\\/\\\/landioustravel.com\\\/sv\\\/\",\"name\":\"Landious Travel\",\"description\":\"Excursions, trips and cruises in Egypt\",\"publisher\":{\"@id\":\"https:\\\/\\\/landioustravel.com\\\/sv\\\/#organization\"},\"potentialAction\":[{\"@type\":\"SearchAction\",\"target\":{\"@type\":\"EntryPoint\",\"urlTemplate\":\"https:\\\/\\\/landioustravel.com\\\/sv\\\/?s={search_term_string}\"},\"query-input\":{\"@type\":\"PropertyValueSpecification\",\"valueRequired\":true,\"valueName\":\"search_term_string\"}}],\"inLanguage\":\"sv-SE\"},{\"@type\":[\"Organization\",\"Place\"],\"@id\":\"https:\\\/\\\/landioustravel.com\\\/sv\\\/#organization\",\"name\":\"Landious Travel\",\"alternateName\":\"Landious Travel\",\"url\":\"https:\\\/\\\/landioustravel.com\\\/sv\\\/\",\"logo\":{\"@id\":\"https:\\\/\\\/landioustravel.com\\\/sv\\\/shop\\\/privat-fartbat-orange-bay-hurghada\\\/#local-main-organization-logo\"},\"image\":{\"@id\":\"https:\\\/\\\/landioustravel.com\\\/sv\\\/shop\\\/privat-fartbat-orange-bay-hurghada\\\/#local-main-organization-logo\"},\"sameAs\":[\"https:\\\/\\\/web.facebook.com\\\/landiousEgypt\",\"https:\\\/\\\/x.com\\\/LandiousTours\",\"https:\\\/\\\/mastodon.social\\\/@landious\"],\"legalName\":\"Landious Travel\",\"telephone\":[],\"openingHoursSpecification\":[{\"@type\":\"OpeningHoursSpecification\",\"dayOfWeek\":[\"Monday\",\"Tuesday\",\"Wednesday\",\"Thursday\",\"Friday\",\"Saturday\",\"Sunday\"],\"opens\":\"09:00\",\"closes\":\"17:00\"}]},{\"@type\":\"ImageObject\",\"inLanguage\":\"sv-SE\",\"@id\":\"https:\\\/\\\/landioustravel.com\\\/sv\\\/shop\\\/privat-fartbat-orange-bay-hurghada\\\/#local-main-organization-logo\",\"url\":\"https:\\\/\\\/i0.wp.com\\\/landioustravel.com\\\/wp-content\\\/uploads\\\/2021\\\/06\\\/Landious-T.png?fit=500%2C500&ssl=1\",\"contentUrl\":\"https:\\\/\\\/i0.wp.com\\\/landioustravel.com\\\/wp-content\\\/uploads\\\/2021\\\/06\\\/Landious-T.png?fit=500%2C500&ssl=1\",\"width\":500,\"height\":500,\"caption\":\"Landious Travel\"}]}<\/script>\n<!-- \/ Yoast SEO Premium plugin. -->","yoast_head_json":{"title":"Privat fartb\u00e5t till Orange Bay i Hurghada","description":"Privat fartb\u00e5t till Orange Bay i Hurghada kommer du att ha en havspicknick genom R\u00f6da havet, och n\u00e5gonstans, ett stopp p\u00e5 \u00f6ppet hav f\u00f6r att simma och","robots":{"index":"index","follow":"follow","max-snippet":"max-snippet:-1","max-image-preview":"max-image-preview:large","max-video-preview":"max-video-preview:-1"},"canonical":"https:\/\/landioustravel.com\/sv\/shop\/privat-fartbat-orange-bay-hurghada\/","og_locale":"sv_SE","og_type":"article","og_title":"Privat fartb\u00e5t till Orange Bay i Hurghada","og_description":"Landious Travel","og_url":"https:\/\/landioustravel.com\/sv\/shop\/privat-fartbat-orange-bay-hurghada\/","og_site_name":"Landious Travel","article_publisher":"https:\/\/web.facebook.com\/landiousEgypt","article_modified_time":"2025-10-01T17:25:00+00:00","og_image":[{"width":1200,"height":657,"url":"https:\/\/i0.wp.com\/landioustravel.com\/wp-content\/uploads\/2019\/05\/Orange-Bay-by-Speedboat-Hurghada.jpg?fit=1200%2C657&ssl=1","type":"image\/jpeg"}],"twitter_card":"summary_large_image","twitter_site":"@LandiousTours","twitter_misc":{"Ber\u00e4knad l\u00e4stid":"2 minuter"},"schema":{"@context":"https:\/\/schema.org","@graph":[{"@type":"WebPage","@id":"https:\/\/landioustravel.com\/sv\/shop\/privat-fartbat-orange-bay-hurghada\/","url":"https:\/\/landioustravel.com\/sv\/shop\/privat-fartbat-orange-bay-hurghada\/","name":"Privat fartb\u00e5t till Orange Bay i Hurghada","isPartOf":{"@id":"https:\/\/landioustravel.com\/sv\/#website"},"primaryImageOfPage":{"@id":"https:\/\/landioustravel.com\/sv\/shop\/privat-fartbat-orange-bay-hurghada\/#primaryimage"},"image":{"@id":"https:\/\/landioustravel.com\/sv\/shop\/privat-fartbat-orange-bay-hurghada\/#primaryimage"},"thumbnailUrl":"https:\/\/i0.wp.com\/landioustravel.com\/wp-content\/uploads\/2019\/05\/Orange-Bay-by-Speedboat-Hurghada.jpg?fit=1200%2C657&ssl=1","datePublished":"2020-12-19T00:44:59+00:00","dateModified":"2025-10-01T17:25:00+00:00","description":"Privat fartb\u00e5t till Orange Bay i Hurghada kommer du att ha en havspicknick genom R\u00f6da havet, och n\u00e5gonstans, ett stopp p\u00e5 \u00f6ppet hav f\u00f6r att simma och","breadcrumb":{"@id":"https:\/\/landioustravel.com\/sv\/shop\/privat-fartbat-orange-bay-hurghada\/#breadcrumb"},"inLanguage":"sv-SE","potentialAction":[{"@type":"ReadAction","target":["https:\/\/landioustravel.com\/sv\/shop\/privat-fartbat-orange-bay-hurghada\/"]}]},{"@type":"ImageObject","inLanguage":"sv-SE","@id":"https:\/\/landioustravel.com\/sv\/shop\/privat-fartbat-orange-bay-hurghada\/#primaryimage","url":"https:\/\/i0.wp.com\/landioustravel.com\/wp-content\/uploads\/2019\/05\/Orange-Bay-by-Speedboat-Hurghada.jpg?fit=1200%2C657&ssl=1","contentUrl":"https:\/\/i0.wp.com\/landioustravel.com\/wp-content\/uploads\/2019\/05\/Orange-Bay-by-Speedboat-Hurghada.jpg?fit=1200%2C657&ssl=1","width":1200,"height":657,"caption":"Orange Bay by Speedboat Hurghada"},{"@type":"BreadcrumbList","@id":"https:\/\/landioustravel.com\/sv\/shop\/privat-fartbat-orange-bay-hurghada\/#breadcrumb","itemListElement":[{"@type":"ListItem","position":1,"name":"Home","item":"https:\/\/landioustravel.com\/sv\/"},{"@type":"ListItem","position":2,"name":"Tj\u00e4nster &#038; turer","item":"https:\/\/landioustravel.com\/sv\/"},{"@type":"ListItem","position":3,"name":"Privat fartb\u00e5t till Orange Bay i Hurghada"}]},{"@type":"WebSite","@id":"https:\/\/landioustravel.com\/sv\/#website","url":"https:\/\/landioustravel.com\/sv\/","name":"Landious Travel","description":"Excursions, trips and cruises in Egypt","publisher":{"@id":"https:\/\/landioustravel.com\/sv\/#organization"},"potentialAction":[{"@type":"SearchAction","target":{"@type":"EntryPoint","urlTemplate":"https:\/\/landioustravel.com\/sv\/?s={search_term_string}"},"query-input":{"@type":"PropertyValueSpecification","valueRequired":true,"valueName":"search_term_string"}}],"inLanguage":"sv-SE"},{"@type":["Organization","Place"],"@id":"https:\/\/landioustravel.com\/sv\/#organization","name":"Landious Travel","alternateName":"Landious Travel","url":"https:\/\/landioustravel.com\/sv\/","logo":{"@id":"https:\/\/landioustravel.com\/sv\/shop\/privat-fartbat-orange-bay-hurghada\/#local-main-organization-logo"},"image":{"@id":"https:\/\/landioustravel.com\/sv\/shop\/privat-fartbat-orange-bay-hurghada\/#local-main-organization-logo"},"sameAs":["https:\/\/web.facebook.com\/landiousEgypt","https:\/\/x.com\/LandiousTours","https:\/\/mastodon.social\/@landious"],"legalName":"Landious Travel","telephone":[],"openingHoursSpecification":[{"@type":"OpeningHoursSpecification","dayOfWeek":["Monday","Tuesday","Wednesday","Thursday","Friday","Saturday","Sunday"],"opens":"09:00","closes":"17:00"}]},{"@type":"ImageObject","inLanguage":"sv-SE","@id":"https:\/\/landioustravel.com\/sv\/shop\/privat-fartbat-orange-bay-hurghada\/#local-main-organization-logo","url":"https:\/\/i0.wp.com\/landioustravel.com\/wp-content\/uploads\/2021\/06\/Landious-T.png?fit=500%2C500&ssl=1","contentUrl":"https:\/\/i0.wp.com\/landioustravel.com\/wp-content\/uploads\/2021\/06\/Landious-T.png?fit=500%2C500&ssl=1","width":500,"height":500,"caption":"Landious Travel"}]}},"jetpack_publicize_connections":[],"uagb_featured_image_src":{"full":["https:\/\/i0.wp.com\/landioustravel.com\/wp-content\/uploads\/2019\/05\/Orange-Bay-by-Speedboat-Hurghada.jpg?fit=1200%2C657&ssl=1",1200,657,false],"thumbnail":["https:\/\/i0.wp.com\/landioustravel.com\/wp-content\/uploads\/2019\/05\/Orange-Bay-by-Speedboat-Hurghada.jpg?resize=150%2C150&ssl=1",150,150,true],"medium":["https:\/\/i0.wp.com\/landioustravel.com\/wp-content\/uploads\/2019\/05\/Orange-Bay-by-Speedboat-Hurghada.jpg?fit=300%2C164&ssl=1",300,164,true],"medium_large":["https:\/\/i0.wp.com\/landioustravel.com\/wp-content\/uploads\/2019\/05\/Orange-Bay-by-Speedboat-Hurghada.jpg?fit=768%2C420&ssl=1",768,420,true],"large":["https:\/\/i0.wp.com\/landioustravel.com\/wp-content\/uploads\/2019\/05\/Orange-Bay-by-Speedboat-Hurghada.jpg?fit=980%2C537&ssl=1",980,537,true],"1536x1536":["https:\/\/i0.wp.com\/landioustravel.com\/wp-content\/uploads\/2019\/05\/Orange-Bay-by-Speedboat-Hurghada.jpg?fit=1200%2C657&ssl=1",1200,657,true],"2048x2048":["https:\/\/i0.wp.com\/landioustravel.com\/wp-content\/uploads\/2019\/05\/Orange-Bay-by-Speedboat-Hurghada.jpg?fit=1200%2C657&ssl=1",1200,657,true],"newspack-article-block-landscape-large":["https:\/\/i0.wp.com\/landioustravel.com\/wp-content\/uploads\/2019\/05\/Orange-Bay-by-Speedboat-Hurghada.jpg?resize=1200%2C657&ssl=1",1200,657,true],"newspack-article-block-portrait-large":["https:\/\/i0.wp.com\/landioustravel.com\/wp-content\/uploads\/2019\/05\/Orange-Bay-by-Speedboat-Hurghada.jpg?resize=900%2C657&ssl=1",900,657,true],"newspack-article-block-square-large":["https:\/\/i0.wp.com\/landioustravel.com\/wp-content\/uploads\/2019\/05\/Orange-Bay-by-Speedboat-Hurghada.jpg?resize=1200%2C657&ssl=1",1200,657,true],"newspack-article-block-landscape-medium":["https:\/\/i0.wp.com\/landioustravel.com\/wp-content\/uploads\/2019\/05\/Orange-Bay-by-Speedboat-Hurghada.jpg?resize=800%2C600&ssl=1",800,600,true],"newspack-article-block-portrait-medium":["https:\/\/i0.wp.com\/landioustravel.com\/wp-content\/uploads\/2019\/05\/Orange-Bay-by-Speedboat-Hurghada.jpg?resize=600%2C657&ssl=1",600,657,true],"newspack-article-block-square-medium":["https:\/\/i0.wp.com\/landioustravel.com\/wp-content\/uploads\/2019\/05\/Orange-Bay-by-Speedboat-Hurghada.jpg?resize=800%2C657&ssl=1",800,657,true],"newspack-article-block-landscape-intermediate":["https:\/\/i0.wp.com\/landioustravel.com\/wp-content\/uploads\/2019\/05\/Orange-Bay-by-Speedboat-Hurghada.jpg?resize=600%2C450&ssl=1",600,450,true],"newspack-article-block-portrait-intermediate":["https:\/\/i0.wp.com\/landioustravel.com\/wp-content\/uploads\/2019\/05\/Orange-Bay-by-Speedboat-Hurghada.jpg?resize=450%2C600&ssl=1",450,600,true],"newspack-article-block-square-intermediate":["https:\/\/i0.wp.com\/landioustravel.com\/wp-content\/uploads\/2019\/05\/Orange-Bay-by-Speedboat-Hurghada.jpg?resize=600%2C600&ssl=1",600,600,true],"newspack-article-block-landscape-small":["https:\/\/i0.wp.com\/landioustravel.com\/wp-content\/uploads\/2019\/05\/Orange-Bay-by-Speedboat-Hurghada.jpg?resize=400%2C300&ssl=1",400,300,true],"newspack-article-block-portrait-small":["https:\/\/i0.wp.com\/landioustravel.com\/wp-content\/uploads\/2019\/05\/Orange-Bay-by-Speedboat-Hurghada.jpg?resize=300%2C400&ssl=1",300,400,true],"newspack-article-block-square-small":["https:\/\/i0.wp.com\/landioustravel.com\/wp-content\/uploads\/2019\/05\/Orange-Bay-by-Speedboat-Hurghada.jpg?resize=400%2C400&ssl=1",400,400,true],"newspack-article-block-landscape-tiny":["https:\/\/i0.wp.com\/landioustravel.com\/wp-content\/uploads\/2019\/05\/Orange-Bay-by-Speedboat-Hurghada.jpg?resize=200%2C150&ssl=1",200,150,true],"newspack-article-block-portrait-tiny":["https:\/\/i0.wp.com\/landioustravel.com\/wp-content\/uploads\/2019\/05\/Orange-Bay-by-Speedboat-Hurghada.jpg?resize=150%2C200&ssl=1",150,200,true],"newspack-article-block-square-tiny":["https:\/\/i0.wp.com\/landioustravel.com\/wp-content\/uploads\/2019\/05\/Orange-Bay-by-Speedboat-Hurghada.jpg?resize=200%2C200&ssl=1",200,200,true],"newspack-article-block-uncropped":["https:\/\/i0.wp.com\/landioustravel.com\/wp-content\/uploads\/2019\/05\/Orange-Bay-by-Speedboat-Hurghada.jpg?fit=1200%2C657&ssl=1",1200,657,true],"woocommerce_thumbnail":["https:\/\/i0.wp.com\/landioustravel.com\/wp-content\/uploads\/2019\/05\/Orange-Bay-by-Speedboat-Hurghada.jpg?resize=324%2C324&ssl=1",324,324,true],"woocommerce_single":["https:\/\/i0.wp.com\/landioustravel.com\/wp-content\/uploads\/2019\/05\/Orange-Bay-by-Speedboat-Hurghada.jpg?fit=416%2C228&ssl=1",416,228,true],"woocommerce_gallery_thumbnail":["https:\/\/i0.wp.com\/landioustravel.com\/wp-content\/uploads\/2019\/05\/Orange-Bay-by-Speedboat-Hurghada.jpg?resize=100%2C100&ssl=1",100,100,true]},"uagb_author_info":{"display_name":"Mofreh Landious","author_link":"https:\/\/landioustravel.com\/sv\/author\/"},"uagb_comment_info":3,"uagb_excerpt":"G\u00f6r dig redo f\u00f6r ett sp\u00e4nnande \u00e4ventyr! Vi h\u00e4mtar dig fr\u00e5n ditt hotell p\u00e5 morgonen och tar dig med p\u00e5 en sp\u00e4nnande motorb\u00e5ttur till tv\u00e5 fantastiska \u00f6ar i R\u00f6da havet. V\u00e5rt f\u00f6rsta stopp \u00e4r Orange Bay, d\u00e4r du kan koppla av p\u00e5 de vackra vita sandstr\u00e4nderna och njuta av solen. Du kommer att ha gott&hellip;","jetpack_sharing_enabled":true,"jetpack_likes_enabled":true,"amp_enabled":true,"_links":{"self":[{"href":"https:\/\/landioustravel.com\/sv\/wp-json\/wp\/v2\/product\/26387","targetHints":{"allow":["GET"]}}],"collection":[{"href":"https:\/\/landioustravel.com\/sv\/wp-json\/wp\/v2\/product"}],"about":[{"href":"https:\/\/landioustravel.com\/sv\/wp-json\/wp\/v2\/types\/product"}],"replies":[{"embeddable":true,"href":"https:\/\/landioustravel.com\/sv\/wp-json\/wp\/v2\/comments?post=26387"}],"wp:featuredmedia":[{"embeddable":true,"href":"https:\/\/landioustravel.com\/sv\/wp-json\/wp\/v2\/media\/129076"}],"wp:attachment":[{"href":"https:\/\/landioustravel.com\/sv\/wp-json\/wp\/v2\/media?parent=26387"}],"wp:term":[{"taxonomy":"product_brand","embeddable":true,"href":"https:\/\/landioustravel.com\/sv\/wp-json\/wp\/v2\/product_brand?post=26387"},{"taxonomy":"product_cat","embeddable":true,"href":"https:\/\/landioustravel.com\/sv\/wp-json\/wp\/v2\/product_cat?post=26387"},{"taxonomy":"product_tag","embeddable":true,"href":"https:\/\/landioustravel.com\/sv\/wp-json\/wp\/v2\/product_tag?post=26387"}],"curies":[{"name":"wp","href":"https:\/\/api.w.org\/{rel}","templated":true}]}}