{"id":26411,"date":"2019-04-28T05:55:16","date_gmt":"2020-12-19T01:22:18","guid":{"rendered":"https:\/\/landioustravel.com\/?post_type=product&#038;p=26411"},"modified":"2025-12-29T19:14:01","modified_gmt":"2025-12-29T17:14:01","slug":"battur-mubarak-marsa-alam","status":"publish","type":"product","link":"https:\/\/landioustravel.com\/sv\/shop\/battur-mubarak-marsa-alam\/","title":{"rendered":"B\u00e5ttur till Marsa Mubarak fr\u00e5n Marsa Alam"},"content":{"rendered":"<p>Det \u00e4r en underbar b\u00e5ttur till Marsa Mubarak fr\u00e5n Marsa Alam, Egypten! Vi rekommenderar resan eftersom det till\u00e5ter turister att ha god tid till sj\u00f6ss! Resan ger dig m\u00f6jlighet att se vackra koraller och en m\u00e4ngd olika fiskar i Marsa Mubarak, som \u00e4r k\u00e4nd f\u00f6r sin flora och fauna. Denna plats \u00e4r v\u00e4lk\u00e4nd f\u00f6r frekventa bes\u00f6k av gr\u00f6na havssk\u00f6ldpaddor, delfiner och en dugong. Du kan fortfarande njuta av havspickniken l\u00e4ngs R\u00f6da havets kust i ett av de vackraste omr\u00e5dena i Marsa Alam.<\/p>\n<h2>Huvudpunkterna i utflyktsprogrammet till Marsa Mubarak<\/h2>\n<ul>\n<li>Simning tv\u00e5 g\u00e5nger i \u00f6ppet hav fr\u00e5n b\u00e5ten<\/li>\n<li>Snorkling med masker och simf\u00f6tter i \u00f6ppet hav<\/li>\n<li>Dessutom lunch p\u00e5 b\u00e5t<\/li>\n<\/ul>\n<h3>Program f\u00f6r resa till Marsa Mubarak fr\u00e5n Marsa Alam<\/h3>\n<ul>\n<li>Landious Travel-representant h\u00e4mtar dig fr\u00e5n hotellet i Marsa Alam, klockan 08:00<\/li>\n<li>Efter att ha h\u00e4mtat alla bes\u00f6kare g\u00e5r bussen till hamnen. V\u00e4gen till hamnen tar cirka 45 minuter<\/li>\n<li>Du hittar din b\u00e5t i hamnen. Det \u00e4r stort och elegant! Denna b\u00e5t best\u00e5r av tv\u00e5 v\u00e5ningar. S\u00e5 fort du g\u00e5r vidare till b\u00e5ten \u00e4r det n\u00f6dv\u00e4ndigt att ta av dig skorna och stiga upp till andra v\u00e5ningen och sola p\u00e5 det \u00f6vre sold\u00e4cket<\/li>\n<li>Yachten seglar vidare genom R\u00f6da havet s\u00e5 snart gruppen samlas. Och p\u00e5 en vacker korallhavsplats kommer du att stanna i \u00f6ppet hav. B\u00e5ten kommer att segla i cirka 30 minuter tills du f\u00e5r den speciella lilla bukten Marsa El shouna. Det \u00e4r k\u00e4nt f\u00f6r sina rev d\u00e4r bl\u00e4ckfisk, skorpionfiskar och en m\u00e4ngd andra kamouflerade varelser bor. D\u00e4r kan du simma och snorkla med masker och simf\u00f6tter<\/li>\n<li>Efter detta fantastiska stopp kommer du tillbaka till b\u00e5ten f\u00f6r lunch. Under lunchen \u00e4r buff\u00e9n \u00f6ppen<\/li>\n<li>D\u00e4refter seglar b\u00e5ten vidare till Marsa Mubarak. D\u00e4r har du ett andra stopp f\u00f6r att simma och snorkla med masker och simf\u00f6tter p\u00e5 denna vackra havsplats<\/li>\n<li>Slutligen eskorterar vi dig tillbaka till dina hotell<\/li>\n<li>Denna &#8221;b\u00e5ttur till Marsa Mubarak fr\u00e5n Marsa Alam&#8221; slutar cirka kl. 16.30<\/li>\n<\/ul>\n<h4>Vad ing\u00e5r i resepriset<\/h4>\n<ul>\n<li>Mat drinkar<\/li>\n<li>\u00d6verf\u00f6r ocks\u00e5 till hamnen och tillbaka till hotellet<\/li>\n<\/ul>\n<h5>Vad ing\u00e5r inte i priset f\u00f6r resan till Marsa Mubarak<\/h5>\n<ul>\n<li>Snorklingsutrustning<\/li>\n<li>Video DVD<\/li>\n<li>\u00c4ven foto-CD<\/li>\n<\/ul>\n<h6>Vad du ska ta med dig f\u00f6r resan<\/h6>\n<ul>\n<li>Snorklingsutrustning<\/li>\n<li>Handduk<\/li>\n<li>\u00c4ven solskyddsmedel<\/li>\n<\/ul>\n<h6>DAGAR F\u00d6R UTFLYTTSORGANISATION<\/h6>\n<ul>\n<li>Dagligen fr\u00e5n kl. 08.00 till 17.00<\/li>\n<\/ul>\n","protected":false},"excerpt":{"rendered":"<p>Letar du efter en avkopplande och trevlig picknick genom R\u00f6da havet? F\u00f6lj med p\u00e5 v\u00e5r havsresa till Marsa Mubarak fr\u00e5n Marsa Alam, d\u00e4r du kan uppleva tv\u00e5 stopp i \u00f6ppet hav f\u00f6r bad och snorkling med masker och simf\u00f6tter. Under dessa stopp kommer vi att f\u00f6rse dig med en uts\u00f6kt lunch p\u00e5 b\u00e5ten. Dessutom inkluderar resepriset transfer, snorklingsutrustning och lunch, s\u00e5 du beh\u00f6ver inte oroa dig f\u00f6r n\u00e5gonting.<\/p>\n<p>Om du \u00e4r intresserad av att utforska fler snorklingst\u00e4llen erbjuder vi \u00e4ven en resa till Port Ghalib Marina fr\u00e5n Marsa Alam. V\u00e5r v\u00e4nliga Marsaalamtours-representant h\u00e4mtar dig fr\u00e5n ditt hotell i Marsa Alam och f\u00f6ljer dig till Port Ghalib Marina, d\u00e4r du b\u00f6rjar din fantastiska resa \u00f6ver R\u00f6da havets glittrande vatten. Du kommer att ha chansen att se den otroliga Dugong the Sea-kon med olika sorters f\u00e4rgade fiskar i Marsa Mubarak och Marsa el Shouna.<\/p>\n<p>Vid v\u00e5rt f\u00f6rsta snorklingstopp, Marsa el Shouna, kommer du att ha m\u00f6jlighet att m\u00f6ta ett otroligt marint liv p\u00e5 platser som Ras Shouna, Aquarium, Shouna Seagrass, Sha&#8217;ab Sireer och Sha&#8217;ab Abu Khaled. Efter att ha njutit av en uts\u00f6kt lunch ombord p\u00e5 b\u00e5ten, flyttar vi till v\u00e5rt andra snorklingstopp, Marsa Mubarak. Denna skyddade vik \u00e4r en av de vackraste snorkel- och dykplatserna i omr\u00e5det Marsa Alam, med kristallklart varmt vatten som \u00e4r v\u00e4rd f\u00f6r en stor variation av flora och fauna. Med tur kanske du till och med ser den utrotningshotade Dugong-&#8221;sj\u00f6kon&#8221; som betar p\u00e5 sj\u00f6gr\u00e4set.<\/p>\n<p>F\u00f6lj med oss p\u00e5 ett of\u00f6rgl\u00f6mligt snorkling\u00e4ventyr i R\u00f6da havet! Vi f\u00f6rst\u00e5r hur viktigt det \u00e4r att ha en stressfri och njutbar upplevelse, s\u00e5 vi kommer att f\u00f6rse dig med all n\u00f6dv\u00e4ndig utrustning, inklusive fenor, masker och flytv\u00e4star. Dessutom kommer v\u00e5r guidehj\u00e4lp ombord p\u00e5 b\u00e5ten att se till att du har en s\u00e4ker och bekv\u00e4m resa. I slutet av dagen seglar vi tillbaka till marinan i Port Ghalib, d\u00e4r vi hj\u00e4lper dig innan vi \u00f6verf\u00f6r dig tillbaka till ditt hotell i Marsa Alam. Med h\u00e4mtning fr\u00e5n ditt hotell och drycker som te, kaffe och cola ing\u00e5r, finns det inga dolda kostnader.<\/p>\n","protected":false},"featured_media":99254,"comment_status":"open","ping_status":"closed","template":"","meta":{"_coblocks_attr":"","_coblocks_dimensions":"","_coblocks_responsive_height":"","_coblocks_accordion_ie_support":"","_uag_custom_page_level_css":"","jetpack_publicize_message":"","jetpack_publicize_feature_enabled":true,"jetpack_social_post_already_shared":true,"jetpack_social_options":{"image_generator_settings":{"template":"highway","default_image_id":0,"font":"","enabled":false},"version":2},"_wpas_customize_per_network":false},"product_brand":[],"product_cat":[18877,18878],"product_tag":[19022,19023,19029,18998],"class_list":{"0":"post-26411","1":"product","2":"type-product","3":"status-publish","4":"has-post-thumbnail","6":"product_cat-marsa-alam-utflykter","7":"product_cat-sjoturer-marsa-alam","8":"product_tag-havet","9":"product_tag-sjoturer","10":"product_tag-snorkling-sv","11":"product_tag-utflykt","12":"pa_age-barn-1-4-ar","13":"pa_age-barn-5-11-ar","14":"pa_age-vuxen","16":"first","17":"instock","18":"sale","19":"taxable","20":"shipping-taxable","21":"purchasable","22":"product-type-variable"},"yoast_head":"<!-- This site is optimized with the Yoast SEO Premium plugin v26.9 (Yoast SEO v27.4) - https:\/\/yoast.com\/product\/yoast-seo-premium-wordpress\/ -->\n<title>B\u00e5ttur till Marsa Mubarak fr\u00e5n Marsa Alam<\/title>\n<meta name=\"description\" content=\"B\u00e5ttur till Marsa Mubarak fr\u00e5n Marsa Alam kommer du att ha en picknick genom R\u00f6da havet, och n\u00e5gonstans tv\u00e5 h\u00e5llplatser i \u00f6ppet hav f\u00f6r simning och\" \/>\n<meta name=\"robots\" content=\"index, follow, max-snippet:-1, max-image-preview:large, max-video-preview:-1\" \/>\n<link rel=\"canonical\" href=\"https:\/\/landioustravel.com\/sv\/shop\/battur-mubarak-marsa-alam\/\" \/>\n<meta property=\"og:locale\" content=\"sv_SE\" \/>\n<meta property=\"og:type\" content=\"article\" \/>\n<meta property=\"og:title\" content=\"B\u00e5ttur till Marsa Mubarak fr\u00e5n Marsa Alam\" \/>\n<meta property=\"og:description\" content=\"Landious Travel\" \/>\n<meta property=\"og:url\" content=\"https:\/\/landioustravel.com\/sv\/shop\/battur-mubarak-marsa-alam\/\" \/>\n<meta property=\"og:site_name\" content=\"Landious Travel\" \/>\n<meta property=\"article:publisher\" content=\"https:\/\/web.facebook.com\/landiousEgypt\" \/>\n<meta property=\"article:modified_time\" content=\"2025-12-29T17:14:01+00:00\" \/>\n<meta property=\"og:image\" content=\"https:\/\/i0.wp.com\/landioustravel.com\/wp-content\/uploads\/2019\/04\/Marsa-Mubarak-Boat-Trip-from-Marsa-Alam-e1669163771942.jpg?fit=1024%2C675&ssl=1\" \/>\n\t<meta property=\"og:image:width\" content=\"1024\" \/>\n\t<meta property=\"og:image:height\" content=\"675\" \/>\n\t<meta property=\"og:image:type\" content=\"image\/jpeg\" \/>\n<meta name=\"twitter:card\" content=\"summary_large_image\" \/>\n<meta name=\"twitter:site\" content=\"@LandiousTours\" \/>\n<meta name=\"twitter:label1\" content=\"Ber\u00e4knad l\u00e4stid\" \/>\n\t<meta name=\"twitter:data1\" content=\"2 minuter\" \/>\n<script type=\"application\/ld+json\" class=\"yoast-schema-graph\">{\"@context\":\"https:\\\/\\\/schema.org\",\"@graph\":[{\"@type\":\"WebPage\",\"@id\":\"https:\\\/\\\/landioustravel.com\\\/sv\\\/shop\\\/battur-mubarak-marsa-alam\\\/\",\"url\":\"https:\\\/\\\/landioustravel.com\\\/sv\\\/shop\\\/battur-mubarak-marsa-alam\\\/\",\"name\":\"B\u00e5ttur till Marsa Mubarak fr\u00e5n Marsa Alam\",\"isPartOf\":{\"@id\":\"https:\\\/\\\/landioustravel.com\\\/sv\\\/#website\"},\"primaryImageOfPage\":{\"@id\":\"https:\\\/\\\/landioustravel.com\\\/sv\\\/shop\\\/battur-mubarak-marsa-alam\\\/#primaryimage\"},\"image\":{\"@id\":\"https:\\\/\\\/landioustravel.com\\\/sv\\\/shop\\\/battur-mubarak-marsa-alam\\\/#primaryimage\"},\"thumbnailUrl\":\"https:\\\/\\\/i0.wp.com\\\/landioustravel.com\\\/wp-content\\\/uploads\\\/2019\\\/04\\\/Marsa-Mubarak-Boat-Trip-from-Marsa-Alam-e1669163771942.jpg?fit=1024%2C675&ssl=1\",\"datePublished\":\"2020-12-19T01:22:18+00:00\",\"dateModified\":\"2025-12-29T17:14:01+00:00\",\"description\":\"B\u00e5ttur till Marsa Mubarak fr\u00e5n Marsa Alam kommer du att ha en picknick genom R\u00f6da havet, och n\u00e5gonstans tv\u00e5 h\u00e5llplatser i \u00f6ppet hav f\u00f6r simning och\",\"breadcrumb\":{\"@id\":\"https:\\\/\\\/landioustravel.com\\\/sv\\\/shop\\\/battur-mubarak-marsa-alam\\\/#breadcrumb\"},\"inLanguage\":\"sv-SE\",\"potentialAction\":[{\"@type\":\"ReadAction\",\"target\":[\"https:\\\/\\\/landioustravel.com\\\/sv\\\/shop\\\/battur-mubarak-marsa-alam\\\/\"]}]},{\"@type\":\"ImageObject\",\"inLanguage\":\"sv-SE\",\"@id\":\"https:\\\/\\\/landioustravel.com\\\/sv\\\/shop\\\/battur-mubarak-marsa-alam\\\/#primaryimage\",\"url\":\"https:\\\/\\\/i0.wp.com\\\/landioustravel.com\\\/wp-content\\\/uploads\\\/2019\\\/04\\\/Marsa-Mubarak-Boat-Trip-from-Marsa-Alam-e1669163771942.jpg?fit=1024%2C675&ssl=1\",\"contentUrl\":\"https:\\\/\\\/i0.wp.com\\\/landioustravel.com\\\/wp-content\\\/uploads\\\/2019\\\/04\\\/Marsa-Mubarak-Boat-Trip-from-Marsa-Alam-e1669163771942.jpg?fit=1024%2C675&ssl=1\",\"width\":1024,\"height\":675,\"caption\":\"Marsa Mubarak Boat Trip from Marsa Alam\"},{\"@type\":\"BreadcrumbList\",\"@id\":\"https:\\\/\\\/landioustravel.com\\\/sv\\\/shop\\\/battur-mubarak-marsa-alam\\\/#breadcrumb\",\"itemListElement\":[{\"@type\":\"ListItem\",\"position\":1,\"name\":\"Home\",\"item\":\"https:\\\/\\\/landioustravel.com\\\/sv\\\/\"},{\"@type\":\"ListItem\",\"position\":2,\"name\":\"Tj\u00e4nster &#038; turer\",\"item\":\"https:\\\/\\\/landioustravel.com\\\/sv\\\/\"},{\"@type\":\"ListItem\",\"position\":3,\"name\":\"B\u00e5ttur till Marsa Mubarak fr\u00e5n Marsa Alam\"}]},{\"@type\":\"WebSite\",\"@id\":\"https:\\\/\\\/landioustravel.com\\\/sv\\\/#website\",\"url\":\"https:\\\/\\\/landioustravel.com\\\/sv\\\/\",\"name\":\"Landious Travel\",\"description\":\"Excursions, trips and cruises in Egypt\",\"publisher\":{\"@id\":\"https:\\\/\\\/landioustravel.com\\\/sv\\\/#organization\"},\"potentialAction\":[{\"@type\":\"SearchAction\",\"target\":{\"@type\":\"EntryPoint\",\"urlTemplate\":\"https:\\\/\\\/landioustravel.com\\\/sv\\\/?s={search_term_string}\"},\"query-input\":{\"@type\":\"PropertyValueSpecification\",\"valueRequired\":true,\"valueName\":\"search_term_string\"}}],\"inLanguage\":\"sv-SE\"},{\"@type\":[\"Organization\",\"Place\"],\"@id\":\"https:\\\/\\\/landioustravel.com\\\/sv\\\/#organization\",\"name\":\"Landious Travel\",\"alternateName\":\"Landious Travel\",\"url\":\"https:\\\/\\\/landioustravel.com\\\/sv\\\/\",\"logo\":{\"@id\":\"https:\\\/\\\/landioustravel.com\\\/sv\\\/shop\\\/battur-mubarak-marsa-alam\\\/#local-main-organization-logo\"},\"image\":{\"@id\":\"https:\\\/\\\/landioustravel.com\\\/sv\\\/shop\\\/battur-mubarak-marsa-alam\\\/#local-main-organization-logo\"},\"sameAs\":[\"https:\\\/\\\/web.facebook.com\\\/landiousEgypt\",\"https:\\\/\\\/x.com\\\/LandiousTours\",\"https:\\\/\\\/mastodon.social\\\/@landious\"],\"legalName\":\"Landious Travel\",\"telephone\":[],\"openingHoursSpecification\":[{\"@type\":\"OpeningHoursSpecification\",\"dayOfWeek\":[\"Monday\",\"Tuesday\",\"Wednesday\",\"Thursday\",\"Friday\",\"Saturday\",\"Sunday\"],\"opens\":\"09:00\",\"closes\":\"17:00\"}]},{\"@type\":\"ImageObject\",\"inLanguage\":\"sv-SE\",\"@id\":\"https:\\\/\\\/landioustravel.com\\\/sv\\\/shop\\\/battur-mubarak-marsa-alam\\\/#local-main-organization-logo\",\"url\":\"https:\\\/\\\/i0.wp.com\\\/landioustravel.com\\\/wp-content\\\/uploads\\\/2021\\\/06\\\/Landious-T.png?fit=500%2C500&ssl=1\",\"contentUrl\":\"https:\\\/\\\/i0.wp.com\\\/landioustravel.com\\\/wp-content\\\/uploads\\\/2021\\\/06\\\/Landious-T.png?fit=500%2C500&ssl=1\",\"width\":500,\"height\":500,\"caption\":\"Landious Travel\"}]}<\/script>\n<!-- \/ Yoast SEO Premium plugin. -->","yoast_head_json":{"title":"B\u00e5ttur till Marsa Mubarak fr\u00e5n Marsa Alam","description":"B\u00e5ttur till Marsa Mubarak fr\u00e5n Marsa Alam kommer du att ha en picknick genom R\u00f6da havet, och n\u00e5gonstans tv\u00e5 h\u00e5llplatser i \u00f6ppet hav f\u00f6r simning och","robots":{"index":"index","follow":"follow","max-snippet":"max-snippet:-1","max-image-preview":"max-image-preview:large","max-video-preview":"max-video-preview:-1"},"canonical":"https:\/\/landioustravel.com\/sv\/shop\/battur-mubarak-marsa-alam\/","og_locale":"sv_SE","og_type":"article","og_title":"B\u00e5ttur till Marsa Mubarak fr\u00e5n Marsa Alam","og_description":"Landious Travel","og_url":"https:\/\/landioustravel.com\/sv\/shop\/battur-mubarak-marsa-alam\/","og_site_name":"Landious Travel","article_publisher":"https:\/\/web.facebook.com\/landiousEgypt","article_modified_time":"2025-12-29T17:14:01+00:00","og_image":[{"width":1024,"height":675,"url":"https:\/\/i0.wp.com\/landioustravel.com\/wp-content\/uploads\/2019\/04\/Marsa-Mubarak-Boat-Trip-from-Marsa-Alam-e1669163771942.jpg?fit=1024%2C675&ssl=1","type":"image\/jpeg"}],"twitter_card":"summary_large_image","twitter_site":"@LandiousTours","twitter_misc":{"Ber\u00e4knad l\u00e4stid":"2 minuter"},"schema":{"@context":"https:\/\/schema.org","@graph":[{"@type":"WebPage","@id":"https:\/\/landioustravel.com\/sv\/shop\/battur-mubarak-marsa-alam\/","url":"https:\/\/landioustravel.com\/sv\/shop\/battur-mubarak-marsa-alam\/","name":"B\u00e5ttur till Marsa Mubarak fr\u00e5n Marsa Alam","isPartOf":{"@id":"https:\/\/landioustravel.com\/sv\/#website"},"primaryImageOfPage":{"@id":"https:\/\/landioustravel.com\/sv\/shop\/battur-mubarak-marsa-alam\/#primaryimage"},"image":{"@id":"https:\/\/landioustravel.com\/sv\/shop\/battur-mubarak-marsa-alam\/#primaryimage"},"thumbnailUrl":"https:\/\/i0.wp.com\/landioustravel.com\/wp-content\/uploads\/2019\/04\/Marsa-Mubarak-Boat-Trip-from-Marsa-Alam-e1669163771942.jpg?fit=1024%2C675&ssl=1","datePublished":"2020-12-19T01:22:18+00:00","dateModified":"2025-12-29T17:14:01+00:00","description":"B\u00e5ttur till Marsa Mubarak fr\u00e5n Marsa Alam kommer du att ha en picknick genom R\u00f6da havet, och n\u00e5gonstans tv\u00e5 h\u00e5llplatser i \u00f6ppet hav f\u00f6r simning och","breadcrumb":{"@id":"https:\/\/landioustravel.com\/sv\/shop\/battur-mubarak-marsa-alam\/#breadcrumb"},"inLanguage":"sv-SE","potentialAction":[{"@type":"ReadAction","target":["https:\/\/landioustravel.com\/sv\/shop\/battur-mubarak-marsa-alam\/"]}]},{"@type":"ImageObject","inLanguage":"sv-SE","@id":"https:\/\/landioustravel.com\/sv\/shop\/battur-mubarak-marsa-alam\/#primaryimage","url":"https:\/\/i0.wp.com\/landioustravel.com\/wp-content\/uploads\/2019\/04\/Marsa-Mubarak-Boat-Trip-from-Marsa-Alam-e1669163771942.jpg?fit=1024%2C675&ssl=1","contentUrl":"https:\/\/i0.wp.com\/landioustravel.com\/wp-content\/uploads\/2019\/04\/Marsa-Mubarak-Boat-Trip-from-Marsa-Alam-e1669163771942.jpg?fit=1024%2C675&ssl=1","width":1024,"height":675,"caption":"Marsa Mubarak Boat Trip from Marsa Alam"},{"@type":"BreadcrumbList","@id":"https:\/\/landioustravel.com\/sv\/shop\/battur-mubarak-marsa-alam\/#breadcrumb","itemListElement":[{"@type":"ListItem","position":1,"name":"Home","item":"https:\/\/landioustravel.com\/sv\/"},{"@type":"ListItem","position":2,"name":"Tj\u00e4nster &#038; turer","item":"https:\/\/landioustravel.com\/sv\/"},{"@type":"ListItem","position":3,"name":"B\u00e5ttur till Marsa Mubarak fr\u00e5n Marsa Alam"}]},{"@type":"WebSite","@id":"https:\/\/landioustravel.com\/sv\/#website","url":"https:\/\/landioustravel.com\/sv\/","name":"Landious Travel","description":"Excursions, trips and cruises in Egypt","publisher":{"@id":"https:\/\/landioustravel.com\/sv\/#organization"},"potentialAction":[{"@type":"SearchAction","target":{"@type":"EntryPoint","urlTemplate":"https:\/\/landioustravel.com\/sv\/?s={search_term_string}"},"query-input":{"@type":"PropertyValueSpecification","valueRequired":true,"valueName":"search_term_string"}}],"inLanguage":"sv-SE"},{"@type":["Organization","Place"],"@id":"https:\/\/landioustravel.com\/sv\/#organization","name":"Landious Travel","alternateName":"Landious Travel","url":"https:\/\/landioustravel.com\/sv\/","logo":{"@id":"https:\/\/landioustravel.com\/sv\/shop\/battur-mubarak-marsa-alam\/#local-main-organization-logo"},"image":{"@id":"https:\/\/landioustravel.com\/sv\/shop\/battur-mubarak-marsa-alam\/#local-main-organization-logo"},"sameAs":["https:\/\/web.facebook.com\/landiousEgypt","https:\/\/x.com\/LandiousTours","https:\/\/mastodon.social\/@landious"],"legalName":"Landious Travel","telephone":[],"openingHoursSpecification":[{"@type":"OpeningHoursSpecification","dayOfWeek":["Monday","Tuesday","Wednesday","Thursday","Friday","Saturday","Sunday"],"opens":"09:00","closes":"17:00"}]},{"@type":"ImageObject","inLanguage":"sv-SE","@id":"https:\/\/landioustravel.com\/sv\/shop\/battur-mubarak-marsa-alam\/#local-main-organization-logo","url":"https:\/\/i0.wp.com\/landioustravel.com\/wp-content\/uploads\/2021\/06\/Landious-T.png?fit=500%2C500&ssl=1","contentUrl":"https:\/\/i0.wp.com\/landioustravel.com\/wp-content\/uploads\/2021\/06\/Landious-T.png?fit=500%2C500&ssl=1","width":500,"height":500,"caption":"Landious Travel"}]}},"jetpack_publicize_connections":[],"uagb_featured_image_src":{"full":["https:\/\/i0.wp.com\/landioustravel.com\/wp-content\/uploads\/2019\/04\/Marsa-Mubarak-Boat-Trip-from-Marsa-Alam-e1669163771942.jpg?fit=1024%2C675&ssl=1",1024,675,false],"thumbnail":["https:\/\/i0.wp.com\/landioustravel.com\/wp-content\/uploads\/2019\/04\/Marsa-Mubarak-Boat-Trip-from-Marsa-Alam-e1669163771942.jpg?resize=150%2C150&ssl=1",150,150,true],"medium":["https:\/\/i0.wp.com\/landioustravel.com\/wp-content\/uploads\/2019\/04\/Marsa-Mubarak-Boat-Trip-from-Marsa-Alam-e1669163771942.jpg?fit=300%2C198&ssl=1",300,198,true],"medium_large":["https:\/\/i0.wp.com\/landioustravel.com\/wp-content\/uploads\/2019\/04\/Marsa-Mubarak-Boat-Trip-from-Marsa-Alam-e1669163771942.jpg?fit=768%2C506&ssl=1",768,506,true],"large":["https:\/\/i0.wp.com\/landioustravel.com\/wp-content\/uploads\/2019\/04\/Marsa-Mubarak-Boat-Trip-from-Marsa-Alam-e1669163771942.jpg?fit=980%2C646&ssl=1",980,646,true],"1536x1536":["https:\/\/i0.wp.com\/landioustravel.com\/wp-content\/uploads\/2019\/04\/Marsa-Mubarak-Boat-Trip-from-Marsa-Alam-e1669163771942.jpg?fit=1024%2C675&ssl=1",1024,675,true],"2048x2048":["https:\/\/i0.wp.com\/landioustravel.com\/wp-content\/uploads\/2019\/04\/Marsa-Mubarak-Boat-Trip-from-Marsa-Alam-e1669163771942.jpg?fit=1024%2C675&ssl=1",1024,675,true],"newspack-article-block-landscape-large":["https:\/\/i0.wp.com\/landioustravel.com\/wp-content\/uploads\/2019\/04\/Marsa-Mubarak-Boat-Trip-from-Marsa-Alam-e1669163771942.jpg?resize=1024%2C675&ssl=1",1024,675,true],"newspack-article-block-portrait-large":["https:\/\/i0.wp.com\/landioustravel.com\/wp-content\/uploads\/2019\/04\/Marsa-Mubarak-Boat-Trip-from-Marsa-Alam-e1669163771942.jpg?resize=900%2C675&ssl=1",900,675,true],"newspack-article-block-square-large":["https:\/\/i0.wp.com\/landioustravel.com\/wp-content\/uploads\/2019\/04\/Marsa-Mubarak-Boat-Trip-from-Marsa-Alam-e1669163771942.jpg?resize=1024%2C675&ssl=1",1024,675,true],"newspack-article-block-landscape-medium":["https:\/\/i0.wp.com\/landioustravel.com\/wp-content\/uploads\/2019\/04\/Marsa-Mubarak-Boat-Trip-from-Marsa-Alam-e1669163771942.jpg?resize=800%2C600&ssl=1",800,600,true],"newspack-article-block-portrait-medium":["https:\/\/i0.wp.com\/landioustravel.com\/wp-content\/uploads\/2019\/04\/Marsa-Mubarak-Boat-Trip-from-Marsa-Alam-e1669163771942.jpg?resize=600%2C675&ssl=1",600,675,true],"newspack-article-block-square-medium":["https:\/\/i0.wp.com\/landioustravel.com\/wp-content\/uploads\/2019\/04\/Marsa-Mubarak-Boat-Trip-from-Marsa-Alam-e1669163771942.jpg?resize=800%2C675&ssl=1",800,675,true],"newspack-article-block-landscape-intermediate":["https:\/\/i0.wp.com\/landioustravel.com\/wp-content\/uploads\/2019\/04\/Marsa-Mubarak-Boat-Trip-from-Marsa-Alam-e1669163771942.jpg?resize=600%2C450&ssl=1",600,450,true],"newspack-article-block-portrait-intermediate":["https:\/\/i0.wp.com\/landioustravel.com\/wp-content\/uploads\/2019\/04\/Marsa-Mubarak-Boat-Trip-from-Marsa-Alam-e1669163771942.jpg?resize=450%2C600&ssl=1",450,600,true],"newspack-article-block-square-intermediate":["https:\/\/i0.wp.com\/landioustravel.com\/wp-content\/uploads\/2019\/04\/Marsa-Mubarak-Boat-Trip-from-Marsa-Alam-e1669163771942.jpg?resize=600%2C600&ssl=1",600,600,true],"newspack-article-block-landscape-small":["https:\/\/i0.wp.com\/landioustravel.com\/wp-content\/uploads\/2019\/04\/Marsa-Mubarak-Boat-Trip-from-Marsa-Alam-e1669163771942.jpg?resize=400%2C300&ssl=1",400,300,true],"newspack-article-block-portrait-small":["https:\/\/i0.wp.com\/landioustravel.com\/wp-content\/uploads\/2019\/04\/Marsa-Mubarak-Boat-Trip-from-Marsa-Alam-e1669163771942.jpg?resize=300%2C400&ssl=1",300,400,true],"newspack-article-block-square-small":["https:\/\/i0.wp.com\/landioustravel.com\/wp-content\/uploads\/2019\/04\/Marsa-Mubarak-Boat-Trip-from-Marsa-Alam-e1669163771942.jpg?resize=400%2C400&ssl=1",400,400,true],"newspack-article-block-landscape-tiny":["https:\/\/i0.wp.com\/landioustravel.com\/wp-content\/uploads\/2019\/04\/Marsa-Mubarak-Boat-Trip-from-Marsa-Alam-e1669163771942.jpg?resize=200%2C150&ssl=1",200,150,true],"newspack-article-block-portrait-tiny":["https:\/\/i0.wp.com\/landioustravel.com\/wp-content\/uploads\/2019\/04\/Marsa-Mubarak-Boat-Trip-from-Marsa-Alam-e1669163771942.jpg?resize=150%2C200&ssl=1",150,200,true],"newspack-article-block-square-tiny":["https:\/\/i0.wp.com\/landioustravel.com\/wp-content\/uploads\/2019\/04\/Marsa-Mubarak-Boat-Trip-from-Marsa-Alam-e1669163771942.jpg?resize=200%2C200&ssl=1",200,200,true],"newspack-article-block-uncropped":["https:\/\/i0.wp.com\/landioustravel.com\/wp-content\/uploads\/2019\/04\/Marsa-Mubarak-Boat-Trip-from-Marsa-Alam-e1669163771942.jpg?fit=1024%2C675&ssl=1",1024,675,true],"woocommerce_thumbnail":["https:\/\/i0.wp.com\/landioustravel.com\/wp-content\/uploads\/2019\/04\/Marsa-Mubarak-Boat-Trip-from-Marsa-Alam-e1669163771942.jpg?resize=324%2C324&ssl=1",324,324,true],"woocommerce_single":["https:\/\/i0.wp.com\/landioustravel.com\/wp-content\/uploads\/2019\/04\/Marsa-Mubarak-Boat-Trip-from-Marsa-Alam-e1669163771942.jpg?fit=416%2C274&ssl=1",416,274,true],"woocommerce_gallery_thumbnail":["https:\/\/i0.wp.com\/landioustravel.com\/wp-content\/uploads\/2019\/04\/Marsa-Mubarak-Boat-Trip-from-Marsa-Alam-e1669163771942.jpg?resize=100%2C100&ssl=1",100,100,true]},"uagb_author_info":{"display_name":"Mofreh Landious","author_link":"https:\/\/landioustravel.com\/sv\/author\/"},"uagb_comment_info":4,"uagb_excerpt":"Letar du efter en avkopplande och trevlig picknick genom R\u00f6da havet? F\u00f6lj med p\u00e5 v\u00e5r havsresa till Marsa Mubarak fr\u00e5n Marsa Alam, d\u00e4r du kan uppleva tv\u00e5 stopp i \u00f6ppet hav f\u00f6r bad och snorkling med masker och simf\u00f6tter. Under dessa stopp kommer vi att f\u00f6rse dig med en uts\u00f6kt lunch p\u00e5 b\u00e5ten. Dessutom inkluderar&hellip;","jetpack_sharing_enabled":true,"jetpack_likes_enabled":true,"amp_enabled":true,"_links":{"self":[{"href":"https:\/\/landioustravel.com\/sv\/wp-json\/wp\/v2\/product\/26411","targetHints":{"allow":["GET"]}}],"collection":[{"href":"https:\/\/landioustravel.com\/sv\/wp-json\/wp\/v2\/product"}],"about":[{"href":"https:\/\/landioustravel.com\/sv\/wp-json\/wp\/v2\/types\/product"}],"replies":[{"embeddable":true,"href":"https:\/\/landioustravel.com\/sv\/wp-json\/wp\/v2\/comments?post=26411"}],"wp:featuredmedia":[{"embeddable":true,"href":"https:\/\/landioustravel.com\/sv\/wp-json\/wp\/v2\/media\/99254"}],"wp:attachment":[{"href":"https:\/\/landioustravel.com\/sv\/wp-json\/wp\/v2\/media?parent=26411"}],"wp:term":[{"taxonomy":"product_brand","embeddable":true,"href":"https:\/\/landioustravel.com\/sv\/wp-json\/wp\/v2\/product_brand?post=26411"},{"taxonomy":"product_cat","embeddable":true,"href":"https:\/\/landioustravel.com\/sv\/wp-json\/wp\/v2\/product_cat?post=26411"},{"taxonomy":"product_tag","embeddable":true,"href":"https:\/\/landioustravel.com\/sv\/wp-json\/wp\/v2\/product_tag?post=26411"}],"curies":[{"name":"wp","href":"https:\/\/api.w.org\/{rel}","templated":true}]}}