{"id":26439,"date":"2019-04-24T13:21:34","date_gmt":"2020-12-19T01:52:14","guid":{"rendered":"https:\/\/landioustravel.com\/?post_type=product&#038;p=26439"},"modified":"2024-09-21T08:59:37","modified_gmt":"2024-09-21T05:59:37","slug":"havsresa-dolphin-sataya-marsa-alam","status":"publish","type":"product","link":"https:\/\/landioustravel.com\/sv\/shop\/havsresa-dolphin-sataya-marsa-alam\/","title":{"rendered":"Havsresa till Dolphin Bay Sataya fr\u00e5n Marsa Alam"},"content":{"rendered":"<p>Det \u00e4r en favoritresa till Dolphin Bay Sataya fr\u00e5n Marsa Alam, R\u00f6da havet Governorate &#8211; Egypten! Vi rekommenderar resan eftersom det g\u00f6r det m\u00f6jligt f\u00f6r turister att ha det bra vid havet och simma med delfiner. Det till\u00e5ter ocks\u00e5 snorkling p\u00e5 de vackra korallerna och titta p\u00e5 en m\u00e4ngd olika fiskar och njuta av en havspiknik genom R\u00f6da havet.<\/p>\n<h2>Huvudpunkterna i utflyktsprogrammet till Sataya Dolphin Bay<\/h2>\n<ul>\n<li>Simning med delfinerna i Sataya Dolphin Bay<\/li>\n<li>Snorkling i \u00f6ppet hav<\/li>\n<li>Dessutom lunch p\u00e5 b\u00e5t<\/li>\n<\/ul>\n<h3>Program f\u00f6r resan till Dolphin Bay Sataya fr\u00e5n Marsa Alam<\/h3>\n<ul>\n<li>Landious reserepresentant h\u00e4mtar fr\u00e5n hotellet i Marsa Alam, klockan 08:00<\/li>\n<li>Efter att ha h\u00e4mtat alla bes\u00f6kare g\u00e5r bussen till hamnen. V\u00e4gen till denna hamn tar ungef\u00e4r 30 minuter<\/li>\n<li>Du hittar din b\u00e5t i hamnen. Det \u00e4r stort och elegant! Denna kryssning har tv\u00e5 v\u00e5ningar. S\u00e5 fort du kommer in i b\u00e5ten \u00e4r det n\u00f6dv\u00e4ndigt att ta av skor och att stiga p\u00e5 andra v\u00e5ningen f\u00f6r att garva i det \u00f6vre sold\u00e4cket<\/li>\n<li>B\u00e5ten g\u00e5r vidare genom R\u00f6da havet, s\u00e5 snart gruppen samlas. P\u00e5 Satayas vackra koraller g\u00f6r du ett stopp i det \u00f6ppna havet. Visst, i denna fantastiska delfinbukt kan du ocks\u00e5 simma med delfiner<\/li>\n<li>Efter detta stopp samlas gruppen p\u00e5 f\u00f6rsta v\u00e5ningen f\u00f6r lunch. Under lunchen \u00e4r buff\u00e9n \u00f6ppen<\/li>\n<li>D\u00e4refter kommer du att stanna vid en annan plats f\u00f6r att snorkla med masker och simf\u00f6tter.<\/li>\n<li>Slutligen g\u00e5r v\u00e5r b\u00e5t tillbaka till hamnen. \u00c5terigen, vi eskorterar dig tillbaka till dina hotell i Marsa Alam<\/li>\n<li>Denna &#8221;Sea trip to Dolphin Bay Sataya from Marsa Alam&#8221; slutar cirka kl. 16.30<\/li>\n<\/ul>\n<h4>Vad ing\u00e5r i resepriset fr\u00e5n Marsa Alam<\/h4>\n<ul>\n<li>Snorklingsutrustning<\/li>\n<li>Mat drinkar<\/li>\n<li>\u00d6verf\u00f6r ocks\u00e5 till hamnen och tillbaka till hotellet<\/li>\n<\/ul>\n<h5>Vad ing\u00e5r inte i priset f\u00f6r resan till Dolphin Bay<\/h5>\n<ul>\n<li>Video DVD<\/li>\n<li>\u00c4ven foto-CD<\/li>\n<\/ul>\n<h6>Vad du ska ta med dig f\u00f6r resan till Dolphin Bay<\/h6>\n<ul>\n<li>Handduk<\/li>\n<li>\u00c4ven solskyddsmedel<\/li>\n<\/ul>\n<h6>DAGAR F\u00d6R UTFLYTTSORGANISATION<\/h6>\n<ul>\n<li>Dagligen fr\u00e5n kl. 08.00 till 17.00<\/li>\n<\/ul>\n","protected":false},"excerpt":{"rendered":"<p>Om du letar efter en of\u00f6rgl\u00f6mlig upplevelse rekommenderar vi starkt sj\u00f6resan till Dolphin-Bay Sataya fr\u00e5n Marsa-Alam. Du kommer att ha m\u00f6jlighet att simma med delfiner i det \u00f6ppna havet och bevittna de fantastiska korallreven och fiskarna. Resan inkluderar en havspicknick, tv\u00e5 snorklingstopp och en uts\u00f6kt lunch ombord. V\u00e5ra priser \u00e4r inklusive lunch och l\u00e4sk, s\u00e5 du beh\u00f6ver inte oroa dig f\u00f6r n\u00e5gonting.<\/p>\n<p>Vi f\u00f6rst\u00e5r att det kan vara sv\u00e5rt att g\u00e5 upp tidigt f\u00f6r h\u00e4mtning, men v\u00e5r v\u00e4nliga Marsaalamtours-representant kommer att finnas d\u00e4r f\u00f6r att g\u00f6ra det s\u00e5 enkelt som m\u00f6jligt. De h\u00e4mtar dig fr\u00e5n ditt hotell i El Quseir, Port Ghalib eller Marsa Alam, beroende p\u00e5 din plats. Upph\u00e4mtningstiden kommer att anpassas till din specifika hotellplats.<\/p>\n<p>N\u00e4r du v\u00e4l anl\u00e4nder till Hamata hamn g\u00e5r du ombord p\u00e5 din b\u00e5t och f\u00f6rbereder dig f\u00f6r ett livs \u00e4ventyr. Nationalparkens agent kommer att samla in 2 euro per person f\u00f6r intr\u00e4de. Vi f\u00f6rser dig med snorklingsutrustning och marinpolisen kommer att se till att alla st\u00e5r till svars.<\/p>\n<p>Efter att ha seglat i cirka 2,5 timmar fr\u00e5n Hamatas hamn kommer du till Shaab Satayah. H\u00e4r har du m\u00f6jlighet att simma med delfiner och snorkla i en och en halv timme. Du kommer att bli f\u00f6rv\u00e5nad n\u00e4r en grupp p\u00e5 60 &#8211; 80 delfiner dansar mitt framf\u00f6r dina \u00f6gon. Dessa underbara d\u00e4ggdjur \u00e4r v\u00e4nliga och lekfulla, vilket g\u00f6r din upplevelse \u00e4nnu mer speciell. Du kommer ocks\u00e5 att f\u00e5 utforska R\u00f6da havet och uppt\u00e4cka olika fiskarter och koraller som bara kan hittas i detta omr\u00e5de.<\/p>\n<p>Efter ditt f\u00f6rsta dopp kan du njuta av en god lunchm\u00e5ltid ombord p\u00e5 b\u00e5ten. Sedan har du en ny chans att snorkla med delfiner i 45 minuter. Slutligen kommer vi tillbaka till Hamata Harbor och k\u00f6r dig tillbaka till ditt hotell i Marsa Alam eller Port Ghalib. Vi f\u00f6rst\u00e5r att du kan vara tr\u00f6tt, men vi lovar att denna upplevelse kommer att l\u00e4mna dig of\u00f6rgl\u00f6mliga minnen.<\/p>\n<p>V\u00e5rt all inclusive-paket inkluderar hotellh\u00e4mtning och avl\u00e4mning, all \u00f6verf\u00f6ring med ett luftkonditionerat fordon, en engelsktalande reserepresentant, en snorklingsresa med b\u00e5t med 2 snorklingstopp, snorklingsutrustning och lunch ombord p\u00e5 kryssningsb\u00e5ten . Vi hoppas att se dig snart p\u00e5 detta fantastiska \u00e4ventyr!<\/p>\n","protected":false},"featured_media":28418,"comment_status":"open","ping_status":"closed","template":"","meta":{"_coblocks_attr":"","_coblocks_dimensions":"","_coblocks_responsive_height":"","_coblocks_accordion_ie_support":"","_uag_custom_page_level_css":"","jetpack_publicize_message":"","jetpack_publicize_feature_enabled":true,"jetpack_social_post_already_shared":true,"jetpack_social_options":{"image_generator_settings":{"template":"highway","default_image_id":0,"font":"","enabled":false},"version":2},"_wpas_customize_per_network":false},"product_brand":[],"product_cat":[18877,18878],"product_tag":[18981,19022,19023,19029,18998],"class_list":{"0":"post-26439","1":"product","2":"type-product","3":"status-publish","4":"has-post-thumbnail","6":"product_cat-marsa-alam-utflykter","7":"product_cat-sjoturer-marsa-alam","8":"product_tag-delfinhus","9":"product_tag-havet","10":"product_tag-sjoturer","11":"product_tag-snorkling-sv","12":"product_tag-utflykt","13":"pa_age-barn-1-4-ar","14":"pa_age-barn-5-11-ar","15":"pa_age-vuxen","17":"first","18":"instock","19":"sale","20":"taxable","21":"shipping-taxable","22":"purchasable","23":"product-type-variable"},"yoast_head":"<!-- This site is optimized with the Yoast SEO Premium plugin v26.9 (Yoast SEO v27.4) - https:\/\/yoast.com\/product\/yoast-seo-premium-wordpress\/ -->\n<title>Havsresa till Dolphin Bay Sataya fr\u00e5n Marsa Alam<\/title>\n<meta name=\"description\" content=\"Havsresa till Dolphin Bay Sataya fr\u00e5n Marsa Alam kan du simma med delfiner i \u00f6ppet hav och se de vackra korallerna och fiskarna. Lunch ing\u00e5r under resan\" \/>\n<meta name=\"robots\" content=\"index, follow, max-snippet:-1, max-image-preview:large, max-video-preview:-1\" \/>\n<link rel=\"canonical\" href=\"https:\/\/landioustravel.com\/sv\/shop\/havsresa-dolphin-sataya-marsa-alam\/\" \/>\n<meta property=\"og:locale\" content=\"sv_SE\" \/>\n<meta property=\"og:type\" content=\"article\" \/>\n<meta property=\"og:title\" content=\"Havsresa till Dolphin Bay Sataya fr\u00e5n Marsa Alam\" \/>\n<meta property=\"og:description\" content=\"Landious Travel\" \/>\n<meta property=\"og:url\" content=\"https:\/\/landioustravel.com\/sv\/shop\/havsresa-dolphin-sataya-marsa-alam\/\" \/>\n<meta property=\"og:site_name\" content=\"Landious Travel\" \/>\n<meta property=\"article:publisher\" content=\"https:\/\/web.facebook.com\/landiousEgypt\" \/>\n<meta property=\"article:modified_time\" content=\"2024-09-21T05:59:37+00:00\" \/>\n<meta property=\"og:image\" content=\"https:\/\/i0.wp.com\/landioustravel.com\/wp-content\/uploads\/2019\/04\/sataya-e1617662487556.jpg?fit=1200%2C675&ssl=1\" \/>\n\t<meta property=\"og:image:width\" content=\"1200\" \/>\n\t<meta property=\"og:image:height\" content=\"675\" \/>\n\t<meta property=\"og:image:type\" content=\"image\/jpeg\" \/>\n<meta name=\"twitter:card\" content=\"summary_large_image\" \/>\n<meta name=\"twitter:site\" content=\"@LandiousTours\" \/>\n<meta name=\"twitter:label1\" content=\"Ber\u00e4knad l\u00e4stid\" \/>\n\t<meta name=\"twitter:data1\" content=\"2 minuter\" \/>\n<script type=\"application\/ld+json\" class=\"yoast-schema-graph\">{\"@context\":\"https:\\\/\\\/schema.org\",\"@graph\":[{\"@type\":\"WebPage\",\"@id\":\"https:\\\/\\\/landioustravel.com\\\/sv\\\/shop\\\/havsresa-dolphin-sataya-marsa-alam\\\/\",\"url\":\"https:\\\/\\\/landioustravel.com\\\/sv\\\/shop\\\/havsresa-dolphin-sataya-marsa-alam\\\/\",\"name\":\"Havsresa till Dolphin Bay Sataya fr\u00e5n Marsa Alam\",\"isPartOf\":{\"@id\":\"https:\\\/\\\/landioustravel.com\\\/sv\\\/#website\"},\"primaryImageOfPage\":{\"@id\":\"https:\\\/\\\/landioustravel.com\\\/sv\\\/shop\\\/havsresa-dolphin-sataya-marsa-alam\\\/#primaryimage\"},\"image\":{\"@id\":\"https:\\\/\\\/landioustravel.com\\\/sv\\\/shop\\\/havsresa-dolphin-sataya-marsa-alam\\\/#primaryimage\"},\"thumbnailUrl\":\"https:\\\/\\\/i0.wp.com\\\/landioustravel.com\\\/wp-content\\\/uploads\\\/2019\\\/04\\\/sataya-e1617662487556.jpg?fit=1200%2C675&ssl=1\",\"datePublished\":\"2020-12-19T01:52:14+00:00\",\"dateModified\":\"2024-09-21T05:59:37+00:00\",\"description\":\"Havsresa till Dolphin Bay Sataya fr\u00e5n Marsa Alam kan du simma med delfiner i \u00f6ppet hav och se de vackra korallerna och fiskarna. Lunch ing\u00e5r under resan\",\"breadcrumb\":{\"@id\":\"https:\\\/\\\/landioustravel.com\\\/sv\\\/shop\\\/havsresa-dolphin-sataya-marsa-alam\\\/#breadcrumb\"},\"inLanguage\":\"sv-SE\",\"potentialAction\":[{\"@type\":\"ReadAction\",\"target\":[\"https:\\\/\\\/landioustravel.com\\\/sv\\\/shop\\\/havsresa-dolphin-sataya-marsa-alam\\\/\"]}]},{\"@type\":\"ImageObject\",\"inLanguage\":\"sv-SE\",\"@id\":\"https:\\\/\\\/landioustravel.com\\\/sv\\\/shop\\\/havsresa-dolphin-sataya-marsa-alam\\\/#primaryimage\",\"url\":\"https:\\\/\\\/i0.wp.com\\\/landioustravel.com\\\/wp-content\\\/uploads\\\/2019\\\/04\\\/sataya-e1617662487556.jpg?fit=1200%2C675&ssl=1\",\"contentUrl\":\"https:\\\/\\\/i0.wp.com\\\/landioustravel.com\\\/wp-content\\\/uploads\\\/2019\\\/04\\\/sataya-e1617662487556.jpg?fit=1200%2C675&ssl=1\",\"width\":1200,\"height\":675,\"caption\":\"DCIM111GOPRO\"},{\"@type\":\"BreadcrumbList\",\"@id\":\"https:\\\/\\\/landioustravel.com\\\/sv\\\/shop\\\/havsresa-dolphin-sataya-marsa-alam\\\/#breadcrumb\",\"itemListElement\":[{\"@type\":\"ListItem\",\"position\":1,\"name\":\"Home\",\"item\":\"https:\\\/\\\/landioustravel.com\\\/sv\\\/\"},{\"@type\":\"ListItem\",\"position\":2,\"name\":\"Tj\u00e4nster &#038; turer\",\"item\":\"https:\\\/\\\/landioustravel.com\\\/sv\\\/\"},{\"@type\":\"ListItem\",\"position\":3,\"name\":\"Havsresa till Dolphin Bay Sataya fr\u00e5n Marsa Alam\"}]},{\"@type\":\"WebSite\",\"@id\":\"https:\\\/\\\/landioustravel.com\\\/sv\\\/#website\",\"url\":\"https:\\\/\\\/landioustravel.com\\\/sv\\\/\",\"name\":\"Landious Travel\",\"description\":\"Excursions, trips and cruises in Egypt\",\"publisher\":{\"@id\":\"https:\\\/\\\/landioustravel.com\\\/sv\\\/#organization\"},\"potentialAction\":[{\"@type\":\"SearchAction\",\"target\":{\"@type\":\"EntryPoint\",\"urlTemplate\":\"https:\\\/\\\/landioustravel.com\\\/sv\\\/?s={search_term_string}\"},\"query-input\":{\"@type\":\"PropertyValueSpecification\",\"valueRequired\":true,\"valueName\":\"search_term_string\"}}],\"inLanguage\":\"sv-SE\"},{\"@type\":[\"Organization\",\"Place\"],\"@id\":\"https:\\\/\\\/landioustravel.com\\\/sv\\\/#organization\",\"name\":\"Landious Travel\",\"alternateName\":\"Landious Travel\",\"url\":\"https:\\\/\\\/landioustravel.com\\\/sv\\\/\",\"logo\":{\"@id\":\"https:\\\/\\\/landioustravel.com\\\/sv\\\/shop\\\/havsresa-dolphin-sataya-marsa-alam\\\/#local-main-organization-logo\"},\"image\":{\"@id\":\"https:\\\/\\\/landioustravel.com\\\/sv\\\/shop\\\/havsresa-dolphin-sataya-marsa-alam\\\/#local-main-organization-logo\"},\"sameAs\":[\"https:\\\/\\\/web.facebook.com\\\/landiousEgypt\",\"https:\\\/\\\/x.com\\\/LandiousTours\",\"https:\\\/\\\/mastodon.social\\\/@landious\"],\"legalName\":\"Landious Travel\",\"telephone\":[],\"openingHoursSpecification\":[{\"@type\":\"OpeningHoursSpecification\",\"dayOfWeek\":[\"Monday\",\"Tuesday\",\"Wednesday\",\"Thursday\",\"Friday\",\"Saturday\",\"Sunday\"],\"opens\":\"09:00\",\"closes\":\"17:00\"}]},{\"@type\":\"ImageObject\",\"inLanguage\":\"sv-SE\",\"@id\":\"https:\\\/\\\/landioustravel.com\\\/sv\\\/shop\\\/havsresa-dolphin-sataya-marsa-alam\\\/#local-main-organization-logo\",\"url\":\"https:\\\/\\\/i0.wp.com\\\/landioustravel.com\\\/wp-content\\\/uploads\\\/2021\\\/06\\\/Landious-T.png?fit=500%2C500&ssl=1\",\"contentUrl\":\"https:\\\/\\\/i0.wp.com\\\/landioustravel.com\\\/wp-content\\\/uploads\\\/2021\\\/06\\\/Landious-T.png?fit=500%2C500&ssl=1\",\"width\":500,\"height\":500,\"caption\":\"Landious Travel\"}]}<\/script>\n<!-- \/ Yoast SEO Premium plugin. -->","yoast_head_json":{"title":"Havsresa till Dolphin Bay Sataya fr\u00e5n Marsa Alam","description":"Havsresa till Dolphin Bay Sataya fr\u00e5n Marsa Alam kan du simma med delfiner i \u00f6ppet hav och se de vackra korallerna och fiskarna. Lunch ing\u00e5r under resan","robots":{"index":"index","follow":"follow","max-snippet":"max-snippet:-1","max-image-preview":"max-image-preview:large","max-video-preview":"max-video-preview:-1"},"canonical":"https:\/\/landioustravel.com\/sv\/shop\/havsresa-dolphin-sataya-marsa-alam\/","og_locale":"sv_SE","og_type":"article","og_title":"Havsresa till Dolphin Bay Sataya fr\u00e5n Marsa Alam","og_description":"Landious Travel","og_url":"https:\/\/landioustravel.com\/sv\/shop\/havsresa-dolphin-sataya-marsa-alam\/","og_site_name":"Landious Travel","article_publisher":"https:\/\/web.facebook.com\/landiousEgypt","article_modified_time":"2024-09-21T05:59:37+00:00","og_image":[{"width":1200,"height":675,"url":"https:\/\/i0.wp.com\/landioustravel.com\/wp-content\/uploads\/2019\/04\/sataya-e1617662487556.jpg?fit=1200%2C675&ssl=1","type":"image\/jpeg"}],"twitter_card":"summary_large_image","twitter_site":"@LandiousTours","twitter_misc":{"Ber\u00e4knad l\u00e4stid":"2 minuter"},"schema":{"@context":"https:\/\/schema.org","@graph":[{"@type":"WebPage","@id":"https:\/\/landioustravel.com\/sv\/shop\/havsresa-dolphin-sataya-marsa-alam\/","url":"https:\/\/landioustravel.com\/sv\/shop\/havsresa-dolphin-sataya-marsa-alam\/","name":"Havsresa till Dolphin Bay Sataya fr\u00e5n Marsa Alam","isPartOf":{"@id":"https:\/\/landioustravel.com\/sv\/#website"},"primaryImageOfPage":{"@id":"https:\/\/landioustravel.com\/sv\/shop\/havsresa-dolphin-sataya-marsa-alam\/#primaryimage"},"image":{"@id":"https:\/\/landioustravel.com\/sv\/shop\/havsresa-dolphin-sataya-marsa-alam\/#primaryimage"},"thumbnailUrl":"https:\/\/i0.wp.com\/landioustravel.com\/wp-content\/uploads\/2019\/04\/sataya-e1617662487556.jpg?fit=1200%2C675&ssl=1","datePublished":"2020-12-19T01:52:14+00:00","dateModified":"2024-09-21T05:59:37+00:00","description":"Havsresa till Dolphin Bay Sataya fr\u00e5n Marsa Alam kan du simma med delfiner i \u00f6ppet hav och se de vackra korallerna och fiskarna. Lunch ing\u00e5r under resan","breadcrumb":{"@id":"https:\/\/landioustravel.com\/sv\/shop\/havsresa-dolphin-sataya-marsa-alam\/#breadcrumb"},"inLanguage":"sv-SE","potentialAction":[{"@type":"ReadAction","target":["https:\/\/landioustravel.com\/sv\/shop\/havsresa-dolphin-sataya-marsa-alam\/"]}]},{"@type":"ImageObject","inLanguage":"sv-SE","@id":"https:\/\/landioustravel.com\/sv\/shop\/havsresa-dolphin-sataya-marsa-alam\/#primaryimage","url":"https:\/\/i0.wp.com\/landioustravel.com\/wp-content\/uploads\/2019\/04\/sataya-e1617662487556.jpg?fit=1200%2C675&ssl=1","contentUrl":"https:\/\/i0.wp.com\/landioustravel.com\/wp-content\/uploads\/2019\/04\/sataya-e1617662487556.jpg?fit=1200%2C675&ssl=1","width":1200,"height":675,"caption":"DCIM111GOPRO"},{"@type":"BreadcrumbList","@id":"https:\/\/landioustravel.com\/sv\/shop\/havsresa-dolphin-sataya-marsa-alam\/#breadcrumb","itemListElement":[{"@type":"ListItem","position":1,"name":"Home","item":"https:\/\/landioustravel.com\/sv\/"},{"@type":"ListItem","position":2,"name":"Tj\u00e4nster &#038; turer","item":"https:\/\/landioustravel.com\/sv\/"},{"@type":"ListItem","position":3,"name":"Havsresa till Dolphin Bay Sataya fr\u00e5n Marsa Alam"}]},{"@type":"WebSite","@id":"https:\/\/landioustravel.com\/sv\/#website","url":"https:\/\/landioustravel.com\/sv\/","name":"Landious Travel","description":"Excursions, trips and cruises in Egypt","publisher":{"@id":"https:\/\/landioustravel.com\/sv\/#organization"},"potentialAction":[{"@type":"SearchAction","target":{"@type":"EntryPoint","urlTemplate":"https:\/\/landioustravel.com\/sv\/?s={search_term_string}"},"query-input":{"@type":"PropertyValueSpecification","valueRequired":true,"valueName":"search_term_string"}}],"inLanguage":"sv-SE"},{"@type":["Organization","Place"],"@id":"https:\/\/landioustravel.com\/sv\/#organization","name":"Landious Travel","alternateName":"Landious Travel","url":"https:\/\/landioustravel.com\/sv\/","logo":{"@id":"https:\/\/landioustravel.com\/sv\/shop\/havsresa-dolphin-sataya-marsa-alam\/#local-main-organization-logo"},"image":{"@id":"https:\/\/landioustravel.com\/sv\/shop\/havsresa-dolphin-sataya-marsa-alam\/#local-main-organization-logo"},"sameAs":["https:\/\/web.facebook.com\/landiousEgypt","https:\/\/x.com\/LandiousTours","https:\/\/mastodon.social\/@landious"],"legalName":"Landious Travel","telephone":[],"openingHoursSpecification":[{"@type":"OpeningHoursSpecification","dayOfWeek":["Monday","Tuesday","Wednesday","Thursday","Friday","Saturday","Sunday"],"opens":"09:00","closes":"17:00"}]},{"@type":"ImageObject","inLanguage":"sv-SE","@id":"https:\/\/landioustravel.com\/sv\/shop\/havsresa-dolphin-sataya-marsa-alam\/#local-main-organization-logo","url":"https:\/\/i0.wp.com\/landioustravel.com\/wp-content\/uploads\/2021\/06\/Landious-T.png?fit=500%2C500&ssl=1","contentUrl":"https:\/\/i0.wp.com\/landioustravel.com\/wp-content\/uploads\/2021\/06\/Landious-T.png?fit=500%2C500&ssl=1","width":500,"height":500,"caption":"Landious Travel"}]}},"jetpack_publicize_connections":[],"uagb_featured_image_src":{"full":["https:\/\/i0.wp.com\/landioustravel.com\/wp-content\/uploads\/2019\/04\/sataya-e1617662487556.jpg?fit=1200%2C675&ssl=1",1200,675,false],"thumbnail":["https:\/\/i0.wp.com\/landioustravel.com\/wp-content\/uploads\/2019\/04\/sataya-e1617662487556.jpg?resize=150%2C150&ssl=1",150,150,true],"medium":["https:\/\/i0.wp.com\/landioustravel.com\/wp-content\/uploads\/2019\/04\/sataya-e1617662487556.jpg?fit=300%2C169&ssl=1",300,169,true],"medium_large":["https:\/\/i0.wp.com\/landioustravel.com\/wp-content\/uploads\/2019\/04\/sataya-e1617662487556.jpg?fit=768%2C432&ssl=1",768,432,true],"large":["https:\/\/i0.wp.com\/landioustravel.com\/wp-content\/uploads\/2019\/04\/sataya-e1617662487556.jpg?fit=980%2C551&ssl=1",980,551,true],"1536x1536":["https:\/\/i0.wp.com\/landioustravel.com\/wp-content\/uploads\/2019\/04\/sataya-e1617662487556.jpg?fit=1536%2C864&ssl=1",1536,864,true],"2048x2048":["https:\/\/i0.wp.com\/landioustravel.com\/wp-content\/uploads\/2019\/04\/sataya-e1617662487556.jpg?fit=2048%2C1152&ssl=1",2048,1152,true],"newspack-article-block-landscape-large":["https:\/\/i0.wp.com\/landioustravel.com\/wp-content\/uploads\/2019\/04\/sataya-e1617662487556.jpg?resize=1200%2C675&ssl=1",1200,900,true],"newspack-article-block-portrait-large":["https:\/\/i0.wp.com\/landioustravel.com\/wp-content\/uploads\/2019\/04\/sataya-e1617662487556.jpg?resize=900%2C675&ssl=1",900,1200,true],"newspack-article-block-square-large":["https:\/\/i0.wp.com\/landioustravel.com\/wp-content\/uploads\/2019\/04\/sataya-e1617662487556.jpg?resize=1200%2C675&ssl=1",1200,1200,true],"newspack-article-block-landscape-medium":["https:\/\/i0.wp.com\/landioustravel.com\/wp-content\/uploads\/2019\/04\/sataya-e1617662487556.jpg?resize=800%2C600&ssl=1",800,600,true],"newspack-article-block-portrait-medium":["https:\/\/i0.wp.com\/landioustravel.com\/wp-content\/uploads\/2019\/04\/sataya-e1617662487556.jpg?resize=600%2C675&ssl=1",600,800,true],"newspack-article-block-square-medium":["https:\/\/i0.wp.com\/landioustravel.com\/wp-content\/uploads\/2019\/04\/sataya-e1617662487556.jpg?resize=800%2C675&ssl=1",800,800,true],"newspack-article-block-landscape-intermediate":["https:\/\/i0.wp.com\/landioustravel.com\/wp-content\/uploads\/2019\/04\/sataya-e1617662487556.jpg?resize=600%2C450&ssl=1",600,450,true],"newspack-article-block-portrait-intermediate":["https:\/\/i0.wp.com\/landioustravel.com\/wp-content\/uploads\/2019\/04\/sataya-e1617662487556.jpg?resize=450%2C600&ssl=1",450,600,true],"newspack-article-block-square-intermediate":["https:\/\/i0.wp.com\/landioustravel.com\/wp-content\/uploads\/2019\/04\/sataya-e1617662487556.jpg?resize=600%2C600&ssl=1",600,600,true],"newspack-article-block-landscape-small":["https:\/\/i0.wp.com\/landioustravel.com\/wp-content\/uploads\/2019\/04\/sataya-e1617662487556.jpg?resize=400%2C300&ssl=1",400,300,true],"newspack-article-block-portrait-small":["https:\/\/i0.wp.com\/landioustravel.com\/wp-content\/uploads\/2019\/04\/sataya-e1617662487556.jpg?resize=300%2C400&ssl=1",300,400,true],"newspack-article-block-square-small":["https:\/\/i0.wp.com\/landioustravel.com\/wp-content\/uploads\/2019\/04\/sataya-e1617662487556.jpg?resize=400%2C400&ssl=1",400,400,true],"newspack-article-block-landscape-tiny":["https:\/\/i0.wp.com\/landioustravel.com\/wp-content\/uploads\/2019\/04\/sataya-e1617662487556.jpg?resize=200%2C150&ssl=1",200,150,true],"newspack-article-block-portrait-tiny":["https:\/\/i0.wp.com\/landioustravel.com\/wp-content\/uploads\/2019\/04\/sataya-e1617662487556.jpg?resize=150%2C200&ssl=1",150,200,true],"newspack-article-block-square-tiny":["https:\/\/i0.wp.com\/landioustravel.com\/wp-content\/uploads\/2019\/04\/sataya-e1617662487556.jpg?resize=200%2C200&ssl=1",200,200,true],"newspack-article-block-uncropped":["https:\/\/i0.wp.com\/landioustravel.com\/wp-content\/uploads\/2019\/04\/sataya-e1617662487556.jpg?fit=1200%2C675&ssl=1",1200,675,true],"woocommerce_thumbnail":["https:\/\/i0.wp.com\/landioustravel.com\/wp-content\/uploads\/2019\/04\/sataya-e1617662487556.jpg?resize=324%2C324&ssl=1",324,324,true],"woocommerce_single":["https:\/\/i0.wp.com\/landioustravel.com\/wp-content\/uploads\/2019\/04\/sataya-e1617662487556.jpg?fit=416%2C234&ssl=1",416,234,true],"woocommerce_gallery_thumbnail":["https:\/\/i0.wp.com\/landioustravel.com\/wp-content\/uploads\/2019\/04\/sataya-e1617662487556.jpg?resize=100%2C100&ssl=1",100,100,true]},"uagb_author_info":{"display_name":"Mofreh Landious","author_link":"https:\/\/landioustravel.com\/sv\/author\/"},"uagb_comment_info":2,"uagb_excerpt":"Om du letar efter en of\u00f6rgl\u00f6mlig upplevelse rekommenderar vi starkt sj\u00f6resan till Dolphin-Bay Sataya fr\u00e5n Marsa-Alam. Du kommer att ha m\u00f6jlighet att simma med delfiner i det \u00f6ppna havet och bevittna de fantastiska korallreven och fiskarna. Resan inkluderar en havspicknick, tv\u00e5 snorklingstopp och en uts\u00f6kt lunch ombord. V\u00e5ra priser \u00e4r inklusive lunch och l\u00e4sk, s\u00e5&hellip;","jetpack_sharing_enabled":true,"jetpack_likes_enabled":true,"amp_enabled":true,"_links":{"self":[{"href":"https:\/\/landioustravel.com\/sv\/wp-json\/wp\/v2\/product\/26439","targetHints":{"allow":["GET"]}}],"collection":[{"href":"https:\/\/landioustravel.com\/sv\/wp-json\/wp\/v2\/product"}],"about":[{"href":"https:\/\/landioustravel.com\/sv\/wp-json\/wp\/v2\/types\/product"}],"replies":[{"embeddable":true,"href":"https:\/\/landioustravel.com\/sv\/wp-json\/wp\/v2\/comments?post=26439"}],"wp:featuredmedia":[{"embeddable":true,"href":"https:\/\/landioustravel.com\/sv\/wp-json\/wp\/v2\/media\/28418"}],"wp:attachment":[{"href":"https:\/\/landioustravel.com\/sv\/wp-json\/wp\/v2\/media?parent=26439"}],"wp:term":[{"taxonomy":"product_brand","embeddable":true,"href":"https:\/\/landioustravel.com\/sv\/wp-json\/wp\/v2\/product_brand?post=26439"},{"taxonomy":"product_cat","embeddable":true,"href":"https:\/\/landioustravel.com\/sv\/wp-json\/wp\/v2\/product_cat?post=26439"},{"taxonomy":"product_tag","embeddable":true,"href":"https:\/\/landioustravel.com\/sv\/wp-json\/wp\/v2\/product_tag?post=26439"}],"curies":[{"name":"wp","href":"https:\/\/api.w.org\/{rel}","templated":true}]}}