{"id":26453,"date":"2019-04-13T04:48:18","date_gmt":"2020-12-19T03:09:54","guid":{"rendered":"https:\/\/landioustravel.com\/?post_type=product&#038;p=26453"},"modified":"2026-04-06T19:13:35","modified_gmt":"2026-04-06T17:13:35","slug":"individuell-resa-abydos-sohag-hurghada","status":"publish","type":"product","link":"https:\/\/landioustravel.com\/sv\/shop\/individuell-resa-abydos-sohag-hurghada\/","title":{"rendered":"Individuell resa till Abydos &#038; Sohag fr\u00e5n Hurghada"},"content":{"rendered":"<p>En intressant individuell resa till Abydos &#8211; Sohag fr\u00e5n Hurghada, Egypten! Vi rekommenderar resan p\u00e5 grund av det faktum att det till\u00e5ter turister att se ett stort antal attraktioner i tv\u00e5 st\u00e4der _ Abydos och Sohag. Dessa monument byggdes under tv\u00e5 olika epoker av den egyptiska historien _ Forntida Egypten och det romerska riket. Det l\u00e5ter dig f\u00e5 en stor del av gl\u00e4dje och l\u00e4ra dig mer om landets historia.<\/p>\n<h2>Huvudpunkterna i programmet till Abydos &#8211; Sohag<\/h2>\n<ul>\n<li>Bes\u00f6ker Abydos tempel<\/li>\n<li>Lunch<\/li>\n<li>\u00c4ven det r\u00f6da klostret och det vita klostret i Sohag<\/li>\n<\/ul>\n<h3>Program f\u00f6r resan till Abydos &#8211; Sohag fr\u00e5n Hurghada<\/h3>\n<ul>\n<li>Landious Reserepresentant h\u00e4mtar fr\u00e5n hotellet i Hurghada, runt 04:00<\/li>\n<li>Efter att ha h\u00e4mtat dig g\u00e5r bussen (limousine eller minibuss) mot staden Qena som passerar staden Safaga. Semesterorten Safaga ligger 45 miles s\u00f6der om Hurghada, vid R\u00f6da havets kust; medan staden Qena ligger 220 km bort i Nildalen. V\u00e4gen, fr\u00e5n centrum av Hurghada till Qena, tar cirka 3 timmar. Fr\u00e5n Qena k\u00f6r du l\u00e4ngre norrut mot Sohag Governorate f\u00f6r att f\u00e5 byn Abydos. Det tar ungef\u00e4r en timme att f\u00e5 Abydos.<\/li>\n<\/ul>\n<h4>Program i Abydos<\/h4>\n<ul>\n<li>S\u00e5 snart du anl\u00e4nder till Sohag Governorate, mer exakt, vid Abydos, b\u00f6rjar du din individuella resa i Osiris tempel. Detta \u00e4r ett komplex av tempel och byggnader. I templet b\u00f6rjar f\u00f6rklaringen av din guide, och sedan visar han de ofta bes\u00f6kta platserna f\u00f6r detta stora komplex. Komplexet i sig inneh\u00e5ller olika tempel och byggnader. Din guide har en uppgift att visa alla dessa tempel och ge ledig tid att ta bilder<\/li>\n<\/ul>\n<h4>Program i Sohag<\/h4>\n<ul>\n<li>Sedan k\u00f6r du norrut till Sohag. Det f\u00f6rsta stoppet d\u00e4r kommer att vara p\u00e5 restaurangen.<\/li>\n<li>Efter lunch k\u00f6r du till de n\u00e4rliggande kristna klostren &#8211; R\u00f6da klostret och Vita klostret.<\/li>\n<li>\u00c5terigen b\u00f6rjar din guide sin f\u00f6rklaring och visar de ofta bes\u00f6kta platserna f\u00f6r detta stora komplex. Komplexet i sig inneh\u00e5ller olika tempel och byggnader. Din guide har en uppgift att visa alla dessa tempel och ge ledig tid att ta bilder<\/li>\n<li>V\u00e5r buss g\u00e5r tillbaka efter en s\u00e5dan underbar individuell resa i Sohag<\/li>\n<li>Denna \u201dindividuella resa till Abydos 6 Sohag fr\u00e5n Hurghada\u201d slutar klockan 22:00<\/li>\n<\/ul>\n<h4>Vad ing\u00e5r i resepriset<\/h4>\n<ul>\n<li>Biljetter till bes\u00f6kande tempel<\/li>\n<li>Lunch<\/li>\n<li>Drycker<\/li>\n<li>Privat guide<\/li>\n<li>Ocks\u00e5 privat fordon till Abydos &#8211; Sohag och tillbaka till hotellet<\/li>\n<\/ul>\n<h5>Vad ing\u00e5r inte i priset f\u00f6r turn\u00e9n<\/h5>\n<ul>\n<li>Ytterligare utflyktsprogram som inte ing\u00e5r i ovanst\u00e5ende program<\/li>\n<\/ul>\n<h6>VAD DU ska ta med dig f\u00f6r resan<\/h6>\n<ul>\n<li>Frukostl\u00e5da<\/li>\n<li>Ocks\u00e5 kl\u00e4der f\u00f6r s\u00e4songen<\/li>\n<\/ul>\n<h6>DAGAR F\u00d6R UTFLYTTSORGANISATION<\/h6>\n<ul>\n<li>Dagligen fr\u00e5n kl. 04.00 till 22.00<\/li>\n<\/ul>\n","protected":false},"excerpt":{"rendered":"<p>Upplev underverken i Abydos och Sohag p\u00e5 en of\u00f6rgl\u00f6mlig resa som avg\u00e5r fr\u00e5n Hurghada. Under detta \u00e4ventyr kommer du att bes\u00f6ka de fascinerande templen i Abydos och njuta av en uts\u00f6kt lunch. Efter\u00e5t reser du till Sohag f\u00f6r att utforska R\u00f6da klostret och Vita klostret. Alla dessa otroliga sev\u00e4rdheter ing\u00e5r i priset, tillsammans med transfer, entr\u00e9biljetter och lunch. Missa inte m\u00f6jligheten att ge dig ut p\u00e5 en privat, extraordin\u00e4r dagsutflykt till Abydos fr\u00e5n Hurghada, komplett med ett privat luftkonditionerat fordon och en kunnig egyptologreseguide.<\/p>\n<p>Ta en paus fr\u00e5n stranden och upplev den lyxiga resan till Dendera-templet och Abydos-templet p\u00e5 en privat dagsutflykt. Med din personliga egyptolog-reseguide vid din sida b\u00f6rjar du din resa till Qena och reser 60 km l\u00e4ngs R\u00f6da havets kust till Safaga, n\u00e4sta stad efter Hurghada. Sedan k\u00f6r du 160 km genom Egyptens \u00f6stra \u00f6ken till Nildalen. Efter en och en halv timme fr\u00e5n h\u00e4mtningstiden stannar du vid ett kaf\u00e9 f\u00f6r frukost och kaffe och f\u00f6r att anv\u00e4nda toaletterna.<\/p>\n<p>Uppt\u00e4ck betydelsen av Abydos-templet, ett av de viktigaste religi\u00f6sa centra i Egypten. Denna begravningsplats, som ligger cirka 15 km s\u00f6der om den moderna staden Balyana, var en plats f\u00f6r dyrkan f\u00f6r Osiris, d\u00f6dens och v\u00e4xtlighetens gud, med anor fr\u00e5n Gamla kungariket. Templet Sety I, med sin unika arkitektur och h\u00f6gkvalitativa reliefer, har en framtr\u00e4dande position i de religi\u00f6sa byggnaderna i Nya kungariket. G\u00f6r dig redo att ge dig ut p\u00e5 ett of\u00f6rgl\u00f6mligt \u00e4ventyr och upplev magin i Abydos och Sohag.<\/p>\n","protected":false},"featured_media":99434,"comment_status":"open","ping_status":"closed","template":"","meta":{"_coblocks_attr":"","_coblocks_dimensions":"","_coblocks_responsive_height":"","_coblocks_accordion_ie_support":"","_uag_custom_page_level_css":"","jetpack_publicize_message":"","jetpack_publicize_feature_enabled":true,"jetpack_social_post_already_shared":true,"jetpack_social_options":{"image_generator_settings":{"template":"highway","default_image_id":0,"font":"","enabled":false},"version":2},"_wpas_customize_per_network":false},"product_brand":[],"product_cat":[18870,18884],"product_tag":[19008,19027,18998,19001],"class_list":{"0":"post-26453","1":"product","2":"type-product","3":"status-publish","4":"has-post-thumbnail","6":"product_cat-historiska-utflykter-hurghada","7":"product_cat-individuella-utflykter-hurghada","8":"product_tag-hurghada-sv","9":"product_tag-sightseeing-sv","10":"product_tag-utflykt","11":"product_tag-utflykter-hurghada","13":"first","14":"instock","15":"sale","16":"taxable","17":"shipping-taxable","18":"purchasable","19":"product-type-variable"},"yoast_head":"<!-- This site is optimized with the Yoast SEO Premium plugin v26.9 (Yoast SEO v27.4) - https:\/\/yoast.com\/product\/yoast-seo-premium-wordpress\/ -->\n<title>Individuell resa till Abydos &amp; Sohag fr\u00e5n Hurghada<\/title>\n<meta name=\"description\" content=\"Individuell resa till Abydos &amp; Sohag fr\u00e5n Hurghada kommer du att njuta av ett bes\u00f6k i de intressanta templen i Abydos. Efter detta stopp kan du \u00e4ta lunch.\" \/>\n<meta name=\"robots\" content=\"index, follow, max-snippet:-1, max-image-preview:large, max-video-preview:-1\" \/>\n<link rel=\"canonical\" href=\"https:\/\/landioustravel.com\/sv\/shop\/individuell-resa-abydos-sohag-hurghada\/\" \/>\n<meta property=\"og:locale\" content=\"sv_SE\" \/>\n<meta property=\"og:type\" content=\"article\" \/>\n<meta property=\"og:title\" content=\"Individuell resa till Abydos &amp; Sohag fr\u00e5n Hurghada\" \/>\n<meta property=\"og:description\" content=\"Landious Travel\" \/>\n<meta property=\"og:url\" content=\"https:\/\/landioustravel.com\/sv\/shop\/individuell-resa-abydos-sohag-hurghada\/\" \/>\n<meta property=\"og:site_name\" content=\"Landious Travel\" \/>\n<meta property=\"article:publisher\" content=\"https:\/\/web.facebook.com\/landiousEgypt\" \/>\n<meta property=\"article:modified_time\" content=\"2026-04-06T17:13:35+00:00\" \/>\n<meta property=\"og:image\" content=\"https:\/\/i0.wp.com\/landioustravel.com\/wp-content\/uploads\/2022\/05\/Temple-of-Seti-I-Abydos-e1651811713381.jpg?fit=1200%2C675&ssl=1\" \/>\n\t<meta property=\"og:image:width\" content=\"1200\" \/>\n\t<meta property=\"og:image:height\" content=\"675\" \/>\n\t<meta property=\"og:image:type\" content=\"image\/jpeg\" \/>\n<meta name=\"twitter:card\" content=\"summary_large_image\" \/>\n<meta name=\"twitter:site\" content=\"@LandiousTours\" \/>\n<meta name=\"twitter:label1\" content=\"Ber\u00e4knad l\u00e4stid\" \/>\n\t<meta name=\"twitter:data1\" content=\"2 minuter\" \/>\n<script type=\"application\/ld+json\" class=\"yoast-schema-graph\">{\"@context\":\"https:\\\/\\\/schema.org\",\"@graph\":[{\"@type\":\"WebPage\",\"@id\":\"https:\\\/\\\/landioustravel.com\\\/sv\\\/shop\\\/individuell-resa-abydos-sohag-hurghada\\\/\",\"url\":\"https:\\\/\\\/landioustravel.com\\\/sv\\\/shop\\\/individuell-resa-abydos-sohag-hurghada\\\/\",\"name\":\"Individuell resa till Abydos & Sohag fr\u00e5n Hurghada\",\"isPartOf\":{\"@id\":\"https:\\\/\\\/landioustravel.com\\\/sv\\\/#website\"},\"primaryImageOfPage\":{\"@id\":\"https:\\\/\\\/landioustravel.com\\\/sv\\\/shop\\\/individuell-resa-abydos-sohag-hurghada\\\/#primaryimage\"},\"image\":{\"@id\":\"https:\\\/\\\/landioustravel.com\\\/sv\\\/shop\\\/individuell-resa-abydos-sohag-hurghada\\\/#primaryimage\"},\"thumbnailUrl\":\"https:\\\/\\\/i0.wp.com\\\/landioustravel.com\\\/wp-content\\\/uploads\\\/2022\\\/05\\\/Temple-of-Seti-I-Abydos-e1651811713381.jpg?fit=1200%2C675&ssl=1\",\"datePublished\":\"2020-12-19T03:09:54+00:00\",\"dateModified\":\"2026-04-06T17:13:35+00:00\",\"description\":\"Individuell resa till Abydos & Sohag fr\u00e5n Hurghada kommer du att njuta av ett bes\u00f6k i de intressanta templen i Abydos. Efter detta stopp kan du \u00e4ta lunch.\",\"breadcrumb\":{\"@id\":\"https:\\\/\\\/landioustravel.com\\\/sv\\\/shop\\\/individuell-resa-abydos-sohag-hurghada\\\/#breadcrumb\"},\"inLanguage\":\"sv-SE\",\"potentialAction\":[{\"@type\":\"ReadAction\",\"target\":[\"https:\\\/\\\/landioustravel.com\\\/sv\\\/shop\\\/individuell-resa-abydos-sohag-hurghada\\\/\"]}]},{\"@type\":\"ImageObject\",\"inLanguage\":\"sv-SE\",\"@id\":\"https:\\\/\\\/landioustravel.com\\\/sv\\\/shop\\\/individuell-resa-abydos-sohag-hurghada\\\/#primaryimage\",\"url\":\"https:\\\/\\\/i0.wp.com\\\/landioustravel.com\\\/wp-content\\\/uploads\\\/2022\\\/05\\\/Temple-of-Seti-I-Abydos-e1651811713381.jpg?fit=1200%2C675&ssl=1\",\"contentUrl\":\"https:\\\/\\\/i0.wp.com\\\/landioustravel.com\\\/wp-content\\\/uploads\\\/2022\\\/05\\\/Temple-of-Seti-I-Abydos-e1651811713381.jpg?fit=1200%2C675&ssl=1\",\"width\":1200,\"height\":675,\"caption\":\"Temple of Seti I at Abydos\"},{\"@type\":\"BreadcrumbList\",\"@id\":\"https:\\\/\\\/landioustravel.com\\\/sv\\\/shop\\\/individuell-resa-abydos-sohag-hurghada\\\/#breadcrumb\",\"itemListElement\":[{\"@type\":\"ListItem\",\"position\":1,\"name\":\"Home\",\"item\":\"https:\\\/\\\/landioustravel.com\\\/sv\\\/\"},{\"@type\":\"ListItem\",\"position\":2,\"name\":\"Tj\u00e4nster &#038; turer\",\"item\":\"https:\\\/\\\/landioustravel.com\\\/sv\\\/\"},{\"@type\":\"ListItem\",\"position\":3,\"name\":\"Individuell resa till Abydos &#038; Sohag fr\u00e5n Hurghada\"}]},{\"@type\":\"WebSite\",\"@id\":\"https:\\\/\\\/landioustravel.com\\\/sv\\\/#website\",\"url\":\"https:\\\/\\\/landioustravel.com\\\/sv\\\/\",\"name\":\"Landious Travel\",\"description\":\"Excursions, trips and cruises in Egypt\",\"publisher\":{\"@id\":\"https:\\\/\\\/landioustravel.com\\\/sv\\\/#organization\"},\"potentialAction\":[{\"@type\":\"SearchAction\",\"target\":{\"@type\":\"EntryPoint\",\"urlTemplate\":\"https:\\\/\\\/landioustravel.com\\\/sv\\\/?s={search_term_string}\"},\"query-input\":{\"@type\":\"PropertyValueSpecification\",\"valueRequired\":true,\"valueName\":\"search_term_string\"}}],\"inLanguage\":\"sv-SE\"},{\"@type\":[\"Organization\",\"Place\"],\"@id\":\"https:\\\/\\\/landioustravel.com\\\/sv\\\/#organization\",\"name\":\"Landious Travel\",\"alternateName\":\"Landious Travel\",\"url\":\"https:\\\/\\\/landioustravel.com\\\/sv\\\/\",\"logo\":{\"@id\":\"https:\\\/\\\/landioustravel.com\\\/sv\\\/shop\\\/individuell-resa-abydos-sohag-hurghada\\\/#local-main-organization-logo\"},\"image\":{\"@id\":\"https:\\\/\\\/landioustravel.com\\\/sv\\\/shop\\\/individuell-resa-abydos-sohag-hurghada\\\/#local-main-organization-logo\"},\"sameAs\":[\"https:\\\/\\\/web.facebook.com\\\/landiousEgypt\",\"https:\\\/\\\/x.com\\\/LandiousTours\",\"https:\\\/\\\/mastodon.social\\\/@landious\"],\"legalName\":\"Landious Travel\",\"telephone\":[],\"openingHoursSpecification\":[{\"@type\":\"OpeningHoursSpecification\",\"dayOfWeek\":[\"Monday\",\"Tuesday\",\"Wednesday\",\"Thursday\",\"Friday\",\"Saturday\",\"Sunday\"],\"opens\":\"09:00\",\"closes\":\"17:00\"}]},{\"@type\":\"ImageObject\",\"inLanguage\":\"sv-SE\",\"@id\":\"https:\\\/\\\/landioustravel.com\\\/sv\\\/shop\\\/individuell-resa-abydos-sohag-hurghada\\\/#local-main-organization-logo\",\"url\":\"https:\\\/\\\/i0.wp.com\\\/landioustravel.com\\\/wp-content\\\/uploads\\\/2021\\\/06\\\/Landious-T.png?fit=500%2C500&ssl=1\",\"contentUrl\":\"https:\\\/\\\/i0.wp.com\\\/landioustravel.com\\\/wp-content\\\/uploads\\\/2021\\\/06\\\/Landious-T.png?fit=500%2C500&ssl=1\",\"width\":500,\"height\":500,\"caption\":\"Landious Travel\"}]}<\/script>\n<!-- \/ Yoast SEO Premium plugin. -->","yoast_head_json":{"title":"Individuell resa till Abydos & Sohag fr\u00e5n Hurghada","description":"Individuell resa till Abydos & Sohag fr\u00e5n Hurghada kommer du att njuta av ett bes\u00f6k i de intressanta templen i Abydos. Efter detta stopp kan du \u00e4ta lunch.","robots":{"index":"index","follow":"follow","max-snippet":"max-snippet:-1","max-image-preview":"max-image-preview:large","max-video-preview":"max-video-preview:-1"},"canonical":"https:\/\/landioustravel.com\/sv\/shop\/individuell-resa-abydos-sohag-hurghada\/","og_locale":"sv_SE","og_type":"article","og_title":"Individuell resa till Abydos & Sohag fr\u00e5n Hurghada","og_description":"Landious Travel","og_url":"https:\/\/landioustravel.com\/sv\/shop\/individuell-resa-abydos-sohag-hurghada\/","og_site_name":"Landious Travel","article_publisher":"https:\/\/web.facebook.com\/landiousEgypt","article_modified_time":"2026-04-06T17:13:35+00:00","og_image":[{"width":1200,"height":675,"url":"https:\/\/i0.wp.com\/landioustravel.com\/wp-content\/uploads\/2022\/05\/Temple-of-Seti-I-Abydos-e1651811713381.jpg?fit=1200%2C675&ssl=1","type":"image\/jpeg"}],"twitter_card":"summary_large_image","twitter_site":"@LandiousTours","twitter_misc":{"Ber\u00e4knad l\u00e4stid":"2 minuter"},"schema":{"@context":"https:\/\/schema.org","@graph":[{"@type":"WebPage","@id":"https:\/\/landioustravel.com\/sv\/shop\/individuell-resa-abydos-sohag-hurghada\/","url":"https:\/\/landioustravel.com\/sv\/shop\/individuell-resa-abydos-sohag-hurghada\/","name":"Individuell resa till Abydos & Sohag fr\u00e5n Hurghada","isPartOf":{"@id":"https:\/\/landioustravel.com\/sv\/#website"},"primaryImageOfPage":{"@id":"https:\/\/landioustravel.com\/sv\/shop\/individuell-resa-abydos-sohag-hurghada\/#primaryimage"},"image":{"@id":"https:\/\/landioustravel.com\/sv\/shop\/individuell-resa-abydos-sohag-hurghada\/#primaryimage"},"thumbnailUrl":"https:\/\/i0.wp.com\/landioustravel.com\/wp-content\/uploads\/2022\/05\/Temple-of-Seti-I-Abydos-e1651811713381.jpg?fit=1200%2C675&ssl=1","datePublished":"2020-12-19T03:09:54+00:00","dateModified":"2026-04-06T17:13:35+00:00","description":"Individuell resa till Abydos & Sohag fr\u00e5n Hurghada kommer du att njuta av ett bes\u00f6k i de intressanta templen i Abydos. Efter detta stopp kan du \u00e4ta lunch.","breadcrumb":{"@id":"https:\/\/landioustravel.com\/sv\/shop\/individuell-resa-abydos-sohag-hurghada\/#breadcrumb"},"inLanguage":"sv-SE","potentialAction":[{"@type":"ReadAction","target":["https:\/\/landioustravel.com\/sv\/shop\/individuell-resa-abydos-sohag-hurghada\/"]}]},{"@type":"ImageObject","inLanguage":"sv-SE","@id":"https:\/\/landioustravel.com\/sv\/shop\/individuell-resa-abydos-sohag-hurghada\/#primaryimage","url":"https:\/\/i0.wp.com\/landioustravel.com\/wp-content\/uploads\/2022\/05\/Temple-of-Seti-I-Abydos-e1651811713381.jpg?fit=1200%2C675&ssl=1","contentUrl":"https:\/\/i0.wp.com\/landioustravel.com\/wp-content\/uploads\/2022\/05\/Temple-of-Seti-I-Abydos-e1651811713381.jpg?fit=1200%2C675&ssl=1","width":1200,"height":675,"caption":"Temple of Seti I at Abydos"},{"@type":"BreadcrumbList","@id":"https:\/\/landioustravel.com\/sv\/shop\/individuell-resa-abydos-sohag-hurghada\/#breadcrumb","itemListElement":[{"@type":"ListItem","position":1,"name":"Home","item":"https:\/\/landioustravel.com\/sv\/"},{"@type":"ListItem","position":2,"name":"Tj\u00e4nster &#038; turer","item":"https:\/\/landioustravel.com\/sv\/"},{"@type":"ListItem","position":3,"name":"Individuell resa till Abydos &#038; Sohag fr\u00e5n Hurghada"}]},{"@type":"WebSite","@id":"https:\/\/landioustravel.com\/sv\/#website","url":"https:\/\/landioustravel.com\/sv\/","name":"Landious Travel","description":"Excursions, trips and cruises in Egypt","publisher":{"@id":"https:\/\/landioustravel.com\/sv\/#organization"},"potentialAction":[{"@type":"SearchAction","target":{"@type":"EntryPoint","urlTemplate":"https:\/\/landioustravel.com\/sv\/?s={search_term_string}"},"query-input":{"@type":"PropertyValueSpecification","valueRequired":true,"valueName":"search_term_string"}}],"inLanguage":"sv-SE"},{"@type":["Organization","Place"],"@id":"https:\/\/landioustravel.com\/sv\/#organization","name":"Landious Travel","alternateName":"Landious Travel","url":"https:\/\/landioustravel.com\/sv\/","logo":{"@id":"https:\/\/landioustravel.com\/sv\/shop\/individuell-resa-abydos-sohag-hurghada\/#local-main-organization-logo"},"image":{"@id":"https:\/\/landioustravel.com\/sv\/shop\/individuell-resa-abydos-sohag-hurghada\/#local-main-organization-logo"},"sameAs":["https:\/\/web.facebook.com\/landiousEgypt","https:\/\/x.com\/LandiousTours","https:\/\/mastodon.social\/@landious"],"legalName":"Landious Travel","telephone":[],"openingHoursSpecification":[{"@type":"OpeningHoursSpecification","dayOfWeek":["Monday","Tuesday","Wednesday","Thursday","Friday","Saturday","Sunday"],"opens":"09:00","closes":"17:00"}]},{"@type":"ImageObject","inLanguage":"sv-SE","@id":"https:\/\/landioustravel.com\/sv\/shop\/individuell-resa-abydos-sohag-hurghada\/#local-main-organization-logo","url":"https:\/\/i0.wp.com\/landioustravel.com\/wp-content\/uploads\/2021\/06\/Landious-T.png?fit=500%2C500&ssl=1","contentUrl":"https:\/\/i0.wp.com\/landioustravel.com\/wp-content\/uploads\/2021\/06\/Landious-T.png?fit=500%2C500&ssl=1","width":500,"height":500,"caption":"Landious Travel"}]}},"jetpack_publicize_connections":[],"uagb_featured_image_src":{"full":["https:\/\/i0.wp.com\/landioustravel.com\/wp-content\/uploads\/2022\/05\/Temple-of-Seti-I-Abydos-e1651811713381.jpg?fit=1200%2C675&ssl=1",1200,675,false],"thumbnail":["https:\/\/i0.wp.com\/landioustravel.com\/wp-content\/uploads\/2022\/05\/Temple-of-Seti-I-Abydos-e1651811713381.jpg?resize=150%2C150&ssl=1",150,150,true],"medium":["https:\/\/i0.wp.com\/landioustravel.com\/wp-content\/uploads\/2022\/05\/Temple-of-Seti-I-Abydos-e1651811713381.jpg?fit=300%2C169&ssl=1",300,169,true],"medium_large":["https:\/\/i0.wp.com\/landioustravel.com\/wp-content\/uploads\/2022\/05\/Temple-of-Seti-I-Abydos-e1651811713381.jpg?fit=768%2C432&ssl=1",768,432,true],"large":["https:\/\/i0.wp.com\/landioustravel.com\/wp-content\/uploads\/2022\/05\/Temple-of-Seti-I-Abydos-e1651811713381.jpg?fit=980%2C551&ssl=1",980,551,true],"1536x1536":["https:\/\/i0.wp.com\/landioustravel.com\/wp-content\/uploads\/2022\/05\/Temple-of-Seti-I-Abydos-e1651811713381.jpg?fit=1200%2C675&ssl=1",1200,675,true],"2048x2048":["https:\/\/i0.wp.com\/landioustravel.com\/wp-content\/uploads\/2022\/05\/Temple-of-Seti-I-Abydos-e1651811713381.jpg?fit=1200%2C675&ssl=1",1200,675,true],"newspack-article-block-landscape-large":["https:\/\/i0.wp.com\/landioustravel.com\/wp-content\/uploads\/2022\/05\/Temple-of-Seti-I-Abydos-e1651811713381.jpg?resize=1200%2C675&ssl=1",1200,675,true],"newspack-article-block-portrait-large":["https:\/\/i0.wp.com\/landioustravel.com\/wp-content\/uploads\/2022\/05\/Temple-of-Seti-I-Abydos-e1651811713381.jpg?resize=900%2C675&ssl=1",900,675,true],"newspack-article-block-square-large":["https:\/\/i0.wp.com\/landioustravel.com\/wp-content\/uploads\/2022\/05\/Temple-of-Seti-I-Abydos-e1651811713381.jpg?resize=1200%2C675&ssl=1",1200,675,true],"newspack-article-block-landscape-medium":["https:\/\/i0.wp.com\/landioustravel.com\/wp-content\/uploads\/2022\/05\/Temple-of-Seti-I-Abydos-e1651811713381.jpg?resize=800%2C600&ssl=1",800,600,true],"newspack-article-block-portrait-medium":["https:\/\/i0.wp.com\/landioustravel.com\/wp-content\/uploads\/2022\/05\/Temple-of-Seti-I-Abydos-e1651811713381.jpg?resize=600%2C675&ssl=1",600,675,true],"newspack-article-block-square-medium":["https:\/\/i0.wp.com\/landioustravel.com\/wp-content\/uploads\/2022\/05\/Temple-of-Seti-I-Abydos-e1651811713381.jpg?resize=800%2C675&ssl=1",800,675,true],"newspack-article-block-landscape-intermediate":["https:\/\/i0.wp.com\/landioustravel.com\/wp-content\/uploads\/2022\/05\/Temple-of-Seti-I-Abydos-e1651811713381.jpg?resize=600%2C450&ssl=1",600,450,true],"newspack-article-block-portrait-intermediate":["https:\/\/i0.wp.com\/landioustravel.com\/wp-content\/uploads\/2022\/05\/Temple-of-Seti-I-Abydos-e1651811713381.jpg?resize=450%2C600&ssl=1",450,600,true],"newspack-article-block-square-intermediate":["https:\/\/i0.wp.com\/landioustravel.com\/wp-content\/uploads\/2022\/05\/Temple-of-Seti-I-Abydos-e1651811713381.jpg?resize=600%2C600&ssl=1",600,600,true],"newspack-article-block-landscape-small":["https:\/\/i0.wp.com\/landioustravel.com\/wp-content\/uploads\/2022\/05\/Temple-of-Seti-I-Abydos-e1651811713381.jpg?resize=400%2C300&ssl=1",400,300,true],"newspack-article-block-portrait-small":["https:\/\/i0.wp.com\/landioustravel.com\/wp-content\/uploads\/2022\/05\/Temple-of-Seti-I-Abydos-e1651811713381.jpg?resize=300%2C400&ssl=1",300,400,true],"newspack-article-block-square-small":["https:\/\/i0.wp.com\/landioustravel.com\/wp-content\/uploads\/2022\/05\/Temple-of-Seti-I-Abydos-e1651811713381.jpg?resize=400%2C400&ssl=1",400,400,true],"newspack-article-block-landscape-tiny":["https:\/\/i0.wp.com\/landioustravel.com\/wp-content\/uploads\/2022\/05\/Temple-of-Seti-I-Abydos-e1651811713381.jpg?resize=200%2C150&ssl=1",200,150,true],"newspack-article-block-portrait-tiny":["https:\/\/i0.wp.com\/landioustravel.com\/wp-content\/uploads\/2022\/05\/Temple-of-Seti-I-Abydos-e1651811713381.jpg?resize=150%2C200&ssl=1",150,200,true],"newspack-article-block-square-tiny":["https:\/\/i0.wp.com\/landioustravel.com\/wp-content\/uploads\/2022\/05\/Temple-of-Seti-I-Abydos-e1651811713381.jpg?resize=200%2C200&ssl=1",200,200,true],"newspack-article-block-uncropped":["https:\/\/i0.wp.com\/landioustravel.com\/wp-content\/uploads\/2022\/05\/Temple-of-Seti-I-Abydos-e1651811713381.jpg?fit=1200%2C675&ssl=1",1200,675,true],"woocommerce_thumbnail":["https:\/\/i0.wp.com\/landioustravel.com\/wp-content\/uploads\/2022\/05\/Temple-of-Seti-I-Abydos-e1651811713381.jpg?resize=324%2C324&ssl=1",324,324,true],"woocommerce_single":["https:\/\/i0.wp.com\/landioustravel.com\/wp-content\/uploads\/2022\/05\/Temple-of-Seti-I-Abydos-e1651811713381.jpg?fit=416%2C234&ssl=1",416,234,true],"woocommerce_gallery_thumbnail":["https:\/\/i0.wp.com\/landioustravel.com\/wp-content\/uploads\/2022\/05\/Temple-of-Seti-I-Abydos-e1651811713381.jpg?resize=100%2C100&ssl=1",100,100,true]},"uagb_author_info":{"display_name":"Mofreh Landious","author_link":"https:\/\/landioustravel.com\/sv\/author\/"},"uagb_comment_info":4,"uagb_excerpt":"Upplev underverken i Abydos och Sohag p\u00e5 en of\u00f6rgl\u00f6mlig resa som avg\u00e5r fr\u00e5n Hurghada. Under detta \u00e4ventyr kommer du att bes\u00f6ka de fascinerande templen i Abydos och njuta av en uts\u00f6kt lunch. Efter\u00e5t reser du till Sohag f\u00f6r att utforska R\u00f6da klostret och Vita klostret. Alla dessa otroliga sev\u00e4rdheter ing\u00e5r i priset, tillsammans med transfer,&hellip;","jetpack_sharing_enabled":true,"jetpack_likes_enabled":true,"amp_enabled":true,"_links":{"self":[{"href":"https:\/\/landioustravel.com\/sv\/wp-json\/wp\/v2\/product\/26453","targetHints":{"allow":["GET"]}}],"collection":[{"href":"https:\/\/landioustravel.com\/sv\/wp-json\/wp\/v2\/product"}],"about":[{"href":"https:\/\/landioustravel.com\/sv\/wp-json\/wp\/v2\/types\/product"}],"replies":[{"embeddable":true,"href":"https:\/\/landioustravel.com\/sv\/wp-json\/wp\/v2\/comments?post=26453"}],"wp:featuredmedia":[{"embeddable":true,"href":"https:\/\/landioustravel.com\/sv\/wp-json\/wp\/v2\/media\/99434"}],"wp:attachment":[{"href":"https:\/\/landioustravel.com\/sv\/wp-json\/wp\/v2\/media?parent=26453"}],"wp:term":[{"taxonomy":"product_brand","embeddable":true,"href":"https:\/\/landioustravel.com\/sv\/wp-json\/wp\/v2\/product_brand?post=26453"},{"taxonomy":"product_cat","embeddable":true,"href":"https:\/\/landioustravel.com\/sv\/wp-json\/wp\/v2\/product_cat?post=26453"},{"taxonomy":"product_tag","embeddable":true,"href":"https:\/\/landioustravel.com\/sv\/wp-json\/wp\/v2\/product_tag?post=26453"}],"curies":[{"name":"wp","href":"https:\/\/api.w.org\/{rel}","templated":true}]}}