{"id":26487,"date":"2019-04-06T21:29:39","date_gmt":"2020-12-20T02:46:38","guid":{"rendered":"https:\/\/landioustravel.com\/?post_type=product&#038;p=26487"},"modified":"2024-09-25T20:15:11","modified_gmt":"2024-09-25T17:15:11","slug":"overnattning-hurghada-gamla-kairo","status":"publish","type":"product","link":"https:\/\/landioustravel.com\/sv\/shop\/overnattning-hurghada-gamla-kairo\/","title":{"rendered":"\u00d6vernattning till Kairo fr\u00e5n Hurghada &#8211; Gamla Kairo"},"content":{"rendered":"<p>Det \u00e4r en underbar tv\u00e5 dagars resa till Kairo fr\u00e5n orten Hurghada, Egypten! Vi rekommenderar utflykten p\u00e5 grund av det faktum att det till\u00e5ter turister att se de mest imponerande sev\u00e4rdheterna som byggdes under det antika Egypten och den gamla delen av Kairo. Det l\u00e5ter dig l\u00e4ra dig mycket om landets historia!<\/p>\n<h2>Huvudpunkterna f\u00f6r utflyktsprogrammet i Kairo<\/h2>\n<ul>\n<li>Bes\u00f6k p\u00e5 egyptiska museet i Kairo<\/li>\n<li>Lunch<\/li>\n<li>Bes\u00f6ker de tre pyramiderna i Giza<\/li>\n<li>Och den stora sfinxen i pyramidkomplexet<\/li>\n<li>En natt p\u00e5 hotell<\/li>\n<li>Bes\u00f6ker det gamla Kairo-distriktet med ett stopp vid Khan El-Khalili<\/li>\n<li>Och; ocks\u00e5 citadellet Saladin<\/li>\n<\/ul>\n<h3>Program f\u00f6r utflykten till Kairo-Giza fr\u00e5n Hurghada<\/h3>\n<ul>\n<li>Landious Travel representant h\u00e4mtar dig fr\u00e5n hotellet runt 02:00<\/li>\n<li>Efter att ha h\u00e4mtat dig, avg\u00e5r ditt privata fordon (Limousine eller minibuss) till Kairo och passerar staden Ras Ghareb, Zafarana, Ain Sokhna och Suez. Alla dessa st\u00e4der ligger norr om Hurghada, vid R\u00f6da havets kust. V\u00e4gen, fr\u00e5n centrum av Hurghada till Kairo, tar cirka 6 timmar<\/li>\n<\/ul>\n<h4>Program i Kairo<\/h4>\n<ul>\n<li>S\u00e5 snart du anl\u00e4nder till Kairo visar vi Egyptiska museet. Det finns cirka 100 utst\u00e4llningshallar i museet, d\u00e4r det finns en unik samling best\u00e5ende av cirka 150 tusen f\u00f6rem\u00e5l. Din guide har en uppgift att visa de underbara utst\u00e4llningarna p\u00e5 detta museum och ge ledig tid att ta bilder<\/li>\n<li>Efter att ha bes\u00f6kt Egyptiska museet i Kairo kan du v\u00e4lja att g\u00f6ra en b\u00e5ttur p\u00e5 Nilen. Detta \u00e4r ett extra program mot extra kostnad! S\u00e5 snart b\u00e5tturen p\u00e5 Nilen slutar, \u00e4r du p\u00e5 v\u00e4g till en annan stad _ Giza<\/li>\n<\/ul>\n<h4>Program i Giza<\/h4>\n<ul>\n<li>Resan forts\u00e4tter i Giza. Det f\u00f6rsta stoppet d\u00e4r kommer att vara p\u00e5 restaurangen. Den erbjuder en buff\u00e9<\/li>\n<li>Efter lunch g\u00e5r du till pyramidkomplexet, d\u00e4r det finns stora tre pyramider och sfinx. Din guide visar dem och ger ledig tid f\u00f6r att ta en bild<\/li>\n<li>N\u00e4sta stopp \u00e4r p\u00e5 ditt hotell i Kairo. D\u00e4r kan du checka in och \u00f6vernatta<\/li>\n<\/ul>\n<h4>Program i gamla Kairo<\/h4>\n<ul>\n<li>Det f\u00f6rsta stoppet p\u00e5 den andra dagen \u00e4r vid Citadellet i Saladin. I denna stora citadell kan du bes\u00f6ka den ber\u00f6mda mosk\u00e9n &#8221;Mohamed Ali-mosk\u00e9n&#8221; och se bef\u00e4stningarna p\u00e5 denna plats. Samtidigt kan du, genom att lokalisera i denna citadell, f\u00e5 en panoramautsikt \u00f6ver hela den gamla delen av staden.<\/li>\n<li>Det andra stoppet kommer att vara i distriktet Khan El-Khalili<\/li>\n<li>Du avg\u00e5r tillbaka till Hurghada efter ett s\u00e5dant program i de underbara st\u00e4derna Kairo och Giza.<\/li>\n<li>Denna &#8221;\u00d6vernattning till Kairo fr\u00e5n Hurghada &#8211; Gamla Kairo&#8221; anl\u00e4nder tillbaka till Hurghada ungef\u00e4r 22:00 n\u00e4sta dag<\/li>\n<\/ul>\n<h4>Vad ing\u00e5r i turn\u00e9priset<\/h4>\n<ul>\n<li>Biljetter till bes\u00f6kande tempel<\/li>\n<li>Lunch<\/li>\n<li>Drycker<\/li>\n<li>Guide<\/li>\n<li>Hotellvistelse i Kairo<\/li>\n<li>\u00d6verf\u00f6r ocks\u00e5 till Kairo och tillbaka till Hurghada<\/li>\n<\/ul>\n<h5>Vad ing\u00e5r inte i priset f\u00f6r turn\u00e9n<\/h5>\n<ul>\n<li>Ytterligare program om de inte ing\u00e5r i ovanst\u00e5ende program<\/li>\n<li>Ocks\u00e5, drycker<\/li>\n<\/ul>\n<h6>Vad du ska ta med dig f\u00f6r resan<\/h6>\n<ul>\n<li>Pass<\/li>\n<li>Frukostl\u00e5da<\/li>\n<li>Ocks\u00e5 kl\u00e4der f\u00f6r s\u00e4songen<\/li>\n<\/ul>\n<h6>Dagar med utflyktsorganisation<\/h6>\n<ul>\n<li>M\u00e5ndag fr\u00e5n 02: 00-22: 00 n\u00e4sta dag<\/li>\n<li>Tisdag fr\u00e5n 02: 00-22: 00 n\u00e4sta dag<\/li>\n<li>Onsdag fr\u00e5n 02: 00-22: 00 n\u00e4sta dag<\/li>\n<li>L\u00f6rdag fr\u00e5n 02: 00-22: 00 n\u00e4sta dag<\/li>\n<li>S\u00f6ndag ocks\u00e5 fr\u00e5n 02: 00-22: 00 n\u00e4sta dag<\/li>\n<\/ul>\n","protected":false},"excerpt":{"rendered":"<p>Letar du efter en minnesv\u00e4rd resa fr\u00e5n Hurghada f\u00f6r att utforska Kairos underverk? Vi f\u00f6rst\u00e5r att resor kan vara \u00f6verv\u00e4ldigande, men vi \u00e4r h\u00e4r f\u00f6r att hj\u00e4lpa till att g\u00f6ra din resa smidig och njutbar. V\u00e5r tv\u00e5dagarsresa tar dig till de ber\u00f6mda pyramiderna i Giza och den stora sfinxen, d\u00e4r du kan uppt\u00e4cka Egyptens rika historia. Efter en uts\u00f6kt lunch har du chansen att bes\u00f6ka det egyptiska museet och f\u00f6rundras \u00f6ver dess imponerande samling av \u00f6ver 250 000 \u00e4kta artefakter.<\/p>\n<p>P\u00e5 den andra dagen tar din privata reseguide dig att utforska det charmiga gamla Kairo. Du kommer att f\u00e5 se Citadel of Saladin och Khan El-Khalili Bazaar, d\u00e4r du kan shoppa souvenirer och f\u00f6rdjupa dig i den lokala kulturen. Resans pris inkluderar transfer, boende och entr\u00e9biljetter, s\u00e5 du beh\u00f6ver inte oroa dig f\u00f6r n\u00e5gonting.<\/p>\n<p>Vi f\u00f6rst\u00e5r att det kan vara tr\u00f6ttsamt att resa, och det \u00e4r d\u00e4rf\u00f6r vi har ordnat med ett bekv\u00e4mt privat fordon med luftkonditionering som tar dig fr\u00e5n ditt hotell i Hurghada till Kairo och tillbaka. V\u00e5rt medk\u00e4nnande och sympatiska team kommer att finnas d\u00e4r f\u00f6r att hj\u00e4lpa dig under hela resan och se till att du f\u00e5r en s\u00e4ker och trevlig upplevelse. Boka din resa med oss idag och skapa of\u00f6rgl\u00f6mliga minnen i Egypten!<\/p>\n","protected":false},"featured_media":46334,"comment_status":"open","ping_status":"closed","template":"","meta":{"_coblocks_attr":"","_coblocks_dimensions":"","_coblocks_responsive_height":"","_coblocks_accordion_ie_support":"","_uag_custom_page_level_css":"","jetpack_publicize_message":"","jetpack_publicize_feature_enabled":true,"jetpack_social_post_already_shared":true,"jetpack_social_options":{"image_generator_settings":{"template":"highway","default_image_id":0,"font":"","enabled":false},"version":2},"_wpas_customize_per_network":false},"product_brand":[],"product_cat":[18870,18869],"product_tag":[18974,19015,19027,19030,18998,19001],"class_list":{"0":"post-26487","1":"product","2":"type-product","3":"status-publish","4":"has-post-thumbnail","6":"product_cat-historiska-utflykter-hurghada","7":"product_cat-hurghada-utflykter","8":"product_tag-kairo-sv","9":"product_tag-pyramider","10":"product_tag-sightseeing-sv","11":"product_tag-sphinx-sv","12":"product_tag-utflykt","13":"product_tag-utflykter-hurghada","14":"pa_age-barn-1-4-ar","15":"pa_age-barn-5-11-ar","16":"pa_age-vuxen","18":"first","19":"instock","20":"sale","21":"purchasable","22":"product-type-variable"},"yoast_head":"<!-- This site is optimized with the Yoast SEO Premium plugin v27.5 (Yoast SEO v27.5) - https:\/\/yoast.com\/product\/yoast-seo-premium-wordpress\/ -->\n<title>\u00d6vernattning till Kairo fr\u00e5n Hurghada - Gamla Kairo<\/title>\n<meta name=\"description\" content=\"\u00d6vernattning till Kairo fr\u00e5n Hurghada - Gamla Kairo med buss bes\u00f6ker du de tre pyramiderna i Giza och den stora sfinxen. Efter lunch bes\u00f6ker du Egyptiska\" \/>\n<meta name=\"robots\" content=\"index, follow, max-snippet:-1, max-image-preview:large, max-video-preview:-1\" \/>\n<link rel=\"canonical\" href=\"https:\/\/landioustravel.com\/sv\/shop\/overnattning-hurghada-gamla-kairo\/\" \/>\n<meta property=\"og:locale\" content=\"sv_SE\" \/>\n<meta property=\"og:type\" content=\"article\" \/>\n<meta property=\"og:title\" content=\"\u00d6vernattning till Kairo fr\u00e5n Hurghada - Gamla Kairo\" \/>\n<meta property=\"og:description\" content=\"Landious Travel\" \/>\n<meta property=\"og:url\" content=\"https:\/\/landioustravel.com\/sv\/shop\/overnattning-hurghada-gamla-kairo\/\" \/>\n<meta property=\"og:site_name\" content=\"Landious Travel\" \/>\n<meta property=\"article:publisher\" content=\"https:\/\/web.facebook.com\/landiousEgypt\" \/>\n<meta property=\"article:modified_time\" content=\"2024-09-25T17:15:11+00:00\" \/>\n<meta property=\"og:image\" content=\"https:\/\/i0.wp.com\/landioustravel.com\/wp-content\/uploads\/2019\/04\/Cairo-Overnight-Trip-Hurghada-e1617672888586.jpg?fit=1200%2C675&ssl=1\" \/>\n\t<meta property=\"og:image:width\" content=\"1200\" \/>\n\t<meta property=\"og:image:height\" content=\"675\" \/>\n\t<meta property=\"og:image:type\" content=\"image\/jpeg\" \/>\n<meta name=\"twitter:card\" content=\"summary_large_image\" \/>\n<meta name=\"twitter:site\" content=\"@LandiousTours\" \/>\n<meta name=\"twitter:label1\" content=\"Ber\u00e4knad l\u00e4stid\" \/>\n\t<meta name=\"twitter:data1\" content=\"3 minuter\" \/>\n<script type=\"application\/ld+json\" class=\"yoast-schema-graph\">{\"@context\":\"https:\\\/\\\/schema.org\",\"@graph\":[{\"@type\":\"WebPage\",\"@id\":\"https:\\\/\\\/landioustravel.com\\\/sv\\\/shop\\\/overnattning-hurghada-gamla-kairo\\\/\",\"url\":\"https:\\\/\\\/landioustravel.com\\\/sv\\\/shop\\\/overnattning-hurghada-gamla-kairo\\\/\",\"name\":\"\u00d6vernattning till Kairo fr\u00e5n Hurghada - Gamla Kairo\",\"isPartOf\":{\"@id\":\"https:\\\/\\\/landioustravel.com\\\/sv\\\/#website\"},\"primaryImageOfPage\":{\"@id\":\"https:\\\/\\\/landioustravel.com\\\/sv\\\/shop\\\/overnattning-hurghada-gamla-kairo\\\/#primaryimage\"},\"image\":{\"@id\":\"https:\\\/\\\/landioustravel.com\\\/sv\\\/shop\\\/overnattning-hurghada-gamla-kairo\\\/#primaryimage\"},\"thumbnailUrl\":\"https:\\\/\\\/i0.wp.com\\\/landioustravel.com\\\/wp-content\\\/uploads\\\/2019\\\/04\\\/Cairo-Overnight-Trip-Hurghada-e1617672888586.jpg?fit=1200%2C675&ssl=1\",\"datePublished\":\"2020-12-20T02:46:38+00:00\",\"dateModified\":\"2024-09-25T17:15:11+00:00\",\"description\":\"\u00d6vernattning till Kairo fr\u00e5n Hurghada - Gamla Kairo med buss bes\u00f6ker du de tre pyramiderna i Giza och den stora sfinxen. Efter lunch bes\u00f6ker du Egyptiska\",\"breadcrumb\":{\"@id\":\"https:\\\/\\\/landioustravel.com\\\/sv\\\/shop\\\/overnattning-hurghada-gamla-kairo\\\/#breadcrumb\"},\"inLanguage\":\"sv-SE\",\"potentialAction\":[{\"@type\":\"ReadAction\",\"target\":[\"https:\\\/\\\/landioustravel.com\\\/sv\\\/shop\\\/overnattning-hurghada-gamla-kairo\\\/\"]}]},{\"@type\":\"ImageObject\",\"inLanguage\":\"sv-SE\",\"@id\":\"https:\\\/\\\/landioustravel.com\\\/sv\\\/shop\\\/overnattning-hurghada-gamla-kairo\\\/#primaryimage\",\"url\":\"https:\\\/\\\/i0.wp.com\\\/landioustravel.com\\\/wp-content\\\/uploads\\\/2019\\\/04\\\/Cairo-Overnight-Trip-Hurghada-e1617672888586.jpg?fit=1200%2C675&ssl=1\",\"contentUrl\":\"https:\\\/\\\/i0.wp.com\\\/landioustravel.com\\\/wp-content\\\/uploads\\\/2019\\\/04\\\/Cairo-Overnight-Trip-Hurghada-e1617672888586.jpg?fit=1200%2C675&ssl=1\",\"width\":1200,\"height\":675,\"caption\":\"Cairo Overnight Trip Hurghada\"},{\"@type\":\"BreadcrumbList\",\"@id\":\"https:\\\/\\\/landioustravel.com\\\/sv\\\/shop\\\/overnattning-hurghada-gamla-kairo\\\/#breadcrumb\",\"itemListElement\":[{\"@type\":\"ListItem\",\"position\":1,\"name\":\"Home\",\"item\":\"https:\\\/\\\/landioustravel.com\\\/sv\\\/\"},{\"@type\":\"ListItem\",\"position\":2,\"name\":\"Tj\u00e4nster &#038; turer\",\"item\":\"https:\\\/\\\/landioustravel.com\\\/sv\\\/\"},{\"@type\":\"ListItem\",\"position\":3,\"name\":\"\u00d6vernattning till Kairo fr\u00e5n Hurghada &#8211; Gamla Kairo\"}]},{\"@type\":\"WebSite\",\"@id\":\"https:\\\/\\\/landioustravel.com\\\/sv\\\/#website\",\"url\":\"https:\\\/\\\/landioustravel.com\\\/sv\\\/\",\"name\":\"Landious Travel\",\"description\":\"Excursions, trips and cruises in Egypt\",\"publisher\":{\"@id\":\"https:\\\/\\\/landioustravel.com\\\/sv\\\/#organization\"},\"potentialAction\":[{\"@type\":\"SearchAction\",\"target\":{\"@type\":\"EntryPoint\",\"urlTemplate\":\"https:\\\/\\\/landioustravel.com\\\/sv\\\/?s={search_term_string}\"},\"query-input\":{\"@type\":\"PropertyValueSpecification\",\"valueRequired\":true,\"valueName\":\"search_term_string\"}}],\"inLanguage\":\"sv-SE\"},{\"@type\":[\"Organization\",\"Place\"],\"@id\":\"https:\\\/\\\/landioustravel.com\\\/sv\\\/#organization\",\"name\":\"Landious Travel\",\"alternateName\":\"Landious Travel\",\"url\":\"https:\\\/\\\/landioustravel.com\\\/sv\\\/\",\"logo\":{\"@id\":\"https:\\\/\\\/landioustravel.com\\\/sv\\\/shop\\\/overnattning-hurghada-gamla-kairo\\\/#local-main-organization-logo\"},\"image\":{\"@id\":\"https:\\\/\\\/landioustravel.com\\\/sv\\\/shop\\\/overnattning-hurghada-gamla-kairo\\\/#local-main-organization-logo\"},\"sameAs\":[\"https:\\\/\\\/web.facebook.com\\\/landiousEgypt\",\"https:\\\/\\\/x.com\\\/LandiousTours\",\"https:\\\/\\\/mastodon.social\\\/@landious\"],\"legalName\":\"Landious Travel\",\"telephone\":[],\"openingHoursSpecification\":[{\"@type\":\"OpeningHoursSpecification\",\"dayOfWeek\":[\"Monday\",\"Tuesday\",\"Wednesday\",\"Thursday\",\"Friday\",\"Saturday\",\"Sunday\"],\"opens\":\"09:00\",\"closes\":\"17:00\"}]},{\"@type\":\"ImageObject\",\"inLanguage\":\"sv-SE\",\"@id\":\"https:\\\/\\\/landioustravel.com\\\/sv\\\/shop\\\/overnattning-hurghada-gamla-kairo\\\/#local-main-organization-logo\",\"url\":\"https:\\\/\\\/i0.wp.com\\\/landioustravel.com\\\/wp-content\\\/uploads\\\/2021\\\/06\\\/Landious-T.png?fit=500%2C500&ssl=1\",\"contentUrl\":\"https:\\\/\\\/i0.wp.com\\\/landioustravel.com\\\/wp-content\\\/uploads\\\/2021\\\/06\\\/Landious-T.png?fit=500%2C500&ssl=1\",\"width\":500,\"height\":500,\"caption\":\"Landious Travel\"}]}<\/script>\n<!-- \/ Yoast SEO Premium plugin. -->","yoast_head_json":{"title":"\u00d6vernattning till Kairo fr\u00e5n Hurghada - Gamla Kairo","description":"\u00d6vernattning till Kairo fr\u00e5n Hurghada - Gamla Kairo med buss bes\u00f6ker du de tre pyramiderna i Giza och den stora sfinxen. Efter lunch bes\u00f6ker du Egyptiska","robots":{"index":"index","follow":"follow","max-snippet":"max-snippet:-1","max-image-preview":"max-image-preview:large","max-video-preview":"max-video-preview:-1"},"canonical":"https:\/\/landioustravel.com\/sv\/shop\/overnattning-hurghada-gamla-kairo\/","og_locale":"sv_SE","og_type":"article","og_title":"\u00d6vernattning till Kairo fr\u00e5n Hurghada - Gamla Kairo","og_description":"Landious Travel","og_url":"https:\/\/landioustravel.com\/sv\/shop\/overnattning-hurghada-gamla-kairo\/","og_site_name":"Landious Travel","article_publisher":"https:\/\/web.facebook.com\/landiousEgypt","article_modified_time":"2024-09-25T17:15:11+00:00","og_image":[{"width":1200,"height":675,"url":"https:\/\/i0.wp.com\/landioustravel.com\/wp-content\/uploads\/2019\/04\/Cairo-Overnight-Trip-Hurghada-e1617672888586.jpg?fit=1200%2C675&ssl=1","type":"image\/jpeg"}],"twitter_card":"summary_large_image","twitter_site":"@LandiousTours","twitter_misc":{"Ber\u00e4knad l\u00e4stid":"3 minuter"},"schema":{"@context":"https:\/\/schema.org","@graph":[{"@type":"WebPage","@id":"https:\/\/landioustravel.com\/sv\/shop\/overnattning-hurghada-gamla-kairo\/","url":"https:\/\/landioustravel.com\/sv\/shop\/overnattning-hurghada-gamla-kairo\/","name":"\u00d6vernattning till Kairo fr\u00e5n Hurghada - Gamla Kairo","isPartOf":{"@id":"https:\/\/landioustravel.com\/sv\/#website"},"primaryImageOfPage":{"@id":"https:\/\/landioustravel.com\/sv\/shop\/overnattning-hurghada-gamla-kairo\/#primaryimage"},"image":{"@id":"https:\/\/landioustravel.com\/sv\/shop\/overnattning-hurghada-gamla-kairo\/#primaryimage"},"thumbnailUrl":"https:\/\/i0.wp.com\/landioustravel.com\/wp-content\/uploads\/2019\/04\/Cairo-Overnight-Trip-Hurghada-e1617672888586.jpg?fit=1200%2C675&ssl=1","datePublished":"2020-12-20T02:46:38+00:00","dateModified":"2024-09-25T17:15:11+00:00","description":"\u00d6vernattning till Kairo fr\u00e5n Hurghada - Gamla Kairo med buss bes\u00f6ker du de tre pyramiderna i Giza och den stora sfinxen. Efter lunch bes\u00f6ker du Egyptiska","breadcrumb":{"@id":"https:\/\/landioustravel.com\/sv\/shop\/overnattning-hurghada-gamla-kairo\/#breadcrumb"},"inLanguage":"sv-SE","potentialAction":[{"@type":"ReadAction","target":["https:\/\/landioustravel.com\/sv\/shop\/overnattning-hurghada-gamla-kairo\/"]}]},{"@type":"ImageObject","inLanguage":"sv-SE","@id":"https:\/\/landioustravel.com\/sv\/shop\/overnattning-hurghada-gamla-kairo\/#primaryimage","url":"https:\/\/i0.wp.com\/landioustravel.com\/wp-content\/uploads\/2019\/04\/Cairo-Overnight-Trip-Hurghada-e1617672888586.jpg?fit=1200%2C675&ssl=1","contentUrl":"https:\/\/i0.wp.com\/landioustravel.com\/wp-content\/uploads\/2019\/04\/Cairo-Overnight-Trip-Hurghada-e1617672888586.jpg?fit=1200%2C675&ssl=1","width":1200,"height":675,"caption":"Cairo Overnight Trip Hurghada"},{"@type":"BreadcrumbList","@id":"https:\/\/landioustravel.com\/sv\/shop\/overnattning-hurghada-gamla-kairo\/#breadcrumb","itemListElement":[{"@type":"ListItem","position":1,"name":"Home","item":"https:\/\/landioustravel.com\/sv\/"},{"@type":"ListItem","position":2,"name":"Tj\u00e4nster &#038; turer","item":"https:\/\/landioustravel.com\/sv\/"},{"@type":"ListItem","position":3,"name":"\u00d6vernattning till Kairo fr\u00e5n Hurghada &#8211; Gamla Kairo"}]},{"@type":"WebSite","@id":"https:\/\/landioustravel.com\/sv\/#website","url":"https:\/\/landioustravel.com\/sv\/","name":"Landious Travel","description":"Excursions, trips and cruises in Egypt","publisher":{"@id":"https:\/\/landioustravel.com\/sv\/#organization"},"potentialAction":[{"@type":"SearchAction","target":{"@type":"EntryPoint","urlTemplate":"https:\/\/landioustravel.com\/sv\/?s={search_term_string}"},"query-input":{"@type":"PropertyValueSpecification","valueRequired":true,"valueName":"search_term_string"}}],"inLanguage":"sv-SE"},{"@type":["Organization","Place"],"@id":"https:\/\/landioustravel.com\/sv\/#organization","name":"Landious Travel","alternateName":"Landious Travel","url":"https:\/\/landioustravel.com\/sv\/","logo":{"@id":"https:\/\/landioustravel.com\/sv\/shop\/overnattning-hurghada-gamla-kairo\/#local-main-organization-logo"},"image":{"@id":"https:\/\/landioustravel.com\/sv\/shop\/overnattning-hurghada-gamla-kairo\/#local-main-organization-logo"},"sameAs":["https:\/\/web.facebook.com\/landiousEgypt","https:\/\/x.com\/LandiousTours","https:\/\/mastodon.social\/@landious"],"legalName":"Landious Travel","telephone":[],"openingHoursSpecification":[{"@type":"OpeningHoursSpecification","dayOfWeek":["Monday","Tuesday","Wednesday","Thursday","Friday","Saturday","Sunday"],"opens":"09:00","closes":"17:00"}]},{"@type":"ImageObject","inLanguage":"sv-SE","@id":"https:\/\/landioustravel.com\/sv\/shop\/overnattning-hurghada-gamla-kairo\/#local-main-organization-logo","url":"https:\/\/i0.wp.com\/landioustravel.com\/wp-content\/uploads\/2021\/06\/Landious-T.png?fit=500%2C500&ssl=1","contentUrl":"https:\/\/i0.wp.com\/landioustravel.com\/wp-content\/uploads\/2021\/06\/Landious-T.png?fit=500%2C500&ssl=1","width":500,"height":500,"caption":"Landious Travel"}]}},"jetpack_publicize_connections":[],"uagb_featured_image_src":{"full":["https:\/\/i0.wp.com\/landioustravel.com\/wp-content\/uploads\/2019\/04\/Cairo-Overnight-Trip-Hurghada-e1617672888586.jpg?fit=1200%2C675&ssl=1",1200,675,false],"thumbnail":["https:\/\/i0.wp.com\/landioustravel.com\/wp-content\/uploads\/2019\/04\/Cairo-Overnight-Trip-Hurghada-e1617672888586.jpg?resize=150%2C150&ssl=1",150,150,true],"medium":["https:\/\/i0.wp.com\/landioustravel.com\/wp-content\/uploads\/2019\/04\/Cairo-Overnight-Trip-Hurghada-e1617672888586.jpg?fit=300%2C169&ssl=1",300,169,true],"medium_large":["https:\/\/i0.wp.com\/landioustravel.com\/wp-content\/uploads\/2019\/04\/Cairo-Overnight-Trip-Hurghada-e1617672888586.jpg?fit=768%2C432&ssl=1",768,432,true],"large":["https:\/\/i0.wp.com\/landioustravel.com\/wp-content\/uploads\/2019\/04\/Cairo-Overnight-Trip-Hurghada-e1617672888586.jpg?fit=980%2C551&ssl=1",980,551,true],"1536x1536":["https:\/\/i0.wp.com\/landioustravel.com\/wp-content\/uploads\/2019\/04\/Cairo-Overnight-Trip-Hurghada-e1617672888586.jpg?fit=1536%2C864&ssl=1",1536,864,true],"2048x2048":["https:\/\/i0.wp.com\/landioustravel.com\/wp-content\/uploads\/2019\/04\/Cairo-Overnight-Trip-Hurghada-e1617672888586.jpg?fit=2048%2C1152&ssl=1",2048,1152,true],"newspack-article-block-landscape-large":["https:\/\/i0.wp.com\/landioustravel.com\/wp-content\/uploads\/2019\/04\/Cairo-Overnight-Trip-Hurghada-e1617672888586.jpg?resize=1200%2C675&ssl=1",1200,900,true],"newspack-article-block-portrait-large":["https:\/\/i0.wp.com\/landioustravel.com\/wp-content\/uploads\/2019\/04\/Cairo-Overnight-Trip-Hurghada-e1617672888586.jpg?resize=900%2C675&ssl=1",900,1200,true],"newspack-article-block-square-large":["https:\/\/i0.wp.com\/landioustravel.com\/wp-content\/uploads\/2019\/04\/Cairo-Overnight-Trip-Hurghada-e1617672888586.jpg?resize=1200%2C675&ssl=1",1200,1200,true],"newspack-article-block-landscape-medium":["https:\/\/i0.wp.com\/landioustravel.com\/wp-content\/uploads\/2019\/04\/Cairo-Overnight-Trip-Hurghada-e1617672888586.jpg?resize=800%2C600&ssl=1",800,600,true],"newspack-article-block-portrait-medium":["https:\/\/i0.wp.com\/landioustravel.com\/wp-content\/uploads\/2019\/04\/Cairo-Overnight-Trip-Hurghada-e1617672888586.jpg?resize=600%2C675&ssl=1",600,800,true],"newspack-article-block-square-medium":["https:\/\/i0.wp.com\/landioustravel.com\/wp-content\/uploads\/2019\/04\/Cairo-Overnight-Trip-Hurghada-e1617672888586.jpg?resize=800%2C675&ssl=1",800,800,true],"newspack-article-block-landscape-intermediate":["https:\/\/i0.wp.com\/landioustravel.com\/wp-content\/uploads\/2019\/04\/Cairo-Overnight-Trip-Hurghada-e1617672888586.jpg?resize=600%2C450&ssl=1",600,450,true],"newspack-article-block-portrait-intermediate":["https:\/\/i0.wp.com\/landioustravel.com\/wp-content\/uploads\/2019\/04\/Cairo-Overnight-Trip-Hurghada-e1617672888586.jpg?resize=450%2C600&ssl=1",450,600,true],"newspack-article-block-square-intermediate":["https:\/\/i0.wp.com\/landioustravel.com\/wp-content\/uploads\/2019\/04\/Cairo-Overnight-Trip-Hurghada-e1617672888586.jpg?resize=600%2C600&ssl=1",600,600,true],"newspack-article-block-landscape-small":["https:\/\/i0.wp.com\/landioustravel.com\/wp-content\/uploads\/2019\/04\/Cairo-Overnight-Trip-Hurghada-e1617672888586.jpg?resize=400%2C300&ssl=1",400,300,true],"newspack-article-block-portrait-small":["https:\/\/i0.wp.com\/landioustravel.com\/wp-content\/uploads\/2019\/04\/Cairo-Overnight-Trip-Hurghada-e1617672888586.jpg?resize=300%2C400&ssl=1",300,400,true],"newspack-article-block-square-small":["https:\/\/i0.wp.com\/landioustravel.com\/wp-content\/uploads\/2019\/04\/Cairo-Overnight-Trip-Hurghada-e1617672888586.jpg?resize=400%2C400&ssl=1",400,400,true],"newspack-article-block-landscape-tiny":["https:\/\/i0.wp.com\/landioustravel.com\/wp-content\/uploads\/2019\/04\/Cairo-Overnight-Trip-Hurghada-e1617672888586.jpg?resize=200%2C150&ssl=1",200,150,true],"newspack-article-block-portrait-tiny":["https:\/\/i0.wp.com\/landioustravel.com\/wp-content\/uploads\/2019\/04\/Cairo-Overnight-Trip-Hurghada-e1617672888586.jpg?resize=150%2C200&ssl=1",150,200,true],"newspack-article-block-square-tiny":["https:\/\/i0.wp.com\/landioustravel.com\/wp-content\/uploads\/2019\/04\/Cairo-Overnight-Trip-Hurghada-e1617672888586.jpg?resize=200%2C200&ssl=1",200,200,true],"newspack-article-block-uncropped":["https:\/\/i0.wp.com\/landioustravel.com\/wp-content\/uploads\/2019\/04\/Cairo-Overnight-Trip-Hurghada-e1617672888586.jpg?fit=1200%2C675&ssl=1",1200,675,true],"woocommerce_thumbnail":["https:\/\/i0.wp.com\/landioustravel.com\/wp-content\/uploads\/2019\/04\/Cairo-Overnight-Trip-Hurghada-e1617672888586.jpg?resize=324%2C324&ssl=1",324,324,true],"woocommerce_single":["https:\/\/i0.wp.com\/landioustravel.com\/wp-content\/uploads\/2019\/04\/Cairo-Overnight-Trip-Hurghada-e1617672888586.jpg?fit=416%2C234&ssl=1",416,234,true],"woocommerce_gallery_thumbnail":["https:\/\/i0.wp.com\/landioustravel.com\/wp-content\/uploads\/2019\/04\/Cairo-Overnight-Trip-Hurghada-e1617672888586.jpg?resize=100%2C100&ssl=1",100,100,true]},"uagb_author_info":{"display_name":"Mofreh Landious","author_link":"https:\/\/landioustravel.com\/sv\/author\/"},"uagb_comment_info":3,"uagb_excerpt":"Letar du efter en minnesv\u00e4rd resa fr\u00e5n Hurghada f\u00f6r att utforska Kairos underverk? Vi f\u00f6rst\u00e5r att resor kan vara \u00f6verv\u00e4ldigande, men vi \u00e4r h\u00e4r f\u00f6r att hj\u00e4lpa till att g\u00f6ra din resa smidig och njutbar. V\u00e5r tv\u00e5dagarsresa tar dig till de ber\u00f6mda pyramiderna i Giza och den stora sfinxen, d\u00e4r du kan uppt\u00e4cka Egyptens rika&hellip;","jetpack_sharing_enabled":true,"jetpack_likes_enabled":true,"amp_enabled":true,"_links":{"self":[{"href":"https:\/\/landioustravel.com\/sv\/wp-json\/wp\/v2\/product\/26487","targetHints":{"allow":["GET"]}}],"collection":[{"href":"https:\/\/landioustravel.com\/sv\/wp-json\/wp\/v2\/product"}],"about":[{"href":"https:\/\/landioustravel.com\/sv\/wp-json\/wp\/v2\/types\/product"}],"replies":[{"embeddable":true,"href":"https:\/\/landioustravel.com\/sv\/wp-json\/wp\/v2\/comments?post=26487"}],"wp:featuredmedia":[{"embeddable":true,"href":"https:\/\/landioustravel.com\/sv\/wp-json\/wp\/v2\/media\/46334"}],"wp:attachment":[{"href":"https:\/\/landioustravel.com\/sv\/wp-json\/wp\/v2\/media?parent=26487"}],"wp:term":[{"taxonomy":"product_brand","embeddable":true,"href":"https:\/\/landioustravel.com\/sv\/wp-json\/wp\/v2\/product_brand?post=26487"},{"taxonomy":"product_cat","embeddable":true,"href":"https:\/\/landioustravel.com\/sv\/wp-json\/wp\/v2\/product_cat?post=26487"},{"taxonomy":"product_tag","embeddable":true,"href":"https:\/\/landioustravel.com\/sv\/wp-json\/wp\/v2\/product_tag?post=26487"}],"curies":[{"name":"wp","href":"https:\/\/api.w.org\/{rel}","templated":true}]}}