{"id":26525,"date":"2019-03-06T12:25:57","date_gmt":"2020-12-20T20:02:45","guid":{"rendered":"https:\/\/landioustravel.com\/?post_type=product&#038;p=26525"},"modified":"2024-09-24T01:32:40","modified_gmt":"2024-09-23T22:32:40","slug":"mega-safari-utflykt-sharm-sheikh","status":"publish","type":"product","link":"https:\/\/landioustravel.com\/sv\/shop\/mega-safari-utflykt-sharm-sheikh\/","title":{"rendered":"Mega Safari-utflykt i Sharm el Sheikh"},"content":{"rendered":"<p>Det \u00e4r den mest aktiva utflykten p\u00e5 Safari-resorna i Sharm El-Sheikh, South Sinai Governorate, Egypten! Vi rekommenderar resan eftersom den till\u00e5ter turister att k\u00f6ra 50 km p\u00e5 fyrhjulingar. Resan ger dig ocks\u00e5 m\u00f6jlighet att se \u00f6knen och bekanta dig med beduinkulturen. Vi kallar denna resa Mega Safari Excursion i Sharm El Sheikh p\u00e5 grund av dess intensiva program. Verkligen, det \u00e4r en av de b\u00e4sta utflykterna vi presenterar dig i Sharm El Sheikh!<\/p>\n<h2>Huvudpunkterna i utflyktsprogrammet p\u00e5 Mega-Safari<\/h2>\n<ul>\n<li>Rida fyrhjulingar 50 km \u00f6ver \u00f6knen<\/li>\n<li>Sedan \u00e5ker kameler<\/li>\n<li>D\u00e4refter bes\u00f6ker du beduinbyen<\/li>\n<li>Har ocks\u00e5 tid f\u00f6r en orientalisk middag<\/li>\n<\/ul>\n<h3>Program f\u00f6r Mega-Safari-resa fr\u00e5n Sharm El Sheikh<\/h3>\n<ul>\n<li>Landious Travel-representant h\u00e4mtar dig fr\u00e5n hotellet i Sharm el-Sheikh, cirka kl 13:00<\/li>\n<li>Efter att ha h\u00e4mtat alla bes\u00f6kare g\u00e5r minibussen \/ jeepen till \u00f6knen, d\u00e4r det finns en bas med fyrhjulingar. V\u00e4gen till basen tar 20 minuter<\/li>\n<li>F\u00f6rst m\u00e5ste du g\u00f6ra dig redo att s\u00e4tta p\u00e5 dig solglas\u00f6gonen och linda upp en halsduk p\u00e5 huvudet<\/li>\n<li>Efter det finns en genomg\u00e5ng och tr\u00e4ning under lite tid.<\/li>\n<li>K\u00f6r sedan 25 km i \u00f6knen till beduinbyen<\/li>\n<li>S\u00e5 fort du anl\u00e4nder till beduinbyen kan du \u00e5ka p\u00e5 en kamel. Ta ocks\u00e5 bilder med beduiner<\/li>\n<li>Guiden f\u00f6ljer med till beduinbyn. Han visar hur beduiner lagar mat och hur man kl\u00e4r sig<\/li>\n<li>I beduint\u00e4ltet \u00e4ter du en orientalisk middag<\/li>\n<li>Efter middagen g\u00f6r du dig redo att k\u00f6ra 25 km tillbaka till basen<\/li>\n<li>Slutligen eskorterar vi dig tillbaka till dina hotell<\/li>\n<li>Denna \u201cExcursion Mega Safari i Sharm El Sheikh\u201d slutar klockan 20:00<\/li>\n<\/ul>\n<h4>Vad ing\u00e5r i kostnaden f\u00f6r resan<\/h4>\n<ul>\n<li>Middag<\/li>\n<li>\u00d6verf\u00f6r ocks\u00e5 till \u00f6knen och tillbaka till hotellet<\/li>\n<\/ul>\n<h5>Vad ing\u00e5r inte i kostnaden f\u00f6r turn\u00e9n<\/h5>\n<ul>\n<li>Video DVD<\/li>\n<li>Ocks\u00e5 foto-CD<\/li>\n<\/ul>\n<h6>Vad du ska ta med dig f\u00f6r resan<\/h6>\n<ul>\n<li>Scarf<\/li>\n<li>Ocks\u00e5 solglas\u00f6gon<\/li>\n<\/ul>\n<h6>DAGAR F\u00d6R UTFLYTTSORGANISATION<\/h6>\n<ul>\n<li>Dagligen fr\u00e5n kl. 15.00 till 20.00<\/li>\n<\/ul>\n","protected":false},"excerpt":{"rendered":"<p>Upplev sk\u00f6nheten och kulturen i \u00f6knen med ett program som erbjuder mycket mer \u00e4n bara fyrhjuling och kamelturer. I den fantastiska semesterorten Sharm El-Sheikh kommer du att ha m\u00f6jlighet att bes\u00f6ka beduinerna och l\u00e4ra dig om deras rika och fascinerande kultur. Som en del av paketet kommer du ocks\u00e5 att njuta av en traditionell orientalisk middag i ett beduint\u00e4lt &#8211; en verkligt autentisk upplevelse. I priset f\u00f6r resan ing\u00e5r transfer och middag, s\u00e5 att du kan koppla av och njuta av din tid utan n\u00e5gra bekymmer. Du kommer att h\u00e4mtas fr\u00e5n ditt hotell i Sharm El Sheikh sent p\u00e5 eftermiddagen och tas till quad-stationen i \u00f6knen. Efter en snabb genomg\u00e5ng kan du njuta av den sp\u00e4nnande bilturen genom \u00f6knen i cirka 1,5 timme. N\u00e4r du anl\u00e4nder till beduinbyn kommer du att v\u00e4lkomnas med te och f\u00e5 chansen att rida p\u00e5 en av de imponerande kamelerna genom \u00f6knen. Efter\u00e5t kommer du att serveras en enkel men uts\u00f6kt middag med typisk egyptisk mat i en vackert upplyst milj\u00f6 som \u00e4r perfekt f\u00f6r avkoppling och umg\u00e4nge. N\u00e4r kv\u00e4llen \u00e4r \u00f6ver kommer du tillbaka till quad-stationen, d\u00e4r transfern tar dig tillbaka till ditt hotell. Njut av en fyrhjuling genom det fascinerande \u00f6kenlandskapet i Sharm el Sheikh och se sedan solnedg\u00e5ngen \u00f6ver bergen &#8211; en verkligt hisnande syn. I programmet ing\u00e5r ocks\u00e5 ett bes\u00f6k i en beduinby, d\u00e4r du kan rida p\u00e5 ryggen av en kamel i cirka 25 minuter innan du sl\u00e5r dig ner f\u00f6r en uts\u00f6kt grillfest. F\u00f6r att avsluta kv\u00e4llen kommer en otrolig folkloristisk show att underh\u00e5lla dig och ge dig of\u00f6rgl\u00f6mliga minnen.<\/p>\n","protected":false},"featured_media":99630,"comment_status":"open","ping_status":"closed","template":"","meta":{"_coblocks_attr":"","_coblocks_dimensions":"","_coblocks_responsive_height":"","_coblocks_accordion_ie_support":"","_uag_custom_page_level_css":"","jetpack_publicize_message":"","jetpack_publicize_feature_enabled":true,"jetpack_social_post_already_shared":true,"jetpack_social_options":{"image_generator_settings":{"template":"highway","default_image_id":0,"font":"","enabled":false},"version":2},"_wpas_customize_per_network":false},"product_brand":[],"product_cat":[19114,18880],"product_tag":[18978,19018,19017,19026,18998],"class_list":{"0":"post-26525","1":"product","2":"type-product","3":"status-publish","4":"has-post-thumbnail","6":"product_cat-safari-turer-sharm-sheikh","7":"product_cat-sharm-sheikh-utflykter","8":"product_tag-okonsafari","9":"product_tag-en-safari","10":"product_tag-fyrhjuling","11":"product_tag-sharm-sheikh-sv","12":"product_tag-utflykt","14":"first","15":"instock","16":"sale","17":"purchasable","18":"product-type-variable"},"yoast_head":"<!-- This site is optimized with the Yoast SEO Premium plugin v26.9 (Yoast SEO v27.4) - https:\/\/yoast.com\/product\/yoast-seo-premium-wordpress\/ -->\n<title>Mega Safari-utflykt i Sharm el Sheikh<\/title>\n<meta name=\"description\" content=\"Mega Safari-utflykt i Sharm el Sheikh d\u00e4r turister mestadels cyklar fyrhjulingar och kameler. Turprogrammet inneh\u00e5ller andra f\u00f6rem\u00e5l. Bes\u00f6k s\u00e4rskilt\" \/>\n<meta name=\"robots\" content=\"index, follow, max-snippet:-1, max-image-preview:large, max-video-preview:-1\" \/>\n<link rel=\"canonical\" href=\"https:\/\/landioustravel.com\/sv\/shop\/mega-safari-utflykt-sharm-sheikh\/\" \/>\n<meta property=\"og:locale\" content=\"sv_SE\" \/>\n<meta property=\"og:type\" content=\"article\" \/>\n<meta property=\"og:title\" content=\"Mega Safari-utflykt i Sharm el Sheikh\" \/>\n<meta property=\"og:description\" content=\"Landious Travel\" \/>\n<meta property=\"og:url\" content=\"https:\/\/landioustravel.com\/sv\/shop\/mega-safari-utflykt-sharm-sheikh\/\" \/>\n<meta property=\"og:site_name\" content=\"Landious Travel\" \/>\n<meta property=\"article:publisher\" content=\"https:\/\/web.facebook.com\/landiousEgypt\" \/>\n<meta property=\"article:modified_time\" content=\"2024-09-23T22:32:40+00:00\" \/>\n<meta property=\"og:image\" content=\"https:\/\/i0.wp.com\/landioustravel.com\/wp-content\/uploads\/2019\/03\/camel-ride-sharm-el-sheikh-e1669340498285.jpg?fit=1200%2C675&ssl=1\" \/>\n\t<meta property=\"og:image:width\" content=\"1200\" \/>\n\t<meta property=\"og:image:height\" content=\"675\" \/>\n\t<meta property=\"og:image:type\" content=\"image\/jpeg\" \/>\n<meta name=\"twitter:card\" content=\"summary_large_image\" \/>\n<meta name=\"twitter:site\" content=\"@LandiousTours\" \/>\n<meta name=\"twitter:label1\" content=\"Ber\u00e4knad l\u00e4stid\" \/>\n\t<meta name=\"twitter:data1\" content=\"2 minuter\" \/>\n<script type=\"application\/ld+json\" class=\"yoast-schema-graph\">{\"@context\":\"https:\\\/\\\/schema.org\",\"@graph\":[{\"@type\":\"WebPage\",\"@id\":\"https:\\\/\\\/landioustravel.com\\\/sv\\\/shop\\\/mega-safari-utflykt-sharm-sheikh\\\/\",\"url\":\"https:\\\/\\\/landioustravel.com\\\/sv\\\/shop\\\/mega-safari-utflykt-sharm-sheikh\\\/\",\"name\":\"Mega Safari-utflykt i Sharm el Sheikh\",\"isPartOf\":{\"@id\":\"https:\\\/\\\/landioustravel.com\\\/sv\\\/#website\"},\"primaryImageOfPage\":{\"@id\":\"https:\\\/\\\/landioustravel.com\\\/sv\\\/shop\\\/mega-safari-utflykt-sharm-sheikh\\\/#primaryimage\"},\"image\":{\"@id\":\"https:\\\/\\\/landioustravel.com\\\/sv\\\/shop\\\/mega-safari-utflykt-sharm-sheikh\\\/#primaryimage\"},\"thumbnailUrl\":\"https:\\\/\\\/i0.wp.com\\\/landioustravel.com\\\/wp-content\\\/uploads\\\/2019\\\/03\\\/camel-ride-sharm-el-sheikh-e1669340498285.jpg?fit=1200%2C675&ssl=1\",\"datePublished\":\"2020-12-20T20:02:45+00:00\",\"dateModified\":\"2024-09-23T22:32:40+00:00\",\"description\":\"Mega Safari-utflykt i Sharm el Sheikh d\u00e4r turister mestadels cyklar fyrhjulingar och kameler. Turprogrammet inneh\u00e5ller andra f\u00f6rem\u00e5l. Bes\u00f6k s\u00e4rskilt\",\"breadcrumb\":{\"@id\":\"https:\\\/\\\/landioustravel.com\\\/sv\\\/shop\\\/mega-safari-utflykt-sharm-sheikh\\\/#breadcrumb\"},\"inLanguage\":\"sv-SE\",\"potentialAction\":[{\"@type\":\"ReadAction\",\"target\":[\"https:\\\/\\\/landioustravel.com\\\/sv\\\/shop\\\/mega-safari-utflykt-sharm-sheikh\\\/\"]}]},{\"@type\":\"ImageObject\",\"inLanguage\":\"sv-SE\",\"@id\":\"https:\\\/\\\/landioustravel.com\\\/sv\\\/shop\\\/mega-safari-utflykt-sharm-sheikh\\\/#primaryimage\",\"url\":\"https:\\\/\\\/i0.wp.com\\\/landioustravel.com\\\/wp-content\\\/uploads\\\/2019\\\/03\\\/camel-ride-sharm-el-sheikh-e1669340498285.jpg?fit=1200%2C675&ssl=1\",\"contentUrl\":\"https:\\\/\\\/i0.wp.com\\\/landioustravel.com\\\/wp-content\\\/uploads\\\/2019\\\/03\\\/camel-ride-sharm-el-sheikh-e1669340498285.jpg?fit=1200%2C675&ssl=1\",\"width\":1200,\"height\":675,\"caption\":\"camel ride sharm el sheikh\"},{\"@type\":\"BreadcrumbList\",\"@id\":\"https:\\\/\\\/landioustravel.com\\\/sv\\\/shop\\\/mega-safari-utflykt-sharm-sheikh\\\/#breadcrumb\",\"itemListElement\":[{\"@type\":\"ListItem\",\"position\":1,\"name\":\"Home\",\"item\":\"https:\\\/\\\/landioustravel.com\\\/sv\\\/\"},{\"@type\":\"ListItem\",\"position\":2,\"name\":\"Tj\u00e4nster &#038; turer\",\"item\":\"https:\\\/\\\/landioustravel.com\\\/sv\\\/\"},{\"@type\":\"ListItem\",\"position\":3,\"name\":\"Mega Safari-utflykt i Sharm el Sheikh\"}]},{\"@type\":\"WebSite\",\"@id\":\"https:\\\/\\\/landioustravel.com\\\/sv\\\/#website\",\"url\":\"https:\\\/\\\/landioustravel.com\\\/sv\\\/\",\"name\":\"Landious Travel\",\"description\":\"Excursions, trips and cruises in Egypt\",\"publisher\":{\"@id\":\"https:\\\/\\\/landioustravel.com\\\/sv\\\/#organization\"},\"potentialAction\":[{\"@type\":\"SearchAction\",\"target\":{\"@type\":\"EntryPoint\",\"urlTemplate\":\"https:\\\/\\\/landioustravel.com\\\/sv\\\/?s={search_term_string}\"},\"query-input\":{\"@type\":\"PropertyValueSpecification\",\"valueRequired\":true,\"valueName\":\"search_term_string\"}}],\"inLanguage\":\"sv-SE\"},{\"@type\":[\"Organization\",\"Place\"],\"@id\":\"https:\\\/\\\/landioustravel.com\\\/sv\\\/#organization\",\"name\":\"Landious Travel\",\"alternateName\":\"Landious Travel\",\"url\":\"https:\\\/\\\/landioustravel.com\\\/sv\\\/\",\"logo\":{\"@id\":\"https:\\\/\\\/landioustravel.com\\\/sv\\\/shop\\\/mega-safari-utflykt-sharm-sheikh\\\/#local-main-organization-logo\"},\"image\":{\"@id\":\"https:\\\/\\\/landioustravel.com\\\/sv\\\/shop\\\/mega-safari-utflykt-sharm-sheikh\\\/#local-main-organization-logo\"},\"sameAs\":[\"https:\\\/\\\/web.facebook.com\\\/landiousEgypt\",\"https:\\\/\\\/x.com\\\/LandiousTours\",\"https:\\\/\\\/mastodon.social\\\/@landious\"],\"legalName\":\"Landious Travel\",\"telephone\":[],\"openingHoursSpecification\":[{\"@type\":\"OpeningHoursSpecification\",\"dayOfWeek\":[\"Monday\",\"Tuesday\",\"Wednesday\",\"Thursday\",\"Friday\",\"Saturday\",\"Sunday\"],\"opens\":\"09:00\",\"closes\":\"17:00\"}]},{\"@type\":\"ImageObject\",\"inLanguage\":\"sv-SE\",\"@id\":\"https:\\\/\\\/landioustravel.com\\\/sv\\\/shop\\\/mega-safari-utflykt-sharm-sheikh\\\/#local-main-organization-logo\",\"url\":\"https:\\\/\\\/i0.wp.com\\\/landioustravel.com\\\/wp-content\\\/uploads\\\/2021\\\/06\\\/Landious-T.png?fit=500%2C500&ssl=1\",\"contentUrl\":\"https:\\\/\\\/i0.wp.com\\\/landioustravel.com\\\/wp-content\\\/uploads\\\/2021\\\/06\\\/Landious-T.png?fit=500%2C500&ssl=1\",\"width\":500,\"height\":500,\"caption\":\"Landious Travel\"}]}<\/script>\n<!-- \/ Yoast SEO Premium plugin. -->","yoast_head_json":{"title":"Mega Safari-utflykt i Sharm el Sheikh","description":"Mega Safari-utflykt i Sharm el Sheikh d\u00e4r turister mestadels cyklar fyrhjulingar och kameler. Turprogrammet inneh\u00e5ller andra f\u00f6rem\u00e5l. Bes\u00f6k s\u00e4rskilt","robots":{"index":"index","follow":"follow","max-snippet":"max-snippet:-1","max-image-preview":"max-image-preview:large","max-video-preview":"max-video-preview:-1"},"canonical":"https:\/\/landioustravel.com\/sv\/shop\/mega-safari-utflykt-sharm-sheikh\/","og_locale":"sv_SE","og_type":"article","og_title":"Mega Safari-utflykt i Sharm el Sheikh","og_description":"Landious Travel","og_url":"https:\/\/landioustravel.com\/sv\/shop\/mega-safari-utflykt-sharm-sheikh\/","og_site_name":"Landious Travel","article_publisher":"https:\/\/web.facebook.com\/landiousEgypt","article_modified_time":"2024-09-23T22:32:40+00:00","og_image":[{"width":1200,"height":675,"url":"https:\/\/i0.wp.com\/landioustravel.com\/wp-content\/uploads\/2019\/03\/camel-ride-sharm-el-sheikh-e1669340498285.jpg?fit=1200%2C675&ssl=1","type":"image\/jpeg"}],"twitter_card":"summary_large_image","twitter_site":"@LandiousTours","twitter_misc":{"Ber\u00e4knad l\u00e4stid":"2 minuter"},"schema":{"@context":"https:\/\/schema.org","@graph":[{"@type":"WebPage","@id":"https:\/\/landioustravel.com\/sv\/shop\/mega-safari-utflykt-sharm-sheikh\/","url":"https:\/\/landioustravel.com\/sv\/shop\/mega-safari-utflykt-sharm-sheikh\/","name":"Mega Safari-utflykt i Sharm el Sheikh","isPartOf":{"@id":"https:\/\/landioustravel.com\/sv\/#website"},"primaryImageOfPage":{"@id":"https:\/\/landioustravel.com\/sv\/shop\/mega-safari-utflykt-sharm-sheikh\/#primaryimage"},"image":{"@id":"https:\/\/landioustravel.com\/sv\/shop\/mega-safari-utflykt-sharm-sheikh\/#primaryimage"},"thumbnailUrl":"https:\/\/i0.wp.com\/landioustravel.com\/wp-content\/uploads\/2019\/03\/camel-ride-sharm-el-sheikh-e1669340498285.jpg?fit=1200%2C675&ssl=1","datePublished":"2020-12-20T20:02:45+00:00","dateModified":"2024-09-23T22:32:40+00:00","description":"Mega Safari-utflykt i Sharm el Sheikh d\u00e4r turister mestadels cyklar fyrhjulingar och kameler. Turprogrammet inneh\u00e5ller andra f\u00f6rem\u00e5l. Bes\u00f6k s\u00e4rskilt","breadcrumb":{"@id":"https:\/\/landioustravel.com\/sv\/shop\/mega-safari-utflykt-sharm-sheikh\/#breadcrumb"},"inLanguage":"sv-SE","potentialAction":[{"@type":"ReadAction","target":["https:\/\/landioustravel.com\/sv\/shop\/mega-safari-utflykt-sharm-sheikh\/"]}]},{"@type":"ImageObject","inLanguage":"sv-SE","@id":"https:\/\/landioustravel.com\/sv\/shop\/mega-safari-utflykt-sharm-sheikh\/#primaryimage","url":"https:\/\/i0.wp.com\/landioustravel.com\/wp-content\/uploads\/2019\/03\/camel-ride-sharm-el-sheikh-e1669340498285.jpg?fit=1200%2C675&ssl=1","contentUrl":"https:\/\/i0.wp.com\/landioustravel.com\/wp-content\/uploads\/2019\/03\/camel-ride-sharm-el-sheikh-e1669340498285.jpg?fit=1200%2C675&ssl=1","width":1200,"height":675,"caption":"camel ride sharm el sheikh"},{"@type":"BreadcrumbList","@id":"https:\/\/landioustravel.com\/sv\/shop\/mega-safari-utflykt-sharm-sheikh\/#breadcrumb","itemListElement":[{"@type":"ListItem","position":1,"name":"Home","item":"https:\/\/landioustravel.com\/sv\/"},{"@type":"ListItem","position":2,"name":"Tj\u00e4nster &#038; turer","item":"https:\/\/landioustravel.com\/sv\/"},{"@type":"ListItem","position":3,"name":"Mega Safari-utflykt i Sharm el Sheikh"}]},{"@type":"WebSite","@id":"https:\/\/landioustravel.com\/sv\/#website","url":"https:\/\/landioustravel.com\/sv\/","name":"Landious Travel","description":"Excursions, trips and cruises in Egypt","publisher":{"@id":"https:\/\/landioustravel.com\/sv\/#organization"},"potentialAction":[{"@type":"SearchAction","target":{"@type":"EntryPoint","urlTemplate":"https:\/\/landioustravel.com\/sv\/?s={search_term_string}"},"query-input":{"@type":"PropertyValueSpecification","valueRequired":true,"valueName":"search_term_string"}}],"inLanguage":"sv-SE"},{"@type":["Organization","Place"],"@id":"https:\/\/landioustravel.com\/sv\/#organization","name":"Landious Travel","alternateName":"Landious Travel","url":"https:\/\/landioustravel.com\/sv\/","logo":{"@id":"https:\/\/landioustravel.com\/sv\/shop\/mega-safari-utflykt-sharm-sheikh\/#local-main-organization-logo"},"image":{"@id":"https:\/\/landioustravel.com\/sv\/shop\/mega-safari-utflykt-sharm-sheikh\/#local-main-organization-logo"},"sameAs":["https:\/\/web.facebook.com\/landiousEgypt","https:\/\/x.com\/LandiousTours","https:\/\/mastodon.social\/@landious"],"legalName":"Landious Travel","telephone":[],"openingHoursSpecification":[{"@type":"OpeningHoursSpecification","dayOfWeek":["Monday","Tuesday","Wednesday","Thursday","Friday","Saturday","Sunday"],"opens":"09:00","closes":"17:00"}]},{"@type":"ImageObject","inLanguage":"sv-SE","@id":"https:\/\/landioustravel.com\/sv\/shop\/mega-safari-utflykt-sharm-sheikh\/#local-main-organization-logo","url":"https:\/\/i0.wp.com\/landioustravel.com\/wp-content\/uploads\/2021\/06\/Landious-T.png?fit=500%2C500&ssl=1","contentUrl":"https:\/\/i0.wp.com\/landioustravel.com\/wp-content\/uploads\/2021\/06\/Landious-T.png?fit=500%2C500&ssl=1","width":500,"height":500,"caption":"Landious Travel"}]}},"jetpack_publicize_connections":[],"uagb_featured_image_src":{"full":["https:\/\/i0.wp.com\/landioustravel.com\/wp-content\/uploads\/2019\/03\/camel-ride-sharm-el-sheikh-e1669340498285.jpg?fit=1200%2C675&ssl=1",1200,675,false],"thumbnail":["https:\/\/i0.wp.com\/landioustravel.com\/wp-content\/uploads\/2019\/03\/camel-ride-sharm-el-sheikh-e1669340498285.jpg?resize=150%2C150&ssl=1",150,150,true],"medium":["https:\/\/i0.wp.com\/landioustravel.com\/wp-content\/uploads\/2019\/03\/camel-ride-sharm-el-sheikh-e1669340498285.jpg?fit=300%2C169&ssl=1",300,169,true],"medium_large":["https:\/\/i0.wp.com\/landioustravel.com\/wp-content\/uploads\/2019\/03\/camel-ride-sharm-el-sheikh-e1669340498285.jpg?fit=768%2C432&ssl=1",768,432,true],"large":["https:\/\/i0.wp.com\/landioustravel.com\/wp-content\/uploads\/2019\/03\/camel-ride-sharm-el-sheikh-e1669340498285.jpg?fit=980%2C551&ssl=1",980,551,true],"1536x1536":["https:\/\/i0.wp.com\/landioustravel.com\/wp-content\/uploads\/2019\/03\/camel-ride-sharm-el-sheikh-e1669340498285.jpg?fit=1200%2C675&ssl=1",1200,675,true],"2048x2048":["https:\/\/i0.wp.com\/landioustravel.com\/wp-content\/uploads\/2019\/03\/camel-ride-sharm-el-sheikh-e1669340498285.jpg?fit=1200%2C675&ssl=1",1200,675,true],"newspack-article-block-landscape-large":["https:\/\/i0.wp.com\/landioustravel.com\/wp-content\/uploads\/2019\/03\/camel-ride-sharm-el-sheikh-e1669340498285.jpg?resize=1200%2C675&ssl=1",1200,675,true],"newspack-article-block-portrait-large":["https:\/\/i0.wp.com\/landioustravel.com\/wp-content\/uploads\/2019\/03\/camel-ride-sharm-el-sheikh-e1669340498285.jpg?resize=900%2C675&ssl=1",900,675,true],"newspack-article-block-square-large":["https:\/\/i0.wp.com\/landioustravel.com\/wp-content\/uploads\/2019\/03\/camel-ride-sharm-el-sheikh-e1669340498285.jpg?resize=1200%2C675&ssl=1",1200,675,true],"newspack-article-block-landscape-medium":["https:\/\/i0.wp.com\/landioustravel.com\/wp-content\/uploads\/2019\/03\/camel-ride-sharm-el-sheikh-e1669340498285.jpg?resize=800%2C600&ssl=1",800,600,true],"newspack-article-block-portrait-medium":["https:\/\/i0.wp.com\/landioustravel.com\/wp-content\/uploads\/2019\/03\/camel-ride-sharm-el-sheikh-e1669340498285.jpg?resize=600%2C675&ssl=1",600,675,true],"newspack-article-block-square-medium":["https:\/\/i0.wp.com\/landioustravel.com\/wp-content\/uploads\/2019\/03\/camel-ride-sharm-el-sheikh-e1669340498285.jpg?resize=800%2C675&ssl=1",800,675,true],"newspack-article-block-landscape-intermediate":["https:\/\/i0.wp.com\/landioustravel.com\/wp-content\/uploads\/2019\/03\/camel-ride-sharm-el-sheikh-e1669340498285.jpg?resize=600%2C450&ssl=1",600,450,true],"newspack-article-block-portrait-intermediate":["https:\/\/i0.wp.com\/landioustravel.com\/wp-content\/uploads\/2019\/03\/camel-ride-sharm-el-sheikh-e1669340498285.jpg?resize=450%2C600&ssl=1",450,600,true],"newspack-article-block-square-intermediate":["https:\/\/i0.wp.com\/landioustravel.com\/wp-content\/uploads\/2019\/03\/camel-ride-sharm-el-sheikh-e1669340498285.jpg?resize=600%2C600&ssl=1",600,600,true],"newspack-article-block-landscape-small":["https:\/\/i0.wp.com\/landioustravel.com\/wp-content\/uploads\/2019\/03\/camel-ride-sharm-el-sheikh-e1669340498285.jpg?resize=400%2C300&ssl=1",400,300,true],"newspack-article-block-portrait-small":["https:\/\/i0.wp.com\/landioustravel.com\/wp-content\/uploads\/2019\/03\/camel-ride-sharm-el-sheikh-e1669340498285.jpg?resize=300%2C400&ssl=1",300,400,true],"newspack-article-block-square-small":["https:\/\/i0.wp.com\/landioustravel.com\/wp-content\/uploads\/2019\/03\/camel-ride-sharm-el-sheikh-e1669340498285.jpg?resize=400%2C400&ssl=1",400,400,true],"newspack-article-block-landscape-tiny":["https:\/\/i0.wp.com\/landioustravel.com\/wp-content\/uploads\/2019\/03\/camel-ride-sharm-el-sheikh-e1669340498285.jpg?resize=200%2C150&ssl=1",200,150,true],"newspack-article-block-portrait-tiny":["https:\/\/i0.wp.com\/landioustravel.com\/wp-content\/uploads\/2019\/03\/camel-ride-sharm-el-sheikh-e1669340498285.jpg?resize=150%2C200&ssl=1",150,200,true],"newspack-article-block-square-tiny":["https:\/\/i0.wp.com\/landioustravel.com\/wp-content\/uploads\/2019\/03\/camel-ride-sharm-el-sheikh-e1669340498285.jpg?resize=200%2C200&ssl=1",200,200,true],"newspack-article-block-uncropped":["https:\/\/i0.wp.com\/landioustravel.com\/wp-content\/uploads\/2019\/03\/camel-ride-sharm-el-sheikh-e1669340498285.jpg?fit=1200%2C675&ssl=1",1200,675,true],"woocommerce_thumbnail":["https:\/\/i0.wp.com\/landioustravel.com\/wp-content\/uploads\/2019\/03\/camel-ride-sharm-el-sheikh-e1669340498285.jpg?resize=324%2C324&ssl=1",324,324,true],"woocommerce_single":["https:\/\/i0.wp.com\/landioustravel.com\/wp-content\/uploads\/2019\/03\/camel-ride-sharm-el-sheikh-e1669340498285.jpg?fit=416%2C234&ssl=1",416,234,true],"woocommerce_gallery_thumbnail":["https:\/\/i0.wp.com\/landioustravel.com\/wp-content\/uploads\/2019\/03\/camel-ride-sharm-el-sheikh-e1669340498285.jpg?resize=100%2C100&ssl=1",100,100,true]},"uagb_author_info":{"display_name":"Mofreh Landious","author_link":"https:\/\/landioustravel.com\/sv\/author\/"},"uagb_comment_info":3,"uagb_excerpt":"Upplev sk\u00f6nheten och kulturen i \u00f6knen med ett program som erbjuder mycket mer \u00e4n bara fyrhjuling och kamelturer. I den fantastiska semesterorten Sharm El-Sheikh kommer du att ha m\u00f6jlighet att bes\u00f6ka beduinerna och l\u00e4ra dig om deras rika och fascinerande kultur. Som en del av paketet kommer du ocks\u00e5 att njuta av en traditionell orientalisk&hellip;","jetpack_sharing_enabled":true,"jetpack_likes_enabled":true,"amp_enabled":true,"_links":{"self":[{"href":"https:\/\/landioustravel.com\/sv\/wp-json\/wp\/v2\/product\/26525","targetHints":{"allow":["GET"]}}],"collection":[{"href":"https:\/\/landioustravel.com\/sv\/wp-json\/wp\/v2\/product"}],"about":[{"href":"https:\/\/landioustravel.com\/sv\/wp-json\/wp\/v2\/types\/product"}],"replies":[{"embeddable":true,"href":"https:\/\/landioustravel.com\/sv\/wp-json\/wp\/v2\/comments?post=26525"}],"wp:featuredmedia":[{"embeddable":true,"href":"https:\/\/landioustravel.com\/sv\/wp-json\/wp\/v2\/media\/99630"}],"wp:attachment":[{"href":"https:\/\/landioustravel.com\/sv\/wp-json\/wp\/v2\/media?parent=26525"}],"wp:term":[{"taxonomy":"product_brand","embeddable":true,"href":"https:\/\/landioustravel.com\/sv\/wp-json\/wp\/v2\/product_brand?post=26525"},{"taxonomy":"product_cat","embeddable":true,"href":"https:\/\/landioustravel.com\/sv\/wp-json\/wp\/v2\/product_cat?post=26525"},{"taxonomy":"product_tag","embeddable":true,"href":"https:\/\/landioustravel.com\/sv\/wp-json\/wp\/v2\/product_tag?post=26525"}],"curies":[{"name":"wp","href":"https:\/\/api.w.org\/{rel}","templated":true}]}}