{"id":26541,"date":"2019-02-05T22:01:03","date_gmt":"2020-12-21T00:42:18","guid":{"rendered":"https:\/\/landioustravel.com\/?post_type=product&#038;p=26541"},"modified":"2024-03-27T04:44:46","modified_gmt":"2024-03-27T02:44:46","slug":"ridning-havs-hurghada","status":"publish","type":"product","link":"https:\/\/landioustravel.com\/sv\/shop\/ridning-havs-hurghada\/","title":{"rendered":"Ridning till havs i Hurghada"},"content":{"rendered":"<p>Det \u00e4r en fantastisk upplevelse f\u00f6r ridning i \u00f6ppet hav i Hurghada, Egypten! Vi rekommenderar resan eftersom det g\u00f6r det m\u00f6jligt f\u00f6r turister att spendera trevlig tid med en h\u00e4sttur i Hurghada! Denna ridning kommer att vara s\u00e5 professionell, eftersom den b\u00f6rjar med en lugn promenad, och sedan; det l\u00e5ter sig komma ut i havet och bada med dessa underbara varelser. Dessutom kan du f\u00f6rs\u00f6ka trava f\u00f6r att bli mer upphetsad. \u201cSea ridning Excursion in Hurghada\u201d \u00e4r riktigt bra upplevelse! Det \u00e4r en av de tj\u00e4nster vi presenterar i Hurghada, R\u00f6da havsregionen.<\/p>\n<h2>Huvudpunkterna i utflyktsprogrammet f\u00f6r ridning<\/h2>\n<ul>\n<li>Handledning<\/li>\n<li>Lugn ridning p\u00e5 en promenad<\/li>\n<li>Bad med h\u00e4star i \u00f6ppet hav<\/li>\n<li>\u00c4ven trav<\/li>\n<\/ul>\n<h3>Program f\u00f6r ridning i Hurghada<\/h3>\n<ul>\n<li>Landious Travel-representant h\u00e4mtar dig fr\u00e5n hotellet, i Hurghada, klockan 15:00.<\/li>\n<li>Efter att ha h\u00e4mtat alla bes\u00f6kare g\u00e5r bussen till h\u00e4ststallet. V\u00e4gen till denna h\u00e4ststall tar cirka 20 minuter<\/li>\n<li>Du hittar dina h\u00e4star i stallen. De \u00e4r mycket v\u00e4nliga! S\u00e5 fort du g\u00e5r in i stallen kommer du att ha en handledning f\u00f6r en kort tid.<\/li>\n<li>Efter denna handledning m\u00e5ste du g\u00f6ra dig redo f\u00f6r ridning. Sedan g\u00e5r du l\u00e5ngsamt p\u00e5 h\u00e4star f\u00f6r att bekanta dig med det hela. En speciell guide kommer att tillhandah\u00e5llas f\u00f6r att f\u00f6lja med dig.<\/li>\n<li>D\u00e4refter kan du b\u00f6rja ditt riktiga \u00e4ventyr att komma ut i havet och simma p\u00e5 ryggh\u00e4star.<\/li>\n<li>Resan forts\u00e4tter s\u00e5 att du ocks\u00e5 kan njuta av trav<\/li>\n<li>Slutligen eskorterar vi dig tillbaka till dina hotell<\/li>\n<li>Denna \u201cRidutflykt till havs i Hurghada\u201d slutar klockan 19:00<\/li>\n<\/ul>\n<h4>Vad ing\u00e5r i resepriset<\/h4>\n<ul>\n<li>Handledning<\/li>\n<li>Guidning under ridning<\/li>\n<li>\u00d6verf\u00f6r ocks\u00e5 till hamnen och tillbaka till hotellet<\/li>\n<\/ul>\n<h5>Vad ing\u00e5r inte i resans pris<\/h5>\n<ul>\n<li>Video DVD<\/li>\n<li>\u00c4ven foto-CD<\/li>\n<\/ul>\n<h6>Vad du ska ta med dig f\u00f6r en ridtur<\/h6>\n<ul>\n<li>Handduk<\/li>\n<li>\u00c4ven solskyddsmedel<\/li>\n<\/ul>\n<h6>Dagar med utflyktsorganisation<\/h6>\n<ul>\n<li>Dagligen fr\u00e5n 15:00 till 19:00<\/li>\n<\/ul>\n","protected":false},"excerpt":{"rendered":"<p>F\u00f6r dig som \u00e4lskar h\u00e4star \u00e4r detta ett otroligt \u00e4ventyr som du inte vill missa! I Hurghada kan du ge dig ut p\u00e5 en ridutflykt till havet som varar i tv\u00e5 timmar. Du kommer att ha m\u00f6jlighet att rida p\u00e5 det \u00f6ppna havet, ta en fridfull promenad p\u00e5 h\u00e4stryggen och till och med prova trav. Att vara i vattnet med dessa milda varelser kommer att skapa of\u00f6rgl\u00f6mliga stunder och l\u00e4mna dig med en m\u00e4ngd varma k\u00e4nslor. Utflyktskostnaden inkluderar transport och handledning, s\u00e5 du kommer att bli v\u00e4l omh\u00e4ndertagen under hela upplevelsen.<\/p>\n<p>Simning med h\u00e4star \u00e4r ett utm\u00e4rkt s\u00e4tt att ta en paus fr\u00e5n vardagens liv och r\u00f6relse och njuta av en sp\u00e4nnande tur. V\u00e5ra lugna och vackra h\u00e4star tar dig genom \u00f6knen, sagoskogen och till havet, d\u00e4r du kommer att uppleva of\u00f6rgl\u00f6mliga stunder. Medan du rider kommer du att k\u00e4nna den uppfriskande havsbrisen i ansiktet och ta in det hisnande landskapet runt Hurghada. Ridning \u00e4r inte bara en rolig och njutbar aktivitet, utan det kan ocks\u00e5 hj\u00e4lpa till med olika h\u00e4lsoproblem och h\u00e5lla dig i form.<\/p>\n<p>Vi h\u00e4mtar dig fr\u00e5n ditt hotell och tar dig till stallet, d\u00e4r du f\u00e5r en kort introduktion. Sedan kan du b\u00f6rja ditt \u00e4ventyr och rida h\u00e4starna i havet. V\u00e5ra h\u00e4star passar alla niv\u00e5er, fr\u00e5n nyb\u00f6rjare till professionella ryttare, och vi har h\u00e4star f\u00f6r barn ocks\u00e5.<\/p>\n<p>Vi rekommenderar starkt denna havsridningsupplevelse i Hurghada, Egypten, eftersom det \u00e4r ett perfekt s\u00e4tt att njuta av turen, ha kul och skapa best\u00e5ende minnen. Du b\u00f6rjar med en lugn promenad och f\u00e5r sedan chansen att simma med dessa v\u00e4nliga varelser. Gl\u00f6m inte att ta n\u00e5gra otroliga bilder f\u00f6r att minnas detta \u00f6gonblick f\u00f6r alltid. Du kan ocks\u00e5 prova trav f\u00f6r en mer sp\u00e4nnande upplevelse. Vi f\u00f6rst\u00e5r hur mycket h\u00e4star kan betyda f\u00f6r m\u00e4nniskor, och vi ser till att du f\u00e5r en s\u00e4ker och of\u00f6rgl\u00f6mlig upplevelse.<\/p>\n","protected":false},"featured_media":26548,"comment_status":"open","ping_status":"closed","template":"","meta":{"_coblocks_attr":"","_coblocks_dimensions":"","_coblocks_responsive_height":"","_coblocks_accordion_ie_support":"","_uag_custom_page_level_css":"","jetpack_publicize_message":"","jetpack_publicize_feature_enabled":true,"jetpack_social_post_already_shared":true,"jetpack_social_options":{"image_generator_settings":{"template":"highway","default_image_id":0,"font":"","enabled":false},"version":2},"_wpas_customize_per_network":false},"product_brand":[],"product_cat":[18869,18873],"product_tag":[19022,19007,19008,18998],"class_list":{"0":"post-26541","1":"product","2":"type-product","3":"status-publish","4":"has-post-thumbnail","6":"product_cat-hurghada-utflykter","7":"product_cat-underhallningsutflykter-hurghada","8":"product_tag-havet","9":"product_tag-hastridning","10":"product_tag-hurghada-sv","11":"product_tag-utflykt","12":"pa_age-barn","13":"pa_age-vuxen","15":"first","16":"instock","17":"sale","18":"taxable","19":"shipping-taxable","20":"purchasable","21":"product-type-variable"},"yoast_head":"<!-- This site is optimized with the Yoast SEO Premium plugin v27.5 (Yoast SEO v27.5) - https:\/\/yoast.com\/product\/yoast-seo-premium-wordpress\/ -->\n<title>Ridning till havs i Hurghada<\/title>\n<meta name=\"description\" content=\"Ridning till havs i Hurghada kan du njuta av ridh\u00e4star i \u00f6ppet hav i tv\u00e5 timmar, lugna ridh\u00e4star p\u00e5 en promenad och till och med; trav. Du kommer att f\u00e5\" \/>\n<meta name=\"robots\" content=\"index, follow, max-snippet:-1, max-image-preview:large, max-video-preview:-1\" \/>\n<link rel=\"canonical\" href=\"https:\/\/landioustravel.com\/sv\/shop\/ridning-havs-hurghada\/\" \/>\n<meta property=\"og:locale\" content=\"sv_SE\" \/>\n<meta property=\"og:type\" content=\"article\" \/>\n<meta property=\"og:title\" content=\"Ridning till havs i Hurghada\" \/>\n<meta property=\"og:description\" content=\"Landious Travel\" \/>\n<meta property=\"og:url\" content=\"https:\/\/landioustravel.com\/sv\/shop\/ridning-havs-hurghada\/\" \/>\n<meta property=\"og:site_name\" content=\"Landious Travel\" \/>\n<meta property=\"article:publisher\" content=\"https:\/\/web.facebook.com\/landiousEgypt\" \/>\n<meta property=\"article:modified_time\" content=\"2024-03-27T02:44:46+00:00\" \/>\n<meta property=\"og:image\" content=\"https:\/\/i0.wp.com\/landioustravel.com\/wp-content\/uploads\/2019\/02\/horseback_riding_in_hurghada.jpg?fit=823%2C463&ssl=1\" \/>\n\t<meta property=\"og:image:width\" content=\"823\" \/>\n\t<meta property=\"og:image:height\" content=\"463\" \/>\n\t<meta property=\"og:image:type\" content=\"image\/jpeg\" \/>\n<meta name=\"twitter:card\" content=\"summary_large_image\" \/>\n<meta name=\"twitter:site\" content=\"@LandiousTours\" \/>\n<meta name=\"twitter:label1\" content=\"Ber\u00e4knad l\u00e4stid\" \/>\n\t<meta name=\"twitter:data1\" content=\"2 minuter\" \/>\n<script type=\"application\/ld+json\" class=\"yoast-schema-graph\">{\"@context\":\"https:\\\/\\\/schema.org\",\"@graph\":[{\"@type\":\"WebPage\",\"@id\":\"https:\\\/\\\/landioustravel.com\\\/sv\\\/shop\\\/ridning-havs-hurghada\\\/\",\"url\":\"https:\\\/\\\/landioustravel.com\\\/sv\\\/shop\\\/ridning-havs-hurghada\\\/\",\"name\":\"Ridning till havs i Hurghada\",\"isPartOf\":{\"@id\":\"https:\\\/\\\/landioustravel.com\\\/sv\\\/#website\"},\"primaryImageOfPage\":{\"@id\":\"https:\\\/\\\/landioustravel.com\\\/sv\\\/shop\\\/ridning-havs-hurghada\\\/#primaryimage\"},\"image\":{\"@id\":\"https:\\\/\\\/landioustravel.com\\\/sv\\\/shop\\\/ridning-havs-hurghada\\\/#primaryimage\"},\"thumbnailUrl\":\"https:\\\/\\\/i0.wp.com\\\/landioustravel.com\\\/wp-content\\\/uploads\\\/2019\\\/02\\\/horseback_riding_in_hurghada.jpg?fit=823%2C463&ssl=1\",\"datePublished\":\"2020-12-21T00:42:18+00:00\",\"dateModified\":\"2024-03-27T02:44:46+00:00\",\"description\":\"Ridning till havs i Hurghada kan du njuta av ridh\u00e4star i \u00f6ppet hav i tv\u00e5 timmar, lugna ridh\u00e4star p\u00e5 en promenad och till och med; trav. Du kommer att f\u00e5\",\"breadcrumb\":{\"@id\":\"https:\\\/\\\/landioustravel.com\\\/sv\\\/shop\\\/ridning-havs-hurghada\\\/#breadcrumb\"},\"inLanguage\":\"sv-SE\",\"potentialAction\":[{\"@type\":\"ReadAction\",\"target\":[\"https:\\\/\\\/landioustravel.com\\\/sv\\\/shop\\\/ridning-havs-hurghada\\\/\"]}]},{\"@type\":\"ImageObject\",\"inLanguage\":\"sv-SE\",\"@id\":\"https:\\\/\\\/landioustravel.com\\\/sv\\\/shop\\\/ridning-havs-hurghada\\\/#primaryimage\",\"url\":\"https:\\\/\\\/i0.wp.com\\\/landioustravel.com\\\/wp-content\\\/uploads\\\/2019\\\/02\\\/horseback_riding_in_hurghada.jpg?fit=823%2C463&ssl=1\",\"contentUrl\":\"https:\\\/\\\/i0.wp.com\\\/landioustravel.com\\\/wp-content\\\/uploads\\\/2019\\\/02\\\/horseback_riding_in_hurghada.jpg?fit=823%2C463&ssl=1\",\"width\":823,\"height\":463,\"caption\":\"Excursion sea horseback riding in Hurghada\"},{\"@type\":\"BreadcrumbList\",\"@id\":\"https:\\\/\\\/landioustravel.com\\\/sv\\\/shop\\\/ridning-havs-hurghada\\\/#breadcrumb\",\"itemListElement\":[{\"@type\":\"ListItem\",\"position\":1,\"name\":\"Home\",\"item\":\"https:\\\/\\\/landioustravel.com\\\/sv\\\/\"},{\"@type\":\"ListItem\",\"position\":2,\"name\":\"Tj\u00e4nster &#038; turer\",\"item\":\"https:\\\/\\\/landioustravel.com\\\/sv\\\/\"},{\"@type\":\"ListItem\",\"position\":3,\"name\":\"Ridning till havs i Hurghada\"}]},{\"@type\":\"WebSite\",\"@id\":\"https:\\\/\\\/landioustravel.com\\\/sv\\\/#website\",\"url\":\"https:\\\/\\\/landioustravel.com\\\/sv\\\/\",\"name\":\"Landious Travel\",\"description\":\"Excursions, trips and cruises in Egypt\",\"publisher\":{\"@id\":\"https:\\\/\\\/landioustravel.com\\\/sv\\\/#organization\"},\"potentialAction\":[{\"@type\":\"SearchAction\",\"target\":{\"@type\":\"EntryPoint\",\"urlTemplate\":\"https:\\\/\\\/landioustravel.com\\\/sv\\\/?s={search_term_string}\"},\"query-input\":{\"@type\":\"PropertyValueSpecification\",\"valueRequired\":true,\"valueName\":\"search_term_string\"}}],\"inLanguage\":\"sv-SE\"},{\"@type\":[\"Organization\",\"Place\"],\"@id\":\"https:\\\/\\\/landioustravel.com\\\/sv\\\/#organization\",\"name\":\"Landious Travel\",\"alternateName\":\"Landious Travel\",\"url\":\"https:\\\/\\\/landioustravel.com\\\/sv\\\/\",\"logo\":{\"@id\":\"https:\\\/\\\/landioustravel.com\\\/sv\\\/shop\\\/ridning-havs-hurghada\\\/#local-main-organization-logo\"},\"image\":{\"@id\":\"https:\\\/\\\/landioustravel.com\\\/sv\\\/shop\\\/ridning-havs-hurghada\\\/#local-main-organization-logo\"},\"sameAs\":[\"https:\\\/\\\/web.facebook.com\\\/landiousEgypt\",\"https:\\\/\\\/x.com\\\/LandiousTours\",\"https:\\\/\\\/mastodon.social\\\/@landious\"],\"legalName\":\"Landious Travel\",\"telephone\":[],\"openingHoursSpecification\":[{\"@type\":\"OpeningHoursSpecification\",\"dayOfWeek\":[\"Monday\",\"Tuesday\",\"Wednesday\",\"Thursday\",\"Friday\",\"Saturday\",\"Sunday\"],\"opens\":\"09:00\",\"closes\":\"17:00\"}]},{\"@type\":\"ImageObject\",\"inLanguage\":\"sv-SE\",\"@id\":\"https:\\\/\\\/landioustravel.com\\\/sv\\\/shop\\\/ridning-havs-hurghada\\\/#local-main-organization-logo\",\"url\":\"https:\\\/\\\/i0.wp.com\\\/landioustravel.com\\\/wp-content\\\/uploads\\\/2021\\\/06\\\/Landious-T.png?fit=500%2C500&ssl=1\",\"contentUrl\":\"https:\\\/\\\/i0.wp.com\\\/landioustravel.com\\\/wp-content\\\/uploads\\\/2021\\\/06\\\/Landious-T.png?fit=500%2C500&ssl=1\",\"width\":500,\"height\":500,\"caption\":\"Landious Travel\"}]}<\/script>\n<!-- \/ Yoast SEO Premium plugin. -->","yoast_head_json":{"title":"Ridning till havs i Hurghada","description":"Ridning till havs i Hurghada kan du njuta av ridh\u00e4star i \u00f6ppet hav i tv\u00e5 timmar, lugna ridh\u00e4star p\u00e5 en promenad och till och med; trav. Du kommer att f\u00e5","robots":{"index":"index","follow":"follow","max-snippet":"max-snippet:-1","max-image-preview":"max-image-preview:large","max-video-preview":"max-video-preview:-1"},"canonical":"https:\/\/landioustravel.com\/sv\/shop\/ridning-havs-hurghada\/","og_locale":"sv_SE","og_type":"article","og_title":"Ridning till havs i Hurghada","og_description":"Landious Travel","og_url":"https:\/\/landioustravel.com\/sv\/shop\/ridning-havs-hurghada\/","og_site_name":"Landious Travel","article_publisher":"https:\/\/web.facebook.com\/landiousEgypt","article_modified_time":"2024-03-27T02:44:46+00:00","og_image":[{"width":823,"height":463,"url":"https:\/\/i0.wp.com\/landioustravel.com\/wp-content\/uploads\/2019\/02\/horseback_riding_in_hurghada.jpg?fit=823%2C463&ssl=1","type":"image\/jpeg"}],"twitter_card":"summary_large_image","twitter_site":"@LandiousTours","twitter_misc":{"Ber\u00e4knad l\u00e4stid":"2 minuter"},"schema":{"@context":"https:\/\/schema.org","@graph":[{"@type":"WebPage","@id":"https:\/\/landioustravel.com\/sv\/shop\/ridning-havs-hurghada\/","url":"https:\/\/landioustravel.com\/sv\/shop\/ridning-havs-hurghada\/","name":"Ridning till havs i Hurghada","isPartOf":{"@id":"https:\/\/landioustravel.com\/sv\/#website"},"primaryImageOfPage":{"@id":"https:\/\/landioustravel.com\/sv\/shop\/ridning-havs-hurghada\/#primaryimage"},"image":{"@id":"https:\/\/landioustravel.com\/sv\/shop\/ridning-havs-hurghada\/#primaryimage"},"thumbnailUrl":"https:\/\/i0.wp.com\/landioustravel.com\/wp-content\/uploads\/2019\/02\/horseback_riding_in_hurghada.jpg?fit=823%2C463&ssl=1","datePublished":"2020-12-21T00:42:18+00:00","dateModified":"2024-03-27T02:44:46+00:00","description":"Ridning till havs i Hurghada kan du njuta av ridh\u00e4star i \u00f6ppet hav i tv\u00e5 timmar, lugna ridh\u00e4star p\u00e5 en promenad och till och med; trav. Du kommer att f\u00e5","breadcrumb":{"@id":"https:\/\/landioustravel.com\/sv\/shop\/ridning-havs-hurghada\/#breadcrumb"},"inLanguage":"sv-SE","potentialAction":[{"@type":"ReadAction","target":["https:\/\/landioustravel.com\/sv\/shop\/ridning-havs-hurghada\/"]}]},{"@type":"ImageObject","inLanguage":"sv-SE","@id":"https:\/\/landioustravel.com\/sv\/shop\/ridning-havs-hurghada\/#primaryimage","url":"https:\/\/i0.wp.com\/landioustravel.com\/wp-content\/uploads\/2019\/02\/horseback_riding_in_hurghada.jpg?fit=823%2C463&ssl=1","contentUrl":"https:\/\/i0.wp.com\/landioustravel.com\/wp-content\/uploads\/2019\/02\/horseback_riding_in_hurghada.jpg?fit=823%2C463&ssl=1","width":823,"height":463,"caption":"Excursion sea horseback riding in Hurghada"},{"@type":"BreadcrumbList","@id":"https:\/\/landioustravel.com\/sv\/shop\/ridning-havs-hurghada\/#breadcrumb","itemListElement":[{"@type":"ListItem","position":1,"name":"Home","item":"https:\/\/landioustravel.com\/sv\/"},{"@type":"ListItem","position":2,"name":"Tj\u00e4nster &#038; turer","item":"https:\/\/landioustravel.com\/sv\/"},{"@type":"ListItem","position":3,"name":"Ridning till havs i Hurghada"}]},{"@type":"WebSite","@id":"https:\/\/landioustravel.com\/sv\/#website","url":"https:\/\/landioustravel.com\/sv\/","name":"Landious Travel","description":"Excursions, trips and cruises in Egypt","publisher":{"@id":"https:\/\/landioustravel.com\/sv\/#organization"},"potentialAction":[{"@type":"SearchAction","target":{"@type":"EntryPoint","urlTemplate":"https:\/\/landioustravel.com\/sv\/?s={search_term_string}"},"query-input":{"@type":"PropertyValueSpecification","valueRequired":true,"valueName":"search_term_string"}}],"inLanguage":"sv-SE"},{"@type":["Organization","Place"],"@id":"https:\/\/landioustravel.com\/sv\/#organization","name":"Landious Travel","alternateName":"Landious Travel","url":"https:\/\/landioustravel.com\/sv\/","logo":{"@id":"https:\/\/landioustravel.com\/sv\/shop\/ridning-havs-hurghada\/#local-main-organization-logo"},"image":{"@id":"https:\/\/landioustravel.com\/sv\/shop\/ridning-havs-hurghada\/#local-main-organization-logo"},"sameAs":["https:\/\/web.facebook.com\/landiousEgypt","https:\/\/x.com\/LandiousTours","https:\/\/mastodon.social\/@landious"],"legalName":"Landious Travel","telephone":[],"openingHoursSpecification":[{"@type":"OpeningHoursSpecification","dayOfWeek":["Monday","Tuesday","Wednesday","Thursday","Friday","Saturday","Sunday"],"opens":"09:00","closes":"17:00"}]},{"@type":"ImageObject","inLanguage":"sv-SE","@id":"https:\/\/landioustravel.com\/sv\/shop\/ridning-havs-hurghada\/#local-main-organization-logo","url":"https:\/\/i0.wp.com\/landioustravel.com\/wp-content\/uploads\/2021\/06\/Landious-T.png?fit=500%2C500&ssl=1","contentUrl":"https:\/\/i0.wp.com\/landioustravel.com\/wp-content\/uploads\/2021\/06\/Landious-T.png?fit=500%2C500&ssl=1","width":500,"height":500,"caption":"Landious Travel"}]}},"jetpack_publicize_connections":[],"uagb_featured_image_src":{"full":["https:\/\/i0.wp.com\/landioustravel.com\/wp-content\/uploads\/2019\/02\/horseback_riding_in_hurghada.jpg?fit=823%2C463&ssl=1",823,463,false],"thumbnail":["https:\/\/i0.wp.com\/landioustravel.com\/wp-content\/uploads\/2019\/02\/horseback_riding_in_hurghada.jpg?resize=150%2C150&ssl=1",150,150,true],"medium":["https:\/\/i0.wp.com\/landioustravel.com\/wp-content\/uploads\/2019\/02\/horseback_riding_in_hurghada.jpg?fit=300%2C169&ssl=1",300,169,true],"medium_large":["https:\/\/i0.wp.com\/landioustravel.com\/wp-content\/uploads\/2019\/02\/horseback_riding_in_hurghada.jpg?fit=768%2C432&ssl=1",768,432,true],"large":["https:\/\/i0.wp.com\/landioustravel.com\/wp-content\/uploads\/2019\/02\/horseback_riding_in_hurghada.jpg?fit=823%2C463&ssl=1",823,463,true],"1536x1536":["https:\/\/i0.wp.com\/landioustravel.com\/wp-content\/uploads\/2019\/02\/horseback_riding_in_hurghada.jpg?fit=823%2C463&ssl=1",823,463,true],"2048x2048":["https:\/\/i0.wp.com\/landioustravel.com\/wp-content\/uploads\/2019\/02\/horseback_riding_in_hurghada.jpg?fit=823%2C463&ssl=1",823,463,true],"newspack-article-block-landscape-large":["https:\/\/i0.wp.com\/landioustravel.com\/wp-content\/uploads\/2019\/02\/horseback_riding_in_hurghada.jpg?resize=823%2C463&ssl=1",823,463,true],"newspack-article-block-portrait-large":["https:\/\/i0.wp.com\/landioustravel.com\/wp-content\/uploads\/2019\/02\/horseback_riding_in_hurghada.jpg?resize=823%2C463&ssl=1",823,463,true],"newspack-article-block-square-large":["https:\/\/i0.wp.com\/landioustravel.com\/wp-content\/uploads\/2019\/02\/horseback_riding_in_hurghada.jpg?resize=823%2C463&ssl=1",823,463,true],"newspack-article-block-landscape-medium":["https:\/\/i0.wp.com\/landioustravel.com\/wp-content\/uploads\/2019\/02\/horseback_riding_in_hurghada.jpg?resize=800%2C463&ssl=1",800,463,true],"newspack-article-block-portrait-medium":["https:\/\/i0.wp.com\/landioustravel.com\/wp-content\/uploads\/2019\/02\/horseback_riding_in_hurghada.jpg?resize=600%2C463&ssl=1",600,463,true],"newspack-article-block-square-medium":["https:\/\/i0.wp.com\/landioustravel.com\/wp-content\/uploads\/2019\/02\/horseback_riding_in_hurghada.jpg?resize=800%2C463&ssl=1",800,463,true],"newspack-article-block-landscape-intermediate":["https:\/\/i0.wp.com\/landioustravel.com\/wp-content\/uploads\/2019\/02\/horseback_riding_in_hurghada.jpg?resize=600%2C450&ssl=1",600,450,true],"newspack-article-block-portrait-intermediate":["https:\/\/i0.wp.com\/landioustravel.com\/wp-content\/uploads\/2019\/02\/horseback_riding_in_hurghada.jpg?resize=450%2C463&ssl=1",450,463,true],"newspack-article-block-square-intermediate":["https:\/\/i0.wp.com\/landioustravel.com\/wp-content\/uploads\/2019\/02\/horseback_riding_in_hurghada.jpg?resize=600%2C463&ssl=1",600,463,true],"newspack-article-block-landscape-small":["https:\/\/i0.wp.com\/landioustravel.com\/wp-content\/uploads\/2019\/02\/horseback_riding_in_hurghada.jpg?resize=400%2C300&ssl=1",400,300,true],"newspack-article-block-portrait-small":["https:\/\/i0.wp.com\/landioustravel.com\/wp-content\/uploads\/2019\/02\/horseback_riding_in_hurghada.jpg?resize=300%2C400&ssl=1",300,400,true],"newspack-article-block-square-small":["https:\/\/i0.wp.com\/landioustravel.com\/wp-content\/uploads\/2019\/02\/horseback_riding_in_hurghada.jpg?resize=400%2C400&ssl=1",400,400,true],"newspack-article-block-landscape-tiny":["https:\/\/i0.wp.com\/landioustravel.com\/wp-content\/uploads\/2019\/02\/horseback_riding_in_hurghada.jpg?resize=200%2C150&ssl=1",200,150,true],"newspack-article-block-portrait-tiny":["https:\/\/i0.wp.com\/landioustravel.com\/wp-content\/uploads\/2019\/02\/horseback_riding_in_hurghada.jpg?resize=150%2C200&ssl=1",150,200,true],"newspack-article-block-square-tiny":["https:\/\/i0.wp.com\/landioustravel.com\/wp-content\/uploads\/2019\/02\/horseback_riding_in_hurghada.jpg?resize=200%2C200&ssl=1",200,200,true],"newspack-article-block-uncropped":["https:\/\/i0.wp.com\/landioustravel.com\/wp-content\/uploads\/2019\/02\/horseback_riding_in_hurghada.jpg?fit=823%2C463&ssl=1",823,463,true],"woocommerce_thumbnail":["https:\/\/i0.wp.com\/landioustravel.com\/wp-content\/uploads\/2019\/02\/horseback_riding_in_hurghada.jpg?resize=324%2C324&ssl=1",324,324,true],"woocommerce_single":["https:\/\/i0.wp.com\/landioustravel.com\/wp-content\/uploads\/2019\/02\/horseback_riding_in_hurghada.jpg?fit=416%2C234&ssl=1",416,234,true],"woocommerce_gallery_thumbnail":["https:\/\/i0.wp.com\/landioustravel.com\/wp-content\/uploads\/2019\/02\/horseback_riding_in_hurghada.jpg?resize=100%2C100&ssl=1",100,100,true]},"uagb_author_info":{"display_name":"Mofreh Landious","author_link":"https:\/\/landioustravel.com\/sv\/author\/"},"uagb_comment_info":4,"uagb_excerpt":"F\u00f6r dig som \u00e4lskar h\u00e4star \u00e4r detta ett otroligt \u00e4ventyr som du inte vill missa! I Hurghada kan du ge dig ut p\u00e5 en ridutflykt till havet som varar i tv\u00e5 timmar. Du kommer att ha m\u00f6jlighet att rida p\u00e5 det \u00f6ppna havet, ta en fridfull promenad p\u00e5 h\u00e4stryggen och till och med prova trav.&hellip;","jetpack_sharing_enabled":true,"jetpack_likes_enabled":true,"amp_enabled":true,"_links":{"self":[{"href":"https:\/\/landioustravel.com\/sv\/wp-json\/wp\/v2\/product\/26541","targetHints":{"allow":["GET"]}}],"collection":[{"href":"https:\/\/landioustravel.com\/sv\/wp-json\/wp\/v2\/product"}],"about":[{"href":"https:\/\/landioustravel.com\/sv\/wp-json\/wp\/v2\/types\/product"}],"replies":[{"embeddable":true,"href":"https:\/\/landioustravel.com\/sv\/wp-json\/wp\/v2\/comments?post=26541"}],"wp:featuredmedia":[{"embeddable":true,"href":"https:\/\/landioustravel.com\/sv\/wp-json\/wp\/v2\/media\/26548"}],"wp:attachment":[{"href":"https:\/\/landioustravel.com\/sv\/wp-json\/wp\/v2\/media?parent=26541"}],"wp:term":[{"taxonomy":"product_brand","embeddable":true,"href":"https:\/\/landioustravel.com\/sv\/wp-json\/wp\/v2\/product_brand?post=26541"},{"taxonomy":"product_cat","embeddable":true,"href":"https:\/\/landioustravel.com\/sv\/wp-json\/wp\/v2\/product_cat?post=26541"},{"taxonomy":"product_tag","embeddable":true,"href":"https:\/\/landioustravel.com\/sv\/wp-json\/wp\/v2\/product_tag?post=26541"}],"curies":[{"name":"wp","href":"https:\/\/api.w.org\/{rel}","templated":true}]}}