{"id":26558,"date":"2020-12-21T03:28:48","date_gmt":"2020-12-21T18:46:28","guid":{"rendered":"https:\/\/landioustravel.com\/?post_type=product&#038;p=26558"},"modified":"2024-09-23T20:14:33","modified_gmt":"2024-09-23T17:14:33","slug":"individuell-fyrhjuling-hurghada","status":"publish","type":"product","link":"https:\/\/landioustravel.com\/sv\/shop\/individuell-fyrhjuling-hurghada\/","title":{"rendered":"Individuell fyrhjuling i Hurghada"},"content":{"rendered":"<p>Det \u00e4r en mycket aktiv privat resa f\u00f6r fyrhjuling i Hurghada, Egypten! Vi rekommenderar utflykten f\u00f6r det faktum att det till\u00e5ter turister att spendera en bra tid p\u00e5 att k\u00f6ra fyrhjulingar l\u00e5ngt i \u00f6knen _ 50 km, uppt\u00e4cka \u00f6knen i Hurghada och bekanta sig med beduinkulturen. Det \u00e4r en h\u00e4rlig upplevelse f\u00f6r tre timmar moto-safari i Hurghada!<\/p>\n<h2>Huvudpunkter f\u00f6r utflyktsprogram f\u00f6r fyrhjuling<\/h2>\n<ul>\n<li>Fyrhjuling p\u00e5 ett avst\u00e5nd av 50 km i \u00f6knen<\/li>\n<li>Kamelridning<\/li>\n<li>Dricker ocks\u00e5 te i beduint\u00e4ltet<\/li>\n<\/ul>\n<h3>Quad Cykelturprogram i Hurghada<\/h3>\n<ul>\n<li>Landious Travel-representant h\u00e4mtar dig fr\u00e5n hotellet i Hurghada, klockan 08:00<\/li>\n<li>Efter att ha h\u00e4mtat alla bes\u00f6kare g\u00e5r v\u00e5r minibuss \/ jeep mot \u00f6knen, d\u00e4r det finns en fyrhjuling. V\u00e4gen till basen tar cirka 30 minuter<\/li>\n<li>I b\u00f6rjan av individuell fyrhjuling i Hurghada m\u00e5ste du g\u00f6ra dig redo att s\u00e4tta en halsduk p\u00e5 huvudet, hj\u00e4lmen och b\u00e4ra solglas\u00f6gon<\/li>\n<li>Sedan finns det instruktion och tr\u00e4ning under lite tid<\/li>\n<li>D\u00e4refter k\u00f6r du 25 km \u00f6ver \u00f6knen till beduinbyen<\/li>\n<li>S\u00e5 snart du anl\u00e4nder till beduinbyn, \u00e5ker du p\u00e5 kamelridning och tar bilder med beduinerna<\/li>\n<li>Efter kamelridning f\u00f6ljer guiden dig till beduint\u00e4ltet. D\u00e4r dricker du te och st\u00e4ller dina guide fr\u00e5gor du beh\u00f6ver f\u00f6r att f\u00e5 svar p\u00e5<\/li>\n<li>\u00c5terigen g\u00f6r du dig redo att k\u00f6ra 25 km tillbaka till basen. Denna resa p\u00e5 fyrhjulingssafari tar vanligtvis tre timmar.<\/li>\n<li>N\u00e4r du har avslutat ditt \u00e4ventyr och underbara aktivitet b\u00f6rjar en bild- och DVD-briefing. I slutet av simturen med delfinerna kommer din tr\u00e4nare att erbjuda dig att ta n\u00e5gra bilder f\u00f6r att memorera dessa h\u00e4rliga stunder. Efter\u00e5t, dessa bilder till dig mot extra kostnad. Priset p\u00e5 det varierar beroende p\u00e5 dess storlek. Det kommer att vara n\u00e5got valfritt att ha det. DVD-briefingen p\u00e5g\u00e5r i 30 minuter<\/li>\n<li>Slutligen eskorterar vi dig tillbaka till dina hotell<\/li>\n<li>Denna &#8221;Individuella fyrhjuling i Hurghada&#8221; slutar klockan 12:00<\/li>\n<\/ul>\n<h4>Vad ing\u00e5r i resepriset<\/h4>\n<ul>\n<li>\u00d6verf\u00f6r till \u00f6knen och tillbaka till hotellet<\/li>\n<\/ul>\n<h5>Vad ing\u00e5r inte i resans pris<\/h5>\n<ul>\n<li>Video DVD<\/li>\n<li>\u00c4ven foto-CD<\/li>\n<\/ul>\n<h6>Vad du ska ta f\u00f6r den tre timmar l\u00e5nga moto-safari-resan<\/h6>\n<ul>\n<li>Scarf<\/li>\n<li>Ocks\u00e5 solglas\u00f6gon<\/li>\n<\/ul>\n<h6>Dagar med utflyktsorganisation<\/h6>\n<ul>\n<li>Dagligen fr\u00e5n kl. 08.00 till 12.00<\/li>\n<\/ul>\n","protected":false},"excerpt":{"rendered":"<p>Bli upphetsad f\u00f6r ett kommande \u00e4ventyr p\u00e5 Morning Quad Biking Tour i Hurghada! Denna turn\u00e9 \u00e4r ett perfekt tillf\u00e4lle att f\u00f6rdjupa dig i Egyptens \u00f6kennatur och tr\u00e4ffa beduinerna. Under denna sp\u00e4nnande \u00f6kensafari kommer du att ge dig ut p\u00e5 en 50 km fyrhjulingstur och till och med f\u00e5 uppleva kamelridning. Plus, turn\u00e9priset inkluderar transfer f\u00f6r extra bekv\u00e4mlighet.<\/p>\n<p>F\u00f6rbered dig f\u00f6r en of\u00f6rgl\u00f6mlig morgon n\u00e4r du f\u00f6ljer med oss p\u00e5 Morning Quad Biking Tour i Hurghada. Vid ankomsten f\u00e5r du viktiga instruktioner och en snabb provk\u00f6rning f\u00f6r att s\u00e4kerst\u00e4lla en s\u00e4ker och njutbar upplevelse. G\u00f6r dig sedan redo att utforska \u00f6knen n\u00e4r du rider genom sanddyner och tar dig till en liten beduinby.<\/p>\n<p>N\u00e4r du v\u00e4l anl\u00e4nder kan du luta dig tillbaka och njuta av l\u00e4sk, beduint\u00e9 och till och med en kameltur innan du g\u00e5r tillbaka till basen p\u00e5 din fyrhjuling. Missa inte detta otroliga \u00e4ventyr \u2013 boka din plats idag!<\/p>\n","protected":false},"featured_media":45404,"comment_status":"open","ping_status":"closed","template":"","meta":{"_coblocks_attr":"","_coblocks_dimensions":"","_coblocks_responsive_height":"","_coblocks_accordion_ie_support":"","_uag_custom_page_level_css":"","jetpack_post_was_ever_published":false,"jetpack_publicize_message":"","jetpack_publicize_feature_enabled":true,"jetpack_social_post_already_shared":true,"jetpack_social_options":{"image_generator_settings":{"template":"highway","default_image_id":0,"font":"","enabled":false},"version":2},"_wpas_customize_per_network":false},"product_brand":[],"product_cat":[18884],"product_tag":[18978,19018,19017,19008,18998],"class_list":{"0":"post-26558","1":"product","2":"type-product","3":"status-publish","4":"has-post-thumbnail","6":"product_cat-individuella-utflykter-hurghada","7":"product_tag-okonsafari","8":"product_tag-en-safari","9":"product_tag-fyrhjuling","10":"product_tag-hurghada-sv","11":"product_tag-utflykt","13":"first","14":"instock","15":"sale","16":"taxable","17":"shipping-taxable","18":"purchasable","19":"product-type-variable"},"yoast_head":"<!-- This site is optimized with the Yoast SEO Premium plugin v26.9 (Yoast SEO v27.3) - https:\/\/yoast.com\/product\/yoast-seo-premium-wordpress\/ -->\n<title>Individuell fyrhjuling i Hurghada<\/title>\n<meta name=\"description\" content=\"Individuell fyrhjuling i Hurghada kan du njuta av fyrhjuling p\u00e5 ett avst\u00e5nd av 50 km, samt kamelridning! Resan l\u00e5ter dig bekanta dig med \u00f6kennaturen\" \/>\n<meta name=\"robots\" content=\"index, follow, max-snippet:-1, max-image-preview:large, max-video-preview:-1\" \/>\n<link rel=\"canonical\" href=\"https:\/\/landioustravel.com\/sv\/shop\/individuell-fyrhjuling-hurghada\/\" \/>\n<meta property=\"og:locale\" content=\"sv_SE\" \/>\n<meta property=\"og:type\" content=\"article\" \/>\n<meta property=\"og:title\" content=\"Individuell fyrhjuling i Hurghada\" \/>\n<meta property=\"og:description\" content=\"Landious Travel\" \/>\n<meta property=\"og:url\" content=\"https:\/\/landioustravel.com\/sv\/shop\/individuell-fyrhjuling-hurghada\/\" \/>\n<meta property=\"og:site_name\" content=\"Landious Travel\" \/>\n<meta property=\"article:publisher\" content=\"https:\/\/web.facebook.com\/landiousEgypt\" \/>\n<meta property=\"article:modified_time\" content=\"2024-09-23T17:14:33+00:00\" \/>\n<meta property=\"og:image\" content=\"https:\/\/i0.wp.com\/landioustravel.com\/wp-content\/uploads\/2020\/12\/Individual-Quad-Biking-Hurghada-e1617500691537.jpg?fit=1200%2C675&ssl=1\" \/>\n\t<meta property=\"og:image:width\" content=\"1200\" \/>\n\t<meta property=\"og:image:height\" content=\"675\" \/>\n\t<meta property=\"og:image:type\" content=\"image\/jpeg\" \/>\n<meta name=\"twitter:card\" content=\"summary_large_image\" \/>\n<meta name=\"twitter:site\" content=\"@LandiousTours\" \/>\n<meta name=\"twitter:label1\" content=\"Ber\u00e4knad l\u00e4stid\" \/>\n\t<meta name=\"twitter:data1\" content=\"2 minuter\" \/>\n<script type=\"application\/ld+json\" class=\"yoast-schema-graph\">{\"@context\":\"https:\\\/\\\/schema.org\",\"@graph\":[{\"@type\":\"WebPage\",\"@id\":\"https:\\\/\\\/landioustravel.com\\\/sv\\\/shop\\\/individuell-fyrhjuling-hurghada\\\/\",\"url\":\"https:\\\/\\\/landioustravel.com\\\/sv\\\/shop\\\/individuell-fyrhjuling-hurghada\\\/\",\"name\":\"Individuell fyrhjuling i Hurghada\",\"isPartOf\":{\"@id\":\"https:\\\/\\\/landioustravel.com\\\/sv\\\/#website\"},\"primaryImageOfPage\":{\"@id\":\"https:\\\/\\\/landioustravel.com\\\/sv\\\/shop\\\/individuell-fyrhjuling-hurghada\\\/#primaryimage\"},\"image\":{\"@id\":\"https:\\\/\\\/landioustravel.com\\\/sv\\\/shop\\\/individuell-fyrhjuling-hurghada\\\/#primaryimage\"},\"thumbnailUrl\":\"https:\\\/\\\/i0.wp.com\\\/landioustravel.com\\\/wp-content\\\/uploads\\\/2020\\\/12\\\/Individual-Quad-Biking-Hurghada-e1617500691537.jpg?fit=1200%2C675&ssl=1\",\"datePublished\":\"2020-12-21T18:46:28+00:00\",\"dateModified\":\"2024-09-23T17:14:33+00:00\",\"description\":\"Individuell fyrhjuling i Hurghada kan du njuta av fyrhjuling p\u00e5 ett avst\u00e5nd av 50 km, samt kamelridning! Resan l\u00e5ter dig bekanta dig med \u00f6kennaturen\",\"breadcrumb\":{\"@id\":\"https:\\\/\\\/landioustravel.com\\\/sv\\\/shop\\\/individuell-fyrhjuling-hurghada\\\/#breadcrumb\"},\"inLanguage\":\"sv-SE\",\"potentialAction\":[{\"@type\":\"ReadAction\",\"target\":[\"https:\\\/\\\/landioustravel.com\\\/sv\\\/shop\\\/individuell-fyrhjuling-hurghada\\\/\"]}]},{\"@type\":\"ImageObject\",\"inLanguage\":\"sv-SE\",\"@id\":\"https:\\\/\\\/landioustravel.com\\\/sv\\\/shop\\\/individuell-fyrhjuling-hurghada\\\/#primaryimage\",\"url\":\"https:\\\/\\\/i0.wp.com\\\/landioustravel.com\\\/wp-content\\\/uploads\\\/2020\\\/12\\\/Individual-Quad-Biking-Hurghada-e1617500691537.jpg?fit=1200%2C675&ssl=1\",\"contentUrl\":\"https:\\\/\\\/i0.wp.com\\\/landioustravel.com\\\/wp-content\\\/uploads\\\/2020\\\/12\\\/Individual-Quad-Biking-Hurghada-e1617500691537.jpg?fit=1200%2C675&ssl=1\",\"width\":1200,\"height\":675,\"caption\":\"Individual Quad Biking Hurghada\"},{\"@type\":\"BreadcrumbList\",\"@id\":\"https:\\\/\\\/landioustravel.com\\\/sv\\\/shop\\\/individuell-fyrhjuling-hurghada\\\/#breadcrumb\",\"itemListElement\":[{\"@type\":\"ListItem\",\"position\":1,\"name\":\"Home\",\"item\":\"https:\\\/\\\/landioustravel.com\\\/sv\\\/\"},{\"@type\":\"ListItem\",\"position\":2,\"name\":\"Tj\u00e4nster &#038; turer\",\"item\":\"https:\\\/\\\/landioustravel.com\\\/sv\\\/\"},{\"@type\":\"ListItem\",\"position\":3,\"name\":\"Individuell fyrhjuling i Hurghada\"}]},{\"@type\":\"WebSite\",\"@id\":\"https:\\\/\\\/landioustravel.com\\\/sv\\\/#website\",\"url\":\"https:\\\/\\\/landioustravel.com\\\/sv\\\/\",\"name\":\"Landious Travel\",\"description\":\"Excursions, trips and cruises in Egypt\",\"publisher\":{\"@id\":\"https:\\\/\\\/landioustravel.com\\\/sv\\\/#organization\"},\"potentialAction\":[{\"@type\":\"SearchAction\",\"target\":{\"@type\":\"EntryPoint\",\"urlTemplate\":\"https:\\\/\\\/landioustravel.com\\\/sv\\\/?s={search_term_string}\"},\"query-input\":{\"@type\":\"PropertyValueSpecification\",\"valueRequired\":true,\"valueName\":\"search_term_string\"}}],\"inLanguage\":\"sv-SE\"},{\"@type\":[\"Organization\",\"Place\"],\"@id\":\"https:\\\/\\\/landioustravel.com\\\/sv\\\/#organization\",\"name\":\"Landious Travel\",\"alternateName\":\"Landious Travel\",\"url\":\"https:\\\/\\\/landioustravel.com\\\/sv\\\/\",\"logo\":{\"@id\":\"https:\\\/\\\/landioustravel.com\\\/sv\\\/shop\\\/individuell-fyrhjuling-hurghada\\\/#local-main-organization-logo\"},\"image\":{\"@id\":\"https:\\\/\\\/landioustravel.com\\\/sv\\\/shop\\\/individuell-fyrhjuling-hurghada\\\/#local-main-organization-logo\"},\"sameAs\":[\"https:\\\/\\\/web.facebook.com\\\/landiousEgypt\",\"https:\\\/\\\/x.com\\\/LandiousTours\",\"https:\\\/\\\/mastodon.social\\\/@landious\"],\"legalName\":\"Landious Travel\",\"telephone\":[],\"openingHoursSpecification\":[{\"@type\":\"OpeningHoursSpecification\",\"dayOfWeek\":[\"Monday\",\"Tuesday\",\"Wednesday\",\"Thursday\",\"Friday\",\"Saturday\",\"Sunday\"],\"opens\":\"09:00\",\"closes\":\"17:00\"}]},{\"@type\":\"ImageObject\",\"inLanguage\":\"sv-SE\",\"@id\":\"https:\\\/\\\/landioustravel.com\\\/sv\\\/shop\\\/individuell-fyrhjuling-hurghada\\\/#local-main-organization-logo\",\"url\":\"https:\\\/\\\/i0.wp.com\\\/landioustravel.com\\\/wp-content\\\/uploads\\\/2021\\\/06\\\/Landious-T.png?fit=500%2C500&ssl=1\",\"contentUrl\":\"https:\\\/\\\/i0.wp.com\\\/landioustravel.com\\\/wp-content\\\/uploads\\\/2021\\\/06\\\/Landious-T.png?fit=500%2C500&ssl=1\",\"width\":500,\"height\":500,\"caption\":\"Landious Travel\"}]}<\/script>\n<!-- \/ Yoast SEO Premium plugin. -->","yoast_head_json":{"title":"Individuell fyrhjuling i Hurghada","description":"Individuell fyrhjuling i Hurghada kan du njuta av fyrhjuling p\u00e5 ett avst\u00e5nd av 50 km, samt kamelridning! Resan l\u00e5ter dig bekanta dig med \u00f6kennaturen","robots":{"index":"index","follow":"follow","max-snippet":"max-snippet:-1","max-image-preview":"max-image-preview:large","max-video-preview":"max-video-preview:-1"},"canonical":"https:\/\/landioustravel.com\/sv\/shop\/individuell-fyrhjuling-hurghada\/","og_locale":"sv_SE","og_type":"article","og_title":"Individuell fyrhjuling i Hurghada","og_description":"Landious Travel","og_url":"https:\/\/landioustravel.com\/sv\/shop\/individuell-fyrhjuling-hurghada\/","og_site_name":"Landious Travel","article_publisher":"https:\/\/web.facebook.com\/landiousEgypt","article_modified_time":"2024-09-23T17:14:33+00:00","og_image":[{"width":1200,"height":675,"url":"https:\/\/i0.wp.com\/landioustravel.com\/wp-content\/uploads\/2020\/12\/Individual-Quad-Biking-Hurghada-e1617500691537.jpg?fit=1200%2C675&ssl=1","type":"image\/jpeg"}],"twitter_card":"summary_large_image","twitter_site":"@LandiousTours","twitter_misc":{"Ber\u00e4knad l\u00e4stid":"2 minuter"},"schema":{"@context":"https:\/\/schema.org","@graph":[{"@type":"WebPage","@id":"https:\/\/landioustravel.com\/sv\/shop\/individuell-fyrhjuling-hurghada\/","url":"https:\/\/landioustravel.com\/sv\/shop\/individuell-fyrhjuling-hurghada\/","name":"Individuell fyrhjuling i Hurghada","isPartOf":{"@id":"https:\/\/landioustravel.com\/sv\/#website"},"primaryImageOfPage":{"@id":"https:\/\/landioustravel.com\/sv\/shop\/individuell-fyrhjuling-hurghada\/#primaryimage"},"image":{"@id":"https:\/\/landioustravel.com\/sv\/shop\/individuell-fyrhjuling-hurghada\/#primaryimage"},"thumbnailUrl":"https:\/\/i0.wp.com\/landioustravel.com\/wp-content\/uploads\/2020\/12\/Individual-Quad-Biking-Hurghada-e1617500691537.jpg?fit=1200%2C675&ssl=1","datePublished":"2020-12-21T18:46:28+00:00","dateModified":"2024-09-23T17:14:33+00:00","description":"Individuell fyrhjuling i Hurghada kan du njuta av fyrhjuling p\u00e5 ett avst\u00e5nd av 50 km, samt kamelridning! Resan l\u00e5ter dig bekanta dig med \u00f6kennaturen","breadcrumb":{"@id":"https:\/\/landioustravel.com\/sv\/shop\/individuell-fyrhjuling-hurghada\/#breadcrumb"},"inLanguage":"sv-SE","potentialAction":[{"@type":"ReadAction","target":["https:\/\/landioustravel.com\/sv\/shop\/individuell-fyrhjuling-hurghada\/"]}]},{"@type":"ImageObject","inLanguage":"sv-SE","@id":"https:\/\/landioustravel.com\/sv\/shop\/individuell-fyrhjuling-hurghada\/#primaryimage","url":"https:\/\/i0.wp.com\/landioustravel.com\/wp-content\/uploads\/2020\/12\/Individual-Quad-Biking-Hurghada-e1617500691537.jpg?fit=1200%2C675&ssl=1","contentUrl":"https:\/\/i0.wp.com\/landioustravel.com\/wp-content\/uploads\/2020\/12\/Individual-Quad-Biking-Hurghada-e1617500691537.jpg?fit=1200%2C675&ssl=1","width":1200,"height":675,"caption":"Individual Quad Biking Hurghada"},{"@type":"BreadcrumbList","@id":"https:\/\/landioustravel.com\/sv\/shop\/individuell-fyrhjuling-hurghada\/#breadcrumb","itemListElement":[{"@type":"ListItem","position":1,"name":"Home","item":"https:\/\/landioustravel.com\/sv\/"},{"@type":"ListItem","position":2,"name":"Tj\u00e4nster &#038; turer","item":"https:\/\/landioustravel.com\/sv\/"},{"@type":"ListItem","position":3,"name":"Individuell fyrhjuling i Hurghada"}]},{"@type":"WebSite","@id":"https:\/\/landioustravel.com\/sv\/#website","url":"https:\/\/landioustravel.com\/sv\/","name":"Landious Travel","description":"Excursions, trips and cruises in Egypt","publisher":{"@id":"https:\/\/landioustravel.com\/sv\/#organization"},"potentialAction":[{"@type":"SearchAction","target":{"@type":"EntryPoint","urlTemplate":"https:\/\/landioustravel.com\/sv\/?s={search_term_string}"},"query-input":{"@type":"PropertyValueSpecification","valueRequired":true,"valueName":"search_term_string"}}],"inLanguage":"sv-SE"},{"@type":["Organization","Place"],"@id":"https:\/\/landioustravel.com\/sv\/#organization","name":"Landious Travel","alternateName":"Landious Travel","url":"https:\/\/landioustravel.com\/sv\/","logo":{"@id":"https:\/\/landioustravel.com\/sv\/shop\/individuell-fyrhjuling-hurghada\/#local-main-organization-logo"},"image":{"@id":"https:\/\/landioustravel.com\/sv\/shop\/individuell-fyrhjuling-hurghada\/#local-main-organization-logo"},"sameAs":["https:\/\/web.facebook.com\/landiousEgypt","https:\/\/x.com\/LandiousTours","https:\/\/mastodon.social\/@landious"],"legalName":"Landious Travel","telephone":[],"openingHoursSpecification":[{"@type":"OpeningHoursSpecification","dayOfWeek":["Monday","Tuesday","Wednesday","Thursday","Friday","Saturday","Sunday"],"opens":"09:00","closes":"17:00"}]},{"@type":"ImageObject","inLanguage":"sv-SE","@id":"https:\/\/landioustravel.com\/sv\/shop\/individuell-fyrhjuling-hurghada\/#local-main-organization-logo","url":"https:\/\/i0.wp.com\/landioustravel.com\/wp-content\/uploads\/2021\/06\/Landious-T.png?fit=500%2C500&ssl=1","contentUrl":"https:\/\/i0.wp.com\/landioustravel.com\/wp-content\/uploads\/2021\/06\/Landious-T.png?fit=500%2C500&ssl=1","width":500,"height":500,"caption":"Landious Travel"}]}},"jetpack_publicize_connections":[],"uagb_featured_image_src":{"full":["https:\/\/i0.wp.com\/landioustravel.com\/wp-content\/uploads\/2020\/12\/Individual-Quad-Biking-Hurghada-e1617500691537.jpg?fit=1200%2C675&ssl=1",1200,675,false],"thumbnail":["https:\/\/i0.wp.com\/landioustravel.com\/wp-content\/uploads\/2020\/12\/Individual-Quad-Biking-Hurghada-e1617500691537.jpg?resize=150%2C150&ssl=1",150,150,true],"medium":["https:\/\/i0.wp.com\/landioustravel.com\/wp-content\/uploads\/2020\/12\/Individual-Quad-Biking-Hurghada-e1617500691537.jpg?fit=300%2C169&ssl=1",300,169,true],"medium_large":["https:\/\/i0.wp.com\/landioustravel.com\/wp-content\/uploads\/2020\/12\/Individual-Quad-Biking-Hurghada-e1617500691537.jpg?fit=768%2C432&ssl=1",768,432,true],"large":["https:\/\/i0.wp.com\/landioustravel.com\/wp-content\/uploads\/2020\/12\/Individual-Quad-Biking-Hurghada-e1617500691537.jpg?fit=980%2C551&ssl=1",980,551,true],"1536x1536":["https:\/\/i0.wp.com\/landioustravel.com\/wp-content\/uploads\/2020\/12\/Individual-Quad-Biking-Hurghada-e1617500691537.jpg?fit=1200%2C675&ssl=1",1200,675,true],"2048x2048":["https:\/\/i0.wp.com\/landioustravel.com\/wp-content\/uploads\/2020\/12\/Individual-Quad-Biking-Hurghada-e1617500691537.jpg?fit=1200%2C675&ssl=1",1200,675,true],"newspack-article-block-landscape-large":["https:\/\/i0.wp.com\/landioustravel.com\/wp-content\/uploads\/2020\/12\/Individual-Quad-Biking-Hurghada-e1617500691537.jpg?resize=1200%2C675&ssl=1",1200,675,true],"newspack-article-block-portrait-large":["https:\/\/i0.wp.com\/landioustravel.com\/wp-content\/uploads\/2020\/12\/Individual-Quad-Biking-Hurghada-e1617500691537.jpg?resize=900%2C675&ssl=1",900,675,true],"newspack-article-block-square-large":["https:\/\/i0.wp.com\/landioustravel.com\/wp-content\/uploads\/2020\/12\/Individual-Quad-Biking-Hurghada-e1617500691537.jpg?resize=1200%2C675&ssl=1",1200,675,true],"newspack-article-block-landscape-medium":["https:\/\/i0.wp.com\/landioustravel.com\/wp-content\/uploads\/2020\/12\/Individual-Quad-Biking-Hurghada-e1617500691537.jpg?resize=800%2C600&ssl=1",800,600,true],"newspack-article-block-portrait-medium":["https:\/\/i0.wp.com\/landioustravel.com\/wp-content\/uploads\/2020\/12\/Individual-Quad-Biking-Hurghada-e1617500691537.jpg?resize=600%2C675&ssl=1",600,675,true],"newspack-article-block-square-medium":["https:\/\/i0.wp.com\/landioustravel.com\/wp-content\/uploads\/2020\/12\/Individual-Quad-Biking-Hurghada-e1617500691537.jpg?resize=800%2C675&ssl=1",800,675,true],"newspack-article-block-landscape-intermediate":["https:\/\/i0.wp.com\/landioustravel.com\/wp-content\/uploads\/2020\/12\/Individual-Quad-Biking-Hurghada-e1617500691537.jpg?resize=600%2C450&ssl=1",600,450,true],"newspack-article-block-portrait-intermediate":["https:\/\/i0.wp.com\/landioustravel.com\/wp-content\/uploads\/2020\/12\/Individual-Quad-Biking-Hurghada-e1617500691537.jpg?resize=450%2C600&ssl=1",450,600,true],"newspack-article-block-square-intermediate":["https:\/\/i0.wp.com\/landioustravel.com\/wp-content\/uploads\/2020\/12\/Individual-Quad-Biking-Hurghada-e1617500691537.jpg?resize=600%2C600&ssl=1",600,600,true],"newspack-article-block-landscape-small":["https:\/\/i0.wp.com\/landioustravel.com\/wp-content\/uploads\/2020\/12\/Individual-Quad-Biking-Hurghada-e1617500691537.jpg?resize=400%2C300&ssl=1",400,300,true],"newspack-article-block-portrait-small":["https:\/\/i0.wp.com\/landioustravel.com\/wp-content\/uploads\/2020\/12\/Individual-Quad-Biking-Hurghada-e1617500691537.jpg?resize=300%2C400&ssl=1",300,400,true],"newspack-article-block-square-small":["https:\/\/i0.wp.com\/landioustravel.com\/wp-content\/uploads\/2020\/12\/Individual-Quad-Biking-Hurghada-e1617500691537.jpg?resize=400%2C400&ssl=1",400,400,true],"newspack-article-block-landscape-tiny":["https:\/\/i0.wp.com\/landioustravel.com\/wp-content\/uploads\/2020\/12\/Individual-Quad-Biking-Hurghada-e1617500691537.jpg?resize=200%2C150&ssl=1",200,150,true],"newspack-article-block-portrait-tiny":["https:\/\/i0.wp.com\/landioustravel.com\/wp-content\/uploads\/2020\/12\/Individual-Quad-Biking-Hurghada-e1617500691537.jpg?resize=150%2C200&ssl=1",150,200,true],"newspack-article-block-square-tiny":["https:\/\/i0.wp.com\/landioustravel.com\/wp-content\/uploads\/2020\/12\/Individual-Quad-Biking-Hurghada-e1617500691537.jpg?resize=200%2C200&ssl=1",200,200,true],"newspack-article-block-uncropped":["https:\/\/i0.wp.com\/landioustravel.com\/wp-content\/uploads\/2020\/12\/Individual-Quad-Biking-Hurghada-e1617500691537.jpg?fit=1200%2C675&ssl=1",1200,675,true],"woocommerce_thumbnail":["https:\/\/i0.wp.com\/landioustravel.com\/wp-content\/uploads\/2020\/12\/Individual-Quad-Biking-Hurghada-e1617500691537.jpg?resize=324%2C324&ssl=1",324,324,true],"woocommerce_single":["https:\/\/i0.wp.com\/landioustravel.com\/wp-content\/uploads\/2020\/12\/Individual-Quad-Biking-Hurghada-e1617500691537.jpg?fit=416%2C234&ssl=1",416,234,true],"woocommerce_gallery_thumbnail":["https:\/\/i0.wp.com\/landioustravel.com\/wp-content\/uploads\/2020\/12\/Individual-Quad-Biking-Hurghada-e1617500691537.jpg?resize=100%2C100&ssl=1",100,100,true]},"uagb_author_info":{"display_name":"Mofreh Landious","author_link":"https:\/\/landioustravel.com\/sv\/author\/"},"uagb_comment_info":4,"uagb_excerpt":"Bli upphetsad f\u00f6r ett kommande \u00e4ventyr p\u00e5 Morning Quad Biking Tour i Hurghada! Denna turn\u00e9 \u00e4r ett perfekt tillf\u00e4lle att f\u00f6rdjupa dig i Egyptens \u00f6kennatur och tr\u00e4ffa beduinerna. Under denna sp\u00e4nnande \u00f6kensafari kommer du att ge dig ut p\u00e5 en 50 km fyrhjulingstur och till och med f\u00e5 uppleva kamelridning. Plus, turn\u00e9priset inkluderar transfer f\u00f6r&hellip;","jetpack_sharing_enabled":true,"jetpack_likes_enabled":true,"amp_enabled":true,"_links":{"self":[{"href":"https:\/\/landioustravel.com\/sv\/wp-json\/wp\/v2\/product\/26558","targetHints":{"allow":["GET"]}}],"collection":[{"href":"https:\/\/landioustravel.com\/sv\/wp-json\/wp\/v2\/product"}],"about":[{"href":"https:\/\/landioustravel.com\/sv\/wp-json\/wp\/v2\/types\/product"}],"replies":[{"embeddable":true,"href":"https:\/\/landioustravel.com\/sv\/wp-json\/wp\/v2\/comments?post=26558"}],"wp:featuredmedia":[{"embeddable":true,"href":"https:\/\/landioustravel.com\/sv\/wp-json\/wp\/v2\/media\/45404"}],"wp:attachment":[{"href":"https:\/\/landioustravel.com\/sv\/wp-json\/wp\/v2\/media?parent=26558"}],"wp:term":[{"taxonomy":"product_brand","embeddable":true,"href":"https:\/\/landioustravel.com\/sv\/wp-json\/wp\/v2\/product_brand?post=26558"},{"taxonomy":"product_cat","embeddable":true,"href":"https:\/\/landioustravel.com\/sv\/wp-json\/wp\/v2\/product_cat?post=26558"},{"taxonomy":"product_tag","embeddable":true,"href":"https:\/\/landioustravel.com\/sv\/wp-json\/wp\/v2\/product_tag?post=26558"}],"curies":[{"name":"wp","href":"https:\/\/api.w.org\/{rel}","templated":true}]}}