{"id":26646,"date":"2020-12-22T23:17:14","date_gmt":"2020-12-25T01:46:39","guid":{"rendered":"https:\/\/landioustravel.com\/?post_type=product&#038;p=26646"},"modified":"2024-07-05T09:17:26","modified_gmt":"2024-07-05T06:17:26","slug":"memphis-sakkara-resa-hurghada","status":"publish","type":"product","link":"https:\/\/landioustravel.com\/sv\/shop\/memphis-sakkara-resa-hurghada\/","title":{"rendered":"Memphis &#038; Sakkara resa fr\u00e5n Hurghada"},"content":{"rendered":"<p>Det \u00e4r en underbar dagsutflykt till Pyramid Complex i Giza, Sakkara och Memphis fr\u00e5n Hurghada, Egypten! Med gl\u00e4dje rekommenderar vi denna dagsutflykt f\u00f6r det faktum att det g\u00f6r det m\u00f6jligt f\u00f6r turister att se de mest imponerande sev\u00e4rdheterna och monumenten som byggdes under det gamla Egypten _ de gamla egyptiska pyramiderna och den \u00e4ldre stegpyramiden. Det l\u00e5ter ocks\u00e5 l\u00e4ra sig mer om landets historia.<\/p>\n<h2>Huvudpunkterna i det enskilda programmet i Memphis och Sakkara<\/h2>\n<ul>\n<li>Bes\u00f6k de tre pyramiderna i Giza<\/li>\n<li>The Valley Temple (Mummification Temple)<\/li>\n<li>Ocks\u00e5 den stora sfinxen i pyramidkomplexet<\/li>\n<li>Stegpyramiden av Djoser i Sakkara nekropolis<\/li>\n<li>Lunch<\/li>\n<li>Och statyn av Ramses II i Memphis<\/li>\n<\/ul>\n<h3>Program f\u00f6r utflykten till Giza-Memphis fr\u00e5n Hurghada<\/h3>\n<ul>\n<li>Landious Travel representant h\u00e4mtar dig fr\u00e5n ditt hotell i Hurghada. runt 01:00<\/li>\n<li>N\u00e4r vi v\u00e4l valt alla bes\u00f6kare, l\u00e4mnar ditt privata fordon (Limousine eller minibuss) direkt till Giza. V\u00e4gen, fr\u00e5n Kairos centrum till Giza, tar ungef\u00e4r en timme.<\/li>\n<\/ul>\n<h4>Program i Giza<\/h4>\n<ul>\n<li>S\u00e5 snart du anl\u00e4nder till Giza, g\u00e5r du till pyramidkomplexet, d\u00e4r det finns tre stora pyramider av Cheops, Chephren och Mykerinus. Forts\u00e4tt sedan med att bes\u00f6ka den stora sfinxen, som g\u00e5r tillbaka till Chephren och bes\u00f6ka Valley Temple. F\u00f6r din bekv\u00e4mlighet visar din guide dem och ger ledig tid f\u00f6r att ta en bild<\/li>\n<\/ul>\n<h4>Program i Sakkara<\/h4>\n<ul>\n<li>Vidare g\u00e5r du till Sakkara efter avslutat bes\u00f6k p\u00e5 Pyramids-komplexet i Giza. P\u00e5 denna intressanta plats kan du njuta av att bes\u00f6ka kung Djoser stegpyramid. Det \u00e4r v\u00e4rldens \u00e4ldsta stora stenstruktur som g\u00e5r tillbaka till tredje dynastin<\/li>\n<li>Lunch kommer strax efter detta fantastiska bes\u00f6k i Sakkara nekropolis<\/li>\n<\/ul>\n<h4>Program i Memphis<\/h4>\n<ul>\n<li>D\u00e4refter \u00e5ker du till denna gamla stad som grundades av kung Menes _ Memphis. Det \u00e4r v\u00e4rt att notera att det var Egyptens huvudstad under det gamla kungariket, och centrum f\u00f6r styre och kultur i \u00f6ver 3000 \u00e5r. F\u00f6ljaktligen kan du i Memphis se den fantastiska statyn av Ramses II och Alabaster Sphinx.<\/li>\n<li>Slutligen \u00e5ker du tillbaka till dina hotell efter ett s\u00e5dant program i den underbara staden Giza.<\/li>\n<li>Denna \u201cMemphis &amp; Sakkara-resa fr\u00e5n Hurghada\u201d slutar klockan 22:00<\/li>\n<\/ul>\n<h4>Vad ing\u00e5r i turn\u00e9priset<\/h4>\n<ul>\n<li>Biljetter till bes\u00f6kande tempel<\/li>\n<li>Drycker<\/li>\n<li>Privat guide<\/li>\n<li>\u00c4ven privat luftkonditionerat fordon<\/li>\n<\/ul>\n<h5>Vad ing\u00e5r inte i priset f\u00f6r turn\u00e9n<\/h5>\n<ul>\n<li>Ytterligare program om de inte ing\u00e5r i ovanst\u00e5ende program<\/li>\n<\/ul>\n<h6>VAD DU ska ta med dig f\u00f6r resan<\/h6>\n<ul>\n<li>Pass<\/li>\n<li>Solglas\u00f6gon<\/li>\n<li>Ocks\u00e5 kl\u00e4der f\u00f6r s\u00e4songen<\/li>\n<\/ul>\n<h6>DAGAR F\u00d6R UTFLYTTSORGANISATION<\/h6>\n<ul>\n<li>Dagligen fr\u00e5n kl. 01.00 till 22.00<\/li>\n<\/ul>\n","protected":false},"excerpt":{"rendered":"<p>Utforska Egyptens underverk med en privat dagstur till Memphis Sakkara och Dahshur-pyramiderna. Din erfarna Marsa Alam-reseguide h\u00e4mtar dig fr\u00e5n ditt hotell och tar dig med p\u00e5 en of\u00f6rgl\u00f6mlig resa. B\u00f6rja ditt \u00e4ventyr vid Sakkara, d\u00e4r du kommer att bes\u00f6ka v\u00e4rldens \u00e4ldsta stora stenstruktur, Kung Djosers stegpyramiden. Efter\u00e5t kan du njuta av en uts\u00f6kt lunch p\u00e5 en lokal restaurang innan du beger dig till Memphis, Egyptens f\u00f6rsta huvudstad och ett centrum f\u00f6r regel och kultur i \u00f6ver 3000 \u00e5r. H\u00e4r kan du f\u00f6rundras \u00f6ver statyn av Ramses II och Alabastersfinxen fr\u00e5n Memphis. Ditt sista stopp \u00e4r Dahshur, d\u00e4r du hittar tv\u00e5 av Egyptens b\u00e4st bevarade tidiga pyramider, den b\u00f6jda pyramiden och den r\u00f6da pyramiden. Dessa pyramider \u00e4r enorma bevis p\u00e5 den arkitektoniska utveckling som ledde till byggandet av den stora pyramiden och dess f\u00f6ljeslagare i Giza. Efter en dag fylld av historia och \u00e4ventyr k\u00f6r din guide dig tillbaka till ditt hotell. Denna turn\u00e9 inkluderar entr\u00e9biljetter och lunch, s\u00e5 allt du beh\u00f6ver g\u00f6ra \u00e4r att luta dig tillbaka, koppla av och l\u00e5t oss ta hand om resten.<\/p>\n","protected":false},"featured_media":45340,"comment_status":"open","ping_status":"closed","template":"","meta":{"_coblocks_attr":"","_coblocks_dimensions":"","_coblocks_responsive_height":"","_coblocks_accordion_ie_support":"","_uag_custom_page_level_css":"","jetpack_publicize_message":"","jetpack_publicize_feature_enabled":true,"jetpack_social_post_already_shared":true,"jetpack_social_options":{"image_generator_settings":{"template":"highway","default_image_id":0,"font":"","enabled":false},"version":2},"_wpas_customize_per_network":false},"product_brand":[],"product_cat":[18870,18884],"product_tag":[19008,19015,19027,19030,18998,19001],"class_list":{"0":"post-26646","1":"product","2":"type-product","3":"status-publish","4":"has-post-thumbnail","6":"product_cat-historiska-utflykter-hurghada","7":"product_cat-individuella-utflykter-hurghada","8":"product_tag-hurghada-sv","9":"product_tag-pyramider","10":"product_tag-sightseeing-sv","11":"product_tag-sphinx-sv","12":"product_tag-utflykt","13":"product_tag-utflykter-hurghada","15":"first","16":"instock","17":"sale","18":"taxable","19":"shipping-taxable","20":"purchasable","21":"product-type-variable"},"yoast_head":"<!-- This site is optimized with the Yoast SEO Premium plugin v27.5 (Yoast SEO v27.5) - https:\/\/yoast.com\/product\/yoast-seo-premium-wordpress\/ -->\n<title>Memphis &amp; Sakkara resa fr\u00e5n Hurghada<\/title>\n<meta name=\"description\" content=\"Memphis &amp; Sakkara resa fr\u00e5n Hurghada Resan ger dig m\u00f6jlighet att bes\u00f6ka de tre pyramiderna i Giza, Valley Temple (Mummification Temple), den stora sfinxen\" \/>\n<meta name=\"robots\" content=\"index, follow, max-snippet:-1, max-image-preview:large, max-video-preview:-1\" \/>\n<link rel=\"canonical\" href=\"https:\/\/landioustravel.com\/sv\/shop\/memphis-sakkara-resa-hurghada\/\" \/>\n<meta property=\"og:locale\" content=\"sv_SE\" \/>\n<meta property=\"og:type\" content=\"article\" \/>\n<meta property=\"og:title\" content=\"Memphis &amp; Sakkara resa fr\u00e5n Hurghada\" \/>\n<meta property=\"og:description\" content=\"Landious Travel\" \/>\n<meta property=\"og:url\" content=\"https:\/\/landioustravel.com\/sv\/shop\/memphis-sakkara-resa-hurghada\/\" \/>\n<meta property=\"og:site_name\" content=\"Landious Travel\" \/>\n<meta property=\"article:publisher\" content=\"https:\/\/web.facebook.com\/landiousEgypt\" \/>\n<meta property=\"article:modified_time\" content=\"2024-07-05T06:17:26+00:00\" \/>\n<meta property=\"og:image\" content=\"https:\/\/i0.wp.com\/landioustravel.com\/wp-content\/uploads\/2020\/12\/Memphis-Sakkara-Trip-Hurghada-e1617497813928.jpg?fit=1200%2C675&ssl=1\" \/>\n\t<meta property=\"og:image:width\" content=\"1200\" \/>\n\t<meta property=\"og:image:height\" content=\"675\" \/>\n\t<meta property=\"og:image:type\" content=\"image\/jpeg\" \/>\n<meta name=\"twitter:card\" content=\"summary_large_image\" \/>\n<meta name=\"twitter:site\" content=\"@LandiousTours\" \/>\n<meta name=\"twitter:label1\" content=\"Ber\u00e4knad l\u00e4stid\" \/>\n\t<meta name=\"twitter:data1\" content=\"2 minuter\" \/>\n<script type=\"application\/ld+json\" class=\"yoast-schema-graph\">{\"@context\":\"https:\\\/\\\/schema.org\",\"@graph\":[{\"@type\":\"WebPage\",\"@id\":\"https:\\\/\\\/landioustravel.com\\\/sv\\\/shop\\\/memphis-sakkara-resa-hurghada\\\/\",\"url\":\"https:\\\/\\\/landioustravel.com\\\/sv\\\/shop\\\/memphis-sakkara-resa-hurghada\\\/\",\"name\":\"Memphis & Sakkara resa fr\u00e5n Hurghada\",\"isPartOf\":{\"@id\":\"https:\\\/\\\/landioustravel.com\\\/sv\\\/#website\"},\"primaryImageOfPage\":{\"@id\":\"https:\\\/\\\/landioustravel.com\\\/sv\\\/shop\\\/memphis-sakkara-resa-hurghada\\\/#primaryimage\"},\"image\":{\"@id\":\"https:\\\/\\\/landioustravel.com\\\/sv\\\/shop\\\/memphis-sakkara-resa-hurghada\\\/#primaryimage\"},\"thumbnailUrl\":\"https:\\\/\\\/i0.wp.com\\\/landioustravel.com\\\/wp-content\\\/uploads\\\/2020\\\/12\\\/Memphis-Sakkara-Trip-Hurghada-e1617497813928.jpg?fit=1200%2C675&ssl=1\",\"datePublished\":\"2020-12-25T01:46:39+00:00\",\"dateModified\":\"2024-07-05T06:17:26+00:00\",\"description\":\"Memphis & Sakkara resa fr\u00e5n Hurghada Resan ger dig m\u00f6jlighet att bes\u00f6ka de tre pyramiderna i Giza, Valley Temple (Mummification Temple), den stora sfinxen\",\"breadcrumb\":{\"@id\":\"https:\\\/\\\/landioustravel.com\\\/sv\\\/shop\\\/memphis-sakkara-resa-hurghada\\\/#breadcrumb\"},\"inLanguage\":\"sv-SE\",\"potentialAction\":[{\"@type\":\"ReadAction\",\"target\":[\"https:\\\/\\\/landioustravel.com\\\/sv\\\/shop\\\/memphis-sakkara-resa-hurghada\\\/\"]}]},{\"@type\":\"ImageObject\",\"inLanguage\":\"sv-SE\",\"@id\":\"https:\\\/\\\/landioustravel.com\\\/sv\\\/shop\\\/memphis-sakkara-resa-hurghada\\\/#primaryimage\",\"url\":\"https:\\\/\\\/i0.wp.com\\\/landioustravel.com\\\/wp-content\\\/uploads\\\/2020\\\/12\\\/Memphis-Sakkara-Trip-Hurghada-e1617497813928.jpg?fit=1200%2C675&ssl=1\",\"contentUrl\":\"https:\\\/\\\/i0.wp.com\\\/landioustravel.com\\\/wp-content\\\/uploads\\\/2020\\\/12\\\/Memphis-Sakkara-Trip-Hurghada-e1617497813928.jpg?fit=1200%2C675&ssl=1\",\"width\":1200,\"height\":675,\"caption\":\"Memphis Sakkara Trip Hurghada\"},{\"@type\":\"BreadcrumbList\",\"@id\":\"https:\\\/\\\/landioustravel.com\\\/sv\\\/shop\\\/memphis-sakkara-resa-hurghada\\\/#breadcrumb\",\"itemListElement\":[{\"@type\":\"ListItem\",\"position\":1,\"name\":\"Home\",\"item\":\"https:\\\/\\\/landioustravel.com\\\/sv\\\/\"},{\"@type\":\"ListItem\",\"position\":2,\"name\":\"Tj\u00e4nster &#038; turer\",\"item\":\"https:\\\/\\\/landioustravel.com\\\/sv\\\/\"},{\"@type\":\"ListItem\",\"position\":3,\"name\":\"Memphis &#038; Sakkara resa fr\u00e5n Hurghada\"}]},{\"@type\":\"WebSite\",\"@id\":\"https:\\\/\\\/landioustravel.com\\\/sv\\\/#website\",\"url\":\"https:\\\/\\\/landioustravel.com\\\/sv\\\/\",\"name\":\"Landious Travel\",\"description\":\"Excursions, trips and cruises in Egypt\",\"publisher\":{\"@id\":\"https:\\\/\\\/landioustravel.com\\\/sv\\\/#organization\"},\"potentialAction\":[{\"@type\":\"SearchAction\",\"target\":{\"@type\":\"EntryPoint\",\"urlTemplate\":\"https:\\\/\\\/landioustravel.com\\\/sv\\\/?s={search_term_string}\"},\"query-input\":{\"@type\":\"PropertyValueSpecification\",\"valueRequired\":true,\"valueName\":\"search_term_string\"}}],\"inLanguage\":\"sv-SE\"},{\"@type\":[\"Organization\",\"Place\"],\"@id\":\"https:\\\/\\\/landioustravel.com\\\/sv\\\/#organization\",\"name\":\"Landious Travel\",\"alternateName\":\"Landious Travel\",\"url\":\"https:\\\/\\\/landioustravel.com\\\/sv\\\/\",\"logo\":{\"@id\":\"https:\\\/\\\/landioustravel.com\\\/sv\\\/shop\\\/memphis-sakkara-resa-hurghada\\\/#local-main-organization-logo\"},\"image\":{\"@id\":\"https:\\\/\\\/landioustravel.com\\\/sv\\\/shop\\\/memphis-sakkara-resa-hurghada\\\/#local-main-organization-logo\"},\"sameAs\":[\"https:\\\/\\\/web.facebook.com\\\/landiousEgypt\",\"https:\\\/\\\/x.com\\\/LandiousTours\",\"https:\\\/\\\/mastodon.social\\\/@landious\"],\"legalName\":\"Landious Travel\",\"telephone\":[],\"openingHoursSpecification\":[{\"@type\":\"OpeningHoursSpecification\",\"dayOfWeek\":[\"Monday\",\"Tuesday\",\"Wednesday\",\"Thursday\",\"Friday\",\"Saturday\",\"Sunday\"],\"opens\":\"09:00\",\"closes\":\"17:00\"}]},{\"@type\":\"ImageObject\",\"inLanguage\":\"sv-SE\",\"@id\":\"https:\\\/\\\/landioustravel.com\\\/sv\\\/shop\\\/memphis-sakkara-resa-hurghada\\\/#local-main-organization-logo\",\"url\":\"https:\\\/\\\/i0.wp.com\\\/landioustravel.com\\\/wp-content\\\/uploads\\\/2021\\\/06\\\/Landious-T.png?fit=500%2C500&ssl=1\",\"contentUrl\":\"https:\\\/\\\/i0.wp.com\\\/landioustravel.com\\\/wp-content\\\/uploads\\\/2021\\\/06\\\/Landious-T.png?fit=500%2C500&ssl=1\",\"width\":500,\"height\":500,\"caption\":\"Landious Travel\"}]}<\/script>\n<!-- \/ Yoast SEO Premium plugin. -->","yoast_head_json":{"title":"Memphis & Sakkara resa fr\u00e5n Hurghada","description":"Memphis & Sakkara resa fr\u00e5n Hurghada Resan ger dig m\u00f6jlighet att bes\u00f6ka de tre pyramiderna i Giza, Valley Temple (Mummification Temple), den stora sfinxen","robots":{"index":"index","follow":"follow","max-snippet":"max-snippet:-1","max-image-preview":"max-image-preview:large","max-video-preview":"max-video-preview:-1"},"canonical":"https:\/\/landioustravel.com\/sv\/shop\/memphis-sakkara-resa-hurghada\/","og_locale":"sv_SE","og_type":"article","og_title":"Memphis & Sakkara resa fr\u00e5n Hurghada","og_description":"Landious Travel","og_url":"https:\/\/landioustravel.com\/sv\/shop\/memphis-sakkara-resa-hurghada\/","og_site_name":"Landious Travel","article_publisher":"https:\/\/web.facebook.com\/landiousEgypt","article_modified_time":"2024-07-05T06:17:26+00:00","og_image":[{"width":1200,"height":675,"url":"https:\/\/i0.wp.com\/landioustravel.com\/wp-content\/uploads\/2020\/12\/Memphis-Sakkara-Trip-Hurghada-e1617497813928.jpg?fit=1200%2C675&ssl=1","type":"image\/jpeg"}],"twitter_card":"summary_large_image","twitter_site":"@LandiousTours","twitter_misc":{"Ber\u00e4knad l\u00e4stid":"2 minuter"},"schema":{"@context":"https:\/\/schema.org","@graph":[{"@type":"WebPage","@id":"https:\/\/landioustravel.com\/sv\/shop\/memphis-sakkara-resa-hurghada\/","url":"https:\/\/landioustravel.com\/sv\/shop\/memphis-sakkara-resa-hurghada\/","name":"Memphis & Sakkara resa fr\u00e5n Hurghada","isPartOf":{"@id":"https:\/\/landioustravel.com\/sv\/#website"},"primaryImageOfPage":{"@id":"https:\/\/landioustravel.com\/sv\/shop\/memphis-sakkara-resa-hurghada\/#primaryimage"},"image":{"@id":"https:\/\/landioustravel.com\/sv\/shop\/memphis-sakkara-resa-hurghada\/#primaryimage"},"thumbnailUrl":"https:\/\/i0.wp.com\/landioustravel.com\/wp-content\/uploads\/2020\/12\/Memphis-Sakkara-Trip-Hurghada-e1617497813928.jpg?fit=1200%2C675&ssl=1","datePublished":"2020-12-25T01:46:39+00:00","dateModified":"2024-07-05T06:17:26+00:00","description":"Memphis & Sakkara resa fr\u00e5n Hurghada Resan ger dig m\u00f6jlighet att bes\u00f6ka de tre pyramiderna i Giza, Valley Temple (Mummification Temple), den stora sfinxen","breadcrumb":{"@id":"https:\/\/landioustravel.com\/sv\/shop\/memphis-sakkara-resa-hurghada\/#breadcrumb"},"inLanguage":"sv-SE","potentialAction":[{"@type":"ReadAction","target":["https:\/\/landioustravel.com\/sv\/shop\/memphis-sakkara-resa-hurghada\/"]}]},{"@type":"ImageObject","inLanguage":"sv-SE","@id":"https:\/\/landioustravel.com\/sv\/shop\/memphis-sakkara-resa-hurghada\/#primaryimage","url":"https:\/\/i0.wp.com\/landioustravel.com\/wp-content\/uploads\/2020\/12\/Memphis-Sakkara-Trip-Hurghada-e1617497813928.jpg?fit=1200%2C675&ssl=1","contentUrl":"https:\/\/i0.wp.com\/landioustravel.com\/wp-content\/uploads\/2020\/12\/Memphis-Sakkara-Trip-Hurghada-e1617497813928.jpg?fit=1200%2C675&ssl=1","width":1200,"height":675,"caption":"Memphis Sakkara Trip Hurghada"},{"@type":"BreadcrumbList","@id":"https:\/\/landioustravel.com\/sv\/shop\/memphis-sakkara-resa-hurghada\/#breadcrumb","itemListElement":[{"@type":"ListItem","position":1,"name":"Home","item":"https:\/\/landioustravel.com\/sv\/"},{"@type":"ListItem","position":2,"name":"Tj\u00e4nster &#038; turer","item":"https:\/\/landioustravel.com\/sv\/"},{"@type":"ListItem","position":3,"name":"Memphis &#038; Sakkara resa fr\u00e5n Hurghada"}]},{"@type":"WebSite","@id":"https:\/\/landioustravel.com\/sv\/#website","url":"https:\/\/landioustravel.com\/sv\/","name":"Landious Travel","description":"Excursions, trips and cruises in Egypt","publisher":{"@id":"https:\/\/landioustravel.com\/sv\/#organization"},"potentialAction":[{"@type":"SearchAction","target":{"@type":"EntryPoint","urlTemplate":"https:\/\/landioustravel.com\/sv\/?s={search_term_string}"},"query-input":{"@type":"PropertyValueSpecification","valueRequired":true,"valueName":"search_term_string"}}],"inLanguage":"sv-SE"},{"@type":["Organization","Place"],"@id":"https:\/\/landioustravel.com\/sv\/#organization","name":"Landious Travel","alternateName":"Landious Travel","url":"https:\/\/landioustravel.com\/sv\/","logo":{"@id":"https:\/\/landioustravel.com\/sv\/shop\/memphis-sakkara-resa-hurghada\/#local-main-organization-logo"},"image":{"@id":"https:\/\/landioustravel.com\/sv\/shop\/memphis-sakkara-resa-hurghada\/#local-main-organization-logo"},"sameAs":["https:\/\/web.facebook.com\/landiousEgypt","https:\/\/x.com\/LandiousTours","https:\/\/mastodon.social\/@landious"],"legalName":"Landious Travel","telephone":[],"openingHoursSpecification":[{"@type":"OpeningHoursSpecification","dayOfWeek":["Monday","Tuesday","Wednesday","Thursday","Friday","Saturday","Sunday"],"opens":"09:00","closes":"17:00"}]},{"@type":"ImageObject","inLanguage":"sv-SE","@id":"https:\/\/landioustravel.com\/sv\/shop\/memphis-sakkara-resa-hurghada\/#local-main-organization-logo","url":"https:\/\/i0.wp.com\/landioustravel.com\/wp-content\/uploads\/2021\/06\/Landious-T.png?fit=500%2C500&ssl=1","contentUrl":"https:\/\/i0.wp.com\/landioustravel.com\/wp-content\/uploads\/2021\/06\/Landious-T.png?fit=500%2C500&ssl=1","width":500,"height":500,"caption":"Landious Travel"}]}},"jetpack_publicize_connections":[],"uagb_featured_image_src":{"full":["https:\/\/i0.wp.com\/landioustravel.com\/wp-content\/uploads\/2020\/12\/Memphis-Sakkara-Trip-Hurghada-e1617497813928.jpg?fit=1200%2C675&ssl=1",1200,675,false],"thumbnail":["https:\/\/i0.wp.com\/landioustravel.com\/wp-content\/uploads\/2020\/12\/Memphis-Sakkara-Trip-Hurghada-e1617497813928.jpg?resize=150%2C150&ssl=1",150,150,true],"medium":["https:\/\/i0.wp.com\/landioustravel.com\/wp-content\/uploads\/2020\/12\/Memphis-Sakkara-Trip-Hurghada-e1617497813928.jpg?fit=300%2C169&ssl=1",300,169,true],"medium_large":["https:\/\/i0.wp.com\/landioustravel.com\/wp-content\/uploads\/2020\/12\/Memphis-Sakkara-Trip-Hurghada-e1617497813928.jpg?fit=768%2C432&ssl=1",768,432,true],"large":["https:\/\/i0.wp.com\/landioustravel.com\/wp-content\/uploads\/2020\/12\/Memphis-Sakkara-Trip-Hurghada-e1617497813928.jpg?fit=980%2C551&ssl=1",980,551,true],"1536x1536":["https:\/\/i0.wp.com\/landioustravel.com\/wp-content\/uploads\/2020\/12\/Memphis-Sakkara-Trip-Hurghada-e1617497813928.jpg?fit=1536%2C864&ssl=1",1536,864,true],"2048x2048":["https:\/\/i0.wp.com\/landioustravel.com\/wp-content\/uploads\/2020\/12\/Memphis-Sakkara-Trip-Hurghada-e1617497813928.jpg?fit=1200%2C675&ssl=1",1200,675,true],"newspack-article-block-landscape-large":["https:\/\/i0.wp.com\/landioustravel.com\/wp-content\/uploads\/2020\/12\/Memphis-Sakkara-Trip-Hurghada-e1617497813928.jpg?resize=1200%2C675&ssl=1",1200,900,true],"newspack-article-block-portrait-large":["https:\/\/i0.wp.com\/landioustravel.com\/wp-content\/uploads\/2020\/12\/Memphis-Sakkara-Trip-Hurghada-e1617497813928.jpg?resize=900%2C675&ssl=1",900,1152,true],"newspack-article-block-square-large":["https:\/\/i0.wp.com\/landioustravel.com\/wp-content\/uploads\/2020\/12\/Memphis-Sakkara-Trip-Hurghada-e1617497813928.jpg?resize=1200%2C675&ssl=1",1200,1152,true],"newspack-article-block-landscape-medium":["https:\/\/i0.wp.com\/landioustravel.com\/wp-content\/uploads\/2020\/12\/Memphis-Sakkara-Trip-Hurghada-e1617497813928.jpg?resize=800%2C600&ssl=1",800,600,true],"newspack-article-block-portrait-medium":["https:\/\/i0.wp.com\/landioustravel.com\/wp-content\/uploads\/2020\/12\/Memphis-Sakkara-Trip-Hurghada-e1617497813928.jpg?resize=600%2C675&ssl=1",600,800,true],"newspack-article-block-square-medium":["https:\/\/i0.wp.com\/landioustravel.com\/wp-content\/uploads\/2020\/12\/Memphis-Sakkara-Trip-Hurghada-e1617497813928.jpg?resize=800%2C675&ssl=1",800,800,true],"newspack-article-block-landscape-intermediate":["https:\/\/i0.wp.com\/landioustravel.com\/wp-content\/uploads\/2020\/12\/Memphis-Sakkara-Trip-Hurghada-e1617497813928.jpg?resize=600%2C450&ssl=1",600,450,true],"newspack-article-block-portrait-intermediate":["https:\/\/i0.wp.com\/landioustravel.com\/wp-content\/uploads\/2020\/12\/Memphis-Sakkara-Trip-Hurghada-e1617497813928.jpg?resize=450%2C600&ssl=1",450,600,true],"newspack-article-block-square-intermediate":["https:\/\/i0.wp.com\/landioustravel.com\/wp-content\/uploads\/2020\/12\/Memphis-Sakkara-Trip-Hurghada-e1617497813928.jpg?resize=600%2C600&ssl=1",600,600,true],"newspack-article-block-landscape-small":["https:\/\/i0.wp.com\/landioustravel.com\/wp-content\/uploads\/2020\/12\/Memphis-Sakkara-Trip-Hurghada-e1617497813928.jpg?resize=400%2C300&ssl=1",400,300,true],"newspack-article-block-portrait-small":["https:\/\/i0.wp.com\/landioustravel.com\/wp-content\/uploads\/2020\/12\/Memphis-Sakkara-Trip-Hurghada-e1617497813928.jpg?resize=300%2C400&ssl=1",300,400,true],"newspack-article-block-square-small":["https:\/\/i0.wp.com\/landioustravel.com\/wp-content\/uploads\/2020\/12\/Memphis-Sakkara-Trip-Hurghada-e1617497813928.jpg?resize=400%2C400&ssl=1",400,400,true],"newspack-article-block-landscape-tiny":["https:\/\/i0.wp.com\/landioustravel.com\/wp-content\/uploads\/2020\/12\/Memphis-Sakkara-Trip-Hurghada-e1617497813928.jpg?resize=200%2C150&ssl=1",200,150,true],"newspack-article-block-portrait-tiny":["https:\/\/i0.wp.com\/landioustravel.com\/wp-content\/uploads\/2020\/12\/Memphis-Sakkara-Trip-Hurghada-e1617497813928.jpg?resize=150%2C200&ssl=1",150,200,true],"newspack-article-block-square-tiny":["https:\/\/i0.wp.com\/landioustravel.com\/wp-content\/uploads\/2020\/12\/Memphis-Sakkara-Trip-Hurghada-e1617497813928.jpg?resize=200%2C200&ssl=1",200,200,true],"newspack-article-block-uncropped":["https:\/\/i0.wp.com\/landioustravel.com\/wp-content\/uploads\/2020\/12\/Memphis-Sakkara-Trip-Hurghada-e1617497813928.jpg?fit=1200%2C675&ssl=1",1200,675,true],"woocommerce_thumbnail":["https:\/\/i0.wp.com\/landioustravel.com\/wp-content\/uploads\/2020\/12\/Memphis-Sakkara-Trip-Hurghada-e1617497813928.jpg?resize=324%2C324&ssl=1",324,324,true],"woocommerce_single":["https:\/\/i0.wp.com\/landioustravel.com\/wp-content\/uploads\/2020\/12\/Memphis-Sakkara-Trip-Hurghada-e1617497813928.jpg?fit=416%2C234&ssl=1",416,234,true],"woocommerce_gallery_thumbnail":["https:\/\/i0.wp.com\/landioustravel.com\/wp-content\/uploads\/2020\/12\/Memphis-Sakkara-Trip-Hurghada-e1617497813928.jpg?resize=100%2C100&ssl=1",100,100,true]},"uagb_author_info":{"display_name":"Mofreh Landious","author_link":"https:\/\/landioustravel.com\/sv\/author\/"},"uagb_comment_info":4,"uagb_excerpt":"Utforska Egyptens underverk med en privat dagstur till Memphis Sakkara och Dahshur-pyramiderna. Din erfarna Marsa Alam-reseguide h\u00e4mtar dig fr\u00e5n ditt hotell och tar dig med p\u00e5 en of\u00f6rgl\u00f6mlig resa. B\u00f6rja ditt \u00e4ventyr vid Sakkara, d\u00e4r du kommer att bes\u00f6ka v\u00e4rldens \u00e4ldsta stora stenstruktur, Kung Djosers stegpyramiden. Efter\u00e5t kan du njuta av en uts\u00f6kt lunch p\u00e5&hellip;","jetpack_sharing_enabled":true,"jetpack_likes_enabled":true,"amp_enabled":true,"_links":{"self":[{"href":"https:\/\/landioustravel.com\/sv\/wp-json\/wp\/v2\/product\/26646","targetHints":{"allow":["GET"]}}],"collection":[{"href":"https:\/\/landioustravel.com\/sv\/wp-json\/wp\/v2\/product"}],"about":[{"href":"https:\/\/landioustravel.com\/sv\/wp-json\/wp\/v2\/types\/product"}],"replies":[{"embeddable":true,"href":"https:\/\/landioustravel.com\/sv\/wp-json\/wp\/v2\/comments?post=26646"}],"wp:featuredmedia":[{"embeddable":true,"href":"https:\/\/landioustravel.com\/sv\/wp-json\/wp\/v2\/media\/45340"}],"wp:attachment":[{"href":"https:\/\/landioustravel.com\/sv\/wp-json\/wp\/v2\/media?parent=26646"}],"wp:term":[{"taxonomy":"product_brand","embeddable":true,"href":"https:\/\/landioustravel.com\/sv\/wp-json\/wp\/v2\/product_brand?post=26646"},{"taxonomy":"product_cat","embeddable":true,"href":"https:\/\/landioustravel.com\/sv\/wp-json\/wp\/v2\/product_cat?post=26646"},{"taxonomy":"product_tag","embeddable":true,"href":"https:\/\/landioustravel.com\/sv\/wp-json\/wp\/v2\/product_tag?post=26646"}],"curies":[{"name":"wp","href":"https:\/\/api.w.org\/{rel}","templated":true}]}}