{"id":26691,"date":"2018-11-13T09:55:59","date_gmt":"2020-12-26T02:42:19","guid":{"rendered":"https:\/\/landioustravel.com\/?post_type=product&#038;p=26691"},"modified":"2024-09-04T20:14:00","modified_gmt":"2024-09-04T17:14:00","slug":"utflykt-kairo-alexandria-hurghada","status":"publish","type":"product","link":"https:\/\/landioustravel.com\/sv\/shop\/utflykt-kairo-alexandria-hurghada\/","title":{"rendered":"Utflykt till Kairo och Alexandria fr\u00e5n Hurghada"},"content":{"rendered":"<p>Det \u00e4r en intensiv utflykt till Kairo &#8211; Alexandria fr\u00e5n orten Hurghada, Egypten! Vi rekommenderar resan eftersom det g\u00f6r det m\u00f6jligt f\u00f6r turister att se de mest imponerande sev\u00e4rdheterna i Egypten. Dessa attraktioner finns i tre st\u00e4der _ Kairo, Giza och Alexandria. I st\u00e4derna _ Kairo och Giza ser du de forntida egyptiska sev\u00e4rdheterna. Medan du \u00e4r i Alexandria ser du sev\u00e4rdheterna i det romerska riket och den moderna perioden. Alla dessa bes\u00f6k g\u00f6r att du kan l\u00e4ra dig mer om landets historia och f\u00e5 m\u00e5nga intryck.<\/p>\n<h2>Huvudpunkterna i utflyktsprogrammet till Kairo-Alexandria<\/h2>\n<p><strong>Program i Kairo<\/strong>:<\/p>\n<ul>\n<li>Bes\u00f6k p\u00e5 egyptiska museet i Kairo<\/li>\n<li>De tre pyramiderna i Giza<\/li>\n<li>Och den stora sfinxen i pyramidkomplexet<\/li>\n<li>Dessutom hotell \u00f6vernattning<\/li>\n<\/ul>\n<p><strong>Program i Alexandria<\/strong>:<\/p>\n<ul>\n<li>Bes\u00f6k Montazah Park och fyren i Alexandria<\/li>\n<li>Bes\u00f6k p\u00e5 Alexandria Library<\/li>\n<li>Lunch p\u00e5 en fiskrestaurang<\/li>\n<li>Qeitbays citadell och Abu-Abbas-mosk\u00e9n<\/li>\n<li>Bes\u00f6ker ocks\u00e5 den romerska amfiteatern<\/li>\n<\/ul>\n<h3>Utflyktsprogram till Kairo-Alexandria fr\u00e5n Hurghada<\/h3>\n<ul>\n<li>Landious Travel-representant h\u00e4mtar dig fr\u00e5n ditt hotell i Hurghada, klockan 02:00<\/li>\n<li>Efter att ha h\u00e4mtat alla bes\u00f6kare avg\u00e5r bussen till Kairo. P\u00e5 v\u00e4gen dit passerar bussen st\u00e4derna Ras Gareb, Zaafarana, Ain Sohna och Suez. Alla dessa st\u00e4der ligger norr om Hurghada, vid R\u00f6da havet. V\u00e4gen, fr\u00e5n centrum av Hurghada till Kairo, tar cirka 6 timmar<\/li>\n<\/ul>\n<h4>F\u00f6rsta dagsprogrammet i Kairo<\/h4>\n<ul>\n<li>N\u00e4r du v\u00e4l har kommit till Kairo visar vi dig Egyptiska museet. Din guide har en s\u00e5dan uppgift att visa dig alla utst\u00e4llningar och ger ledig tid att ta bilder.<\/li>\n<li>Efter att ha bes\u00f6kt Egyptiska museet i Kairo startar du en b\u00e5tpicknick vid floden Nilen. Detta \u00e4r ett extra program och det m\u00e5ste best\u00e4llas i f\u00f6rv\u00e4g via oss! S\u00e5 snart b\u00e5tens picknick slutar, \u00e5ker du till en annan stad _ Giza<\/li>\n<li>Resan forts\u00e4tter i Giza. Det f\u00f6rsta stoppet d\u00e4r kommer att finnas i restaurangen. Det erbjuder en \u00f6ppen buff\u00e9<\/li>\n<li>Efter lunch g\u00f6r du shopping lite<\/li>\n<li>Sedan g\u00e5r gruppen till pyramidkomplexet, d\u00e4r det finns s\u00e5 stora pyramider och sfinxen. Din guide visar dem och ger dig ledig tid att ta dem en bild<\/li>\n<li>Innan programmet avslutas i Giza f\u00e5r turister tid att handla i parfymrummet<\/li>\n<li>D\u00e4refter g\u00e5r du till hotellet f\u00f6r att checka in och \u00f6vernatta<\/li>\n<li>P\u00e5 morgonen m\u00e5ste du \u00e5ka till Alexandria. Vi h\u00e4mtar dig fr\u00e5n ditt hotell cirka kl. 03.00<\/li>\n<\/ul>\n<h4>Andra dagsprogrammet i Alexandria<\/h4>\n<ul>\n<li>S\u00e5 snart du anl\u00e4nder till Alexandria visar vi dig Montazah-parken, d\u00e4r det finns ett palats f\u00f6r Egyptens kung och Pharos fyr<\/li>\n<li>Vidare ser du biblioteket i Alexandria och Abu-Abbas-mosk\u00e9n.<\/li>\n<li>Dessutom bes\u00f6ker du f\u00e4stningen i Qaitbay<\/li>\n<li>Efter att ha bes\u00f6kt fortet kommer du att \u00e4ta lunch p\u00e5 en fiskrestaurang<\/li>\n<li>Slutligen \u00e5ker du tillbaka till Kairo och forts\u00e4tter till Hurghada efter en s\u00e5dan sp\u00e4nnande sightseeingtur i Kairo-Alexandria<\/li>\n<li>Denna &#8221;Utflykt till Kairo &#8211; Alexandria fr\u00e5n Hurghada&#8221; slutar cirka 22:00 andra dagen<\/li>\n<\/ul>\n<h4>Vad ing\u00e5r i resepriset<\/h4>\n<ul>\n<li>Biljetter till bes\u00f6kande tempel<\/li>\n<li>Mat (utom drycker)<\/li>\n<li>Guide<\/li>\n<li>\u00d6verf\u00f6r ocks\u00e5 till Kairo-Alexandria och tillbaka till hotellet<\/li>\n<\/ul>\n<h5>Vad ing\u00e5r inte i resans pris<\/h5>\n<ul>\n<li>Ytterligare utflyktsprogram<\/li>\n<li>Ocks\u00e5, drycker<\/li>\n<\/ul>\n<h6>Vad du ska ta f\u00f6r resan<\/h6>\n<ul>\n<li>Frukostl\u00e5da<\/li>\n<li>Pass<\/li>\n<li>Ocks\u00e5 kl\u00e4der f\u00f6r s\u00e4songen<\/li>\n<\/ul>\n<h6>Dagar med utflyktsorganisation<\/h6>\n<ul>\n<li>S\u00f6ndagar fr\u00e5n 02:00 &#8211; 20:00<\/li>\n<li>Tisdagar fr\u00e5n 02:00 &#8211; 20:00<\/li>\n<li>Torsdagar ocks\u00e5 fr\u00e5n 02:00 &#8211; 20:00<\/li>\n<\/ul>\n","protected":false},"excerpt":{"rendered":"<p>Vi \u00e4r glada att kunna erbjuda dig en tv\u00e5dagarsresa till Kairo och Alexandria, d\u00e4r du kan utforska Egyptens rika historia. Vi tar dig p\u00e5 en bekv\u00e4m buss fr\u00e5n Hurghada f\u00f6r att se de magnifika pyramiderna i Giza och den stora sfinxen. Efter lunch tar vi en b\u00e5ttur \u00f6ver den vackra Nilen, och vi bes\u00f6ker det imponerande egyptiska museet.<\/p>\n<p>Den andra dagen reser vi till Alexandria f\u00f6r att bes\u00f6ka Montaza Palace Gardens och Citadel Fortress of Kite Bay. Vi stannar f\u00f6r lunch p\u00e5 en h\u00e4rlig fiskrestaurang och njuter av stadsrundturen. Du kommer ocks\u00e5 att ha m\u00f6jlighet att se den romerska amfiteatern, Abu al-Abbas-mosk\u00e9n och det ber\u00f6mda Alexandriabiblioteket.<\/p>\n<p>Vi f\u00f6rst\u00e5r att det kan vara tr\u00f6ttsamt att resa, s\u00e5 vi har ordnat f\u00f6r en bekv\u00e4m vistelse p\u00e5 Movenpick Pyramids Hotel i Kairo, d\u00e4r du kan koppla av och ladda. V\u00e5r erfarna och kunniga guide kommer att f\u00f6lja med dig under hela turn\u00e9n och ge dig fascinerande insikter i Egyptens historia och kultur.<\/p>\n<p>I paketet ing\u00e5r alla entr\u00e9avgifter, tv\u00e5 luncher p\u00e5 lokala restauranger samt mineralvatten och l\u00e4sk ombord p\u00e5 fordonet. Vi vill att du ska ha en s\u00e4ker och trevlig resa, och vi tar hand om allt annat. Tack f\u00f6r att du valde oss som din resepartner.<\/p>\n","protected":false},"featured_media":26693,"comment_status":"open","ping_status":"closed","template":"","meta":{"_coblocks_attr":"","_coblocks_dimensions":"","_coblocks_responsive_height":"","_coblocks_accordion_ie_support":"","_uag_custom_page_level_css":"","jetpack_publicize_message":"","jetpack_publicize_feature_enabled":true,"jetpack_social_post_already_shared":true,"jetpack_social_options":{"image_generator_settings":{"template":"highway","default_image_id":0,"font":"","enabled":false},"version":2},"_wpas_customize_per_network":false},"product_brand":[],"product_cat":[18870,18869],"product_tag":[18970,19008,18974,19015,19027,19030,18998,19001],"class_list":{"0":"post-26691","1":"product","2":"type-product","3":"status-publish","4":"has-post-thumbnail","6":"product_cat-historiska-utflykter-hurghada","7":"product_cat-hurghada-utflykter","8":"product_tag-alexandria-sv","9":"product_tag-hurghada-sv","10":"product_tag-kairo-sv","11":"product_tag-pyramider","12":"product_tag-sightseeing-sv","13":"product_tag-sphinx-sv","14":"product_tag-utflykt","15":"product_tag-utflykter-hurghada","16":"pa_age-barn-1-4-ar","17":"pa_age-barn-5-11-ar","18":"pa_age-vuxen","20":"first","21":"instock","22":"sale","23":"purchasable","24":"product-type-variable"},"yoast_head":"<!-- This site is optimized with the Yoast SEO Premium plugin v27.5 (Yoast SEO v27.5) - https:\/\/yoast.com\/product\/yoast-seo-premium-wordpress\/ -->\n<title>Utflykt till Kairo och Alexandria fr\u00e5n Hurghada<\/title>\n<meta name=\"description\" content=\"Utflykt till Kairo och Alexandria fr\u00e5n Hurghada kommer vi att bes\u00f6ka de tre pyramiderna i Giza. Sedan \u00e4ter vi lunch. Efter lunch g\u00f6r vi en b\u00e5tpicknick genom\" \/>\n<meta name=\"robots\" content=\"index, follow, max-snippet:-1, max-image-preview:large, max-video-preview:-1\" \/>\n<link rel=\"canonical\" href=\"https:\/\/landioustravel.com\/sv\/shop\/utflykt-kairo-alexandria-hurghada\/\" \/>\n<meta property=\"og:locale\" content=\"sv_SE\" \/>\n<meta property=\"og:type\" content=\"article\" \/>\n<meta property=\"og:title\" content=\"Utflykt till Kairo och Alexandria fr\u00e5n Hurghada\" \/>\n<meta property=\"og:description\" content=\"Landious Travel\" \/>\n<meta property=\"og:url\" content=\"https:\/\/landioustravel.com\/sv\/shop\/utflykt-kairo-alexandria-hurghada\/\" \/>\n<meta property=\"og:site_name\" content=\"Landious Travel\" \/>\n<meta property=\"article:publisher\" content=\"https:\/\/web.facebook.com\/landiousEgypt\" \/>\n<meta property=\"article:modified_time\" content=\"2024-09-04T17:14:00+00:00\" \/>\n<meta property=\"og:image\" content=\"https:\/\/i0.wp.com\/landioustravel.com\/wp-content\/uploads\/2019\/01\/Excursion_Cairo_Alexandria_from_Sharm_El_Sheikh-1-e1551833862799.jpg?fit=1200%2C674&ssl=1\" \/>\n\t<meta property=\"og:image:width\" content=\"1200\" \/>\n\t<meta property=\"og:image:height\" content=\"674\" \/>\n\t<meta property=\"og:image:type\" content=\"image\/jpeg\" \/>\n<meta name=\"twitter:card\" content=\"summary_large_image\" \/>\n<meta name=\"twitter:site\" content=\"@LandiousTours\" \/>\n<meta name=\"twitter:label1\" content=\"Ber\u00e4knad l\u00e4stid\" \/>\n\t<meta name=\"twitter:data1\" content=\"3 minuter\" \/>\n<script type=\"application\/ld+json\" class=\"yoast-schema-graph\">{\"@context\":\"https:\\\/\\\/schema.org\",\"@graph\":[{\"@type\":\"WebPage\",\"@id\":\"https:\\\/\\\/landioustravel.com\\\/sv\\\/shop\\\/utflykt-kairo-alexandria-hurghada\\\/\",\"url\":\"https:\\\/\\\/landioustravel.com\\\/sv\\\/shop\\\/utflykt-kairo-alexandria-hurghada\\\/\",\"name\":\"Utflykt till Kairo och Alexandria fr\u00e5n Hurghada\",\"isPartOf\":{\"@id\":\"https:\\\/\\\/landioustravel.com\\\/sv\\\/#website\"},\"primaryImageOfPage\":{\"@id\":\"https:\\\/\\\/landioustravel.com\\\/sv\\\/shop\\\/utflykt-kairo-alexandria-hurghada\\\/#primaryimage\"},\"image\":{\"@id\":\"https:\\\/\\\/landioustravel.com\\\/sv\\\/shop\\\/utflykt-kairo-alexandria-hurghada\\\/#primaryimage\"},\"thumbnailUrl\":\"https:\\\/\\\/i0.wp.com\\\/landioustravel.com\\\/wp-content\\\/uploads\\\/2019\\\/01\\\/Excursion_Cairo_Alexandria_from_Sharm_El_Sheikh-1-e1551833862799.jpg?fit=1200%2C674&ssl=1\",\"datePublished\":\"2020-12-26T02:42:19+00:00\",\"dateModified\":\"2024-09-04T17:14:00+00:00\",\"description\":\"Utflykt till Kairo och Alexandria fr\u00e5n Hurghada kommer vi att bes\u00f6ka de tre pyramiderna i Giza. Sedan \u00e4ter vi lunch. Efter lunch g\u00f6r vi en b\u00e5tpicknick genom\",\"breadcrumb\":{\"@id\":\"https:\\\/\\\/landioustravel.com\\\/sv\\\/shop\\\/utflykt-kairo-alexandria-hurghada\\\/#breadcrumb\"},\"inLanguage\":\"sv-SE\",\"potentialAction\":[{\"@type\":\"ReadAction\",\"target\":[\"https:\\\/\\\/landioustravel.com\\\/sv\\\/shop\\\/utflykt-kairo-alexandria-hurghada\\\/\"]}]},{\"@type\":\"ImageObject\",\"inLanguage\":\"sv-SE\",\"@id\":\"https:\\\/\\\/landioustravel.com\\\/sv\\\/shop\\\/utflykt-kairo-alexandria-hurghada\\\/#primaryimage\",\"url\":\"https:\\\/\\\/i0.wp.com\\\/landioustravel.com\\\/wp-content\\\/uploads\\\/2019\\\/01\\\/Excursion_Cairo_Alexandria_from_Sharm_El_Sheikh-1-e1551833862799.jpg?fit=1200%2C674&ssl=1\",\"contentUrl\":\"https:\\\/\\\/i0.wp.com\\\/landioustravel.com\\\/wp-content\\\/uploads\\\/2019\\\/01\\\/Excursion_Cairo_Alexandria_from_Sharm_El_Sheikh-1-e1551833862799.jpg?fit=1200%2C674&ssl=1\",\"width\":1200,\"height\":674,\"caption\":\"Excursion to Cairo-Alexandria from Hurghada\"},{\"@type\":\"BreadcrumbList\",\"@id\":\"https:\\\/\\\/landioustravel.com\\\/sv\\\/shop\\\/utflykt-kairo-alexandria-hurghada\\\/#breadcrumb\",\"itemListElement\":[{\"@type\":\"ListItem\",\"position\":1,\"name\":\"Home\",\"item\":\"https:\\\/\\\/landioustravel.com\\\/sv\\\/\"},{\"@type\":\"ListItem\",\"position\":2,\"name\":\"Tj\u00e4nster &#038; turer\",\"item\":\"https:\\\/\\\/landioustravel.com\\\/sv\\\/\"},{\"@type\":\"ListItem\",\"position\":3,\"name\":\"Utflykt till Kairo och Alexandria fr\u00e5n Hurghada\"}]},{\"@type\":\"WebSite\",\"@id\":\"https:\\\/\\\/landioustravel.com\\\/sv\\\/#website\",\"url\":\"https:\\\/\\\/landioustravel.com\\\/sv\\\/\",\"name\":\"Landious Travel\",\"description\":\"Excursions, trips and cruises in Egypt\",\"publisher\":{\"@id\":\"https:\\\/\\\/landioustravel.com\\\/sv\\\/#organization\"},\"potentialAction\":[{\"@type\":\"SearchAction\",\"target\":{\"@type\":\"EntryPoint\",\"urlTemplate\":\"https:\\\/\\\/landioustravel.com\\\/sv\\\/?s={search_term_string}\"},\"query-input\":{\"@type\":\"PropertyValueSpecification\",\"valueRequired\":true,\"valueName\":\"search_term_string\"}}],\"inLanguage\":\"sv-SE\"},{\"@type\":[\"Organization\",\"Place\"],\"@id\":\"https:\\\/\\\/landioustravel.com\\\/sv\\\/#organization\",\"name\":\"Landious Travel\",\"alternateName\":\"Landious Travel\",\"url\":\"https:\\\/\\\/landioustravel.com\\\/sv\\\/\",\"logo\":{\"@id\":\"https:\\\/\\\/landioustravel.com\\\/sv\\\/shop\\\/utflykt-kairo-alexandria-hurghada\\\/#local-main-organization-logo\"},\"image\":{\"@id\":\"https:\\\/\\\/landioustravel.com\\\/sv\\\/shop\\\/utflykt-kairo-alexandria-hurghada\\\/#local-main-organization-logo\"},\"sameAs\":[\"https:\\\/\\\/web.facebook.com\\\/landiousEgypt\",\"https:\\\/\\\/x.com\\\/LandiousTours\",\"https:\\\/\\\/mastodon.social\\\/@landious\"],\"legalName\":\"Landious Travel\",\"telephone\":[],\"openingHoursSpecification\":[{\"@type\":\"OpeningHoursSpecification\",\"dayOfWeek\":[\"Monday\",\"Tuesday\",\"Wednesday\",\"Thursday\",\"Friday\",\"Saturday\",\"Sunday\"],\"opens\":\"09:00\",\"closes\":\"17:00\"}]},{\"@type\":\"ImageObject\",\"inLanguage\":\"sv-SE\",\"@id\":\"https:\\\/\\\/landioustravel.com\\\/sv\\\/shop\\\/utflykt-kairo-alexandria-hurghada\\\/#local-main-organization-logo\",\"url\":\"https:\\\/\\\/i0.wp.com\\\/landioustravel.com\\\/wp-content\\\/uploads\\\/2021\\\/06\\\/Landious-T.png?fit=500%2C500&ssl=1\",\"contentUrl\":\"https:\\\/\\\/i0.wp.com\\\/landioustravel.com\\\/wp-content\\\/uploads\\\/2021\\\/06\\\/Landious-T.png?fit=500%2C500&ssl=1\",\"width\":500,\"height\":500,\"caption\":\"Landious Travel\"}]}<\/script>\n<!-- \/ Yoast SEO Premium plugin. -->","yoast_head_json":{"title":"Utflykt till Kairo och Alexandria fr\u00e5n Hurghada","description":"Utflykt till Kairo och Alexandria fr\u00e5n Hurghada kommer vi att bes\u00f6ka de tre pyramiderna i Giza. Sedan \u00e4ter vi lunch. Efter lunch g\u00f6r vi en b\u00e5tpicknick genom","robots":{"index":"index","follow":"follow","max-snippet":"max-snippet:-1","max-image-preview":"max-image-preview:large","max-video-preview":"max-video-preview:-1"},"canonical":"https:\/\/landioustravel.com\/sv\/shop\/utflykt-kairo-alexandria-hurghada\/","og_locale":"sv_SE","og_type":"article","og_title":"Utflykt till Kairo och Alexandria fr\u00e5n Hurghada","og_description":"Landious Travel","og_url":"https:\/\/landioustravel.com\/sv\/shop\/utflykt-kairo-alexandria-hurghada\/","og_site_name":"Landious Travel","article_publisher":"https:\/\/web.facebook.com\/landiousEgypt","article_modified_time":"2024-09-04T17:14:00+00:00","og_image":[{"width":1200,"height":674,"url":"https:\/\/i0.wp.com\/landioustravel.com\/wp-content\/uploads\/2019\/01\/Excursion_Cairo_Alexandria_from_Sharm_El_Sheikh-1-e1551833862799.jpg?fit=1200%2C674&ssl=1","type":"image\/jpeg"}],"twitter_card":"summary_large_image","twitter_site":"@LandiousTours","twitter_misc":{"Ber\u00e4knad l\u00e4stid":"3 minuter"},"schema":{"@context":"https:\/\/schema.org","@graph":[{"@type":"WebPage","@id":"https:\/\/landioustravel.com\/sv\/shop\/utflykt-kairo-alexandria-hurghada\/","url":"https:\/\/landioustravel.com\/sv\/shop\/utflykt-kairo-alexandria-hurghada\/","name":"Utflykt till Kairo och Alexandria fr\u00e5n Hurghada","isPartOf":{"@id":"https:\/\/landioustravel.com\/sv\/#website"},"primaryImageOfPage":{"@id":"https:\/\/landioustravel.com\/sv\/shop\/utflykt-kairo-alexandria-hurghada\/#primaryimage"},"image":{"@id":"https:\/\/landioustravel.com\/sv\/shop\/utflykt-kairo-alexandria-hurghada\/#primaryimage"},"thumbnailUrl":"https:\/\/i0.wp.com\/landioustravel.com\/wp-content\/uploads\/2019\/01\/Excursion_Cairo_Alexandria_from_Sharm_El_Sheikh-1-e1551833862799.jpg?fit=1200%2C674&ssl=1","datePublished":"2020-12-26T02:42:19+00:00","dateModified":"2024-09-04T17:14:00+00:00","description":"Utflykt till Kairo och Alexandria fr\u00e5n Hurghada kommer vi att bes\u00f6ka de tre pyramiderna i Giza. Sedan \u00e4ter vi lunch. Efter lunch g\u00f6r vi en b\u00e5tpicknick genom","breadcrumb":{"@id":"https:\/\/landioustravel.com\/sv\/shop\/utflykt-kairo-alexandria-hurghada\/#breadcrumb"},"inLanguage":"sv-SE","potentialAction":[{"@type":"ReadAction","target":["https:\/\/landioustravel.com\/sv\/shop\/utflykt-kairo-alexandria-hurghada\/"]}]},{"@type":"ImageObject","inLanguage":"sv-SE","@id":"https:\/\/landioustravel.com\/sv\/shop\/utflykt-kairo-alexandria-hurghada\/#primaryimage","url":"https:\/\/i0.wp.com\/landioustravel.com\/wp-content\/uploads\/2019\/01\/Excursion_Cairo_Alexandria_from_Sharm_El_Sheikh-1-e1551833862799.jpg?fit=1200%2C674&ssl=1","contentUrl":"https:\/\/i0.wp.com\/landioustravel.com\/wp-content\/uploads\/2019\/01\/Excursion_Cairo_Alexandria_from_Sharm_El_Sheikh-1-e1551833862799.jpg?fit=1200%2C674&ssl=1","width":1200,"height":674,"caption":"Excursion to Cairo-Alexandria from Hurghada"},{"@type":"BreadcrumbList","@id":"https:\/\/landioustravel.com\/sv\/shop\/utflykt-kairo-alexandria-hurghada\/#breadcrumb","itemListElement":[{"@type":"ListItem","position":1,"name":"Home","item":"https:\/\/landioustravel.com\/sv\/"},{"@type":"ListItem","position":2,"name":"Tj\u00e4nster &#038; turer","item":"https:\/\/landioustravel.com\/sv\/"},{"@type":"ListItem","position":3,"name":"Utflykt till Kairo och Alexandria fr\u00e5n Hurghada"}]},{"@type":"WebSite","@id":"https:\/\/landioustravel.com\/sv\/#website","url":"https:\/\/landioustravel.com\/sv\/","name":"Landious Travel","description":"Excursions, trips and cruises in Egypt","publisher":{"@id":"https:\/\/landioustravel.com\/sv\/#organization"},"potentialAction":[{"@type":"SearchAction","target":{"@type":"EntryPoint","urlTemplate":"https:\/\/landioustravel.com\/sv\/?s={search_term_string}"},"query-input":{"@type":"PropertyValueSpecification","valueRequired":true,"valueName":"search_term_string"}}],"inLanguage":"sv-SE"},{"@type":["Organization","Place"],"@id":"https:\/\/landioustravel.com\/sv\/#organization","name":"Landious Travel","alternateName":"Landious Travel","url":"https:\/\/landioustravel.com\/sv\/","logo":{"@id":"https:\/\/landioustravel.com\/sv\/shop\/utflykt-kairo-alexandria-hurghada\/#local-main-organization-logo"},"image":{"@id":"https:\/\/landioustravel.com\/sv\/shop\/utflykt-kairo-alexandria-hurghada\/#local-main-organization-logo"},"sameAs":["https:\/\/web.facebook.com\/landiousEgypt","https:\/\/x.com\/LandiousTours","https:\/\/mastodon.social\/@landious"],"legalName":"Landious Travel","telephone":[],"openingHoursSpecification":[{"@type":"OpeningHoursSpecification","dayOfWeek":["Monday","Tuesday","Wednesday","Thursday","Friday","Saturday","Sunday"],"opens":"09:00","closes":"17:00"}]},{"@type":"ImageObject","inLanguage":"sv-SE","@id":"https:\/\/landioustravel.com\/sv\/shop\/utflykt-kairo-alexandria-hurghada\/#local-main-organization-logo","url":"https:\/\/i0.wp.com\/landioustravel.com\/wp-content\/uploads\/2021\/06\/Landious-T.png?fit=500%2C500&ssl=1","contentUrl":"https:\/\/i0.wp.com\/landioustravel.com\/wp-content\/uploads\/2021\/06\/Landious-T.png?fit=500%2C500&ssl=1","width":500,"height":500,"caption":"Landious Travel"}]}},"jetpack_publicize_connections":[],"uagb_featured_image_src":{"full":["https:\/\/i0.wp.com\/landioustravel.com\/wp-content\/uploads\/2019\/01\/Excursion_Cairo_Alexandria_from_Sharm_El_Sheikh-1-e1551833862799.jpg?fit=1200%2C674&ssl=1",1200,674,false],"thumbnail":["https:\/\/i0.wp.com\/landioustravel.com\/wp-content\/uploads\/2019\/01\/Excursion_Cairo_Alexandria_from_Sharm_El_Sheikh-1-e1551833862799.jpg?resize=150%2C150&ssl=1",150,150,true],"medium":["https:\/\/i0.wp.com\/landioustravel.com\/wp-content\/uploads\/2019\/01\/Excursion_Cairo_Alexandria_from_Sharm_El_Sheikh-1-e1551833862799.jpg?fit=300%2C169&ssl=1",300,169,true],"medium_large":["https:\/\/i0.wp.com\/landioustravel.com\/wp-content\/uploads\/2019\/01\/Excursion_Cairo_Alexandria_from_Sharm_El_Sheikh-1-e1551833862799.jpg?fit=768%2C431&ssl=1",768,431,true],"large":["https:\/\/i0.wp.com\/landioustravel.com\/wp-content\/uploads\/2019\/01\/Excursion_Cairo_Alexandria_from_Sharm_El_Sheikh-1-e1551833862799.jpg?fit=980%2C550&ssl=1",980,550,true],"1536x1536":["https:\/\/i0.wp.com\/landioustravel.com\/wp-content\/uploads\/2019\/01\/Excursion_Cairo_Alexandria_from_Sharm_El_Sheikh-1-e1551833862799.jpg?fit=1200%2C674&ssl=1",1200,674,true],"2048x2048":["https:\/\/i0.wp.com\/landioustravel.com\/wp-content\/uploads\/2019\/01\/Excursion_Cairo_Alexandria_from_Sharm_El_Sheikh-1-e1551833862799.jpg?fit=1200%2C674&ssl=1",1200,674,true],"newspack-article-block-landscape-large":["https:\/\/i0.wp.com\/landioustravel.com\/wp-content\/uploads\/2019\/01\/Excursion_Cairo_Alexandria_from_Sharm_El_Sheikh-1-e1551833862799.jpg?resize=1200%2C674&ssl=1",1200,674,true],"newspack-article-block-portrait-large":["https:\/\/i0.wp.com\/landioustravel.com\/wp-content\/uploads\/2019\/01\/Excursion_Cairo_Alexandria_from_Sharm_El_Sheikh-1-e1551833862799.jpg?resize=900%2C674&ssl=1",900,674,true],"newspack-article-block-square-large":["https:\/\/i0.wp.com\/landioustravel.com\/wp-content\/uploads\/2019\/01\/Excursion_Cairo_Alexandria_from_Sharm_El_Sheikh-1-e1551833862799.jpg?resize=1200%2C674&ssl=1",1200,674,true],"newspack-article-block-landscape-medium":["https:\/\/i0.wp.com\/landioustravel.com\/wp-content\/uploads\/2019\/01\/Excursion_Cairo_Alexandria_from_Sharm_El_Sheikh-1-e1551833862799.jpg?resize=800%2C600&ssl=1",800,600,true],"newspack-article-block-portrait-medium":["https:\/\/i0.wp.com\/landioustravel.com\/wp-content\/uploads\/2019\/01\/Excursion_Cairo_Alexandria_from_Sharm_El_Sheikh-1-e1551833862799.jpg?resize=600%2C674&ssl=1",600,674,true],"newspack-article-block-square-medium":["https:\/\/i0.wp.com\/landioustravel.com\/wp-content\/uploads\/2019\/01\/Excursion_Cairo_Alexandria_from_Sharm_El_Sheikh-1-e1551833862799.jpg?resize=800%2C674&ssl=1",800,674,true],"newspack-article-block-landscape-intermediate":["https:\/\/i0.wp.com\/landioustravel.com\/wp-content\/uploads\/2019\/01\/Excursion_Cairo_Alexandria_from_Sharm_El_Sheikh-1-e1551833862799.jpg?resize=600%2C450&ssl=1",600,450,true],"newspack-article-block-portrait-intermediate":["https:\/\/i0.wp.com\/landioustravel.com\/wp-content\/uploads\/2019\/01\/Excursion_Cairo_Alexandria_from_Sharm_El_Sheikh-1-e1551833862799.jpg?resize=450%2C600&ssl=1",450,600,true],"newspack-article-block-square-intermediate":["https:\/\/i0.wp.com\/landioustravel.com\/wp-content\/uploads\/2019\/01\/Excursion_Cairo_Alexandria_from_Sharm_El_Sheikh-1-e1551833862799.jpg?resize=600%2C600&ssl=1",600,600,true],"newspack-article-block-landscape-small":["https:\/\/i0.wp.com\/landioustravel.com\/wp-content\/uploads\/2019\/01\/Excursion_Cairo_Alexandria_from_Sharm_El_Sheikh-1-e1551833862799.jpg?resize=400%2C300&ssl=1",400,300,true],"newspack-article-block-portrait-small":["https:\/\/i0.wp.com\/landioustravel.com\/wp-content\/uploads\/2019\/01\/Excursion_Cairo_Alexandria_from_Sharm_El_Sheikh-1-e1551833862799.jpg?resize=300%2C400&ssl=1",300,400,true],"newspack-article-block-square-small":["https:\/\/i0.wp.com\/landioustravel.com\/wp-content\/uploads\/2019\/01\/Excursion_Cairo_Alexandria_from_Sharm_El_Sheikh-1-e1551833862799.jpg?resize=400%2C400&ssl=1",400,400,true],"newspack-article-block-landscape-tiny":["https:\/\/i0.wp.com\/landioustravel.com\/wp-content\/uploads\/2019\/01\/Excursion_Cairo_Alexandria_from_Sharm_El_Sheikh-1-e1551833862799.jpg?resize=200%2C150&ssl=1",200,150,true],"newspack-article-block-portrait-tiny":["https:\/\/i0.wp.com\/landioustravel.com\/wp-content\/uploads\/2019\/01\/Excursion_Cairo_Alexandria_from_Sharm_El_Sheikh-1-e1551833862799.jpg?resize=150%2C200&ssl=1",150,200,true],"newspack-article-block-square-tiny":["https:\/\/i0.wp.com\/landioustravel.com\/wp-content\/uploads\/2019\/01\/Excursion_Cairo_Alexandria_from_Sharm_El_Sheikh-1-e1551833862799.jpg?resize=200%2C200&ssl=1",200,200,true],"newspack-article-block-uncropped":["https:\/\/i0.wp.com\/landioustravel.com\/wp-content\/uploads\/2019\/01\/Excursion_Cairo_Alexandria_from_Sharm_El_Sheikh-1-e1551833862799.jpg?fit=1200%2C674&ssl=1",1200,674,true],"woocommerce_thumbnail":["https:\/\/i0.wp.com\/landioustravel.com\/wp-content\/uploads\/2019\/01\/Excursion_Cairo_Alexandria_from_Sharm_El_Sheikh-1-e1551833862799.jpg?resize=324%2C324&ssl=1",324,324,true],"woocommerce_single":["https:\/\/i0.wp.com\/landioustravel.com\/wp-content\/uploads\/2019\/01\/Excursion_Cairo_Alexandria_from_Sharm_El_Sheikh-1-e1551833862799.jpg?fit=416%2C234&ssl=1",416,234,true],"woocommerce_gallery_thumbnail":["https:\/\/i0.wp.com\/landioustravel.com\/wp-content\/uploads\/2019\/01\/Excursion_Cairo_Alexandria_from_Sharm_El_Sheikh-1-e1551833862799.jpg?resize=100%2C100&ssl=1",100,100,true]},"uagb_author_info":{"display_name":"Mofreh Landious","author_link":"https:\/\/landioustravel.com\/sv\/author\/"},"uagb_comment_info":5,"uagb_excerpt":"Vi \u00e4r glada att kunna erbjuda dig en tv\u00e5dagarsresa till Kairo och Alexandria, d\u00e4r du kan utforska Egyptens rika historia. Vi tar dig p\u00e5 en bekv\u00e4m buss fr\u00e5n Hurghada f\u00f6r att se de magnifika pyramiderna i Giza och den stora sfinxen. Efter lunch tar vi en b\u00e5ttur \u00f6ver den vackra Nilen, och vi bes\u00f6ker det&hellip;","jetpack_sharing_enabled":true,"jetpack_likes_enabled":true,"amp_enabled":true,"_links":{"self":[{"href":"https:\/\/landioustravel.com\/sv\/wp-json\/wp\/v2\/product\/26691","targetHints":{"allow":["GET"]}}],"collection":[{"href":"https:\/\/landioustravel.com\/sv\/wp-json\/wp\/v2\/product"}],"about":[{"href":"https:\/\/landioustravel.com\/sv\/wp-json\/wp\/v2\/types\/product"}],"replies":[{"embeddable":true,"href":"https:\/\/landioustravel.com\/sv\/wp-json\/wp\/v2\/comments?post=26691"}],"wp:featuredmedia":[{"embeddable":true,"href":"https:\/\/landioustravel.com\/sv\/wp-json\/wp\/v2\/media\/26693"}],"wp:attachment":[{"href":"https:\/\/landioustravel.com\/sv\/wp-json\/wp\/v2\/media?parent=26691"}],"wp:term":[{"taxonomy":"product_brand","embeddable":true,"href":"https:\/\/landioustravel.com\/sv\/wp-json\/wp\/v2\/product_brand?post=26691"},{"taxonomy":"product_cat","embeddable":true,"href":"https:\/\/landioustravel.com\/sv\/wp-json\/wp\/v2\/product_cat?post=26691"},{"taxonomy":"product_tag","embeddable":true,"href":"https:\/\/landioustravel.com\/sv\/wp-json\/wp\/v2\/product_tag?post=26691"}],"curies":[{"name":"wp","href":"https:\/\/api.w.org\/{rel}","templated":true}]}}