{"id":26710,"date":"2018-12-07T20:25:21","date_gmt":"2020-12-27T10:48:17","guid":{"rendered":"https:\/\/landioustravel.com\/?post_type=product&#038;p=26710"},"modified":"2024-08-14T04:29:09","modified_gmt":"2024-08-14T01:29:09","slug":"snorklingutflykt-ras-mohammed-sharm","status":"publish","type":"product","link":"https:\/\/landioustravel.com\/sv\/shop\/snorklingutflykt-ras-mohammed-sharm\/","title":{"rendered":"Ras Mohammed snorklingutflykt fr\u00e5n Sharm El-Sheikh"},"content":{"rendered":"<p>Det \u00e4r en underbar b\u00e5ttur till det skyddade omr\u00e5det Ras Mohammed i Sharm El-Sheikh, Egypten! Vi rekommenderar resan eftersom det till\u00e5ter turister att ha det bra vid havet! Resan ger dig m\u00f6jlighet att se vackra koraller och en m\u00e4ngd olika fiskar med hj\u00e4lp av masker och flipper. Du kan fortfarande njuta av en havspiknik genom R\u00f6da havet p\u00e5 en av de mest k\u00e4nda platserna i v\u00e4rlden. &#8221;Snorklingsutflykten till Ras Mohammed fr\u00e5n Sharm El-Sheikh&#8221; \u00e4r en av de underbara tj\u00e4nsterna vi presenterar dig i Sharm El Sheikh, South Sinai Governorate.<\/p>\n<h2>Huvudpunkterna i utflyktsprogrammet till Ras Mohammed<\/h2>\n<ul>\n<li>Simma i det \u00f6ppna havet fr\u00e5n b\u00e5ten<\/li>\n<li>Snorkling med masker och simf\u00f6tter<\/li>\n<li>Dessutom lunch p\u00e5 b\u00e5ten<\/li>\n<\/ul>\n<h3>Program f\u00f6r utflykter till reserven Ras Mohammed i Sharm El-Sheikh<\/h3>\n<ul>\n<li>Landious Travel-representant h\u00e4mtar dig fr\u00e5n ditt hotell i Sharm El-Sheikh, klockan 08:00<\/li>\n<li>Efter att ha h\u00e4mtat alla bes\u00f6kare g\u00e5r bussen till hamnen. V\u00e4gen till hamnen tar cirka 20 minuter<\/li>\n<li>Du hittar din b\u00e5t i hamnen. Det \u00e4r stort och elegant! B\u00e5ten best\u00e5r av tv\u00e5 v\u00e5ningar. S\u00e5 fort du g\u00e5r in i b\u00e5ten \u00e4r det n\u00f6dv\u00e4ndigt att ta av dig skodonet och stiga p\u00e5 andra v\u00e5ningen f\u00f6r att garva p\u00e5 det \u00f6vre sold\u00e4cket<\/li>\n<li>B\u00e5ten g\u00e5r vidare genom R\u00f6da havet, s\u00e5 snart gruppen samlas. Och sedan, p\u00e5 den vackra korallhavet, stoppar du. D\u00e4r kan du simma och snorkla med masker och simf\u00f6tter<\/li>\n<li>Efter ett s\u00e5dant stopp b\u00f6rjar din lunch. Under lunchen samlas gruppen p\u00e5 f\u00f6rsta v\u00e5ningen n\u00e4ra buff\u00e9n.<\/li>\n<li>Vidare forts\u00e4tter b\u00e5ten och p\u00e5 ett annat st\u00e4lle slutar den att simma igen med masker och simf\u00f6tter<\/li>\n<li>Slutligen eskorterar vi dig tillbaka till ditt hotell efter en s\u00e5dan h\u00e4rlig snorklingupplevelse i Ras Mohammed National Park<\/li>\n<li>Denna &#8221;snorklingsutflykt till Ras Mohammed fr\u00e5n Sharm El-Sheikh&#8221; slutar cirka kl. 18:30<\/li>\n<\/ul>\n<h4>Vad ing\u00e5r i resepriset<\/h4>\n<ul>\n<li>Mat<\/li>\n<li>\u00d6verf\u00f6r ocks\u00e5 till hamnen och tillbaka till hotellet<\/li>\n<\/ul>\n<h5>Vad ing\u00e5r inte i priset f\u00f6r turn\u00e9n<\/h5>\n<ul>\n<li>Snorklingsutrustning<\/li>\n<li>Video DVD<\/li>\n<li>\u00c4ven foto-CD<\/li>\n<\/ul>\n<h6>Vad du ska ta med dig f\u00f6r resan<\/h6>\n<ul>\n<li>Handduk<\/li>\n<li>Snorklingsutrustning<\/li>\n<li>\u00c4ven solskyddsmedel<\/li>\n<\/ul>\n<h6>Dagar med utflyktsorganisation<\/h6>\n<ul>\n<li>Dagligen fr\u00e5n kl. 08.00 till 17.00<\/li>\n<\/ul>\n","protected":false},"excerpt":{"rendered":"<p>Upplev sk\u00f6nheten i R\u00f6da havets majest\u00e4tiska korallrev p\u00e5 en bekv\u00e4m och s\u00e4ker snorklingsresa till Ras Mohammed National Park. Oavsett om du f\u00f6redrar att snorkla i det kristallklara vattnet eller bara sola dig i solens v\u00e4rme p\u00e5 d\u00e4ck, har vi n\u00e5got f\u00f6r alla att njuta av. V\u00e5r v\u00e4nliga guide kommer att vara med dig varje steg p\u00e5 v\u00e4gen, f\u00f6r att s\u00e4kerst\u00e4lla att du har en rolig och minnesv\u00e4rd tid. Under resan kommer vi att g\u00f6ra tv\u00e5 till tre stopp beroende p\u00e5 v\u00e4dret, varav ett \u00e4r den fantastiska White Island sandbank. Observera att kostnaden f\u00f6r snorklingsutrustning och entr\u00e9avgifter till parken inte ing\u00e5r i resans pris.<\/p>\n<p>F\u00f6lj med p\u00e5 en h\u00e4rlig b\u00e5ttur i det skyddade omr\u00e5det Ras Mohammed! Denna nationalpark \u00e4r hem f\u00f6r n\u00e5gra av de vackraste korallreven och fiskarna i Sharm El-Sheikh, vilket g\u00f6r den till ett m\u00e5ste att bes\u00f6ka f\u00f6r natur\u00e4lskare. V\u00e5r b\u00e5t tar dig till de b\u00e4sta snorklingsplatserna i omr\u00e5det, d\u00e4r du kan uppt\u00e4cka undervattensv\u00e4rldens under. Du kan ocks\u00e5 v\u00e4lja att bada eller sola om du f\u00f6redrar det. Under resan kommer v\u00e5r erfarna guide att introducera dig till de olika fiskarterna i omr\u00e5det, vilket garanterar din s\u00e4kerhet hela tiden.<\/p>\n<p>Vi f\u00f6rst\u00e5r att din komfort och njutning \u00e4r viktig, s\u00e5 vi har inkluderat en uts\u00f6kt lunch ombord p\u00e5 fartyget som du kan njuta av. Oroa dig inte f\u00f6r n\u00e5gonting, eftersom vi tar hand om alla dina \u00f6verf\u00f6ringar med A\/C Van, vilket ger dig en stressfri upplevelse.<\/p>\n<p>I slutet av dagen kommer v\u00e5r b\u00e5t att eskortera dig tillbaka till Sharms hamn, och d\u00e4rifr\u00e5n kommer du att k\u00f6ras tillbaka till ditt hotell. Vi hoppas att din resa med oss kommer att bli en of\u00f6rgl\u00f6mlig resa fylld med best\u00e5ende minnen!<\/p>\n","protected":false},"featured_media":100398,"comment_status":"open","ping_status":"closed","template":"","meta":{"_coblocks_attr":"","_coblocks_dimensions":"","_coblocks_responsive_height":"","_coblocks_accordion_ie_support":"","_uag_custom_page_level_css":"","jetpack_publicize_message":"","jetpack_publicize_feature_enabled":true,"jetpack_social_post_already_shared":true,"jetpack_social_options":{"image_generator_settings":{"template":"highway","default_image_id":0,"font":"","enabled":false},"version":2},"_wpas_customize_per_network":false},"product_brand":[],"product_cat":[18880,18882],"product_tag":[19022,19026,19023,19029,18998],"class_list":{"0":"post-26710","1":"product","2":"type-product","3":"status-publish","4":"has-post-thumbnail","6":"product_cat-sharm-sheikh-utflykter","7":"product_cat-sjoturer-sharm-sheikh","8":"product_tag-havet","9":"product_tag-sharm-sheikh-sv","10":"product_tag-sjoturer","11":"product_tag-snorkling-sv","12":"product_tag-utflykt","13":"pa_age-barn-1-4-ar","14":"pa_age-barn-5-11-ar","15":"pa_age-vuxen","17":"first","18":"instock","19":"sale","20":"purchasable","21":"product-type-variable"},"yoast_head":"<!-- This site is optimized with the Yoast SEO Premium plugin v26.9 (Yoast SEO v27.5) - https:\/\/yoast.com\/product\/yoast-seo-premium-wordpress\/ -->\n<title>Ras Mohammed snorklingutflykt fr\u00e5n Sharm El-Sheikh<\/title>\n<meta name=\"description\" content=\"Ras Mohammed snorklingutflykt fr\u00e5n Sharm El-Sheikh En underbar snorklingb\u00e5ttur i det skyddade omr\u00e5det Ras Mohammed! B\u00e5ten simmar i nationalparken, d\u00e4r det\" \/>\n<meta name=\"robots\" content=\"index, follow, max-snippet:-1, max-image-preview:large, max-video-preview:-1\" \/>\n<link rel=\"canonical\" href=\"https:\/\/landioustravel.com\/sv\/shop\/snorklingutflykt-ras-mohammed-sharm\/\" \/>\n<meta property=\"og:locale\" content=\"sv_SE\" \/>\n<meta property=\"og:type\" content=\"article\" \/>\n<meta property=\"og:title\" content=\"Ras Mohammed snorklingutflykt fr\u00e5n Sharm El-Sheikh\" \/>\n<meta property=\"og:description\" content=\"Landious Travel\" \/>\n<meta property=\"og:url\" content=\"https:\/\/landioustravel.com\/sv\/shop\/snorklingutflykt-ras-mohammed-sharm\/\" \/>\n<meta property=\"og:site_name\" content=\"Landious Travel\" \/>\n<meta property=\"article:publisher\" content=\"https:\/\/web.facebook.com\/landiousEgypt\" \/>\n<meta property=\"article:modified_time\" content=\"2024-08-14T01:29:09+00:00\" \/>\n<meta property=\"og:image\" content=\"https:\/\/i0.wp.com\/landioustravel.com\/wp-content\/uploads\/2018\/12\/Ras-Mohammed-Snorkelling-Trip-Sharm-El-Sheikh-e1669505579298.jpg?fit=1200%2C675&ssl=1\" \/>\n\t<meta property=\"og:image:width\" content=\"1200\" \/>\n\t<meta property=\"og:image:height\" content=\"675\" \/>\n\t<meta property=\"og:image:type\" content=\"image\/jpeg\" \/>\n<meta name=\"twitter:card\" content=\"summary_large_image\" \/>\n<meta name=\"twitter:site\" content=\"@LandiousTours\" \/>\n<meta name=\"twitter:label1\" content=\"Ber\u00e4knad l\u00e4stid\" \/>\n\t<meta name=\"twitter:data1\" content=\"2 minuter\" \/>\n<script type=\"application\/ld+json\" class=\"yoast-schema-graph\">{\"@context\":\"https:\\\/\\\/schema.org\",\"@graph\":[{\"@type\":\"WebPage\",\"@id\":\"https:\\\/\\\/landioustravel.com\\\/sv\\\/shop\\\/snorklingutflykt-ras-mohammed-sharm\\\/\",\"url\":\"https:\\\/\\\/landioustravel.com\\\/sv\\\/shop\\\/snorklingutflykt-ras-mohammed-sharm\\\/\",\"name\":\"Ras Mohammed snorklingutflykt fr\u00e5n Sharm El-Sheikh\",\"isPartOf\":{\"@id\":\"https:\\\/\\\/landioustravel.com\\\/sv\\\/#website\"},\"primaryImageOfPage\":{\"@id\":\"https:\\\/\\\/landioustravel.com\\\/sv\\\/shop\\\/snorklingutflykt-ras-mohammed-sharm\\\/#primaryimage\"},\"image\":{\"@id\":\"https:\\\/\\\/landioustravel.com\\\/sv\\\/shop\\\/snorklingutflykt-ras-mohammed-sharm\\\/#primaryimage\"},\"thumbnailUrl\":\"https:\\\/\\\/i0.wp.com\\\/landioustravel.com\\\/wp-content\\\/uploads\\\/2018\\\/12\\\/Ras-Mohammed-Snorkelling-Trip-Sharm-El-Sheikh-e1669505579298.jpg?fit=1200%2C675&ssl=1\",\"datePublished\":\"2020-12-27T10:48:17+00:00\",\"dateModified\":\"2024-08-14T01:29:09+00:00\",\"description\":\"Ras Mohammed snorklingutflykt fr\u00e5n Sharm El-Sheikh En underbar snorklingb\u00e5ttur i det skyddade omr\u00e5det Ras Mohammed! B\u00e5ten simmar i nationalparken, d\u00e4r det\",\"breadcrumb\":{\"@id\":\"https:\\\/\\\/landioustravel.com\\\/sv\\\/shop\\\/snorklingutflykt-ras-mohammed-sharm\\\/#breadcrumb\"},\"inLanguage\":\"sv-SE\",\"potentialAction\":[{\"@type\":\"ReadAction\",\"target\":[\"https:\\\/\\\/landioustravel.com\\\/sv\\\/shop\\\/snorklingutflykt-ras-mohammed-sharm\\\/\"]}]},{\"@type\":\"ImageObject\",\"inLanguage\":\"sv-SE\",\"@id\":\"https:\\\/\\\/landioustravel.com\\\/sv\\\/shop\\\/snorklingutflykt-ras-mohammed-sharm\\\/#primaryimage\",\"url\":\"https:\\\/\\\/i0.wp.com\\\/landioustravel.com\\\/wp-content\\\/uploads\\\/2018\\\/12\\\/Ras-Mohammed-Snorkelling-Trip-Sharm-El-Sheikh-e1669505579298.jpg?fit=1200%2C675&ssl=1\",\"contentUrl\":\"https:\\\/\\\/i0.wp.com\\\/landioustravel.com\\\/wp-content\\\/uploads\\\/2018\\\/12\\\/Ras-Mohammed-Snorkelling-Trip-Sharm-El-Sheikh-e1669505579298.jpg?fit=1200%2C675&ssl=1\",\"width\":1200,\"height\":675,\"caption\":\"Ras Mohammed Snorkelling Trip Sharm El Sheikh\"},{\"@type\":\"BreadcrumbList\",\"@id\":\"https:\\\/\\\/landioustravel.com\\\/sv\\\/shop\\\/snorklingutflykt-ras-mohammed-sharm\\\/#breadcrumb\",\"itemListElement\":[{\"@type\":\"ListItem\",\"position\":1,\"name\":\"Home\",\"item\":\"https:\\\/\\\/landioustravel.com\\\/sv\\\/\"},{\"@type\":\"ListItem\",\"position\":2,\"name\":\"Tj\u00e4nster &#038; turer\",\"item\":\"https:\\\/\\\/landioustravel.com\\\/sv\\\/\"},{\"@type\":\"ListItem\",\"position\":3,\"name\":\"Ras Mohammed snorklingutflykt fr\u00e5n Sharm El-Sheikh\"}]},{\"@type\":\"WebSite\",\"@id\":\"https:\\\/\\\/landioustravel.com\\\/sv\\\/#website\",\"url\":\"https:\\\/\\\/landioustravel.com\\\/sv\\\/\",\"name\":\"Landious Travel\",\"description\":\"Excursions, trips and cruises in Egypt\",\"publisher\":{\"@id\":\"https:\\\/\\\/landioustravel.com\\\/sv\\\/#organization\"},\"potentialAction\":[{\"@type\":\"SearchAction\",\"target\":{\"@type\":\"EntryPoint\",\"urlTemplate\":\"https:\\\/\\\/landioustravel.com\\\/sv\\\/?s={search_term_string}\"},\"query-input\":{\"@type\":\"PropertyValueSpecification\",\"valueRequired\":true,\"valueName\":\"search_term_string\"}}],\"inLanguage\":\"sv-SE\"},{\"@type\":[\"Organization\",\"Place\"],\"@id\":\"https:\\\/\\\/landioustravel.com\\\/sv\\\/#organization\",\"name\":\"Landious Travel\",\"alternateName\":\"Landious Travel\",\"url\":\"https:\\\/\\\/landioustravel.com\\\/sv\\\/\",\"logo\":{\"@id\":\"https:\\\/\\\/landioustravel.com\\\/sv\\\/shop\\\/snorklingutflykt-ras-mohammed-sharm\\\/#local-main-organization-logo\"},\"image\":{\"@id\":\"https:\\\/\\\/landioustravel.com\\\/sv\\\/shop\\\/snorklingutflykt-ras-mohammed-sharm\\\/#local-main-organization-logo\"},\"sameAs\":[\"https:\\\/\\\/web.facebook.com\\\/landiousEgypt\",\"https:\\\/\\\/x.com\\\/LandiousTours\",\"https:\\\/\\\/mastodon.social\\\/@landious\"],\"legalName\":\"Landious Travel\",\"telephone\":[],\"openingHoursSpecification\":[{\"@type\":\"OpeningHoursSpecification\",\"dayOfWeek\":[\"Monday\",\"Tuesday\",\"Wednesday\",\"Thursday\",\"Friday\",\"Saturday\",\"Sunday\"],\"opens\":\"09:00\",\"closes\":\"17:00\"}]},{\"@type\":\"ImageObject\",\"inLanguage\":\"sv-SE\",\"@id\":\"https:\\\/\\\/landioustravel.com\\\/sv\\\/shop\\\/snorklingutflykt-ras-mohammed-sharm\\\/#local-main-organization-logo\",\"url\":\"https:\\\/\\\/i0.wp.com\\\/landioustravel.com\\\/wp-content\\\/uploads\\\/2021\\\/06\\\/Landious-T.png?fit=500%2C500&ssl=1\",\"contentUrl\":\"https:\\\/\\\/i0.wp.com\\\/landioustravel.com\\\/wp-content\\\/uploads\\\/2021\\\/06\\\/Landious-T.png?fit=500%2C500&ssl=1\",\"width\":500,\"height\":500,\"caption\":\"Landious Travel\"}]}<\/script>\n<!-- \/ Yoast SEO Premium plugin. -->","yoast_head_json":{"title":"Ras Mohammed snorklingutflykt fr\u00e5n Sharm El-Sheikh","description":"Ras Mohammed snorklingutflykt fr\u00e5n Sharm El-Sheikh En underbar snorklingb\u00e5ttur i det skyddade omr\u00e5det Ras Mohammed! B\u00e5ten simmar i nationalparken, d\u00e4r det","robots":{"index":"index","follow":"follow","max-snippet":"max-snippet:-1","max-image-preview":"max-image-preview:large","max-video-preview":"max-video-preview:-1"},"canonical":"https:\/\/landioustravel.com\/sv\/shop\/snorklingutflykt-ras-mohammed-sharm\/","og_locale":"sv_SE","og_type":"article","og_title":"Ras Mohammed snorklingutflykt fr\u00e5n Sharm El-Sheikh","og_description":"Landious Travel","og_url":"https:\/\/landioustravel.com\/sv\/shop\/snorklingutflykt-ras-mohammed-sharm\/","og_site_name":"Landious Travel","article_publisher":"https:\/\/web.facebook.com\/landiousEgypt","article_modified_time":"2024-08-14T01:29:09+00:00","og_image":[{"width":1200,"height":675,"url":"https:\/\/i0.wp.com\/landioustravel.com\/wp-content\/uploads\/2018\/12\/Ras-Mohammed-Snorkelling-Trip-Sharm-El-Sheikh-e1669505579298.jpg?fit=1200%2C675&ssl=1","type":"image\/jpeg"}],"twitter_card":"summary_large_image","twitter_site":"@LandiousTours","twitter_misc":{"Ber\u00e4knad l\u00e4stid":"2 minuter"},"schema":{"@context":"https:\/\/schema.org","@graph":[{"@type":"WebPage","@id":"https:\/\/landioustravel.com\/sv\/shop\/snorklingutflykt-ras-mohammed-sharm\/","url":"https:\/\/landioustravel.com\/sv\/shop\/snorklingutflykt-ras-mohammed-sharm\/","name":"Ras Mohammed snorklingutflykt fr\u00e5n Sharm El-Sheikh","isPartOf":{"@id":"https:\/\/landioustravel.com\/sv\/#website"},"primaryImageOfPage":{"@id":"https:\/\/landioustravel.com\/sv\/shop\/snorklingutflykt-ras-mohammed-sharm\/#primaryimage"},"image":{"@id":"https:\/\/landioustravel.com\/sv\/shop\/snorklingutflykt-ras-mohammed-sharm\/#primaryimage"},"thumbnailUrl":"https:\/\/i0.wp.com\/landioustravel.com\/wp-content\/uploads\/2018\/12\/Ras-Mohammed-Snorkelling-Trip-Sharm-El-Sheikh-e1669505579298.jpg?fit=1200%2C675&ssl=1","datePublished":"2020-12-27T10:48:17+00:00","dateModified":"2024-08-14T01:29:09+00:00","description":"Ras Mohammed snorklingutflykt fr\u00e5n Sharm El-Sheikh En underbar snorklingb\u00e5ttur i det skyddade omr\u00e5det Ras Mohammed! B\u00e5ten simmar i nationalparken, d\u00e4r det","breadcrumb":{"@id":"https:\/\/landioustravel.com\/sv\/shop\/snorklingutflykt-ras-mohammed-sharm\/#breadcrumb"},"inLanguage":"sv-SE","potentialAction":[{"@type":"ReadAction","target":["https:\/\/landioustravel.com\/sv\/shop\/snorklingutflykt-ras-mohammed-sharm\/"]}]},{"@type":"ImageObject","inLanguage":"sv-SE","@id":"https:\/\/landioustravel.com\/sv\/shop\/snorklingutflykt-ras-mohammed-sharm\/#primaryimage","url":"https:\/\/i0.wp.com\/landioustravel.com\/wp-content\/uploads\/2018\/12\/Ras-Mohammed-Snorkelling-Trip-Sharm-El-Sheikh-e1669505579298.jpg?fit=1200%2C675&ssl=1","contentUrl":"https:\/\/i0.wp.com\/landioustravel.com\/wp-content\/uploads\/2018\/12\/Ras-Mohammed-Snorkelling-Trip-Sharm-El-Sheikh-e1669505579298.jpg?fit=1200%2C675&ssl=1","width":1200,"height":675,"caption":"Ras Mohammed Snorkelling Trip Sharm El Sheikh"},{"@type":"BreadcrumbList","@id":"https:\/\/landioustravel.com\/sv\/shop\/snorklingutflykt-ras-mohammed-sharm\/#breadcrumb","itemListElement":[{"@type":"ListItem","position":1,"name":"Home","item":"https:\/\/landioustravel.com\/sv\/"},{"@type":"ListItem","position":2,"name":"Tj\u00e4nster &#038; turer","item":"https:\/\/landioustravel.com\/sv\/"},{"@type":"ListItem","position":3,"name":"Ras Mohammed snorklingutflykt fr\u00e5n Sharm El-Sheikh"}]},{"@type":"WebSite","@id":"https:\/\/landioustravel.com\/sv\/#website","url":"https:\/\/landioustravel.com\/sv\/","name":"Landious Travel","description":"Excursions, trips and cruises in Egypt","publisher":{"@id":"https:\/\/landioustravel.com\/sv\/#organization"},"potentialAction":[{"@type":"SearchAction","target":{"@type":"EntryPoint","urlTemplate":"https:\/\/landioustravel.com\/sv\/?s={search_term_string}"},"query-input":{"@type":"PropertyValueSpecification","valueRequired":true,"valueName":"search_term_string"}}],"inLanguage":"sv-SE"},{"@type":["Organization","Place"],"@id":"https:\/\/landioustravel.com\/sv\/#organization","name":"Landious Travel","alternateName":"Landious Travel","url":"https:\/\/landioustravel.com\/sv\/","logo":{"@id":"https:\/\/landioustravel.com\/sv\/shop\/snorklingutflykt-ras-mohammed-sharm\/#local-main-organization-logo"},"image":{"@id":"https:\/\/landioustravel.com\/sv\/shop\/snorklingutflykt-ras-mohammed-sharm\/#local-main-organization-logo"},"sameAs":["https:\/\/web.facebook.com\/landiousEgypt","https:\/\/x.com\/LandiousTours","https:\/\/mastodon.social\/@landious"],"legalName":"Landious Travel","telephone":[],"openingHoursSpecification":[{"@type":"OpeningHoursSpecification","dayOfWeek":["Monday","Tuesday","Wednesday","Thursday","Friday","Saturday","Sunday"],"opens":"09:00","closes":"17:00"}]},{"@type":"ImageObject","inLanguage":"sv-SE","@id":"https:\/\/landioustravel.com\/sv\/shop\/snorklingutflykt-ras-mohammed-sharm\/#local-main-organization-logo","url":"https:\/\/i0.wp.com\/landioustravel.com\/wp-content\/uploads\/2021\/06\/Landious-T.png?fit=500%2C500&ssl=1","contentUrl":"https:\/\/i0.wp.com\/landioustravel.com\/wp-content\/uploads\/2021\/06\/Landious-T.png?fit=500%2C500&ssl=1","width":500,"height":500,"caption":"Landious Travel"}]}},"jetpack_publicize_connections":[],"uagb_featured_image_src":{"full":["https:\/\/i0.wp.com\/landioustravel.com\/wp-content\/uploads\/2018\/12\/Ras-Mohammed-Snorkelling-Trip-Sharm-El-Sheikh-e1669505579298.jpg?fit=1200%2C675&ssl=1",1200,675,false],"thumbnail":["https:\/\/i0.wp.com\/landioustravel.com\/wp-content\/uploads\/2018\/12\/Ras-Mohammed-Snorkelling-Trip-Sharm-El-Sheikh-e1669505579298.jpg?resize=150%2C150&ssl=1",150,150,true],"medium":["https:\/\/i0.wp.com\/landioustravel.com\/wp-content\/uploads\/2018\/12\/Ras-Mohammed-Snorkelling-Trip-Sharm-El-Sheikh-e1669505579298.jpg?fit=300%2C169&ssl=1",300,169,true],"medium_large":["https:\/\/i0.wp.com\/landioustravel.com\/wp-content\/uploads\/2018\/12\/Ras-Mohammed-Snorkelling-Trip-Sharm-El-Sheikh-e1669505579298.jpg?fit=768%2C432&ssl=1",768,432,true],"large":["https:\/\/i0.wp.com\/landioustravel.com\/wp-content\/uploads\/2018\/12\/Ras-Mohammed-Snorkelling-Trip-Sharm-El-Sheikh-e1669505579298.jpg?fit=980%2C551&ssl=1",980,551,true],"1536x1536":["https:\/\/i0.wp.com\/landioustravel.com\/wp-content\/uploads\/2018\/12\/Ras-Mohammed-Snorkelling-Trip-Sharm-El-Sheikh-e1669505579298.jpg?fit=1536%2C931&ssl=1",1536,931,true],"2048x2048":["https:\/\/i0.wp.com\/landioustravel.com\/wp-content\/uploads\/2018\/12\/Ras-Mohammed-Snorkelling-Trip-Sharm-El-Sheikh-e1669505579298.jpg?fit=1200%2C675&ssl=1",1200,675,true],"newspack-article-block-landscape-large":["https:\/\/i0.wp.com\/landioustravel.com\/wp-content\/uploads\/2018\/12\/Ras-Mohammed-Snorkelling-Trip-Sharm-El-Sheikh-e1669505579298.jpg?resize=1200%2C675&ssl=1",1200,675,true],"newspack-article-block-portrait-large":["https:\/\/i0.wp.com\/landioustravel.com\/wp-content\/uploads\/2018\/12\/Ras-Mohammed-Snorkelling-Trip-Sharm-El-Sheikh-e1669505579298.jpg?resize=900%2C675&ssl=1",900,675,true],"newspack-article-block-square-large":["https:\/\/i0.wp.com\/landioustravel.com\/wp-content\/uploads\/2018\/12\/Ras-Mohammed-Snorkelling-Trip-Sharm-El-Sheikh-e1669505579298.jpg?resize=1200%2C675&ssl=1",1200,675,true],"newspack-article-block-landscape-medium":["https:\/\/i0.wp.com\/landioustravel.com\/wp-content\/uploads\/2018\/12\/Ras-Mohammed-Snorkelling-Trip-Sharm-El-Sheikh-e1669505579298.jpg?resize=800%2C600&ssl=1",800,600,true],"newspack-article-block-portrait-medium":["https:\/\/i0.wp.com\/landioustravel.com\/wp-content\/uploads\/2018\/12\/Ras-Mohammed-Snorkelling-Trip-Sharm-El-Sheikh-e1669505579298.jpg?resize=600%2C675&ssl=1",600,675,true],"newspack-article-block-square-medium":["https:\/\/i0.wp.com\/landioustravel.com\/wp-content\/uploads\/2018\/12\/Ras-Mohammed-Snorkelling-Trip-Sharm-El-Sheikh-e1669505579298.jpg?resize=800%2C675&ssl=1",800,675,true],"newspack-article-block-landscape-intermediate":["https:\/\/i0.wp.com\/landioustravel.com\/wp-content\/uploads\/2018\/12\/Ras-Mohammed-Snorkelling-Trip-Sharm-El-Sheikh-e1669505579298.jpg?resize=600%2C450&ssl=1",600,450,true],"newspack-article-block-portrait-intermediate":["https:\/\/i0.wp.com\/landioustravel.com\/wp-content\/uploads\/2018\/12\/Ras-Mohammed-Snorkelling-Trip-Sharm-El-Sheikh-e1669505579298.jpg?resize=450%2C600&ssl=1",450,600,true],"newspack-article-block-square-intermediate":["https:\/\/i0.wp.com\/landioustravel.com\/wp-content\/uploads\/2018\/12\/Ras-Mohammed-Snorkelling-Trip-Sharm-El-Sheikh-e1669505579298.jpg?resize=600%2C600&ssl=1",600,600,true],"newspack-article-block-landscape-small":["https:\/\/i0.wp.com\/landioustravel.com\/wp-content\/uploads\/2018\/12\/Ras-Mohammed-Snorkelling-Trip-Sharm-El-Sheikh-e1669505579298.jpg?resize=400%2C300&ssl=1",400,300,true],"newspack-article-block-portrait-small":["https:\/\/i0.wp.com\/landioustravel.com\/wp-content\/uploads\/2018\/12\/Ras-Mohammed-Snorkelling-Trip-Sharm-El-Sheikh-e1669505579298.jpg?resize=300%2C400&ssl=1",300,400,true],"newspack-article-block-square-small":["https:\/\/i0.wp.com\/landioustravel.com\/wp-content\/uploads\/2018\/12\/Ras-Mohammed-Snorkelling-Trip-Sharm-El-Sheikh-e1669505579298.jpg?resize=400%2C400&ssl=1",400,400,true],"newspack-article-block-landscape-tiny":["https:\/\/i0.wp.com\/landioustravel.com\/wp-content\/uploads\/2018\/12\/Ras-Mohammed-Snorkelling-Trip-Sharm-El-Sheikh-e1669505579298.jpg?resize=200%2C150&ssl=1",200,150,true],"newspack-article-block-portrait-tiny":["https:\/\/i0.wp.com\/landioustravel.com\/wp-content\/uploads\/2018\/12\/Ras-Mohammed-Snorkelling-Trip-Sharm-El-Sheikh-e1669505579298.jpg?resize=150%2C200&ssl=1",150,200,true],"newspack-article-block-square-tiny":["https:\/\/i0.wp.com\/landioustravel.com\/wp-content\/uploads\/2018\/12\/Ras-Mohammed-Snorkelling-Trip-Sharm-El-Sheikh-e1669505579298.jpg?resize=200%2C200&ssl=1",200,200,true],"newspack-article-block-uncropped":["https:\/\/i0.wp.com\/landioustravel.com\/wp-content\/uploads\/2018\/12\/Ras-Mohammed-Snorkelling-Trip-Sharm-El-Sheikh-e1669505579298.jpg?fit=1200%2C675&ssl=1",1200,675,true],"woocommerce_thumbnail":["https:\/\/i0.wp.com\/landioustravel.com\/wp-content\/uploads\/2018\/12\/Ras-Mohammed-Snorkelling-Trip-Sharm-El-Sheikh-e1669505579298.jpg?resize=324%2C324&ssl=1",324,324,true],"woocommerce_single":["https:\/\/i0.wp.com\/landioustravel.com\/wp-content\/uploads\/2018\/12\/Ras-Mohammed-Snorkelling-Trip-Sharm-El-Sheikh-e1669505579298.jpg?fit=416%2C234&ssl=1",416,234,true],"woocommerce_gallery_thumbnail":["https:\/\/i0.wp.com\/landioustravel.com\/wp-content\/uploads\/2018\/12\/Ras-Mohammed-Snorkelling-Trip-Sharm-El-Sheikh-e1669505579298.jpg?resize=100%2C100&ssl=1",100,100,true]},"uagb_author_info":{"display_name":"Mofreh Landious","author_link":"https:\/\/landioustravel.com\/sv\/author\/"},"uagb_comment_info":4,"uagb_excerpt":"Upplev sk\u00f6nheten i R\u00f6da havets majest\u00e4tiska korallrev p\u00e5 en bekv\u00e4m och s\u00e4ker snorklingsresa till Ras Mohammed National Park. Oavsett om du f\u00f6redrar att snorkla i det kristallklara vattnet eller bara sola dig i solens v\u00e4rme p\u00e5 d\u00e4ck, har vi n\u00e5got f\u00f6r alla att njuta av. V\u00e5r v\u00e4nliga guide kommer att vara med dig varje steg&hellip;","jetpack_sharing_enabled":true,"jetpack_likes_enabled":true,"amp_enabled":true,"_links":{"self":[{"href":"https:\/\/landioustravel.com\/sv\/wp-json\/wp\/v2\/product\/26710","targetHints":{"allow":["GET"]}}],"collection":[{"href":"https:\/\/landioustravel.com\/sv\/wp-json\/wp\/v2\/product"}],"about":[{"href":"https:\/\/landioustravel.com\/sv\/wp-json\/wp\/v2\/types\/product"}],"replies":[{"embeddable":true,"href":"https:\/\/landioustravel.com\/sv\/wp-json\/wp\/v2\/comments?post=26710"}],"wp:featuredmedia":[{"embeddable":true,"href":"https:\/\/landioustravel.com\/sv\/wp-json\/wp\/v2\/media\/100398"}],"wp:attachment":[{"href":"https:\/\/landioustravel.com\/sv\/wp-json\/wp\/v2\/media?parent=26710"}],"wp:term":[{"taxonomy":"product_brand","embeddable":true,"href":"https:\/\/landioustravel.com\/sv\/wp-json\/wp\/v2\/product_brand?post=26710"},{"taxonomy":"product_cat","embeddable":true,"href":"https:\/\/landioustravel.com\/sv\/wp-json\/wp\/v2\/product_cat?post=26710"},{"taxonomy":"product_tag","embeddable":true,"href":"https:\/\/landioustravel.com\/sv\/wp-json\/wp\/v2\/product_tag?post=26710"}],"curies":[{"name":"wp","href":"https:\/\/api.w.org\/{rel}","templated":true}]}}