{"id":26736,"date":"2018-11-24T20:28:55","date_gmt":"2020-12-27T22:49:48","guid":{"rendered":"https:\/\/landioustravel.com\/?post_type=product&#038;p=26736"},"modified":"2025-10-01T20:20:11","modified_gmt":"2025-10-01T17:20:11","slug":"spa-centrets-utflykt-hurghada","status":"publish","type":"product","link":"https:\/\/landioustravel.com\/sv\/shop\/spa-centrets-utflykt-hurghada\/","title":{"rendered":"Spa-centrets utflykt fr\u00e5n Hurghada"},"content":{"rendered":"<p>Det \u00e4r en mycket viktig h\u00e4lsotur till det turkiska badet Hammam i Hurghada, Egypten! Vi rekommenderar resan eftersom den f\u00f6rb\u00e4ttrar blodcirkulationen, \u00e5terst\u00e4ller h\u00e4lsosam andning och hj\u00e4lper till med s\u00f6mnl\u00f6shet. Det behandlar ocks\u00e5 effektivt olika hudsjukdomar, f\u00f6ryngrar och l\u00e4ker kropp och sj\u00e4l!<\/p>\n<h2>Huvudpunkterna i utflyktsprogrammet till Hammam<\/h2>\n<ul>\n<li>Massage med en cocktail<\/li>\n<li>Hammam<\/li>\n<li>Bastu<\/li>\n<li>Str\u00f6mbad<\/li>\n<li>Jacuzzi<\/li>\n<li>Kroppsskrubb med skum och mask<\/li>\n<\/ul>\n<h3>Program f\u00f6r utflykt till Spa Center i Hurghada<\/h3>\n<ul>\n<li>Landious Travel-representant h\u00e4mtar dig fr\u00e5n ditt hotell i Hurghada, klockan 16:00<\/li>\n<li>Efter att ha h\u00e4mtat alla g\u00e5r bussen till Rivoli Spa Center. Det tar cirka 15 minuter att f\u00e5 spaet<\/li>\n<li>N\u00e4r du anl\u00e4nder till Hammam b\u00f6rjar utflyktsprogrammet. Ett s\u00e5dant program med alla dess olika procedurer varar 2 timmar<\/li>\n<li>I b\u00f6rjan av programmet visar de dig ett separat tygbytesomr\u00e5de och ger fr\u00e4scha kl\u00e4der. N\u00e4r du har gjort dig redo uts\u00e4tter du dig f\u00f6r \u00e5nga i bastun i 20 minuter.<\/li>\n<li>Efter bastun kommer du till fakturering och skummassage<\/li>\n<li>Vidare kommer du till jacuzzin<\/li>\n<li>Den sista punkten i detta program, det kommer att ha en kroppsmassage i 50 minuter<\/li>\n<li>Slutligen eskorterar vi dig tillbaka till ditt hotell efter en s\u00e5 glad f\u00f6rfriskning i det b\u00e4sta spa-centret<\/li>\n<li>Denna &#8221;Utflykt till spa-centret fr\u00e5n Hurghada&#8221; slutar klockan 13:00<\/li>\n<\/ul>\n<h4>Vad ing\u00e5r i resepriset<\/h4>\n<ul>\n<li>Transfer till h\u00e4lsocentret och tillbaka till hotellet<\/li>\n<\/ul>\n<h5>Vad ing\u00e5r inte i resans pris<\/h5>\n<ul>\n<li>Ytterligare program eller f\u00f6rfaranden<\/li>\n<\/ul>\n<h6>Vad du ska ta med dig f\u00f6r resan<\/h6>\n<ul>\n<li>Handduk<\/li>\n<\/ul>\n<h6>Dagar med utflyktsorganisation<\/h6>\n<ul>\n<li>Dagligen 11:00 &#8211; 13:00<\/li>\n<\/ul>\n<p>\u00c4ven dagligen fr\u00e5n 15:00 &#8211; 19:00<\/p>\n","protected":false},"excerpt":{"rendered":"<p>Letar du efter ett s\u00e4tt att varva ner och k\u00e4nna sig f\u00f6ryngrad? Unna dig en lyxig spadag i Hurghada! Denna utflykt \u00e4r det perfekta s\u00e4ttet att koppla av och l\u00e4mna k\u00e4nslan utvilad, ungdomlig och vacker. P\u00e5 h\u00e4lsocentret kommer du att bli bortsk\u00e4md med en rad behandlingar och massage, inklusive ett turkiskt bad, kroppsskrubb, bastu och jacuzzi.<\/p>\n<p>H\u00f6jdpunkterna p\u00e5 turen inkluderar en stimulerande turkisk skummassage och skrubb, ledig tid att njuta av bastun, \u00e5ngbadet och jacuzzin, och en varm dryck f\u00f6r att fr\u00e4scha upp dig sj\u00e4lv. Du kommer ocks\u00e5 att uppleva f\u00f6rdelarna med en helkroppsmassage, vilket g\u00f6r att du k\u00e4nner dig avslappnad och f\u00f6ryngrad.<\/p>\n<p>V\u00e5rt turn\u00e9program b\u00f6rjar med att h\u00e4mta dig fr\u00e5n ditt hotell och ta dig till Spa, som ligger i hj\u00e4rtat av staden. V\u00e5r v\u00e4nliga och kunniga personal v\u00e4lkomnar dig och f\u00f6rklarar hur du navigerar i de olika milj\u00f6erna, som \u00e4r designade f\u00f6r att skapa en avkopplande och magisk atmosf\u00e4r med mjuka ljus och rogivande musik.<\/p>\n<p>Vi rekommenderar att du bes\u00f6ker det turkiska badet i b\u00f6rjan av din resa f\u00f6r att undvika att huden skalar efter solbadet. Koppla av i bastun, njut av jacuzzin och prova en tv\u00e5lmassage och peeling. Unna dig en ansiktsmask och en 45-minuters helkroppsmassage f\u00f6r att sk\u00e4mma bort din hud och f\u00e5 dig att k\u00e4nna dig f\u00f6rnyad.<\/p>\n<p>N\u00e4r ditt tv\u00e5 timmar l\u00e5nga program \u00e4r klart kommer vi att eskortera dig tillbaka till ditt hotell. Alla v\u00e5ra paket inkluderar transfer med privat luftkonditionerat fordon, skrubbning, \u00e5ngbad, skummassage, bastu, jacuzzi, 45 minuters helkroppsmassage, peeling, guidehj\u00e4lp, handduk och en v\u00e4lkomstdrink.<\/p>\n<p>Unna dig en lyxig spa-dag och l\u00e4mna dig utvilad och \u00e5terupplivad!<\/p>\n","protected":false},"featured_media":137501,"comment_status":"open","ping_status":"closed","template":"","meta":{"_coblocks_attr":"","_coblocks_dimensions":"","_coblocks_responsive_height":"","_coblocks_accordion_ie_support":"","_uag_custom_page_level_css":"","jetpack_publicize_message":"","jetpack_publicize_feature_enabled":true,"jetpack_social_post_already_shared":true,"jetpack_social_options":{"image_generator_settings":{"template":"highway","default_image_id":0,"font":"","enabled":false},"version":2},"_wpas_customize_per_network":false},"product_brand":[],"product_cat":[18874,18869],"product_tag":[19021,19038,19008,19034,18998],"class_list":{"0":"post-26736","1":"product","2":"type-product","3":"status-publish","4":"has-post-thumbnail","6":"product_cat-halso-wellnessutflykter","7":"product_cat-hurghada-utflykter","8":"product_tag-bastu","9":"product_tag-halsocenter","10":"product_tag-hurghada-sv","11":"product_tag-turkiskt-bad","12":"product_tag-utflykt","14":"first","15":"instock","16":"sale","17":"virtual","18":"purchasable","19":"product-type-simple"},"yoast_head":"<!-- This site is optimized with the Yoast SEO Premium plugin v27.5 (Yoast SEO v27.5) - https:\/\/yoast.com\/product\/yoast-seo-premium-wordpress\/ -->\n<title>Spa-centrets utflykt fr\u00e5n Hurghada<\/title>\n<meta name=\"description\" content=\"Spa-centrets utflykt fr\u00e5n Hurghada En utm\u00e4rkt hedf\u00f6rb\u00e4ttringsutflykt till Hammam i Hurghada! det l\u00e5ter dig inte bara slappna av; men ocks\u00e5 att \u00e5terv\u00e4nda\" \/>\n<meta name=\"robots\" content=\"index, follow, max-snippet:-1, max-image-preview:large, max-video-preview:-1\" \/>\n<link rel=\"canonical\" href=\"https:\/\/landioustravel.com\/sv\/shop\/spa-centrets-utflykt-hurghada\/\" \/>\n<meta property=\"og:locale\" content=\"sv_SE\" \/>\n<meta property=\"og:type\" content=\"article\" \/>\n<meta property=\"og:title\" content=\"Spa-centrets utflykt fr\u00e5n Hurghada\" \/>\n<meta property=\"og:description\" content=\"Landious Travel\" \/>\n<meta property=\"og:url\" content=\"https:\/\/landioustravel.com\/sv\/shop\/spa-centrets-utflykt-hurghada\/\" \/>\n<meta property=\"og:site_name\" content=\"Landious Travel\" \/>\n<meta property=\"article:publisher\" content=\"https:\/\/web.facebook.com\/landiousEgypt\" \/>\n<meta property=\"article:modified_time\" content=\"2025-10-01T17:20:11+00:00\" \/>\n<meta property=\"og:image\" content=\"https:\/\/i0.wp.com\/landioustravel.com\/wp-content\/uploads\/2018\/11\/Spa-Centre-Excursion-Hurghada-e1670658431807.jpg?fit=1200%2C675&ssl=1\" \/>\n\t<meta property=\"og:image:width\" content=\"1200\" \/>\n\t<meta property=\"og:image:height\" content=\"675\" \/>\n\t<meta property=\"og:image:type\" content=\"image\/jpeg\" \/>\n<meta name=\"twitter:card\" content=\"summary_large_image\" \/>\n<meta name=\"twitter:site\" content=\"@LandiousTours\" \/>\n<meta name=\"twitter:label1\" content=\"Ber\u00e4knad l\u00e4stid\" \/>\n\t<meta name=\"twitter:data1\" content=\"2 minuter\" \/>\n<script type=\"application\/ld+json\" class=\"yoast-schema-graph\">{\"@context\":\"https:\\\/\\\/schema.org\",\"@graph\":[{\"@type\":\"WebPage\",\"@id\":\"https:\\\/\\\/landioustravel.com\\\/sv\\\/shop\\\/spa-centrets-utflykt-hurghada\\\/\",\"url\":\"https:\\\/\\\/landioustravel.com\\\/sv\\\/shop\\\/spa-centrets-utflykt-hurghada\\\/\",\"name\":\"Spa-centrets utflykt fr\u00e5n Hurghada\",\"isPartOf\":{\"@id\":\"https:\\\/\\\/landioustravel.com\\\/sv\\\/#website\"},\"primaryImageOfPage\":{\"@id\":\"https:\\\/\\\/landioustravel.com\\\/sv\\\/shop\\\/spa-centrets-utflykt-hurghada\\\/#primaryimage\"},\"image\":{\"@id\":\"https:\\\/\\\/landioustravel.com\\\/sv\\\/shop\\\/spa-centrets-utflykt-hurghada\\\/#primaryimage\"},\"thumbnailUrl\":\"https:\\\/\\\/i0.wp.com\\\/landioustravel.com\\\/wp-content\\\/uploads\\\/2018\\\/11\\\/Spa-Centre-Excursion-Hurghada-e1670658431807.jpg?fit=1200%2C675&ssl=1\",\"datePublished\":\"2020-12-27T22:49:48+00:00\",\"dateModified\":\"2025-10-01T17:20:11+00:00\",\"description\":\"Spa-centrets utflykt fr\u00e5n Hurghada En utm\u00e4rkt hedf\u00f6rb\u00e4ttringsutflykt till Hammam i Hurghada! det l\u00e5ter dig inte bara slappna av; men ocks\u00e5 att \u00e5terv\u00e4nda\",\"breadcrumb\":{\"@id\":\"https:\\\/\\\/landioustravel.com\\\/sv\\\/shop\\\/spa-centrets-utflykt-hurghada\\\/#breadcrumb\"},\"inLanguage\":\"sv-SE\",\"potentialAction\":[{\"@type\":\"ReadAction\",\"target\":[\"https:\\\/\\\/landioustravel.com\\\/sv\\\/shop\\\/spa-centrets-utflykt-hurghada\\\/\"]}]},{\"@type\":\"ImageObject\",\"inLanguage\":\"sv-SE\",\"@id\":\"https:\\\/\\\/landioustravel.com\\\/sv\\\/shop\\\/spa-centrets-utflykt-hurghada\\\/#primaryimage\",\"url\":\"https:\\\/\\\/i0.wp.com\\\/landioustravel.com\\\/wp-content\\\/uploads\\\/2018\\\/11\\\/Spa-Centre-Excursion-Hurghada-e1670658431807.jpg?fit=1200%2C675&ssl=1\",\"contentUrl\":\"https:\\\/\\\/i0.wp.com\\\/landioustravel.com\\\/wp-content\\\/uploads\\\/2018\\\/11\\\/Spa-Centre-Excursion-Hurghada-e1670658431807.jpg?fit=1200%2C675&ssl=1\",\"width\":1200,\"height\":675,\"caption\":\"Spa Centre Excursion Hurghada\"},{\"@type\":\"BreadcrumbList\",\"@id\":\"https:\\\/\\\/landioustravel.com\\\/sv\\\/shop\\\/spa-centrets-utflykt-hurghada\\\/#breadcrumb\",\"itemListElement\":[{\"@type\":\"ListItem\",\"position\":1,\"name\":\"Home\",\"item\":\"https:\\\/\\\/landioustravel.com\\\/sv\\\/\"},{\"@type\":\"ListItem\",\"position\":2,\"name\":\"Tj\u00e4nster &#038; turer\",\"item\":\"https:\\\/\\\/landioustravel.com\\\/sv\\\/\"},{\"@type\":\"ListItem\",\"position\":3,\"name\":\"Spa-centrets utflykt fr\u00e5n Hurghada\"}]},{\"@type\":\"WebSite\",\"@id\":\"https:\\\/\\\/landioustravel.com\\\/sv\\\/#website\",\"url\":\"https:\\\/\\\/landioustravel.com\\\/sv\\\/\",\"name\":\"Landious Travel\",\"description\":\"Excursions, trips and cruises in Egypt\",\"publisher\":{\"@id\":\"https:\\\/\\\/landioustravel.com\\\/sv\\\/#organization\"},\"potentialAction\":[{\"@type\":\"SearchAction\",\"target\":{\"@type\":\"EntryPoint\",\"urlTemplate\":\"https:\\\/\\\/landioustravel.com\\\/sv\\\/?s={search_term_string}\"},\"query-input\":{\"@type\":\"PropertyValueSpecification\",\"valueRequired\":true,\"valueName\":\"search_term_string\"}}],\"inLanguage\":\"sv-SE\"},{\"@type\":[\"Organization\",\"Place\"],\"@id\":\"https:\\\/\\\/landioustravel.com\\\/sv\\\/#organization\",\"name\":\"Landious Travel\",\"alternateName\":\"Landious Travel\",\"url\":\"https:\\\/\\\/landioustravel.com\\\/sv\\\/\",\"logo\":{\"@id\":\"https:\\\/\\\/landioustravel.com\\\/sv\\\/shop\\\/spa-centrets-utflykt-hurghada\\\/#local-main-organization-logo\"},\"image\":{\"@id\":\"https:\\\/\\\/landioustravel.com\\\/sv\\\/shop\\\/spa-centrets-utflykt-hurghada\\\/#local-main-organization-logo\"},\"sameAs\":[\"https:\\\/\\\/web.facebook.com\\\/landiousEgypt\",\"https:\\\/\\\/x.com\\\/LandiousTours\",\"https:\\\/\\\/mastodon.social\\\/@landious\"],\"legalName\":\"Landious Travel\",\"telephone\":[],\"openingHoursSpecification\":[{\"@type\":\"OpeningHoursSpecification\",\"dayOfWeek\":[\"Monday\",\"Tuesday\",\"Wednesday\",\"Thursday\",\"Friday\",\"Saturday\",\"Sunday\"],\"opens\":\"09:00\",\"closes\":\"17:00\"}]},{\"@type\":\"ImageObject\",\"inLanguage\":\"sv-SE\",\"@id\":\"https:\\\/\\\/landioustravel.com\\\/sv\\\/shop\\\/spa-centrets-utflykt-hurghada\\\/#local-main-organization-logo\",\"url\":\"https:\\\/\\\/i0.wp.com\\\/landioustravel.com\\\/wp-content\\\/uploads\\\/2021\\\/06\\\/Landious-T.png?fit=500%2C500&ssl=1\",\"contentUrl\":\"https:\\\/\\\/i0.wp.com\\\/landioustravel.com\\\/wp-content\\\/uploads\\\/2021\\\/06\\\/Landious-T.png?fit=500%2C500&ssl=1\",\"width\":500,\"height\":500,\"caption\":\"Landious Travel\"}]}<\/script>\n<!-- \/ Yoast SEO Premium plugin. -->","yoast_head_json":{"title":"Spa-centrets utflykt fr\u00e5n Hurghada","description":"Spa-centrets utflykt fr\u00e5n Hurghada En utm\u00e4rkt hedf\u00f6rb\u00e4ttringsutflykt till Hammam i Hurghada! det l\u00e5ter dig inte bara slappna av; men ocks\u00e5 att \u00e5terv\u00e4nda","robots":{"index":"index","follow":"follow","max-snippet":"max-snippet:-1","max-image-preview":"max-image-preview:large","max-video-preview":"max-video-preview:-1"},"canonical":"https:\/\/landioustravel.com\/sv\/shop\/spa-centrets-utflykt-hurghada\/","og_locale":"sv_SE","og_type":"article","og_title":"Spa-centrets utflykt fr\u00e5n Hurghada","og_description":"Landious Travel","og_url":"https:\/\/landioustravel.com\/sv\/shop\/spa-centrets-utflykt-hurghada\/","og_site_name":"Landious Travel","article_publisher":"https:\/\/web.facebook.com\/landiousEgypt","article_modified_time":"2025-10-01T17:20:11+00:00","og_image":[{"width":1200,"height":675,"url":"https:\/\/i0.wp.com\/landioustravel.com\/wp-content\/uploads\/2018\/11\/Spa-Centre-Excursion-Hurghada-e1670658431807.jpg?fit=1200%2C675&ssl=1","type":"image\/jpeg"}],"twitter_card":"summary_large_image","twitter_site":"@LandiousTours","twitter_misc":{"Ber\u00e4knad l\u00e4stid":"2 minuter"},"schema":{"@context":"https:\/\/schema.org","@graph":[{"@type":"WebPage","@id":"https:\/\/landioustravel.com\/sv\/shop\/spa-centrets-utflykt-hurghada\/","url":"https:\/\/landioustravel.com\/sv\/shop\/spa-centrets-utflykt-hurghada\/","name":"Spa-centrets utflykt fr\u00e5n Hurghada","isPartOf":{"@id":"https:\/\/landioustravel.com\/sv\/#website"},"primaryImageOfPage":{"@id":"https:\/\/landioustravel.com\/sv\/shop\/spa-centrets-utflykt-hurghada\/#primaryimage"},"image":{"@id":"https:\/\/landioustravel.com\/sv\/shop\/spa-centrets-utflykt-hurghada\/#primaryimage"},"thumbnailUrl":"https:\/\/i0.wp.com\/landioustravel.com\/wp-content\/uploads\/2018\/11\/Spa-Centre-Excursion-Hurghada-e1670658431807.jpg?fit=1200%2C675&ssl=1","datePublished":"2020-12-27T22:49:48+00:00","dateModified":"2025-10-01T17:20:11+00:00","description":"Spa-centrets utflykt fr\u00e5n Hurghada En utm\u00e4rkt hedf\u00f6rb\u00e4ttringsutflykt till Hammam i Hurghada! det l\u00e5ter dig inte bara slappna av; men ocks\u00e5 att \u00e5terv\u00e4nda","breadcrumb":{"@id":"https:\/\/landioustravel.com\/sv\/shop\/spa-centrets-utflykt-hurghada\/#breadcrumb"},"inLanguage":"sv-SE","potentialAction":[{"@type":"ReadAction","target":["https:\/\/landioustravel.com\/sv\/shop\/spa-centrets-utflykt-hurghada\/"]}]},{"@type":"ImageObject","inLanguage":"sv-SE","@id":"https:\/\/landioustravel.com\/sv\/shop\/spa-centrets-utflykt-hurghada\/#primaryimage","url":"https:\/\/i0.wp.com\/landioustravel.com\/wp-content\/uploads\/2018\/11\/Spa-Centre-Excursion-Hurghada-e1670658431807.jpg?fit=1200%2C675&ssl=1","contentUrl":"https:\/\/i0.wp.com\/landioustravel.com\/wp-content\/uploads\/2018\/11\/Spa-Centre-Excursion-Hurghada-e1670658431807.jpg?fit=1200%2C675&ssl=1","width":1200,"height":675,"caption":"Spa Centre Excursion Hurghada"},{"@type":"BreadcrumbList","@id":"https:\/\/landioustravel.com\/sv\/shop\/spa-centrets-utflykt-hurghada\/#breadcrumb","itemListElement":[{"@type":"ListItem","position":1,"name":"Home","item":"https:\/\/landioustravel.com\/sv\/"},{"@type":"ListItem","position":2,"name":"Tj\u00e4nster &#038; turer","item":"https:\/\/landioustravel.com\/sv\/"},{"@type":"ListItem","position":3,"name":"Spa-centrets utflykt fr\u00e5n Hurghada"}]},{"@type":"WebSite","@id":"https:\/\/landioustravel.com\/sv\/#website","url":"https:\/\/landioustravel.com\/sv\/","name":"Landious Travel","description":"Excursions, trips and cruises in Egypt","publisher":{"@id":"https:\/\/landioustravel.com\/sv\/#organization"},"potentialAction":[{"@type":"SearchAction","target":{"@type":"EntryPoint","urlTemplate":"https:\/\/landioustravel.com\/sv\/?s={search_term_string}"},"query-input":{"@type":"PropertyValueSpecification","valueRequired":true,"valueName":"search_term_string"}}],"inLanguage":"sv-SE"},{"@type":["Organization","Place"],"@id":"https:\/\/landioustravel.com\/sv\/#organization","name":"Landious Travel","alternateName":"Landious Travel","url":"https:\/\/landioustravel.com\/sv\/","logo":{"@id":"https:\/\/landioustravel.com\/sv\/shop\/spa-centrets-utflykt-hurghada\/#local-main-organization-logo"},"image":{"@id":"https:\/\/landioustravel.com\/sv\/shop\/spa-centrets-utflykt-hurghada\/#local-main-organization-logo"},"sameAs":["https:\/\/web.facebook.com\/landiousEgypt","https:\/\/x.com\/LandiousTours","https:\/\/mastodon.social\/@landious"],"legalName":"Landious Travel","telephone":[],"openingHoursSpecification":[{"@type":"OpeningHoursSpecification","dayOfWeek":["Monday","Tuesday","Wednesday","Thursday","Friday","Saturday","Sunday"],"opens":"09:00","closes":"17:00"}]},{"@type":"ImageObject","inLanguage":"sv-SE","@id":"https:\/\/landioustravel.com\/sv\/shop\/spa-centrets-utflykt-hurghada\/#local-main-organization-logo","url":"https:\/\/i0.wp.com\/landioustravel.com\/wp-content\/uploads\/2021\/06\/Landious-T.png?fit=500%2C500&ssl=1","contentUrl":"https:\/\/i0.wp.com\/landioustravel.com\/wp-content\/uploads\/2021\/06\/Landious-T.png?fit=500%2C500&ssl=1","width":500,"height":500,"caption":"Landious Travel"}]}},"jetpack_publicize_connections":[],"uagb_featured_image_src":{"full":["https:\/\/i0.wp.com\/landioustravel.com\/wp-content\/uploads\/2018\/11\/Spa-Centre-Excursion-Hurghada-e1670658431807.jpg?fit=1200%2C675&ssl=1",1200,675,false],"thumbnail":["https:\/\/i0.wp.com\/landioustravel.com\/wp-content\/uploads\/2018\/11\/Spa-Centre-Excursion-Hurghada-e1670658431807.jpg?resize=150%2C150&ssl=1",150,150,true],"medium":["https:\/\/i0.wp.com\/landioustravel.com\/wp-content\/uploads\/2018\/11\/Spa-Centre-Excursion-Hurghada-e1670658431807.jpg?fit=300%2C169&ssl=1",300,169,true],"medium_large":["https:\/\/i0.wp.com\/landioustravel.com\/wp-content\/uploads\/2018\/11\/Spa-Centre-Excursion-Hurghada-e1670658431807.jpg?fit=768%2C432&ssl=1",768,432,true],"large":["https:\/\/i0.wp.com\/landioustravel.com\/wp-content\/uploads\/2018\/11\/Spa-Centre-Excursion-Hurghada-e1670658431807.jpg?fit=980%2C551&ssl=1",980,551,true],"1536x1536":["https:\/\/i0.wp.com\/landioustravel.com\/wp-content\/uploads\/2018\/11\/Spa-Centre-Excursion-Hurghada-e1670658431807.jpg?fit=1536%2C1086&ssl=1",1536,1086,true],"2048x2048":["https:\/\/i0.wp.com\/landioustravel.com\/wp-content\/uploads\/2018\/11\/Spa-Centre-Excursion-Hurghada-e1670658431807.jpg?fit=1200%2C675&ssl=1",1200,675,true],"newspack-article-block-landscape-large":["https:\/\/i0.wp.com\/landioustravel.com\/wp-content\/uploads\/2018\/11\/Spa-Centre-Excursion-Hurghada-e1670658431807.jpg?resize=1200%2C675&ssl=1",1200,675,true],"newspack-article-block-portrait-large":["https:\/\/i0.wp.com\/landioustravel.com\/wp-content\/uploads\/2018\/11\/Spa-Centre-Excursion-Hurghada-e1670658431807.jpg?resize=900%2C675&ssl=1",900,675,true],"newspack-article-block-square-large":["https:\/\/i0.wp.com\/landioustravel.com\/wp-content\/uploads\/2018\/11\/Spa-Centre-Excursion-Hurghada-e1670658431807.jpg?resize=1200%2C675&ssl=1",1200,675,true],"newspack-article-block-landscape-medium":["https:\/\/i0.wp.com\/landioustravel.com\/wp-content\/uploads\/2018\/11\/Spa-Centre-Excursion-Hurghada-e1670658431807.jpg?resize=800%2C600&ssl=1",800,600,true],"newspack-article-block-portrait-medium":["https:\/\/i0.wp.com\/landioustravel.com\/wp-content\/uploads\/2018\/11\/Spa-Centre-Excursion-Hurghada-e1670658431807.jpg?resize=600%2C675&ssl=1",600,675,true],"newspack-article-block-square-medium":["https:\/\/i0.wp.com\/landioustravel.com\/wp-content\/uploads\/2018\/11\/Spa-Centre-Excursion-Hurghada-e1670658431807.jpg?resize=800%2C675&ssl=1",800,675,true],"newspack-article-block-landscape-intermediate":["https:\/\/i0.wp.com\/landioustravel.com\/wp-content\/uploads\/2018\/11\/Spa-Centre-Excursion-Hurghada-e1670658431807.jpg?resize=600%2C450&ssl=1",600,450,true],"newspack-article-block-portrait-intermediate":["https:\/\/i0.wp.com\/landioustravel.com\/wp-content\/uploads\/2018\/11\/Spa-Centre-Excursion-Hurghada-e1670658431807.jpg?resize=450%2C600&ssl=1",450,600,true],"newspack-article-block-square-intermediate":["https:\/\/i0.wp.com\/landioustravel.com\/wp-content\/uploads\/2018\/11\/Spa-Centre-Excursion-Hurghada-e1670658431807.jpg?resize=600%2C600&ssl=1",600,600,true],"newspack-article-block-landscape-small":["https:\/\/i0.wp.com\/landioustravel.com\/wp-content\/uploads\/2018\/11\/Spa-Centre-Excursion-Hurghada-e1670658431807.jpg?resize=400%2C300&ssl=1",400,300,true],"newspack-article-block-portrait-small":["https:\/\/i0.wp.com\/landioustravel.com\/wp-content\/uploads\/2018\/11\/Spa-Centre-Excursion-Hurghada-e1670658431807.jpg?resize=300%2C400&ssl=1",300,400,true],"newspack-article-block-square-small":["https:\/\/i0.wp.com\/landioustravel.com\/wp-content\/uploads\/2018\/11\/Spa-Centre-Excursion-Hurghada-e1670658431807.jpg?resize=400%2C400&ssl=1",400,400,true],"newspack-article-block-landscape-tiny":["https:\/\/i0.wp.com\/landioustravel.com\/wp-content\/uploads\/2018\/11\/Spa-Centre-Excursion-Hurghada-e1670658431807.jpg?resize=200%2C150&ssl=1",200,150,true],"newspack-article-block-portrait-tiny":["https:\/\/i0.wp.com\/landioustravel.com\/wp-content\/uploads\/2018\/11\/Spa-Centre-Excursion-Hurghada-e1670658431807.jpg?resize=150%2C200&ssl=1",150,200,true],"newspack-article-block-square-tiny":["https:\/\/i0.wp.com\/landioustravel.com\/wp-content\/uploads\/2018\/11\/Spa-Centre-Excursion-Hurghada-e1670658431807.jpg?resize=200%2C200&ssl=1",200,200,true],"newspack-article-block-uncropped":["https:\/\/i0.wp.com\/landioustravel.com\/wp-content\/uploads\/2018\/11\/Spa-Centre-Excursion-Hurghada-e1670658431807.jpg?fit=1200%2C675&ssl=1",1200,675,true],"woocommerce_thumbnail":["https:\/\/i0.wp.com\/landioustravel.com\/wp-content\/uploads\/2018\/11\/Spa-Centre-Excursion-Hurghada-e1670658431807.jpg?resize=324%2C324&ssl=1",324,324,true],"woocommerce_single":["https:\/\/i0.wp.com\/landioustravel.com\/wp-content\/uploads\/2018\/11\/Spa-Centre-Excursion-Hurghada-e1670658431807.jpg?fit=416%2C234&ssl=1",416,234,true],"woocommerce_gallery_thumbnail":["https:\/\/i0.wp.com\/landioustravel.com\/wp-content\/uploads\/2018\/11\/Spa-Centre-Excursion-Hurghada-e1670658431807.jpg?resize=100%2C100&ssl=1",100,100,true]},"uagb_author_info":{"display_name":"Mofreh Landious","author_link":"https:\/\/landioustravel.com\/sv\/author\/"},"uagb_comment_info":9,"uagb_excerpt":"Letar du efter ett s\u00e4tt att varva ner och k\u00e4nna sig f\u00f6ryngrad? Unna dig en lyxig spadag i Hurghada! Denna utflykt \u00e4r det perfekta s\u00e4ttet att koppla av och l\u00e4mna k\u00e4nslan utvilad, ungdomlig och vacker. P\u00e5 h\u00e4lsocentret kommer du att bli bortsk\u00e4md med en rad behandlingar och massage, inklusive ett turkiskt bad, kroppsskrubb, bastu och&hellip;","jetpack_sharing_enabled":true,"jetpack_likes_enabled":true,"amp_enabled":true,"_links":{"self":[{"href":"https:\/\/landioustravel.com\/sv\/wp-json\/wp\/v2\/product\/26736","targetHints":{"allow":["GET"]}}],"collection":[{"href":"https:\/\/landioustravel.com\/sv\/wp-json\/wp\/v2\/product"}],"about":[{"href":"https:\/\/landioustravel.com\/sv\/wp-json\/wp\/v2\/types\/product"}],"replies":[{"embeddable":true,"href":"https:\/\/landioustravel.com\/sv\/wp-json\/wp\/v2\/comments?post=26736"}],"wp:featuredmedia":[{"embeddable":true,"href":"https:\/\/landioustravel.com\/sv\/wp-json\/wp\/v2\/media\/137501"}],"wp:attachment":[{"href":"https:\/\/landioustravel.com\/sv\/wp-json\/wp\/v2\/media?parent=26736"}],"wp:term":[{"taxonomy":"product_brand","embeddable":true,"href":"https:\/\/landioustravel.com\/sv\/wp-json\/wp\/v2\/product_brand?post=26736"},{"taxonomy":"product_cat","embeddable":true,"href":"https:\/\/landioustravel.com\/sv\/wp-json\/wp\/v2\/product_cat?post=26736"},{"taxonomy":"product_tag","embeddable":true,"href":"https:\/\/landioustravel.com\/sv\/wp-json\/wp\/v2\/product_tag?post=26736"}],"curies":[{"name":"wp","href":"https:\/\/api.w.org\/{rel}","templated":true}]}}