{"id":26740,"date":"2018-11-24T02:56:47","date_gmt":"2020-12-27T23:04:10","guid":{"rendered":"https:\/\/landioustravel.com\/?post_type=product&#038;p=26740"},"modified":"2026-03-21T19:13:37","modified_gmt":"2026-03-21T17:13:37","slug":"luxor-utflykt-kungadalen-hurghada","status":"publish","type":"product","link":"https:\/\/landioustravel.com\/sv\/shop\/luxor-utflykt-kungadalen-hurghada\/","title":{"rendered":"Luxor-utflykt och kungadalen fr\u00e5n Hurghada"},"content":{"rendered":"<p>Resan till Luxor \u00e4r en av de b\u00e4sta utflykterna du kan g\u00f6ra n\u00e4r du bor i Egypten! Vi anser att programmet till denna underbara stad, med bes\u00f6ket till Kungadalen, den mest popul\u00e4ra! Det \u00e4r en rik och informativ utflykt till Luxor &#8211; Kungadalen fr\u00e5n orten Hurghada! Vi rekommenderar resan eftersom det till\u00e5ter turister att se ett stort antal forntida egyptiska attraktioner: tempel och gravar i Luxor. Dessutom g\u00f6r det att du kan l\u00e4ra dig mer om historien om det gamla Egypten!<\/p>\n<h2>Huvudpunkterna i utflyktsprogrammet till Kungarnas dal<\/h2>\n<ul>\n<li>Karnak tempel i levande stad<\/li>\n<li>Lunch<\/li>\n<li>Dessutom Colossi of Memnon i Amenhotep III-templet<\/li>\n<li>Drottning Hatshepsuts tempel<\/li>\n<li>Ocks\u00e5 ett bes\u00f6k i Kungadalen i de d\u00f6das stad<\/li>\n<\/ul>\n<h3>Utflyktsprogram i Luxor &#8211; Valley of the Kings fr\u00e5n Hurghada<\/h3>\n<ul>\n<li>Landious Travel-representant h\u00e4mtar dig fr\u00e5n ditt hotell i Hurghada, runt 04:00<\/li>\n<li>Efter att ha h\u00e4mtat alla bes\u00f6kare l\u00e4mnar minibussen mot Luxor som passerar staden Safaga och Qena. Semesterorten Safaga ligger 45 mil s\u00f6der om Hurghada vid R\u00f6da havets kust. Medan staden Qena ligger 220 km bort i Nildalen. V\u00e4gen, fr\u00e5n centrum av Hurghada till Luxor, tar cirka 5 timmar<\/li>\n<\/ul>\n<h4>Program i \u00f6stra Luxor<\/h4>\n<ul>\n<li>S\u00e5 snart du anl\u00e4nder till Luxor visar vi dig Karnak-templet som huvudsakligen \u00e4r till\u00e4gnad Gud Amun. Detta tempel \u00e4r det st\u00f6rsta i Egypten och hela den antika v\u00e4rlden. Templet ligger i City of Living _ Eastern Luxor. I templet b\u00f6rjar din guide sin f\u00f6rklaring och visar sedan de ofta bes\u00f6kta platserna i detta stora komplex. Komplexet i sig inneh\u00e5ller olika tempel och byggnader. Din guide har till uppgift att visa dig alla dessa tempel och ger fri tid att ta dem en bild<\/li>\n<li>Efter att ha bes\u00f6kt Karnak-templet i \u00f6stra Luxor startar du en b\u00e5tpicknick genom floden Nilen. Detta \u00e4r ett extra program och det kan best\u00e4llas i f\u00f6rv\u00e4g via oss! N\u00e4r b\u00e5tens picknick slutar kommer du att befinna dig i Western Luxor _ City of the Dead<\/li>\n<\/ul>\n<h4>Program i Western Luxor<\/h4>\n<ul>\n<li>I v\u00e4stra Luxor forts\u00e4tter resan. Det f\u00f6rsta stoppet d\u00e4r kommer att vara vid Colossi of Memnon. Det h\u00e4r \u00e4r tv\u00e5 storslagna statyer som st\u00e5r vid ing\u00e5ngen till templet Amenhotep III. Din guide visar dem och ger dig chansen att ta dem en bild<\/li>\n<li>Vidare g\u00e5r bussen till det vackra templet f\u00f6r drottning Hatshepsut. Detta \u00e4r det fantastiska templet som ligger i Deir El-Bahari. Templet \u00e4r huggen i berget och best\u00e5r av tre v\u00e5ningar. Runt detta tempel kommer det att ses alla slags gravar, liksom de andra templen i Tutomis den tredje och Amenhopa Neb Hept Ra. \u00c5terigen ger guiden information och ledig tid f\u00f6r att unders\u00f6ka platsen<\/li>\n<li>Innan programmet avslutas i West Luxor bes\u00f6ker du Kungarnas dal. Det \u00e4r s\u00e5 bra h\u00e4r och intressant! I dalen bes\u00f6ker du tre gravar, som tillh\u00f6r de stora faraonerna i Egypten<\/li>\n<li>V\u00e5r buss g\u00e5r tillbaka till Hurghada, efter ett s\u00e5dant program i den underbara staden Luxor<\/li>\n<li>Denna &#8221;Utflykt till Luxor &#8211; Kungarnas dal fr\u00e5n Hurghada&#8221; slutar cirka 21:00<\/li>\n<\/ul>\n<h4>Vad ing\u00e5r i resepriset<\/h4>\n<ul>\n<li>Biljetter till bes\u00f6kande tempel<\/li>\n<li>Lunch<\/li>\n<li>Guide<\/li>\n<li>\u00d6verf\u00f6r ocks\u00e5 till Luxor och tillbaka till hotellet<\/li>\n<\/ul>\n<h5>Vad ing\u00e5r inte i priset f\u00f6r resan till Luxor<\/h5>\n<ul>\n<li>Ytterligare utflyktsprogram om de inte ing\u00e5r i ovanst\u00e5ende program<\/li>\n<li>Ocks\u00e5, drycker i restaurangen<\/li>\n<\/ul>\n<h6>Vad du ska ta med dig f\u00f6r resan<\/h6>\n<ul>\n<li>Frukostl\u00e5da<\/li>\n<li>Ocks\u00e5 kl\u00e4der f\u00f6r s\u00e4songen<\/li>\n<\/ul>\n<h6>Dagar med utflyktsorganisation<\/h6>\n<ul>\n<li>Dagligen fr\u00e5n 04: 00-21: 00<\/li>\n<\/ul>\n","protected":false},"excerpt":{"rendered":"<p>Ge dig ut p\u00e5 en of\u00f6rgl\u00f6mlig endagsutflykt till Luxor och kungarnas dal, n\u00e5s med buss fr\u00e5n Hurghada, och upplev en rad hisnande attraktioner och sev\u00e4rdheter. F\u00f6rundras \u00f6ver det imponerande Karnak-templet i \u00f6stra Luxor, f\u00f6ljt av ett bes\u00f6k i Amenhotep III:s miljontals \u00e5r tempel i den v\u00e4stra delen av staden.<\/p>\n<p>Utforska kungarnas dal och bevittna gravarna till tre antika kungar av Egypten, som avslutas med ett bes\u00f6k i drottning Hatshepsuts tempel. Din utflykt inkluderar entr\u00e9biljetter och en uts\u00f6kt lunch. Uppt\u00e4ck faraonernas huvudstad och dess anm\u00e4rkningsv\u00e4rda arkitektoniska arv, som Memnons kolosser och Karnaktemplet.<\/p>\n<p>Njut av en lyxig m\u00e5ltid p\u00e5 en f\u00f6rstklassig restaurang i Luxor och h\u00e4pna \u00f6ver de monumentala kolosserna i Memnon. F\u00f6lj en egyptologs v\u00e4gledning och uppt\u00e4ck faraonernas f\u00e4ngslande historia i det antika Egypten. Dra nytta av gratis h\u00e4mtning och avl\u00e4mning, samt tj\u00e4nster fr\u00e5n en expert egyptologguide n\u00e4r du utforskar n\u00e5gra av de viktigaste landm\u00e4rkena i det antika Egypten p\u00e5 denna f\u00e4ngslande dagsutflykt fr\u00e5n Hurghada till Luxor Valley.<\/p>\n<p>Vid h\u00e4mtning fr\u00e5n ditt hotell, resa till Luxor f\u00f6r att bevittna de mest ber\u00f6mda monumenten i Egypten, inklusive Grand Temple of Karnak. Beundra den fenomenala arkitekturen i Konungarnas dal och bes\u00f6k templet Hatshepsut, en av de mest inflytelserika kvinnliga h\u00e4rskarna i det antika Egypten. Njut av en \u00f6verd\u00e5dig lunch p\u00e5 en lokal restaurang och g\u00e5 sedan ombord p\u00e5 en typisk Felucca-b\u00e5t f\u00f6r att korsa Nilen till de d\u00f6das stad (valfritt).<\/p>\n<p>Din utflykt inkluderar transfer tur och retur i ett luftkonditionerat fordon, l\u00e4sk eller vatten ombord, en egyptologguide, lunch p\u00e5 en restaurang i Luxor, alla entr\u00e9avgifter och en stadsrundtur i Luxor. Missa inte detta en g\u00e5ng-i-livet-tillf\u00e4lle att utforska n\u00e5gra av Egyptens finaste historiska platser. Boka din Luxor Valley-turn\u00e9 idag!<\/p>\n","protected":false},"featured_media":26490,"comment_status":"open","ping_status":"closed","template":"","meta":{"_coblocks_attr":"","_coblocks_dimensions":"","_coblocks_responsive_height":"","_coblocks_accordion_ie_support":"","_uag_custom_page_level_css":"","jetpack_publicize_message":"","jetpack_publicize_feature_enabled":true,"jetpack_social_post_already_shared":true,"jetpack_social_options":{"image_generator_settings":{"template":"highway","default_image_id":0,"font":"","enabled":false},"version":2},"_wpas_customize_per_network":false},"product_brand":[],"product_cat":[18870,18869],"product_tag":[19008,19012,19027,18998,19001],"class_list":{"0":"post-26740","1":"product","2":"type-product","3":"status-publish","4":"has-post-thumbnail","6":"product_cat-historiska-utflykter-hurghada","7":"product_cat-hurghada-utflykter","8":"product_tag-hurghada-sv","9":"product_tag-luxor-sv","10":"product_tag-sightseeing-sv","11":"product_tag-utflykt","12":"product_tag-utflykter-hurghada","13":"pa_age-barn-1-4-ar","14":"pa_age-barn-5-11-ar","15":"pa_age-vuxen","17":"first","18":"instock","19":"sale","20":"featured","21":"purchasable","22":"product-type-variable"},"yoast_head":"<!-- This site is optimized with the Yoast SEO Premium plugin v26.9 (Yoast SEO v27.5) - https:\/\/yoast.com\/product\/yoast-seo-premium-wordpress\/ -->\n<title>Luxor-utflykt och kungadalen fr\u00e5n Hurghada<\/title>\n<meta name=\"description\" content=\"Luxor-utflykt och kungadalen fr\u00e5n Hurghada bes\u00f6ker du Karnak-templet. Sedan \u00e4ter vi lunch. I den v\u00e4stra delen av Luxor bes\u00f6ker du miljontals \u00e5r av Temple\" \/>\n<meta name=\"robots\" content=\"index, follow, max-snippet:-1, max-image-preview:large, max-video-preview:-1\" \/>\n<link rel=\"canonical\" href=\"https:\/\/landioustravel.com\/sv\/shop\/luxor-utflykt-kungadalen-hurghada\/\" \/>\n<meta property=\"og:locale\" content=\"sv_SE\" \/>\n<meta property=\"og:type\" content=\"article\" \/>\n<meta property=\"og:title\" content=\"Luxor-utflykt och kungadalen fr\u00e5n Hurghada\" \/>\n<meta property=\"og:description\" content=\"Landious Travel\" \/>\n<meta property=\"og:url\" content=\"https:\/\/landioustravel.com\/sv\/shop\/luxor-utflykt-kungadalen-hurghada\/\" \/>\n<meta property=\"og:site_name\" content=\"Landious Travel\" \/>\n<meta property=\"article:publisher\" content=\"https:\/\/web.facebook.com\/landiousEgypt\" \/>\n<meta property=\"article:modified_time\" content=\"2026-03-21T17:13:37+00:00\" \/>\n<meta property=\"og:image\" content=\"https:\/\/i0.wp.com\/landioustravel.com\/wp-content\/uploads\/2019\/01\/Excursion_to_the_valley_of_Kings_from_Hurghada-e1551701056736.jpg?fit=1200%2C674&ssl=1\" \/>\n\t<meta property=\"og:image:width\" content=\"1200\" \/>\n\t<meta property=\"og:image:height\" content=\"674\" \/>\n\t<meta property=\"og:image:type\" content=\"image\/jpeg\" \/>\n<meta name=\"twitter:card\" content=\"summary_large_image\" \/>\n<meta name=\"twitter:site\" content=\"@LandiousTours\" \/>\n<meta name=\"twitter:label1\" content=\"Ber\u00e4knad l\u00e4stid\" \/>\n\t<meta name=\"twitter:data1\" content=\"3 minuter\" \/>\n<script type=\"application\/ld+json\" class=\"yoast-schema-graph\">{\"@context\":\"https:\\\/\\\/schema.org\",\"@graph\":[{\"@type\":\"WebPage\",\"@id\":\"https:\\\/\\\/landioustravel.com\\\/sv\\\/shop\\\/luxor-utflykt-kungadalen-hurghada\\\/\",\"url\":\"https:\\\/\\\/landioustravel.com\\\/sv\\\/shop\\\/luxor-utflykt-kungadalen-hurghada\\\/\",\"name\":\"Luxor-utflykt och kungadalen fr\u00e5n Hurghada\",\"isPartOf\":{\"@id\":\"https:\\\/\\\/landioustravel.com\\\/sv\\\/#website\"},\"primaryImageOfPage\":{\"@id\":\"https:\\\/\\\/landioustravel.com\\\/sv\\\/shop\\\/luxor-utflykt-kungadalen-hurghada\\\/#primaryimage\"},\"image\":{\"@id\":\"https:\\\/\\\/landioustravel.com\\\/sv\\\/shop\\\/luxor-utflykt-kungadalen-hurghada\\\/#primaryimage\"},\"thumbnailUrl\":\"https:\\\/\\\/i0.wp.com\\\/landioustravel.com\\\/wp-content\\\/uploads\\\/2019\\\/01\\\/Excursion_to_the_valley_of_Kings_from_Hurghada-e1551701056736.jpg?fit=1200%2C674&ssl=1\",\"datePublished\":\"2020-12-27T23:04:10+00:00\",\"dateModified\":\"2026-03-21T17:13:37+00:00\",\"description\":\"Luxor-utflykt och kungadalen fr\u00e5n Hurghada bes\u00f6ker du Karnak-templet. Sedan \u00e4ter vi lunch. I den v\u00e4stra delen av Luxor bes\u00f6ker du miljontals \u00e5r av Temple\",\"breadcrumb\":{\"@id\":\"https:\\\/\\\/landioustravel.com\\\/sv\\\/shop\\\/luxor-utflykt-kungadalen-hurghada\\\/#breadcrumb\"},\"inLanguage\":\"sv-SE\",\"potentialAction\":[{\"@type\":\"ReadAction\",\"target\":[\"https:\\\/\\\/landioustravel.com\\\/sv\\\/shop\\\/luxor-utflykt-kungadalen-hurghada\\\/\"]}]},{\"@type\":\"ImageObject\",\"inLanguage\":\"sv-SE\",\"@id\":\"https:\\\/\\\/landioustravel.com\\\/sv\\\/shop\\\/luxor-utflykt-kungadalen-hurghada\\\/#primaryimage\",\"url\":\"https:\\\/\\\/i0.wp.com\\\/landioustravel.com\\\/wp-content\\\/uploads\\\/2019\\\/01\\\/Excursion_to_the_valley_of_Kings_from_Hurghada-e1551701056736.jpg?fit=1200%2C674&ssl=1\",\"contentUrl\":\"https:\\\/\\\/i0.wp.com\\\/landioustravel.com\\\/wp-content\\\/uploads\\\/2019\\\/01\\\/Excursion_to_the_valley_of_Kings_from_Hurghada-e1551701056736.jpg?fit=1200%2C674&ssl=1\",\"width\":1200,\"height\":674,\"caption\":\"Excursion to Luxor - Valley of Kings from Hurghada\"},{\"@type\":\"BreadcrumbList\",\"@id\":\"https:\\\/\\\/landioustravel.com\\\/sv\\\/shop\\\/luxor-utflykt-kungadalen-hurghada\\\/#breadcrumb\",\"itemListElement\":[{\"@type\":\"ListItem\",\"position\":1,\"name\":\"Home\",\"item\":\"https:\\\/\\\/landioustravel.com\\\/sv\\\/\"},{\"@type\":\"ListItem\",\"position\":2,\"name\":\"Tj\u00e4nster &#038; turer\",\"item\":\"https:\\\/\\\/landioustravel.com\\\/sv\\\/\"},{\"@type\":\"ListItem\",\"position\":3,\"name\":\"Luxor-utflykt och kungadalen fr\u00e5n Hurghada\"}]},{\"@type\":\"WebSite\",\"@id\":\"https:\\\/\\\/landioustravel.com\\\/sv\\\/#website\",\"url\":\"https:\\\/\\\/landioustravel.com\\\/sv\\\/\",\"name\":\"Landious Travel\",\"description\":\"Excursions, trips and cruises in Egypt\",\"publisher\":{\"@id\":\"https:\\\/\\\/landioustravel.com\\\/sv\\\/#organization\"},\"potentialAction\":[{\"@type\":\"SearchAction\",\"target\":{\"@type\":\"EntryPoint\",\"urlTemplate\":\"https:\\\/\\\/landioustravel.com\\\/sv\\\/?s={search_term_string}\"},\"query-input\":{\"@type\":\"PropertyValueSpecification\",\"valueRequired\":true,\"valueName\":\"search_term_string\"}}],\"inLanguage\":\"sv-SE\"},{\"@type\":[\"Organization\",\"Place\"],\"@id\":\"https:\\\/\\\/landioustravel.com\\\/sv\\\/#organization\",\"name\":\"Landious Travel\",\"alternateName\":\"Landious Travel\",\"url\":\"https:\\\/\\\/landioustravel.com\\\/sv\\\/\",\"logo\":{\"@id\":\"https:\\\/\\\/landioustravel.com\\\/sv\\\/shop\\\/luxor-utflykt-kungadalen-hurghada\\\/#local-main-organization-logo\"},\"image\":{\"@id\":\"https:\\\/\\\/landioustravel.com\\\/sv\\\/shop\\\/luxor-utflykt-kungadalen-hurghada\\\/#local-main-organization-logo\"},\"sameAs\":[\"https:\\\/\\\/web.facebook.com\\\/landiousEgypt\",\"https:\\\/\\\/x.com\\\/LandiousTours\",\"https:\\\/\\\/mastodon.social\\\/@landious\"],\"legalName\":\"Landious Travel\",\"telephone\":[],\"openingHoursSpecification\":[{\"@type\":\"OpeningHoursSpecification\",\"dayOfWeek\":[\"Monday\",\"Tuesday\",\"Wednesday\",\"Thursday\",\"Friday\",\"Saturday\",\"Sunday\"],\"opens\":\"09:00\",\"closes\":\"17:00\"}]},{\"@type\":\"ImageObject\",\"inLanguage\":\"sv-SE\",\"@id\":\"https:\\\/\\\/landioustravel.com\\\/sv\\\/shop\\\/luxor-utflykt-kungadalen-hurghada\\\/#local-main-organization-logo\",\"url\":\"https:\\\/\\\/i0.wp.com\\\/landioustravel.com\\\/wp-content\\\/uploads\\\/2021\\\/06\\\/Landious-T.png?fit=500%2C500&ssl=1\",\"contentUrl\":\"https:\\\/\\\/i0.wp.com\\\/landioustravel.com\\\/wp-content\\\/uploads\\\/2021\\\/06\\\/Landious-T.png?fit=500%2C500&ssl=1\",\"width\":500,\"height\":500,\"caption\":\"Landious Travel\"}]}<\/script>\n<!-- \/ Yoast SEO Premium plugin. -->","yoast_head_json":{"title":"Luxor-utflykt och kungadalen fr\u00e5n Hurghada","description":"Luxor-utflykt och kungadalen fr\u00e5n Hurghada bes\u00f6ker du Karnak-templet. Sedan \u00e4ter vi lunch. I den v\u00e4stra delen av Luxor bes\u00f6ker du miljontals \u00e5r av Temple","robots":{"index":"index","follow":"follow","max-snippet":"max-snippet:-1","max-image-preview":"max-image-preview:large","max-video-preview":"max-video-preview:-1"},"canonical":"https:\/\/landioustravel.com\/sv\/shop\/luxor-utflykt-kungadalen-hurghada\/","og_locale":"sv_SE","og_type":"article","og_title":"Luxor-utflykt och kungadalen fr\u00e5n Hurghada","og_description":"Landious Travel","og_url":"https:\/\/landioustravel.com\/sv\/shop\/luxor-utflykt-kungadalen-hurghada\/","og_site_name":"Landious Travel","article_publisher":"https:\/\/web.facebook.com\/landiousEgypt","article_modified_time":"2026-03-21T17:13:37+00:00","og_image":[{"width":1200,"height":674,"url":"https:\/\/i0.wp.com\/landioustravel.com\/wp-content\/uploads\/2019\/01\/Excursion_to_the_valley_of_Kings_from_Hurghada-e1551701056736.jpg?fit=1200%2C674&ssl=1","type":"image\/jpeg"}],"twitter_card":"summary_large_image","twitter_site":"@LandiousTours","twitter_misc":{"Ber\u00e4knad l\u00e4stid":"3 minuter"},"schema":{"@context":"https:\/\/schema.org","@graph":[{"@type":"WebPage","@id":"https:\/\/landioustravel.com\/sv\/shop\/luxor-utflykt-kungadalen-hurghada\/","url":"https:\/\/landioustravel.com\/sv\/shop\/luxor-utflykt-kungadalen-hurghada\/","name":"Luxor-utflykt och kungadalen fr\u00e5n Hurghada","isPartOf":{"@id":"https:\/\/landioustravel.com\/sv\/#website"},"primaryImageOfPage":{"@id":"https:\/\/landioustravel.com\/sv\/shop\/luxor-utflykt-kungadalen-hurghada\/#primaryimage"},"image":{"@id":"https:\/\/landioustravel.com\/sv\/shop\/luxor-utflykt-kungadalen-hurghada\/#primaryimage"},"thumbnailUrl":"https:\/\/i0.wp.com\/landioustravel.com\/wp-content\/uploads\/2019\/01\/Excursion_to_the_valley_of_Kings_from_Hurghada-e1551701056736.jpg?fit=1200%2C674&ssl=1","datePublished":"2020-12-27T23:04:10+00:00","dateModified":"2026-03-21T17:13:37+00:00","description":"Luxor-utflykt och kungadalen fr\u00e5n Hurghada bes\u00f6ker du Karnak-templet. Sedan \u00e4ter vi lunch. I den v\u00e4stra delen av Luxor bes\u00f6ker du miljontals \u00e5r av Temple","breadcrumb":{"@id":"https:\/\/landioustravel.com\/sv\/shop\/luxor-utflykt-kungadalen-hurghada\/#breadcrumb"},"inLanguage":"sv-SE","potentialAction":[{"@type":"ReadAction","target":["https:\/\/landioustravel.com\/sv\/shop\/luxor-utflykt-kungadalen-hurghada\/"]}]},{"@type":"ImageObject","inLanguage":"sv-SE","@id":"https:\/\/landioustravel.com\/sv\/shop\/luxor-utflykt-kungadalen-hurghada\/#primaryimage","url":"https:\/\/i0.wp.com\/landioustravel.com\/wp-content\/uploads\/2019\/01\/Excursion_to_the_valley_of_Kings_from_Hurghada-e1551701056736.jpg?fit=1200%2C674&ssl=1","contentUrl":"https:\/\/i0.wp.com\/landioustravel.com\/wp-content\/uploads\/2019\/01\/Excursion_to_the_valley_of_Kings_from_Hurghada-e1551701056736.jpg?fit=1200%2C674&ssl=1","width":1200,"height":674,"caption":"Excursion to Luxor - Valley of Kings from Hurghada"},{"@type":"BreadcrumbList","@id":"https:\/\/landioustravel.com\/sv\/shop\/luxor-utflykt-kungadalen-hurghada\/#breadcrumb","itemListElement":[{"@type":"ListItem","position":1,"name":"Home","item":"https:\/\/landioustravel.com\/sv\/"},{"@type":"ListItem","position":2,"name":"Tj\u00e4nster &#038; turer","item":"https:\/\/landioustravel.com\/sv\/"},{"@type":"ListItem","position":3,"name":"Luxor-utflykt och kungadalen fr\u00e5n Hurghada"}]},{"@type":"WebSite","@id":"https:\/\/landioustravel.com\/sv\/#website","url":"https:\/\/landioustravel.com\/sv\/","name":"Landious Travel","description":"Excursions, trips and cruises in Egypt","publisher":{"@id":"https:\/\/landioustravel.com\/sv\/#organization"},"potentialAction":[{"@type":"SearchAction","target":{"@type":"EntryPoint","urlTemplate":"https:\/\/landioustravel.com\/sv\/?s={search_term_string}"},"query-input":{"@type":"PropertyValueSpecification","valueRequired":true,"valueName":"search_term_string"}}],"inLanguage":"sv-SE"},{"@type":["Organization","Place"],"@id":"https:\/\/landioustravel.com\/sv\/#organization","name":"Landious Travel","alternateName":"Landious Travel","url":"https:\/\/landioustravel.com\/sv\/","logo":{"@id":"https:\/\/landioustravel.com\/sv\/shop\/luxor-utflykt-kungadalen-hurghada\/#local-main-organization-logo"},"image":{"@id":"https:\/\/landioustravel.com\/sv\/shop\/luxor-utflykt-kungadalen-hurghada\/#local-main-organization-logo"},"sameAs":["https:\/\/web.facebook.com\/landiousEgypt","https:\/\/x.com\/LandiousTours","https:\/\/mastodon.social\/@landious"],"legalName":"Landious Travel","telephone":[],"openingHoursSpecification":[{"@type":"OpeningHoursSpecification","dayOfWeek":["Monday","Tuesday","Wednesday","Thursday","Friday","Saturday","Sunday"],"opens":"09:00","closes":"17:00"}]},{"@type":"ImageObject","inLanguage":"sv-SE","@id":"https:\/\/landioustravel.com\/sv\/shop\/luxor-utflykt-kungadalen-hurghada\/#local-main-organization-logo","url":"https:\/\/i0.wp.com\/landioustravel.com\/wp-content\/uploads\/2021\/06\/Landious-T.png?fit=500%2C500&ssl=1","contentUrl":"https:\/\/i0.wp.com\/landioustravel.com\/wp-content\/uploads\/2021\/06\/Landious-T.png?fit=500%2C500&ssl=1","width":500,"height":500,"caption":"Landious Travel"}]}},"jetpack_publicize_connections":[],"uagb_featured_image_src":{"full":["https:\/\/i0.wp.com\/landioustravel.com\/wp-content\/uploads\/2019\/01\/Excursion_to_the_valley_of_Kings_from_Hurghada-e1551701056736.jpg?fit=1200%2C674&ssl=1",1200,674,false],"thumbnail":["https:\/\/i0.wp.com\/landioustravel.com\/wp-content\/uploads\/2019\/01\/Excursion_to_the_valley_of_Kings_from_Hurghada-e1551701056736.jpg?resize=150%2C150&ssl=1",150,150,true],"medium":["https:\/\/i0.wp.com\/landioustravel.com\/wp-content\/uploads\/2019\/01\/Excursion_to_the_valley_of_Kings_from_Hurghada-e1551701056736.jpg?fit=300%2C169&ssl=1",300,169,true],"medium_large":["https:\/\/i0.wp.com\/landioustravel.com\/wp-content\/uploads\/2019\/01\/Excursion_to_the_valley_of_Kings_from_Hurghada-e1551701056736.jpg?fit=768%2C431&ssl=1",768,431,true],"large":["https:\/\/i0.wp.com\/landioustravel.com\/wp-content\/uploads\/2019\/01\/Excursion_to_the_valley_of_Kings_from_Hurghada-e1551701056736.jpg?fit=980%2C550&ssl=1",980,550,true],"1536x1536":["https:\/\/i0.wp.com\/landioustravel.com\/wp-content\/uploads\/2019\/01\/Excursion_to_the_valley_of_Kings_from_Hurghada-e1551701056736.jpg?fit=1200%2C674&ssl=1",1200,674,true],"2048x2048":["https:\/\/i0.wp.com\/landioustravel.com\/wp-content\/uploads\/2019\/01\/Excursion_to_the_valley_of_Kings_from_Hurghada-e1551701056736.jpg?fit=1200%2C674&ssl=1",1200,674,true],"newspack-article-block-landscape-large":["https:\/\/i0.wp.com\/landioustravel.com\/wp-content\/uploads\/2019\/01\/Excursion_to_the_valley_of_Kings_from_Hurghada-e1551701056736.jpg?resize=1200%2C674&ssl=1",1200,674,true],"newspack-article-block-portrait-large":["https:\/\/i0.wp.com\/landioustravel.com\/wp-content\/uploads\/2019\/01\/Excursion_to_the_valley_of_Kings_from_Hurghada-e1551701056736.jpg?resize=900%2C674&ssl=1",900,674,true],"newspack-article-block-square-large":["https:\/\/i0.wp.com\/landioustravel.com\/wp-content\/uploads\/2019\/01\/Excursion_to_the_valley_of_Kings_from_Hurghada-e1551701056736.jpg?resize=1200%2C674&ssl=1",1200,674,true],"newspack-article-block-landscape-medium":["https:\/\/i0.wp.com\/landioustravel.com\/wp-content\/uploads\/2019\/01\/Excursion_to_the_valley_of_Kings_from_Hurghada-e1551701056736.jpg?resize=800%2C600&ssl=1",800,600,true],"newspack-article-block-portrait-medium":["https:\/\/i0.wp.com\/landioustravel.com\/wp-content\/uploads\/2019\/01\/Excursion_to_the_valley_of_Kings_from_Hurghada-e1551701056736.jpg?resize=600%2C674&ssl=1",600,674,true],"newspack-article-block-square-medium":["https:\/\/i0.wp.com\/landioustravel.com\/wp-content\/uploads\/2019\/01\/Excursion_to_the_valley_of_Kings_from_Hurghada-e1551701056736.jpg?resize=800%2C674&ssl=1",800,674,true],"newspack-article-block-landscape-intermediate":["https:\/\/i0.wp.com\/landioustravel.com\/wp-content\/uploads\/2019\/01\/Excursion_to_the_valley_of_Kings_from_Hurghada-e1551701056736.jpg?resize=600%2C450&ssl=1",600,450,true],"newspack-article-block-portrait-intermediate":["https:\/\/i0.wp.com\/landioustravel.com\/wp-content\/uploads\/2019\/01\/Excursion_to_the_valley_of_Kings_from_Hurghada-e1551701056736.jpg?resize=450%2C600&ssl=1",450,600,true],"newspack-article-block-square-intermediate":["https:\/\/i0.wp.com\/landioustravel.com\/wp-content\/uploads\/2019\/01\/Excursion_to_the_valley_of_Kings_from_Hurghada-e1551701056736.jpg?resize=600%2C600&ssl=1",600,600,true],"newspack-article-block-landscape-small":["https:\/\/i0.wp.com\/landioustravel.com\/wp-content\/uploads\/2019\/01\/Excursion_to_the_valley_of_Kings_from_Hurghada-e1551701056736.jpg?resize=400%2C300&ssl=1",400,300,true],"newspack-article-block-portrait-small":["https:\/\/i0.wp.com\/landioustravel.com\/wp-content\/uploads\/2019\/01\/Excursion_to_the_valley_of_Kings_from_Hurghada-e1551701056736.jpg?resize=300%2C400&ssl=1",300,400,true],"newspack-article-block-square-small":["https:\/\/i0.wp.com\/landioustravel.com\/wp-content\/uploads\/2019\/01\/Excursion_to_the_valley_of_Kings_from_Hurghada-e1551701056736.jpg?resize=400%2C400&ssl=1",400,400,true],"newspack-article-block-landscape-tiny":["https:\/\/i0.wp.com\/landioustravel.com\/wp-content\/uploads\/2019\/01\/Excursion_to_the_valley_of_Kings_from_Hurghada-e1551701056736.jpg?resize=200%2C150&ssl=1",200,150,true],"newspack-article-block-portrait-tiny":["https:\/\/i0.wp.com\/landioustravel.com\/wp-content\/uploads\/2019\/01\/Excursion_to_the_valley_of_Kings_from_Hurghada-e1551701056736.jpg?resize=150%2C200&ssl=1",150,200,true],"newspack-article-block-square-tiny":["https:\/\/i0.wp.com\/landioustravel.com\/wp-content\/uploads\/2019\/01\/Excursion_to_the_valley_of_Kings_from_Hurghada-e1551701056736.jpg?resize=200%2C200&ssl=1",200,200,true],"newspack-article-block-uncropped":["https:\/\/i0.wp.com\/landioustravel.com\/wp-content\/uploads\/2019\/01\/Excursion_to_the_valley_of_Kings_from_Hurghada-e1551701056736.jpg?fit=1200%2C674&ssl=1",1200,674,true],"woocommerce_thumbnail":["https:\/\/i0.wp.com\/landioustravel.com\/wp-content\/uploads\/2019\/01\/Excursion_to_the_valley_of_Kings_from_Hurghada-e1551701056736.jpg?resize=324%2C324&ssl=1",324,324,true],"woocommerce_single":["https:\/\/i0.wp.com\/landioustravel.com\/wp-content\/uploads\/2019\/01\/Excursion_to_the_valley_of_Kings_from_Hurghada-e1551701056736.jpg?fit=416%2C234&ssl=1",416,234,true],"woocommerce_gallery_thumbnail":["https:\/\/i0.wp.com\/landioustravel.com\/wp-content\/uploads\/2019\/01\/Excursion_to_the_valley_of_Kings_from_Hurghada-e1551701056736.jpg?resize=100%2C100&ssl=1",100,100,true]},"uagb_author_info":{"display_name":"Mofreh Landious","author_link":"https:\/\/landioustravel.com\/sv\/author\/"},"uagb_comment_info":4,"uagb_excerpt":"Ge dig ut p\u00e5 en of\u00f6rgl\u00f6mlig endagsutflykt till Luxor och kungarnas dal, n\u00e5s med buss fr\u00e5n Hurghada, och upplev en rad hisnande attraktioner och sev\u00e4rdheter. F\u00f6rundras \u00f6ver det imponerande Karnak-templet i \u00f6stra Luxor, f\u00f6ljt av ett bes\u00f6k i Amenhotep III:s miljontals \u00e5r tempel i den v\u00e4stra delen av staden. Utforska kungarnas dal och bevittna gravarna&hellip;","jetpack_sharing_enabled":true,"jetpack_likes_enabled":true,"amp_enabled":true,"_links":{"self":[{"href":"https:\/\/landioustravel.com\/sv\/wp-json\/wp\/v2\/product\/26740","targetHints":{"allow":["GET"]}}],"collection":[{"href":"https:\/\/landioustravel.com\/sv\/wp-json\/wp\/v2\/product"}],"about":[{"href":"https:\/\/landioustravel.com\/sv\/wp-json\/wp\/v2\/types\/product"}],"replies":[{"embeddable":true,"href":"https:\/\/landioustravel.com\/sv\/wp-json\/wp\/v2\/comments?post=26740"}],"wp:featuredmedia":[{"embeddable":true,"href":"https:\/\/landioustravel.com\/sv\/wp-json\/wp\/v2\/media\/26490"}],"wp:attachment":[{"href":"https:\/\/landioustravel.com\/sv\/wp-json\/wp\/v2\/media?parent=26740"}],"wp:term":[{"taxonomy":"product_brand","embeddable":true,"href":"https:\/\/landioustravel.com\/sv\/wp-json\/wp\/v2\/product_brand?post=26740"},{"taxonomy":"product_cat","embeddable":true,"href":"https:\/\/landioustravel.com\/sv\/wp-json\/wp\/v2\/product_cat?post=26740"},{"taxonomy":"product_tag","embeddable":true,"href":"https:\/\/landioustravel.com\/sv\/wp-json\/wp\/v2\/product_tag?post=26740"}],"curies":[{"name":"wp","href":"https:\/\/api.w.org\/{rel}","templated":true}]}}