{"id":26748,"date":"2018-11-19T15:43:39","date_gmt":"2020-12-27T23:28:54","guid":{"rendered":"https:\/\/landioustravel.com\/?post_type=product&#038;p=26748"},"modified":"2026-04-25T12:41:18","modified_gmt":"2026-04-25T09:41:18","slug":"utflykt-super-jeepsafari-hurghada","status":"publish","type":"product","link":"https:\/\/landioustravel.com\/sv\/shop\/utflykt-super-jeepsafari-hurghada\/","title":{"rendered":"Utflykt Super Jeepsafari i Hurghada"},"content":{"rendered":"<p>Det \u00e4r en mycket aktiv utflykt p\u00e5 Jeep Safari i Hurghada! Vi rekommenderar resan eftersom det till\u00e5ter turister att ha en bra tid p\u00e5 att k\u00f6ra jeepar \u00f6ver hj\u00e4rtat av \u00f6knen, p\u00e5 l\u00e5ngt avst\u00e5nd &#8211; 50 km. Det g\u00f6r det ocks\u00e5 m\u00f6jligt att se \u00f6knen i Egypten och l\u00e4ra k\u00e4nna beduinkulturen. Vi kallar detta program Excursion Super Jeep-Safari i Hurghada eftersom det inneh\u00e5ller andra underh\u00e5llande punkter. Det inkluderar ridande kameler och bes\u00f6k p\u00e5 terrariet. D\u00e4refter bes\u00f6ker beduinerna och l\u00e4r sig om deras kultur. Dessutom har v\u00e5ra turister tid till middag och orientaliska danser<\/p>\n<h2>Huvudpunkterna f\u00f6r utflyktsprogrammet p\u00e5 Jeep Safari fr\u00e5n Hurghada<\/h2>\n<ul>\n<li>Jeep rider 50 km i \u00f6knen<\/li>\n<li>Sedan kamelridning<\/li>\n<li>D\u00e4refter bes\u00f6ker du terrariet<\/li>\n<li>Och beduinbyn<\/li>\n<li>Har \u00e4nd\u00e5 tid till middag och orientaliska danser<\/li>\n<\/ul>\n<h3>Program f\u00f6r utflykten Super Jeep Safari i Hurghada<\/h3>\n<ul>\n<li>Landious Travel-representant h\u00e4mtar dig fr\u00e5n ditt hotell i Hurghada, klockan 13:00<\/li>\n<li>Efter att ha plockat upp alla kommande k\u00f6r jeepen mot \u00f6knen, d\u00e4r det finns en jeepbas. Det tar ungef\u00e4r 20 minuter att komma dit.<\/li>\n<li>F\u00f6rst m\u00e5ste du g\u00f6ra dig redo att b\u00e4ra solglas\u00f6gon och binda en halsduk p\u00e5 huvudet<\/li>\n<li>D\u00e4refter finns det en instruktion och en utbildning under en liten tid<\/li>\n<li>Vidare g\u00e5r du 25 km genom kullarna och bergen i \u00f6knen till beduinbyn<\/li>\n<li>S\u00e5 snart du anl\u00e4nder till beduinbyn, \u00e5ker du p\u00e5 kamelturer och tar bilder med beduinerna<\/li>\n<li>Sedan bes\u00f6ker du terrariet<\/li>\n<li>Efter att ha bes\u00f6kt terrariet f\u00f6ljer guiden dig till beduinbyn. Han visar hur beduiner lagar br\u00f6d och hur de kl\u00e4r sig<\/li>\n<li>I beduint\u00e4ltet f\u00e5r du middagen. Och mer, du tittar p\u00e5 de orientaliska danserna och ser stj\u00e4rnorna genom ett teleskop<\/li>\n<li>Sedan g\u00f6r du dig redo att backa 25 km i \u00f6knen<\/li>\n<li>Slutligen kommer du tillbaka till dina hotell efter en s\u00e5dan fantastisk jeeptur.<\/li>\n<li>Denna &#8221;Super Jeep Safari i Hurghada&#8221; slutar cirka kl 19:00<\/li>\n<\/ul>\n<h4>Vad ing\u00e5r i resepriset<\/h4>\n<ul>\n<li>Lunch<\/li>\n<li>\u00d6verf\u00f6r ocks\u00e5 till \u00f6knen och tillbaka till hotellet<\/li>\n<\/ul>\n<h5>Vad ing\u00e5r inte i priset f\u00f6r turn\u00e9n<\/h5>\n<ul>\n<li>Video DVD<\/li>\n<li>\u00c4ven foto-CD<\/li>\n<\/ul>\n<h6>Vad du ska ta med dig f\u00f6r resan<\/h6>\n<ul>\n<li>Scarf<\/li>\n<li>Ocks\u00e5 solglas\u00f6gon<\/li>\n<\/ul>\n<h6>Dagar med utflyktsorganisation<\/h6>\n<ul>\n<li>Dagligen fr\u00e5n 13:00 &#8211; 19:00<\/li>\n<\/ul>\n","protected":false},"excerpt":{"rendered":"<p>Ge dig ut p\u00e5 ett of\u00f6rgl\u00f6mligt \u00e4ventyr i \u00f6knen n\u00e4ra Hurghada med v\u00e5rt Jeep Safari-program. V\u00e5r turn\u00e9 erbjuder en sp\u00e4nnande upplevelse d\u00e4r du kommer att \u00e5ka jeep, tr\u00e4ffa beduinerna och l\u00e4ra dig om deras kultur. Du kommer ocks\u00e5 att ha en chans att rida p\u00e5 kameler, bes\u00f6ka ett terrarium och njuta av en uts\u00f6kt middag med orientaliska danser. Turens pris inkluderar transfer och middag, s\u00e5 allt du beh\u00f6ver g\u00f6ra \u00e4r att luta dig tillbaka, koppla av och njuta av resan.<\/p>\n<p>F\u00f6lj med p\u00e5 v\u00e5rt jeep\u00e4ventyr till beduinbyn Hurghada och upplev Saharas magi. V\u00e5rt team h\u00e4mtar dig fr\u00e5n ditt hotell i en 4x4WD Jeep och tar dig till v\u00e5rt safaricenter, d\u00e4r du kan ta en paus och tr\u00e4ffa din reseguide.<\/p>\n<p>Vi f\u00f6rst\u00e5r vikten av naturen och hur den kan ge frid och gl\u00e4dje i ens liv. Det \u00e4r d\u00e4rf\u00f6r vi erbjuder dig en chans att utforska \u00f6knen och njuta av dess underverk. Under turen kommer vi att g\u00f6ra ett stopp f\u00f6r att se en h\u00e4gring och kl\u00e4ttra upp p\u00e5 en enorm sanddyn f\u00f6r att ta in den hisnande utsikten. Efter 45 minuters bilresa (30 km) med utsikt \u00f6ver de majest\u00e4tiska Sinai-bergen kommer du till beduinbyn.<\/p>\n<p>Beduinbyn \u00e4r en unik plats d\u00e4r du kan l\u00e4ra dig om beduinernas livsstil och traditioner. Smaka p\u00e5 det l\u00e4ckra beduinbr\u00f6det och teet, ta en kameltur och bes\u00f6k v\u00e5rt terrarium f\u00f6r att se n\u00e5gra av \u00f6knens mest fascinerande varelser.<\/p>\n<p>N\u00e4r solen g\u00e5r ner kommer du att njuta av en h\u00e4rlig beduinmiddag med \u00f6ppen buff\u00e9 med obegr\u00e4nsat med drycker och vatten. En fantastisk orientalisk show, inklusive Tanura och magdans, kommer ocks\u00e5 att underh\u00e5lla dig. Slutligen tar vi dig tillbaka till startpunkten med din 4x4WD Jeep.<\/p>\n<p>Vi hoppas att du vill f\u00f6lja med oss p\u00e5 detta \u00e4ventyr och skapa of\u00f6rgl\u00f6mliga minnen som kommer att vara livet ut.<\/p>\n","protected":false},"featured_media":100635,"comment_status":"open","ping_status":"closed","template":"","meta":{"_coblocks_attr":"","_coblocks_dimensions":"","_coblocks_responsive_height":"","_coblocks_accordion_ie_support":"","_uag_custom_page_level_css":"","jetpack_publicize_message":"","jetpack_publicize_feature_enabled":true,"jetpack_social_post_already_shared":true,"jetpack_social_options":{"image_generator_settings":{"template":"highway","default_image_id":0,"font":"","enabled":false},"version":2},"_wpas_customize_per_network":false},"product_brand":[],"product_cat":[18869,18872],"product_tag":[19018,19008,19010,18998],"class_list":{"0":"post-26748","1":"product","2":"type-product","3":"status-publish","4":"has-post-thumbnail","6":"product_cat-hurghada-utflykter","7":"product_cat-safari-resor-hurghada","8":"product_tag-en-safari","9":"product_tag-hurghada-sv","10":"product_tag-jeepsafari-sv","11":"product_tag-utflykt","12":"pa_age-barn","13":"pa_age-vuxen","15":"first","16":"instock","17":"sale","18":"purchasable","19":"product-type-variable"},"yoast_head":"<!-- This site is optimized with the Yoast SEO Premium plugin v27.5 (Yoast SEO v27.5) - https:\/\/yoast.com\/product\/yoast-seo-premium-wordpress\/ -->\n<title>Utflykt Super Jeepsafari i Hurghada<\/title>\n<meta name=\"description\" content=\"Utflykt Super Jeepsafari i Hurghada Ett rikt program p\u00e5 jeepsafari i \u00f6knen n\u00e4ra Hurghada, d\u00e4r turister f\u00f6r det mesta k\u00f6r p\u00e5 jeep! Utflyktsprogrammet\" \/>\n<meta name=\"robots\" content=\"index, follow, max-snippet:-1, max-image-preview:large, max-video-preview:-1\" \/>\n<link rel=\"canonical\" href=\"https:\/\/landioustravel.com\/sv\/shop\/utflykt-super-jeepsafari-hurghada\/\" \/>\n<meta property=\"og:locale\" content=\"sv_SE\" \/>\n<meta property=\"og:type\" content=\"article\" \/>\n<meta property=\"og:title\" content=\"Utflykt Super Jeepsafari i Hurghada\" \/>\n<meta property=\"og:description\" content=\"Landious Travel\" \/>\n<meta property=\"og:url\" content=\"https:\/\/landioustravel.com\/sv\/shop\/utflykt-super-jeepsafari-hurghada\/\" \/>\n<meta property=\"og:site_name\" content=\"Landious Travel\" \/>\n<meta property=\"article:publisher\" content=\"https:\/\/web.facebook.com\/landiousEgypt\" \/>\n<meta property=\"article:modified_time\" content=\"2026-04-25T09:41:18+00:00\" \/>\n<meta property=\"og:image\" content=\"https:\/\/i0.wp.com\/landioustravel.com\/wp-content\/uploads\/2018\/11\/Super-Jeep-Safari-Excursion-from-Hurghada-e1669672083615.jpg?fit=1200%2C675&ssl=1\" \/>\n\t<meta property=\"og:image:width\" content=\"1200\" \/>\n\t<meta property=\"og:image:height\" content=\"675\" \/>\n\t<meta property=\"og:image:type\" content=\"image\/jpeg\" \/>\n<meta name=\"twitter:card\" content=\"summary_large_image\" \/>\n<meta name=\"twitter:site\" content=\"@LandiousTours\" \/>\n<meta name=\"twitter:label1\" content=\"Ber\u00e4knad l\u00e4stid\" \/>\n\t<meta name=\"twitter:data1\" content=\"2 minuter\" \/>\n<script type=\"application\/ld+json\" class=\"yoast-schema-graph\">{\"@context\":\"https:\\\/\\\/schema.org\",\"@graph\":[{\"@type\":\"WebPage\",\"@id\":\"https:\\\/\\\/landioustravel.com\\\/sv\\\/shop\\\/utflykt-super-jeepsafari-hurghada\\\/\",\"url\":\"https:\\\/\\\/landioustravel.com\\\/sv\\\/shop\\\/utflykt-super-jeepsafari-hurghada\\\/\",\"name\":\"Utflykt Super Jeepsafari i Hurghada\",\"isPartOf\":{\"@id\":\"https:\\\/\\\/landioustravel.com\\\/sv\\\/#website\"},\"primaryImageOfPage\":{\"@id\":\"https:\\\/\\\/landioustravel.com\\\/sv\\\/shop\\\/utflykt-super-jeepsafari-hurghada\\\/#primaryimage\"},\"image\":{\"@id\":\"https:\\\/\\\/landioustravel.com\\\/sv\\\/shop\\\/utflykt-super-jeepsafari-hurghada\\\/#primaryimage\"},\"thumbnailUrl\":\"https:\\\/\\\/i0.wp.com\\\/landioustravel.com\\\/wp-content\\\/uploads\\\/2018\\\/11\\\/Super-Jeep-Safari-Excursion-from-Hurghada-e1669672083615.jpg?fit=1200%2C675&ssl=1\",\"datePublished\":\"2020-12-27T23:28:54+00:00\",\"dateModified\":\"2026-04-25T09:41:18+00:00\",\"description\":\"Utflykt Super Jeepsafari i Hurghada Ett rikt program p\u00e5 jeepsafari i \u00f6knen n\u00e4ra Hurghada, d\u00e4r turister f\u00f6r det mesta k\u00f6r p\u00e5 jeep! Utflyktsprogrammet\",\"breadcrumb\":{\"@id\":\"https:\\\/\\\/landioustravel.com\\\/sv\\\/shop\\\/utflykt-super-jeepsafari-hurghada\\\/#breadcrumb\"},\"inLanguage\":\"sv-SE\",\"potentialAction\":[{\"@type\":\"ReadAction\",\"target\":[\"https:\\\/\\\/landioustravel.com\\\/sv\\\/shop\\\/utflykt-super-jeepsafari-hurghada\\\/\"]}]},{\"@type\":\"ImageObject\",\"inLanguage\":\"sv-SE\",\"@id\":\"https:\\\/\\\/landioustravel.com\\\/sv\\\/shop\\\/utflykt-super-jeepsafari-hurghada\\\/#primaryimage\",\"url\":\"https:\\\/\\\/i0.wp.com\\\/landioustravel.com\\\/wp-content\\\/uploads\\\/2018\\\/11\\\/Super-Jeep-Safari-Excursion-from-Hurghada-e1669672083615.jpg?fit=1200%2C675&ssl=1\",\"contentUrl\":\"https:\\\/\\\/i0.wp.com\\\/landioustravel.com\\\/wp-content\\\/uploads\\\/2018\\\/11\\\/Super-Jeep-Safari-Excursion-from-Hurghada-e1669672083615.jpg?fit=1200%2C675&ssl=1\",\"width\":1200,\"height\":675,\"caption\":\"Super Jeep Safari Excursion from Hurghada\"},{\"@type\":\"BreadcrumbList\",\"@id\":\"https:\\\/\\\/landioustravel.com\\\/sv\\\/shop\\\/utflykt-super-jeepsafari-hurghada\\\/#breadcrumb\",\"itemListElement\":[{\"@type\":\"ListItem\",\"position\":1,\"name\":\"Home\",\"item\":\"https:\\\/\\\/landioustravel.com\\\/sv\\\/\"},{\"@type\":\"ListItem\",\"position\":2,\"name\":\"Tj\u00e4nster &#038; turer\",\"item\":\"https:\\\/\\\/landioustravel.com\\\/sv\\\/\"},{\"@type\":\"ListItem\",\"position\":3,\"name\":\"Utflykt Super Jeepsafari i Hurghada\"}]},{\"@type\":\"WebSite\",\"@id\":\"https:\\\/\\\/landioustravel.com\\\/sv\\\/#website\",\"url\":\"https:\\\/\\\/landioustravel.com\\\/sv\\\/\",\"name\":\"Landious Travel\",\"description\":\"Excursions, trips and cruises in Egypt\",\"publisher\":{\"@id\":\"https:\\\/\\\/landioustravel.com\\\/sv\\\/#organization\"},\"potentialAction\":[{\"@type\":\"SearchAction\",\"target\":{\"@type\":\"EntryPoint\",\"urlTemplate\":\"https:\\\/\\\/landioustravel.com\\\/sv\\\/?s={search_term_string}\"},\"query-input\":{\"@type\":\"PropertyValueSpecification\",\"valueRequired\":true,\"valueName\":\"search_term_string\"}}],\"inLanguage\":\"sv-SE\"},{\"@type\":[\"Organization\",\"Place\"],\"@id\":\"https:\\\/\\\/landioustravel.com\\\/sv\\\/#organization\",\"name\":\"Landious Travel\",\"alternateName\":\"Landious Travel\",\"url\":\"https:\\\/\\\/landioustravel.com\\\/sv\\\/\",\"logo\":{\"@id\":\"https:\\\/\\\/landioustravel.com\\\/sv\\\/shop\\\/utflykt-super-jeepsafari-hurghada\\\/#local-main-organization-logo\"},\"image\":{\"@id\":\"https:\\\/\\\/landioustravel.com\\\/sv\\\/shop\\\/utflykt-super-jeepsafari-hurghada\\\/#local-main-organization-logo\"},\"sameAs\":[\"https:\\\/\\\/web.facebook.com\\\/landiousEgypt\",\"https:\\\/\\\/x.com\\\/LandiousTours\",\"https:\\\/\\\/mastodon.social\\\/@landious\"],\"legalName\":\"Landious Travel\",\"telephone\":[],\"openingHoursSpecification\":[{\"@type\":\"OpeningHoursSpecification\",\"dayOfWeek\":[\"Monday\",\"Tuesday\",\"Wednesday\",\"Thursday\",\"Friday\",\"Saturday\",\"Sunday\"],\"opens\":\"09:00\",\"closes\":\"17:00\"}]},{\"@type\":\"ImageObject\",\"inLanguage\":\"sv-SE\",\"@id\":\"https:\\\/\\\/landioustravel.com\\\/sv\\\/shop\\\/utflykt-super-jeepsafari-hurghada\\\/#local-main-organization-logo\",\"url\":\"https:\\\/\\\/i0.wp.com\\\/landioustravel.com\\\/wp-content\\\/uploads\\\/2021\\\/06\\\/Landious-T.png?fit=500%2C500&ssl=1\",\"contentUrl\":\"https:\\\/\\\/i0.wp.com\\\/landioustravel.com\\\/wp-content\\\/uploads\\\/2021\\\/06\\\/Landious-T.png?fit=500%2C500&ssl=1\",\"width\":500,\"height\":500,\"caption\":\"Landious Travel\"}]}<\/script>\n<!-- \/ Yoast SEO Premium plugin. -->","yoast_head_json":{"title":"Utflykt Super Jeepsafari i Hurghada","description":"Utflykt Super Jeepsafari i Hurghada Ett rikt program p\u00e5 jeepsafari i \u00f6knen n\u00e4ra Hurghada, d\u00e4r turister f\u00f6r det mesta k\u00f6r p\u00e5 jeep! Utflyktsprogrammet","robots":{"index":"index","follow":"follow","max-snippet":"max-snippet:-1","max-image-preview":"max-image-preview:large","max-video-preview":"max-video-preview:-1"},"canonical":"https:\/\/landioustravel.com\/sv\/shop\/utflykt-super-jeepsafari-hurghada\/","og_locale":"sv_SE","og_type":"article","og_title":"Utflykt Super Jeepsafari i Hurghada","og_description":"Landious Travel","og_url":"https:\/\/landioustravel.com\/sv\/shop\/utflykt-super-jeepsafari-hurghada\/","og_site_name":"Landious Travel","article_publisher":"https:\/\/web.facebook.com\/landiousEgypt","article_modified_time":"2026-04-25T09:41:18+00:00","og_image":[{"width":1200,"height":675,"url":"https:\/\/i0.wp.com\/landioustravel.com\/wp-content\/uploads\/2018\/11\/Super-Jeep-Safari-Excursion-from-Hurghada-e1669672083615.jpg?fit=1200%2C675&ssl=1","type":"image\/jpeg"}],"twitter_card":"summary_large_image","twitter_site":"@LandiousTours","twitter_misc":{"Ber\u00e4knad l\u00e4stid":"2 minuter"},"schema":{"@context":"https:\/\/schema.org","@graph":[{"@type":"WebPage","@id":"https:\/\/landioustravel.com\/sv\/shop\/utflykt-super-jeepsafari-hurghada\/","url":"https:\/\/landioustravel.com\/sv\/shop\/utflykt-super-jeepsafari-hurghada\/","name":"Utflykt Super Jeepsafari i Hurghada","isPartOf":{"@id":"https:\/\/landioustravel.com\/sv\/#website"},"primaryImageOfPage":{"@id":"https:\/\/landioustravel.com\/sv\/shop\/utflykt-super-jeepsafari-hurghada\/#primaryimage"},"image":{"@id":"https:\/\/landioustravel.com\/sv\/shop\/utflykt-super-jeepsafari-hurghada\/#primaryimage"},"thumbnailUrl":"https:\/\/i0.wp.com\/landioustravel.com\/wp-content\/uploads\/2018\/11\/Super-Jeep-Safari-Excursion-from-Hurghada-e1669672083615.jpg?fit=1200%2C675&ssl=1","datePublished":"2020-12-27T23:28:54+00:00","dateModified":"2026-04-25T09:41:18+00:00","description":"Utflykt Super Jeepsafari i Hurghada Ett rikt program p\u00e5 jeepsafari i \u00f6knen n\u00e4ra Hurghada, d\u00e4r turister f\u00f6r det mesta k\u00f6r p\u00e5 jeep! Utflyktsprogrammet","breadcrumb":{"@id":"https:\/\/landioustravel.com\/sv\/shop\/utflykt-super-jeepsafari-hurghada\/#breadcrumb"},"inLanguage":"sv-SE","potentialAction":[{"@type":"ReadAction","target":["https:\/\/landioustravel.com\/sv\/shop\/utflykt-super-jeepsafari-hurghada\/"]}]},{"@type":"ImageObject","inLanguage":"sv-SE","@id":"https:\/\/landioustravel.com\/sv\/shop\/utflykt-super-jeepsafari-hurghada\/#primaryimage","url":"https:\/\/i0.wp.com\/landioustravel.com\/wp-content\/uploads\/2018\/11\/Super-Jeep-Safari-Excursion-from-Hurghada-e1669672083615.jpg?fit=1200%2C675&ssl=1","contentUrl":"https:\/\/i0.wp.com\/landioustravel.com\/wp-content\/uploads\/2018\/11\/Super-Jeep-Safari-Excursion-from-Hurghada-e1669672083615.jpg?fit=1200%2C675&ssl=1","width":1200,"height":675,"caption":"Super Jeep Safari Excursion from Hurghada"},{"@type":"BreadcrumbList","@id":"https:\/\/landioustravel.com\/sv\/shop\/utflykt-super-jeepsafari-hurghada\/#breadcrumb","itemListElement":[{"@type":"ListItem","position":1,"name":"Home","item":"https:\/\/landioustravel.com\/sv\/"},{"@type":"ListItem","position":2,"name":"Tj\u00e4nster &#038; turer","item":"https:\/\/landioustravel.com\/sv\/"},{"@type":"ListItem","position":3,"name":"Utflykt Super Jeepsafari i Hurghada"}]},{"@type":"WebSite","@id":"https:\/\/landioustravel.com\/sv\/#website","url":"https:\/\/landioustravel.com\/sv\/","name":"Landious Travel","description":"Excursions, trips and cruises in Egypt","publisher":{"@id":"https:\/\/landioustravel.com\/sv\/#organization"},"potentialAction":[{"@type":"SearchAction","target":{"@type":"EntryPoint","urlTemplate":"https:\/\/landioustravel.com\/sv\/?s={search_term_string}"},"query-input":{"@type":"PropertyValueSpecification","valueRequired":true,"valueName":"search_term_string"}}],"inLanguage":"sv-SE"},{"@type":["Organization","Place"],"@id":"https:\/\/landioustravel.com\/sv\/#organization","name":"Landious Travel","alternateName":"Landious Travel","url":"https:\/\/landioustravel.com\/sv\/","logo":{"@id":"https:\/\/landioustravel.com\/sv\/shop\/utflykt-super-jeepsafari-hurghada\/#local-main-organization-logo"},"image":{"@id":"https:\/\/landioustravel.com\/sv\/shop\/utflykt-super-jeepsafari-hurghada\/#local-main-organization-logo"},"sameAs":["https:\/\/web.facebook.com\/landiousEgypt","https:\/\/x.com\/LandiousTours","https:\/\/mastodon.social\/@landious"],"legalName":"Landious Travel","telephone":[],"openingHoursSpecification":[{"@type":"OpeningHoursSpecification","dayOfWeek":["Monday","Tuesday","Wednesday","Thursday","Friday","Saturday","Sunday"],"opens":"09:00","closes":"17:00"}]},{"@type":"ImageObject","inLanguage":"sv-SE","@id":"https:\/\/landioustravel.com\/sv\/shop\/utflykt-super-jeepsafari-hurghada\/#local-main-organization-logo","url":"https:\/\/i0.wp.com\/landioustravel.com\/wp-content\/uploads\/2021\/06\/Landious-T.png?fit=500%2C500&ssl=1","contentUrl":"https:\/\/i0.wp.com\/landioustravel.com\/wp-content\/uploads\/2021\/06\/Landious-T.png?fit=500%2C500&ssl=1","width":500,"height":500,"caption":"Landious Travel"}]}},"jetpack_publicize_connections":[],"uagb_featured_image_src":{"full":["https:\/\/i0.wp.com\/landioustravel.com\/wp-content\/uploads\/2018\/11\/Super-Jeep-Safari-Excursion-from-Hurghada-e1669672083615.jpg?fit=1200%2C675&ssl=1",1200,675,false],"thumbnail":["https:\/\/i0.wp.com\/landioustravel.com\/wp-content\/uploads\/2018\/11\/Super-Jeep-Safari-Excursion-from-Hurghada-e1669672083615.jpg?resize=150%2C150&ssl=1",150,150,true],"medium":["https:\/\/i0.wp.com\/landioustravel.com\/wp-content\/uploads\/2018\/11\/Super-Jeep-Safari-Excursion-from-Hurghada-e1669672083615.jpg?fit=300%2C169&ssl=1",300,169,true],"medium_large":["https:\/\/i0.wp.com\/landioustravel.com\/wp-content\/uploads\/2018\/11\/Super-Jeep-Safari-Excursion-from-Hurghada-e1669672083615.jpg?fit=768%2C432&ssl=1",768,432,true],"large":["https:\/\/i0.wp.com\/landioustravel.com\/wp-content\/uploads\/2018\/11\/Super-Jeep-Safari-Excursion-from-Hurghada-e1669672083615.jpg?fit=980%2C551&ssl=1",980,551,true],"1536x1536":["https:\/\/i0.wp.com\/landioustravel.com\/wp-content\/uploads\/2018\/11\/Super-Jeep-Safari-Excursion-from-Hurghada-e1669672083615.jpg?fit=1200%2C675&ssl=1",1200,675,true],"2048x2048":["https:\/\/i0.wp.com\/landioustravel.com\/wp-content\/uploads\/2018\/11\/Super-Jeep-Safari-Excursion-from-Hurghada-e1669672083615.jpg?fit=1200%2C675&ssl=1",1200,675,true],"newspack-article-block-landscape-large":["https:\/\/i0.wp.com\/landioustravel.com\/wp-content\/uploads\/2018\/11\/Super-Jeep-Safari-Excursion-from-Hurghada-e1669672083615.jpg?resize=1200%2C675&ssl=1",1200,675,true],"newspack-article-block-portrait-large":["https:\/\/i0.wp.com\/landioustravel.com\/wp-content\/uploads\/2018\/11\/Super-Jeep-Safari-Excursion-from-Hurghada-e1669672083615.jpg?resize=900%2C675&ssl=1",900,675,true],"newspack-article-block-square-large":["https:\/\/i0.wp.com\/landioustravel.com\/wp-content\/uploads\/2018\/11\/Super-Jeep-Safari-Excursion-from-Hurghada-e1669672083615.jpg?resize=1200%2C675&ssl=1",1200,675,true],"newspack-article-block-landscape-medium":["https:\/\/i0.wp.com\/landioustravel.com\/wp-content\/uploads\/2018\/11\/Super-Jeep-Safari-Excursion-from-Hurghada-e1669672083615.jpg?resize=800%2C600&ssl=1",800,600,true],"newspack-article-block-portrait-medium":["https:\/\/i0.wp.com\/landioustravel.com\/wp-content\/uploads\/2018\/11\/Super-Jeep-Safari-Excursion-from-Hurghada-e1669672083615.jpg?resize=600%2C675&ssl=1",600,675,true],"newspack-article-block-square-medium":["https:\/\/i0.wp.com\/landioustravel.com\/wp-content\/uploads\/2018\/11\/Super-Jeep-Safari-Excursion-from-Hurghada-e1669672083615.jpg?resize=800%2C675&ssl=1",800,675,true],"newspack-article-block-landscape-intermediate":["https:\/\/i0.wp.com\/landioustravel.com\/wp-content\/uploads\/2018\/11\/Super-Jeep-Safari-Excursion-from-Hurghada-e1669672083615.jpg?resize=600%2C450&ssl=1",600,450,true],"newspack-article-block-portrait-intermediate":["https:\/\/i0.wp.com\/landioustravel.com\/wp-content\/uploads\/2018\/11\/Super-Jeep-Safari-Excursion-from-Hurghada-e1669672083615.jpg?resize=450%2C600&ssl=1",450,600,true],"newspack-article-block-square-intermediate":["https:\/\/i0.wp.com\/landioustravel.com\/wp-content\/uploads\/2018\/11\/Super-Jeep-Safari-Excursion-from-Hurghada-e1669672083615.jpg?resize=600%2C600&ssl=1",600,600,true],"newspack-article-block-landscape-small":["https:\/\/i0.wp.com\/landioustravel.com\/wp-content\/uploads\/2018\/11\/Super-Jeep-Safari-Excursion-from-Hurghada-e1669672083615.jpg?resize=400%2C300&ssl=1",400,300,true],"newspack-article-block-portrait-small":["https:\/\/i0.wp.com\/landioustravel.com\/wp-content\/uploads\/2018\/11\/Super-Jeep-Safari-Excursion-from-Hurghada-e1669672083615.jpg?resize=300%2C400&ssl=1",300,400,true],"newspack-article-block-square-small":["https:\/\/i0.wp.com\/landioustravel.com\/wp-content\/uploads\/2018\/11\/Super-Jeep-Safari-Excursion-from-Hurghada-e1669672083615.jpg?resize=400%2C400&ssl=1",400,400,true],"newspack-article-block-landscape-tiny":["https:\/\/i0.wp.com\/landioustravel.com\/wp-content\/uploads\/2018\/11\/Super-Jeep-Safari-Excursion-from-Hurghada-e1669672083615.jpg?resize=200%2C150&ssl=1",200,150,true],"newspack-article-block-portrait-tiny":["https:\/\/i0.wp.com\/landioustravel.com\/wp-content\/uploads\/2018\/11\/Super-Jeep-Safari-Excursion-from-Hurghada-e1669672083615.jpg?resize=150%2C200&ssl=1",150,200,true],"newspack-article-block-square-tiny":["https:\/\/i0.wp.com\/landioustravel.com\/wp-content\/uploads\/2018\/11\/Super-Jeep-Safari-Excursion-from-Hurghada-e1669672083615.jpg?resize=200%2C200&ssl=1",200,200,true],"newspack-article-block-uncropped":["https:\/\/i0.wp.com\/landioustravel.com\/wp-content\/uploads\/2018\/11\/Super-Jeep-Safari-Excursion-from-Hurghada-e1669672083615.jpg?fit=1200%2C675&ssl=1",1200,675,true],"woocommerce_thumbnail":["https:\/\/i0.wp.com\/landioustravel.com\/wp-content\/uploads\/2018\/11\/Super-Jeep-Safari-Excursion-from-Hurghada-e1669672083615.jpg?resize=324%2C324&ssl=1",324,324,true],"woocommerce_single":["https:\/\/i0.wp.com\/landioustravel.com\/wp-content\/uploads\/2018\/11\/Super-Jeep-Safari-Excursion-from-Hurghada-e1669672083615.jpg?fit=416%2C234&ssl=1",416,234,true],"woocommerce_gallery_thumbnail":["https:\/\/i0.wp.com\/landioustravel.com\/wp-content\/uploads\/2018\/11\/Super-Jeep-Safari-Excursion-from-Hurghada-e1669672083615.jpg?resize=100%2C100&ssl=1",100,100,true]},"uagb_author_info":{"display_name":"Mofreh Landious","author_link":"https:\/\/landioustravel.com\/sv\/author\/"},"uagb_comment_info":6,"uagb_excerpt":"Ge dig ut p\u00e5 ett of\u00f6rgl\u00f6mligt \u00e4ventyr i \u00f6knen n\u00e4ra Hurghada med v\u00e5rt Jeep Safari-program. V\u00e5r turn\u00e9 erbjuder en sp\u00e4nnande upplevelse d\u00e4r du kommer att \u00e5ka jeep, tr\u00e4ffa beduinerna och l\u00e4ra dig om deras kultur. Du kommer ocks\u00e5 att ha en chans att rida p\u00e5 kameler, bes\u00f6ka ett terrarium och njuta av en uts\u00f6kt middag&hellip;","jetpack_sharing_enabled":true,"jetpack_likes_enabled":true,"amp_enabled":true,"_links":{"self":[{"href":"https:\/\/landioustravel.com\/sv\/wp-json\/wp\/v2\/product\/26748","targetHints":{"allow":["GET"]}}],"collection":[{"href":"https:\/\/landioustravel.com\/sv\/wp-json\/wp\/v2\/product"}],"about":[{"href":"https:\/\/landioustravel.com\/sv\/wp-json\/wp\/v2\/types\/product"}],"replies":[{"embeddable":true,"href":"https:\/\/landioustravel.com\/sv\/wp-json\/wp\/v2\/comments?post=26748"}],"wp:featuredmedia":[{"embeddable":true,"href":"https:\/\/landioustravel.com\/sv\/wp-json\/wp\/v2\/media\/100635"}],"wp:attachment":[{"href":"https:\/\/landioustravel.com\/sv\/wp-json\/wp\/v2\/media?parent=26748"}],"wp:term":[{"taxonomy":"product_brand","embeddable":true,"href":"https:\/\/landioustravel.com\/sv\/wp-json\/wp\/v2\/product_brand?post=26748"},{"taxonomy":"product_cat","embeddable":true,"href":"https:\/\/landioustravel.com\/sv\/wp-json\/wp\/v2\/product_cat?post=26748"},{"taxonomy":"product_tag","embeddable":true,"href":"https:\/\/landioustravel.com\/sv\/wp-json\/wp\/v2\/product_tag?post=26748"}],"curies":[{"name":"wp","href":"https:\/\/api.w.org\/{rel}","templated":true}]}}