{"id":26752,"date":"2018-11-17T21:49:32","date_gmt":"2020-12-27T23:38:24","guid":{"rendered":"https:\/\/landioustravel.com\/?post_type=product&#038;p=26752"},"modified":"2024-03-06T19:15:57","modified_gmt":"2024-03-06T17:15:57","slug":"utflykt-ubat-hurghada","status":"publish","type":"product","link":"https:\/\/landioustravel.com\/sv\/shop\/utflykt-ubat-hurghada\/","title":{"rendered":"Utflykt p\u00e5 ub\u00e5t i Hurghada"},"content":{"rendered":"<p>Det \u00e4r en intressant havsutflykt p\u00e5 ub\u00e5ten &#8221;Sindbad&#8221; i Hurghada, Egypten! Vi rekommenderar resan eftersom det \u00e4r det enda alternativet att se vackra koraller och en m\u00e4ngd fisk ombord p\u00e5 en ub\u00e5t n\u00e4r du bor i Hurghada. Det g\u00f6r det ocks\u00e5 m\u00f6jligt att njuta av en kort b\u00e5tpicknick genom R\u00f6da havet i ett mycket vackert omr\u00e5de _ n\u00e4ra \u00f6n Giftun.<\/p>\n<h2>Huvudpunkterna i programmet p\u00e5 Sindbad ub\u00e5t<\/h2>\n<ul>\n<li>Havspiknik vid Read Sea<\/li>\n<li>Titta ocks\u00e5 p\u00e5 undervattensv\u00e4rlden ombord p\u00e5 Sindbad ub\u00e5t<\/li>\n<\/ul>\n<h3>Program f\u00f6r resan till Sindbad Submarine i Hurghada<\/h3>\n<ul>\n<li>Landious Travel-representant h\u00e4mtar dig fr\u00e5n ditt hotell i Hurghada, klockan 10:00<\/li>\n<li>Efter att ha h\u00e4mtat alla bes\u00f6kare g\u00e5r bussen till hamnen. V\u00e4gen till hamnen tar cirka 20 minuter<\/li>\n<li>I b\u00f6rjan av utflyktsprogrammet kan du njuta av en havspiknik genom R\u00f6da havet. Samma b\u00e5t tar dig till ub\u00e5ten. D\u00e4r kommer du att inta en plats p\u00e5 ub\u00e5ten<\/li>\n<li>D\u00e4refter sjunker ub\u00e5ten till ett djup av 25 meter s\u00e5 att du kan se fisk och koraller. Att titta p\u00e5 undervattensv\u00e4rlden ombord p\u00e5 ub\u00e5ten tar dig en hel timme<\/li>\n<li>Denna &#8221;Utflykt p\u00e5 ub\u00e5ten i Hurghada&#8221; slutar klockan 14:00<\/li>\n<\/ul>\n<h4>Vad ing\u00e5r i resepriset<\/h4>\n<ul>\n<li>\u00d6verf\u00f6r till hamnen och tillbaka till hotellet<\/li>\n<\/ul>\n<h5>Vad ing\u00e5r inte i priset f\u00f6r turn\u00e9n<\/h5>\n<ul>\n<li>Video DVD<\/li>\n<li>\u00c4ven foto-CD<\/li>\n<\/ul>\n<h6>Vad du ska ta med dig f\u00f6r turn\u00e9n<\/h6>\n<ul>\n<li>Solglas\u00f6gon<\/li>\n<\/ul>\n<h6>Dagar med utflyktsorganisation<\/h6>\n<ul>\n<li>Dagligen fr\u00e5n 10:00 till 14:00<\/li>\n<\/ul>\n","protected":false},"excerpt":{"rendered":"<p>G\u00f6r dig redo f\u00f6r ett otroligt \u00e4ventyr p\u00e5 Sindbads ub\u00e5t i Hurghada! Du kommer att resa genom det glittrande R\u00f6da havet och bli f\u00f6rv\u00e5nad \u00f6ver de fantastiska reven och livfulla fiskarna p\u00e5 ett djup av 25 meter. Du kommer att h\u00e5lla dig torr och bekv\u00e4m hela tiden! Och den b\u00e4sta delen?<\/p>\n<p>N\u00e4r du g\u00e5r ner under R\u00f6da havets yta kommer du att bjudas p\u00e5 en f\u00e4rgstark och l\u00e4rorik upplevelse utan dess like. F\u00f6rundras \u00f6ver korallernas underland och den fantastiska variationen av fiskar n\u00e4r du beger dig till djup p\u00e5 upp till 20 meter. Resans pris inkluderar transfer och entr\u00e9biljett, s\u00e5 allt du beh\u00f6ver g\u00f6ra \u00e4r att luta dig tillbaka och njuta av \u00e5kturen.<\/p>\n<p>Sindbads ub\u00e5t \u00e4r verkligen fantastisk och f\u00e5r inte missa! Du ger dig ut p\u00e5 en b\u00e5ttur till den enda ub\u00e5ten i Mellan\u00f6stern och ser undervattensv\u00e4rlden p\u00e5 ett helt nytt s\u00e4tt. Med 44 passagerars\u00e4ten och speciella portaler f\u00f6r visning kommer du att k\u00e4nna dig som en riktig undervattensutforskare. Och med sin milit\u00e4rinspirerade design \u00e4r Sindbad Submarine en cool \u00e5ktur!<\/p>\n<p>Under utflykten kommer du att uppt\u00e4cka ett sjunket skepp, skulpturer t\u00e4ckta av alger och till och med kistor som en g\u00e5ng kan ha h\u00e5llit piratskatter. Och livet under vattnet \u00e4r helt enkelt hisnande &#8211; du kommer att se s\u00e5 m\u00e5nga f\u00e4rgglada fiskar att du inte vet var du ska titta f\u00f6rst!<\/p>\n<p>S\u00e5 g\u00f6r dig redo f\u00f6r en of\u00f6rgl\u00f6mlig resa p\u00e5 Sindbads ub\u00e5t. Det \u00e4r ett \u00e4ventyr du aldrig kommer att gl\u00f6mma!<\/p>\n","protected":false},"featured_media":119520,"comment_status":"open","ping_status":"closed","template":"","meta":{"_coblocks_attr":"","_coblocks_dimensions":"","_coblocks_responsive_height":"","_coblocks_accordion_ie_support":"","_uag_custom_page_level_css":"","jetpack_publicize_message":"","jetpack_publicize_feature_enabled":true,"jetpack_social_post_already_shared":true,"jetpack_social_options":{"image_generator_settings":{"template":"highway","default_image_id":0,"font":"","enabled":false},"version":2},"_wpas_customize_per_network":false},"product_brand":[],"product_cat":[18869,18871],"product_tag":[19022,19008,19023,19028,19031,18998],"class_list":{"0":"post-26752","1":"product","2":"type-product","3":"status-publish","4":"has-post-thumbnail","6":"product_cat-hurghada-utflykter","7":"product_cat-sjoturer-hurghada","8":"product_tag-havet","9":"product_tag-hurghada-sv","10":"product_tag-sjoturer","11":"product_tag-ubat-sinbad","12":"product_tag-ubaten","13":"product_tag-utflykt","14":"pa_age-barn-1-4-ar","15":"pa_age-barn-5-11-ar","16":"pa_age-vuxen","18":"first","19":"instock","20":"sale","21":"purchasable","22":"product-type-variable"},"yoast_head":"<!-- This site is optimized with the Yoast SEO Premium plugin v27.5 (Yoast SEO v27.5) - https:\/\/yoast.com\/product\/yoast-seo-premium-wordpress\/ -->\n<title>Utflykt p\u00e5 ub\u00e5t i Hurghada<\/title>\n<meta name=\"description\" content=\"Utflykt p\u00e5 ub\u00e5t i Hurghada Under havsturen \u201dSindbad ub\u00e5t i Hurghada\u201d kommer du att g\u00f6ra en havsresa genom R\u00f6da havet. Dessutom en underbar \u00f6versikt fr\u00e5n 2\" \/>\n<meta name=\"robots\" content=\"index, follow, max-snippet:-1, max-image-preview:large, max-video-preview:-1\" \/>\n<link rel=\"canonical\" href=\"https:\/\/landioustravel.com\/sv\/shop\/utflykt-ubat-hurghada\/\" \/>\n<meta property=\"og:locale\" content=\"sv_SE\" \/>\n<meta property=\"og:type\" content=\"article\" \/>\n<meta property=\"og:title\" content=\"Utflykt p\u00e5 ub\u00e5t i Hurghada\" \/>\n<meta property=\"og:description\" content=\"Landious Travel\" \/>\n<meta property=\"og:url\" content=\"https:\/\/landioustravel.com\/sv\/shop\/utflykt-ubat-hurghada\/\" \/>\n<meta property=\"og:site_name\" content=\"Landious Travel\" \/>\n<meta property=\"article:publisher\" content=\"https:\/\/web.facebook.com\/landiousEgypt\" \/>\n<meta property=\"article:modified_time\" content=\"2024-03-06T17:15:57+00:00\" \/>\n<meta property=\"og:image\" content=\"https:\/\/i0.wp.com\/landioustravel.com\/wp-content\/uploads\/2018\/11\/Submarine-Excursion-Hurghada.jpg?fit=720%2C480&ssl=1\" \/>\n\t<meta property=\"og:image:width\" content=\"720\" \/>\n\t<meta property=\"og:image:height\" content=\"480\" \/>\n\t<meta property=\"og:image:type\" content=\"image\/jpeg\" \/>\n<meta name=\"twitter:card\" content=\"summary_large_image\" \/>\n<meta name=\"twitter:site\" content=\"@LandiousTours\" \/>\n<meta name=\"twitter:label1\" content=\"Ber\u00e4knad l\u00e4stid\" \/>\n\t<meta name=\"twitter:data1\" content=\"1 minut\" \/>\n<script type=\"application\/ld+json\" class=\"yoast-schema-graph\">{\"@context\":\"https:\\\/\\\/schema.org\",\"@graph\":[{\"@type\":\"WebPage\",\"@id\":\"https:\\\/\\\/landioustravel.com\\\/sv\\\/shop\\\/utflykt-ubat-hurghada\\\/\",\"url\":\"https:\\\/\\\/landioustravel.com\\\/sv\\\/shop\\\/utflykt-ubat-hurghada\\\/\",\"name\":\"Utflykt p\u00e5 ub\u00e5t i Hurghada\",\"isPartOf\":{\"@id\":\"https:\\\/\\\/landioustravel.com\\\/sv\\\/#website\"},\"primaryImageOfPage\":{\"@id\":\"https:\\\/\\\/landioustravel.com\\\/sv\\\/shop\\\/utflykt-ubat-hurghada\\\/#primaryimage\"},\"image\":{\"@id\":\"https:\\\/\\\/landioustravel.com\\\/sv\\\/shop\\\/utflykt-ubat-hurghada\\\/#primaryimage\"},\"thumbnailUrl\":\"https:\\\/\\\/i0.wp.com\\\/landioustravel.com\\\/wp-content\\\/uploads\\\/2018\\\/11\\\/Submarine-Excursion-Hurghada.jpg?fit=720%2C480&ssl=1\",\"datePublished\":\"2020-12-27T23:38:24+00:00\",\"dateModified\":\"2024-03-06T17:15:57+00:00\",\"description\":\"Utflykt p\u00e5 ub\u00e5t i Hurghada Under havsturen \u201dSindbad ub\u00e5t i Hurghada\u201d kommer du att g\u00f6ra en havsresa genom R\u00f6da havet. Dessutom en underbar \u00f6versikt fr\u00e5n 2\",\"breadcrumb\":{\"@id\":\"https:\\\/\\\/landioustravel.com\\\/sv\\\/shop\\\/utflykt-ubat-hurghada\\\/#breadcrumb\"},\"inLanguage\":\"sv-SE\",\"potentialAction\":[{\"@type\":\"ReadAction\",\"target\":[\"https:\\\/\\\/landioustravel.com\\\/sv\\\/shop\\\/utflykt-ubat-hurghada\\\/\"]}]},{\"@type\":\"ImageObject\",\"inLanguage\":\"sv-SE\",\"@id\":\"https:\\\/\\\/landioustravel.com\\\/sv\\\/shop\\\/utflykt-ubat-hurghada\\\/#primaryimage\",\"url\":\"https:\\\/\\\/i0.wp.com\\\/landioustravel.com\\\/wp-content\\\/uploads\\\/2018\\\/11\\\/Submarine-Excursion-Hurghada.jpg?fit=720%2C480&ssl=1\",\"contentUrl\":\"https:\\\/\\\/i0.wp.com\\\/landioustravel.com\\\/wp-content\\\/uploads\\\/2018\\\/11\\\/Submarine-Excursion-Hurghada.jpg?fit=720%2C480&ssl=1\",\"width\":720,\"height\":480,\"caption\":\"Submarine Excursion Hurghada\"},{\"@type\":\"BreadcrumbList\",\"@id\":\"https:\\\/\\\/landioustravel.com\\\/sv\\\/shop\\\/utflykt-ubat-hurghada\\\/#breadcrumb\",\"itemListElement\":[{\"@type\":\"ListItem\",\"position\":1,\"name\":\"Home\",\"item\":\"https:\\\/\\\/landioustravel.com\\\/sv\\\/\"},{\"@type\":\"ListItem\",\"position\":2,\"name\":\"Tj\u00e4nster &#038; turer\",\"item\":\"https:\\\/\\\/landioustravel.com\\\/sv\\\/\"},{\"@type\":\"ListItem\",\"position\":3,\"name\":\"Utflykt p\u00e5 ub\u00e5t i Hurghada\"}]},{\"@type\":\"WebSite\",\"@id\":\"https:\\\/\\\/landioustravel.com\\\/sv\\\/#website\",\"url\":\"https:\\\/\\\/landioustravel.com\\\/sv\\\/\",\"name\":\"Landious Travel\",\"description\":\"Excursions, trips and cruises in Egypt\",\"publisher\":{\"@id\":\"https:\\\/\\\/landioustravel.com\\\/sv\\\/#organization\"},\"potentialAction\":[{\"@type\":\"SearchAction\",\"target\":{\"@type\":\"EntryPoint\",\"urlTemplate\":\"https:\\\/\\\/landioustravel.com\\\/sv\\\/?s={search_term_string}\"},\"query-input\":{\"@type\":\"PropertyValueSpecification\",\"valueRequired\":true,\"valueName\":\"search_term_string\"}}],\"inLanguage\":\"sv-SE\"},{\"@type\":[\"Organization\",\"Place\"],\"@id\":\"https:\\\/\\\/landioustravel.com\\\/sv\\\/#organization\",\"name\":\"Landious Travel\",\"alternateName\":\"Landious Travel\",\"url\":\"https:\\\/\\\/landioustravel.com\\\/sv\\\/\",\"logo\":{\"@id\":\"https:\\\/\\\/landioustravel.com\\\/sv\\\/shop\\\/utflykt-ubat-hurghada\\\/#local-main-organization-logo\"},\"image\":{\"@id\":\"https:\\\/\\\/landioustravel.com\\\/sv\\\/shop\\\/utflykt-ubat-hurghada\\\/#local-main-organization-logo\"},\"sameAs\":[\"https:\\\/\\\/web.facebook.com\\\/landiousEgypt\",\"https:\\\/\\\/x.com\\\/LandiousTours\",\"https:\\\/\\\/mastodon.social\\\/@landious\"],\"legalName\":\"Landious Travel\",\"telephone\":[],\"openingHoursSpecification\":[{\"@type\":\"OpeningHoursSpecification\",\"dayOfWeek\":[\"Monday\",\"Tuesday\",\"Wednesday\",\"Thursday\",\"Friday\",\"Saturday\",\"Sunday\"],\"opens\":\"09:00\",\"closes\":\"17:00\"}]},{\"@type\":\"ImageObject\",\"inLanguage\":\"sv-SE\",\"@id\":\"https:\\\/\\\/landioustravel.com\\\/sv\\\/shop\\\/utflykt-ubat-hurghada\\\/#local-main-organization-logo\",\"url\":\"https:\\\/\\\/i0.wp.com\\\/landioustravel.com\\\/wp-content\\\/uploads\\\/2021\\\/06\\\/Landious-T.png?fit=500%2C500&ssl=1\",\"contentUrl\":\"https:\\\/\\\/i0.wp.com\\\/landioustravel.com\\\/wp-content\\\/uploads\\\/2021\\\/06\\\/Landious-T.png?fit=500%2C500&ssl=1\",\"width\":500,\"height\":500,\"caption\":\"Landious Travel\"}]}<\/script>\n<!-- \/ Yoast SEO Premium plugin. -->","yoast_head_json":{"title":"Utflykt p\u00e5 ub\u00e5t i Hurghada","description":"Utflykt p\u00e5 ub\u00e5t i Hurghada Under havsturen \u201dSindbad ub\u00e5t i Hurghada\u201d kommer du att g\u00f6ra en havsresa genom R\u00f6da havet. Dessutom en underbar \u00f6versikt fr\u00e5n 2","robots":{"index":"index","follow":"follow","max-snippet":"max-snippet:-1","max-image-preview":"max-image-preview:large","max-video-preview":"max-video-preview:-1"},"canonical":"https:\/\/landioustravel.com\/sv\/shop\/utflykt-ubat-hurghada\/","og_locale":"sv_SE","og_type":"article","og_title":"Utflykt p\u00e5 ub\u00e5t i Hurghada","og_description":"Landious Travel","og_url":"https:\/\/landioustravel.com\/sv\/shop\/utflykt-ubat-hurghada\/","og_site_name":"Landious Travel","article_publisher":"https:\/\/web.facebook.com\/landiousEgypt","article_modified_time":"2024-03-06T17:15:57+00:00","og_image":[{"width":720,"height":480,"url":"https:\/\/i0.wp.com\/landioustravel.com\/wp-content\/uploads\/2018\/11\/Submarine-Excursion-Hurghada.jpg?fit=720%2C480&ssl=1","type":"image\/jpeg"}],"twitter_card":"summary_large_image","twitter_site":"@LandiousTours","twitter_misc":{"Ber\u00e4knad l\u00e4stid":"1 minut"},"schema":{"@context":"https:\/\/schema.org","@graph":[{"@type":"WebPage","@id":"https:\/\/landioustravel.com\/sv\/shop\/utflykt-ubat-hurghada\/","url":"https:\/\/landioustravel.com\/sv\/shop\/utflykt-ubat-hurghada\/","name":"Utflykt p\u00e5 ub\u00e5t i Hurghada","isPartOf":{"@id":"https:\/\/landioustravel.com\/sv\/#website"},"primaryImageOfPage":{"@id":"https:\/\/landioustravel.com\/sv\/shop\/utflykt-ubat-hurghada\/#primaryimage"},"image":{"@id":"https:\/\/landioustravel.com\/sv\/shop\/utflykt-ubat-hurghada\/#primaryimage"},"thumbnailUrl":"https:\/\/i0.wp.com\/landioustravel.com\/wp-content\/uploads\/2018\/11\/Submarine-Excursion-Hurghada.jpg?fit=720%2C480&ssl=1","datePublished":"2020-12-27T23:38:24+00:00","dateModified":"2024-03-06T17:15:57+00:00","description":"Utflykt p\u00e5 ub\u00e5t i Hurghada Under havsturen \u201dSindbad ub\u00e5t i Hurghada\u201d kommer du att g\u00f6ra en havsresa genom R\u00f6da havet. Dessutom en underbar \u00f6versikt fr\u00e5n 2","breadcrumb":{"@id":"https:\/\/landioustravel.com\/sv\/shop\/utflykt-ubat-hurghada\/#breadcrumb"},"inLanguage":"sv-SE","potentialAction":[{"@type":"ReadAction","target":["https:\/\/landioustravel.com\/sv\/shop\/utflykt-ubat-hurghada\/"]}]},{"@type":"ImageObject","inLanguage":"sv-SE","@id":"https:\/\/landioustravel.com\/sv\/shop\/utflykt-ubat-hurghada\/#primaryimage","url":"https:\/\/i0.wp.com\/landioustravel.com\/wp-content\/uploads\/2018\/11\/Submarine-Excursion-Hurghada.jpg?fit=720%2C480&ssl=1","contentUrl":"https:\/\/i0.wp.com\/landioustravel.com\/wp-content\/uploads\/2018\/11\/Submarine-Excursion-Hurghada.jpg?fit=720%2C480&ssl=1","width":720,"height":480,"caption":"Submarine Excursion Hurghada"},{"@type":"BreadcrumbList","@id":"https:\/\/landioustravel.com\/sv\/shop\/utflykt-ubat-hurghada\/#breadcrumb","itemListElement":[{"@type":"ListItem","position":1,"name":"Home","item":"https:\/\/landioustravel.com\/sv\/"},{"@type":"ListItem","position":2,"name":"Tj\u00e4nster &#038; turer","item":"https:\/\/landioustravel.com\/sv\/"},{"@type":"ListItem","position":3,"name":"Utflykt p\u00e5 ub\u00e5t i Hurghada"}]},{"@type":"WebSite","@id":"https:\/\/landioustravel.com\/sv\/#website","url":"https:\/\/landioustravel.com\/sv\/","name":"Landious Travel","description":"Excursions, trips and cruises in Egypt","publisher":{"@id":"https:\/\/landioustravel.com\/sv\/#organization"},"potentialAction":[{"@type":"SearchAction","target":{"@type":"EntryPoint","urlTemplate":"https:\/\/landioustravel.com\/sv\/?s={search_term_string}"},"query-input":{"@type":"PropertyValueSpecification","valueRequired":true,"valueName":"search_term_string"}}],"inLanguage":"sv-SE"},{"@type":["Organization","Place"],"@id":"https:\/\/landioustravel.com\/sv\/#organization","name":"Landious Travel","alternateName":"Landious Travel","url":"https:\/\/landioustravel.com\/sv\/","logo":{"@id":"https:\/\/landioustravel.com\/sv\/shop\/utflykt-ubat-hurghada\/#local-main-organization-logo"},"image":{"@id":"https:\/\/landioustravel.com\/sv\/shop\/utflykt-ubat-hurghada\/#local-main-organization-logo"},"sameAs":["https:\/\/web.facebook.com\/landiousEgypt","https:\/\/x.com\/LandiousTours","https:\/\/mastodon.social\/@landious"],"legalName":"Landious Travel","telephone":[],"openingHoursSpecification":[{"@type":"OpeningHoursSpecification","dayOfWeek":["Monday","Tuesday","Wednesday","Thursday","Friday","Saturday","Sunday"],"opens":"09:00","closes":"17:00"}]},{"@type":"ImageObject","inLanguage":"sv-SE","@id":"https:\/\/landioustravel.com\/sv\/shop\/utflykt-ubat-hurghada\/#local-main-organization-logo","url":"https:\/\/i0.wp.com\/landioustravel.com\/wp-content\/uploads\/2021\/06\/Landious-T.png?fit=500%2C500&ssl=1","contentUrl":"https:\/\/i0.wp.com\/landioustravel.com\/wp-content\/uploads\/2021\/06\/Landious-T.png?fit=500%2C500&ssl=1","width":500,"height":500,"caption":"Landious Travel"}]}},"jetpack_publicize_connections":[],"uagb_featured_image_src":{"full":["https:\/\/i0.wp.com\/landioustravel.com\/wp-content\/uploads\/2018\/11\/Submarine-Excursion-Hurghada.jpg?fit=720%2C480&ssl=1",720,480,false],"thumbnail":["https:\/\/i0.wp.com\/landioustravel.com\/wp-content\/uploads\/2018\/11\/Submarine-Excursion-Hurghada.jpg?resize=150%2C150&ssl=1",150,150,true],"medium":["https:\/\/i0.wp.com\/landioustravel.com\/wp-content\/uploads\/2018\/11\/Submarine-Excursion-Hurghada.jpg?fit=300%2C200&ssl=1",300,200,true],"medium_large":["https:\/\/i0.wp.com\/landioustravel.com\/wp-content\/uploads\/2018\/11\/Submarine-Excursion-Hurghada.jpg?fit=720%2C480&ssl=1",720,480,true],"large":["https:\/\/i0.wp.com\/landioustravel.com\/wp-content\/uploads\/2018\/11\/Submarine-Excursion-Hurghada.jpg?fit=720%2C480&ssl=1",720,480,true],"1536x1536":["https:\/\/i0.wp.com\/landioustravel.com\/wp-content\/uploads\/2018\/11\/Submarine-Excursion-Hurghada.jpg?fit=720%2C480&ssl=1",720,480,true],"2048x2048":["https:\/\/i0.wp.com\/landioustravel.com\/wp-content\/uploads\/2018\/11\/Submarine-Excursion-Hurghada.jpg?fit=720%2C480&ssl=1",720,480,true],"newspack-article-block-landscape-large":["https:\/\/i0.wp.com\/landioustravel.com\/wp-content\/uploads\/2018\/11\/Submarine-Excursion-Hurghada.jpg?resize=720%2C480&ssl=1",720,480,true],"newspack-article-block-portrait-large":["https:\/\/i0.wp.com\/landioustravel.com\/wp-content\/uploads\/2018\/11\/Submarine-Excursion-Hurghada.jpg?resize=720%2C480&ssl=1",720,480,true],"newspack-article-block-square-large":["https:\/\/i0.wp.com\/landioustravel.com\/wp-content\/uploads\/2018\/11\/Submarine-Excursion-Hurghada.jpg?resize=720%2C480&ssl=1",720,480,true],"newspack-article-block-landscape-medium":["https:\/\/i0.wp.com\/landioustravel.com\/wp-content\/uploads\/2018\/11\/Submarine-Excursion-Hurghada.jpg?resize=720%2C480&ssl=1",720,480,true],"newspack-article-block-portrait-medium":["https:\/\/i0.wp.com\/landioustravel.com\/wp-content\/uploads\/2018\/11\/Submarine-Excursion-Hurghada.jpg?resize=600%2C480&ssl=1",600,480,true],"newspack-article-block-square-medium":["https:\/\/i0.wp.com\/landioustravel.com\/wp-content\/uploads\/2018\/11\/Submarine-Excursion-Hurghada.jpg?resize=720%2C480&ssl=1",720,480,true],"newspack-article-block-landscape-intermediate":["https:\/\/i0.wp.com\/landioustravel.com\/wp-content\/uploads\/2018\/11\/Submarine-Excursion-Hurghada.jpg?resize=600%2C450&ssl=1",600,450,true],"newspack-article-block-portrait-intermediate":["https:\/\/i0.wp.com\/landioustravel.com\/wp-content\/uploads\/2018\/11\/Submarine-Excursion-Hurghada.jpg?resize=450%2C480&ssl=1",450,480,true],"newspack-article-block-square-intermediate":["https:\/\/i0.wp.com\/landioustravel.com\/wp-content\/uploads\/2018\/11\/Submarine-Excursion-Hurghada.jpg?resize=600%2C480&ssl=1",600,480,true],"newspack-article-block-landscape-small":["https:\/\/i0.wp.com\/landioustravel.com\/wp-content\/uploads\/2018\/11\/Submarine-Excursion-Hurghada.jpg?resize=400%2C300&ssl=1",400,300,true],"newspack-article-block-portrait-small":["https:\/\/i0.wp.com\/landioustravel.com\/wp-content\/uploads\/2018\/11\/Submarine-Excursion-Hurghada.jpg?resize=300%2C400&ssl=1",300,400,true],"newspack-article-block-square-small":["https:\/\/i0.wp.com\/landioustravel.com\/wp-content\/uploads\/2018\/11\/Submarine-Excursion-Hurghada.jpg?resize=400%2C400&ssl=1",400,400,true],"newspack-article-block-landscape-tiny":["https:\/\/i0.wp.com\/landioustravel.com\/wp-content\/uploads\/2018\/11\/Submarine-Excursion-Hurghada.jpg?resize=200%2C150&ssl=1",200,150,true],"newspack-article-block-portrait-tiny":["https:\/\/i0.wp.com\/landioustravel.com\/wp-content\/uploads\/2018\/11\/Submarine-Excursion-Hurghada.jpg?resize=150%2C200&ssl=1",150,200,true],"newspack-article-block-square-tiny":["https:\/\/i0.wp.com\/landioustravel.com\/wp-content\/uploads\/2018\/11\/Submarine-Excursion-Hurghada.jpg?resize=200%2C200&ssl=1",200,200,true],"newspack-article-block-uncropped":["https:\/\/i0.wp.com\/landioustravel.com\/wp-content\/uploads\/2018\/11\/Submarine-Excursion-Hurghada.jpg?fit=720%2C480&ssl=1",720,480,true],"woocommerce_thumbnail":["https:\/\/i0.wp.com\/landioustravel.com\/wp-content\/uploads\/2018\/11\/Submarine-Excursion-Hurghada.jpg?resize=324%2C324&ssl=1",324,324,true],"woocommerce_single":["https:\/\/i0.wp.com\/landioustravel.com\/wp-content\/uploads\/2018\/11\/Submarine-Excursion-Hurghada.jpg?fit=416%2C277&ssl=1",416,277,true],"woocommerce_gallery_thumbnail":["https:\/\/i0.wp.com\/landioustravel.com\/wp-content\/uploads\/2018\/11\/Submarine-Excursion-Hurghada.jpg?resize=100%2C100&ssl=1",100,100,true]},"uagb_author_info":{"display_name":"Mofreh Landious","author_link":"https:\/\/landioustravel.com\/sv\/author\/"},"uagb_comment_info":3,"uagb_excerpt":"G\u00f6r dig redo f\u00f6r ett otroligt \u00e4ventyr p\u00e5 Sindbads ub\u00e5t i Hurghada! Du kommer att resa genom det glittrande R\u00f6da havet och bli f\u00f6rv\u00e5nad \u00f6ver de fantastiska reven och livfulla fiskarna p\u00e5 ett djup av 25 meter. Du kommer att h\u00e5lla dig torr och bekv\u00e4m hela tiden! Och den b\u00e4sta delen? N\u00e4r du g\u00e5r ner&hellip;","jetpack_sharing_enabled":true,"jetpack_likes_enabled":true,"amp_enabled":true,"_links":{"self":[{"href":"https:\/\/landioustravel.com\/sv\/wp-json\/wp\/v2\/product\/26752","targetHints":{"allow":["GET"]}}],"collection":[{"href":"https:\/\/landioustravel.com\/sv\/wp-json\/wp\/v2\/product"}],"about":[{"href":"https:\/\/landioustravel.com\/sv\/wp-json\/wp\/v2\/types\/product"}],"replies":[{"embeddable":true,"href":"https:\/\/landioustravel.com\/sv\/wp-json\/wp\/v2\/comments?post=26752"}],"wp:featuredmedia":[{"embeddable":true,"href":"https:\/\/landioustravel.com\/sv\/wp-json\/wp\/v2\/media\/119520"}],"wp:attachment":[{"href":"https:\/\/landioustravel.com\/sv\/wp-json\/wp\/v2\/media?parent=26752"}],"wp:term":[{"taxonomy":"product_brand","embeddable":true,"href":"https:\/\/landioustravel.com\/sv\/wp-json\/wp\/v2\/product_brand?post=26752"},{"taxonomy":"product_cat","embeddable":true,"href":"https:\/\/landioustravel.com\/sv\/wp-json\/wp\/v2\/product_cat?post=26752"},{"taxonomy":"product_tag","embeddable":true,"href":"https:\/\/landioustravel.com\/sv\/wp-json\/wp\/v2\/product_tag?post=26752"}],"curies":[{"name":"wp","href":"https:\/\/api.w.org\/{rel}","templated":true}]}}