{"id":26761,"date":"2018-12-16T17:22:22","date_gmt":"2020-12-28T02:13:54","guid":{"rendered":"https:\/\/landioustravel.com\/?post_type=product&#038;p=26761"},"modified":"2024-09-26T18:53:27","modified_gmt":"2024-09-26T15:53:27","slug":"tiran-snorklingutflykt-sharm-sheikh","status":"publish","type":"product","link":"https:\/\/landioustravel.com\/sv\/shop\/tiran-snorklingutflykt-sharm-sheikh\/","title":{"rendered":"Tiran snorklingutflykt fr\u00e5n Sharm El Sheikh"},"content":{"rendered":"<p>Det \u00e4r en underbar b\u00e5ttur till Tiran National Park i Sharm El Sheikh, Egypten! Vi rekommenderar resan eftersom det g\u00f6r det m\u00f6jligt f\u00f6r turister att ha det bra vid havet! Resan ger dig m\u00f6jlighet att se de vackra korallerna och en m\u00e4ngd olika fiskar med hj\u00e4lp av masker och flipper. Mer kan du njuta av en havspiknik genom R\u00f6da havet p\u00e5 en av de mest k\u00e4nda platserna i Sharm El-Sheikh.<\/p>\n<h2>Huvudpunkterna i utflyktsprogrammet till Tiran<\/h2>\n<ul>\n<li>Simning i \u00f6ppet hav fr\u00e5n b\u00e5ten<\/li>\n<li>Snorkling med masker och simf\u00f6tter<\/li>\n<li>Dessutom lunch p\u00e5 b\u00e5ten<\/li>\n<\/ul>\n<h3>Program f\u00f6r snorklingstur till det skyddade omr\u00e5det Tiran i Sharm El-Sheikh<\/h3>\n<ul>\n<li>Landious Travel-representant h\u00e4mtar dig fr\u00e5n hotellet, i Sharm El-Sheikh, klockan 08:00<\/li>\n<li>Efter att ha h\u00e4mtat alla bes\u00f6kare g\u00e5r bussen till hamnen. V\u00e4gen till hamnen tar cirka 20 minuter<\/li>\n<li>Du hittar din b\u00e5t i hamnen. Det \u00e4r stort och elegant! B\u00e5ten best\u00e5r av tv\u00e5 v\u00e5ningar. N\u00e4r du v\u00e4l har kommit in i b\u00e5ten \u00e4r det n\u00f6dv\u00e4ndigt att ta av dig skodonet och stiga p\u00e5 andra v\u00e5ningen och sola i det \u00f6vre sold\u00e4cket<\/li>\n<li>B\u00e5ten g\u00e5r vidare genom R\u00f6da havet n\u00e4r hela gruppen samlas. Efter\u00e5t ,, p\u00e5 en vacker korallplats, stoppar du i \u00f6ppet hav n\u00e4ra \u00f6n Tiran. D\u00e4r kan du simma och snorkla direkt med masker och simf\u00f6tter fr\u00e5n b\u00e5ten<\/li>\n<li>Efter ett s\u00e5dant stopp b\u00f6rjar din lunch. Under lunchen samlas gruppen p\u00e5 f\u00f6rsta v\u00e5ningen runt den \u00f6ppna buff\u00e9n.<\/li>\n<li>B\u00e5ten g\u00e5r vidare och p\u00e5 ett annat st\u00e4lle stannar den f\u00f6r att l\u00e5ta dig upprepa simning med masker och flipper.<\/li>\n<li>N\u00e4r du har avslutat ditt sp\u00e4nnande havs\u00e4ventyr b\u00f6rjar en bild- och DVD-briefing. I slutet av snorklingsturen och roligt till sj\u00f6ss kommer din tr\u00e4nare att erbjuda dig att ta n\u00e5gra bilder f\u00f6r att memorera dessa h\u00e4rliga stunder. Efter\u00e5t, dessa bilder till dig mot extra kostnad. Priset p\u00e5 det varierar beroende p\u00e5 dess storlek. Det kommer att vara n\u00e5got valfritt att ha det. DVD-briefingen p\u00e5g\u00e5r i 30 minuter<\/li>\n<li>Slutligen eskorterar vi dig tillbaka till dina hotell efter en s\u00e5dan h\u00e4rlig snorklingstur i Tiran National Park<\/li>\n<li>Denna &#8221;snorklingsutflykt i Tiran fr\u00e5n Sharm el Sheikh&#8221; slutar ungef\u00e4r 18:30<\/li>\n<\/ul>\n<h4>Vad ing\u00e5r i resepriset<\/h4>\n<ul>\n<li>Mat drinkar<\/li>\n<li>\u00d6verf\u00f6r ocks\u00e5 till hamnen och tillbaka till hotellet<\/li>\n<\/ul>\n<h5>Vad ing\u00e5r inte i resans pris<\/h5>\n<ul>\n<li>Snorklingsutrustning<\/li>\n<li>Video DVD<\/li>\n<li>\u00c4ven foto-CD<\/li>\n<\/ul>\n<h6>Vad du ska ta med dig f\u00f6r resan<\/h6>\n<ul>\n<li>Handduk<\/li>\n<li>Solskydd<\/li>\n<li>Ocks\u00e5 snorklingsutrustning<\/li>\n<\/ul>\n<h6>Dagar med utflyktsorganisation<\/h6>\n<ul>\n<li>Dagligen fr\u00e5n kl. 08.00 till 17.00<\/li>\n<\/ul>\n","protected":false},"excerpt":{"rendered":"<p>Upplev R\u00f6da havets underverk med en lugn b\u00e5ttur till Tiran Island National Park i Sharm El-Sheikh. Denna park \u00e4r k\u00e4nd f\u00f6r sitt vackra undervattensliv, inklusive fantastiska korallrev och fiskar. Med m\u00f6jlighet att simma och snorkla med masker och simf\u00f6tter i \u00f6ppet hav kommer b\u00e5ten att ankra tv\u00e5 g\u00e5nger p\u00e5 olika platser i nationalparken. Du kommer ocks\u00e5 att bjudas p\u00e5 en uts\u00f6kt lunch ombord.<\/p>\n<p>Vi f\u00f6rst\u00e5r att din s\u00e4kerhet \u00e4r av yttersta vikt. Det \u00e4r d\u00e4rf\u00f6r v\u00e5ra professionella guider ger en introduktion till de olika fiskarna du kan st\u00f6ta p\u00e5, inklusive de som kan vara farliga. Vi vill att du ska f\u00e5 en bekymmersfri upplevelse n\u00e4r du f\u00f6rdjupar dig i undervattens\u00e4ventyret med simning, snorkling och till och med dykning.<\/p>\n<p>V\u00e5rt team h\u00e4mtar dig fr\u00e5n ditt hotell runt 8:00 och tar dig till hamnen, d\u00e4r du kan hyra snorkelutrustning fr\u00e5n v\u00e5rt dykcenter. Om du har tur kan du till och med se n\u00e5gra delfiner. N\u00e4r du v\u00e4l \u00e4r ombord p\u00e5 b\u00e5ten kan du koppla av och njuta av den natursk\u00f6na utsikten p\u00e5 v\u00e4gen till Tiran Island.<\/p>\n<p>Vi vill att du ska f\u00e5 den b\u00e4sta m\u00f6jliga upplevelsen, det \u00e4r d\u00e4rf\u00f6r vi tillhandah\u00e5ller transportm\u00f6jligheter i en luftkonditionerad minivan, samt snorklingsutrustning som masker, fenor och flytv\u00e4star. Efter en hel dag av utforskning och \u00e4ventyr, seglar vi tillbaka till bryggan vid Sharm El Sheikh och sl\u00e4pper av dig p\u00e5 ditt hotell.<\/p>\n<p>V\u00e5rt m\u00e5l \u00e4r att g\u00f6ra din resa till Tiran Island of\u00f6rgl\u00f6mlig, med ett medk\u00e4nnande och sympatiskt f\u00f6rh\u00e5llningss\u00e4tt f\u00f6r att s\u00e4kerst\u00e4lla din komfort och s\u00e4kerhet under hela resan. Boka din snorklingsb\u00e5ttur idag och upplev R\u00f6da havets sk\u00f6nhet som aldrig f\u00f6rr.<\/p>\n","protected":false},"featured_media":99882,"comment_status":"open","ping_status":"closed","template":"","meta":{"_coblocks_attr":"","_coblocks_dimensions":"","_coblocks_responsive_height":"","_coblocks_accordion_ie_support":"","_uag_custom_page_level_css":"","jetpack_publicize_message":"","jetpack_publicize_feature_enabled":true,"jetpack_social_post_already_shared":true,"jetpack_social_options":{"image_generator_settings":{"template":"highway","default_image_id":0,"font":"","enabled":false},"version":2},"_wpas_customize_per_network":false},"product_brand":[],"product_cat":[18880,18882],"product_tag":[19009,19022,19026,19023,19029,18998],"class_list":{"0":"post-26761","1":"product","2":"type-product","3":"status-publish","4":"has-post-thumbnail","6":"product_cat-sharm-sheikh-utflykter","7":"product_cat-sjoturer-sharm-sheikh","8":"product_tag-o","9":"product_tag-havet","10":"product_tag-sharm-sheikh-sv","11":"product_tag-sjoturer","12":"product_tag-snorkling-sv","13":"product_tag-utflykt","14":"pa_age-barn-1-4-ar","15":"pa_age-barn-5-11-ar","16":"pa_age-vuxen","18":"first","19":"instock","20":"sale","21":"purchasable","22":"product-type-variable"},"yoast_head":"<!-- This site is optimized with the Yoast SEO Premium plugin v26.9 (Yoast SEO v27.4) - https:\/\/yoast.com\/product\/yoast-seo-premium-wordpress\/ -->\n<title>Tiran snorklingutflykt fr\u00e5n Sharm El Sheikh<\/title>\n<meta name=\"description\" content=\"Tiran snorklingutflykt fr\u00e5n Sharm El Sheikh En underbar snorkling b\u00e5ttur n\u00e4ra Tiran Island! Resan g\u00e5r till nationalparken Tiran, d\u00e4r det finns de vackraste\" \/>\n<meta name=\"robots\" content=\"index, follow, max-snippet:-1, max-image-preview:large, max-video-preview:-1\" \/>\n<link rel=\"canonical\" href=\"https:\/\/landioustravel.com\/sv\/shop\/tiran-snorklingutflykt-sharm-sheikh\/\" \/>\n<meta property=\"og:locale\" content=\"sv_SE\" \/>\n<meta property=\"og:type\" content=\"article\" \/>\n<meta property=\"og:title\" content=\"Tiran snorklingutflykt fr\u00e5n Sharm El Sheikh\" \/>\n<meta property=\"og:description\" content=\"Landious Travel\" \/>\n<meta property=\"og:url\" content=\"https:\/\/landioustravel.com\/sv\/shop\/tiran-snorklingutflykt-sharm-sheikh\/\" \/>\n<meta property=\"og:site_name\" content=\"Landious Travel\" \/>\n<meta property=\"article:publisher\" content=\"https:\/\/web.facebook.com\/landiousEgypt\" \/>\n<meta property=\"article:modified_time\" content=\"2024-09-26T15:53:27+00:00\" \/>\n<meta property=\"og:image\" content=\"https:\/\/i0.wp.com\/landioustravel.com\/wp-content\/uploads\/2018\/12\/Tiran-Snorkelling-Excursion-Sharm-El-Sheikh-e1669412145583.jpg?fit=1200%2C675&ssl=1\" \/>\n\t<meta property=\"og:image:width\" content=\"1200\" \/>\n\t<meta property=\"og:image:height\" content=\"675\" \/>\n\t<meta property=\"og:image:type\" content=\"image\/jpeg\" \/>\n<meta name=\"twitter:card\" content=\"summary_large_image\" \/>\n<meta name=\"twitter:site\" content=\"@LandiousTours\" \/>\n<meta name=\"twitter:label1\" content=\"Ber\u00e4knad l\u00e4stid\" \/>\n\t<meta name=\"twitter:data1\" content=\"2 minuter\" \/>\n<script type=\"application\/ld+json\" class=\"yoast-schema-graph\">{\"@context\":\"https:\\\/\\\/schema.org\",\"@graph\":[{\"@type\":\"WebPage\",\"@id\":\"https:\\\/\\\/landioustravel.com\\\/sv\\\/shop\\\/tiran-snorklingutflykt-sharm-sheikh\\\/\",\"url\":\"https:\\\/\\\/landioustravel.com\\\/sv\\\/shop\\\/tiran-snorklingutflykt-sharm-sheikh\\\/\",\"name\":\"Tiran snorklingutflykt fr\u00e5n Sharm El Sheikh\",\"isPartOf\":{\"@id\":\"https:\\\/\\\/landioustravel.com\\\/sv\\\/#website\"},\"primaryImageOfPage\":{\"@id\":\"https:\\\/\\\/landioustravel.com\\\/sv\\\/shop\\\/tiran-snorklingutflykt-sharm-sheikh\\\/#primaryimage\"},\"image\":{\"@id\":\"https:\\\/\\\/landioustravel.com\\\/sv\\\/shop\\\/tiran-snorklingutflykt-sharm-sheikh\\\/#primaryimage\"},\"thumbnailUrl\":\"https:\\\/\\\/i0.wp.com\\\/landioustravel.com\\\/wp-content\\\/uploads\\\/2018\\\/12\\\/Tiran-Snorkelling-Excursion-Sharm-El-Sheikh-e1669412145583.jpg?fit=1200%2C675&ssl=1\",\"datePublished\":\"2020-12-28T02:13:54+00:00\",\"dateModified\":\"2024-09-26T15:53:27+00:00\",\"description\":\"Tiran snorklingutflykt fr\u00e5n Sharm El Sheikh En underbar snorkling b\u00e5ttur n\u00e4ra Tiran Island! Resan g\u00e5r till nationalparken Tiran, d\u00e4r det finns de vackraste\",\"breadcrumb\":{\"@id\":\"https:\\\/\\\/landioustravel.com\\\/sv\\\/shop\\\/tiran-snorklingutflykt-sharm-sheikh\\\/#breadcrumb\"},\"inLanguage\":\"sv-SE\",\"potentialAction\":[{\"@type\":\"ReadAction\",\"target\":[\"https:\\\/\\\/landioustravel.com\\\/sv\\\/shop\\\/tiran-snorklingutflykt-sharm-sheikh\\\/\"]}]},{\"@type\":\"ImageObject\",\"inLanguage\":\"sv-SE\",\"@id\":\"https:\\\/\\\/landioustravel.com\\\/sv\\\/shop\\\/tiran-snorklingutflykt-sharm-sheikh\\\/#primaryimage\",\"url\":\"https:\\\/\\\/i0.wp.com\\\/landioustravel.com\\\/wp-content\\\/uploads\\\/2018\\\/12\\\/Tiran-Snorkelling-Excursion-Sharm-El-Sheikh-e1669412145583.jpg?fit=1200%2C675&ssl=1\",\"contentUrl\":\"https:\\\/\\\/i0.wp.com\\\/landioustravel.com\\\/wp-content\\\/uploads\\\/2018\\\/12\\\/Tiran-Snorkelling-Excursion-Sharm-El-Sheikh-e1669412145583.jpg?fit=1200%2C675&ssl=1\",\"width\":1200,\"height\":675,\"caption\":\"Tiran Snorkelling Excursion Sharm El Sheikh\"},{\"@type\":\"BreadcrumbList\",\"@id\":\"https:\\\/\\\/landioustravel.com\\\/sv\\\/shop\\\/tiran-snorklingutflykt-sharm-sheikh\\\/#breadcrumb\",\"itemListElement\":[{\"@type\":\"ListItem\",\"position\":1,\"name\":\"Home\",\"item\":\"https:\\\/\\\/landioustravel.com\\\/sv\\\/\"},{\"@type\":\"ListItem\",\"position\":2,\"name\":\"Tj\u00e4nster &#038; turer\",\"item\":\"https:\\\/\\\/landioustravel.com\\\/sv\\\/\"},{\"@type\":\"ListItem\",\"position\":3,\"name\":\"Tiran snorklingutflykt fr\u00e5n Sharm El Sheikh\"}]},{\"@type\":\"WebSite\",\"@id\":\"https:\\\/\\\/landioustravel.com\\\/sv\\\/#website\",\"url\":\"https:\\\/\\\/landioustravel.com\\\/sv\\\/\",\"name\":\"Landious Travel\",\"description\":\"Excursions, trips and cruises in Egypt\",\"publisher\":{\"@id\":\"https:\\\/\\\/landioustravel.com\\\/sv\\\/#organization\"},\"potentialAction\":[{\"@type\":\"SearchAction\",\"target\":{\"@type\":\"EntryPoint\",\"urlTemplate\":\"https:\\\/\\\/landioustravel.com\\\/sv\\\/?s={search_term_string}\"},\"query-input\":{\"@type\":\"PropertyValueSpecification\",\"valueRequired\":true,\"valueName\":\"search_term_string\"}}],\"inLanguage\":\"sv-SE\"},{\"@type\":[\"Organization\",\"Place\"],\"@id\":\"https:\\\/\\\/landioustravel.com\\\/sv\\\/#organization\",\"name\":\"Landious Travel\",\"alternateName\":\"Landious Travel\",\"url\":\"https:\\\/\\\/landioustravel.com\\\/sv\\\/\",\"logo\":{\"@id\":\"https:\\\/\\\/landioustravel.com\\\/sv\\\/shop\\\/tiran-snorklingutflykt-sharm-sheikh\\\/#local-main-organization-logo\"},\"image\":{\"@id\":\"https:\\\/\\\/landioustravel.com\\\/sv\\\/shop\\\/tiran-snorklingutflykt-sharm-sheikh\\\/#local-main-organization-logo\"},\"sameAs\":[\"https:\\\/\\\/web.facebook.com\\\/landiousEgypt\",\"https:\\\/\\\/x.com\\\/LandiousTours\",\"https:\\\/\\\/mastodon.social\\\/@landious\"],\"legalName\":\"Landious Travel\",\"telephone\":[],\"openingHoursSpecification\":[{\"@type\":\"OpeningHoursSpecification\",\"dayOfWeek\":[\"Monday\",\"Tuesday\",\"Wednesday\",\"Thursday\",\"Friday\",\"Saturday\",\"Sunday\"],\"opens\":\"09:00\",\"closes\":\"17:00\"}]},{\"@type\":\"ImageObject\",\"inLanguage\":\"sv-SE\",\"@id\":\"https:\\\/\\\/landioustravel.com\\\/sv\\\/shop\\\/tiran-snorklingutflykt-sharm-sheikh\\\/#local-main-organization-logo\",\"url\":\"https:\\\/\\\/i0.wp.com\\\/landioustravel.com\\\/wp-content\\\/uploads\\\/2021\\\/06\\\/Landious-T.png?fit=500%2C500&ssl=1\",\"contentUrl\":\"https:\\\/\\\/i0.wp.com\\\/landioustravel.com\\\/wp-content\\\/uploads\\\/2021\\\/06\\\/Landious-T.png?fit=500%2C500&ssl=1\",\"width\":500,\"height\":500,\"caption\":\"Landious Travel\"}]}<\/script>\n<!-- \/ Yoast SEO Premium plugin. -->","yoast_head_json":{"title":"Tiran snorklingutflykt fr\u00e5n Sharm El Sheikh","description":"Tiran snorklingutflykt fr\u00e5n Sharm El Sheikh En underbar snorkling b\u00e5ttur n\u00e4ra Tiran Island! Resan g\u00e5r till nationalparken Tiran, d\u00e4r det finns de vackraste","robots":{"index":"index","follow":"follow","max-snippet":"max-snippet:-1","max-image-preview":"max-image-preview:large","max-video-preview":"max-video-preview:-1"},"canonical":"https:\/\/landioustravel.com\/sv\/shop\/tiran-snorklingutflykt-sharm-sheikh\/","og_locale":"sv_SE","og_type":"article","og_title":"Tiran snorklingutflykt fr\u00e5n Sharm El Sheikh","og_description":"Landious Travel","og_url":"https:\/\/landioustravel.com\/sv\/shop\/tiran-snorklingutflykt-sharm-sheikh\/","og_site_name":"Landious Travel","article_publisher":"https:\/\/web.facebook.com\/landiousEgypt","article_modified_time":"2024-09-26T15:53:27+00:00","og_image":[{"width":1200,"height":675,"url":"https:\/\/i0.wp.com\/landioustravel.com\/wp-content\/uploads\/2018\/12\/Tiran-Snorkelling-Excursion-Sharm-El-Sheikh-e1669412145583.jpg?fit=1200%2C675&ssl=1","type":"image\/jpeg"}],"twitter_card":"summary_large_image","twitter_site":"@LandiousTours","twitter_misc":{"Ber\u00e4knad l\u00e4stid":"2 minuter"},"schema":{"@context":"https:\/\/schema.org","@graph":[{"@type":"WebPage","@id":"https:\/\/landioustravel.com\/sv\/shop\/tiran-snorklingutflykt-sharm-sheikh\/","url":"https:\/\/landioustravel.com\/sv\/shop\/tiran-snorklingutflykt-sharm-sheikh\/","name":"Tiran snorklingutflykt fr\u00e5n Sharm El Sheikh","isPartOf":{"@id":"https:\/\/landioustravel.com\/sv\/#website"},"primaryImageOfPage":{"@id":"https:\/\/landioustravel.com\/sv\/shop\/tiran-snorklingutflykt-sharm-sheikh\/#primaryimage"},"image":{"@id":"https:\/\/landioustravel.com\/sv\/shop\/tiran-snorklingutflykt-sharm-sheikh\/#primaryimage"},"thumbnailUrl":"https:\/\/i0.wp.com\/landioustravel.com\/wp-content\/uploads\/2018\/12\/Tiran-Snorkelling-Excursion-Sharm-El-Sheikh-e1669412145583.jpg?fit=1200%2C675&ssl=1","datePublished":"2020-12-28T02:13:54+00:00","dateModified":"2024-09-26T15:53:27+00:00","description":"Tiran snorklingutflykt fr\u00e5n Sharm El Sheikh En underbar snorkling b\u00e5ttur n\u00e4ra Tiran Island! Resan g\u00e5r till nationalparken Tiran, d\u00e4r det finns de vackraste","breadcrumb":{"@id":"https:\/\/landioustravel.com\/sv\/shop\/tiran-snorklingutflykt-sharm-sheikh\/#breadcrumb"},"inLanguage":"sv-SE","potentialAction":[{"@type":"ReadAction","target":["https:\/\/landioustravel.com\/sv\/shop\/tiran-snorklingutflykt-sharm-sheikh\/"]}]},{"@type":"ImageObject","inLanguage":"sv-SE","@id":"https:\/\/landioustravel.com\/sv\/shop\/tiran-snorklingutflykt-sharm-sheikh\/#primaryimage","url":"https:\/\/i0.wp.com\/landioustravel.com\/wp-content\/uploads\/2018\/12\/Tiran-Snorkelling-Excursion-Sharm-El-Sheikh-e1669412145583.jpg?fit=1200%2C675&ssl=1","contentUrl":"https:\/\/i0.wp.com\/landioustravel.com\/wp-content\/uploads\/2018\/12\/Tiran-Snorkelling-Excursion-Sharm-El-Sheikh-e1669412145583.jpg?fit=1200%2C675&ssl=1","width":1200,"height":675,"caption":"Tiran Snorkelling Excursion Sharm El Sheikh"},{"@type":"BreadcrumbList","@id":"https:\/\/landioustravel.com\/sv\/shop\/tiran-snorklingutflykt-sharm-sheikh\/#breadcrumb","itemListElement":[{"@type":"ListItem","position":1,"name":"Home","item":"https:\/\/landioustravel.com\/sv\/"},{"@type":"ListItem","position":2,"name":"Tj\u00e4nster &#038; turer","item":"https:\/\/landioustravel.com\/sv\/"},{"@type":"ListItem","position":3,"name":"Tiran snorklingutflykt fr\u00e5n Sharm El Sheikh"}]},{"@type":"WebSite","@id":"https:\/\/landioustravel.com\/sv\/#website","url":"https:\/\/landioustravel.com\/sv\/","name":"Landious Travel","description":"Excursions, trips and cruises in Egypt","publisher":{"@id":"https:\/\/landioustravel.com\/sv\/#organization"},"potentialAction":[{"@type":"SearchAction","target":{"@type":"EntryPoint","urlTemplate":"https:\/\/landioustravel.com\/sv\/?s={search_term_string}"},"query-input":{"@type":"PropertyValueSpecification","valueRequired":true,"valueName":"search_term_string"}}],"inLanguage":"sv-SE"},{"@type":["Organization","Place"],"@id":"https:\/\/landioustravel.com\/sv\/#organization","name":"Landious Travel","alternateName":"Landious Travel","url":"https:\/\/landioustravel.com\/sv\/","logo":{"@id":"https:\/\/landioustravel.com\/sv\/shop\/tiran-snorklingutflykt-sharm-sheikh\/#local-main-organization-logo"},"image":{"@id":"https:\/\/landioustravel.com\/sv\/shop\/tiran-snorklingutflykt-sharm-sheikh\/#local-main-organization-logo"},"sameAs":["https:\/\/web.facebook.com\/landiousEgypt","https:\/\/x.com\/LandiousTours","https:\/\/mastodon.social\/@landious"],"legalName":"Landious Travel","telephone":[],"openingHoursSpecification":[{"@type":"OpeningHoursSpecification","dayOfWeek":["Monday","Tuesday","Wednesday","Thursday","Friday","Saturday","Sunday"],"opens":"09:00","closes":"17:00"}]},{"@type":"ImageObject","inLanguage":"sv-SE","@id":"https:\/\/landioustravel.com\/sv\/shop\/tiran-snorklingutflykt-sharm-sheikh\/#local-main-organization-logo","url":"https:\/\/i0.wp.com\/landioustravel.com\/wp-content\/uploads\/2021\/06\/Landious-T.png?fit=500%2C500&ssl=1","contentUrl":"https:\/\/i0.wp.com\/landioustravel.com\/wp-content\/uploads\/2021\/06\/Landious-T.png?fit=500%2C500&ssl=1","width":500,"height":500,"caption":"Landious Travel"}]}},"jetpack_publicize_connections":[],"uagb_featured_image_src":{"full":["https:\/\/i0.wp.com\/landioustravel.com\/wp-content\/uploads\/2018\/12\/Tiran-Snorkelling-Excursion-Sharm-El-Sheikh-e1669412145583.jpg?fit=1200%2C675&ssl=1",1200,675,false],"thumbnail":["https:\/\/i0.wp.com\/landioustravel.com\/wp-content\/uploads\/2018\/12\/Tiran-Snorkelling-Excursion-Sharm-El-Sheikh-e1669412145583.jpg?resize=150%2C150&ssl=1",150,150,true],"medium":["https:\/\/i0.wp.com\/landioustravel.com\/wp-content\/uploads\/2018\/12\/Tiran-Snorkelling-Excursion-Sharm-El-Sheikh-e1669412145583.jpg?fit=300%2C169&ssl=1",300,169,true],"medium_large":["https:\/\/i0.wp.com\/landioustravel.com\/wp-content\/uploads\/2018\/12\/Tiran-Snorkelling-Excursion-Sharm-El-Sheikh-e1669412145583.jpg?fit=768%2C432&ssl=1",768,432,true],"large":["https:\/\/i0.wp.com\/landioustravel.com\/wp-content\/uploads\/2018\/12\/Tiran-Snorkelling-Excursion-Sharm-El-Sheikh-e1669412145583.jpg?fit=980%2C551&ssl=1",980,551,true],"1536x1536":["https:\/\/i0.wp.com\/landioustravel.com\/wp-content\/uploads\/2018\/12\/Tiran-Snorkelling-Excursion-Sharm-El-Sheikh-e1669412145583.jpg?fit=1536%2C1152&ssl=1",1536,1152,true],"2048x2048":["https:\/\/i0.wp.com\/landioustravel.com\/wp-content\/uploads\/2018\/12\/Tiran-Snorkelling-Excursion-Sharm-El-Sheikh-e1669412145583.jpg?fit=1200%2C675&ssl=1",1200,675,true],"newspack-article-block-landscape-large":["https:\/\/i0.wp.com\/landioustravel.com\/wp-content\/uploads\/2018\/12\/Tiran-Snorkelling-Excursion-Sharm-El-Sheikh-e1669412145583.jpg?resize=1200%2C675&ssl=1",1200,675,true],"newspack-article-block-portrait-large":["https:\/\/i0.wp.com\/landioustravel.com\/wp-content\/uploads\/2018\/12\/Tiran-Snorkelling-Excursion-Sharm-El-Sheikh-e1669412145583.jpg?resize=900%2C675&ssl=1",900,675,true],"newspack-article-block-square-large":["https:\/\/i0.wp.com\/landioustravel.com\/wp-content\/uploads\/2018\/12\/Tiran-Snorkelling-Excursion-Sharm-El-Sheikh-e1669412145583.jpg?resize=1200%2C675&ssl=1",1200,675,true],"newspack-article-block-landscape-medium":["https:\/\/i0.wp.com\/landioustravel.com\/wp-content\/uploads\/2018\/12\/Tiran-Snorkelling-Excursion-Sharm-El-Sheikh-e1669412145583.jpg?resize=800%2C600&ssl=1",800,600,true],"newspack-article-block-portrait-medium":["https:\/\/i0.wp.com\/landioustravel.com\/wp-content\/uploads\/2018\/12\/Tiran-Snorkelling-Excursion-Sharm-El-Sheikh-e1669412145583.jpg?resize=600%2C675&ssl=1",600,675,true],"newspack-article-block-square-medium":["https:\/\/i0.wp.com\/landioustravel.com\/wp-content\/uploads\/2018\/12\/Tiran-Snorkelling-Excursion-Sharm-El-Sheikh-e1669412145583.jpg?resize=800%2C675&ssl=1",800,675,true],"newspack-article-block-landscape-intermediate":["https:\/\/i0.wp.com\/landioustravel.com\/wp-content\/uploads\/2018\/12\/Tiran-Snorkelling-Excursion-Sharm-El-Sheikh-e1669412145583.jpg?resize=600%2C450&ssl=1",600,450,true],"newspack-article-block-portrait-intermediate":["https:\/\/i0.wp.com\/landioustravel.com\/wp-content\/uploads\/2018\/12\/Tiran-Snorkelling-Excursion-Sharm-El-Sheikh-e1669412145583.jpg?resize=450%2C600&ssl=1",450,600,true],"newspack-article-block-square-intermediate":["https:\/\/i0.wp.com\/landioustravel.com\/wp-content\/uploads\/2018\/12\/Tiran-Snorkelling-Excursion-Sharm-El-Sheikh-e1669412145583.jpg?resize=600%2C600&ssl=1",600,600,true],"newspack-article-block-landscape-small":["https:\/\/i0.wp.com\/landioustravel.com\/wp-content\/uploads\/2018\/12\/Tiran-Snorkelling-Excursion-Sharm-El-Sheikh-e1669412145583.jpg?resize=400%2C300&ssl=1",400,300,true],"newspack-article-block-portrait-small":["https:\/\/i0.wp.com\/landioustravel.com\/wp-content\/uploads\/2018\/12\/Tiran-Snorkelling-Excursion-Sharm-El-Sheikh-e1669412145583.jpg?resize=300%2C400&ssl=1",300,400,true],"newspack-article-block-square-small":["https:\/\/i0.wp.com\/landioustravel.com\/wp-content\/uploads\/2018\/12\/Tiran-Snorkelling-Excursion-Sharm-El-Sheikh-e1669412145583.jpg?resize=400%2C400&ssl=1",400,400,true],"newspack-article-block-landscape-tiny":["https:\/\/i0.wp.com\/landioustravel.com\/wp-content\/uploads\/2018\/12\/Tiran-Snorkelling-Excursion-Sharm-El-Sheikh-e1669412145583.jpg?resize=200%2C150&ssl=1",200,150,true],"newspack-article-block-portrait-tiny":["https:\/\/i0.wp.com\/landioustravel.com\/wp-content\/uploads\/2018\/12\/Tiran-Snorkelling-Excursion-Sharm-El-Sheikh-e1669412145583.jpg?resize=150%2C200&ssl=1",150,200,true],"newspack-article-block-square-tiny":["https:\/\/i0.wp.com\/landioustravel.com\/wp-content\/uploads\/2018\/12\/Tiran-Snorkelling-Excursion-Sharm-El-Sheikh-e1669412145583.jpg?resize=200%2C200&ssl=1",200,200,true],"newspack-article-block-uncropped":["https:\/\/i0.wp.com\/landioustravel.com\/wp-content\/uploads\/2018\/12\/Tiran-Snorkelling-Excursion-Sharm-El-Sheikh-e1669412145583.jpg?fit=1200%2C675&ssl=1",1200,675,true],"woocommerce_thumbnail":["https:\/\/i0.wp.com\/landioustravel.com\/wp-content\/uploads\/2018\/12\/Tiran-Snorkelling-Excursion-Sharm-El-Sheikh-e1669412145583.jpg?resize=324%2C324&ssl=1",324,324,true],"woocommerce_single":["https:\/\/i0.wp.com\/landioustravel.com\/wp-content\/uploads\/2018\/12\/Tiran-Snorkelling-Excursion-Sharm-El-Sheikh-e1669412145583.jpg?fit=416%2C234&ssl=1",416,234,true],"woocommerce_gallery_thumbnail":["https:\/\/i0.wp.com\/landioustravel.com\/wp-content\/uploads\/2018\/12\/Tiran-Snorkelling-Excursion-Sharm-El-Sheikh-e1669412145583.jpg?resize=100%2C100&ssl=1",100,100,true]},"uagb_author_info":{"display_name":"Mofreh Landious","author_link":"https:\/\/landioustravel.com\/sv\/author\/"},"uagb_comment_info":2,"uagb_excerpt":"Upplev R\u00f6da havets underverk med en lugn b\u00e5ttur till Tiran Island National Park i Sharm El-Sheikh. Denna park \u00e4r k\u00e4nd f\u00f6r sitt vackra undervattensliv, inklusive fantastiska korallrev och fiskar. Med m\u00f6jlighet att simma och snorkla med masker och simf\u00f6tter i \u00f6ppet hav kommer b\u00e5ten att ankra tv\u00e5 g\u00e5nger p\u00e5 olika platser i nationalparken. Du kommer&hellip;","jetpack_sharing_enabled":true,"jetpack_likes_enabled":true,"amp_enabled":true,"_links":{"self":[{"href":"https:\/\/landioustravel.com\/sv\/wp-json\/wp\/v2\/product\/26761","targetHints":{"allow":["GET"]}}],"collection":[{"href":"https:\/\/landioustravel.com\/sv\/wp-json\/wp\/v2\/product"}],"about":[{"href":"https:\/\/landioustravel.com\/sv\/wp-json\/wp\/v2\/types\/product"}],"replies":[{"embeddable":true,"href":"https:\/\/landioustravel.com\/sv\/wp-json\/wp\/v2\/comments?post=26761"}],"wp:featuredmedia":[{"embeddable":true,"href":"https:\/\/landioustravel.com\/sv\/wp-json\/wp\/v2\/media\/99882"}],"wp:attachment":[{"href":"https:\/\/landioustravel.com\/sv\/wp-json\/wp\/v2\/media?parent=26761"}],"wp:term":[{"taxonomy":"product_brand","embeddable":true,"href":"https:\/\/landioustravel.com\/sv\/wp-json\/wp\/v2\/product_brand?post=26761"},{"taxonomy":"product_cat","embeddable":true,"href":"https:\/\/landioustravel.com\/sv\/wp-json\/wp\/v2\/product_cat?post=26761"},{"taxonomy":"product_tag","embeddable":true,"href":"https:\/\/landioustravel.com\/sv\/wp-json\/wp\/v2\/product_tag?post=26761"}],"curies":[{"name":"wp","href":"https:\/\/api.w.org\/{rel}","templated":true}]}}