{"id":26774,"date":"2018-12-12T16:16:09","date_gmt":"2020-12-28T02:39:02","guid":{"rendered":"https:\/\/landioustravel.com\/?post_type=product&#038;p=26774"},"modified":"2024-09-29T20:14:33","modified_gmt":"2024-09-29T17:14:33","slug":"utflyktsklattringsberg-moses-sharm","status":"publish","type":"product","link":"https:\/\/landioustravel.com\/sv\/shop\/utflyktsklattringsberg-moses-sharm\/","title":{"rendered":"Utflyktskl\u00e4ttringsberg av Moses fr\u00e5n Sharm El-Sheikh"},"content":{"rendered":"<p>Det \u00e4r en mycket andlig utflykt f\u00f6r att kl\u00e4ttra p\u00e5 berget Profeten Moses och bes\u00f6ka klostret St. Catherine fr\u00e5n semesterorten Sharm El-Sheikh, Egypten! Vi rekommenderar resan eftersom den l\u00e5ter dig se en av de mest imponerande sev\u00e4rdheterna p\u00e5 Sinaihalv\u00f6n! Sj\u00e4lvklart p\u00e5minner resan om profetens Moses v\u00e4g fr\u00e5n Delta Nilen till Sinaihalv\u00f6n! Det \u00e4r utan tvekan att bes\u00f6ka klostret St. Catherine ger dig mer andlig kraft och information om kristendomens historia i Egypten.<\/p>\n<h2>Huvudpunkterna i utflyktsprogrammet till Moses berg<\/h2>\n<ul>\n<li>Kl\u00e4ttring av berget av profeten Moses<\/li>\n<li>Frukost<\/li>\n<li>Bes\u00f6ker ocks\u00e5 St. Catherine-klostret p\u00e5 Sinaihalv\u00f6n<\/li>\n<\/ul>\n<h3>Program f\u00f6r utflykten till berget Moses fr\u00e5n Sharm El Sheikh<\/h3>\n<ul>\n<li>Landious Travel-representant h\u00e4mtar dig fr\u00e5n ditt hotell i Sharm El-Sheikh, cirka kl. 20.00<\/li>\n<li>Efter att ha h\u00e4mtat alla \u00e5ker bussen i riktning mot St. Catherine-klostret och k\u00f6r l\u00e4ngs kustst\u00e4derna Dahab och Nuweiba. Alla dessa st\u00e4der finns norr om Sharm El Sheikh, p\u00e5 R\u00f6da havets \u00f6stra kust. V\u00e4gen, fr\u00e5n centrum av Sharm El Sheikh till klostret, tar ungef\u00e4r 3 timmar.<\/li>\n<\/ul>\n<h4>Program p\u00e5 Moses berg<\/h4>\n<ul>\n<li>N\u00e4r du anl\u00e4nder till St. Catherine-klostret b\u00f6rjar du kl\u00e4ttra upp p\u00e5 Moses berg med din guide<\/li>\n<li>P\u00e5 v\u00e4gen till toppen av berget g\u00f6r du en paus tv\u00e5 g\u00e5nger eller mer.<\/li>\n<li>N\u00e4r du n\u00e5r toppen av Moses berg m\u00e5ste du v\u00e4nta p\u00e5 solens gryning. Under gryningen stiger solen underbart framf\u00f6r dina \u00f6gon. Efter en s\u00e5dan panoramautsikt \u00f6ver Sinai-bergen b\u00f6rjar du g\u00e5 ner till klostret St. Catherine<\/li>\n<li>D\u00e4refter \u00e4ter du frukost<\/li>\n<\/ul>\n<h4>Program i klostret St. Catherine<\/h4>\n<ul>\n<li>Efter frukost b\u00f6rjar programmet med ett bes\u00f6k i St. Catherine kloster. Din guide kommer att ha en uppgift att visa alla klostrets viktigaste helgedomar och ger ledig tid att ta bilder.<\/li>\n<li>I klostret kommer du att se relikvierna fr\u00e5n St. Catherine, Bush of the Burning Bush, kyrkog\u00e5rden och krypten under St. Trifonabs kapell, de \u00e4ldsta mosaikerna, ikonerna och det ber\u00f6mda Sinai-biblioteket<\/li>\n<li>Efter att ha bes\u00f6kt St. Catherine-klostret vid foten av profeten Mose kommer du tillbaka till Sharm El Sheikh<\/li>\n<li>Detta \u201cUtflyktskl\u00e4ttringsberg av Moses fr\u00e5n Sharm El-Sheikh\u201d slutar ungef\u00e4r 15:00 andra dagen<\/li>\n<\/ul>\n<h4>Vad ing\u00e5r i turn\u00e9priset<\/h4>\n<ul>\n<li>Frukost<\/li>\n<li>Guide<\/li>\n<li>\u00d6verf\u00f6r ocks\u00e5 till klostret och tillbaka till ditt hotell<\/li>\n<\/ul>\n<h5>Vad ing\u00e5r inte i priset f\u00f6r turn\u00e9n<\/h5>\n<ul>\n<li>Ytterligare utflyktsprogram<\/li>\n<\/ul>\n<h6>Vad du ska ta med dig f\u00f6r resan<\/h6>\n<ul>\n<li>Frukostl\u00e5da<\/li>\n<li>Pass<\/li>\n<li>Ocks\u00e5 kl\u00e4der f\u00f6r s\u00e4songen<\/li>\n<\/ul>\n<h6>Dagar med utflyktsorganisation<\/h6>\n<ul>\n<li>S\u00f6ndagar fr\u00e5n 20.00 &#8211; 15.00 andra dagen<\/li>\n<li>Onsdagar fr\u00e5n 20.00 &#8211; 15.00 andra dagen<\/li>\n<li>L\u00f6rdagar fr\u00e5n 20.00 &#8211; 15.00 andra dagen<\/li>\n<\/ul>\n","protected":false},"excerpt":{"rendered":"<p>V\u00e5r v\u00e4rld \u00e4r full av unika platser och sev\u00e4rdheter som ger oss mycket gl\u00e4dje och uppfriskningar. En s\u00e5dan utflykt som erbjuder b\u00e5de andlig och historisk betydelse \u00e4r &#8221;Bestigningen till profeten Moses berg.&#8221;<\/p>\n<p>Under denna resa kommer du att kl\u00e4ttra upp p\u00e5 berget och bevittna den spektakul\u00e4ra soluppg\u00e5ngen p\u00e5 sin topp innan du njuter av en rej\u00e4l frukost. Efter\u00e5t kan du bes\u00f6ka det vackra St. Catherine-klostret.<\/p>\n<p>Kl\u00e4ttringen uppf\u00f6r berget tar cirka 2-3 timmar, men den hisnande utsikten \u00f6ver soluppg\u00e5ngen \u00e4r v\u00e4l v\u00e4rt det. N\u00e4r du har tagit dig ned fr\u00e5n berget kan du utforska St. Catherine-klostret, ett av de mest k\u00e4nda i v\u00e4rlden. Byggd mellan 527 och 565 e.Kr., den \u00e4r uppkallad efter St. Catherine, som blev martyrd\u00f6d f\u00f6r sin kristna tro.<\/p>\n<p>Under ditt bes\u00f6k kommer du att se den grekisk-ortodoxa kyrkan, tillbedjans ikoner och den ber\u00f6mda f\u00f6rvandlingens mosaik. I klostret finns ocks\u00e5 den brinnande buskens kapell, som s\u00e4gs vara platsen d\u00e4r Moses s\u00e5g den brinnande busken. De ov\u00e4rderliga konstverken, klosterikonerna och de upplysta manuskripten g\u00f6r detta till en of\u00f6rgl\u00f6mlig upplevelse.<\/p>\n<p>V\u00e5r turn\u00e9 inkluderar en kvalificerad egyptologguide, en lokal guide under din kl\u00e4ttring upp p\u00e5 berget och tur-retur-transport fr\u00e5n ditt hotell eller hamn i Sharm el Sheikh. Vi t\u00e4cker \u00e4ven avgifter f\u00f6r St. Catherine National Park och transport med fordon.<\/p>\n<p>Vi f\u00f6rst\u00e5r vikten av att uppleva dessa betydande historiska och andliga platser, och vi str\u00e4var efter att g\u00f6ra din resa s\u00e5 bekv\u00e4m och minnesv\u00e4rd som m\u00f6jligt. F\u00f6lj med oss f\u00f6r denna of\u00f6rgl\u00f6mliga upplevelse, och l\u00e5t oss visa dig underverken av &#8221;Bestigningen till profeten Moses berg.&#8221;<\/p>\n","protected":false},"featured_media":110023,"comment_status":"open","ping_status":"closed","template":"","meta":{"_coblocks_attr":"","_coblocks_dimensions":"","_coblocks_responsive_height":"","_coblocks_accordion_ie_support":"","_uag_custom_page_level_css":"","jetpack_post_was_ever_published":false,"jetpack_publicize_message":"","jetpack_publicize_feature_enabled":true,"jetpack_social_post_already_shared":true,"jetpack_social_options":{"image_generator_settings":{"template":"highway","default_image_id":0,"font":"","enabled":false},"version":2},"_wpas_customize_per_network":false},"product_brand":[],"product_cat":[18881,18880],"product_tag":[19026,19027,19020,18998],"class_list":{"0":"post-26774","1":"product","2":"type-product","3":"status-publish","4":"has-post-thumbnail","6":"product_cat-historiska-utflykter-sharm-sheikh","7":"product_cat-sharm-sheikh-utflykter","8":"product_tag-sharm-sheikh-sv","9":"product_tag-sightseeing-sv","10":"product_tag-catherine-kloster","11":"product_tag-utflykt","12":"pa_age-barn-1-4-ar","13":"pa_age-barn-5-11-ar","14":"pa_age-vuxen","16":"first","17":"instock","18":"sale","19":"taxable","20":"shipping-taxable","21":"purchasable","22":"product-type-variable"},"yoast_head":"<!-- This site is optimized with the Yoast SEO Premium plugin v26.9 (Yoast SEO v27.3) - https:\/\/yoast.com\/product\/yoast-seo-premium-wordpress\/ -->\n<title>Utflyktskl\u00e4ttringsberg av Moses fr\u00e5n Sharm El-Sheikh<\/title>\n<meta name=\"description\" content=\"Utflyktskl\u00e4ttringsberg av Moses fr\u00e5n Sharm El-Sheikh I v\u00e5r v\u00e4rld finns det s\u00e5 unika platser och sev\u00e4rdheter! Vi f\u00e5r s\u00e5 m\u00e5nga intryck och uppdaterar v\u00e5ra\" \/>\n<meta name=\"robots\" content=\"index, follow, max-snippet:-1, max-image-preview:large, max-video-preview:-1\" \/>\n<link rel=\"canonical\" href=\"https:\/\/landioustravel.com\/sv\/shop\/utflyktsklattringsberg-moses-sharm\/\" \/>\n<meta property=\"og:locale\" content=\"sv_SE\" \/>\n<meta property=\"og:type\" content=\"article\" \/>\n<meta property=\"og:title\" content=\"Utflyktskl\u00e4ttringsberg av Moses fr\u00e5n Sharm El-Sheikh\" \/>\n<meta property=\"og:description\" content=\"Landious Travel\" \/>\n<meta property=\"og:url\" content=\"https:\/\/landioustravel.com\/sv\/shop\/utflyktsklattringsberg-moses-sharm\/\" \/>\n<meta property=\"og:site_name\" content=\"Landious Travel\" \/>\n<meta property=\"article:publisher\" content=\"https:\/\/web.facebook.com\/landiousEgypt\" \/>\n<meta property=\"article:modified_time\" content=\"2024-09-29T17:14:33+00:00\" \/>\n<meta property=\"og:image\" content=\"https:\/\/i0.wp.com\/landioustravel.com\/wp-content\/uploads\/2022\/06\/Saint-Katherine-Protectorate.jpg?fit=600%2C450&ssl=1\" \/>\n\t<meta property=\"og:image:width\" content=\"600\" \/>\n\t<meta property=\"og:image:height\" content=\"450\" \/>\n\t<meta property=\"og:image:type\" content=\"image\/jpeg\" \/>\n<meta name=\"twitter:card\" content=\"summary_large_image\" \/>\n<meta name=\"twitter:site\" content=\"@LandiousTours\" \/>\n<meta name=\"twitter:label1\" content=\"Ber\u00e4knad l\u00e4stid\" \/>\n\t<meta name=\"twitter:data1\" content=\"2 minuter\" \/>\n<script type=\"application\/ld+json\" class=\"yoast-schema-graph\">{\"@context\":\"https:\\\/\\\/schema.org\",\"@graph\":[{\"@type\":\"WebPage\",\"@id\":\"https:\\\/\\\/landioustravel.com\\\/sv\\\/shop\\\/utflyktsklattringsberg-moses-sharm\\\/\",\"url\":\"https:\\\/\\\/landioustravel.com\\\/sv\\\/shop\\\/utflyktsklattringsberg-moses-sharm\\\/\",\"name\":\"Utflyktskl\u00e4ttringsberg av Moses fr\u00e5n Sharm El-Sheikh\",\"isPartOf\":{\"@id\":\"https:\\\/\\\/landioustravel.com\\\/sv\\\/#website\"},\"primaryImageOfPage\":{\"@id\":\"https:\\\/\\\/landioustravel.com\\\/sv\\\/shop\\\/utflyktsklattringsberg-moses-sharm\\\/#primaryimage\"},\"image\":{\"@id\":\"https:\\\/\\\/landioustravel.com\\\/sv\\\/shop\\\/utflyktsklattringsberg-moses-sharm\\\/#primaryimage\"},\"thumbnailUrl\":\"https:\\\/\\\/i0.wp.com\\\/landioustravel.com\\\/wp-content\\\/uploads\\\/2022\\\/06\\\/Saint-Katherine-Protectorate.jpg?fit=600%2C450&ssl=1\",\"datePublished\":\"2020-12-28T02:39:02+00:00\",\"dateModified\":\"2024-09-29T17:14:33+00:00\",\"description\":\"Utflyktskl\u00e4ttringsberg av Moses fr\u00e5n Sharm El-Sheikh I v\u00e5r v\u00e4rld finns det s\u00e5 unika platser och sev\u00e4rdheter! Vi f\u00e5r s\u00e5 m\u00e5nga intryck och uppdaterar v\u00e5ra\",\"breadcrumb\":{\"@id\":\"https:\\\/\\\/landioustravel.com\\\/sv\\\/shop\\\/utflyktsklattringsberg-moses-sharm\\\/#breadcrumb\"},\"inLanguage\":\"sv-SE\",\"potentialAction\":[{\"@type\":\"ReadAction\",\"target\":[\"https:\\\/\\\/landioustravel.com\\\/sv\\\/shop\\\/utflyktsklattringsberg-moses-sharm\\\/\"]}]},{\"@type\":\"ImageObject\",\"inLanguage\":\"sv-SE\",\"@id\":\"https:\\\/\\\/landioustravel.com\\\/sv\\\/shop\\\/utflyktsklattringsberg-moses-sharm\\\/#primaryimage\",\"url\":\"https:\\\/\\\/i0.wp.com\\\/landioustravel.com\\\/wp-content\\\/uploads\\\/2022\\\/06\\\/Saint-Katherine-Protectorate.jpg?fit=600%2C450&ssl=1\",\"contentUrl\":\"https:\\\/\\\/i0.wp.com\\\/landioustravel.com\\\/wp-content\\\/uploads\\\/2022\\\/06\\\/Saint-Katherine-Protectorate.jpg?fit=600%2C450&ssl=1\",\"width\":600,\"height\":450,\"caption\":\"Saint Katherine Protectorate\"},{\"@type\":\"BreadcrumbList\",\"@id\":\"https:\\\/\\\/landioustravel.com\\\/sv\\\/shop\\\/utflyktsklattringsberg-moses-sharm\\\/#breadcrumb\",\"itemListElement\":[{\"@type\":\"ListItem\",\"position\":1,\"name\":\"Home\",\"item\":\"https:\\\/\\\/landioustravel.com\\\/sv\\\/\"},{\"@type\":\"ListItem\",\"position\":2,\"name\":\"Tj\u00e4nster &#038; turer\",\"item\":\"https:\\\/\\\/landioustravel.com\\\/sv\\\/\"},{\"@type\":\"ListItem\",\"position\":3,\"name\":\"Utflyktskl\u00e4ttringsberg av Moses fr\u00e5n Sharm El-Sheikh\"}]},{\"@type\":\"WebSite\",\"@id\":\"https:\\\/\\\/landioustravel.com\\\/sv\\\/#website\",\"url\":\"https:\\\/\\\/landioustravel.com\\\/sv\\\/\",\"name\":\"Landious Travel\",\"description\":\"Excursions, trips and cruises in Egypt\",\"publisher\":{\"@id\":\"https:\\\/\\\/landioustravel.com\\\/sv\\\/#organization\"},\"potentialAction\":[{\"@type\":\"SearchAction\",\"target\":{\"@type\":\"EntryPoint\",\"urlTemplate\":\"https:\\\/\\\/landioustravel.com\\\/sv\\\/?s={search_term_string}\"},\"query-input\":{\"@type\":\"PropertyValueSpecification\",\"valueRequired\":true,\"valueName\":\"search_term_string\"}}],\"inLanguage\":\"sv-SE\"},{\"@type\":[\"Organization\",\"Place\"],\"@id\":\"https:\\\/\\\/landioustravel.com\\\/sv\\\/#organization\",\"name\":\"Landious Travel\",\"alternateName\":\"Landious Travel\",\"url\":\"https:\\\/\\\/landioustravel.com\\\/sv\\\/\",\"logo\":{\"@id\":\"https:\\\/\\\/landioustravel.com\\\/sv\\\/shop\\\/utflyktsklattringsberg-moses-sharm\\\/#local-main-organization-logo\"},\"image\":{\"@id\":\"https:\\\/\\\/landioustravel.com\\\/sv\\\/shop\\\/utflyktsklattringsberg-moses-sharm\\\/#local-main-organization-logo\"},\"sameAs\":[\"https:\\\/\\\/web.facebook.com\\\/landiousEgypt\",\"https:\\\/\\\/x.com\\\/LandiousTours\",\"https:\\\/\\\/mastodon.social\\\/@landious\"],\"legalName\":\"Landious Travel\",\"telephone\":[],\"openingHoursSpecification\":[{\"@type\":\"OpeningHoursSpecification\",\"dayOfWeek\":[\"Monday\",\"Tuesday\",\"Wednesday\",\"Thursday\",\"Friday\",\"Saturday\",\"Sunday\"],\"opens\":\"09:00\",\"closes\":\"17:00\"}]},{\"@type\":\"ImageObject\",\"inLanguage\":\"sv-SE\",\"@id\":\"https:\\\/\\\/landioustravel.com\\\/sv\\\/shop\\\/utflyktsklattringsberg-moses-sharm\\\/#local-main-organization-logo\",\"url\":\"https:\\\/\\\/i0.wp.com\\\/landioustravel.com\\\/wp-content\\\/uploads\\\/2021\\\/06\\\/Landious-T.png?fit=500%2C500&ssl=1\",\"contentUrl\":\"https:\\\/\\\/i0.wp.com\\\/landioustravel.com\\\/wp-content\\\/uploads\\\/2021\\\/06\\\/Landious-T.png?fit=500%2C500&ssl=1\",\"width\":500,\"height\":500,\"caption\":\"Landious Travel\"}]}<\/script>\n<!-- \/ Yoast SEO Premium plugin. -->","yoast_head_json":{"title":"Utflyktskl\u00e4ttringsberg av Moses fr\u00e5n Sharm El-Sheikh","description":"Utflyktskl\u00e4ttringsberg av Moses fr\u00e5n Sharm El-Sheikh I v\u00e5r v\u00e4rld finns det s\u00e5 unika platser och sev\u00e4rdheter! Vi f\u00e5r s\u00e5 m\u00e5nga intryck och uppdaterar v\u00e5ra","robots":{"index":"index","follow":"follow","max-snippet":"max-snippet:-1","max-image-preview":"max-image-preview:large","max-video-preview":"max-video-preview:-1"},"canonical":"https:\/\/landioustravel.com\/sv\/shop\/utflyktsklattringsberg-moses-sharm\/","og_locale":"sv_SE","og_type":"article","og_title":"Utflyktskl\u00e4ttringsberg av Moses fr\u00e5n Sharm El-Sheikh","og_description":"Landious Travel","og_url":"https:\/\/landioustravel.com\/sv\/shop\/utflyktsklattringsberg-moses-sharm\/","og_site_name":"Landious Travel","article_publisher":"https:\/\/web.facebook.com\/landiousEgypt","article_modified_time":"2024-09-29T17:14:33+00:00","og_image":[{"width":600,"height":450,"url":"https:\/\/i0.wp.com\/landioustravel.com\/wp-content\/uploads\/2022\/06\/Saint-Katherine-Protectorate.jpg?fit=600%2C450&ssl=1","type":"image\/jpeg"}],"twitter_card":"summary_large_image","twitter_site":"@LandiousTours","twitter_misc":{"Ber\u00e4knad l\u00e4stid":"2 minuter"},"schema":{"@context":"https:\/\/schema.org","@graph":[{"@type":"WebPage","@id":"https:\/\/landioustravel.com\/sv\/shop\/utflyktsklattringsberg-moses-sharm\/","url":"https:\/\/landioustravel.com\/sv\/shop\/utflyktsklattringsberg-moses-sharm\/","name":"Utflyktskl\u00e4ttringsberg av Moses fr\u00e5n Sharm El-Sheikh","isPartOf":{"@id":"https:\/\/landioustravel.com\/sv\/#website"},"primaryImageOfPage":{"@id":"https:\/\/landioustravel.com\/sv\/shop\/utflyktsklattringsberg-moses-sharm\/#primaryimage"},"image":{"@id":"https:\/\/landioustravel.com\/sv\/shop\/utflyktsklattringsberg-moses-sharm\/#primaryimage"},"thumbnailUrl":"https:\/\/i0.wp.com\/landioustravel.com\/wp-content\/uploads\/2022\/06\/Saint-Katherine-Protectorate.jpg?fit=600%2C450&ssl=1","datePublished":"2020-12-28T02:39:02+00:00","dateModified":"2024-09-29T17:14:33+00:00","description":"Utflyktskl\u00e4ttringsberg av Moses fr\u00e5n Sharm El-Sheikh I v\u00e5r v\u00e4rld finns det s\u00e5 unika platser och sev\u00e4rdheter! Vi f\u00e5r s\u00e5 m\u00e5nga intryck och uppdaterar v\u00e5ra","breadcrumb":{"@id":"https:\/\/landioustravel.com\/sv\/shop\/utflyktsklattringsberg-moses-sharm\/#breadcrumb"},"inLanguage":"sv-SE","potentialAction":[{"@type":"ReadAction","target":["https:\/\/landioustravel.com\/sv\/shop\/utflyktsklattringsberg-moses-sharm\/"]}]},{"@type":"ImageObject","inLanguage":"sv-SE","@id":"https:\/\/landioustravel.com\/sv\/shop\/utflyktsklattringsberg-moses-sharm\/#primaryimage","url":"https:\/\/i0.wp.com\/landioustravel.com\/wp-content\/uploads\/2022\/06\/Saint-Katherine-Protectorate.jpg?fit=600%2C450&ssl=1","contentUrl":"https:\/\/i0.wp.com\/landioustravel.com\/wp-content\/uploads\/2022\/06\/Saint-Katherine-Protectorate.jpg?fit=600%2C450&ssl=1","width":600,"height":450,"caption":"Saint Katherine Protectorate"},{"@type":"BreadcrumbList","@id":"https:\/\/landioustravel.com\/sv\/shop\/utflyktsklattringsberg-moses-sharm\/#breadcrumb","itemListElement":[{"@type":"ListItem","position":1,"name":"Home","item":"https:\/\/landioustravel.com\/sv\/"},{"@type":"ListItem","position":2,"name":"Tj\u00e4nster &#038; turer","item":"https:\/\/landioustravel.com\/sv\/"},{"@type":"ListItem","position":3,"name":"Utflyktskl\u00e4ttringsberg av Moses fr\u00e5n Sharm El-Sheikh"}]},{"@type":"WebSite","@id":"https:\/\/landioustravel.com\/sv\/#website","url":"https:\/\/landioustravel.com\/sv\/","name":"Landious Travel","description":"Excursions, trips and cruises in Egypt","publisher":{"@id":"https:\/\/landioustravel.com\/sv\/#organization"},"potentialAction":[{"@type":"SearchAction","target":{"@type":"EntryPoint","urlTemplate":"https:\/\/landioustravel.com\/sv\/?s={search_term_string}"},"query-input":{"@type":"PropertyValueSpecification","valueRequired":true,"valueName":"search_term_string"}}],"inLanguage":"sv-SE"},{"@type":["Organization","Place"],"@id":"https:\/\/landioustravel.com\/sv\/#organization","name":"Landious Travel","alternateName":"Landious Travel","url":"https:\/\/landioustravel.com\/sv\/","logo":{"@id":"https:\/\/landioustravel.com\/sv\/shop\/utflyktsklattringsberg-moses-sharm\/#local-main-organization-logo"},"image":{"@id":"https:\/\/landioustravel.com\/sv\/shop\/utflyktsklattringsberg-moses-sharm\/#local-main-organization-logo"},"sameAs":["https:\/\/web.facebook.com\/landiousEgypt","https:\/\/x.com\/LandiousTours","https:\/\/mastodon.social\/@landious"],"legalName":"Landious Travel","telephone":[],"openingHoursSpecification":[{"@type":"OpeningHoursSpecification","dayOfWeek":["Monday","Tuesday","Wednesday","Thursday","Friday","Saturday","Sunday"],"opens":"09:00","closes":"17:00"}]},{"@type":"ImageObject","inLanguage":"sv-SE","@id":"https:\/\/landioustravel.com\/sv\/shop\/utflyktsklattringsberg-moses-sharm\/#local-main-organization-logo","url":"https:\/\/i0.wp.com\/landioustravel.com\/wp-content\/uploads\/2021\/06\/Landious-T.png?fit=500%2C500&ssl=1","contentUrl":"https:\/\/i0.wp.com\/landioustravel.com\/wp-content\/uploads\/2021\/06\/Landious-T.png?fit=500%2C500&ssl=1","width":500,"height":500,"caption":"Landious Travel"}]}},"jetpack_publicize_connections":[],"uagb_featured_image_src":{"full":["https:\/\/i0.wp.com\/landioustravel.com\/wp-content\/uploads\/2022\/06\/Saint-Katherine-Protectorate.jpg?fit=600%2C450&ssl=1",600,450,false],"thumbnail":["https:\/\/i0.wp.com\/landioustravel.com\/wp-content\/uploads\/2022\/06\/Saint-Katherine-Protectorate.jpg?resize=150%2C150&ssl=1",150,150,true],"medium":["https:\/\/i0.wp.com\/landioustravel.com\/wp-content\/uploads\/2022\/06\/Saint-Katherine-Protectorate.jpg?fit=300%2C225&ssl=1",300,225,true],"medium_large":["https:\/\/i0.wp.com\/landioustravel.com\/wp-content\/uploads\/2022\/06\/Saint-Katherine-Protectorate.jpg?fit=600%2C450&ssl=1",600,450,true],"large":["https:\/\/i0.wp.com\/landioustravel.com\/wp-content\/uploads\/2022\/06\/Saint-Katherine-Protectorate.jpg?fit=600%2C450&ssl=1",600,450,true],"1536x1536":["https:\/\/i0.wp.com\/landioustravel.com\/wp-content\/uploads\/2022\/06\/Saint-Katherine-Protectorate.jpg?fit=600%2C450&ssl=1",600,450,true],"2048x2048":["https:\/\/i0.wp.com\/landioustravel.com\/wp-content\/uploads\/2022\/06\/Saint-Katherine-Protectorate.jpg?fit=600%2C450&ssl=1",600,450,true],"newspack-article-block-landscape-large":["https:\/\/i0.wp.com\/landioustravel.com\/wp-content\/uploads\/2022\/06\/Saint-Katherine-Protectorate.jpg?resize=600%2C450&ssl=1",600,450,true],"newspack-article-block-portrait-large":["https:\/\/i0.wp.com\/landioustravel.com\/wp-content\/uploads\/2022\/06\/Saint-Katherine-Protectorate.jpg?resize=600%2C450&ssl=1",600,450,true],"newspack-article-block-square-large":["https:\/\/i0.wp.com\/landioustravel.com\/wp-content\/uploads\/2022\/06\/Saint-Katherine-Protectorate.jpg?resize=600%2C450&ssl=1",600,450,true],"newspack-article-block-landscape-medium":["https:\/\/i0.wp.com\/landioustravel.com\/wp-content\/uploads\/2022\/06\/Saint-Katherine-Protectorate.jpg?resize=600%2C450&ssl=1",600,450,true],"newspack-article-block-portrait-medium":["https:\/\/i0.wp.com\/landioustravel.com\/wp-content\/uploads\/2022\/06\/Saint-Katherine-Protectorate.jpg?resize=600%2C450&ssl=1",600,450,true],"newspack-article-block-square-medium":["https:\/\/i0.wp.com\/landioustravel.com\/wp-content\/uploads\/2022\/06\/Saint-Katherine-Protectorate.jpg?resize=600%2C450&ssl=1",600,450,true],"newspack-article-block-landscape-intermediate":["https:\/\/i0.wp.com\/landioustravel.com\/wp-content\/uploads\/2022\/06\/Saint-Katherine-Protectorate.jpg?resize=600%2C450&ssl=1",600,450,true],"newspack-article-block-portrait-intermediate":["https:\/\/i0.wp.com\/landioustravel.com\/wp-content\/uploads\/2022\/06\/Saint-Katherine-Protectorate.jpg?resize=450%2C450&ssl=1",450,450,true],"newspack-article-block-square-intermediate":["https:\/\/i0.wp.com\/landioustravel.com\/wp-content\/uploads\/2022\/06\/Saint-Katherine-Protectorate.jpg?resize=600%2C450&ssl=1",600,450,true],"newspack-article-block-landscape-small":["https:\/\/i0.wp.com\/landioustravel.com\/wp-content\/uploads\/2022\/06\/Saint-Katherine-Protectorate.jpg?resize=400%2C300&ssl=1",400,300,true],"newspack-article-block-portrait-small":["https:\/\/i0.wp.com\/landioustravel.com\/wp-content\/uploads\/2022\/06\/Saint-Katherine-Protectorate.jpg?resize=300%2C400&ssl=1",300,400,true],"newspack-article-block-square-small":["https:\/\/i0.wp.com\/landioustravel.com\/wp-content\/uploads\/2022\/06\/Saint-Katherine-Protectorate.jpg?resize=400%2C400&ssl=1",400,400,true],"newspack-article-block-landscape-tiny":["https:\/\/i0.wp.com\/landioustravel.com\/wp-content\/uploads\/2022\/06\/Saint-Katherine-Protectorate.jpg?resize=200%2C150&ssl=1",200,150,true],"newspack-article-block-portrait-tiny":["https:\/\/i0.wp.com\/landioustravel.com\/wp-content\/uploads\/2022\/06\/Saint-Katherine-Protectorate.jpg?resize=150%2C200&ssl=1",150,200,true],"newspack-article-block-square-tiny":["https:\/\/i0.wp.com\/landioustravel.com\/wp-content\/uploads\/2022\/06\/Saint-Katherine-Protectorate.jpg?resize=200%2C200&ssl=1",200,200,true],"newspack-article-block-uncropped":["https:\/\/i0.wp.com\/landioustravel.com\/wp-content\/uploads\/2022\/06\/Saint-Katherine-Protectorate.jpg?fit=600%2C450&ssl=1",600,450,true],"woocommerce_thumbnail":["https:\/\/i0.wp.com\/landioustravel.com\/wp-content\/uploads\/2022\/06\/Saint-Katherine-Protectorate.jpg?resize=324%2C324&ssl=1",324,324,true],"woocommerce_single":["https:\/\/i0.wp.com\/landioustravel.com\/wp-content\/uploads\/2022\/06\/Saint-Katherine-Protectorate.jpg?fit=416%2C312&ssl=1",416,312,true],"woocommerce_gallery_thumbnail":["https:\/\/i0.wp.com\/landioustravel.com\/wp-content\/uploads\/2022\/06\/Saint-Katherine-Protectorate.jpg?resize=100%2C100&ssl=1",100,100,true]},"uagb_author_info":{"display_name":"Mofreh Landious","author_link":"https:\/\/landioustravel.com\/sv\/author\/"},"uagb_comment_info":7,"uagb_excerpt":"V\u00e5r v\u00e4rld \u00e4r full av unika platser och sev\u00e4rdheter som ger oss mycket gl\u00e4dje och uppfriskningar. En s\u00e5dan utflykt som erbjuder b\u00e5de andlig och historisk betydelse \u00e4r \"Bestigningen till profeten Moses berg.\" Under denna resa kommer du att kl\u00e4ttra upp p\u00e5 berget och bevittna den spektakul\u00e4ra soluppg\u00e5ngen p\u00e5 sin topp innan du njuter av en&hellip;","jetpack_sharing_enabled":true,"jetpack_likes_enabled":true,"amp_enabled":true,"_links":{"self":[{"href":"https:\/\/landioustravel.com\/sv\/wp-json\/wp\/v2\/product\/26774","targetHints":{"allow":["GET"]}}],"collection":[{"href":"https:\/\/landioustravel.com\/sv\/wp-json\/wp\/v2\/product"}],"about":[{"href":"https:\/\/landioustravel.com\/sv\/wp-json\/wp\/v2\/types\/product"}],"replies":[{"embeddable":true,"href":"https:\/\/landioustravel.com\/sv\/wp-json\/wp\/v2\/comments?post=26774"}],"wp:featuredmedia":[{"embeddable":true,"href":"https:\/\/landioustravel.com\/sv\/wp-json\/wp\/v2\/media\/110023"}],"wp:attachment":[{"href":"https:\/\/landioustravel.com\/sv\/wp-json\/wp\/v2\/media?parent=26774"}],"wp:term":[{"taxonomy":"product_brand","embeddable":true,"href":"https:\/\/landioustravel.com\/sv\/wp-json\/wp\/v2\/product_brand?post=26774"},{"taxonomy":"product_cat","embeddable":true,"href":"https:\/\/landioustravel.com\/sv\/wp-json\/wp\/v2\/product_cat?post=26774"},{"taxonomy":"product_tag","embeddable":true,"href":"https:\/\/landioustravel.com\/sv\/wp-json\/wp\/v2\/product_tag?post=26774"}],"curies":[{"name":"wp","href":"https:\/\/api.w.org\/{rel}","templated":true}]}}