{"id":26783,"date":"2020-12-28T05:44:41","date_gmt":"2020-12-28T22:45:11","guid":{"rendered":"https:\/\/landioustravel.com\/?post_type=product&#038;p=26783"},"modified":"2024-03-15T19:18:20","modified_gmt":"2024-03-15T17:18:20","slug":"berg-moses-resa-kairo","status":"publish","type":"product","link":"https:\/\/landioustravel.com\/sv\/shop\/berg-moses-resa-kairo\/","title":{"rendered":"Berg av Moses resa fr\u00e5n Kairo"},"content":{"rendered":"<p>Det \u00e4r en v\u00e4ldigt andlig utflykt f\u00f6r att kl\u00e4ttra p\u00e5 berget Profeten Moses och bes\u00f6ka klostret St. Catherine fr\u00e5n Kairo, Egypten! Vi rekommenderar resan eftersom det l\u00e5ter dig se en av Sinai-halv\u00f6ns mest imponerande sev\u00e4rdheter! Uppenbarligen p\u00e5minner Moses Mountain-resan fr\u00e5n Kairo om profeten Moses v\u00e4g fr\u00e5n Delta-Nilen till Sinaihalv\u00f6n! Det \u00e4r utan tvekan att bes\u00f6ka klostret St. Catherine ger dig mer andlig kraft och information om kristendomens historia i Egypten.<\/p>\n<h2>Huvudpunkterna i utflyktsprogrammet till Moses berg<\/h2>\n<ul>\n<li>\u00d6vernattning i Saint Catherine<\/li>\n<li>Middag<\/li>\n<li>Kl\u00e4ttring av berget av profeten Moses<\/li>\n<li>Frukost<\/li>\n<li>Bes\u00f6ker ocks\u00e5 St. Catherine-klostret p\u00e5 Sinaihalv\u00f6n<\/li>\n<\/ul>\n<h3>Program f\u00f6r utflykten till berget Moses fr\u00e5n Kairo<\/h3>\n<ul>\n<li>Landious Travel-representant h\u00e4mtar dig fr\u00e5n ditt hotell i Kairo, klockan 14:00<\/li>\n<li>Efter att ha h\u00e4mtat alla \u00e5ker bussen i riktning mot St. Catherine kloster. V\u00e4gen, fr\u00e5n Kairos centrum till klostret, tar cirka 6 timmar.<\/li>\n<\/ul>\n<h4>Boende i Saint Catherine<\/h4>\n<ul>\n<li>S\u00e5 snart du anl\u00e4nder till ditt hotell i Saint Catherine kan du checka in och njuta av din vistelse d\u00e4r<\/li>\n<li>Naturligtvis kan du njuta av din middag p\u00e5 detta hotell<\/li>\n<\/ul>\n<h4>Program p\u00e5 Moses berg<\/h4>\n<ul>\n<li>V\u00e5r representant h\u00e4mtar dig fr\u00e5n ditt hotell kl. 02.00 till Moses Mountain<\/li>\n<li>N\u00e4r du kommer till St. Catherine-klostret b\u00f6rjar du kl\u00e4ttra upp p\u00e5 det n\u00e4rliggande berget Moses med din guide<\/li>\n<li>P\u00e5 v\u00e4gen till toppen av berget g\u00f6r du en paus tv\u00e5 g\u00e5nger eller mer.<\/li>\n<li>N\u00e4r du n\u00e5r toppen av Moses berg, m\u00e5ste du v\u00e4nta p\u00e5 solens gryning. Under gryningen stiger solen underbart framf\u00f6r dina \u00f6gon. Efter en s\u00e5dan panoramautsikt \u00f6ver Sinai-bergen b\u00f6rjar du g\u00e5 ner till St. Catherine-klostret<\/li>\n<\/ul>\n<h4>Program i klostret St. Catherine<\/h4>\n<ul>\n<li>Programmet b\u00f6rjar med ett bes\u00f6k i St. Catherine kloster. Din guide kommer att ha en uppgift att visa alla klostrets viktigaste helgedomar och ger ledig tid att ta bilder.<\/li>\n<li>I klostret kommer du att se relikvierna fr\u00e5n St. Catherine, Bush of the Burning Bush, kyrkog\u00e5rden och krypten under kapellet St. Trifonab, de \u00e4ldsta mosaikerna, ikonerna och det ber\u00f6mda Sinai-biblioteket<\/li>\n<li>Den sista punkten i denna religi\u00f6sa och kulturella resa \u00e4r att \u00e4ta frukost p\u00e5 ditt hotell<\/li>\n<li>Efter att ha bes\u00f6kt St. Catherine-klostret vid foten av profeten Mose kommer du tillbaka till Kairo<\/li>\n<li>Detta \u201cUtflyktskl\u00e4ttringsberg av Moses fr\u00e5n Kairo\u201d slutar kl. 16.00 andra dagen<\/li>\n<\/ul>\n<h4>Vad ing\u00e5r i turn\u00e9priset<\/h4>\n<ul>\n<li>Boende i Saint Catherine<\/li>\n<li>Middag och frukost<\/li>\n<li>Guide<\/li>\n<li>\u00d6verf\u00f6r ocks\u00e5 till klostret och tillbaka till ditt hotell<\/li>\n<\/ul>\n<h5>Vad ing\u00e5r inte i priset f\u00f6r turn\u00e9n<\/h5>\n<ul>\n<li>Ytterligare utflyktsprogram<\/li>\n<\/ul>\n<h6>Vad du ska ta med dig f\u00f6r resan<\/h6>\n<ul>\n<li>Pass<\/li>\n<li>Ocks\u00e5 kl\u00e4der f\u00f6r s\u00e4songen<\/li>\n<\/ul>\n<h6>Dagar med utflyktsorganisation<\/h6>\n<ul>\n<li>Dagligen fr\u00e5n 14:00 &#8211; 16:00 n\u00e4sta dag<\/li>\n<\/ul>\n","protected":false},"excerpt":{"rendered":"<p>Att utforska unika och imponerande platser \u00e4r en otrolig upplevelse som berikar v\u00e5ra sinnen och sj\u00e4lar. Uppstigningen till profeten Moses berg \u00e4r en resa fylld av andlig f\u00f6rfriskning och betydelsefulla bibliska och historiska h\u00e4ndelser. Under denna resa kommer du att kl\u00e4ttra upp p\u00e5 profeten Moses berg och bevittna soluppg\u00e5ngen p\u00e5 sin topp. Efter detta kommer en uts\u00f6kt frukost att serveras. Efter\u00e5t har du m\u00f6jlighet att bes\u00f6ka det ber\u00f6mda klostret St. Catherine.<\/p>\n<p>V\u00e5r v\u00e4nliga och kunniga egyptologiska engelsktalande reseguide kommer att h\u00e4mta dig fr\u00e5n ditt hotell i Kairo kl. 10 med ett modernt luftkonditionerat fordon f\u00f6r att k\u00f6ra till St. Catherine. Resan tar cirka 7 timmar, med lunchpaus l\u00e4ngs v\u00e4gen. Vid ankomst checkar du in p\u00e5 hotellet och vilar lite innan middagen serveras. F\u00f6r att uppleva den fantastiska soluppg\u00e5ngen fr\u00e5n toppen av Moses berg b\u00f6rjar kl\u00e4ttringen klockan 02:00 i m\u00f6rker. Din guide kommer att dela den bibliska historien om detta heliga berg, d\u00e4r man tror att Moses tog emot de tio budorden. Kl\u00e4ttra till toppen f\u00f6r att bevittna en of\u00f6rgl\u00f6mlig soluppg\u00e5ng och g\u00e5 sedan ner f\u00f6r en guidad rundtur i St Catherine&#8217;s Monastery&#8217;s kyrka och skatter. Detta kloster \u00e4r ett av de \u00e4ldsta kristna klostren i v\u00e4rlden och byggdes runt platsen f\u00f6r den brinnande busken. Efter\u00e5t \u00e5ker vi tillbaka till Kairo. Denna \u00f6vernattningsresa till Saint Catherine Monastery &amp; Prophet Moses Mountain \u00e4r ett \u00e4ventyr som du aldrig kommer att gl\u00f6mma!<\/p>\n","protected":false},"featured_media":28496,"comment_status":"open","ping_status":"closed","template":"","meta":{"_coblocks_attr":"","_coblocks_dimensions":"","_coblocks_responsive_height":"","_coblocks_accordion_ie_support":"","_uag_custom_page_level_css":"","jetpack_publicize_message":"","jetpack_publicize_feature_enabled":true,"jetpack_social_post_already_shared":true,"jetpack_social_options":{"image_generator_settings":{"template":"highway","default_image_id":0,"font":"","enabled":false},"version":2},"_wpas_customize_per_network":false},"product_brand":[],"product_cat":[18883],"product_tag":[18974,19027,19020,18998],"class_list":{"0":"post-26783","1":"product","2":"type-product","3":"status-publish","4":"has-post-thumbnail","6":"product_cat-kairo-utflykter","7":"product_tag-kairo-sv","8":"product_tag-sightseeing-sv","9":"product_tag-catherine-kloster","10":"product_tag-utflykt","12":"first","13":"instock","14":"sale","15":"taxable","16":"shipping-taxable","17":"purchasable","18":"product-type-variable"},"yoast_head":"<!-- This site is optimized with the Yoast SEO Premium plugin v26.9 (Yoast SEO v27.5) - https:\/\/yoast.com\/product\/yoast-seo-premium-wordpress\/ -->\n<title>Berg av Moses resa fr\u00e5n Kairo<\/title>\n<meta name=\"description\" content=\"Berg av Moses resa fr\u00e5n Kairo I v\u00e5r v\u00e4rld finns det s\u00e5 unika platser och sev\u00e4rdheter! Vi f\u00e5r s\u00e5 m\u00e5nga intryck och uppdaterar v\u00e5ra sinnen och sj\u00e4lar genom att bes\u00f6ka dessa platser. Utflykten &quot;Uppstigningen till profeten Mose berg&quot; uppfyller alla dessa trevliga och andliga f\u00f6rfriskningar av viktiga bibliska och historiska h\u00e4ndelser. Under denna resa kl\u00e4ttrar du upp p\u00e5 profeten Moses berg och ser soluppg\u00e5ngen p\u00e5 sin topp. D\u00e5 \u00e4ter du frukost. Efter frukost kan du bes\u00f6ka St. Catherine kloster\" \/>\n<meta name=\"robots\" content=\"index, follow, max-snippet:-1, max-image-preview:large, max-video-preview:-1\" \/>\n<link rel=\"canonical\" href=\"https:\/\/landioustravel.com\/sv\/shop\/berg-moses-resa-kairo\/\" \/>\n<meta property=\"og:locale\" content=\"sv_SE\" \/>\n<meta property=\"og:type\" content=\"article\" \/>\n<meta property=\"og:title\" content=\"Berg av Moses resa fr\u00e5n Kairo\" \/>\n<meta property=\"og:description\" content=\"Landious Travel\" \/>\n<meta property=\"og:url\" content=\"https:\/\/landioustravel.com\/sv\/shop\/berg-moses-resa-kairo\/\" \/>\n<meta property=\"og:site_name\" content=\"Landious Travel\" \/>\n<meta property=\"article:publisher\" content=\"https:\/\/web.facebook.com\/landiousEgypt\" \/>\n<meta property=\"article:modified_time\" content=\"2024-03-15T17:18:20+00:00\" \/>\n<meta property=\"og:image\" content=\"https:\/\/i0.wp.com\/landioustravel.com\/wp-content\/uploads\/2021\/02\/sinai_monastery-e1612918091221.jpg?fit=1200%2C675&ssl=1\" \/>\n\t<meta property=\"og:image:width\" content=\"1200\" \/>\n\t<meta property=\"og:image:height\" content=\"675\" \/>\n\t<meta property=\"og:image:type\" content=\"image\/jpeg\" \/>\n<meta name=\"twitter:card\" content=\"summary_large_image\" \/>\n<meta name=\"twitter:site\" content=\"@LandiousTours\" \/>\n<meta name=\"twitter:label1\" content=\"Ber\u00e4knad l\u00e4stid\" \/>\n\t<meta name=\"twitter:data1\" content=\"2 minuter\" \/>\n<script type=\"application\/ld+json\" class=\"yoast-schema-graph\">{\"@context\":\"https:\\\/\\\/schema.org\",\"@graph\":[{\"@type\":\"WebPage\",\"@id\":\"https:\\\/\\\/landioustravel.com\\\/sv\\\/shop\\\/berg-moses-resa-kairo\\\/\",\"url\":\"https:\\\/\\\/landioustravel.com\\\/sv\\\/shop\\\/berg-moses-resa-kairo\\\/\",\"name\":\"Berg av Moses resa fr\u00e5n Kairo\",\"isPartOf\":{\"@id\":\"https:\\\/\\\/landioustravel.com\\\/sv\\\/#website\"},\"primaryImageOfPage\":{\"@id\":\"https:\\\/\\\/landioustravel.com\\\/sv\\\/shop\\\/berg-moses-resa-kairo\\\/#primaryimage\"},\"image\":{\"@id\":\"https:\\\/\\\/landioustravel.com\\\/sv\\\/shop\\\/berg-moses-resa-kairo\\\/#primaryimage\"},\"thumbnailUrl\":\"https:\\\/\\\/i0.wp.com\\\/landioustravel.com\\\/wp-content\\\/uploads\\\/2021\\\/02\\\/sinai_monastery-e1612918091221.jpg?fit=1200%2C675&ssl=1\",\"datePublished\":\"2020-12-28T22:45:11+00:00\",\"dateModified\":\"2024-03-15T17:18:20+00:00\",\"description\":\"Berg av Moses resa fr\u00e5n Kairo I v\u00e5r v\u00e4rld finns det s\u00e5 unika platser och sev\u00e4rdheter! Vi f\u00e5r s\u00e5 m\u00e5nga intryck och uppdaterar v\u00e5ra sinnen och sj\u00e4lar genom att bes\u00f6ka dessa platser. Utflykten \\\"Uppstigningen till profeten Mose berg\\\" uppfyller alla dessa trevliga och andliga f\u00f6rfriskningar av viktiga bibliska och historiska h\u00e4ndelser. Under denna resa kl\u00e4ttrar du upp p\u00e5 profeten Moses berg och ser soluppg\u00e5ngen p\u00e5 sin topp. D\u00e5 \u00e4ter du frukost. Efter frukost kan du bes\u00f6ka St. Catherine kloster\",\"breadcrumb\":{\"@id\":\"https:\\\/\\\/landioustravel.com\\\/sv\\\/shop\\\/berg-moses-resa-kairo\\\/#breadcrumb\"},\"inLanguage\":\"sv-SE\",\"potentialAction\":[{\"@type\":\"ReadAction\",\"target\":[\"https:\\\/\\\/landioustravel.com\\\/sv\\\/shop\\\/berg-moses-resa-kairo\\\/\"]}]},{\"@type\":\"ImageObject\",\"inLanguage\":\"sv-SE\",\"@id\":\"https:\\\/\\\/landioustravel.com\\\/sv\\\/shop\\\/berg-moses-resa-kairo\\\/#primaryimage\",\"url\":\"https:\\\/\\\/i0.wp.com\\\/landioustravel.com\\\/wp-content\\\/uploads\\\/2021\\\/02\\\/sinai_monastery-e1612918091221.jpg?fit=1200%2C675&ssl=1\",\"contentUrl\":\"https:\\\/\\\/i0.wp.com\\\/landioustravel.com\\\/wp-content\\\/uploads\\\/2021\\\/02\\\/sinai_monastery-e1612918091221.jpg?fit=1200%2C675&ssl=1\",\"width\":1200,\"height\":675,\"caption\":\"Moses Mountain Trip Cairo\"},{\"@type\":\"BreadcrumbList\",\"@id\":\"https:\\\/\\\/landioustravel.com\\\/sv\\\/shop\\\/berg-moses-resa-kairo\\\/#breadcrumb\",\"itemListElement\":[{\"@type\":\"ListItem\",\"position\":1,\"name\":\"Home\",\"item\":\"https:\\\/\\\/landioustravel.com\\\/sv\\\/\"},{\"@type\":\"ListItem\",\"position\":2,\"name\":\"Tj\u00e4nster &#038; turer\",\"item\":\"https:\\\/\\\/landioustravel.com\\\/sv\\\/\"},{\"@type\":\"ListItem\",\"position\":3,\"name\":\"Berg av Moses resa fr\u00e5n Kairo\"}]},{\"@type\":\"WebSite\",\"@id\":\"https:\\\/\\\/landioustravel.com\\\/sv\\\/#website\",\"url\":\"https:\\\/\\\/landioustravel.com\\\/sv\\\/\",\"name\":\"Landious Travel\",\"description\":\"Excursions, trips and cruises in Egypt\",\"publisher\":{\"@id\":\"https:\\\/\\\/landioustravel.com\\\/sv\\\/#organization\"},\"potentialAction\":[{\"@type\":\"SearchAction\",\"target\":{\"@type\":\"EntryPoint\",\"urlTemplate\":\"https:\\\/\\\/landioustravel.com\\\/sv\\\/?s={search_term_string}\"},\"query-input\":{\"@type\":\"PropertyValueSpecification\",\"valueRequired\":true,\"valueName\":\"search_term_string\"}}],\"inLanguage\":\"sv-SE\"},{\"@type\":[\"Organization\",\"Place\"],\"@id\":\"https:\\\/\\\/landioustravel.com\\\/sv\\\/#organization\",\"name\":\"Landious Travel\",\"alternateName\":\"Landious Travel\",\"url\":\"https:\\\/\\\/landioustravel.com\\\/sv\\\/\",\"logo\":{\"@id\":\"https:\\\/\\\/landioustravel.com\\\/sv\\\/shop\\\/berg-moses-resa-kairo\\\/#local-main-organization-logo\"},\"image\":{\"@id\":\"https:\\\/\\\/landioustravel.com\\\/sv\\\/shop\\\/berg-moses-resa-kairo\\\/#local-main-organization-logo\"},\"sameAs\":[\"https:\\\/\\\/web.facebook.com\\\/landiousEgypt\",\"https:\\\/\\\/x.com\\\/LandiousTours\",\"https:\\\/\\\/mastodon.social\\\/@landious\"],\"legalName\":\"Landious Travel\",\"telephone\":[],\"openingHoursSpecification\":[{\"@type\":\"OpeningHoursSpecification\",\"dayOfWeek\":[\"Monday\",\"Tuesday\",\"Wednesday\",\"Thursday\",\"Friday\",\"Saturday\",\"Sunday\"],\"opens\":\"09:00\",\"closes\":\"17:00\"}]},{\"@type\":\"ImageObject\",\"inLanguage\":\"sv-SE\",\"@id\":\"https:\\\/\\\/landioustravel.com\\\/sv\\\/shop\\\/berg-moses-resa-kairo\\\/#local-main-organization-logo\",\"url\":\"https:\\\/\\\/i0.wp.com\\\/landioustravel.com\\\/wp-content\\\/uploads\\\/2021\\\/06\\\/Landious-T.png?fit=500%2C500&ssl=1\",\"contentUrl\":\"https:\\\/\\\/i0.wp.com\\\/landioustravel.com\\\/wp-content\\\/uploads\\\/2021\\\/06\\\/Landious-T.png?fit=500%2C500&ssl=1\",\"width\":500,\"height\":500,\"caption\":\"Landious Travel\"}]}<\/script>\n<!-- \/ Yoast SEO Premium plugin. -->","yoast_head_json":{"title":"Berg av Moses resa fr\u00e5n Kairo","description":"Berg av Moses resa fr\u00e5n Kairo I v\u00e5r v\u00e4rld finns det s\u00e5 unika platser och sev\u00e4rdheter! Vi f\u00e5r s\u00e5 m\u00e5nga intryck och uppdaterar v\u00e5ra sinnen och sj\u00e4lar genom att bes\u00f6ka dessa platser. Utflykten \"Uppstigningen till profeten Mose berg\" uppfyller alla dessa trevliga och andliga f\u00f6rfriskningar av viktiga bibliska och historiska h\u00e4ndelser. Under denna resa kl\u00e4ttrar du upp p\u00e5 profeten Moses berg och ser soluppg\u00e5ngen p\u00e5 sin topp. D\u00e5 \u00e4ter du frukost. Efter frukost kan du bes\u00f6ka St. Catherine kloster","robots":{"index":"index","follow":"follow","max-snippet":"max-snippet:-1","max-image-preview":"max-image-preview:large","max-video-preview":"max-video-preview:-1"},"canonical":"https:\/\/landioustravel.com\/sv\/shop\/berg-moses-resa-kairo\/","og_locale":"sv_SE","og_type":"article","og_title":"Berg av Moses resa fr\u00e5n Kairo","og_description":"Landious Travel","og_url":"https:\/\/landioustravel.com\/sv\/shop\/berg-moses-resa-kairo\/","og_site_name":"Landious Travel","article_publisher":"https:\/\/web.facebook.com\/landiousEgypt","article_modified_time":"2024-03-15T17:18:20+00:00","og_image":[{"width":1200,"height":675,"url":"https:\/\/i0.wp.com\/landioustravel.com\/wp-content\/uploads\/2021\/02\/sinai_monastery-e1612918091221.jpg?fit=1200%2C675&ssl=1","type":"image\/jpeg"}],"twitter_card":"summary_large_image","twitter_site":"@LandiousTours","twitter_misc":{"Ber\u00e4knad l\u00e4stid":"2 minuter"},"schema":{"@context":"https:\/\/schema.org","@graph":[{"@type":"WebPage","@id":"https:\/\/landioustravel.com\/sv\/shop\/berg-moses-resa-kairo\/","url":"https:\/\/landioustravel.com\/sv\/shop\/berg-moses-resa-kairo\/","name":"Berg av Moses resa fr\u00e5n Kairo","isPartOf":{"@id":"https:\/\/landioustravel.com\/sv\/#website"},"primaryImageOfPage":{"@id":"https:\/\/landioustravel.com\/sv\/shop\/berg-moses-resa-kairo\/#primaryimage"},"image":{"@id":"https:\/\/landioustravel.com\/sv\/shop\/berg-moses-resa-kairo\/#primaryimage"},"thumbnailUrl":"https:\/\/i0.wp.com\/landioustravel.com\/wp-content\/uploads\/2021\/02\/sinai_monastery-e1612918091221.jpg?fit=1200%2C675&ssl=1","datePublished":"2020-12-28T22:45:11+00:00","dateModified":"2024-03-15T17:18:20+00:00","description":"Berg av Moses resa fr\u00e5n Kairo I v\u00e5r v\u00e4rld finns det s\u00e5 unika platser och sev\u00e4rdheter! Vi f\u00e5r s\u00e5 m\u00e5nga intryck och uppdaterar v\u00e5ra sinnen och sj\u00e4lar genom att bes\u00f6ka dessa platser. Utflykten \"Uppstigningen till profeten Mose berg\" uppfyller alla dessa trevliga och andliga f\u00f6rfriskningar av viktiga bibliska och historiska h\u00e4ndelser. Under denna resa kl\u00e4ttrar du upp p\u00e5 profeten Moses berg och ser soluppg\u00e5ngen p\u00e5 sin topp. D\u00e5 \u00e4ter du frukost. Efter frukost kan du bes\u00f6ka St. Catherine kloster","breadcrumb":{"@id":"https:\/\/landioustravel.com\/sv\/shop\/berg-moses-resa-kairo\/#breadcrumb"},"inLanguage":"sv-SE","potentialAction":[{"@type":"ReadAction","target":["https:\/\/landioustravel.com\/sv\/shop\/berg-moses-resa-kairo\/"]}]},{"@type":"ImageObject","inLanguage":"sv-SE","@id":"https:\/\/landioustravel.com\/sv\/shop\/berg-moses-resa-kairo\/#primaryimage","url":"https:\/\/i0.wp.com\/landioustravel.com\/wp-content\/uploads\/2021\/02\/sinai_monastery-e1612918091221.jpg?fit=1200%2C675&ssl=1","contentUrl":"https:\/\/i0.wp.com\/landioustravel.com\/wp-content\/uploads\/2021\/02\/sinai_monastery-e1612918091221.jpg?fit=1200%2C675&ssl=1","width":1200,"height":675,"caption":"Moses Mountain Trip Cairo"},{"@type":"BreadcrumbList","@id":"https:\/\/landioustravel.com\/sv\/shop\/berg-moses-resa-kairo\/#breadcrumb","itemListElement":[{"@type":"ListItem","position":1,"name":"Home","item":"https:\/\/landioustravel.com\/sv\/"},{"@type":"ListItem","position":2,"name":"Tj\u00e4nster &#038; turer","item":"https:\/\/landioustravel.com\/sv\/"},{"@type":"ListItem","position":3,"name":"Berg av Moses resa fr\u00e5n Kairo"}]},{"@type":"WebSite","@id":"https:\/\/landioustravel.com\/sv\/#website","url":"https:\/\/landioustravel.com\/sv\/","name":"Landious Travel","description":"Excursions, trips and cruises in Egypt","publisher":{"@id":"https:\/\/landioustravel.com\/sv\/#organization"},"potentialAction":[{"@type":"SearchAction","target":{"@type":"EntryPoint","urlTemplate":"https:\/\/landioustravel.com\/sv\/?s={search_term_string}"},"query-input":{"@type":"PropertyValueSpecification","valueRequired":true,"valueName":"search_term_string"}}],"inLanguage":"sv-SE"},{"@type":["Organization","Place"],"@id":"https:\/\/landioustravel.com\/sv\/#organization","name":"Landious Travel","alternateName":"Landious Travel","url":"https:\/\/landioustravel.com\/sv\/","logo":{"@id":"https:\/\/landioustravel.com\/sv\/shop\/berg-moses-resa-kairo\/#local-main-organization-logo"},"image":{"@id":"https:\/\/landioustravel.com\/sv\/shop\/berg-moses-resa-kairo\/#local-main-organization-logo"},"sameAs":["https:\/\/web.facebook.com\/landiousEgypt","https:\/\/x.com\/LandiousTours","https:\/\/mastodon.social\/@landious"],"legalName":"Landious Travel","telephone":[],"openingHoursSpecification":[{"@type":"OpeningHoursSpecification","dayOfWeek":["Monday","Tuesday","Wednesday","Thursday","Friday","Saturday","Sunday"],"opens":"09:00","closes":"17:00"}]},{"@type":"ImageObject","inLanguage":"sv-SE","@id":"https:\/\/landioustravel.com\/sv\/shop\/berg-moses-resa-kairo\/#local-main-organization-logo","url":"https:\/\/i0.wp.com\/landioustravel.com\/wp-content\/uploads\/2021\/06\/Landious-T.png?fit=500%2C500&ssl=1","contentUrl":"https:\/\/i0.wp.com\/landioustravel.com\/wp-content\/uploads\/2021\/06\/Landious-T.png?fit=500%2C500&ssl=1","width":500,"height":500,"caption":"Landious Travel"}]}},"jetpack_publicize_connections":[],"uagb_featured_image_src":{"full":["https:\/\/i0.wp.com\/landioustravel.com\/wp-content\/uploads\/2021\/02\/sinai_monastery-e1612918091221.jpg?fit=1200%2C675&ssl=1",1200,675,false],"thumbnail":["https:\/\/i0.wp.com\/landioustravel.com\/wp-content\/uploads\/2021\/02\/sinai_monastery-e1612918091221.jpg?resize=150%2C150&ssl=1",150,150,true],"medium":["https:\/\/i0.wp.com\/landioustravel.com\/wp-content\/uploads\/2021\/02\/sinai_monastery-e1612918091221.jpg?fit=300%2C169&ssl=1",300,169,true],"medium_large":["https:\/\/i0.wp.com\/landioustravel.com\/wp-content\/uploads\/2021\/02\/sinai_monastery-e1612918091221.jpg?fit=768%2C432&ssl=1",768,432,true],"large":["https:\/\/i0.wp.com\/landioustravel.com\/wp-content\/uploads\/2021\/02\/sinai_monastery-e1612918091221.jpg?fit=980%2C551&ssl=1",980,551,true],"1536x1536":["https:\/\/i0.wp.com\/landioustravel.com\/wp-content\/uploads\/2021\/02\/sinai_monastery-e1612918091221.jpg?fit=1536%2C865&ssl=1",1536,865,true],"2048x2048":["https:\/\/i0.wp.com\/landioustravel.com\/wp-content\/uploads\/2021\/02\/sinai_monastery-e1612918091221.jpg?fit=2048%2C1153&ssl=1",2048,1153,true],"newspack-article-block-landscape-large":["https:\/\/i0.wp.com\/landioustravel.com\/wp-content\/uploads\/2021\/02\/sinai_monastery-e1612918091221.jpg?resize=1200%2C675&ssl=1",1200,900,true],"newspack-article-block-portrait-large":["https:\/\/i0.wp.com\/landioustravel.com\/wp-content\/uploads\/2021\/02\/sinai_monastery-e1612918091221.jpg?resize=900%2C675&ssl=1",900,675,true],"newspack-article-block-square-large":["https:\/\/i0.wp.com\/landioustravel.com\/wp-content\/uploads\/2021\/02\/sinai_monastery-e1612918091221.jpg?resize=1200%2C675&ssl=1",1200,1200,true],"newspack-article-block-landscape-medium":["https:\/\/i0.wp.com\/landioustravel.com\/wp-content\/uploads\/2021\/02\/sinai_monastery-e1612918091221.jpg?resize=800%2C600&ssl=1",800,600,true],"newspack-article-block-portrait-medium":["https:\/\/i0.wp.com\/landioustravel.com\/wp-content\/uploads\/2021\/02\/sinai_monastery-e1612918091221.jpg?resize=600%2C675&ssl=1",600,675,true],"newspack-article-block-square-medium":["https:\/\/i0.wp.com\/landioustravel.com\/wp-content\/uploads\/2021\/02\/sinai_monastery-e1612918091221.jpg?resize=800%2C675&ssl=1",800,675,true],"newspack-article-block-landscape-intermediate":["https:\/\/i0.wp.com\/landioustravel.com\/wp-content\/uploads\/2021\/02\/sinai_monastery-e1612918091221.jpg?resize=600%2C450&ssl=1",600,450,true],"newspack-article-block-portrait-intermediate":["https:\/\/i0.wp.com\/landioustravel.com\/wp-content\/uploads\/2021\/02\/sinai_monastery-e1612918091221.jpg?resize=450%2C600&ssl=1",450,600,true],"newspack-article-block-square-intermediate":["https:\/\/i0.wp.com\/landioustravel.com\/wp-content\/uploads\/2021\/02\/sinai_monastery-e1612918091221.jpg?resize=600%2C600&ssl=1",600,600,true],"newspack-article-block-landscape-small":["https:\/\/i0.wp.com\/landioustravel.com\/wp-content\/uploads\/2021\/02\/sinai_monastery-e1612918091221.jpg?resize=400%2C300&ssl=1",400,300,true],"newspack-article-block-portrait-small":["https:\/\/i0.wp.com\/landioustravel.com\/wp-content\/uploads\/2021\/02\/sinai_monastery-e1612918091221.jpg?resize=300%2C400&ssl=1",300,400,true],"newspack-article-block-square-small":["https:\/\/i0.wp.com\/landioustravel.com\/wp-content\/uploads\/2021\/02\/sinai_monastery-e1612918091221.jpg?resize=400%2C400&ssl=1",400,400,true],"newspack-article-block-landscape-tiny":["https:\/\/i0.wp.com\/landioustravel.com\/wp-content\/uploads\/2021\/02\/sinai_monastery-e1612918091221.jpg?resize=200%2C150&ssl=1",200,150,true],"newspack-article-block-portrait-tiny":["https:\/\/i0.wp.com\/landioustravel.com\/wp-content\/uploads\/2021\/02\/sinai_monastery-e1612918091221.jpg?resize=150%2C200&ssl=1",150,200,true],"newspack-article-block-square-tiny":["https:\/\/i0.wp.com\/landioustravel.com\/wp-content\/uploads\/2021\/02\/sinai_monastery-e1612918091221.jpg?resize=200%2C200&ssl=1",200,200,true],"newspack-article-block-uncropped":["https:\/\/i0.wp.com\/landioustravel.com\/wp-content\/uploads\/2021\/02\/sinai_monastery-e1612918091221.jpg?fit=1200%2C675&ssl=1",1200,675,true],"woocommerce_thumbnail":["https:\/\/i0.wp.com\/landioustravel.com\/wp-content\/uploads\/2021\/02\/sinai_monastery-e1612918091221.jpg?resize=324%2C324&ssl=1",324,324,true],"woocommerce_single":["https:\/\/i0.wp.com\/landioustravel.com\/wp-content\/uploads\/2021\/02\/sinai_monastery-e1612918091221.jpg?fit=416%2C234&ssl=1",416,234,true],"woocommerce_gallery_thumbnail":["https:\/\/i0.wp.com\/landioustravel.com\/wp-content\/uploads\/2021\/02\/sinai_monastery-e1612918091221.jpg?resize=100%2C100&ssl=1",100,100,true]},"uagb_author_info":{"display_name":"Mofreh Landious","author_link":"https:\/\/landioustravel.com\/sv\/author\/"},"uagb_comment_info":2,"uagb_excerpt":"Att utforska unika och imponerande platser \u00e4r en otrolig upplevelse som berikar v\u00e5ra sinnen och sj\u00e4lar. Uppstigningen till profeten Moses berg \u00e4r en resa fylld av andlig f\u00f6rfriskning och betydelsefulla bibliska och historiska h\u00e4ndelser. Under denna resa kommer du att kl\u00e4ttra upp p\u00e5 profeten Moses berg och bevittna soluppg\u00e5ngen p\u00e5 sin topp. Efter detta kommer&hellip;","jetpack_sharing_enabled":true,"jetpack_likes_enabled":true,"amp_enabled":true,"_links":{"self":[{"href":"https:\/\/landioustravel.com\/sv\/wp-json\/wp\/v2\/product\/26783","targetHints":{"allow":["GET"]}}],"collection":[{"href":"https:\/\/landioustravel.com\/sv\/wp-json\/wp\/v2\/product"}],"about":[{"href":"https:\/\/landioustravel.com\/sv\/wp-json\/wp\/v2\/types\/product"}],"replies":[{"embeddable":true,"href":"https:\/\/landioustravel.com\/sv\/wp-json\/wp\/v2\/comments?post=26783"}],"wp:featuredmedia":[{"embeddable":true,"href":"https:\/\/landioustravel.com\/sv\/wp-json\/wp\/v2\/media\/28496"}],"wp:attachment":[{"href":"https:\/\/landioustravel.com\/sv\/wp-json\/wp\/v2\/media?parent=26783"}],"wp:term":[{"taxonomy":"product_brand","embeddable":true,"href":"https:\/\/landioustravel.com\/sv\/wp-json\/wp\/v2\/product_brand?post=26783"},{"taxonomy":"product_cat","embeddable":true,"href":"https:\/\/landioustravel.com\/sv\/wp-json\/wp\/v2\/product_cat?post=26783"},{"taxonomy":"product_tag","embeddable":true,"href":"https:\/\/landioustravel.com\/sv\/wp-json\/wp\/v2\/product_tag?post=26783"}],"curies":[{"name":"wp","href":"https:\/\/api.w.org\/{rel}","templated":true}]}}