{"id":37414,"date":"2021-08-27T15:49:02","date_gmt":"2021-09-13T02:04:52","guid":{"rendered":"https:\/\/landioustravel.com\/?post_type=product&#038;p=37414"},"modified":"2023-06-22T05:52:01","modified_gmt":"2023-06-22T03:52:01","slug":"fyrhjulingstur-i-marsa-alam","status":"publish","type":"product","link":"https:\/\/landioustravel.com\/sv\/shop\/fyrhjulingstur-i-marsa-alam\/","title":{"rendered":"Fyrhjulingstur i Marsa Alam"},"content":{"rendered":"<p>Utforska \u00f6knen med fyrhjuling p\u00e5 denna sp\u00e4nnande turn\u00e9 fr\u00e5n Marsa Alam. Du f\u00e5r chansen att provk\u00f6ra och g\u00e5 i v\u00e4xel och g\u00e5 \u00f6ver sanddynerna. L\u00e5t \u00f6knen blinka f\u00f6rbi dig och k\u00e4nn adrenalinet rusa genom din kropp! Du kan ocks\u00e5 njuta av en kameltur innan du g\u00e5r tillbaka genom sanddynerna till startpunkten. En mycket aktiv resa f\u00f6r fyrhjuling i Marsa Alam, <a href=\"https:\/\/landioustravel.com\/sv\/egypten\/\">Egypten<\/a>! Vi rekommenderar utflykten eftersom den till\u00e5ter turister att ha det bra att \u00e5ka fyrhjuling. Dessutom kommer det att g\u00f6ra det m\u00f6jligt att uppt\u00e4cka \u00f6knen i Marsa Alam och l\u00e4ra k\u00e4nna beduinernas kultur. Det \u00e4r en h\u00e4rlig upplevelse f\u00f6r en tre timmars moto-safari i Marsa Alam! ONLINEBOKNING Fyrhjulingstur i Marsa Alam OCH B\u00c4STA PRIS! Denna resa kommer att vara en l\u00e5ng str\u00e4cka i \u00f6knen &#8211; 25 km.<\/p>\n<h2>H\u00f6jdpunkter p\u00e5 tre timmar Moto safari Marsa Alam<\/h2>\n<ul>\n<li>Fyrhjuling p\u00e5 ett avst\u00e5nd av 50 km i \u00f6knen.<\/li>\n<li>Kamel ridning i \u00f6knen.<\/li>\n<li>Dessutom dricker te i beduint\u00e4ltet.<\/li>\n<\/ul>\n<h2>Program f\u00f6r fyrhjuling<\/h2>\n<ul>\n<li>F\u00f6rst och fr\u00e4mst kommer representanten f\u00f6r Landious Travel att h\u00e4mta dig fr\u00e5n hotellet cirka 08:00.<\/li>\n<li>F\u00f6r det andra, efter att ha h\u00e4mtat alla som kommer, kommer v\u00e5r minibuss\/jeep \u00e5ka till \u00f6knen med en fyrhjulingbas &#8211; Sheikh Malek som ligger 25 kilometer norr om Marsa Alam flygplats. V\u00e4gen till denna bas tar cirka 30 minuter.<\/li>\n<\/ul>\n<h3>Uppv\u00e4rmning och instruktion<\/h3>\n<ul>\n<li>N\u00e4r du v\u00e4l har kommit dit m\u00e5ste du i grunden g\u00f6ra dig redo. Du kommer att g\u00f6ra det genom att s\u00e4tta en halsduk p\u00e5 huvudet, hj\u00e4lmen och b\u00e4ra solglas\u00f6gon. D\u00e4refter f\u00e5r du en fyrl\u00f6pare f\u00f6r ett k\u00f6rprov innan du b\u00f6rjar \u00e4ventyret att k\u00f6ra 22 kilometer mellan bergen i \u00f6stra \u00f6knen.<\/li>\n<li>P\u00e5 din v\u00e4g mot Beduin -t\u00e4ltet stannar du tv\u00e5 eller tre g\u00e5nger f\u00f6r att bes\u00f6ka beduinerna och vila. Sedan \u00e4r det instruktion och tr\u00e4ning en stund.<\/li>\n<\/ul>\n<h4>Fyrhjuling mot beduinerna<\/h4>\n<ul>\n<li>D\u00e4refter kommer du att njuta av att cykla mot Bedouin Village. D\u00e4refter kommer du att k\u00f6ra 25 km \u00f6ver \u00f6knen till beduinbyen. S\u00e5 fort du anl\u00e4nder till beduinbyen kommer du att k\u00f6ra p\u00e5 kamel. P\u00e5 denna plats kommer du att kunna ta bilder med beduinerna. Du kommer senare att f\u00e5 m\u00f6jlighet att uppleva ett beduint te, ta en kameltur innan du k\u00f6r tillbaka din motorcykel till fyrhjulingsstationen.<\/li>\n<li>Efter kamelridningen f\u00f6ljer din guide dig till beduint\u00e4ltet. I detta t\u00e4lt kommer du att dricka en kopp te. Dessutom kommer du att kunna st\u00e4lla de guidefr\u00e5gor du beh\u00f6ver f\u00f6r att f\u00e5 ett svar.<\/li>\n<\/ul>\n<h4>Fyrhjuling mot stationen<\/h4>\n<ul>\n<li>\u00c5terigen m\u00e5ste du g\u00f6ra dig redo att k\u00f6ra tillbaka. V\u00e4gen tillbaka \u00e4r samma str\u00e4cka-25 km fr\u00e5n basen. Denna fyrhjulingscykelsafari tar vanligtvis tre timmar.<\/li>\n<li>N\u00e4r du \u00e4r klar med ditt \u00e4ventyr och din trevliga aktivitet startar en bild- och DVD -briefing. Innan fyrhjulingen startar kommer tr\u00e4naren att erbjuda dig att ta n\u00e5gra bilder. Naturligtvis kommer det att vara en utm\u00e4rkt chans att memorera dessa underbara stunder. Efter\u00e5t kommer fotografen att erbjuda dig dessa bilder mot en extra kostnad. Priset p\u00e5 dessa bilder varierar beroende p\u00e5 deras storlek. Det blir n\u00e5got valfritt att ha. DVD -informationen kommer att p\u00e5g\u00e5 i 10 minuter.<\/li>\n<\/ul>\n<h5>Hem Tillbaka<\/h5>\n<ul>\n<li>Slutligen kommer vi att eskortera dig tillbaka till dina hotell i Marsa Alam.<\/li>\n<li>Denna fyrhjulingssafari i Marsa Alam slutar ungef\u00e4r vid middagstid.<\/li>\n<\/ul>\n<h2>Vad inkluderar priset f\u00f6r fyrhjulingstur Marsa Alam?<\/h2>\n<ul>\n<li>Transfer till \u00f6knen och tillbaka till hotellet.<\/li>\n<\/ul>\n<h2>Vad inneh\u00e5ller inte programmet f\u00f6r fyrhjulingstur Marsa Alam?<\/h2>\n<ul>\n<li>Video DVD.<\/li>\n<li>\u00c4ven foto -CD: n.<\/li>\n<\/ul>\n<h2>Vad ska du ta f\u00f6r den tre timmar l\u00e5nga moto-safari-resan?<\/h2>\n<ul>\n<li>Scarf.<\/li>\n<li>Ocks\u00e5 solglas\u00f6gon.<\/li>\n<\/ul>\n<h2>Tre timmar Moto Safari Marsa Alam bokningsdagar<\/h2>\n<ul>\n<li>Varje dag fr\u00e5n kl. 08.00 till 12.00.<\/li>\n<\/ul>\n","protected":false},"excerpt":{"rendered":"<p>Upplev det ultimata \u00e4ventyret i den fantastiska \u00f6knen Marsa Alam med v\u00e5r fyrhjulingstur! Denna sp\u00e4nnande tre timmar l\u00e5nga safaritur tar dig p\u00e5 en of\u00f6rgl\u00f6mlig resa genom Marsa Alam-bergen, d\u00e4r du f\u00e5r chansen att rida p\u00e5 en kamel och utforska beduinernas livsstil. Kom p\u00e5 n\u00e4ra h\u00e5ll med Egyptens otroliga \u00f6kennatur och f\u00f6rdjupa dig i beduinernas fascinerande kultur.<\/p>\n<p>K\u00e4nn str\u00f6mmen av adrenalin n\u00e4r du rusar genom den ol\u00e4ndiga terr\u00e4ngen och tar in den hisnande utsikten \u00f6ver \u00f6knen l\u00e4ngs v\u00e4gen. Uppt\u00e4ck beduinernas hemligheter och deras traditioner, fr\u00e5n deras hem och mat till deras utbildning och religion. Och gl\u00f6m inte att ladda din energi med en uppfriskande kopp te medan du beundrar det fantastiska landskapet.<\/p>\n<p>V\u00e5r morgonfyrhjuling Desert Safari resplan \u00e4r designad f\u00f6r att ge dig den ultimata \u00e4ventyrsupplevelsen. Du kommer att h\u00e4mtas fr\u00e5n ditt hotell av v\u00e5r v\u00e4nliga representant och tas till Sheikh Malek \u2013 m\u00f6tesplatsen som ligger bara 25 km norr om Marsa Alam flygplats. H\u00e4r f\u00e5r du provk\u00f6ra din fyrhjuling innan du ger dig ut p\u00e5 en sp\u00e4nnande 22 km l\u00e5ng resa genom de \u00f6stra \u00f6kenbergen.<\/p>\n<p>G\u00f6r flera stopp l\u00e4ngs v\u00e4gen f\u00f6r att bes\u00f6ka beduinstammen och l\u00e4ra dig om deras fascinerande livsstil. Smutta p\u00e5 lite traditionellt beduint\u00e9, ta en kameltur och f\u00f6rs\u00f6k till och med r\u00f6ka en vattenpipa innan du hoppar tillbaka p\u00e5 din fyrhjuling och g\u00e5r tillbaka till stationen. V\u00e5rt resepris inkluderar transfer och en l\u00e4cker kopp te, s\u00e5 att du kan luta dig tillbaka, koppla av och njuta av resan. Detta \u00e4r en of\u00f6rgl\u00f6mlig upplevelse som du inte vill missa!<\/p>\n","protected":false},"featured_media":127636,"comment_status":"open","ping_status":"closed","template":"","meta":{"_coblocks_attr":"","_coblocks_dimensions":"","_coblocks_responsive_height":"","_coblocks_accordion_ie_support":"","_uag_custom_page_level_css":"","jetpack_publicize_message":"","jetpack_publicize_feature_enabled":true,"jetpack_social_post_already_shared":true,"jetpack_social_options":{"image_generator_settings":{"template":"highway","default_image_id":0,"font":"","enabled":false},"version":2},"_wpas_customize_per_network":false},"product_brand":[],"product_cat":[18877,19612],"product_tag":[18978,19018,19017,18998],"class_list":{"0":"post-37414","1":"product","2":"type-product","3":"status-publish","4":"has-post-thumbnail","6":"product_cat-marsa-alam-utflykter","7":"product_cat-safari-aventyr-marsa-alam","8":"product_tag-okonsafari","9":"product_tag-en-safari","10":"product_tag-fyrhjuling","11":"product_tag-utflykt","13":"first","14":"instock","15":"sale","16":"taxable","17":"shipping-taxable","18":"purchasable","19":"product-type-variable"},"yoast_head":"<!-- This site is optimized with the Yoast SEO Premium plugin v26.9 (Yoast SEO v27.4) - https:\/\/yoast.com\/product\/yoast-seo-premium-wordpress\/ -->\n<title>Fyrhjulingstur i Marsa Alam - Boka nu - Landious Travel<\/title>\n<meta name=\"description\" content=\"Fyrhjulingstur i Marsa Alam Utforska \u00f6knen med fyrhjuling p\u00e5 denna sp\u00e4nnande turn\u00e9 fr\u00e5n Marsa Alam. Du f\u00e5r chansen att provk\u00f6ra och g\u00e5 i\" \/>\n<meta name=\"robots\" content=\"index, follow, max-snippet:-1, max-image-preview:large, max-video-preview:-1\" \/>\n<link rel=\"canonical\" href=\"https:\/\/landioustravel.com\/sv\/shop\/fyrhjulingstur-i-marsa-alam\/\" \/>\n<meta property=\"og:locale\" content=\"sv_SE\" \/>\n<meta property=\"og:type\" content=\"article\" \/>\n<meta property=\"og:title\" content=\"Fyrhjulingstur i Marsa Alam\" \/>\n<meta property=\"og:description\" content=\"Landious Travel\" \/>\n<meta property=\"og:url\" content=\"https:\/\/landioustravel.com\/sv\/shop\/fyrhjulingstur-i-marsa-alam\/\" \/>\n<meta property=\"og:site_name\" content=\"Landious Travel\" \/>\n<meta property=\"article:publisher\" content=\"https:\/\/web.facebook.com\/landiousEgypt\" \/>\n<meta property=\"article:modified_time\" content=\"2023-06-22T03:52:01+00:00\" \/>\n<meta property=\"og:image\" content=\"https:\/\/i0.wp.com\/landioustravel.com\/wp-content\/uploads\/2021\/08\/Quad-Biking-Trip-Marsa-Alam.jpeg?fit=900%2C600&ssl=1\" \/>\n\t<meta property=\"og:image:width\" content=\"900\" \/>\n\t<meta property=\"og:image:height\" content=\"600\" \/>\n\t<meta property=\"og:image:type\" content=\"image\/jpeg\" \/>\n<meta name=\"twitter:card\" content=\"summary_large_image\" \/>\n<meta name=\"twitter:site\" content=\"@LandiousTours\" \/>\n<meta name=\"twitter:label1\" content=\"Ber\u00e4knad l\u00e4stid\" \/>\n\t<meta name=\"twitter:data1\" content=\"3 minuter\" \/>\n<script type=\"application\/ld+json\" class=\"yoast-schema-graph\">{\"@context\":\"https:\\\/\\\/schema.org\",\"@graph\":[{\"@type\":\"WebPage\",\"@id\":\"https:\\\/\\\/landioustravel.com\\\/sv\\\/shop\\\/fyrhjulingstur-i-marsa-alam\\\/\",\"url\":\"https:\\\/\\\/landioustravel.com\\\/sv\\\/shop\\\/fyrhjulingstur-i-marsa-alam\\\/\",\"name\":\"Fyrhjulingstur i Marsa Alam - Boka nu - Landious Travel\",\"isPartOf\":{\"@id\":\"https:\\\/\\\/landioustravel.com\\\/sv\\\/#website\"},\"primaryImageOfPage\":{\"@id\":\"https:\\\/\\\/landioustravel.com\\\/sv\\\/shop\\\/fyrhjulingstur-i-marsa-alam\\\/#primaryimage\"},\"image\":{\"@id\":\"https:\\\/\\\/landioustravel.com\\\/sv\\\/shop\\\/fyrhjulingstur-i-marsa-alam\\\/#primaryimage\"},\"thumbnailUrl\":\"https:\\\/\\\/i0.wp.com\\\/landioustravel.com\\\/wp-content\\\/uploads\\\/2021\\\/08\\\/Quad-Biking-Trip-Marsa-Alam.jpeg?fit=900%2C600&ssl=1\",\"datePublished\":\"2021-09-13T02:04:52+00:00\",\"dateModified\":\"2023-06-22T03:52:01+00:00\",\"description\":\"Fyrhjulingstur i Marsa Alam Utforska \u00f6knen med fyrhjuling p\u00e5 denna sp\u00e4nnande turn\u00e9 fr\u00e5n Marsa Alam. Du f\u00e5r chansen att provk\u00f6ra och g\u00e5 i\",\"breadcrumb\":{\"@id\":\"https:\\\/\\\/landioustravel.com\\\/sv\\\/shop\\\/fyrhjulingstur-i-marsa-alam\\\/#breadcrumb\"},\"inLanguage\":\"sv-SE\",\"potentialAction\":[{\"@type\":\"ReadAction\",\"target\":[\"https:\\\/\\\/landioustravel.com\\\/sv\\\/shop\\\/fyrhjulingstur-i-marsa-alam\\\/\"]}]},{\"@type\":\"ImageObject\",\"inLanguage\":\"sv-SE\",\"@id\":\"https:\\\/\\\/landioustravel.com\\\/sv\\\/shop\\\/fyrhjulingstur-i-marsa-alam\\\/#primaryimage\",\"url\":\"https:\\\/\\\/i0.wp.com\\\/landioustravel.com\\\/wp-content\\\/uploads\\\/2021\\\/08\\\/Quad-Biking-Trip-Marsa-Alam.jpeg?fit=900%2C600&ssl=1\",\"contentUrl\":\"https:\\\/\\\/i0.wp.com\\\/landioustravel.com\\\/wp-content\\\/uploads\\\/2021\\\/08\\\/Quad-Biking-Trip-Marsa-Alam.jpeg?fit=900%2C600&ssl=1\",\"width\":900,\"height\":600,\"caption\":\"Quad Biking Trip Marsa Alam\"},{\"@type\":\"BreadcrumbList\",\"@id\":\"https:\\\/\\\/landioustravel.com\\\/sv\\\/shop\\\/fyrhjulingstur-i-marsa-alam\\\/#breadcrumb\",\"itemListElement\":[{\"@type\":\"ListItem\",\"position\":1,\"name\":\"Home\",\"item\":\"https:\\\/\\\/landioustravel.com\\\/sv\\\/\"},{\"@type\":\"ListItem\",\"position\":2,\"name\":\"Tj\u00e4nster &#038; turer\",\"item\":\"https:\\\/\\\/landioustravel.com\\\/sv\\\/\"},{\"@type\":\"ListItem\",\"position\":3,\"name\":\"Fyrhjulingstur i Marsa Alam\"}]},{\"@type\":\"WebSite\",\"@id\":\"https:\\\/\\\/landioustravel.com\\\/sv\\\/#website\",\"url\":\"https:\\\/\\\/landioustravel.com\\\/sv\\\/\",\"name\":\"Landious Travel\",\"description\":\"Excursions, trips and cruises in Egypt\",\"publisher\":{\"@id\":\"https:\\\/\\\/landioustravel.com\\\/sv\\\/#organization\"},\"potentialAction\":[{\"@type\":\"SearchAction\",\"target\":{\"@type\":\"EntryPoint\",\"urlTemplate\":\"https:\\\/\\\/landioustravel.com\\\/sv\\\/?s={search_term_string}\"},\"query-input\":{\"@type\":\"PropertyValueSpecification\",\"valueRequired\":true,\"valueName\":\"search_term_string\"}}],\"inLanguage\":\"sv-SE\"},{\"@type\":[\"Organization\",\"Place\"],\"@id\":\"https:\\\/\\\/landioustravel.com\\\/sv\\\/#organization\",\"name\":\"Landious Travel\",\"alternateName\":\"Landious Travel\",\"url\":\"https:\\\/\\\/landioustravel.com\\\/sv\\\/\",\"logo\":{\"@id\":\"https:\\\/\\\/landioustravel.com\\\/sv\\\/shop\\\/fyrhjulingstur-i-marsa-alam\\\/#local-main-organization-logo\"},\"image\":{\"@id\":\"https:\\\/\\\/landioustravel.com\\\/sv\\\/shop\\\/fyrhjulingstur-i-marsa-alam\\\/#local-main-organization-logo\"},\"sameAs\":[\"https:\\\/\\\/web.facebook.com\\\/landiousEgypt\",\"https:\\\/\\\/x.com\\\/LandiousTours\",\"https:\\\/\\\/mastodon.social\\\/@landious\"],\"legalName\":\"Landious Travel\",\"telephone\":[],\"openingHoursSpecification\":[{\"@type\":\"OpeningHoursSpecification\",\"dayOfWeek\":[\"Monday\",\"Tuesday\",\"Wednesday\",\"Thursday\",\"Friday\",\"Saturday\",\"Sunday\"],\"opens\":\"09:00\",\"closes\":\"17:00\"}]},{\"@type\":\"ImageObject\",\"inLanguage\":\"sv-SE\",\"@id\":\"https:\\\/\\\/landioustravel.com\\\/sv\\\/shop\\\/fyrhjulingstur-i-marsa-alam\\\/#local-main-organization-logo\",\"url\":\"https:\\\/\\\/i0.wp.com\\\/landioustravel.com\\\/wp-content\\\/uploads\\\/2021\\\/06\\\/Landious-T.png?fit=500%2C500&ssl=1\",\"contentUrl\":\"https:\\\/\\\/i0.wp.com\\\/landioustravel.com\\\/wp-content\\\/uploads\\\/2021\\\/06\\\/Landious-T.png?fit=500%2C500&ssl=1\",\"width\":500,\"height\":500,\"caption\":\"Landious Travel\"}]}<\/script>\n<!-- \/ Yoast SEO Premium plugin. -->","yoast_head_json":{"title":"Fyrhjulingstur i Marsa Alam - Boka nu - Landious Travel","description":"Fyrhjulingstur i Marsa Alam Utforska \u00f6knen med fyrhjuling p\u00e5 denna sp\u00e4nnande turn\u00e9 fr\u00e5n Marsa Alam. Du f\u00e5r chansen att provk\u00f6ra och g\u00e5 i","robots":{"index":"index","follow":"follow","max-snippet":"max-snippet:-1","max-image-preview":"max-image-preview:large","max-video-preview":"max-video-preview:-1"},"canonical":"https:\/\/landioustravel.com\/sv\/shop\/fyrhjulingstur-i-marsa-alam\/","og_locale":"sv_SE","og_type":"article","og_title":"Fyrhjulingstur i Marsa Alam","og_description":"Landious Travel","og_url":"https:\/\/landioustravel.com\/sv\/shop\/fyrhjulingstur-i-marsa-alam\/","og_site_name":"Landious Travel","article_publisher":"https:\/\/web.facebook.com\/landiousEgypt","article_modified_time":"2023-06-22T03:52:01+00:00","og_image":[{"width":900,"height":600,"url":"https:\/\/i0.wp.com\/landioustravel.com\/wp-content\/uploads\/2021\/08\/Quad-Biking-Trip-Marsa-Alam.jpeg?fit=900%2C600&ssl=1","type":"image\/jpeg"}],"twitter_card":"summary_large_image","twitter_site":"@LandiousTours","twitter_misc":{"Ber\u00e4knad l\u00e4stid":"3 minuter"},"schema":{"@context":"https:\/\/schema.org","@graph":[{"@type":"WebPage","@id":"https:\/\/landioustravel.com\/sv\/shop\/fyrhjulingstur-i-marsa-alam\/","url":"https:\/\/landioustravel.com\/sv\/shop\/fyrhjulingstur-i-marsa-alam\/","name":"Fyrhjulingstur i Marsa Alam - Boka nu - Landious Travel","isPartOf":{"@id":"https:\/\/landioustravel.com\/sv\/#website"},"primaryImageOfPage":{"@id":"https:\/\/landioustravel.com\/sv\/shop\/fyrhjulingstur-i-marsa-alam\/#primaryimage"},"image":{"@id":"https:\/\/landioustravel.com\/sv\/shop\/fyrhjulingstur-i-marsa-alam\/#primaryimage"},"thumbnailUrl":"https:\/\/i0.wp.com\/landioustravel.com\/wp-content\/uploads\/2021\/08\/Quad-Biking-Trip-Marsa-Alam.jpeg?fit=900%2C600&ssl=1","datePublished":"2021-09-13T02:04:52+00:00","dateModified":"2023-06-22T03:52:01+00:00","description":"Fyrhjulingstur i Marsa Alam Utforska \u00f6knen med fyrhjuling p\u00e5 denna sp\u00e4nnande turn\u00e9 fr\u00e5n Marsa Alam. Du f\u00e5r chansen att provk\u00f6ra och g\u00e5 i","breadcrumb":{"@id":"https:\/\/landioustravel.com\/sv\/shop\/fyrhjulingstur-i-marsa-alam\/#breadcrumb"},"inLanguage":"sv-SE","potentialAction":[{"@type":"ReadAction","target":["https:\/\/landioustravel.com\/sv\/shop\/fyrhjulingstur-i-marsa-alam\/"]}]},{"@type":"ImageObject","inLanguage":"sv-SE","@id":"https:\/\/landioustravel.com\/sv\/shop\/fyrhjulingstur-i-marsa-alam\/#primaryimage","url":"https:\/\/i0.wp.com\/landioustravel.com\/wp-content\/uploads\/2021\/08\/Quad-Biking-Trip-Marsa-Alam.jpeg?fit=900%2C600&ssl=1","contentUrl":"https:\/\/i0.wp.com\/landioustravel.com\/wp-content\/uploads\/2021\/08\/Quad-Biking-Trip-Marsa-Alam.jpeg?fit=900%2C600&ssl=1","width":900,"height":600,"caption":"Quad Biking Trip Marsa Alam"},{"@type":"BreadcrumbList","@id":"https:\/\/landioustravel.com\/sv\/shop\/fyrhjulingstur-i-marsa-alam\/#breadcrumb","itemListElement":[{"@type":"ListItem","position":1,"name":"Home","item":"https:\/\/landioustravel.com\/sv\/"},{"@type":"ListItem","position":2,"name":"Tj\u00e4nster &#038; turer","item":"https:\/\/landioustravel.com\/sv\/"},{"@type":"ListItem","position":3,"name":"Fyrhjulingstur i Marsa Alam"}]},{"@type":"WebSite","@id":"https:\/\/landioustravel.com\/sv\/#website","url":"https:\/\/landioustravel.com\/sv\/","name":"Landious Travel","description":"Excursions, trips and cruises in Egypt","publisher":{"@id":"https:\/\/landioustravel.com\/sv\/#organization"},"potentialAction":[{"@type":"SearchAction","target":{"@type":"EntryPoint","urlTemplate":"https:\/\/landioustravel.com\/sv\/?s={search_term_string}"},"query-input":{"@type":"PropertyValueSpecification","valueRequired":true,"valueName":"search_term_string"}}],"inLanguage":"sv-SE"},{"@type":["Organization","Place"],"@id":"https:\/\/landioustravel.com\/sv\/#organization","name":"Landious Travel","alternateName":"Landious Travel","url":"https:\/\/landioustravel.com\/sv\/","logo":{"@id":"https:\/\/landioustravel.com\/sv\/shop\/fyrhjulingstur-i-marsa-alam\/#local-main-organization-logo"},"image":{"@id":"https:\/\/landioustravel.com\/sv\/shop\/fyrhjulingstur-i-marsa-alam\/#local-main-organization-logo"},"sameAs":["https:\/\/web.facebook.com\/landiousEgypt","https:\/\/x.com\/LandiousTours","https:\/\/mastodon.social\/@landious"],"legalName":"Landious Travel","telephone":[],"openingHoursSpecification":[{"@type":"OpeningHoursSpecification","dayOfWeek":["Monday","Tuesday","Wednesday","Thursday","Friday","Saturday","Sunday"],"opens":"09:00","closes":"17:00"}]},{"@type":"ImageObject","inLanguage":"sv-SE","@id":"https:\/\/landioustravel.com\/sv\/shop\/fyrhjulingstur-i-marsa-alam\/#local-main-organization-logo","url":"https:\/\/i0.wp.com\/landioustravel.com\/wp-content\/uploads\/2021\/06\/Landious-T.png?fit=500%2C500&ssl=1","contentUrl":"https:\/\/i0.wp.com\/landioustravel.com\/wp-content\/uploads\/2021\/06\/Landious-T.png?fit=500%2C500&ssl=1","width":500,"height":500,"caption":"Landious Travel"}]}},"jetpack_publicize_connections":[],"uagb_featured_image_src":{"full":["https:\/\/i0.wp.com\/landioustravel.com\/wp-content\/uploads\/2021\/08\/Quad-Biking-Trip-Marsa-Alam.jpeg?fit=900%2C600&ssl=1",900,600,false],"thumbnail":["https:\/\/i0.wp.com\/landioustravel.com\/wp-content\/uploads\/2021\/08\/Quad-Biking-Trip-Marsa-Alam.jpeg?resize=150%2C150&ssl=1",150,150,true],"medium":["https:\/\/i0.wp.com\/landioustravel.com\/wp-content\/uploads\/2021\/08\/Quad-Biking-Trip-Marsa-Alam.jpeg?fit=300%2C200&ssl=1",300,200,true],"medium_large":["https:\/\/i0.wp.com\/landioustravel.com\/wp-content\/uploads\/2021\/08\/Quad-Biking-Trip-Marsa-Alam.jpeg?fit=768%2C512&ssl=1",768,512,true],"large":["https:\/\/i0.wp.com\/landioustravel.com\/wp-content\/uploads\/2021\/08\/Quad-Biking-Trip-Marsa-Alam.jpeg?fit=900%2C600&ssl=1",900,600,true],"1536x1536":["https:\/\/i0.wp.com\/landioustravel.com\/wp-content\/uploads\/2021\/08\/Quad-Biking-Trip-Marsa-Alam.jpeg?fit=900%2C600&ssl=1",900,600,true],"2048x2048":["https:\/\/i0.wp.com\/landioustravel.com\/wp-content\/uploads\/2021\/08\/Quad-Biking-Trip-Marsa-Alam.jpeg?fit=900%2C600&ssl=1",900,600,true],"newspack-article-block-landscape-large":["https:\/\/i0.wp.com\/landioustravel.com\/wp-content\/uploads\/2021\/08\/Quad-Biking-Trip-Marsa-Alam.jpeg?resize=900%2C600&ssl=1",900,600,true],"newspack-article-block-portrait-large":["https:\/\/i0.wp.com\/landioustravel.com\/wp-content\/uploads\/2021\/08\/Quad-Biking-Trip-Marsa-Alam.jpeg?resize=900%2C600&ssl=1",900,600,true],"newspack-article-block-square-large":["https:\/\/i0.wp.com\/landioustravel.com\/wp-content\/uploads\/2021\/08\/Quad-Biking-Trip-Marsa-Alam.jpeg?resize=900%2C600&ssl=1",900,600,true],"newspack-article-block-landscape-medium":["https:\/\/i0.wp.com\/landioustravel.com\/wp-content\/uploads\/2021\/08\/Quad-Biking-Trip-Marsa-Alam.jpeg?resize=800%2C600&ssl=1",800,600,true],"newspack-article-block-portrait-medium":["https:\/\/i0.wp.com\/landioustravel.com\/wp-content\/uploads\/2021\/08\/Quad-Biking-Trip-Marsa-Alam.jpeg?resize=600%2C600&ssl=1",600,600,true],"newspack-article-block-square-medium":["https:\/\/i0.wp.com\/landioustravel.com\/wp-content\/uploads\/2021\/08\/Quad-Biking-Trip-Marsa-Alam.jpeg?resize=800%2C600&ssl=1",800,600,true],"newspack-article-block-landscape-intermediate":["https:\/\/i0.wp.com\/landioustravel.com\/wp-content\/uploads\/2021\/08\/Quad-Biking-Trip-Marsa-Alam.jpeg?resize=600%2C450&ssl=1",600,450,true],"newspack-article-block-portrait-intermediate":["https:\/\/i0.wp.com\/landioustravel.com\/wp-content\/uploads\/2021\/08\/Quad-Biking-Trip-Marsa-Alam.jpeg?resize=450%2C600&ssl=1",450,600,true],"newspack-article-block-square-intermediate":["https:\/\/i0.wp.com\/landioustravel.com\/wp-content\/uploads\/2021\/08\/Quad-Biking-Trip-Marsa-Alam.jpeg?resize=600%2C600&ssl=1",600,600,true],"newspack-article-block-landscape-small":["https:\/\/i0.wp.com\/landioustravel.com\/wp-content\/uploads\/2021\/08\/Quad-Biking-Trip-Marsa-Alam.jpeg?resize=400%2C300&ssl=1",400,300,true],"newspack-article-block-portrait-small":["https:\/\/i0.wp.com\/landioustravel.com\/wp-content\/uploads\/2021\/08\/Quad-Biking-Trip-Marsa-Alam.jpeg?resize=300%2C400&ssl=1",300,400,true],"newspack-article-block-square-small":["https:\/\/i0.wp.com\/landioustravel.com\/wp-content\/uploads\/2021\/08\/Quad-Biking-Trip-Marsa-Alam.jpeg?resize=400%2C400&ssl=1",400,400,true],"newspack-article-block-landscape-tiny":["https:\/\/i0.wp.com\/landioustravel.com\/wp-content\/uploads\/2021\/08\/Quad-Biking-Trip-Marsa-Alam.jpeg?resize=200%2C150&ssl=1",200,150,true],"newspack-article-block-portrait-tiny":["https:\/\/i0.wp.com\/landioustravel.com\/wp-content\/uploads\/2021\/08\/Quad-Biking-Trip-Marsa-Alam.jpeg?resize=150%2C200&ssl=1",150,200,true],"newspack-article-block-square-tiny":["https:\/\/i0.wp.com\/landioustravel.com\/wp-content\/uploads\/2021\/08\/Quad-Biking-Trip-Marsa-Alam.jpeg?resize=200%2C200&ssl=1",200,200,true],"newspack-article-block-uncropped":["https:\/\/i0.wp.com\/landioustravel.com\/wp-content\/uploads\/2021\/08\/Quad-Biking-Trip-Marsa-Alam.jpeg?fit=900%2C600&ssl=1",900,600,true],"woocommerce_thumbnail":["https:\/\/i0.wp.com\/landioustravel.com\/wp-content\/uploads\/2021\/08\/Quad-Biking-Trip-Marsa-Alam.jpeg?resize=324%2C324&ssl=1",324,324,true],"woocommerce_single":["https:\/\/i0.wp.com\/landioustravel.com\/wp-content\/uploads\/2021\/08\/Quad-Biking-Trip-Marsa-Alam.jpeg?fit=416%2C277&ssl=1",416,277,true],"woocommerce_gallery_thumbnail":["https:\/\/i0.wp.com\/landioustravel.com\/wp-content\/uploads\/2021\/08\/Quad-Biking-Trip-Marsa-Alam.jpeg?resize=100%2C100&ssl=1",100,100,true]},"uagb_author_info":{"display_name":"Mofreh Landious","author_link":"https:\/\/landioustravel.com\/sv\/author\/"},"uagb_comment_info":0,"uagb_excerpt":"Upplev det ultimata \u00e4ventyret i den fantastiska \u00f6knen Marsa Alam med v\u00e5r fyrhjulingstur! Denna sp\u00e4nnande tre timmar l\u00e5nga safaritur tar dig p\u00e5 en of\u00f6rgl\u00f6mlig resa genom Marsa Alam-bergen, d\u00e4r du f\u00e5r chansen att rida p\u00e5 en kamel och utforska beduinernas livsstil. Kom p\u00e5 n\u00e4ra h\u00e5ll med Egyptens otroliga \u00f6kennatur och f\u00f6rdjupa dig i beduinernas fascinerande&hellip;","jetpack_sharing_enabled":true,"jetpack_likes_enabled":true,"amp_enabled":true,"_links":{"self":[{"href":"https:\/\/landioustravel.com\/sv\/wp-json\/wp\/v2\/product\/37414","targetHints":{"allow":["GET"]}}],"collection":[{"href":"https:\/\/landioustravel.com\/sv\/wp-json\/wp\/v2\/product"}],"about":[{"href":"https:\/\/landioustravel.com\/sv\/wp-json\/wp\/v2\/types\/product"}],"replies":[{"embeddable":true,"href":"https:\/\/landioustravel.com\/sv\/wp-json\/wp\/v2\/comments?post=37414"}],"wp:featuredmedia":[{"embeddable":true,"href":"https:\/\/landioustravel.com\/sv\/wp-json\/wp\/v2\/media\/127636"}],"wp:attachment":[{"href":"https:\/\/landioustravel.com\/sv\/wp-json\/wp\/v2\/media?parent=37414"}],"wp:term":[{"taxonomy":"product_brand","embeddable":true,"href":"https:\/\/landioustravel.com\/sv\/wp-json\/wp\/v2\/product_brand?post=37414"},{"taxonomy":"product_cat","embeddable":true,"href":"https:\/\/landioustravel.com\/sv\/wp-json\/wp\/v2\/product_cat?post=37414"},{"taxonomy":"product_tag","embeddable":true,"href":"https:\/\/landioustravel.com\/sv\/wp-json\/wp\/v2\/product_tag?post=37414"}],"curies":[{"name":"wp","href":"https:\/\/api.w.org\/{rel}","templated":true}]}}