{"id":39688,"date":"2021-11-07T05:25:25","date_gmt":"2021-11-08T17:12:12","guid":{"rendered":"https:\/\/landioustravel.com\/?post_type=product&#038;p=39688"},"modified":"2025-11-10T19:14:10","modified_gmt":"2025-11-10T17:14:10","slug":"kairoresa-hurghada-flyg","status":"publish","type":"product","link":"https:\/\/landioustravel.com\/sv\/shop\/kairoresa-hurghada-flyg\/","title":{"rendered":"Kairoresa Hurghada med flyg"},"content":{"rendered":"<p>Det \u00e4r en fantastisk resa till <a href=\"https:\/\/landioustravel.com\/sv\/egypten\/egyptiska-stader\/kairo-guvernement\/\">Kairo<\/a> fr\u00e5n <a href=\"https:\/\/landioustravel.com\/sv\/hurghada-stad\/\">Hurghada<\/a> med flyg, <a href=\"https:\/\/landioustravel.com\/sv\/egypten\/\">Egypten<\/a>! Vi rekommenderar denna resa eftersom den till\u00e5ter turister att se de mest imponerande sev\u00e4rdheterna och l\u00e4ra sig mer om <a href=\"https:\/\/landioustravel.com\/sv\/egypten\/egyptens-historia\/\">landets historia<\/a>. Naturligtvis g\u00e5r denna resa till de stora <a href=\"https:\/\/landioustravel.com\/sv\/giza-pyramidkomplex\/\">pyramiderna<\/a> och den gigantiska <a href=\"https:\/\/landioustravel.com\/sv\/giza-pyramidkomplex\/stor-sfinx\/\">sfinxen<\/a> i Giza.<\/p>\n<p>Dessutom g\u00e5r den till det <a href=\"https:\/\/landioustravel.com\/sv\/egyptiska-museet\/\">egyptiska museet<\/a> i Kairo. Dessutom kommer passagerarna p\u00e5 resan att g\u00f6ra denna efterl\u00e4ngtade resa utan att f\u00f6rlora mycket tid. I allm\u00e4nhet sparar det tid att resa med flyg. ONLINEBOKNING KAIRORESA HURGHADA MED FLYG OCH B\u00c4STA PRIS!<\/p>\n<h2>H\u00f6jdpunkter p\u00e5 resan till Kairo fr\u00e5n Hurghada med flyg<\/h2>\n<ul>\n<li>Bes\u00f6k det egyptiska museet i Kairo.<\/li>\n<li>Lunch p\u00e5 en restaurang.<\/li>\n<li>Bes\u00f6k de tre pyramiderna i Giza.<\/li>\n<li>\u00c4ven den stora sfinxen vid pyramidkomplexet.<\/li>\n<\/ul>\n<h2>Program f\u00f6r flygresa till Kairo \u2013 Giza<\/h2>\n<ul>\n<li><a href=\"https:\/\/landioustravel.com\/sv\/om-landious\/\">Landious Travel<\/a>-representant h\u00e4mtar dig fr\u00e5n ditt hotell i Hurghada p\u00e5 ett luftkonditionerat fordon cirka kl. 05.00.<\/li>\n<li>Efter att ha plockat upp alla som kommer, g\u00e5r bussen till den internationella flygplatsen i Hurghada. Det tar cirka 30 minuter att ta sig till flygplatsen.<\/li>\n<\/ul>\n<h3>Program i Kairo<\/h3>\n<ul>\n<li>S\u00e5 fort du anl\u00e4nder till Kairo visar vi dig Egyptiska museet. Detta museum har cirka 100 utst\u00e4llningshallar i detta museum. Det finns en unik samling som best\u00e5r av cirka 150 tusen f\u00f6rem\u00e5l i dessa hallar. Din guide kommer att ha en uppgift att visa alla de viktigaste utst\u00e4llningarna i detta stora museum. Dessutom kommer han att ge dig ledig tid att ta bilder.<\/li>\n<li>Efter bes\u00f6ket p\u00e5 Egyptiska museet b\u00f6rjar du b\u00e5tpicknicken p\u00e5 <a href=\"https:\/\/landioustravel.com\/sv\/egypten\/nilen\/\">Nilen<\/a>. Denna Nile-resa \u00e4r ett extra program, och du kan boka det i f\u00f6rv\u00e4g genom oss! S\u00e5 fort b\u00e5tpicknicken p\u00e5 Nilen \u00e4r slut, \u00e5ker du till en annan stad \u2013 Giza.<\/li>\n<\/ul>\n<h3>Program i Giza<\/h3>\n<ul>\n<li>Sj\u00e4lvklart forts\u00e4tter resan i Giza. Det f\u00f6rsta stoppet, p\u00e5 denna plats, kommer att vara i restaurangen. H\u00e4r erbjuds en \u00f6ppen buff\u00e9.<\/li>\n<li>Sedan kommer gruppen att forts\u00e4tta till <a href=\"https:\/\/landioustravel.com\/sv\/giza-pyramidkomplex\/\">Giza Pyramidkomplex<\/a>, d\u00e4r det finns s\u00e5 stora pyramider och Sfinxen. \u00c5terigen kommer din guide att visa dig dessa monument och ge dig ledig tid att ta en bild.<\/li>\n<\/ul>\n<h3>Avresa till Hurghada<\/h3>\n<ul>\n<li>Slutligen, efter ett s\u00e5 utm\u00e4rkt program i st\u00e4derna Kairo och Giza, \u00e5ker du till Kairos flygplats.<\/li>\n<li>Denna privata resa till Kairo fr\u00e5n <a href=\"https:\/\/www.google.com\/maps\/place\/Hurghada,+Red+Sea+Governorate\/@27.1922261,33.5015195,10z\/data=!3m1!4b1!4m5!3m4!1s0x145287b2cd3dbbb3:0x2db807f98bd3c360!8m2!3d27.2578957!4d33.8116067\" target=\"_blank\" rel=\"noopener\">Hurghada<\/a> med flyg slutar tillbaka cirka 23:00.<\/li>\n<\/ul>\n<h2>Vad inkluderar priset p\u00e5 Kairoresan Hurghada-planet?<\/h2>\n<ul>\n<li>Biljetter f\u00f6r att bes\u00f6ka tempel.<\/li>\n<li>Lunch.<\/li>\n<li>Guide.<\/li>\n<li>Transfer till Hurghadas flygplats.<\/li>\n<li>Fordon i Kairo.<\/li>\n<li>Transfer ocks\u00e5 fr\u00e5n Hurghadas flygplats tillbaka till ditt hotell.<\/li>\n<\/ul>\n<h2>Vad inneh\u00e5ller inte programmet f\u00f6r Kairo Tour Hurghada med flyg?<\/h2>\n<ul>\n<li>Ytterligare utflyktsprogram om de inte ing\u00e5r i ovanst\u00e5ende program.<\/li>\n<li>\u00c4ven drycker.<\/li>\n<\/ul>\n<h2>Vad ska du ha med dig p\u00e5 resan?<\/h2>\n<ul>\n<li>Frukostl\u00e5da.<\/li>\n<li>\u00c4ven pass.<\/li>\n<\/ul>\n<h2>Kairoresa med flyg Hurghada Bokningsdagar<\/h2>\n<ul>\n<li>S\u00f6ndagar kl. 05.00 \u2013 23.00.<\/li>\n<li>Torsdagar kl. 05.00 \u2013 23.00.<\/li>\n<li>\u00c4ven fredagar kl. 05.00\u201323.00.<\/li>\n<\/ul>\n","protected":false},"excerpt":{"rendered":"<p>Flyg fr\u00e5n Hurghada till Kairo med flyg, d\u00e4r du kan njuta av en sp\u00e4nnande resa till pyramiderna. Din guide m\u00f6ter dig framf\u00f6r ditt hotell i Hurghada med ett luftkonditionerat fordon och \u00f6verf\u00f6r dig till flygplatsen f\u00f6r att hinna med ditt flyg till Kairo.<\/p>\n<p>Vid ankomst till Kairo kommer du att h\u00e4lsas av egyptologen, som kommer att f\u00f6lja med dig under hela turn\u00e9n. Din tur b\u00f6rjar i Giza, d\u00e4r du kommer att bes\u00f6ka de ber\u00f6mda pyramiderna av Cheops, Chephren och Mykerinos och Sfinxen.<\/p>\n<p>Njut av lunch p\u00e5 en utm\u00e4rkt restaurang innan du forts\u00e4tter turen. Efter lunch p\u00e5 en lokal restaurang i Kairo g\u00e5r du till Egyptiska museet. H\u00e4r kan du se den unge faraon Tutankhamons skatter. P\u00e5 eftermiddagen kan du shoppa i Kairo om du vill. I slutet av dagen kommer du att k\u00f6ras till flygplatsen i Kairo f\u00f6r att hinna med flyget tillbaka till Hurghada. V\u00e4l d\u00e4r kommer du att \u00f6verf\u00f6ras tillbaka till ditt hotell.<\/p>\n<p>Resans pris inkluderar flygbiljetter, entr\u00e9biljetter och transfer.<\/p>\n","protected":false},"featured_media":99221,"comment_status":"open","ping_status":"closed","template":"","meta":{"_coblocks_attr":"","_coblocks_dimensions":"","_coblocks_responsive_height":"","_coblocks_accordion_ie_support":"","_uag_custom_page_level_css":"","jetpack_publicize_message":"","jetpack_publicize_feature_enabled":true,"jetpack_social_post_already_shared":true,"jetpack_social_options":{"image_generator_settings":{"template":"highway","default_image_id":0,"font":"","enabled":false},"version":2},"_wpas_customize_per_network":false},"product_brand":[],"product_cat":[18870,18869],"product_tag":[19008,18974,19015,19027,19030,18998,19001],"class_list":{"0":"post-39688","1":"product","2":"type-product","3":"status-publish","4":"has-post-thumbnail","6":"product_cat-historiska-utflykter-hurghada","7":"product_cat-hurghada-utflykter","8":"product_tag-hurghada-sv","9":"product_tag-kairo-sv","10":"product_tag-pyramider","11":"product_tag-sightseeing-sv","12":"product_tag-sphinx-sv","13":"product_tag-utflykt","14":"product_tag-utflykter-hurghada","15":"pa_age-barn","16":"pa_age-vuxen","18":"first","19":"instock","20":"sale","21":"taxable","22":"shipping-taxable","23":"purchasable","24":"product-type-variable"},"yoast_head":"<!-- This site is optimized with the Yoast SEO Premium plugin v27.5 (Yoast SEO v27.5) - https:\/\/yoast.com\/product\/yoast-seo-premium-wordpress\/ -->\n<title>Kairoresa Hurghada med flyg<\/title>\n<meta name=\"description\" content=\"Kairoresa Hurghada med flyg P\u00e5 flygresan till Kairo-Giza fr\u00e5n Hurghada f\u00e5r du se de tre stora pyramiderna i Giza och den stora sfinxen\" \/>\n<meta name=\"robots\" content=\"index, follow, max-snippet:-1, max-image-preview:large, max-video-preview:-1\" \/>\n<link rel=\"canonical\" href=\"https:\/\/landioustravel.com\/sv\/shop\/kairoresa-hurghada-flyg\/\" \/>\n<meta property=\"og:locale\" content=\"sv_SE\" \/>\n<meta property=\"og:type\" content=\"article\" \/>\n<meta property=\"og:title\" content=\"Kairoresa Hurghada med flyg\" \/>\n<meta property=\"og:description\" content=\"Landious Travel\" \/>\n<meta property=\"og:url\" content=\"https:\/\/landioustravel.com\/sv\/shop\/kairoresa-hurghada-flyg\/\" \/>\n<meta property=\"og:site_name\" content=\"Landious Travel\" \/>\n<meta property=\"article:publisher\" content=\"https:\/\/web.facebook.com\/landiousEgypt\" \/>\n<meta property=\"article:modified_time\" content=\"2025-11-10T17:14:10+00:00\" \/>\n<meta property=\"og:image\" content=\"https:\/\/i0.wp.com\/landioustravel.com\/wp-content\/uploads\/2021\/11\/Cairo-Trip-by-Plane-Hurghada.jpg?fit=1200%2C800&ssl=1\" \/>\n\t<meta property=\"og:image:width\" content=\"1200\" \/>\n\t<meta property=\"og:image:height\" content=\"800\" \/>\n\t<meta property=\"og:image:type\" content=\"image\/jpeg\" \/>\n<meta name=\"twitter:card\" content=\"summary_large_image\" \/>\n<meta name=\"twitter:site\" content=\"@LandiousTours\" \/>\n<meta name=\"twitter:label1\" content=\"Ber\u00e4knad l\u00e4stid\" \/>\n\t<meta name=\"twitter:data1\" content=\"2 minuter\" \/>\n<script type=\"application\/ld+json\" class=\"yoast-schema-graph\">{\"@context\":\"https:\\\/\\\/schema.org\",\"@graph\":[{\"@type\":\"WebPage\",\"@id\":\"https:\\\/\\\/landioustravel.com\\\/sv\\\/shop\\\/kairoresa-hurghada-flyg\\\/\",\"url\":\"https:\\\/\\\/landioustravel.com\\\/sv\\\/shop\\\/kairoresa-hurghada-flyg\\\/\",\"name\":\"Kairoresa Hurghada med flyg\",\"isPartOf\":{\"@id\":\"https:\\\/\\\/landioustravel.com\\\/sv\\\/#website\"},\"primaryImageOfPage\":{\"@id\":\"https:\\\/\\\/landioustravel.com\\\/sv\\\/shop\\\/kairoresa-hurghada-flyg\\\/#primaryimage\"},\"image\":{\"@id\":\"https:\\\/\\\/landioustravel.com\\\/sv\\\/shop\\\/kairoresa-hurghada-flyg\\\/#primaryimage\"},\"thumbnailUrl\":\"https:\\\/\\\/i0.wp.com\\\/landioustravel.com\\\/wp-content\\\/uploads\\\/2021\\\/11\\\/Cairo-Trip-by-Plane-Hurghada.jpg?fit=1200%2C800&ssl=1\",\"datePublished\":\"2021-11-08T17:12:12+00:00\",\"dateModified\":\"2025-11-10T17:14:10+00:00\",\"description\":\"Kairoresa Hurghada med flyg P\u00e5 flygresan till Kairo-Giza fr\u00e5n Hurghada f\u00e5r du se de tre stora pyramiderna i Giza och den stora sfinxen\",\"breadcrumb\":{\"@id\":\"https:\\\/\\\/landioustravel.com\\\/sv\\\/shop\\\/kairoresa-hurghada-flyg\\\/#breadcrumb\"},\"inLanguage\":\"sv-SE\",\"potentialAction\":[{\"@type\":\"ReadAction\",\"target\":[\"https:\\\/\\\/landioustravel.com\\\/sv\\\/shop\\\/kairoresa-hurghada-flyg\\\/\"]}]},{\"@type\":\"ImageObject\",\"inLanguage\":\"sv-SE\",\"@id\":\"https:\\\/\\\/landioustravel.com\\\/sv\\\/shop\\\/kairoresa-hurghada-flyg\\\/#primaryimage\",\"url\":\"https:\\\/\\\/i0.wp.com\\\/landioustravel.com\\\/wp-content\\\/uploads\\\/2021\\\/11\\\/Cairo-Trip-by-Plane-Hurghada.jpg?fit=1200%2C800&ssl=1\",\"contentUrl\":\"https:\\\/\\\/i0.wp.com\\\/landioustravel.com\\\/wp-content\\\/uploads\\\/2021\\\/11\\\/Cairo-Trip-by-Plane-Hurghada.jpg?fit=1200%2C800&ssl=1\",\"width\":1200,\"height\":800,\"caption\":\"Cairo Trip by Plane Hurghada\"},{\"@type\":\"BreadcrumbList\",\"@id\":\"https:\\\/\\\/landioustravel.com\\\/sv\\\/shop\\\/kairoresa-hurghada-flyg\\\/#breadcrumb\",\"itemListElement\":[{\"@type\":\"ListItem\",\"position\":1,\"name\":\"Home\",\"item\":\"https:\\\/\\\/landioustravel.com\\\/sv\\\/\"},{\"@type\":\"ListItem\",\"position\":2,\"name\":\"Tj\u00e4nster &#038; turer\",\"item\":\"https:\\\/\\\/landioustravel.com\\\/sv\\\/\"},{\"@type\":\"ListItem\",\"position\":3,\"name\":\"Kairoresa Hurghada med flyg\"}]},{\"@type\":\"WebSite\",\"@id\":\"https:\\\/\\\/landioustravel.com\\\/sv\\\/#website\",\"url\":\"https:\\\/\\\/landioustravel.com\\\/sv\\\/\",\"name\":\"Landious Travel\",\"description\":\"Excursions, trips and cruises in Egypt\",\"publisher\":{\"@id\":\"https:\\\/\\\/landioustravel.com\\\/sv\\\/#organization\"},\"potentialAction\":[{\"@type\":\"SearchAction\",\"target\":{\"@type\":\"EntryPoint\",\"urlTemplate\":\"https:\\\/\\\/landioustravel.com\\\/sv\\\/?s={search_term_string}\"},\"query-input\":{\"@type\":\"PropertyValueSpecification\",\"valueRequired\":true,\"valueName\":\"search_term_string\"}}],\"inLanguage\":\"sv-SE\"},{\"@type\":[\"Organization\",\"Place\"],\"@id\":\"https:\\\/\\\/landioustravel.com\\\/sv\\\/#organization\",\"name\":\"Landious Travel\",\"alternateName\":\"Landious Travel\",\"url\":\"https:\\\/\\\/landioustravel.com\\\/sv\\\/\",\"logo\":{\"@id\":\"https:\\\/\\\/landioustravel.com\\\/sv\\\/shop\\\/kairoresa-hurghada-flyg\\\/#local-main-organization-logo\"},\"image\":{\"@id\":\"https:\\\/\\\/landioustravel.com\\\/sv\\\/shop\\\/kairoresa-hurghada-flyg\\\/#local-main-organization-logo\"},\"sameAs\":[\"https:\\\/\\\/web.facebook.com\\\/landiousEgypt\",\"https:\\\/\\\/x.com\\\/LandiousTours\",\"https:\\\/\\\/mastodon.social\\\/@landious\"],\"legalName\":\"Landious Travel\",\"telephone\":[],\"openingHoursSpecification\":[{\"@type\":\"OpeningHoursSpecification\",\"dayOfWeek\":[\"Monday\",\"Tuesday\",\"Wednesday\",\"Thursday\",\"Friday\",\"Saturday\",\"Sunday\"],\"opens\":\"09:00\",\"closes\":\"17:00\"}]},{\"@type\":\"ImageObject\",\"inLanguage\":\"sv-SE\",\"@id\":\"https:\\\/\\\/landioustravel.com\\\/sv\\\/shop\\\/kairoresa-hurghada-flyg\\\/#local-main-organization-logo\",\"url\":\"https:\\\/\\\/i0.wp.com\\\/landioustravel.com\\\/wp-content\\\/uploads\\\/2021\\\/06\\\/Landious-T.png?fit=500%2C500&ssl=1\",\"contentUrl\":\"https:\\\/\\\/i0.wp.com\\\/landioustravel.com\\\/wp-content\\\/uploads\\\/2021\\\/06\\\/Landious-T.png?fit=500%2C500&ssl=1\",\"width\":500,\"height\":500,\"caption\":\"Landious Travel\"}]}<\/script>\n<!-- \/ Yoast SEO Premium plugin. -->","yoast_head_json":{"title":"Kairoresa Hurghada med flyg","description":"Kairoresa Hurghada med flyg P\u00e5 flygresan till Kairo-Giza fr\u00e5n Hurghada f\u00e5r du se de tre stora pyramiderna i Giza och den stora sfinxen","robots":{"index":"index","follow":"follow","max-snippet":"max-snippet:-1","max-image-preview":"max-image-preview:large","max-video-preview":"max-video-preview:-1"},"canonical":"https:\/\/landioustravel.com\/sv\/shop\/kairoresa-hurghada-flyg\/","og_locale":"sv_SE","og_type":"article","og_title":"Kairoresa Hurghada med flyg","og_description":"Landious Travel","og_url":"https:\/\/landioustravel.com\/sv\/shop\/kairoresa-hurghada-flyg\/","og_site_name":"Landious Travel","article_publisher":"https:\/\/web.facebook.com\/landiousEgypt","article_modified_time":"2025-11-10T17:14:10+00:00","og_image":[{"width":1200,"height":800,"url":"https:\/\/i0.wp.com\/landioustravel.com\/wp-content\/uploads\/2021\/11\/Cairo-Trip-by-Plane-Hurghada.jpg?fit=1200%2C800&ssl=1","type":"image\/jpeg"}],"twitter_card":"summary_large_image","twitter_site":"@LandiousTours","twitter_misc":{"Ber\u00e4knad l\u00e4stid":"2 minuter"},"schema":{"@context":"https:\/\/schema.org","@graph":[{"@type":"WebPage","@id":"https:\/\/landioustravel.com\/sv\/shop\/kairoresa-hurghada-flyg\/","url":"https:\/\/landioustravel.com\/sv\/shop\/kairoresa-hurghada-flyg\/","name":"Kairoresa Hurghada med flyg","isPartOf":{"@id":"https:\/\/landioustravel.com\/sv\/#website"},"primaryImageOfPage":{"@id":"https:\/\/landioustravel.com\/sv\/shop\/kairoresa-hurghada-flyg\/#primaryimage"},"image":{"@id":"https:\/\/landioustravel.com\/sv\/shop\/kairoresa-hurghada-flyg\/#primaryimage"},"thumbnailUrl":"https:\/\/i0.wp.com\/landioustravel.com\/wp-content\/uploads\/2021\/11\/Cairo-Trip-by-Plane-Hurghada.jpg?fit=1200%2C800&ssl=1","datePublished":"2021-11-08T17:12:12+00:00","dateModified":"2025-11-10T17:14:10+00:00","description":"Kairoresa Hurghada med flyg P\u00e5 flygresan till Kairo-Giza fr\u00e5n Hurghada f\u00e5r du se de tre stora pyramiderna i Giza och den stora sfinxen","breadcrumb":{"@id":"https:\/\/landioustravel.com\/sv\/shop\/kairoresa-hurghada-flyg\/#breadcrumb"},"inLanguage":"sv-SE","potentialAction":[{"@type":"ReadAction","target":["https:\/\/landioustravel.com\/sv\/shop\/kairoresa-hurghada-flyg\/"]}]},{"@type":"ImageObject","inLanguage":"sv-SE","@id":"https:\/\/landioustravel.com\/sv\/shop\/kairoresa-hurghada-flyg\/#primaryimage","url":"https:\/\/i0.wp.com\/landioustravel.com\/wp-content\/uploads\/2021\/11\/Cairo-Trip-by-Plane-Hurghada.jpg?fit=1200%2C800&ssl=1","contentUrl":"https:\/\/i0.wp.com\/landioustravel.com\/wp-content\/uploads\/2021\/11\/Cairo-Trip-by-Plane-Hurghada.jpg?fit=1200%2C800&ssl=1","width":1200,"height":800,"caption":"Cairo Trip by Plane Hurghada"},{"@type":"BreadcrumbList","@id":"https:\/\/landioustravel.com\/sv\/shop\/kairoresa-hurghada-flyg\/#breadcrumb","itemListElement":[{"@type":"ListItem","position":1,"name":"Home","item":"https:\/\/landioustravel.com\/sv\/"},{"@type":"ListItem","position":2,"name":"Tj\u00e4nster &#038; turer","item":"https:\/\/landioustravel.com\/sv\/"},{"@type":"ListItem","position":3,"name":"Kairoresa Hurghada med flyg"}]},{"@type":"WebSite","@id":"https:\/\/landioustravel.com\/sv\/#website","url":"https:\/\/landioustravel.com\/sv\/","name":"Landious Travel","description":"Excursions, trips and cruises in Egypt","publisher":{"@id":"https:\/\/landioustravel.com\/sv\/#organization"},"potentialAction":[{"@type":"SearchAction","target":{"@type":"EntryPoint","urlTemplate":"https:\/\/landioustravel.com\/sv\/?s={search_term_string}"},"query-input":{"@type":"PropertyValueSpecification","valueRequired":true,"valueName":"search_term_string"}}],"inLanguage":"sv-SE"},{"@type":["Organization","Place"],"@id":"https:\/\/landioustravel.com\/sv\/#organization","name":"Landious Travel","alternateName":"Landious Travel","url":"https:\/\/landioustravel.com\/sv\/","logo":{"@id":"https:\/\/landioustravel.com\/sv\/shop\/kairoresa-hurghada-flyg\/#local-main-organization-logo"},"image":{"@id":"https:\/\/landioustravel.com\/sv\/shop\/kairoresa-hurghada-flyg\/#local-main-organization-logo"},"sameAs":["https:\/\/web.facebook.com\/landiousEgypt","https:\/\/x.com\/LandiousTours","https:\/\/mastodon.social\/@landious"],"legalName":"Landious Travel","telephone":[],"openingHoursSpecification":[{"@type":"OpeningHoursSpecification","dayOfWeek":["Monday","Tuesday","Wednesday","Thursday","Friday","Saturday","Sunday"],"opens":"09:00","closes":"17:00"}]},{"@type":"ImageObject","inLanguage":"sv-SE","@id":"https:\/\/landioustravel.com\/sv\/shop\/kairoresa-hurghada-flyg\/#local-main-organization-logo","url":"https:\/\/i0.wp.com\/landioustravel.com\/wp-content\/uploads\/2021\/06\/Landious-T.png?fit=500%2C500&ssl=1","contentUrl":"https:\/\/i0.wp.com\/landioustravel.com\/wp-content\/uploads\/2021\/06\/Landious-T.png?fit=500%2C500&ssl=1","width":500,"height":500,"caption":"Landious Travel"}]}},"jetpack_publicize_connections":[],"uagb_featured_image_src":{"full":["https:\/\/i0.wp.com\/landioustravel.com\/wp-content\/uploads\/2021\/11\/Cairo-Trip-by-Plane-Hurghada.jpg?fit=1200%2C800&ssl=1",1200,800,false],"thumbnail":["https:\/\/i0.wp.com\/landioustravel.com\/wp-content\/uploads\/2021\/11\/Cairo-Trip-by-Plane-Hurghada.jpg?resize=150%2C150&ssl=1",150,150,true],"medium":["https:\/\/i0.wp.com\/landioustravel.com\/wp-content\/uploads\/2021\/11\/Cairo-Trip-by-Plane-Hurghada.jpg?fit=300%2C200&ssl=1",300,200,true],"medium_large":["https:\/\/i0.wp.com\/landioustravel.com\/wp-content\/uploads\/2021\/11\/Cairo-Trip-by-Plane-Hurghada.jpg?fit=768%2C512&ssl=1",768,512,true],"large":["https:\/\/i0.wp.com\/landioustravel.com\/wp-content\/uploads\/2021\/11\/Cairo-Trip-by-Plane-Hurghada.jpg?fit=980%2C654&ssl=1",980,654,true],"1536x1536":["https:\/\/i0.wp.com\/landioustravel.com\/wp-content\/uploads\/2021\/11\/Cairo-Trip-by-Plane-Hurghada.jpg?fit=1200%2C800&ssl=1",1200,800,true],"2048x2048":["https:\/\/i0.wp.com\/landioustravel.com\/wp-content\/uploads\/2021\/11\/Cairo-Trip-by-Plane-Hurghada.jpg?fit=1200%2C800&ssl=1",1200,800,true],"newspack-article-block-landscape-large":["https:\/\/i0.wp.com\/landioustravel.com\/wp-content\/uploads\/2021\/11\/Cairo-Trip-by-Plane-Hurghada.jpg?resize=1200%2C800&ssl=1",1200,800,true],"newspack-article-block-portrait-large":["https:\/\/i0.wp.com\/landioustravel.com\/wp-content\/uploads\/2021\/11\/Cairo-Trip-by-Plane-Hurghada.jpg?resize=900%2C800&ssl=1",900,800,true],"newspack-article-block-square-large":["https:\/\/i0.wp.com\/landioustravel.com\/wp-content\/uploads\/2021\/11\/Cairo-Trip-by-Plane-Hurghada.jpg?resize=1200%2C800&ssl=1",1200,800,true],"newspack-article-block-landscape-medium":["https:\/\/i0.wp.com\/landioustravel.com\/wp-content\/uploads\/2021\/11\/Cairo-Trip-by-Plane-Hurghada.jpg?resize=800%2C600&ssl=1",800,600,true],"newspack-article-block-portrait-medium":["https:\/\/i0.wp.com\/landioustravel.com\/wp-content\/uploads\/2021\/11\/Cairo-Trip-by-Plane-Hurghada.jpg?resize=600%2C800&ssl=1",600,800,true],"newspack-article-block-square-medium":["https:\/\/i0.wp.com\/landioustravel.com\/wp-content\/uploads\/2021\/11\/Cairo-Trip-by-Plane-Hurghada.jpg?resize=800%2C800&ssl=1",800,800,true],"newspack-article-block-landscape-intermediate":["https:\/\/i0.wp.com\/landioustravel.com\/wp-content\/uploads\/2021\/11\/Cairo-Trip-by-Plane-Hurghada.jpg?resize=600%2C450&ssl=1",600,450,true],"newspack-article-block-portrait-intermediate":["https:\/\/i0.wp.com\/landioustravel.com\/wp-content\/uploads\/2021\/11\/Cairo-Trip-by-Plane-Hurghada.jpg?resize=450%2C600&ssl=1",450,600,true],"newspack-article-block-square-intermediate":["https:\/\/i0.wp.com\/landioustravel.com\/wp-content\/uploads\/2021\/11\/Cairo-Trip-by-Plane-Hurghada.jpg?resize=600%2C600&ssl=1",600,600,true],"newspack-article-block-landscape-small":["https:\/\/i0.wp.com\/landioustravel.com\/wp-content\/uploads\/2021\/11\/Cairo-Trip-by-Plane-Hurghada.jpg?resize=400%2C300&ssl=1",400,300,true],"newspack-article-block-portrait-small":["https:\/\/i0.wp.com\/landioustravel.com\/wp-content\/uploads\/2021\/11\/Cairo-Trip-by-Plane-Hurghada.jpg?resize=300%2C400&ssl=1",300,400,true],"newspack-article-block-square-small":["https:\/\/i0.wp.com\/landioustravel.com\/wp-content\/uploads\/2021\/11\/Cairo-Trip-by-Plane-Hurghada.jpg?resize=400%2C400&ssl=1",400,400,true],"newspack-article-block-landscape-tiny":["https:\/\/i0.wp.com\/landioustravel.com\/wp-content\/uploads\/2021\/11\/Cairo-Trip-by-Plane-Hurghada.jpg?resize=200%2C150&ssl=1",200,150,true],"newspack-article-block-portrait-tiny":["https:\/\/i0.wp.com\/landioustravel.com\/wp-content\/uploads\/2021\/11\/Cairo-Trip-by-Plane-Hurghada.jpg?resize=150%2C200&ssl=1",150,200,true],"newspack-article-block-square-tiny":["https:\/\/i0.wp.com\/landioustravel.com\/wp-content\/uploads\/2021\/11\/Cairo-Trip-by-Plane-Hurghada.jpg?resize=200%2C200&ssl=1",200,200,true],"newspack-article-block-uncropped":["https:\/\/i0.wp.com\/landioustravel.com\/wp-content\/uploads\/2021\/11\/Cairo-Trip-by-Plane-Hurghada.jpg?fit=1200%2C800&ssl=1",1200,800,true],"woocommerce_thumbnail":["https:\/\/i0.wp.com\/landioustravel.com\/wp-content\/uploads\/2021\/11\/Cairo-Trip-by-Plane-Hurghada.jpg?resize=324%2C324&ssl=1",324,324,true],"woocommerce_single":["https:\/\/i0.wp.com\/landioustravel.com\/wp-content\/uploads\/2021\/11\/Cairo-Trip-by-Plane-Hurghada.jpg?fit=416%2C277&ssl=1",416,277,true],"woocommerce_gallery_thumbnail":["https:\/\/i0.wp.com\/landioustravel.com\/wp-content\/uploads\/2021\/11\/Cairo-Trip-by-Plane-Hurghada.jpg?resize=100%2C100&ssl=1",100,100,true]},"uagb_author_info":{"display_name":"Mofreh Landious","author_link":"https:\/\/landioustravel.com\/sv\/author\/"},"uagb_comment_info":1,"uagb_excerpt":"Flyg fr\u00e5n Hurghada till Kairo med flyg, d\u00e4r du kan njuta av en sp\u00e4nnande resa till pyramiderna. Din guide m\u00f6ter dig framf\u00f6r ditt hotell i Hurghada med ett luftkonditionerat fordon och \u00f6verf\u00f6r dig till flygplatsen f\u00f6r att hinna med ditt flyg till Kairo. Vid ankomst till Kairo kommer du att h\u00e4lsas av egyptologen, som kommer&hellip;","jetpack_sharing_enabled":true,"jetpack_likes_enabled":true,"amp_enabled":true,"_links":{"self":[{"href":"https:\/\/landioustravel.com\/sv\/wp-json\/wp\/v2\/product\/39688","targetHints":{"allow":["GET"]}}],"collection":[{"href":"https:\/\/landioustravel.com\/sv\/wp-json\/wp\/v2\/product"}],"about":[{"href":"https:\/\/landioustravel.com\/sv\/wp-json\/wp\/v2\/types\/product"}],"replies":[{"embeddable":true,"href":"https:\/\/landioustravel.com\/sv\/wp-json\/wp\/v2\/comments?post=39688"}],"wp:featuredmedia":[{"embeddable":true,"href":"https:\/\/landioustravel.com\/sv\/wp-json\/wp\/v2\/media\/99221"}],"wp:attachment":[{"href":"https:\/\/landioustravel.com\/sv\/wp-json\/wp\/v2\/media?parent=39688"}],"wp:term":[{"taxonomy":"product_brand","embeddable":true,"href":"https:\/\/landioustravel.com\/sv\/wp-json\/wp\/v2\/product_brand?post=39688"},{"taxonomy":"product_cat","embeddable":true,"href":"https:\/\/landioustravel.com\/sv\/wp-json\/wp\/v2\/product_cat?post=39688"},{"taxonomy":"product_tag","embeddable":true,"href":"https:\/\/landioustravel.com\/sv\/wp-json\/wp\/v2\/product_tag?post=39688"}],"curies":[{"name":"wp","href":"https:\/\/api.w.org\/{rel}","templated":true}]}}