{"id":39767,"date":"2021-03-14T03:57:18","date_gmt":"2021-12-03T14:03:04","guid":{"rendered":"https:\/\/landioustravel.com\/?post_type=product&#038;p=39767"},"modified":"2021-12-03T16:03:06","modified_gmt":"2021-12-03T14:03:06","slug":"semiubatstur-hurghada","status":"publish","type":"product","link":"https:\/\/landioustravel.com\/sv\/shop\/semiubatstur-hurghada\/","title":{"rendered":"Semiub\u00e5tstur Hurghada"},"content":{"rendered":"<p>ONLINEBOKNING HALVB\u00c5TSTUR HURGHADA OCH B\u00c4STA PRIS! Det \u00e4r en f\u00f6redragen sj\u00f6resa p\u00e5 en modern semi-ub\u00e5t i Hurghada, Egypten! Vi rekommenderar resan skyh\u00f6gt eftersom den vanligtvis till\u00e5ter turister i alla \u00e5ldrar att ha det bra p\u00e5 havet, ivrigt titta p\u00e5 korallrev och massor av fisk. Och \u00e4ven, denna utflykt g\u00f6r att du kan njuta av en havspicknick genom R\u00f6da havet hj\u00e4rtligt. Det kommer att bli glatt att se Giftun-\u00f6arna \u2013 en av R\u00f6da havets \u00f6ar! Utan tvekan kommer denna guidade tur att ge dig och din familj roliga och underh\u00e5llningsaktiviteter.<\/p>\n<h2>H\u00f6jdpunkter p\u00e5 Semiub\u00e5tstur Hurghada<\/h2>\n<ul>\n<li>Njut av en havspicknick \u00f6ver R\u00f6da havet.<\/li>\n<li>Se undervattensv\u00e4rlden ombord p\u00e5 semi-ub\u00e5ten.<\/li>\n<li>Snorkla i \u00f6ppet hav med masker och simf\u00f6tter.<\/li>\n<li>Se banvallarna i Hurghada (Marina Boulevard).<\/li>\n<li>Vad mer, ta dig till hamnen och know-how sj\u00f6m\u00e4n g\u00f6r yachter och b\u00e5tar.<\/li>\n<li>Sedan, inspektionen av den st\u00f6rsta mosk\u00e9n i Hurghada.<\/li>\n<li>Efter det, bes\u00f6k frukt- och fiskmarknaderna.<\/li>\n<li>I resan ing\u00e5r ett bes\u00f6k i den ortodoxa kyrkan.<\/li>\n<li>\u00c4ntligen shopping i oljefabriken och souvenirhallen.<\/li>\n<\/ul>\n<h2>Program f\u00f6r Semiub\u00e5tstur<\/h2>\n<ul>\n<li>I b\u00f6rjan kommer Landious Travel-representanten att h\u00e4mta dig fr\u00e5n ditt hotell cirka kl. 10.00.<\/li>\n<\/ul>\n<h3>Panoramautsikt \u00f6ver Hurghada<\/h3>\n<ul>\n<li>I b\u00f6rjan kommer du att g\u00f6ra en panorama\u00f6versikt \u00f6ver Hurghada. Det g\u00f6r att du kan njuta av ett fantastiskt panorama \u00f6ver R\u00f6da havet. F\u00f6ljaktligen kommer din guide att ge information om de olika omr\u00e5dena i Hurghada.<\/li>\n<\/ul>\n<h3>Saqqala-omr\u00e5det<\/h3>\n<ul>\n<li>Efter denna panoramautsikt \u00f6ver Hurghada kommer du att k\u00f6ra l\u00e4ngs den v\u00e4lbekanta Sheraton Street och se Gamla stan \u2013 Sakkala.<\/li>\n<li>D\u00e4refter, inom Sakkalas gr\u00e4nser, kommer du att bes\u00f6ka de gr\u00e4sbevuxna vallarna av Marina Boulevard. Denna attraktiva plats g\u00f6r det m\u00f6jligt f\u00f6r dig att noggrant inspektera massor av b\u00e5tar, lyxyachter och kaf\u00e9er.<\/li>\n<\/ul>\n<h3>Segling ombord p\u00e5 Semiub\u00e5t<\/h3>\n<ul>\n<li>I b\u00f6rjan av seglet kommer du att ha en havspicknick vid R\u00f6da havet.<\/li>\n<li>D\u00e4refter kommer du att kliva ner till bottenv\u00e5ningen av semi-ub\u00e5ten. D\u00e4r kan du sitta och titta p\u00e5 fisk och korallrev i cirka 45 minuter.<\/li>\n<li>Vidare kommer semi-ub\u00e5ten att stanna p\u00e5 \u00f6ppet hav. S\u00e5ledes kommer du att kunna simma i det \u00f6ppna havet i cirka 45 minuter.<\/li>\n<li>P\u00e5 v\u00e4g tillbaka till hamnen har du chansen att se korallrev och fisk ocks\u00e5.<\/li>\n<\/ul>\n<h3>Gamla stan rundtur<\/h3>\n<ul>\n<li>Efter\u00e5t g\u00e5r du till den n\u00e4rliggande fiskmarknaden. Det \u00e4r en lokal marknad d\u00e4r fiskare s\u00e4ljer fisk. P\u00e5 denna marknad kommer du att ha m\u00f6jlighet att m\u00f6ta de lokala fiskarna. Dessutom kommer du att titta p\u00e5 de m\u00e5nga fiskarna de s\u00e4ljer till publiken. Historiskt sett \u00e4r det en del av den \u00e4ldsta hamnen i Hurghada.<\/li>\n<li>D\u00e4refter forts\u00e4tter du vidare till El-Mina-mosk\u00e9n. Det \u00e4r den st\u00f6rsta mosk\u00e9n i Hurghada. El-Mina-mosk\u00e9n st\u00e5r framtr\u00e4dande med sina tv\u00e5 h\u00f6ga minareter.<\/li>\n<li>Slutligen kommer du att se den gamla hamnen. Det \u00e4r ett varv d\u00e4r arbetare bygger b\u00e5tar och yachter.<\/li>\n<\/ul>\n<h3>Lunch p\u00e5 en fiskrestaurang<\/h3>\n<ul>\n<li>N\u00e4r du har avslutat den h\u00e4r h\u00e4rliga rundturen i Gamla stan, g\u00e5r du till fiskrestaurangen. Naturligtvis kommer du att njuta av en uts\u00f6kt lunch och smaka den kokta fisken fr\u00e5n R\u00f6da havet.<\/li>\n<\/ul>\n<h3>Dahar-omr\u00e5det<\/h3>\n<ul>\n<li>S\u00e5 snart ditt bes\u00f6k i den gamla staden slutar, kommer du till det moderna omr\u00e5det Dahar.<\/li>\n<li>I Dahar kommer du att bes\u00f6ka den koptisk-ortodoxa kyrkan som heter Saint Mary-kyrkan d\u00e5. Det \u00e4r den mest framst\u00e5ende kyrkan i Hurghada, dit kristna g\u00e5r f\u00f6r b\u00f6ner. Mariakyrkan \u00e4r 100 \u00e5r gammal.<\/li>\n<\/ul>\n<h3>Handla<\/h3>\n<ul>\n<li>Innan slutet av denna fantastiska rundtur i Hurghada bes\u00f6ker du oljefabriken och souvenirhallen.<\/li>\n<\/ul>\n<h3>Hem Tillbaka<\/h3>\n<ul>\n<li>Slutligen kommer vi att eskortera dig tillbaka till dina hotell.<\/li>\n<li>Denna stadsrundtur vid Hurghada med ett ombord p\u00e5 semi-ub\u00e5tssegel slutar cirka 18:00.<\/li>\n<\/ul>\n<h2>Vad inkluderar priset f\u00f6r semi-ub\u00e5tsturen Hurghada?<\/h2>\n<ul>\n<li>Transfer till akvariet och tillbaka till hotellet.<\/li>\n<li>\u00c4ven entr\u00e9biljetter.<\/li>\n<\/ul>\n<h2>Vad inneh\u00e5ller inte programmet f\u00f6r semi-ub\u00e5tsutflykt Hurghada?<\/h2>\n<ul>\n<li>Video DVD.<\/li>\n<li>\u00c4ven foto-cd:n.<\/li>\n<\/ul>\n<h2>Vad ska du ta med dig p\u00e5 resan?<\/h2>\n<ul>\n<li>Solglas\u00f6gon.<\/li>\n<li>Toi<\/li>\n<\/ul>\n<h2>Bokningsdagar f\u00f6r Semi-Ub\u00e5t Sightseeing Tour Hurghada<\/h2>\n<ul>\n<li>Dagligen fr\u00e5n 14:00 \u2013 20:00.<\/li>\n<\/ul>\n","protected":false},"excerpt":{"rendered":"<p>En underbar sj\u00f6resa p\u00e5 en tv\u00e5d\u00e4cks semi-ub\u00e5t i Hurghada! Turen l\u00e5ter dig se R\u00f6da havets magnifika rev och f\u00e4rgglada fiskar ombord p\u00e5 en semi-ub\u00e5t. B\u00e5ten sj\u00e4lv flyter p\u00e5 vattenytan medan dess botten g\u00e5r under vattnet till ett djup av 4 meter. Du kan beundra R\u00f6da havet genom de stora, breda f\u00f6nstren.<\/p>\n<p>Du kan beundra R\u00f6da havet \u2013 det nedre d\u00e4cket \u00e4r utrustat med halvmeters panoramaf\u00f6nster f\u00f6r att observera undervattensv\u00e4rlden. I programmet ing\u00e5r undantagsl\u00f6st simning och snorkling med masker och simf\u00f6tter i \u00f6ppet hav.<\/p>\n","protected":false},"featured_media":53297,"comment_status":"open","ping_status":"closed","template":"","meta":{"_coblocks_attr":"","_coblocks_dimensions":"","_coblocks_responsive_height":"","_coblocks_accordion_ie_support":"","_uag_custom_page_level_css":"","jetpack_publicize_message":"","jetpack_publicize_feature_enabled":true,"jetpack_social_post_already_shared":true,"jetpack_social_options":{"image_generator_settings":{"template":"highway","default_image_id":0,"font":"","enabled":false},"version":2},"_wpas_customize_per_network":false},"product_brand":[],"product_cat":[18884,18875],"product_tag":[19022,19008,19023,18975,18998],"class_list":{"0":"post-39767","1":"product","2":"type-product","3":"status-publish","4":"has-post-thumbnail","6":"product_cat-individuella-utflykter-hurghada","7":"product_cat-stadsturer-hurghada","8":"product_tag-havet","9":"product_tag-hurghada-sv","10":"product_tag-sjoturer","11":"product_tag-stadsrundtur","12":"product_tag-utflykt","13":"pa_age-barn-1-4-ar","14":"pa_age-barn-5-11-ar","15":"pa_age-vuxen","17":"first","18":"instock","19":"sale","20":"taxable","21":"shipping-taxable","22":"purchasable","23":"product-type-variable"},"yoast_head":"<!-- This site is optimized with the Yoast SEO Premium plugin v27.5 (Yoast SEO v27.5) - https:\/\/yoast.com\/product\/yoast-seo-premium-wordpress\/ -->\n<title>Semiub\u00e5tstur Hurghada<\/title>\n<meta name=\"description\" content=\"Semiub\u00e5tstur Hurghada Turen l\u00e5ter dig se R\u00f6da havets magnifika rev och f\u00e4rgglada fiskar ombord p\u00e5 en semi-ub\u00e5t. B\u00e5ten sj\u00e4lv flyter p\u00e5\" \/>\n<meta name=\"robots\" content=\"index, follow, max-snippet:-1, max-image-preview:large, max-video-preview:-1\" \/>\n<link rel=\"canonical\" href=\"https:\/\/landioustravel.com\/sv\/shop\/semiubatstur-hurghada\/\" \/>\n<meta property=\"og:locale\" content=\"sv_SE\" \/>\n<meta property=\"og:type\" content=\"article\" \/>\n<meta property=\"og:title\" content=\"Semiub\u00e5tstur Hurghada\" \/>\n<meta property=\"og:description\" content=\"Landious Travel\" \/>\n<meta property=\"og:url\" content=\"https:\/\/landioustravel.com\/sv\/shop\/semiubatstur-hurghada\/\" \/>\n<meta property=\"og:site_name\" content=\"Landious Travel\" \/>\n<meta property=\"article:publisher\" content=\"https:\/\/web.facebook.com\/landiousEgypt\" \/>\n<meta property=\"article:modified_time\" content=\"2021-12-03T14:03:06+00:00\" \/>\n<meta property=\"og:image\" content=\"https:\/\/i0.wp.com\/landioustravel.com\/wp-content\/uploads\/2021\/03\/Semi-Submarine-Trip-Hurghada-e1623681169122.jpg?fit=1200%2C675&ssl=1\" \/>\n\t<meta property=\"og:image:width\" content=\"1200\" \/>\n\t<meta property=\"og:image:height\" content=\"675\" \/>\n\t<meta property=\"og:image:type\" content=\"image\/jpeg\" \/>\n<meta name=\"twitter:card\" content=\"summary_large_image\" \/>\n<meta name=\"twitter:site\" content=\"@LandiousTours\" \/>\n<meta name=\"twitter:label1\" content=\"Ber\u00e4knad l\u00e4stid\" \/>\n\t<meta name=\"twitter:data1\" content=\"3 minuter\" \/>\n<script type=\"application\/ld+json\" class=\"yoast-schema-graph\">{\"@context\":\"https:\\\/\\\/schema.org\",\"@graph\":[{\"@type\":\"WebPage\",\"@id\":\"https:\\\/\\\/landioustravel.com\\\/sv\\\/shop\\\/semiubatstur-hurghada\\\/\",\"url\":\"https:\\\/\\\/landioustravel.com\\\/sv\\\/shop\\\/semiubatstur-hurghada\\\/\",\"name\":\"Semiub\u00e5tstur Hurghada\",\"isPartOf\":{\"@id\":\"https:\\\/\\\/landioustravel.com\\\/sv\\\/#website\"},\"primaryImageOfPage\":{\"@id\":\"https:\\\/\\\/landioustravel.com\\\/sv\\\/shop\\\/semiubatstur-hurghada\\\/#primaryimage\"},\"image\":{\"@id\":\"https:\\\/\\\/landioustravel.com\\\/sv\\\/shop\\\/semiubatstur-hurghada\\\/#primaryimage\"},\"thumbnailUrl\":\"https:\\\/\\\/i0.wp.com\\\/landioustravel.com\\\/wp-content\\\/uploads\\\/2021\\\/03\\\/Semi-Submarine-Trip-Hurghada-e1623681169122.jpg?fit=1200%2C675&ssl=1\",\"datePublished\":\"2021-12-03T14:03:04+00:00\",\"dateModified\":\"2021-12-03T14:03:06+00:00\",\"description\":\"Semiub\u00e5tstur Hurghada Turen l\u00e5ter dig se R\u00f6da havets magnifika rev och f\u00e4rgglada fiskar ombord p\u00e5 en semi-ub\u00e5t. B\u00e5ten sj\u00e4lv flyter p\u00e5\",\"breadcrumb\":{\"@id\":\"https:\\\/\\\/landioustravel.com\\\/sv\\\/shop\\\/semiubatstur-hurghada\\\/#breadcrumb\"},\"inLanguage\":\"sv-SE\",\"potentialAction\":[{\"@type\":\"ReadAction\",\"target\":[\"https:\\\/\\\/landioustravel.com\\\/sv\\\/shop\\\/semiubatstur-hurghada\\\/\"]}]},{\"@type\":\"ImageObject\",\"inLanguage\":\"sv-SE\",\"@id\":\"https:\\\/\\\/landioustravel.com\\\/sv\\\/shop\\\/semiubatstur-hurghada\\\/#primaryimage\",\"url\":\"https:\\\/\\\/i0.wp.com\\\/landioustravel.com\\\/wp-content\\\/uploads\\\/2021\\\/03\\\/Semi-Submarine-Trip-Hurghada-e1623681169122.jpg?fit=1200%2C675&ssl=1\",\"contentUrl\":\"https:\\\/\\\/i0.wp.com\\\/landioustravel.com\\\/wp-content\\\/uploads\\\/2021\\\/03\\\/Semi-Submarine-Trip-Hurghada-e1623681169122.jpg?fit=1200%2C675&ssl=1\",\"width\":1200,\"height\":675,\"caption\":\"Semi Submarine Trip Hurghada\"},{\"@type\":\"BreadcrumbList\",\"@id\":\"https:\\\/\\\/landioustravel.com\\\/sv\\\/shop\\\/semiubatstur-hurghada\\\/#breadcrumb\",\"itemListElement\":[{\"@type\":\"ListItem\",\"position\":1,\"name\":\"Home\",\"item\":\"https:\\\/\\\/landioustravel.com\\\/sv\\\/\"},{\"@type\":\"ListItem\",\"position\":2,\"name\":\"Tj\u00e4nster &#038; turer\",\"item\":\"https:\\\/\\\/landioustravel.com\\\/sv\\\/\"},{\"@type\":\"ListItem\",\"position\":3,\"name\":\"Semiub\u00e5tstur Hurghada\"}]},{\"@type\":\"WebSite\",\"@id\":\"https:\\\/\\\/landioustravel.com\\\/sv\\\/#website\",\"url\":\"https:\\\/\\\/landioustravel.com\\\/sv\\\/\",\"name\":\"Landious Travel\",\"description\":\"Excursions, trips and cruises in Egypt\",\"publisher\":{\"@id\":\"https:\\\/\\\/landioustravel.com\\\/sv\\\/#organization\"},\"potentialAction\":[{\"@type\":\"SearchAction\",\"target\":{\"@type\":\"EntryPoint\",\"urlTemplate\":\"https:\\\/\\\/landioustravel.com\\\/sv\\\/?s={search_term_string}\"},\"query-input\":{\"@type\":\"PropertyValueSpecification\",\"valueRequired\":true,\"valueName\":\"search_term_string\"}}],\"inLanguage\":\"sv-SE\"},{\"@type\":[\"Organization\",\"Place\"],\"@id\":\"https:\\\/\\\/landioustravel.com\\\/sv\\\/#organization\",\"name\":\"Landious Travel\",\"alternateName\":\"Landious Travel\",\"url\":\"https:\\\/\\\/landioustravel.com\\\/sv\\\/\",\"logo\":{\"@id\":\"https:\\\/\\\/landioustravel.com\\\/sv\\\/shop\\\/semiubatstur-hurghada\\\/#local-main-organization-logo\"},\"image\":{\"@id\":\"https:\\\/\\\/landioustravel.com\\\/sv\\\/shop\\\/semiubatstur-hurghada\\\/#local-main-organization-logo\"},\"sameAs\":[\"https:\\\/\\\/web.facebook.com\\\/landiousEgypt\",\"https:\\\/\\\/x.com\\\/LandiousTours\",\"https:\\\/\\\/mastodon.social\\\/@landious\"],\"legalName\":\"Landious Travel\",\"telephone\":[],\"openingHoursSpecification\":[{\"@type\":\"OpeningHoursSpecification\",\"dayOfWeek\":[\"Monday\",\"Tuesday\",\"Wednesday\",\"Thursday\",\"Friday\",\"Saturday\",\"Sunday\"],\"opens\":\"09:00\",\"closes\":\"17:00\"}]},{\"@type\":\"ImageObject\",\"inLanguage\":\"sv-SE\",\"@id\":\"https:\\\/\\\/landioustravel.com\\\/sv\\\/shop\\\/semiubatstur-hurghada\\\/#local-main-organization-logo\",\"url\":\"https:\\\/\\\/i0.wp.com\\\/landioustravel.com\\\/wp-content\\\/uploads\\\/2021\\\/06\\\/Landious-T.png?fit=500%2C500&ssl=1\",\"contentUrl\":\"https:\\\/\\\/i0.wp.com\\\/landioustravel.com\\\/wp-content\\\/uploads\\\/2021\\\/06\\\/Landious-T.png?fit=500%2C500&ssl=1\",\"width\":500,\"height\":500,\"caption\":\"Landious Travel\"}]}<\/script>\n<!-- \/ Yoast SEO Premium plugin. -->","yoast_head_json":{"title":"Semiub\u00e5tstur Hurghada","description":"Semiub\u00e5tstur Hurghada Turen l\u00e5ter dig se R\u00f6da havets magnifika rev och f\u00e4rgglada fiskar ombord p\u00e5 en semi-ub\u00e5t. B\u00e5ten sj\u00e4lv flyter p\u00e5","robots":{"index":"index","follow":"follow","max-snippet":"max-snippet:-1","max-image-preview":"max-image-preview:large","max-video-preview":"max-video-preview:-1"},"canonical":"https:\/\/landioustravel.com\/sv\/shop\/semiubatstur-hurghada\/","og_locale":"sv_SE","og_type":"article","og_title":"Semiub\u00e5tstur Hurghada","og_description":"Landious Travel","og_url":"https:\/\/landioustravel.com\/sv\/shop\/semiubatstur-hurghada\/","og_site_name":"Landious Travel","article_publisher":"https:\/\/web.facebook.com\/landiousEgypt","article_modified_time":"2021-12-03T14:03:06+00:00","og_image":[{"width":1200,"height":675,"url":"https:\/\/i0.wp.com\/landioustravel.com\/wp-content\/uploads\/2021\/03\/Semi-Submarine-Trip-Hurghada-e1623681169122.jpg?fit=1200%2C675&ssl=1","type":"image\/jpeg"}],"twitter_card":"summary_large_image","twitter_site":"@LandiousTours","twitter_misc":{"Ber\u00e4knad l\u00e4stid":"3 minuter"},"schema":{"@context":"https:\/\/schema.org","@graph":[{"@type":"WebPage","@id":"https:\/\/landioustravel.com\/sv\/shop\/semiubatstur-hurghada\/","url":"https:\/\/landioustravel.com\/sv\/shop\/semiubatstur-hurghada\/","name":"Semiub\u00e5tstur Hurghada","isPartOf":{"@id":"https:\/\/landioustravel.com\/sv\/#website"},"primaryImageOfPage":{"@id":"https:\/\/landioustravel.com\/sv\/shop\/semiubatstur-hurghada\/#primaryimage"},"image":{"@id":"https:\/\/landioustravel.com\/sv\/shop\/semiubatstur-hurghada\/#primaryimage"},"thumbnailUrl":"https:\/\/i0.wp.com\/landioustravel.com\/wp-content\/uploads\/2021\/03\/Semi-Submarine-Trip-Hurghada-e1623681169122.jpg?fit=1200%2C675&ssl=1","datePublished":"2021-12-03T14:03:04+00:00","dateModified":"2021-12-03T14:03:06+00:00","description":"Semiub\u00e5tstur Hurghada Turen l\u00e5ter dig se R\u00f6da havets magnifika rev och f\u00e4rgglada fiskar ombord p\u00e5 en semi-ub\u00e5t. B\u00e5ten sj\u00e4lv flyter p\u00e5","breadcrumb":{"@id":"https:\/\/landioustravel.com\/sv\/shop\/semiubatstur-hurghada\/#breadcrumb"},"inLanguage":"sv-SE","potentialAction":[{"@type":"ReadAction","target":["https:\/\/landioustravel.com\/sv\/shop\/semiubatstur-hurghada\/"]}]},{"@type":"ImageObject","inLanguage":"sv-SE","@id":"https:\/\/landioustravel.com\/sv\/shop\/semiubatstur-hurghada\/#primaryimage","url":"https:\/\/i0.wp.com\/landioustravel.com\/wp-content\/uploads\/2021\/03\/Semi-Submarine-Trip-Hurghada-e1623681169122.jpg?fit=1200%2C675&ssl=1","contentUrl":"https:\/\/i0.wp.com\/landioustravel.com\/wp-content\/uploads\/2021\/03\/Semi-Submarine-Trip-Hurghada-e1623681169122.jpg?fit=1200%2C675&ssl=1","width":1200,"height":675,"caption":"Semi Submarine Trip Hurghada"},{"@type":"BreadcrumbList","@id":"https:\/\/landioustravel.com\/sv\/shop\/semiubatstur-hurghada\/#breadcrumb","itemListElement":[{"@type":"ListItem","position":1,"name":"Home","item":"https:\/\/landioustravel.com\/sv\/"},{"@type":"ListItem","position":2,"name":"Tj\u00e4nster &#038; turer","item":"https:\/\/landioustravel.com\/sv\/"},{"@type":"ListItem","position":3,"name":"Semiub\u00e5tstur Hurghada"}]},{"@type":"WebSite","@id":"https:\/\/landioustravel.com\/sv\/#website","url":"https:\/\/landioustravel.com\/sv\/","name":"Landious Travel","description":"Excursions, trips and cruises in Egypt","publisher":{"@id":"https:\/\/landioustravel.com\/sv\/#organization"},"potentialAction":[{"@type":"SearchAction","target":{"@type":"EntryPoint","urlTemplate":"https:\/\/landioustravel.com\/sv\/?s={search_term_string}"},"query-input":{"@type":"PropertyValueSpecification","valueRequired":true,"valueName":"search_term_string"}}],"inLanguage":"sv-SE"},{"@type":["Organization","Place"],"@id":"https:\/\/landioustravel.com\/sv\/#organization","name":"Landious Travel","alternateName":"Landious Travel","url":"https:\/\/landioustravel.com\/sv\/","logo":{"@id":"https:\/\/landioustravel.com\/sv\/shop\/semiubatstur-hurghada\/#local-main-organization-logo"},"image":{"@id":"https:\/\/landioustravel.com\/sv\/shop\/semiubatstur-hurghada\/#local-main-organization-logo"},"sameAs":["https:\/\/web.facebook.com\/landiousEgypt","https:\/\/x.com\/LandiousTours","https:\/\/mastodon.social\/@landious"],"legalName":"Landious Travel","telephone":[],"openingHoursSpecification":[{"@type":"OpeningHoursSpecification","dayOfWeek":["Monday","Tuesday","Wednesday","Thursday","Friday","Saturday","Sunday"],"opens":"09:00","closes":"17:00"}]},{"@type":"ImageObject","inLanguage":"sv-SE","@id":"https:\/\/landioustravel.com\/sv\/shop\/semiubatstur-hurghada\/#local-main-organization-logo","url":"https:\/\/i0.wp.com\/landioustravel.com\/wp-content\/uploads\/2021\/06\/Landious-T.png?fit=500%2C500&ssl=1","contentUrl":"https:\/\/i0.wp.com\/landioustravel.com\/wp-content\/uploads\/2021\/06\/Landious-T.png?fit=500%2C500&ssl=1","width":500,"height":500,"caption":"Landious Travel"}]}},"jetpack_publicize_connections":[],"uagb_featured_image_src":{"full":["https:\/\/i0.wp.com\/landioustravel.com\/wp-content\/uploads\/2021\/03\/Semi-Submarine-Trip-Hurghada-e1623681169122.jpg?fit=1200%2C675&ssl=1",1200,675,false],"thumbnail":["https:\/\/i0.wp.com\/landioustravel.com\/wp-content\/uploads\/2021\/03\/Semi-Submarine-Trip-Hurghada-e1623681169122.jpg?resize=150%2C150&ssl=1",150,150,true],"medium":["https:\/\/i0.wp.com\/landioustravel.com\/wp-content\/uploads\/2021\/03\/Semi-Submarine-Trip-Hurghada-e1623681169122.jpg?fit=300%2C169&ssl=1",300,169,true],"medium_large":["https:\/\/i0.wp.com\/landioustravel.com\/wp-content\/uploads\/2021\/03\/Semi-Submarine-Trip-Hurghada-e1623681169122.jpg?fit=768%2C432&ssl=1",768,432,true],"large":["https:\/\/i0.wp.com\/landioustravel.com\/wp-content\/uploads\/2021\/03\/Semi-Submarine-Trip-Hurghada-e1623681169122.jpg?fit=980%2C551&ssl=1",980,551,true],"1536x1536":["https:\/\/i0.wp.com\/landioustravel.com\/wp-content\/uploads\/2021\/03\/Semi-Submarine-Trip-Hurghada-e1623681169122.jpg?fit=1200%2C675&ssl=1",1200,675,true],"2048x2048":["https:\/\/i0.wp.com\/landioustravel.com\/wp-content\/uploads\/2021\/03\/Semi-Submarine-Trip-Hurghada-e1623681169122.jpg?fit=1200%2C675&ssl=1",1200,675,true],"newspack-article-block-landscape-large":["https:\/\/i0.wp.com\/landioustravel.com\/wp-content\/uploads\/2021\/03\/Semi-Submarine-Trip-Hurghada-e1623681169122.jpg?resize=1200%2C675&ssl=1",1200,675,true],"newspack-article-block-portrait-large":["https:\/\/i0.wp.com\/landioustravel.com\/wp-content\/uploads\/2021\/03\/Semi-Submarine-Trip-Hurghada-e1623681169122.jpg?resize=900%2C675&ssl=1",900,675,true],"newspack-article-block-square-large":["https:\/\/i0.wp.com\/landioustravel.com\/wp-content\/uploads\/2021\/03\/Semi-Submarine-Trip-Hurghada-e1623681169122.jpg?resize=1200%2C675&ssl=1",1200,675,true],"newspack-article-block-landscape-medium":["https:\/\/i0.wp.com\/landioustravel.com\/wp-content\/uploads\/2021\/03\/Semi-Submarine-Trip-Hurghada-e1623681169122.jpg?resize=800%2C600&ssl=1",800,600,true],"newspack-article-block-portrait-medium":["https:\/\/i0.wp.com\/landioustravel.com\/wp-content\/uploads\/2021\/03\/Semi-Submarine-Trip-Hurghada-e1623681169122.jpg?resize=600%2C675&ssl=1",600,675,true],"newspack-article-block-square-medium":["https:\/\/i0.wp.com\/landioustravel.com\/wp-content\/uploads\/2021\/03\/Semi-Submarine-Trip-Hurghada-e1623681169122.jpg?resize=800%2C675&ssl=1",800,675,true],"newspack-article-block-landscape-intermediate":["https:\/\/i0.wp.com\/landioustravel.com\/wp-content\/uploads\/2021\/03\/Semi-Submarine-Trip-Hurghada-e1623681169122.jpg?resize=600%2C450&ssl=1",600,450,true],"newspack-article-block-portrait-intermediate":["https:\/\/i0.wp.com\/landioustravel.com\/wp-content\/uploads\/2021\/03\/Semi-Submarine-Trip-Hurghada-e1623681169122.jpg?resize=450%2C600&ssl=1",450,600,true],"newspack-article-block-square-intermediate":["https:\/\/i0.wp.com\/landioustravel.com\/wp-content\/uploads\/2021\/03\/Semi-Submarine-Trip-Hurghada-e1623681169122.jpg?resize=600%2C600&ssl=1",600,600,true],"newspack-article-block-landscape-small":["https:\/\/i0.wp.com\/landioustravel.com\/wp-content\/uploads\/2021\/03\/Semi-Submarine-Trip-Hurghada-e1623681169122.jpg?resize=400%2C300&ssl=1",400,300,true],"newspack-article-block-portrait-small":["https:\/\/i0.wp.com\/landioustravel.com\/wp-content\/uploads\/2021\/03\/Semi-Submarine-Trip-Hurghada-e1623681169122.jpg?resize=300%2C400&ssl=1",300,400,true],"newspack-article-block-square-small":["https:\/\/i0.wp.com\/landioustravel.com\/wp-content\/uploads\/2021\/03\/Semi-Submarine-Trip-Hurghada-e1623681169122.jpg?resize=400%2C400&ssl=1",400,400,true],"newspack-article-block-landscape-tiny":["https:\/\/i0.wp.com\/landioustravel.com\/wp-content\/uploads\/2021\/03\/Semi-Submarine-Trip-Hurghada-e1623681169122.jpg?resize=200%2C150&ssl=1",200,150,true],"newspack-article-block-portrait-tiny":["https:\/\/i0.wp.com\/landioustravel.com\/wp-content\/uploads\/2021\/03\/Semi-Submarine-Trip-Hurghada-e1623681169122.jpg?resize=150%2C200&ssl=1",150,200,true],"newspack-article-block-square-tiny":["https:\/\/i0.wp.com\/landioustravel.com\/wp-content\/uploads\/2021\/03\/Semi-Submarine-Trip-Hurghada-e1623681169122.jpg?resize=200%2C200&ssl=1",200,200,true],"newspack-article-block-uncropped":["https:\/\/i0.wp.com\/landioustravel.com\/wp-content\/uploads\/2021\/03\/Semi-Submarine-Trip-Hurghada-e1623681169122.jpg?fit=1200%2C675&ssl=1",1200,675,true],"woocommerce_thumbnail":["https:\/\/i0.wp.com\/landioustravel.com\/wp-content\/uploads\/2021\/03\/Semi-Submarine-Trip-Hurghada-e1623681169122.jpg?resize=324%2C324&ssl=1",324,324,true],"woocommerce_single":["https:\/\/i0.wp.com\/landioustravel.com\/wp-content\/uploads\/2021\/03\/Semi-Submarine-Trip-Hurghada-e1623681169122.jpg?fit=416%2C234&ssl=1",416,234,true],"woocommerce_gallery_thumbnail":["https:\/\/i0.wp.com\/landioustravel.com\/wp-content\/uploads\/2021\/03\/Semi-Submarine-Trip-Hurghada-e1623681169122.jpg?resize=100%2C100&ssl=1",100,100,true]},"uagb_author_info":{"display_name":"Mofreh Landious","author_link":"https:\/\/landioustravel.com\/sv\/author\/"},"uagb_comment_info":0,"uagb_excerpt":"En underbar sj\u00f6resa p\u00e5 en tv\u00e5d\u00e4cks semi-ub\u00e5t i Hurghada! Turen l\u00e5ter dig se R\u00f6da havets magnifika rev och f\u00e4rgglada fiskar ombord p\u00e5 en semi-ub\u00e5t. B\u00e5ten sj\u00e4lv flyter p\u00e5 vattenytan medan dess botten g\u00e5r under vattnet till ett djup av 4 meter. Du kan beundra R\u00f6da havet genom de stora, breda f\u00f6nstren. Du kan beundra R\u00f6da&hellip;","jetpack_sharing_enabled":true,"jetpack_likes_enabled":true,"amp_enabled":true,"_links":{"self":[{"href":"https:\/\/landioustravel.com\/sv\/wp-json\/wp\/v2\/product\/39767","targetHints":{"allow":["GET"]}}],"collection":[{"href":"https:\/\/landioustravel.com\/sv\/wp-json\/wp\/v2\/product"}],"about":[{"href":"https:\/\/landioustravel.com\/sv\/wp-json\/wp\/v2\/types\/product"}],"replies":[{"embeddable":true,"href":"https:\/\/landioustravel.com\/sv\/wp-json\/wp\/v2\/comments?post=39767"}],"wp:featuredmedia":[{"embeddable":true,"href":"https:\/\/landioustravel.com\/sv\/wp-json\/wp\/v2\/media\/53297"}],"wp:attachment":[{"href":"https:\/\/landioustravel.com\/sv\/wp-json\/wp\/v2\/media?parent=39767"}],"wp:term":[{"taxonomy":"product_brand","embeddable":true,"href":"https:\/\/landioustravel.com\/sv\/wp-json\/wp\/v2\/product_brand?post=39767"},{"taxonomy":"product_cat","embeddable":true,"href":"https:\/\/landioustravel.com\/sv\/wp-json\/wp\/v2\/product_cat?post=39767"},{"taxonomy":"product_tag","embeddable":true,"href":"https:\/\/landioustravel.com\/sv\/wp-json\/wp\/v2\/product_tag?post=39767"}],"curies":[{"name":"wp","href":"https:\/\/api.w.org\/{rel}","templated":true}]}}